{"id":7124,"date":"2025-08-20T19:10:55","date_gmt":"2025-08-21T00:10:55","guid":{"rendered":"https:\/\/iai.int\/?page_id=7124"},"modified":"2025-11-16T17:37:52","modified_gmt":"2025-11-16T22:37:52","slug":"otros-documentos","status":"publish","type":"page","link":"https:\/\/iai.int\/es\/archivo-institucional\/otros-documentos\/","title":{"rendered":"Otros documentos"},"content":{"rendered":"\n<p>El Plan Estrat\u00e9gico del IAI&nbsp;<a href=\"http:\/\/iai.int\/pdf\/es\/Strategicplan-sp.pdf\" target=\"_blank\" rel=\"noreferrer noopener\"><strong>Espa\u00f1ol<\/strong><\/a>&nbsp;&#8211;&nbsp;<a href=\"http:\/\/iai.int\/pdf\/en\/Strategicplan-en.pdf\" target=\"_blank\" rel=\"noreferrer noopener\"><strong>Ingl\u00e9s<\/strong><\/a><br>\u2192 M\u00e9tricas e indicadores del IAI Plan Estrat\u00e9gico del IAI&nbsp;<strong><a href=\"https:\/\/iai.int\/administrador\/assets\/images\/ckfinder\/files\/iai-cop-29-14e-_annex_es.pdf\" target=\"_blank\" rel=\"noreferrer noopener\">Espa\u00f1ol<\/a><\/strong>&nbsp;&#8211;&nbsp;<strong><a href=\"https:\/\/iai.int\/administrador\/assets\/images\/ckfinder\/files\/iai-cop-29-14e-en_annex.pdf\" target=\"_blank\" rel=\"noreferrer noopener\">Ingl\u00e9s<\/a><\/strong><\/p>\n\n\n\n<p>Resumen del Plan Estrat\u00e9gico del IAI 2024-2030:&nbsp;<strong><a href=\"https:\/\/iai.int\/administrador\/assets\/images\/ckfinder\/files\/Resumen%20del%20Plan%20Estrat%C3%A9gico%20del%20IAI%202024-2030.pdf\" target=\"_blank\" rel=\"noreferrer noopener\">Espa\u00f1ol<\/a><\/strong>&nbsp;&#8211;&nbsp;<a href=\"https:\/\/iai.int\/administrador\/assets\/images\/ckfinder\/files\/Summary%20of%20the%20IAI%20Strategic%20Plan%202024-2030.pdf\" target=\"_blank\" rel=\"noreferrer noopener\"><strong>Ingl\u00e9s<\/strong><\/a><\/p>\n\n\n\n<p>Resumen de la Evaluaci\u00f3n Regional del IAI 2024:&nbsp;<strong><a href=\"https:\/\/iai.int\/administrador\/assets\/images\/ckfinder\/files\/Resumen%20de%20la%20Evaluaci%C3%B3n%20Regional%20del%20IAI%202024.pdf\" target=\"_blank\" rel=\"noreferrer noopener\">Espa\u00f1ol<\/a><\/strong>&nbsp;&#8211;&nbsp;<strong><a href=\"https:\/\/iai.int\/administrador\/assets\/images\/ckfinder\/files\/Summary%20of%20the%20IAI%202024%20Regional%20Assessment.pdf\" target=\"_blank\" rel=\"noreferrer noopener\">Ingl\u00e9s<\/a><\/strong><\/p>\n\n\n\n<p>Informe del Comit\u00e9 de Evaluaci\u00f3n Externa sobre la Evaluaci\u00f3n del Instituto Interamericano para la Investigaci\u00f3n del Cambio Global (AAAS, 2007) <a href=\"http:\/\/iai.int\/pdf\/es\/aaas_IAIreport_0607.pdf\" target=\"_blank\" rel=\"noreferrer noopener\"><strong>Ingl\u00e9s<\/strong><\/a><\/p>\n\n\n\n<p>Proceso de Revisi\u00f3n de M\u00e9ritos del Instituto Interamericano para la Investigaci\u00f3n del Cambio Global (IAI)&nbsp;&nbsp;<a href=\"https:\/\/iai.int\/administrador\/assets\/images\/ckfinder\/files\/IAI-MeritReview_es.pdf\" target=\"_blank\" rel=\"noreferrer noopener\"><strong>Espa\u00f1ol<\/strong><\/a>&nbsp;&#8211;&nbsp;<a href=\"https:\/\/iai.int\/administrador\/assets\/images\/ckfinder\/files\/IAI-MeritReview_En.pdf\" target=\"_blank\" rel=\"noreferrer noopener\"><strong>Ingl\u00e9s<\/strong><\/a><\/p>\n\n\n\n<p><\/p>\n","protected":false},"excerpt":{"rendered":"<p>El Plan Estrat\u00e9gico del IAI&nbsp;Espa\u00f1ol&nbsp;&#8211;&nbsp;Ingl\u00e9s\u2192 M\u00e9tricas e indicadores del IAI Plan Estrat\u00e9gico del IAI&nbsp;Espa\u00f1ol&nbsp;&#8211;&nbsp;Ingl\u00e9s Resumen del Plan Estrat\u00e9gico del IAI 2024-2030:&nbsp;Espa\u00f1ol&nbsp;&#8211;&nbsp;Ingl\u00e9s Resumen de la Evaluaci\u00f3n Regional del IAI 2024:&nbsp;Espa\u00f1ol&nbsp;&#8211;&nbsp;Ingl\u00e9s Informe del Comit\u00e9 de Evaluaci\u00f3n Externa sobre la Evaluaci\u00f3n del Instituto Interamericano para la Investigaci\u00f3n del Cambio Global (AAAS, 2007) Ingl\u00e9s Proceso de Revisi\u00f3n de M\u00e9ritos [&hellip;]<\/p>\n","protected":false},"author":1,"featured_media":7045,"parent":366,"menu_order":0,"comment_status":"closed","ping_status":"closed","template":"","meta":{"_acf_changed":false,"_uag_custom_page_level_css":"","footnotes":""},"class_list":["post-7124","page","type-page","status-publish","has-post-thumbnail","hentry"],"acf":[],"yoast_head":"<!-- This site is optimized with the Yoast SEO plugin v27.3 - https:\/\/yoast.com\/product\/yoast-seo-wordpress\/ -->\n<title>Otros documentos - IAI - Inter-American Institute for Global Change Research<\/title>\n<meta name=\"robots\" content=\"index, follow, max-snippet:-1, max-image-preview:large, max-video-preview:-1\" \/>\n<link rel=\"canonical\" href=\"https:\/\/iai.int\/es\/archivo-institucional\/otros-documentos\/\" \/>\n<meta property=\"og:locale\" content=\"es_ES\" \/>\n<meta property=\"og:type\" content=\"article\" \/>\n<meta property=\"og:title\" content=\"Otros documentos - IAI - Inter-American Institute for Global Change Research\" \/>\n<meta property=\"og:description\" content=\"El Plan Estrat\u00e9gico del IAI&nbsp;Espa\u00f1ol&nbsp;&#8211;&nbsp;Ingl\u00e9s\u2192 M\u00e9tricas e indicadores del IAI Plan Estrat\u00e9gico del IAI&nbsp;Espa\u00f1ol&nbsp;&#8211;&nbsp;Ingl\u00e9s Resumen del Plan Estrat\u00e9gico del IAI 2024-2030:&nbsp;Espa\u00f1ol&nbsp;&#8211;&nbsp;Ingl\u00e9s Resumen de la Evaluaci\u00f3n Regional del IAI 2024:&nbsp;Espa\u00f1ol&nbsp;&#8211;&nbsp;Ingl\u00e9s Informe del Comit\u00e9 de Evaluaci\u00f3n Externa sobre la Evaluaci\u00f3n del Instituto Interamericano para la Investigaci\u00f3n del Cambio Global (AAAS, 2007) Ingl\u00e9s Proceso de Revisi\u00f3n de M\u00e9ritos [&hellip;]\" \/>\n<meta property=\"og:url\" content=\"https:\/\/iai.int\/es\/archivo-institucional\/otros-documentos\/\" \/>\n<meta property=\"og:site_name\" content=\"IAI - Inter-American Institute for Global Change Research\" \/>\n<meta property=\"article:modified_time\" content=\"2025-11-16T22:37:52+00:00\" \/>\n<meta property=\"og:image\" content=\"https:\/\/iai.int\/wp-content\/uploads\/2025\/08\/archivo_institucional.png\" \/>\n\t<meta property=\"og:image:width\" content=\"1600\" \/>\n\t<meta property=\"og:image:height\" content=\"498\" \/>\n\t<meta property=\"og:image:type\" content=\"image\/png\" \/>\n<meta name=\"twitter:card\" content=\"summary_large_image\" \/>\n<meta name=\"twitter:label1\" content=\"Tiempo de lectura\" \/>\n\t<meta name=\"twitter:data1\" content=\"1 minuto\" \/>\n<script type=\"application\/ld+json\" class=\"yoast-schema-graph\">{\"@context\":\"https:\\\/\\\/schema.org\",\"@graph\":[{\"@type\":\"WebPage\",\"@id\":\"https:\\\/\\\/iai.int\\\/es\\\/archivo-institucional\\\/otros-documentos\\\/\",\"url\":\"https:\\\/\\\/iai.int\\\/es\\\/archivo-institucional\\\/otros-documentos\\\/\",\"name\":\"Otros documentos - IAI - Inter-American Institute for Global Change Research\",\"isPartOf\":{\"@id\":\"https:\\\/\\\/iai.int\\\/es\\\/#website\"},\"primaryImageOfPage\":{\"@id\":\"https:\\\/\\\/iai.int\\\/es\\\/archivo-institucional\\\/otros-documentos\\\/#primaryimage\"},\"image\":{\"@id\":\"https:\\\/\\\/iai.int\\\/es\\\/archivo-institucional\\\/otros-documentos\\\/#primaryimage\"},\"thumbnailUrl\":\"https:\\\/\\\/iai.int\\\/wp-content\\\/uploads\\\/2025\\\/08\\\/archivo_institucional.png\",\"datePublished\":\"2025-08-21T00:10:55+00:00\",\"dateModified\":\"2025-11-16T22:37:52+00:00\",\"breadcrumb\":{\"@id\":\"https:\\\/\\\/iai.int\\\/es\\\/archivo-institucional\\\/otros-documentos\\\/#breadcrumb\"},\"inLanguage\":\"es\",\"potentialAction\":[{\"@type\":\"ReadAction\",\"target\":[\"https:\\\/\\\/iai.int\\\/es\\\/archivo-institucional\\\/otros-documentos\\\/\"]}]},{\"@type\":\"ImageObject\",\"inLanguage\":\"es\",\"@id\":\"https:\\\/\\\/iai.int\\\/es\\\/archivo-institucional\\\/otros-documentos\\\/#primaryimage\",\"url\":\"https:\\\/\\\/iai.int\\\/wp-content\\\/uploads\\\/2025\\\/08\\\/archivo_institucional.png\",\"contentUrl\":\"https:\\\/\\\/iai.int\\\/wp-content\\\/uploads\\\/2025\\\/08\\\/archivo_institucional.png\",\"width\":1600,\"height\":498,\"caption\":\"archivadores\"},{\"@type\":\"BreadcrumbList\",\"@id\":\"https:\\\/\\\/iai.int\\\/es\\\/archivo-institucional\\\/otros-documentos\\\/#breadcrumb\",\"itemListElement\":[{\"@type\":\"ListItem\",\"position\":1,\"name\":\"Portada\",\"item\":\"https:\\\/\\\/iai.int\\\/es\\\/\"},{\"@type\":\"ListItem\",\"position\":2,\"name\":\"Archivo institucional\",\"item\":\"https:\\\/\\\/iai.int\\\/es\\\/archivo-institucional\\\/\"},{\"@type\":\"ListItem\",\"position\":3,\"name\":\"Otros documentos\"}]},{\"@type\":\"WebSite\",\"@id\":\"https:\\\/\\\/iai.int\\\/es\\\/#website\",\"url\":\"https:\\\/\\\/iai.int\\\/es\\\/\",\"name\":\"IAI - Inter-American Institute for Global Change Research\",\"description\":\"\",\"publisher\":{\"@id\":\"https:\\\/\\\/iai.int\\\/es\\\/#organization\"},\"potentialAction\":[{\"@type\":\"SearchAction\",\"target\":{\"@type\":\"EntryPoint\",\"urlTemplate\":\"https:\\\/\\\/iai.int\\\/es\\\/?s={search_term_string}\"},\"query-input\":{\"@type\":\"PropertyValueSpecification\",\"valueRequired\":true,\"valueName\":\"search_term_string\"}}],\"inLanguage\":\"es\"},{\"@type\":\"Organization\",\"@id\":\"https:\\\/\\\/iai.int\\\/es\\\/#organization\",\"name\":\"IAI - Inter-American Institute for Global Change Research\",\"url\":\"https:\\\/\\\/iai.int\\\/es\\\/\",\"logo\":{\"@type\":\"ImageObject\",\"inLanguage\":\"es\",\"@id\":\"https:\\\/\\\/iai.int\\\/es\\\/#\\\/schema\\\/logo\\\/image\\\/\",\"url\":\"https:\\\/\\\/iai.int\\\/wp-content\\\/uploads\\\/2025\\\/11\\\/IAI-logo-English-scaled.png\",\"contentUrl\":\"https:\\\/\\\/iai.int\\\/wp-content\\\/uploads\\\/2025\\\/11\\\/IAI-logo-English-scaled.png\",\"width\":2560,\"height\":985,\"caption\":\"IAI - Inter-American Institute for Global Change Research\"},\"image\":{\"@id\":\"https:\\\/\\\/iai.int\\\/es\\\/#\\\/schema\\\/logo\\\/image\\\/\"}}]}<\/script>\n<!-- \/ Yoast SEO plugin. -->","yoast_head_json":{"title":"Otros documentos - IAI - Inter-American Institute for Global Change Research","robots":{"index":"index","follow":"follow","max-snippet":"max-snippet:-1","max-image-preview":"max-image-preview:large","max-video-preview":"max-video-preview:-1"},"canonical":"https:\/\/iai.int\/es\/archivo-institucional\/otros-documentos\/","og_locale":"es_ES","og_type":"article","og_title":"Otros documentos - IAI - Inter-American Institute for Global Change Research","og_description":"El Plan Estrat\u00e9gico del IAI&nbsp;Espa\u00f1ol&nbsp;&#8211;&nbsp;Ingl\u00e9s\u2192 M\u00e9tricas e indicadores del IAI Plan Estrat\u00e9gico del IAI&nbsp;Espa\u00f1ol&nbsp;&#8211;&nbsp;Ingl\u00e9s Resumen del Plan Estrat\u00e9gico del IAI 2024-2030:&nbsp;Espa\u00f1ol&nbsp;&#8211;&nbsp;Ingl\u00e9s Resumen de la Evaluaci\u00f3n Regional del IAI 2024:&nbsp;Espa\u00f1ol&nbsp;&#8211;&nbsp;Ingl\u00e9s Informe del Comit\u00e9 de Evaluaci\u00f3n Externa sobre la Evaluaci\u00f3n del Instituto Interamericano para la Investigaci\u00f3n del Cambio Global (AAAS, 2007) Ingl\u00e9s Proceso de Revisi\u00f3n de M\u00e9ritos [&hellip;]","og_url":"https:\/\/iai.int\/es\/archivo-institucional\/otros-documentos\/","og_site_name":"IAI - Inter-American Institute for Global Change Research","article_modified_time":"2025-11-16T22:37:52+00:00","og_image":[{"width":1600,"height":498,"url":"https:\/\/iai.int\/wp-content\/uploads\/2025\/08\/archivo_institucional.png","type":"image\/png"}],"twitter_card":"summary_large_image","twitter_misc":{"Tiempo de lectura":"1 minuto"},"schema":{"@context":"https:\/\/schema.org","@graph":[{"@type":"WebPage","@id":"https:\/\/iai.int\/es\/archivo-institucional\/otros-documentos\/","url":"https:\/\/iai.int\/es\/archivo-institucional\/otros-documentos\/","name":"Otros documentos - IAI - Inter-American Institute for Global Change Research","isPartOf":{"@id":"https:\/\/iai.int\/es\/#website"},"primaryImageOfPage":{"@id":"https:\/\/iai.int\/es\/archivo-institucional\/otros-documentos\/#primaryimage"},"image":{"@id":"https:\/\/iai.int\/es\/archivo-institucional\/otros-documentos\/#primaryimage"},"thumbnailUrl":"https:\/\/iai.int\/wp-content\/uploads\/2025\/08\/archivo_institucional.png","datePublished":"2025-08-21T00:10:55+00:00","dateModified":"2025-11-16T22:37:52+00:00","breadcrumb":{"@id":"https:\/\/iai.int\/es\/archivo-institucional\/otros-documentos\/#breadcrumb"},"inLanguage":"es","potentialAction":[{"@type":"ReadAction","target":["https:\/\/iai.int\/es\/archivo-institucional\/otros-documentos\/"]}]},{"@type":"ImageObject","inLanguage":"es","@id":"https:\/\/iai.int\/es\/archivo-institucional\/otros-documentos\/#primaryimage","url":"https:\/\/iai.int\/wp-content\/uploads\/2025\/08\/archivo_institucional.png","contentUrl":"https:\/\/iai.int\/wp-content\/uploads\/2025\/08\/archivo_institucional.png","width":1600,"height":498,"caption":"archivadores"},{"@type":"BreadcrumbList","@id":"https:\/\/iai.int\/es\/archivo-institucional\/otros-documentos\/#breadcrumb","itemListElement":[{"@type":"ListItem","position":1,"name":"Portada","item":"https:\/\/iai.int\/es\/"},{"@type":"ListItem","position":2,"name":"Archivo institucional","item":"https:\/\/iai.int\/es\/archivo-institucional\/"},{"@type":"ListItem","position":3,"name":"Otros documentos"}]},{"@type":"WebSite","@id":"https:\/\/iai.int\/es\/#website","url":"https:\/\/iai.int\/es\/","name":"IAI - Inter-American Institute for Global Change Research","description":"","publisher":{"@id":"https:\/\/iai.int\/es\/#organization"},"potentialAction":[{"@type":"SearchAction","target":{"@type":"EntryPoint","urlTemplate":"https:\/\/iai.int\/es\/?s={search_term_string}"},"query-input":{"@type":"PropertyValueSpecification","valueRequired":true,"valueName":"search_term_string"}}],"inLanguage":"es"},{"@type":"Organization","@id":"https:\/\/iai.int\/es\/#organization","name":"IAI - Inter-American Institute for Global Change Research","url":"https:\/\/iai.int\/es\/","logo":{"@type":"ImageObject","inLanguage":"es","@id":"https:\/\/iai.int\/es\/#\/schema\/logo\/image\/","url":"https:\/\/iai.int\/wp-content\/uploads\/2025\/11\/IAI-logo-English-scaled.png","contentUrl":"https:\/\/iai.int\/wp-content\/uploads\/2025\/11\/IAI-logo-English-scaled.png","width":2560,"height":985,"caption":"IAI - Inter-American Institute for Global Change Research"},"image":{"@id":"https:\/\/iai.int\/es\/#\/schema\/logo\/image\/"}}]}},"uagb_featured_image_src":{"full":["https:\/\/iai.int\/wp-content\/uploads\/2025\/08\/archivo_institucional.png",1600,498,false],"thumbnail":["https:\/\/iai.int\/wp-content\/uploads\/2025\/08\/archivo_institucional-150x150.png",150,150,true],"medium":["https:\/\/iai.int\/wp-content\/uploads\/2025\/08\/archivo_institucional-300x93.png",300,93,true],"medium_large":["https:\/\/iai.int\/wp-content\/uploads\/2025\/08\/archivo_institucional-768x239.png",768,239,true],"large":["https:\/\/iai.int\/wp-content\/uploads\/2025\/08\/archivo_institucional-1024x319.png",800,249,true],"1536x1536":["https:\/\/iai.int\/wp-content\/uploads\/2025\/08\/archivo_institucional-1536x478.png",1536,478,true],"2048x2048":["https:\/\/iai.int\/wp-content\/uploads\/2025\/08\/archivo_institucional.png",1600,498,false]},"uagb_author_info":{"display_name":"admin","author_link":"https:\/\/iai.int\/es\/author\/admin\/"},"uagb_comment_info":0,"uagb_excerpt":"El Plan Estrat\u00e9gico del IAI&nbsp;Espa\u00f1ol&nbsp;&#8211;&nbsp;Ingl\u00e9s\u2192 M\u00e9tricas e indicadores del IAI Plan Estrat\u00e9gico del IAI&nbsp;Espa\u00f1ol&nbsp;&#8211;&nbsp;Ingl\u00e9s Resumen del Plan Estrat\u00e9gico del IAI 2024-2030:&nbsp;Espa\u00f1ol&nbsp;&#8211;&nbsp;Ingl\u00e9s Resumen de la Evaluaci\u00f3n Regional del IAI 2024:&nbsp;Espa\u00f1ol&nbsp;&#8211;&nbsp;Ingl\u00e9s Informe del Comit\u00e9 de Evaluaci\u00f3n Externa sobre la Evaluaci\u00f3n del Instituto Interamericano para la Investigaci\u00f3n del Cambio Global (AAAS, 2007) Ingl\u00e9s Proceso de Revisi\u00f3n de M\u00e9ritos&hellip;","_links":{"self":[{"href":"https:\/\/iai.int\/es\/wp-json\/wp\/v2\/pages\/7124","targetHints":{"allow":["GET"]}}],"collection":[{"href":"https:\/\/iai.int\/es\/wp-json\/wp\/v2\/pages"}],"about":[{"href":"https:\/\/iai.int\/es\/wp-json\/wp\/v2\/types\/page"}],"author":[{"embeddable":true,"href":"https:\/\/iai.int\/es\/wp-json\/wp\/v2\/users\/1"}],"replies":[{"embeddable":true,"href":"https:\/\/iai.int\/es\/wp-json\/wp\/v2\/comments?post=7124"}],"version-history":[{"count":3,"href":"https:\/\/iai.int\/es\/wp-json\/wp\/v2\/pages\/7124\/revisions"}],"predecessor-version":[{"id":11555,"href":"https:\/\/iai.int\/es\/wp-json\/wp\/v2\/pages\/7124\/revisions\/11555"}],"up":[{"embeddable":true,"href":"https:\/\/iai.int\/es\/wp-json\/wp\/v2\/pages\/366"}],"wp:featuredmedia":[{"embeddable":true,"href":"https:\/\/iai.int\/es\/wp-json\/wp\/v2\/media\/7045"}],"wp:attachment":[{"href":"https:\/\/iai.int\/es\/wp-json\/wp\/v2\/media?parent=7124"}],"curies":[{"name":"wp","href":"https:\/\/api.w.org\/{rel}","templated":true}]}}