{"id":7118,"date":"2025-08-20T19:06:32","date_gmt":"2025-08-21T00:06:32","guid":{"rendered":"https:\/\/iai.int\/?page_id=7118"},"modified":"2025-10-21T00:03:28","modified_gmt":"2025-10-21T05:03:28","slug":"reglamentos-de-la-cop-el-ce-y-otras-normas","status":"publish","type":"page","link":"https:\/\/iai.int\/es\/archivo-institucional\/reglamentos-de-la-cop-el-ce-y-otras-normas\/","title":{"rendered":"Reglamentos de la CoP, el CE y otras normas"},"content":{"rendered":"\n<p>Reglamento de la Conferencia de las Partes del IAI (aprobado junio 2021) (<a href=\"https:\/\/iai.int\/administrador\/assets\/images\/ckfinder\/files\/CoP-Rules-Es.pdf\" target=\"_blank\" rel=\"noreferrer noopener\"><strong>espa\u00f1ol<\/strong><\/a>\u00a0&#8211;\u00a0<a href=\"https:\/\/iai.int\/administrador\/assets\/images\/ckfinder\/files\/CoP-Rules-En.pdf\" target=\"_blank\" rel=\"noreferrer noopener\"><strong>ingl\u00e9s<\/strong><\/a>)<\/p>\n\n\n\n<p>Reglamento del Consejo Ejecutivo del IAI (aprobado, junio 2021) (<strong><a href=\"https:\/\/iai.int\/administrador\/assets\/images\/ckfinder\/files\/iai-ec-rules-esp-2021(1).pdf\" target=\"_blank\" rel=\"noreferrer noopener\">espa\u00f1ol<\/a><\/strong>\u00a0&#8211;\u00a0<strong><a href=\"https:\/\/iai.int\/administrador\/assets\/images\/ckfinder\/files\/iai-ec-rules-eng-2021.pdf\" target=\"_blank\" rel=\"noreferrer noopener\">ingl\u00e9s<\/a><\/strong>)<\/p>\n\n\n\n<p>Procedimientos de suspensi\u00f3n y finalizaci\u00f3n de proyectos del IAI (<a href=\"http:\/\/iai.int\/pdf\/es\/IAI_suspension_and_termination_procedures_projects_2003_en.pdf\" target=\"_blank\" rel=\"noreferrer noopener\"><strong>ingl\u00e9s<\/strong><\/a>\u00a0&#8211;\u00a0<a href=\"http:\/\/iai.int\/pdf\/es\/IAI_suspension_and_termination_procedures_projects_2003_sp.pdf\" target=\"_blank\" rel=\"noreferrer noopener\"><strong>espa\u00f1ol<\/strong><\/a>)<\/p>\n\n\n\n<p>Normas del IAI sobre conflictos de intereses y est\u00e1ndares de conducta \u00e9tica (<a href=\"http:\/\/iai.int\/pdf\/en\/IAI-conflict-of-interest-2019-eng.pdf\" target=\"_blank\" rel=\"noreferrer noopener\"><strong>ingl\u00e9s<\/strong><\/a>\u00a0&#8211;\u00a0<a href=\"http:\/\/iai.int\/pdf\/es\/IAI-conflict-of-interest-2019-esp.pdf\" target=\"_blank\" rel=\"noreferrer noopener\"><strong>espa\u00f1ol<\/strong><\/a>)<\/p>\n","protected":false},"excerpt":{"rendered":"<p>Reglamento de la Conferencia de las Partes del IAI (aprobado junio 2021) (espa\u00f1ol\u00a0&#8211;\u00a0ingl\u00e9s) Reglamento del Consejo Ejecutivo del IAI (aprobado, junio 2021) (espa\u00f1ol\u00a0&#8211;\u00a0ingl\u00e9s) Procedimientos de suspensi\u00f3n y finalizaci\u00f3n de proyectos del IAI (ingl\u00e9s\u00a0&#8211;\u00a0espa\u00f1ol) Normas del IAI sobre conflictos de intereses y est\u00e1ndares de conducta \u00e9tica (ingl\u00e9s\u00a0&#8211;\u00a0espa\u00f1ol)<\/p>\n","protected":false},"author":1,"featured_media":8372,"parent":366,"menu_order":0,"comment_status":"closed","ping_status":"closed","template":"","meta":{"_acf_changed":false,"_uag_custom_page_level_css":"","footnotes":""},"class_list":["post-7118","page","type-page","status-publish","has-post-thumbnail","hentry"],"acf":[],"yoast_head":"<!-- This site is optimized with the Yoast SEO plugin v27.3 - https:\/\/yoast.com\/product\/yoast-seo-wordpress\/ -->\n<title>Reglamentos de la CoP, el CE y otras normas - IAI - Inter-American Institute for Global Change Research<\/title>\n<meta name=\"robots\" content=\"index, follow, max-snippet:-1, max-image-preview:large, max-video-preview:-1\" \/>\n<link rel=\"canonical\" href=\"https:\/\/iai.int\/es\/archivo-institucional\/reglamentos-de-la-cop-el-ce-y-otras-normas\/\" \/>\n<meta property=\"og:locale\" content=\"es_ES\" \/>\n<meta property=\"og:type\" content=\"article\" \/>\n<meta property=\"og:title\" content=\"Reglamentos de la CoP, el CE y otras normas - IAI - Inter-American Institute for Global Change Research\" \/>\n<meta property=\"og:description\" content=\"Reglamento de la Conferencia de las Partes del IAI (aprobado junio 2021) (espa\u00f1ol\u00a0&#8211;\u00a0ingl\u00e9s) Reglamento del Consejo Ejecutivo del IAI (aprobado, junio 2021) (espa\u00f1ol\u00a0&#8211;\u00a0ingl\u00e9s) Procedimientos de suspensi\u00f3n y finalizaci\u00f3n de proyectos del IAI (ingl\u00e9s\u00a0&#8211;\u00a0espa\u00f1ol) Normas del IAI sobre conflictos de intereses y est\u00e1ndares de conducta \u00e9tica (ingl\u00e9s\u00a0&#8211;\u00a0espa\u00f1ol)\" \/>\n<meta property=\"og:url\" content=\"https:\/\/iai.int\/es\/archivo-institucional\/reglamentos-de-la-cop-el-ce-y-otras-normas\/\" \/>\n<meta property=\"og:site_name\" content=\"IAI - Inter-American Institute for Global Change Research\" \/>\n<meta property=\"article:modified_time\" content=\"2025-10-21T05:03:28+00:00\" \/>\n<meta property=\"og:image\" content=\"https:\/\/iai.int\/wp-content\/uploads\/2025\/10\/BANNERS-NUEVA-WEB-2-3.png\" \/>\n\t<meta property=\"og:image:width\" content=\"1772\" \/>\n\t<meta property=\"og:image:height\" content=\"551\" \/>\n\t<meta property=\"og:image:type\" content=\"image\/png\" \/>\n<meta name=\"twitter:card\" content=\"summary_large_image\" \/>\n<script type=\"application\/ld+json\" class=\"yoast-schema-graph\">{\"@context\":\"https:\\\/\\\/schema.org\",\"@graph\":[{\"@type\":\"WebPage\",\"@id\":\"https:\\\/\\\/iai.int\\\/es\\\/archivo-institucional\\\/reglamentos-de-la-cop-el-ce-y-otras-normas\\\/\",\"url\":\"https:\\\/\\\/iai.int\\\/es\\\/archivo-institucional\\\/reglamentos-de-la-cop-el-ce-y-otras-normas\\\/\",\"name\":\"Reglamentos de la CoP, el CE y otras normas - IAI - Inter-American Institute for Global Change Research\",\"isPartOf\":{\"@id\":\"https:\\\/\\\/iai.int\\\/es\\\/#website\"},\"primaryImageOfPage\":{\"@id\":\"https:\\\/\\\/iai.int\\\/es\\\/archivo-institucional\\\/reglamentos-de-la-cop-el-ce-y-otras-normas\\\/#primaryimage\"},\"image\":{\"@id\":\"https:\\\/\\\/iai.int\\\/es\\\/archivo-institucional\\\/reglamentos-de-la-cop-el-ce-y-otras-normas\\\/#primaryimage\"},\"thumbnailUrl\":\"https:\\\/\\\/iai.int\\\/wp-content\\\/uploads\\\/2025\\\/10\\\/BANNERS-NUEVA-WEB-2-3.png\",\"datePublished\":\"2025-08-21T00:06:32+00:00\",\"dateModified\":\"2025-10-21T05:03:28+00:00\",\"breadcrumb\":{\"@id\":\"https:\\\/\\\/iai.int\\\/es\\\/archivo-institucional\\\/reglamentos-de-la-cop-el-ce-y-otras-normas\\\/#breadcrumb\"},\"inLanguage\":\"es\",\"potentialAction\":[{\"@type\":\"ReadAction\",\"target\":[\"https:\\\/\\\/iai.int\\\/es\\\/archivo-institucional\\\/reglamentos-de-la-cop-el-ce-y-otras-normas\\\/\"]}]},{\"@type\":\"ImageObject\",\"inLanguage\":\"es\",\"@id\":\"https:\\\/\\\/iai.int\\\/es\\\/archivo-institucional\\\/reglamentos-de-la-cop-el-ce-y-otras-normas\\\/#primaryimage\",\"url\":\"https:\\\/\\\/iai.int\\\/wp-content\\\/uploads\\\/2025\\\/10\\\/BANNERS-NUEVA-WEB-2-3.png\",\"contentUrl\":\"https:\\\/\\\/iai.int\\\/wp-content\\\/uploads\\\/2025\\\/10\\\/BANNERS-NUEVA-WEB-2-3.png\",\"width\":1772,\"height\":551},{\"@type\":\"BreadcrumbList\",\"@id\":\"https:\\\/\\\/iai.int\\\/es\\\/archivo-institucional\\\/reglamentos-de-la-cop-el-ce-y-otras-normas\\\/#breadcrumb\",\"itemListElement\":[{\"@type\":\"ListItem\",\"position\":1,\"name\":\"Portada\",\"item\":\"https:\\\/\\\/iai.int\\\/es\\\/\"},{\"@type\":\"ListItem\",\"position\":2,\"name\":\"Archivo institucional\",\"item\":\"https:\\\/\\\/iai.int\\\/es\\\/archivo-institucional\\\/\"},{\"@type\":\"ListItem\",\"position\":3,\"name\":\"Reglamentos de la CoP, el CE y otras normas\"}]},{\"@type\":\"WebSite\",\"@id\":\"https:\\\/\\\/iai.int\\\/es\\\/#website\",\"url\":\"https:\\\/\\\/iai.int\\\/es\\\/\",\"name\":\"IAI - Inter-American Institute for Global Change Research\",\"description\":\"\",\"publisher\":{\"@id\":\"https:\\\/\\\/iai.int\\\/es\\\/#organization\"},\"potentialAction\":[{\"@type\":\"SearchAction\",\"target\":{\"@type\":\"EntryPoint\",\"urlTemplate\":\"https:\\\/\\\/iai.int\\\/es\\\/?s={search_term_string}\"},\"query-input\":{\"@type\":\"PropertyValueSpecification\",\"valueRequired\":true,\"valueName\":\"search_term_string\"}}],\"inLanguage\":\"es\"},{\"@type\":\"Organization\",\"@id\":\"https:\\\/\\\/iai.int\\\/es\\\/#organization\",\"name\":\"IAI - Inter-American Institute for Global Change Research\",\"url\":\"https:\\\/\\\/iai.int\\\/es\\\/\",\"logo\":{\"@type\":\"ImageObject\",\"inLanguage\":\"es\",\"@id\":\"https:\\\/\\\/iai.int\\\/es\\\/#\\\/schema\\\/logo\\\/image\\\/\",\"url\":\"https:\\\/\\\/iai.int\\\/wp-content\\\/uploads\\\/2025\\\/11\\\/IAI-logo-English-scaled.png\",\"contentUrl\":\"https:\\\/\\\/iai.int\\\/wp-content\\\/uploads\\\/2025\\\/11\\\/IAI-logo-English-scaled.png\",\"width\":2560,\"height\":985,\"caption\":\"IAI - Inter-American Institute for Global Change Research\"},\"image\":{\"@id\":\"https:\\\/\\\/iai.int\\\/es\\\/#\\\/schema\\\/logo\\\/image\\\/\"}}]}<\/script>\n<!-- \/ Yoast SEO plugin. -->","yoast_head_json":{"title":"Reglamentos de la CoP, el CE y otras normas - IAI - Inter-American Institute for Global Change Research","robots":{"index":"index","follow":"follow","max-snippet":"max-snippet:-1","max-image-preview":"max-image-preview:large","max-video-preview":"max-video-preview:-1"},"canonical":"https:\/\/iai.int\/es\/archivo-institucional\/reglamentos-de-la-cop-el-ce-y-otras-normas\/","og_locale":"es_ES","og_type":"article","og_title":"Reglamentos de la CoP, el CE y otras normas - IAI - Inter-American Institute for Global Change Research","og_description":"Reglamento de la Conferencia de las Partes del IAI (aprobado junio 2021) (espa\u00f1ol\u00a0&#8211;\u00a0ingl\u00e9s) Reglamento del Consejo Ejecutivo del IAI (aprobado, junio 2021) (espa\u00f1ol\u00a0&#8211;\u00a0ingl\u00e9s) Procedimientos de suspensi\u00f3n y finalizaci\u00f3n de proyectos del IAI (ingl\u00e9s\u00a0&#8211;\u00a0espa\u00f1ol) Normas del IAI sobre conflictos de intereses y est\u00e1ndares de conducta \u00e9tica (ingl\u00e9s\u00a0&#8211;\u00a0espa\u00f1ol)","og_url":"https:\/\/iai.int\/es\/archivo-institucional\/reglamentos-de-la-cop-el-ce-y-otras-normas\/","og_site_name":"IAI - Inter-American Institute for Global Change Research","article_modified_time":"2025-10-21T05:03:28+00:00","og_image":[{"width":1772,"height":551,"url":"https:\/\/iai.int\/wp-content\/uploads\/2025\/10\/BANNERS-NUEVA-WEB-2-3.png","type":"image\/png"}],"twitter_card":"summary_large_image","schema":{"@context":"https:\/\/schema.org","@graph":[{"@type":"WebPage","@id":"https:\/\/iai.int\/es\/archivo-institucional\/reglamentos-de-la-cop-el-ce-y-otras-normas\/","url":"https:\/\/iai.int\/es\/archivo-institucional\/reglamentos-de-la-cop-el-ce-y-otras-normas\/","name":"Reglamentos de la CoP, el CE y otras normas - IAI - Inter-American Institute for Global Change Research","isPartOf":{"@id":"https:\/\/iai.int\/es\/#website"},"primaryImageOfPage":{"@id":"https:\/\/iai.int\/es\/archivo-institucional\/reglamentos-de-la-cop-el-ce-y-otras-normas\/#primaryimage"},"image":{"@id":"https:\/\/iai.int\/es\/archivo-institucional\/reglamentos-de-la-cop-el-ce-y-otras-normas\/#primaryimage"},"thumbnailUrl":"https:\/\/iai.int\/wp-content\/uploads\/2025\/10\/BANNERS-NUEVA-WEB-2-3.png","datePublished":"2025-08-21T00:06:32+00:00","dateModified":"2025-10-21T05:03:28+00:00","breadcrumb":{"@id":"https:\/\/iai.int\/es\/archivo-institucional\/reglamentos-de-la-cop-el-ce-y-otras-normas\/#breadcrumb"},"inLanguage":"es","potentialAction":[{"@type":"ReadAction","target":["https:\/\/iai.int\/es\/archivo-institucional\/reglamentos-de-la-cop-el-ce-y-otras-normas\/"]}]},{"@type":"ImageObject","inLanguage":"es","@id":"https:\/\/iai.int\/es\/archivo-institucional\/reglamentos-de-la-cop-el-ce-y-otras-normas\/#primaryimage","url":"https:\/\/iai.int\/wp-content\/uploads\/2025\/10\/BANNERS-NUEVA-WEB-2-3.png","contentUrl":"https:\/\/iai.int\/wp-content\/uploads\/2025\/10\/BANNERS-NUEVA-WEB-2-3.png","width":1772,"height":551},{"@type":"BreadcrumbList","@id":"https:\/\/iai.int\/es\/archivo-institucional\/reglamentos-de-la-cop-el-ce-y-otras-normas\/#breadcrumb","itemListElement":[{"@type":"ListItem","position":1,"name":"Portada","item":"https:\/\/iai.int\/es\/"},{"@type":"ListItem","position":2,"name":"Archivo institucional","item":"https:\/\/iai.int\/es\/archivo-institucional\/"},{"@type":"ListItem","position":3,"name":"Reglamentos de la CoP, el CE y otras normas"}]},{"@type":"WebSite","@id":"https:\/\/iai.int\/es\/#website","url":"https:\/\/iai.int\/es\/","name":"IAI - Inter-American Institute for Global Change Research","description":"","publisher":{"@id":"https:\/\/iai.int\/es\/#organization"},"potentialAction":[{"@type":"SearchAction","target":{"@type":"EntryPoint","urlTemplate":"https:\/\/iai.int\/es\/?s={search_term_string}"},"query-input":{"@type":"PropertyValueSpecification","valueRequired":true,"valueName":"search_term_string"}}],"inLanguage":"es"},{"@type":"Organization","@id":"https:\/\/iai.int\/es\/#organization","name":"IAI - Inter-American Institute for Global Change Research","url":"https:\/\/iai.int\/es\/","logo":{"@type":"ImageObject","inLanguage":"es","@id":"https:\/\/iai.int\/es\/#\/schema\/logo\/image\/","url":"https:\/\/iai.int\/wp-content\/uploads\/2025\/11\/IAI-logo-English-scaled.png","contentUrl":"https:\/\/iai.int\/wp-content\/uploads\/2025\/11\/IAI-logo-English-scaled.png","width":2560,"height":985,"caption":"IAI - Inter-American Institute for Global Change Research"},"image":{"@id":"https:\/\/iai.int\/es\/#\/schema\/logo\/image\/"}}]}},"uagb_featured_image_src":{"full":["https:\/\/iai.int\/wp-content\/uploads\/2025\/10\/BANNERS-NUEVA-WEB-2-3.png",1772,551,false],"thumbnail":["https:\/\/iai.int\/wp-content\/uploads\/2025\/10\/BANNERS-NUEVA-WEB-2-3-150x150.png",150,150,true],"medium":["https:\/\/iai.int\/wp-content\/uploads\/2025\/10\/BANNERS-NUEVA-WEB-2-3-300x93.png",300,93,true],"medium_large":["https:\/\/iai.int\/wp-content\/uploads\/2025\/10\/BANNERS-NUEVA-WEB-2-3-768x239.png",768,239,true],"large":["https:\/\/iai.int\/wp-content\/uploads\/2025\/10\/BANNERS-NUEVA-WEB-2-3-1024x318.png",800,248,true],"1536x1536":["https:\/\/iai.int\/wp-content\/uploads\/2025\/10\/BANNERS-NUEVA-WEB-2-3-1536x478.png",1536,478,true],"2048x2048":["https:\/\/iai.int\/wp-content\/uploads\/2025\/10\/BANNERS-NUEVA-WEB-2-3.png",1772,551,false]},"uagb_author_info":{"display_name":"admin","author_link":"https:\/\/iai.int\/es\/author\/admin\/"},"uagb_comment_info":0,"uagb_excerpt":"Reglamento de la Conferencia de las Partes del IAI (aprobado junio 2021) (espa\u00f1ol\u00a0&#8211;\u00a0ingl\u00e9s) Reglamento del Consejo Ejecutivo del IAI (aprobado, junio 2021) (espa\u00f1ol\u00a0&#8211;\u00a0ingl\u00e9s) Procedimientos de suspensi\u00f3n y finalizaci\u00f3n de proyectos del IAI (ingl\u00e9s\u00a0&#8211;\u00a0espa\u00f1ol) Normas del IAI sobre conflictos de intereses y est\u00e1ndares de conducta \u00e9tica (ingl\u00e9s\u00a0&#8211;\u00a0espa\u00f1ol)","_links":{"self":[{"href":"https:\/\/iai.int\/es\/wp-json\/wp\/v2\/pages\/7118","targetHints":{"allow":["GET"]}}],"collection":[{"href":"https:\/\/iai.int\/es\/wp-json\/wp\/v2\/pages"}],"about":[{"href":"https:\/\/iai.int\/es\/wp-json\/wp\/v2\/types\/page"}],"author":[{"embeddable":true,"href":"https:\/\/iai.int\/es\/wp-json\/wp\/v2\/users\/1"}],"replies":[{"embeddable":true,"href":"https:\/\/iai.int\/es\/wp-json\/wp\/v2\/comments?post=7118"}],"version-history":[{"count":2,"href":"https:\/\/iai.int\/es\/wp-json\/wp\/v2\/pages\/7118\/revisions"}],"predecessor-version":[{"id":7133,"href":"https:\/\/iai.int\/es\/wp-json\/wp\/v2\/pages\/7118\/revisions\/7133"}],"up":[{"embeddable":true,"href":"https:\/\/iai.int\/es\/wp-json\/wp\/v2\/pages\/366"}],"wp:featuredmedia":[{"embeddable":true,"href":"https:\/\/iai.int\/es\/wp-json\/wp\/v2\/media\/8372"}],"wp:attachment":[{"href":"https:\/\/iai.int\/es\/wp-json\/wp\/v2\/media?parent=7118"}],"curies":[{"name":"wp","href":"https:\/\/api.w.org\/{rel}","templated":true}]}}