{"id":711,"date":"2024-09-14T18:19:28","date_gmt":"2024-09-14T21:19:28","guid":{"rendered":"https:\/\/iai.int\/?page_id=711"},"modified":"2025-09-26T17:18:25","modified_gmt":"2025-09-26T22:18:25","slug":"2o-programa-cientifico-inicial-isp-2","status":"publish","type":"page","link":"https:\/\/iai.int\/es\/2o-programa-cientifico-inicial-isp-2\/","title":{"rendered":"2\u00ba Programa Cient\u00edfico Inicial (ISP 2)"},"content":{"rendered":"\n<figure class=\"wp-block-table\"><table><thead><tr><th>ISP#<\/th><th>T\u00edtulo<\/th><th>Investigador Principal (PI)<\/th><th>Pa\u00eds del PI<\/th><th>Instituci\u00f3n del PI<\/th><th>Pa\u00edses participantes<\/th><th>Presupuesto (US$)<\/th><\/tr><\/thead><tbody><tr><td>2015<\/td><td>Construcci\u00f3n de capacidades en qu\u00edmica atmosf\u00e9rica para pa\u00edses en desarrollo<\/td><td>EUGENE W. BIERLY \u2028ebierly_AT_agu.org<\/td><td>EE.UU.<\/td><td>American Geophysical Union<\/td><td>EE.UU.<\/td><td>26.000<\/td><\/tr><tr><td>2032<\/td><td>Desertificaci\u00f3n y procesos ecosist\u00e9micos: sobrepastoreo; transpiraci\u00f3n en pastizales y balance de agua en el suelo<\/td><td>JAMES F. REYNOLDS\u2028 james.f.reynolds_AT_duke.edu<\/td><td>EE.UU.<\/td><td>Duke University<\/td><td>Argentina\u2028,EE.UU.<\/td><td>85.000<\/td><\/tr><tr><td>2051<\/td><td>Efectos del cambio global en la biodiversidad e intervenciones en el funcionamiento de un proceso clave<\/td><td>OSVALDO E. SALA\u2028 Osvaldo_Sala_AT_brown.edu<\/td><td>Argentina<\/td><td>Universidad de Buenos Aires<\/td><td>Argentina\u2028, EE.UU.<\/td><td>90.000<\/td><\/tr><tr><td>2055<\/td><td>Variabilidad clim\u00e1tica y agricultura en Argentina y Uruguay: evaluaci\u00f3n de los efectos del ENOS y perspectivas para su uso en pron\u00f3sticos clim\u00e1ticos<\/td><td>RAUL HOFSTADTER\u2028 iaiuy_AT_attmail.com<\/td><td>Uruguay<\/td><td>Comisi\u00f3n Nacional Sobre el Cambio Global<\/td><td>Argentina,\u2028 EE.UU, Uruguay<\/td><td>70.000<\/td><\/tr><tr><td>2078<\/td><td>V\u00ednculos entre la productividad costera; las comunidades bent\u00f3nicas y y l\u00edmites biogeogr\u00e1ficos en Chile y California<\/td><td>SERGIO A. NAVARRETE\u2028 snavarre_AT_bio.puc.cl<\/td><td>Chile<\/td><td>Pontificia Universidad Cat\u00f3lica de Chile<\/td><td>Chile, EE.UU.<\/td><td>94.114<\/td><\/tr><tr><td>2082<\/td><td>Efectos de la radiaci\u00f3n UV-B en la vegetaci\u00f3n de marismas saladas a lo largo de un gradiente latitudinal<\/td><td>EVAMARIA W. KOCH \u2028koch_AT_hpl.umces.edu<\/td><td>EE.UU.<\/td><td>University of Maryland<\/td><td>Argentina, \u2028Brasil, EE.UU.<\/td><td>94.989<\/td><\/tr><tr><td>2085<\/td><td>Surgencias costeras a lo largo de la costa occidental de las Am\u00e9ricas: Pasado; presente y futuro<\/td><td>ALEXANDER VAN GEEN\u2028 avangeen_AT_ldeo.columbia.edu<\/td><td>EE.UU.<\/td><td>Columbia University<\/td><td>EE.UU.<\/td><td>117.000<\/td><\/tr><tr><td>2111<\/td><td>Precipitaci\u00f3n en el sudeste de Am\u00e9rica del Sur: influencia de la temperatura de la superficie del mar. Predictibilidad y variabilidad<\/td><td>GABRIEL J. PISCIOTTANO\u2028 gabrielp_AT_fing.edu.uy<\/td><td>Uruguay<\/td><td>Universidad de la Rep\u00fablica<\/td><td>Argentina, \u2028Brasil, EE.UU., \u2028Uruguay<\/td><td>90.000<\/td><\/tr><tr><td>2112<\/td><td>Diagn\u00f3stico; monitoreo y predicci\u00f3n de olas de fr\u00edo (friaje) en las \u00e1reas de cultivo de caf\u00e9 del sudeste de Brasil<\/td><td>DIANA RAIGOZA \u2028draigoza_AT_cptec.inpe.br<\/td><td>Brasil<\/td><td>Instituto Nacional de Pesquisas Espaciais<\/td><td>Argentina, \u2028Brasil, EE.UU., \u2028Per\u00fa<\/td><td>67.000<\/td><\/tr><tr><td>2124<\/td><td>Acoplamiento biof\u00edsico en el ecosistema pel\u00e1gico de la corriente del sur de California<\/td><td>TIMOTHY M. BAUMGARTNER \u2028tbaumgar_AT_cicese.mx<\/td><td>Mexico<\/td><td>Centro de Investigaci\u00f3n Cient\u00edfica y de Educaci\u00f3n Superior de Ensenada<\/td><td>EE.UU., M\u00e9xico<\/td><td>100.000<\/td><\/tr><tr><td>2135<\/td><td>Una red sudamericana para la medici\u00f3n de la radiaci\u00f3n ultravioleta<\/td><td>MARIA VERNET\u2028 mvernet_AT_ucsd.edu<\/td><td>EE.UU.<\/td><td>Scripps Institution of Oceanography<\/td><td>Argentina, \u2028Chile, EE.UU.<\/td><td>115.000<\/td><\/tr><\/tbody><\/table><\/figure>\n","protected":false},"excerpt":{"rendered":"<p>ISP# T\u00edtulo Investigador Principal (PI) Pa\u00eds del PI Instituci\u00f3n del PI Pa\u00edses participantes Presupuesto (US$) 2015 Construcci\u00f3n de capacidades en qu\u00edmica atmosf\u00e9rica para pa\u00edses en desarrollo EUGENE W. BIERLY \u2028ebierly_AT_agu.org EE.UU. American Geophysical Union EE.UU. 26.000 2032 Desertificaci\u00f3n y procesos ecosist\u00e9micos: sobrepastoreo; transpiraci\u00f3n en pastizales y balance de agua en el suelo JAMES F. REYNOLDS\u2028 [&hellip;]<\/p>\n","protected":false},"author":1,"featured_media":7718,"parent":0,"menu_order":0,"comment_status":"closed","ping_status":"closed","template":"elementor_theme","meta":{"_acf_changed":false,"_uag_custom_page_level_css":"","footnotes":""},"class_list":["post-711","page","type-page","status-publish","has-post-thumbnail","hentry"],"acf":[],"yoast_head":"<!-- This site is optimized with the Yoast SEO plugin v27.3 - https:\/\/yoast.com\/product\/yoast-seo-wordpress\/ -->\n<title>2\u00ba Programa Cient\u00edfico Inicial (ISP 2) - IAI - Inter-American Institute for Global Change Research<\/title>\n<meta name=\"robots\" content=\"index, follow, max-snippet:-1, max-image-preview:large, max-video-preview:-1\" \/>\n<link rel=\"canonical\" href=\"https:\/\/iai.int\/es\/2o-programa-cientifico-inicial-isp-2\/\" \/>\n<meta property=\"og:locale\" content=\"es_ES\" \/>\n<meta property=\"og:type\" content=\"article\" \/>\n<meta property=\"og:title\" content=\"2\u00ba Programa Cient\u00edfico Inicial (ISP 2) - IAI - Inter-American Institute for Global Change Research\" \/>\n<meta property=\"og:description\" content=\"ISP# T\u00edtulo Investigador Principal (PI) Pa\u00eds del PI Instituci\u00f3n del PI Pa\u00edses participantes Presupuesto (US$) 2015 Construcci\u00f3n de capacidades en qu\u00edmica atmosf\u00e9rica para pa\u00edses en desarrollo EUGENE W. BIERLY \u2028ebierly_AT_agu.org EE.UU. American Geophysical Union EE.UU. 26.000 2032 Desertificaci\u00f3n y procesos ecosist\u00e9micos: sobrepastoreo; transpiraci\u00f3n en pastizales y balance de agua en el suelo JAMES F. REYNOLDS\u2028 [&hellip;]\" \/>\n<meta property=\"og:url\" content=\"https:\/\/iai.int\/es\/2o-programa-cientifico-inicial-isp-2\/\" \/>\n<meta property=\"og:site_name\" content=\"IAI - Inter-American Institute for Global Change Research\" \/>\n<meta property=\"article:modified_time\" content=\"2025-09-26T22:18:25+00:00\" \/>\n<meta property=\"og:image\" content=\"https:\/\/iai.int\/wp-content\/uploads\/2025\/09\/PROYECTOS-14.png\" \/>\n\t<meta property=\"og:image:width\" content=\"1600\" \/>\n\t<meta property=\"og:image:height\" content=\"498\" \/>\n\t<meta property=\"og:image:type\" content=\"image\/png\" \/>\n<meta name=\"twitter:card\" content=\"summary_large_image\" \/>\n<meta name=\"twitter:label1\" content=\"Tiempo de lectura\" \/>\n\t<meta name=\"twitter:data1\" content=\"2 minutos\" \/>\n<script type=\"application\/ld+json\" class=\"yoast-schema-graph\">{\"@context\":\"https:\\\/\\\/schema.org\",\"@graph\":[{\"@type\":\"WebPage\",\"@id\":\"https:\\\/\\\/iai.int\\\/es\\\/2o-programa-cientifico-inicial-isp-2\\\/\",\"url\":\"https:\\\/\\\/iai.int\\\/es\\\/2o-programa-cientifico-inicial-isp-2\\\/\",\"name\":\"2\u00ba Programa Cient\u00edfico Inicial (ISP 2) - IAI - Inter-American Institute for Global Change Research\",\"isPartOf\":{\"@id\":\"https:\\\/\\\/iai.int\\\/es\\\/#website\"},\"primaryImageOfPage\":{\"@id\":\"https:\\\/\\\/iai.int\\\/es\\\/2o-programa-cientifico-inicial-isp-2\\\/#primaryimage\"},\"image\":{\"@id\":\"https:\\\/\\\/iai.int\\\/es\\\/2o-programa-cientifico-inicial-isp-2\\\/#primaryimage\"},\"thumbnailUrl\":\"https:\\\/\\\/iai.int\\\/wp-content\\\/uploads\\\/2025\\\/09\\\/PROYECTOS-14.png\",\"datePublished\":\"2024-09-14T21:19:28+00:00\",\"dateModified\":\"2025-09-26T22:18:25+00:00\",\"breadcrumb\":{\"@id\":\"https:\\\/\\\/iai.int\\\/es\\\/2o-programa-cientifico-inicial-isp-2\\\/#breadcrumb\"},\"inLanguage\":\"es\",\"potentialAction\":[{\"@type\":\"ReadAction\",\"target\":[\"https:\\\/\\\/iai.int\\\/es\\\/2o-programa-cientifico-inicial-isp-2\\\/\"]}]},{\"@type\":\"ImageObject\",\"inLanguage\":\"es\",\"@id\":\"https:\\\/\\\/iai.int\\\/es\\\/2o-programa-cientifico-inicial-isp-2\\\/#primaryimage\",\"url\":\"https:\\\/\\\/iai.int\\\/wp-content\\\/uploads\\\/2025\\\/09\\\/PROYECTOS-14.png\",\"contentUrl\":\"https:\\\/\\\/iai.int\\\/wp-content\\\/uploads\\\/2025\\\/09\\\/PROYECTOS-14.png\",\"width\":1600,\"height\":498},{\"@type\":\"BreadcrumbList\",\"@id\":\"https:\\\/\\\/iai.int\\\/es\\\/2o-programa-cientifico-inicial-isp-2\\\/#breadcrumb\",\"itemListElement\":[{\"@type\":\"ListItem\",\"position\":1,\"name\":\"Portada\",\"item\":\"https:\\\/\\\/iai.int\\\/es\\\/\"},{\"@type\":\"ListItem\",\"position\":2,\"name\":\"2\u00ba Programa Cient\u00edfico Inicial (ISP 2)\"}]},{\"@type\":\"WebSite\",\"@id\":\"https:\\\/\\\/iai.int\\\/es\\\/#website\",\"url\":\"https:\\\/\\\/iai.int\\\/es\\\/\",\"name\":\"IAI - Inter-American Institute for Global Change Research\",\"description\":\"\",\"publisher\":{\"@id\":\"https:\\\/\\\/iai.int\\\/es\\\/#organization\"},\"potentialAction\":[{\"@type\":\"SearchAction\",\"target\":{\"@type\":\"EntryPoint\",\"urlTemplate\":\"https:\\\/\\\/iai.int\\\/es\\\/?s={search_term_string}\"},\"query-input\":{\"@type\":\"PropertyValueSpecification\",\"valueRequired\":true,\"valueName\":\"search_term_string\"}}],\"inLanguage\":\"es\"},{\"@type\":\"Organization\",\"@id\":\"https:\\\/\\\/iai.int\\\/es\\\/#organization\",\"name\":\"IAI - Inter-American Institute for Global Change Research\",\"url\":\"https:\\\/\\\/iai.int\\\/es\\\/\",\"logo\":{\"@type\":\"ImageObject\",\"inLanguage\":\"es\",\"@id\":\"https:\\\/\\\/iai.int\\\/es\\\/#\\\/schema\\\/logo\\\/image\\\/\",\"url\":\"https:\\\/\\\/iai.int\\\/wp-content\\\/uploads\\\/2025\\\/11\\\/IAI-logo-English-scaled.png\",\"contentUrl\":\"https:\\\/\\\/iai.int\\\/wp-content\\\/uploads\\\/2025\\\/11\\\/IAI-logo-English-scaled.png\",\"width\":2560,\"height\":985,\"caption\":\"IAI - Inter-American Institute for Global Change Research\"},\"image\":{\"@id\":\"https:\\\/\\\/iai.int\\\/es\\\/#\\\/schema\\\/logo\\\/image\\\/\"}}]}<\/script>\n<!-- \/ Yoast SEO plugin. -->","yoast_head_json":{"title":"2\u00ba Programa Cient\u00edfico Inicial (ISP 2) - IAI - Inter-American Institute for Global Change Research","robots":{"index":"index","follow":"follow","max-snippet":"max-snippet:-1","max-image-preview":"max-image-preview:large","max-video-preview":"max-video-preview:-1"},"canonical":"https:\/\/iai.int\/es\/2o-programa-cientifico-inicial-isp-2\/","og_locale":"es_ES","og_type":"article","og_title":"2\u00ba Programa Cient\u00edfico Inicial (ISP 2) - IAI - Inter-American Institute for Global Change Research","og_description":"ISP# T\u00edtulo Investigador Principal (PI) Pa\u00eds del PI Instituci\u00f3n del PI Pa\u00edses participantes Presupuesto (US$) 2015 Construcci\u00f3n de capacidades en qu\u00edmica atmosf\u00e9rica para pa\u00edses en desarrollo EUGENE W. BIERLY \u2028ebierly_AT_agu.org EE.UU. American Geophysical Union EE.UU. 26.000 2032 Desertificaci\u00f3n y procesos ecosist\u00e9micos: sobrepastoreo; transpiraci\u00f3n en pastizales y balance de agua en el suelo JAMES F. REYNOLDS\u2028 [&hellip;]","og_url":"https:\/\/iai.int\/es\/2o-programa-cientifico-inicial-isp-2\/","og_site_name":"IAI - Inter-American Institute for Global Change Research","article_modified_time":"2025-09-26T22:18:25+00:00","og_image":[{"width":1600,"height":498,"url":"https:\/\/iai.int\/wp-content\/uploads\/2025\/09\/PROYECTOS-14.png","type":"image\/png"}],"twitter_card":"summary_large_image","twitter_misc":{"Tiempo de lectura":"2 minutos"},"schema":{"@context":"https:\/\/schema.org","@graph":[{"@type":"WebPage","@id":"https:\/\/iai.int\/es\/2o-programa-cientifico-inicial-isp-2\/","url":"https:\/\/iai.int\/es\/2o-programa-cientifico-inicial-isp-2\/","name":"2\u00ba Programa Cient\u00edfico Inicial (ISP 2) - IAI - Inter-American Institute for Global Change Research","isPartOf":{"@id":"https:\/\/iai.int\/es\/#website"},"primaryImageOfPage":{"@id":"https:\/\/iai.int\/es\/2o-programa-cientifico-inicial-isp-2\/#primaryimage"},"image":{"@id":"https:\/\/iai.int\/es\/2o-programa-cientifico-inicial-isp-2\/#primaryimage"},"thumbnailUrl":"https:\/\/iai.int\/wp-content\/uploads\/2025\/09\/PROYECTOS-14.png","datePublished":"2024-09-14T21:19:28+00:00","dateModified":"2025-09-26T22:18:25+00:00","breadcrumb":{"@id":"https:\/\/iai.int\/es\/2o-programa-cientifico-inicial-isp-2\/#breadcrumb"},"inLanguage":"es","potentialAction":[{"@type":"ReadAction","target":["https:\/\/iai.int\/es\/2o-programa-cientifico-inicial-isp-2\/"]}]},{"@type":"ImageObject","inLanguage":"es","@id":"https:\/\/iai.int\/es\/2o-programa-cientifico-inicial-isp-2\/#primaryimage","url":"https:\/\/iai.int\/wp-content\/uploads\/2025\/09\/PROYECTOS-14.png","contentUrl":"https:\/\/iai.int\/wp-content\/uploads\/2025\/09\/PROYECTOS-14.png","width":1600,"height":498},{"@type":"BreadcrumbList","@id":"https:\/\/iai.int\/es\/2o-programa-cientifico-inicial-isp-2\/#breadcrumb","itemListElement":[{"@type":"ListItem","position":1,"name":"Portada","item":"https:\/\/iai.int\/es\/"},{"@type":"ListItem","position":2,"name":"2\u00ba Programa Cient\u00edfico Inicial (ISP 2)"}]},{"@type":"WebSite","@id":"https:\/\/iai.int\/es\/#website","url":"https:\/\/iai.int\/es\/","name":"IAI - Inter-American Institute for Global Change Research","description":"","publisher":{"@id":"https:\/\/iai.int\/es\/#organization"},"potentialAction":[{"@type":"SearchAction","target":{"@type":"EntryPoint","urlTemplate":"https:\/\/iai.int\/es\/?s={search_term_string}"},"query-input":{"@type":"PropertyValueSpecification","valueRequired":true,"valueName":"search_term_string"}}],"inLanguage":"es"},{"@type":"Organization","@id":"https:\/\/iai.int\/es\/#organization","name":"IAI - Inter-American Institute for Global Change Research","url":"https:\/\/iai.int\/es\/","logo":{"@type":"ImageObject","inLanguage":"es","@id":"https:\/\/iai.int\/es\/#\/schema\/logo\/image\/","url":"https:\/\/iai.int\/wp-content\/uploads\/2025\/11\/IAI-logo-English-scaled.png","contentUrl":"https:\/\/iai.int\/wp-content\/uploads\/2025\/11\/IAI-logo-English-scaled.png","width":2560,"height":985,"caption":"IAI - Inter-American Institute for Global Change Research"},"image":{"@id":"https:\/\/iai.int\/es\/#\/schema\/logo\/image\/"}}]}},"uagb_featured_image_src":{"full":["https:\/\/iai.int\/wp-content\/uploads\/2025\/09\/PROYECTOS-14.png",1600,498,false],"thumbnail":["https:\/\/iai.int\/wp-content\/uploads\/2025\/09\/PROYECTOS-14-150x150.png",150,150,true],"medium":["https:\/\/iai.int\/wp-content\/uploads\/2025\/09\/PROYECTOS-14-300x93.png",300,93,true],"medium_large":["https:\/\/iai.int\/wp-content\/uploads\/2025\/09\/PROYECTOS-14-768x239.png",768,239,true],"large":["https:\/\/iai.int\/wp-content\/uploads\/2025\/09\/PROYECTOS-14-1024x319.png",800,249,true],"1536x1536":["https:\/\/iai.int\/wp-content\/uploads\/2025\/09\/PROYECTOS-14-1536x478.png",1536,478,true],"2048x2048":["https:\/\/iai.int\/wp-content\/uploads\/2025\/09\/PROYECTOS-14.png",1600,498,false]},"uagb_author_info":{"display_name":"admin","author_link":"https:\/\/iai.int\/es\/author\/admin\/"},"uagb_comment_info":0,"uagb_excerpt":"ISP# T\u00edtulo Investigador Principal (PI) Pa\u00eds del PI Instituci\u00f3n del PI Pa\u00edses participantes Presupuesto (US$) 2015 Construcci\u00f3n de capacidades en qu\u00edmica atmosf\u00e9rica para pa\u00edses en desarrollo EUGENE W. BIERLY \u2028ebierly_AT_agu.org EE.UU. American Geophysical Union EE.UU. 26.000 2032 Desertificaci\u00f3n y procesos ecosist\u00e9micos: sobrepastoreo; transpiraci\u00f3n en pastizales y balance de agua en el suelo JAMES F. REYNOLDS\u2028&hellip;","_links":{"self":[{"href":"https:\/\/iai.int\/es\/wp-json\/wp\/v2\/pages\/711","targetHints":{"allow":["GET"]}}],"collection":[{"href":"https:\/\/iai.int\/es\/wp-json\/wp\/v2\/pages"}],"about":[{"href":"https:\/\/iai.int\/es\/wp-json\/wp\/v2\/types\/page"}],"author":[{"embeddable":true,"href":"https:\/\/iai.int\/es\/wp-json\/wp\/v2\/users\/1"}],"replies":[{"embeddable":true,"href":"https:\/\/iai.int\/es\/wp-json\/wp\/v2\/comments?post=711"}],"version-history":[{"count":1,"href":"https:\/\/iai.int\/es\/wp-json\/wp\/v2\/pages\/711\/revisions"}],"predecessor-version":[{"id":712,"href":"https:\/\/iai.int\/es\/wp-json\/wp\/v2\/pages\/711\/revisions\/712"}],"wp:featuredmedia":[{"embeddable":true,"href":"https:\/\/iai.int\/es\/wp-json\/wp\/v2\/media\/7718"}],"wp:attachment":[{"href":"https:\/\/iai.int\/es\/wp-json\/wp\/v2\/media?parent=711"}],"curies":[{"name":"wp","href":"https:\/\/api.w.org\/{rel}","templated":true}]}}