{"id":709,"date":"2024-09-14T18:18:27","date_gmt":"2024-09-14T21:18:27","guid":{"rendered":"https:\/\/iai.int\/?page_id=709"},"modified":"2025-09-26T17:19:24","modified_gmt":"2025-09-26T22:19:24","slug":"1o-programa-cientifico-inicial-isp-1","status":"publish","type":"page","link":"https:\/\/iai.int\/es\/1o-programa-cientifico-inicial-isp-1\/","title":{"rendered":"1\u00ba Programa Cient\u00edfico Inicial (ISP 1)"},"content":{"rendered":"\n<figure class=\"wp-block-table\"><table><thead><tr><th>ISP#<\/th><th>T\u00edtulo<\/th><th>Investigador Principal (PI)<\/th><th>Pa\u00eds del PI<\/th><th>Instituci\u00f3n del PI<\/th><th>Pa\u00edses participantes<\/th><th>Presupuesto (US$)<\/th><\/tr><\/thead><tbody><tr><td>003<\/td><td>Solicitud de financiamiento parcial para un Taller SCOPE sobre an\u00e1lisis comparativo del ciclo del nitr\u00f3geno en las Am\u00e9ricas<\/td><td>ROBERT W. HOWARTH rwh2_AT_cornell.edu<\/td><td>EE.UU.<\/td><td>Cornell University<\/td><td>Argentina, Chile, EE.UU.<\/td><td>49.000<\/td><\/tr><tr><td>005<\/td><td>La Corriente de California en los \u00faltimos cuatro siglos: calibraci\u00f3n e interpretaci\u00f3n de sedimentos laminados, anillos de \u00e1rboles y registros del sur de Alta California y Baja California<\/td><td>JUAN CARLOS HERGUERA herguera_AT_cicese.mx<\/td><td>M\u00e9xico<\/td><td>Centro de Investigaci\u00f3n Cient\u00edfica y de Educaci\u00f3n Superior de Ensenada<\/td><td>EE.UU., M\u00e9xico<\/td><td>217.560<\/td><\/tr><tr><td>012<\/td><td>Estudios de precipitaci\u00f3n en la cuenca amaz\u00f3nica y en el centro de Sudam\u00e9rica<\/td><td>HENRY F. DIAZ henry.f.diaz_AT_noaa.gov<\/td><td>EE.UU.<\/td><td>National Oceanic and Atmospheric Administration<\/td><td>Argentina, Brasil, EE.UU.<\/td><td>72.592<\/td><\/tr><tr><td>020<\/td><td>Balances hidrol\u00f3gicos de la Amazon\u00eda<\/td><td>TIRUVALAM N. KRISHNAMURTI tnk_AT_met.fsu.edu<\/td><td>EE.UU.<\/td><td>Florida State University<\/td><td>Brasil, EE.UU.<\/td><td>124.189<\/td><\/tr><tr><td>033<\/td><td>Historia de la vegataci\u00f3n a partir de yacimientos de roedores f\u00f3siles en desiertos americanos de latitudes medias<\/td><td>JULIO L. BETANCOURT jlbetanc_AT_sun1paztcn.wr.usgs.gov<\/td><td>EE.UU.<\/td><td>University of Arizona<\/td><td>EE.UU.<\/td><td>206.419<\/td><\/tr><tr><td>037<\/td><td>Un centro sudamericano de modelado para procesos oce\u00e1nicos, costeros y estuarinos relacionados con el cambio global<\/td><td>EDMO J.D. CAMPOS edmo_AT_usp.br<\/td><td>Brasil<\/td><td>Universidade de Sao Paulo<\/td><td>Argentina, Brasil, EE.UU.<\/td><td>97.140<\/td><\/tr><tr><td>051<\/td><td>Investigaci\u00f3n inicial de la compleja regi\u00f3n clim\u00e1tica de convergencia de los alisios<\/td><td>DAVID B. ENFIELD David.Enfield_AT_noaa.gov<\/td><td>EE.UU.<\/td><td>National Oceanic and Atmospheric Administration<\/td><td>Chile, Colombia, Costa Rica, Ecuador, EE.UU., Panam\u00e1<\/td><td>127.700<\/td><\/tr><tr><td>054<\/td><td>Estudio de testigos de hielo sobre el ambiente y el clima de la Pen\u00ednsula Ant\u00e1rtica y la porci\u00f3n austral de Am\u00e9rica del Sur<\/td><td>ALBERTO JOSE ARISTARAIN aaristar_AT_lab.cricyt.edu.ar<\/td><td>Argentina<\/td><td>Instituto Ant\u00e1rtico Argentino<\/td><td>Argentina, Brasil, Canad\u00e1, Francia<\/td><td>75.000<\/td><\/tr><tr><td>071<\/td><td>Estudios comparativos en Am\u00e9rica del Norte y del Sur a lo largo de un gradiente de aridez: acercamiento metodol\u00f3gico a la regionalizaci\u00f3n del papel funcional de la diversidad en las comunidades de plantas<\/td><td>ALEJANDRO E. CASTELLANOS acastell_AT_guaymas.uson.mx<\/td><td>M\u00e9xico<\/td><td>Universidad de Sonora<\/td><td>Argentina, EE.UU., M\u00e9xico<\/td><td>75.000<\/td><\/tr><tr><td>080<\/td><td>Determinantes biogeoqu\u00edmicos de los cambios en la cobertura de la tierra y uso de la tierra en sistemas de cultivo y pastoreo de la sabana<\/td><td>HOLM TIESSEN htiessen_AT_dir.iai.int<\/td><td>Canad\u00e1<\/td><td>University of Saskatchewan<\/td><td>Brasil, Canad\u00e1, M\u00e9xico, Venezuela<\/td><td>125.985<\/td><\/tr><tr><td>084<\/td><td>Intercambio a trav\u00e9s del estrecho de Yucat\u00e1n y su importancia en estudios del cambio clim\u00e1tico<\/td><td>ANTOINE BADAN DANGON abadan_AT_cicese.mx<\/td><td>M\u00e9xico<\/td><td>Centro de Investigaci\u00f3n Cient\u00edfica y de Educaci\u00f3n Superior de Ensenada<\/td><td>EE.UU., M\u00e9xico<\/td><td>69.000<\/td><\/tr><\/tbody><\/table><\/figure>\n","protected":false},"excerpt":{"rendered":"<p>ISP# T\u00edtulo Investigador Principal (PI) Pa\u00eds del PI Instituci\u00f3n del PI Pa\u00edses participantes Presupuesto (US$) 003 Solicitud de financiamiento parcial para un Taller SCOPE sobre an\u00e1lisis comparativo del ciclo del nitr\u00f3geno en las Am\u00e9ricas ROBERT W. HOWARTH rwh2_AT_cornell.edu EE.UU. Cornell University Argentina, Chile, EE.UU. 49.000 005 La Corriente de California en los \u00faltimos cuatro siglos: [&hellip;]<\/p>\n","protected":false},"author":1,"featured_media":7711,"parent":0,"menu_order":0,"comment_status":"closed","ping_status":"closed","template":"elementor_theme","meta":{"_acf_changed":false,"_uag_custom_page_level_css":"","footnotes":""},"class_list":["post-709","page","type-page","status-publish","has-post-thumbnail","hentry"],"acf":[],"yoast_head":"<!-- This site is optimized with the Yoast SEO plugin v27.3 - https:\/\/yoast.com\/product\/yoast-seo-wordpress\/ -->\n<title>1\u00ba Programa Cient\u00edfico Inicial (ISP 1) - IAI - Inter-American Institute for Global Change Research<\/title>\n<meta name=\"robots\" content=\"index, follow, max-snippet:-1, max-image-preview:large, max-video-preview:-1\" \/>\n<link rel=\"canonical\" href=\"https:\/\/iai.int\/es\/1o-programa-cientifico-inicial-isp-1\/\" \/>\n<meta property=\"og:locale\" content=\"es_ES\" \/>\n<meta property=\"og:type\" content=\"article\" \/>\n<meta property=\"og:title\" content=\"1\u00ba Programa Cient\u00edfico Inicial (ISP 1) - IAI - Inter-American Institute for Global Change Research\" \/>\n<meta property=\"og:description\" content=\"ISP# T\u00edtulo Investigador Principal (PI) Pa\u00eds del PI Instituci\u00f3n del PI Pa\u00edses participantes Presupuesto (US$) 003 Solicitud de financiamiento parcial para un Taller SCOPE sobre an\u00e1lisis comparativo del ciclo del nitr\u00f3geno en las Am\u00e9ricas ROBERT W. HOWARTH rwh2_AT_cornell.edu EE.UU. Cornell University Argentina, Chile, EE.UU. 49.000 005 La Corriente de California en los \u00faltimos cuatro siglos: [&hellip;]\" \/>\n<meta property=\"og:url\" content=\"https:\/\/iai.int\/es\/1o-programa-cientifico-inicial-isp-1\/\" \/>\n<meta property=\"og:site_name\" content=\"IAI - Inter-American Institute for Global Change Research\" \/>\n<meta property=\"article:modified_time\" content=\"2025-09-26T22:19:24+00:00\" \/>\n<meta property=\"og:image\" content=\"https:\/\/iai.int\/wp-content\/uploads\/2025\/09\/PROYECTOS-11.png\" \/>\n\t<meta property=\"og:image:width\" content=\"1600\" \/>\n\t<meta property=\"og:image:height\" content=\"498\" \/>\n\t<meta property=\"og:image:type\" content=\"image\/png\" \/>\n<meta name=\"twitter:card\" content=\"summary_large_image\" \/>\n<meta name=\"twitter:label1\" content=\"Tiempo de lectura\" \/>\n\t<meta name=\"twitter:data1\" content=\"2 minutos\" \/>\n<script type=\"application\/ld+json\" class=\"yoast-schema-graph\">{\"@context\":\"https:\\\/\\\/schema.org\",\"@graph\":[{\"@type\":\"WebPage\",\"@id\":\"https:\\\/\\\/iai.int\\\/es\\\/1o-programa-cientifico-inicial-isp-1\\\/\",\"url\":\"https:\\\/\\\/iai.int\\\/es\\\/1o-programa-cientifico-inicial-isp-1\\\/\",\"name\":\"1\u00ba Programa Cient\u00edfico Inicial (ISP 1) - IAI - Inter-American Institute for Global Change Research\",\"isPartOf\":{\"@id\":\"https:\\\/\\\/iai.int\\\/es\\\/#website\"},\"primaryImageOfPage\":{\"@id\":\"https:\\\/\\\/iai.int\\\/es\\\/1o-programa-cientifico-inicial-isp-1\\\/#primaryimage\"},\"image\":{\"@id\":\"https:\\\/\\\/iai.int\\\/es\\\/1o-programa-cientifico-inicial-isp-1\\\/#primaryimage\"},\"thumbnailUrl\":\"https:\\\/\\\/iai.int\\\/wp-content\\\/uploads\\\/2025\\\/09\\\/PROYECTOS-11.png\",\"datePublished\":\"2024-09-14T21:18:27+00:00\",\"dateModified\":\"2025-09-26T22:19:24+00:00\",\"breadcrumb\":{\"@id\":\"https:\\\/\\\/iai.int\\\/es\\\/1o-programa-cientifico-inicial-isp-1\\\/#breadcrumb\"},\"inLanguage\":\"es\",\"potentialAction\":[{\"@type\":\"ReadAction\",\"target\":[\"https:\\\/\\\/iai.int\\\/es\\\/1o-programa-cientifico-inicial-isp-1\\\/\"]}]},{\"@type\":\"ImageObject\",\"inLanguage\":\"es\",\"@id\":\"https:\\\/\\\/iai.int\\\/es\\\/1o-programa-cientifico-inicial-isp-1\\\/#primaryimage\",\"url\":\"https:\\\/\\\/iai.int\\\/wp-content\\\/uploads\\\/2025\\\/09\\\/PROYECTOS-11.png\",\"contentUrl\":\"https:\\\/\\\/iai.int\\\/wp-content\\\/uploads\\\/2025\\\/09\\\/PROYECTOS-11.png\",\"width\":1600,\"height\":498},{\"@type\":\"BreadcrumbList\",\"@id\":\"https:\\\/\\\/iai.int\\\/es\\\/1o-programa-cientifico-inicial-isp-1\\\/#breadcrumb\",\"itemListElement\":[{\"@type\":\"ListItem\",\"position\":1,\"name\":\"Portada\",\"item\":\"https:\\\/\\\/iai.int\\\/es\\\/\"},{\"@type\":\"ListItem\",\"position\":2,\"name\":\"1\u00ba Programa Cient\u00edfico Inicial (ISP 1)\"}]},{\"@type\":\"WebSite\",\"@id\":\"https:\\\/\\\/iai.int\\\/es\\\/#website\",\"url\":\"https:\\\/\\\/iai.int\\\/es\\\/\",\"name\":\"IAI - Inter-American Institute for Global Change Research\",\"description\":\"\",\"publisher\":{\"@id\":\"https:\\\/\\\/iai.int\\\/es\\\/#organization\"},\"potentialAction\":[{\"@type\":\"SearchAction\",\"target\":{\"@type\":\"EntryPoint\",\"urlTemplate\":\"https:\\\/\\\/iai.int\\\/es\\\/?s={search_term_string}\"},\"query-input\":{\"@type\":\"PropertyValueSpecification\",\"valueRequired\":true,\"valueName\":\"search_term_string\"}}],\"inLanguage\":\"es\"},{\"@type\":\"Organization\",\"@id\":\"https:\\\/\\\/iai.int\\\/es\\\/#organization\",\"name\":\"IAI - Inter-American Institute for Global Change Research\",\"url\":\"https:\\\/\\\/iai.int\\\/es\\\/\",\"logo\":{\"@type\":\"ImageObject\",\"inLanguage\":\"es\",\"@id\":\"https:\\\/\\\/iai.int\\\/es\\\/#\\\/schema\\\/logo\\\/image\\\/\",\"url\":\"https:\\\/\\\/iai.int\\\/wp-content\\\/uploads\\\/2025\\\/11\\\/IAI-logo-English-scaled.png\",\"contentUrl\":\"https:\\\/\\\/iai.int\\\/wp-content\\\/uploads\\\/2025\\\/11\\\/IAI-logo-English-scaled.png\",\"width\":2560,\"height\":985,\"caption\":\"IAI - Inter-American Institute for Global Change Research\"},\"image\":{\"@id\":\"https:\\\/\\\/iai.int\\\/es\\\/#\\\/schema\\\/logo\\\/image\\\/\"}}]}<\/script>\n<!-- \/ Yoast SEO plugin. -->","yoast_head_json":{"title":"1\u00ba Programa Cient\u00edfico Inicial (ISP 1) - IAI - Inter-American Institute for Global Change Research","robots":{"index":"index","follow":"follow","max-snippet":"max-snippet:-1","max-image-preview":"max-image-preview:large","max-video-preview":"max-video-preview:-1"},"canonical":"https:\/\/iai.int\/es\/1o-programa-cientifico-inicial-isp-1\/","og_locale":"es_ES","og_type":"article","og_title":"1\u00ba Programa Cient\u00edfico Inicial (ISP 1) - IAI - Inter-American Institute for Global Change Research","og_description":"ISP# T\u00edtulo Investigador Principal (PI) Pa\u00eds del PI Instituci\u00f3n del PI Pa\u00edses participantes Presupuesto (US$) 003 Solicitud de financiamiento parcial para un Taller SCOPE sobre an\u00e1lisis comparativo del ciclo del nitr\u00f3geno en las Am\u00e9ricas ROBERT W. HOWARTH rwh2_AT_cornell.edu EE.UU. Cornell University Argentina, Chile, EE.UU. 49.000 005 La Corriente de California en los \u00faltimos cuatro siglos: [&hellip;]","og_url":"https:\/\/iai.int\/es\/1o-programa-cientifico-inicial-isp-1\/","og_site_name":"IAI - Inter-American Institute for Global Change Research","article_modified_time":"2025-09-26T22:19:24+00:00","og_image":[{"width":1600,"height":498,"url":"https:\/\/iai.int\/wp-content\/uploads\/2025\/09\/PROYECTOS-11.png","type":"image\/png"}],"twitter_card":"summary_large_image","twitter_misc":{"Tiempo de lectura":"2 minutos"},"schema":{"@context":"https:\/\/schema.org","@graph":[{"@type":"WebPage","@id":"https:\/\/iai.int\/es\/1o-programa-cientifico-inicial-isp-1\/","url":"https:\/\/iai.int\/es\/1o-programa-cientifico-inicial-isp-1\/","name":"1\u00ba Programa Cient\u00edfico Inicial (ISP 1) - IAI - Inter-American Institute for Global Change Research","isPartOf":{"@id":"https:\/\/iai.int\/es\/#website"},"primaryImageOfPage":{"@id":"https:\/\/iai.int\/es\/1o-programa-cientifico-inicial-isp-1\/#primaryimage"},"image":{"@id":"https:\/\/iai.int\/es\/1o-programa-cientifico-inicial-isp-1\/#primaryimage"},"thumbnailUrl":"https:\/\/iai.int\/wp-content\/uploads\/2025\/09\/PROYECTOS-11.png","datePublished":"2024-09-14T21:18:27+00:00","dateModified":"2025-09-26T22:19:24+00:00","breadcrumb":{"@id":"https:\/\/iai.int\/es\/1o-programa-cientifico-inicial-isp-1\/#breadcrumb"},"inLanguage":"es","potentialAction":[{"@type":"ReadAction","target":["https:\/\/iai.int\/es\/1o-programa-cientifico-inicial-isp-1\/"]}]},{"@type":"ImageObject","inLanguage":"es","@id":"https:\/\/iai.int\/es\/1o-programa-cientifico-inicial-isp-1\/#primaryimage","url":"https:\/\/iai.int\/wp-content\/uploads\/2025\/09\/PROYECTOS-11.png","contentUrl":"https:\/\/iai.int\/wp-content\/uploads\/2025\/09\/PROYECTOS-11.png","width":1600,"height":498},{"@type":"BreadcrumbList","@id":"https:\/\/iai.int\/es\/1o-programa-cientifico-inicial-isp-1\/#breadcrumb","itemListElement":[{"@type":"ListItem","position":1,"name":"Portada","item":"https:\/\/iai.int\/es\/"},{"@type":"ListItem","position":2,"name":"1\u00ba Programa Cient\u00edfico Inicial (ISP 1)"}]},{"@type":"WebSite","@id":"https:\/\/iai.int\/es\/#website","url":"https:\/\/iai.int\/es\/","name":"IAI - Inter-American Institute for Global Change Research","description":"","publisher":{"@id":"https:\/\/iai.int\/es\/#organization"},"potentialAction":[{"@type":"SearchAction","target":{"@type":"EntryPoint","urlTemplate":"https:\/\/iai.int\/es\/?s={search_term_string}"},"query-input":{"@type":"PropertyValueSpecification","valueRequired":true,"valueName":"search_term_string"}}],"inLanguage":"es"},{"@type":"Organization","@id":"https:\/\/iai.int\/es\/#organization","name":"IAI - Inter-American Institute for Global Change Research","url":"https:\/\/iai.int\/es\/","logo":{"@type":"ImageObject","inLanguage":"es","@id":"https:\/\/iai.int\/es\/#\/schema\/logo\/image\/","url":"https:\/\/iai.int\/wp-content\/uploads\/2025\/11\/IAI-logo-English-scaled.png","contentUrl":"https:\/\/iai.int\/wp-content\/uploads\/2025\/11\/IAI-logo-English-scaled.png","width":2560,"height":985,"caption":"IAI - Inter-American Institute for Global Change Research"},"image":{"@id":"https:\/\/iai.int\/es\/#\/schema\/logo\/image\/"}}]}},"uagb_featured_image_src":{"full":["https:\/\/iai.int\/wp-content\/uploads\/2025\/09\/PROYECTOS-11.png",1600,498,false],"thumbnail":["https:\/\/iai.int\/wp-content\/uploads\/2025\/09\/PROYECTOS-11-150x150.png",150,150,true],"medium":["https:\/\/iai.int\/wp-content\/uploads\/2025\/09\/PROYECTOS-11-300x93.png",300,93,true],"medium_large":["https:\/\/iai.int\/wp-content\/uploads\/2025\/09\/PROYECTOS-11-768x239.png",768,239,true],"large":["https:\/\/iai.int\/wp-content\/uploads\/2025\/09\/PROYECTOS-11-1024x319.png",800,249,true],"1536x1536":["https:\/\/iai.int\/wp-content\/uploads\/2025\/09\/PROYECTOS-11-1536x478.png",1536,478,true],"2048x2048":["https:\/\/iai.int\/wp-content\/uploads\/2025\/09\/PROYECTOS-11.png",1600,498,false]},"uagb_author_info":{"display_name":"admin","author_link":"https:\/\/iai.int\/es\/author\/admin\/"},"uagb_comment_info":0,"uagb_excerpt":"ISP# T\u00edtulo Investigador Principal (PI) Pa\u00eds del PI Instituci\u00f3n del PI Pa\u00edses participantes Presupuesto (US$) 003 Solicitud de financiamiento parcial para un Taller SCOPE sobre an\u00e1lisis comparativo del ciclo del nitr\u00f3geno en las Am\u00e9ricas ROBERT W. HOWARTH rwh2_AT_cornell.edu EE.UU. Cornell University Argentina, Chile, EE.UU. 49.000 005 La Corriente de California en los \u00faltimos cuatro siglos:&hellip;","_links":{"self":[{"href":"https:\/\/iai.int\/es\/wp-json\/wp\/v2\/pages\/709","targetHints":{"allow":["GET"]}}],"collection":[{"href":"https:\/\/iai.int\/es\/wp-json\/wp\/v2\/pages"}],"about":[{"href":"https:\/\/iai.int\/es\/wp-json\/wp\/v2\/types\/page"}],"author":[{"embeddable":true,"href":"https:\/\/iai.int\/es\/wp-json\/wp\/v2\/users\/1"}],"replies":[{"embeddable":true,"href":"https:\/\/iai.int\/es\/wp-json\/wp\/v2\/comments?post=709"}],"version-history":[{"count":1,"href":"https:\/\/iai.int\/es\/wp-json\/wp\/v2\/pages\/709\/revisions"}],"predecessor-version":[{"id":710,"href":"https:\/\/iai.int\/es\/wp-json\/wp\/v2\/pages\/709\/revisions\/710"}],"wp:featuredmedia":[{"embeddable":true,"href":"https:\/\/iai.int\/es\/wp-json\/wp\/v2\/media\/7711"}],"wp:attachment":[{"href":"https:\/\/iai.int\/es\/wp-json\/wp\/v2\/media?parent=709"}],"curies":[{"name":"wp","href":"https:\/\/api.w.org\/{rel}","templated":true}]}}