{"id":707,"date":"2024-09-14T18:16:39","date_gmt":"2024-09-14T21:16:39","guid":{"rendered":"https:\/\/iai.int\/?page_id=707"},"modified":"2025-09-26T17:07:36","modified_gmt":"2025-09-26T22:07:36","slug":"2o-programa-de-pequenos-subsidios-sgp-2","status":"publish","type":"page","link":"https:\/\/iai.int\/es\/2o-programa-de-pequenos-subsidios-sgp-2\/","title":{"rendered":"2\u00ba Programa de Peque\u00f1os Subsidios (SGP 2)"},"content":{"rendered":"\n<figure class=\"wp-block-table\"><table><thead><tr><th>SGP II#<\/th><th>T\u00edtulo<\/th><th>Investigador Principal (PI)<\/th><th>Pa\u00eds del PI<\/th><th>Instituci\u00f3n del PI<\/th><th>Pa\u00edses participantes<\/th><th>Presupuesto (US$)<\/th><\/tr><\/thead><tbody><tr><td>202<\/td><td>El impacto de los cambios globales en las praderas marinas a lo largo de las Am\u00e9ricas<\/td><td>EVAMARIA W. KOCH koch_AT_hpl.umces.edu<\/td><td>EE.UU.<\/td><td>University of Maryland<\/td><td>Brasil, EE.UU., M\u00e9xico<\/td><td>29.978<\/td><\/tr><tr><td>206<\/td><td>Red Interamericana del Nitr\u00f3geno<\/td><td>ROBERT W. HOWARTH rwh2_AT_cornell.edu<\/td><td>EE.UU.<\/td><td>Cornell University<\/td><td>Argentina, Brazil, Canad\u00e1, Chile, EE.UU., M\u00e9xico, Puerto Rico, Venezuela<\/td><td>30.000<\/td><\/tr><tr><td>215<\/td><td>Transporte a\u00e9reo de aerosoles hacia el Oc\u00e9ano Atl\u00e1ntico Sur: an\u00e1lisis de fuentes; flujos horizontales; potencial de fertilizaci\u00f3n con hierro e impactos en el clima<\/td><td>DIEGO GAIERO dgaiero_AT_com.uncor.edu<\/td><td>Argentina<\/td><td>Universidad Nacional de C\u00f3rdoba<\/td><td>Argentina, Brasil, EE.UU.<\/td><td>30.000<\/td><\/tr><tr><td>216<\/td><td>Efectos del aumento de la urbanizaci\u00f3n y la intensificaci\u00f3n agr\u00edcola en la cobertura de la tierra y los balances de carbono en la regi\u00f3n subtropical de Am\u00e9rica<\/td><td>RICARDO GRAU chilograu_AT_gmail.com<\/td><td>Argentina<\/td><td>Universidad Nacional de Tucum\u00e1n<\/td><td>Argentina, Puerto Rico, Rep\u00fablica Dominicana<\/td><td>30.000<\/td><\/tr><tr><td>225<\/td><td>Comprensi\u00f3n de las dimensiones ecol\u00f3gicas, biof\u00edsicas y humanas de los bosques secos tropicales:un taller regional<\/td><td>ARTURO G. SANCHEZ AZOFEIFA arturo.sanchez_AT_ualberta.ca<\/td><td>Canad\u00e1<\/td><td>University of Alberta<\/td><td>Canad\u00e1, Costa Rica, EE.UU:, M\u00e9xico, Panam\u00e1, Venezuela<\/td><td>30.000<\/td><\/tr><tr><td>226<\/td><td>Ecosistemas costeros de la regi\u00f3n sudamericana: un sistema integrado de gesti\u00f3n y distribuci\u00f3n de datos satelitales<\/td><td>OSVALDO ULLOA Q. oulloa_AT_profc.udec.cl<\/td><td>Chile<\/td><td>Universidad de Concepci\u00f3n<\/td><td>Argentina, Brasil, Canad\u00e1, Chile, EE.UU., Venezuela<\/td><td>30.000<\/td><\/tr><tr><td>230<\/td><td>\u00bfPueden las ciudades reducir el calentamiento global? El desarrollo urbano y el ciclo del carbono en Am\u00e9rica Latina<\/td><td>PATRICIA ROMERO LANKAO prlankao_AT_ucar.edu<\/td><td>Mexico<\/td><td>Universidad Aut\u00f3noma Metropolitana<\/td><td>Argentina, Chile, M\u00e9xico<\/td><td>30.000<\/td><\/tr><tr><td>233<\/td><td>Evaluaci\u00f3n de la resiliencia y din\u00e1mica de las poblaciones de coral: un taller para la investigaci\u00f3n dirigida a la din\u00e1mica de reclutamiento de especies coralinas mesoamericanas<\/td><td>PETER F. SALE sale_AT_uwindsor.ca<\/td><td>Canad\u00e1<\/td><td>United Nations University<\/td><td>Canad\u00e1, Irlanda, EE.UU., M\u00e9xico<\/td><td>15.000<\/td><\/tr><tr><td>240<\/td><td>Estructura de la red tr\u00f3fica en dos lagunas costeras del Oc\u00e9ano Atl\u00e1ntico Sur: un estudio comparativo utilizando proporciones de is\u00f3topos estables<\/td><td>DANIEL NELSON CONDE SCALONE vladddcc_AT_gmail.com<\/td><td>Uruguay<\/td><td>Universidad de la Rep\u00fablica<\/td><td>Brasil, Chile, Uruguay<\/td><td>29.739<\/td><\/tr><tr><td>253<\/td><td>Efectos del bamb\u00fa en la diversidad; productividad y estabilidad de lso bosques amaz\u00f3nico y atl\u00e1ntico<\/td><td>NOEL MICHELE HOLBROOK holbrook_AT_oeb.harvard.edu<\/td><td>EE.UU.<\/td><td>Harvard University<\/td><td>Argentina, Brasil, Colombia, EE.UU.<\/td><td>25.877<\/td><\/tr><tr><td>256<\/td><td>Emisiones m\u00f3viles urbanas en megaciudades de Am\u00e9rica del Sur<\/td><td>LAURA GALLARDO KLENNER lgallard_AT_dim.uchile.cl<\/td><td>Chile<\/td><td>Universidad de Chile<\/td><td>Argentina, Brasil, Chile, Colombia, EE.UU., Per\u00fa<\/td><td>30.000<\/td><\/tr><tr><td>257<\/td><td>Tendancias en el ciclo hidrol\u00f3gico de la Cuenca del Plata: creando conciencia y nuevas herramientas para la gesti\u00f3n del agua<\/td><td>VICENTE RICARDO BARROS barros_AT_at.fcen.uba.ar<\/td><td>Argentina<\/td><td>Universidad de Buenos Aires<\/td><td>Argentina, Brasil, EE.UU., Paraguay, Uruguay<\/td><td>30.000<\/td><\/tr><tr><td>258<\/td><td>Desarrollo de cronolog\u00edas de anillos de de Araucaria angustifolia sensibles al clima en el sudeste de Am\u00e9rica del Sur<\/td><td>FIDEL A. ROIG froig_AT_lab.cricyt.edu.ar<\/td><td>Argentina<\/td><td>Instituto Argentino de Nivolog\u00eda, Glaciolog\u00eda y Ciencias Ambientales<\/td><td>Argentina, Brasil, Canad\u00e1<\/td><td>28.370<\/td><\/tr><tr><td>261<\/td><td>Destino de las sustancias t\u00f3xicas persistentes a lo largo de gradientes latitudinales y verticales en las Am\u00e9ricas<\/td><td>FRANK WANIA frank.wania_AT_utoronto.ca<\/td><td>Canad\u00e1<\/td><td>University of Toronto<\/td><td>Brasil, Canad\u00e1, Chile, Costa Rica, EE.UU.<\/td><td>30.000<\/td><\/tr><tr><td>262<\/td><td>Mejorando la gesti\u00f3n de riesgos clim\u00e1ticos en los cultivos de secano en dos regiones de Am\u00e9rica del Sur: taller regional para elaborar una propuesta de investigaci\u00f3n<\/td><td>AGUSTIN GIMENEZ agimenez_AT_inia.org.uy<\/td><td>Uruguay<\/td><td>Instituto Nacional de Investigaciones Agropecuarias<\/td><td>Argentina, Brasil, Paraguay, Uruguay<\/td><td>24.750<\/td><\/tr><tr><td>266<\/td><td>Inicio de un programa ARGO en el Pac\u00edfico colombiano-mexicano<\/td><td>ARMANDO TRASVINA CASTRO trasvi_AT_cicese.mx<\/td><td>M\u00e9xico<\/td><td>Centro de Investigaci\u00f3n Cient\u00edfica y de Educaci\u00f3n Superior de Ensenada<\/td><td>Canad\u00e1, Colombia, M\u00e9xico<\/td><td>30.000<\/td><\/tr><tr><td>269<\/td><td>Paleo-reconstrucci\u00f3n de la din\u00e1mica de poblaciones de anchoa y sardina frente a la costa de per\u00fa y el norte de Chile en relaci\u00f3n con los cambios clim\u00e1ticos de los \u00faltimos 200 a\u00f1os<\/td><td>DIMITRI GUTIERREZ AGUILAR dgutierrez_AT_imarpe.gob.pe<\/td><td>Per\u00fa<\/td><td>Instituto del Mar del Per\u00fa<\/td><td>Chile, EE.UU., M\u00e9xico, Per\u00fa<\/td><td>30.000<\/td><\/tr><tr><td>272<\/td><td>Evaluaci\u00f3n de los paleohuracanes en el Mar Intraamericano: reconstrucci\u00f3n y an\u00e1lisis sobre la base de registros proxy<\/td><td>JORGE SANCHEZ SESMA jsanchez_AT_tlaloc.imta.mx<\/td><td>M\u00e9xico<\/td><td>Instituto Mexicano de Tecnolog\u00eda del Agua<\/td><td>Costa Rica, EE.UU., M\u00e9xico<\/td><td>30.000<\/td><\/tr><tr><td>274<\/td><td>Rean\u00e1lisis de la base datos de ciclones tropicales de la cuenca Atl\u00e1ntica (con \u00e9nfasis en los huracanes que entran en tierra en Cuba y M\u00e9xico) y actualizaci\u00f3n de la estimaci\u00f3n de riesgos por vientos; olas y precipitaci\u00f3n extremos<\/td><td>RICARDO PRIETO GONZALEZ rprieto_AT_tlaloc.imta.mx<\/td><td>M\u00e9xico<\/td><td>Instituto Mexicano de Tecnolog\u00eda del Agua<\/td><td>Costa Rica, Cuba, EE.UU., M\u00e9xico<\/td><td>30.000<\/td><\/tr><tr><td>276<\/td><td>Dimensiones humanas del cambio ambiental global en \u00e1reas urbanas de Am\u00e9rica Latina: un enfoque de redes<\/td><td>ROBERTO SANCHEZ-RODRIGUEZ roberto.sanchez-rodriguez_AT_ucr.edu<\/td><td>EE.UU.<\/td><td>University of California<\/td><td>Argentina, Brasil, Cuba, EE.UU., M\u00e9xico<\/td><td>28.000<\/td><\/tr><tr><td>278<\/td><td>Cambios ambientales en Am\u00e9rica del Sur en los \u00faltimos 10.000 a\u00f1os: controles en el Atl\u00e1ntico y el Pac\u00edfico y efectos biogeof\u00edsicos<\/td><td>PEDRO LEITE DA SILVA DIAS pldsdias_AT_model.iag.usp.br<\/td><td>Brazil<\/td><td>Universidade de Sao Paulo<\/td><td>Argentina, Brasil, Chile, Venezuela<\/td><td>29.000<\/td><\/tr><tr><td>280<\/td><td>Interacciones tierra-oc\u00e9ano en el Caribe: formulaci\u00f3n de una agenda de investigaci\u00f3n en apoyo de la gesti\u00f3n integrada de cuencas y ecosistemas marinos<\/td><td>MICHAEL E MCCLAIN michael.mcclain_AT_fiu.edu<\/td><td>EE.UU.<\/td><td>Florida International University<\/td><td>EE.UU., Jamaica, Rep\u00fablica Dominicana<\/td><td>29.597<\/td><\/tr><\/tbody><\/table><\/figure>\n","protected":false},"excerpt":{"rendered":"<p>SGP II# T\u00edtulo Investigador Principal (PI) Pa\u00eds del PI Instituci\u00f3n del PI Pa\u00edses participantes Presupuesto (US$) 202 El impacto de los cambios globales en las praderas marinas a lo largo de las Am\u00e9ricas EVAMARIA W. KOCH koch_AT_hpl.umces.edu EE.UU. University of Maryland Brasil, EE.UU., M\u00e9xico 29.978 206 Red Interamericana del Nitr\u00f3geno ROBERT W. HOWARTH rwh2_AT_cornell.edu EE.UU. [&hellip;]<\/p>\n","protected":false},"author":1,"featured_media":7706,"parent":0,"menu_order":0,"comment_status":"closed","ping_status":"closed","template":"elementor_theme","meta":{"_acf_changed":false,"_uag_custom_page_level_css":"","footnotes":""},"class_list":["post-707","page","type-page","status-publish","has-post-thumbnail","hentry"],"acf":[],"yoast_head":"<!-- This site is optimized with the Yoast SEO plugin v27.3 - https:\/\/yoast.com\/product\/yoast-seo-wordpress\/ -->\n<title>2\u00ba Programa de Peque\u00f1os Subsidios (SGP 2) - IAI - Inter-American Institute for Global Change Research<\/title>\n<meta name=\"robots\" content=\"index, follow, max-snippet:-1, max-image-preview:large, max-video-preview:-1\" \/>\n<link rel=\"canonical\" href=\"https:\/\/iai.int\/es\/2o-programa-de-pequenos-subsidios-sgp-2\/\" \/>\n<meta property=\"og:locale\" content=\"es_ES\" \/>\n<meta property=\"og:type\" content=\"article\" \/>\n<meta property=\"og:title\" content=\"2\u00ba Programa de Peque\u00f1os Subsidios (SGP 2) - IAI - Inter-American Institute for Global Change Research\" \/>\n<meta property=\"og:description\" content=\"SGP II# T\u00edtulo Investigador Principal (PI) Pa\u00eds del PI Instituci\u00f3n del PI Pa\u00edses participantes Presupuesto (US$) 202 El impacto de los cambios globales en las praderas marinas a lo largo de las Am\u00e9ricas EVAMARIA W. KOCH koch_AT_hpl.umces.edu EE.UU. University of Maryland Brasil, EE.UU., M\u00e9xico 29.978 206 Red Interamericana del Nitr\u00f3geno ROBERT W. HOWARTH rwh2_AT_cornell.edu EE.UU. [&hellip;]\" \/>\n<meta property=\"og:url\" content=\"https:\/\/iai.int\/es\/2o-programa-de-pequenos-subsidios-sgp-2\/\" \/>\n<meta property=\"og:site_name\" content=\"IAI - Inter-American Institute for Global Change Research\" \/>\n<meta property=\"article:modified_time\" content=\"2025-09-26T22:07:36+00:00\" \/>\n<meta property=\"og:image\" content=\"http:\/\/iai.int\/wp-content\/uploads\/2025\/09\/PROYECTOS-9.png\" \/>\n\t<meta property=\"og:image:width\" content=\"1600\" \/>\n\t<meta property=\"og:image:height\" content=\"498\" \/>\n\t<meta property=\"og:image:type\" content=\"image\/png\" \/>\n<meta name=\"twitter:card\" content=\"summary_large_image\" \/>\n<meta name=\"twitter:label1\" content=\"Tiempo de lectura\" \/>\n\t<meta name=\"twitter:data1\" content=\"4 minutos\" \/>\n<script type=\"application\/ld+json\" class=\"yoast-schema-graph\">{\"@context\":\"https:\\\/\\\/schema.org\",\"@graph\":[{\"@type\":\"WebPage\",\"@id\":\"https:\\\/\\\/iai.int\\\/es\\\/2o-programa-de-pequenos-subsidios-sgp-2\\\/\",\"url\":\"https:\\\/\\\/iai.int\\\/es\\\/2o-programa-de-pequenos-subsidios-sgp-2\\\/\",\"name\":\"2\u00ba Programa de Peque\u00f1os Subsidios (SGP 2) - IAI - Inter-American Institute for Global Change Research\",\"isPartOf\":{\"@id\":\"https:\\\/\\\/iai.int\\\/es\\\/#website\"},\"primaryImageOfPage\":{\"@id\":\"https:\\\/\\\/iai.int\\\/es\\\/2o-programa-de-pequenos-subsidios-sgp-2\\\/#primaryimage\"},\"image\":{\"@id\":\"https:\\\/\\\/iai.int\\\/es\\\/2o-programa-de-pequenos-subsidios-sgp-2\\\/#primaryimage\"},\"thumbnailUrl\":\"https:\\\/\\\/iai.int\\\/wp-content\\\/uploads\\\/2025\\\/09\\\/PROYECTOS-9.png\",\"datePublished\":\"2024-09-14T21:16:39+00:00\",\"dateModified\":\"2025-09-26T22:07:36+00:00\",\"breadcrumb\":{\"@id\":\"https:\\\/\\\/iai.int\\\/es\\\/2o-programa-de-pequenos-subsidios-sgp-2\\\/#breadcrumb\"},\"inLanguage\":\"es\",\"potentialAction\":[{\"@type\":\"ReadAction\",\"target\":[\"https:\\\/\\\/iai.int\\\/es\\\/2o-programa-de-pequenos-subsidios-sgp-2\\\/\"]}]},{\"@type\":\"ImageObject\",\"inLanguage\":\"es\",\"@id\":\"https:\\\/\\\/iai.int\\\/es\\\/2o-programa-de-pequenos-subsidios-sgp-2\\\/#primaryimage\",\"url\":\"https:\\\/\\\/iai.int\\\/wp-content\\\/uploads\\\/2025\\\/09\\\/PROYECTOS-9.png\",\"contentUrl\":\"https:\\\/\\\/iai.int\\\/wp-content\\\/uploads\\\/2025\\\/09\\\/PROYECTOS-9.png\",\"width\":1600,\"height\":498},{\"@type\":\"BreadcrumbList\",\"@id\":\"https:\\\/\\\/iai.int\\\/es\\\/2o-programa-de-pequenos-subsidios-sgp-2\\\/#breadcrumb\",\"itemListElement\":[{\"@type\":\"ListItem\",\"position\":1,\"name\":\"Portada\",\"item\":\"https:\\\/\\\/iai.int\\\/es\\\/\"},{\"@type\":\"ListItem\",\"position\":2,\"name\":\"2\u00ba Programa de Peque\u00f1os Subsidios (SGP 2)\"}]},{\"@type\":\"WebSite\",\"@id\":\"https:\\\/\\\/iai.int\\\/es\\\/#website\",\"url\":\"https:\\\/\\\/iai.int\\\/es\\\/\",\"name\":\"IAI - Inter-American Institute for Global Change Research\",\"description\":\"\",\"publisher\":{\"@id\":\"https:\\\/\\\/iai.int\\\/es\\\/#organization\"},\"potentialAction\":[{\"@type\":\"SearchAction\",\"target\":{\"@type\":\"EntryPoint\",\"urlTemplate\":\"https:\\\/\\\/iai.int\\\/es\\\/?s={search_term_string}\"},\"query-input\":{\"@type\":\"PropertyValueSpecification\",\"valueRequired\":true,\"valueName\":\"search_term_string\"}}],\"inLanguage\":\"es\"},{\"@type\":\"Organization\",\"@id\":\"https:\\\/\\\/iai.int\\\/es\\\/#organization\",\"name\":\"IAI - Inter-American Institute for Global Change Research\",\"url\":\"https:\\\/\\\/iai.int\\\/es\\\/\",\"logo\":{\"@type\":\"ImageObject\",\"inLanguage\":\"es\",\"@id\":\"https:\\\/\\\/iai.int\\\/es\\\/#\\\/schema\\\/logo\\\/image\\\/\",\"url\":\"https:\\\/\\\/iai.int\\\/wp-content\\\/uploads\\\/2025\\\/11\\\/IAI-logo-English-scaled.png\",\"contentUrl\":\"https:\\\/\\\/iai.int\\\/wp-content\\\/uploads\\\/2025\\\/11\\\/IAI-logo-English-scaled.png\",\"width\":2560,\"height\":985,\"caption\":\"IAI - Inter-American Institute for Global Change Research\"},\"image\":{\"@id\":\"https:\\\/\\\/iai.int\\\/es\\\/#\\\/schema\\\/logo\\\/image\\\/\"}}]}<\/script>\n<!-- \/ Yoast SEO plugin. -->","yoast_head_json":{"title":"2\u00ba Programa de Peque\u00f1os Subsidios (SGP 2) - IAI - Inter-American Institute for Global Change Research","robots":{"index":"index","follow":"follow","max-snippet":"max-snippet:-1","max-image-preview":"max-image-preview:large","max-video-preview":"max-video-preview:-1"},"canonical":"https:\/\/iai.int\/es\/2o-programa-de-pequenos-subsidios-sgp-2\/","og_locale":"es_ES","og_type":"article","og_title":"2\u00ba Programa de Peque\u00f1os Subsidios (SGP 2) - IAI - Inter-American Institute for Global Change Research","og_description":"SGP II# T\u00edtulo Investigador Principal (PI) Pa\u00eds del PI Instituci\u00f3n del PI Pa\u00edses participantes Presupuesto (US$) 202 El impacto de los cambios globales en las praderas marinas a lo largo de las Am\u00e9ricas EVAMARIA W. KOCH koch_AT_hpl.umces.edu EE.UU. University of Maryland Brasil, EE.UU., M\u00e9xico 29.978 206 Red Interamericana del Nitr\u00f3geno ROBERT W. HOWARTH rwh2_AT_cornell.edu EE.UU. [&hellip;]","og_url":"https:\/\/iai.int\/es\/2o-programa-de-pequenos-subsidios-sgp-2\/","og_site_name":"IAI - Inter-American Institute for Global Change Research","article_modified_time":"2025-09-26T22:07:36+00:00","og_image":[{"width":1600,"height":498,"url":"http:\/\/iai.int\/wp-content\/uploads\/2025\/09\/PROYECTOS-9.png","type":"image\/png"}],"twitter_card":"summary_large_image","twitter_misc":{"Tiempo de lectura":"4 minutos"},"schema":{"@context":"https:\/\/schema.org","@graph":[{"@type":"WebPage","@id":"https:\/\/iai.int\/es\/2o-programa-de-pequenos-subsidios-sgp-2\/","url":"https:\/\/iai.int\/es\/2o-programa-de-pequenos-subsidios-sgp-2\/","name":"2\u00ba Programa de Peque\u00f1os Subsidios (SGP 2) - IAI - Inter-American Institute for Global Change Research","isPartOf":{"@id":"https:\/\/iai.int\/es\/#website"},"primaryImageOfPage":{"@id":"https:\/\/iai.int\/es\/2o-programa-de-pequenos-subsidios-sgp-2\/#primaryimage"},"image":{"@id":"https:\/\/iai.int\/es\/2o-programa-de-pequenos-subsidios-sgp-2\/#primaryimage"},"thumbnailUrl":"https:\/\/iai.int\/wp-content\/uploads\/2025\/09\/PROYECTOS-9.png","datePublished":"2024-09-14T21:16:39+00:00","dateModified":"2025-09-26T22:07:36+00:00","breadcrumb":{"@id":"https:\/\/iai.int\/es\/2o-programa-de-pequenos-subsidios-sgp-2\/#breadcrumb"},"inLanguage":"es","potentialAction":[{"@type":"ReadAction","target":["https:\/\/iai.int\/es\/2o-programa-de-pequenos-subsidios-sgp-2\/"]}]},{"@type":"ImageObject","inLanguage":"es","@id":"https:\/\/iai.int\/es\/2o-programa-de-pequenos-subsidios-sgp-2\/#primaryimage","url":"https:\/\/iai.int\/wp-content\/uploads\/2025\/09\/PROYECTOS-9.png","contentUrl":"https:\/\/iai.int\/wp-content\/uploads\/2025\/09\/PROYECTOS-9.png","width":1600,"height":498},{"@type":"BreadcrumbList","@id":"https:\/\/iai.int\/es\/2o-programa-de-pequenos-subsidios-sgp-2\/#breadcrumb","itemListElement":[{"@type":"ListItem","position":1,"name":"Portada","item":"https:\/\/iai.int\/es\/"},{"@type":"ListItem","position":2,"name":"2\u00ba Programa de Peque\u00f1os Subsidios (SGP 2)"}]},{"@type":"WebSite","@id":"https:\/\/iai.int\/es\/#website","url":"https:\/\/iai.int\/es\/","name":"IAI - Inter-American Institute for Global Change Research","description":"","publisher":{"@id":"https:\/\/iai.int\/es\/#organization"},"potentialAction":[{"@type":"SearchAction","target":{"@type":"EntryPoint","urlTemplate":"https:\/\/iai.int\/es\/?s={search_term_string}"},"query-input":{"@type":"PropertyValueSpecification","valueRequired":true,"valueName":"search_term_string"}}],"inLanguage":"es"},{"@type":"Organization","@id":"https:\/\/iai.int\/es\/#organization","name":"IAI - Inter-American Institute for Global Change Research","url":"https:\/\/iai.int\/es\/","logo":{"@type":"ImageObject","inLanguage":"es","@id":"https:\/\/iai.int\/es\/#\/schema\/logo\/image\/","url":"https:\/\/iai.int\/wp-content\/uploads\/2025\/11\/IAI-logo-English-scaled.png","contentUrl":"https:\/\/iai.int\/wp-content\/uploads\/2025\/11\/IAI-logo-English-scaled.png","width":2560,"height":985,"caption":"IAI - Inter-American Institute for Global Change Research"},"image":{"@id":"https:\/\/iai.int\/es\/#\/schema\/logo\/image\/"}}]}},"uagb_featured_image_src":{"full":["https:\/\/iai.int\/wp-content\/uploads\/2025\/09\/PROYECTOS-9.png",1600,498,false],"thumbnail":["https:\/\/iai.int\/wp-content\/uploads\/2025\/09\/PROYECTOS-9-150x150.png",150,150,true],"medium":["https:\/\/iai.int\/wp-content\/uploads\/2025\/09\/PROYECTOS-9-300x93.png",300,93,true],"medium_large":["https:\/\/iai.int\/wp-content\/uploads\/2025\/09\/PROYECTOS-9-768x239.png",768,239,true],"large":["https:\/\/iai.int\/wp-content\/uploads\/2025\/09\/PROYECTOS-9-1024x319.png",800,249,true],"1536x1536":["https:\/\/iai.int\/wp-content\/uploads\/2025\/09\/PROYECTOS-9-1536x478.png",1536,478,true],"2048x2048":["https:\/\/iai.int\/wp-content\/uploads\/2025\/09\/PROYECTOS-9.png",1600,498,false]},"uagb_author_info":{"display_name":"admin","author_link":"https:\/\/iai.int\/es\/author\/admin\/"},"uagb_comment_info":0,"uagb_excerpt":"SGP II# T\u00edtulo Investigador Principal (PI) Pa\u00eds del PI Instituci\u00f3n del PI Pa\u00edses participantes Presupuesto (US$) 202 El impacto de los cambios globales en las praderas marinas a lo largo de las Am\u00e9ricas EVAMARIA W. KOCH koch_AT_hpl.umces.edu EE.UU. University of Maryland Brasil, EE.UU., M\u00e9xico 29.978 206 Red Interamericana del Nitr\u00f3geno ROBERT W. HOWARTH rwh2_AT_cornell.edu EE.UU.&hellip;","_links":{"self":[{"href":"https:\/\/iai.int\/es\/wp-json\/wp\/v2\/pages\/707","targetHints":{"allow":["GET"]}}],"collection":[{"href":"https:\/\/iai.int\/es\/wp-json\/wp\/v2\/pages"}],"about":[{"href":"https:\/\/iai.int\/es\/wp-json\/wp\/v2\/types\/page"}],"author":[{"embeddable":true,"href":"https:\/\/iai.int\/es\/wp-json\/wp\/v2\/users\/1"}],"replies":[{"embeddable":true,"href":"https:\/\/iai.int\/es\/wp-json\/wp\/v2\/comments?post=707"}],"version-history":[{"count":1,"href":"https:\/\/iai.int\/es\/wp-json\/wp\/v2\/pages\/707\/revisions"}],"predecessor-version":[{"id":708,"href":"https:\/\/iai.int\/es\/wp-json\/wp\/v2\/pages\/707\/revisions\/708"}],"wp:featuredmedia":[{"embeddable":true,"href":"https:\/\/iai.int\/es\/wp-json\/wp\/v2\/media\/7706"}],"wp:attachment":[{"href":"https:\/\/iai.int\/es\/wp-json\/wp\/v2\/media?parent=707"}],"curies":[{"name":"wp","href":"https:\/\/api.w.org\/{rel}","templated":true}]}}