{"id":702,"date":"2024-09-14T18:13:36","date_gmt":"2024-09-14T21:13:36","guid":{"rendered":"https:\/\/iai.int\/?page_id=702"},"modified":"2025-09-26T16:58:40","modified_gmt":"2025-09-26T21:58:40","slug":"programa-de-pequenos-subsidios-para-las-dimensiones-humanas-sgp-hd","status":"publish","type":"page","link":"https:\/\/iai.int\/es\/programa-de-pequenos-subsidios-para-las-dimensiones-humanas-sgp-hd\/","title":{"rendered":"Programa de Peque\u00f1os Subsidios para las Dimensiones Humanas (SGP-HD)"},"content":{"rendered":"\n<h3 class=\"wp-block-heading\">2007-2011<\/h3>\n\n\n\n<figure class=\"wp-block-table\"><table><thead><tr><th>SGP-HD#<\/th><th>T\u00edtulo<\/th><th>Investigador Principal (PI)<\/th><th>Pa\u00eds del PI<\/th><th>Instituci\u00f3n del PI<\/th><th>Pa\u00edses participantes<\/th><th>Presupuesto (US$)<\/th><\/tr><\/thead><tbody><tr><td>003<\/td><td><a href=\"https:\/\/iai.int\/cambio-climatico-y-riego-en-la-agricultura-hacia-una-mejor-comprension-de-las-fuerzas-motoras-y-las-retroacciones-entre-los-tomadores-de-decisiones-y-el-ambiente-biofisico-y-sus-impactos-en-el-ciclo\/\" data-type=\"page\" data-id=\"866\"><strong>Cambio clim\u00e1tico y riego en la agricultura: hacia una mejor comprensi\u00f3n de las fuerzas motoras y las retroacciones entre los tomadores de decisiones y el ambiente biof\u00edsico y sus impactos en el ciclo hidrol\u00f3gico y el uso de la tierra<\/strong><\/a><\/td><td>FRANCISCO MEZA fmeza_AT_uc.cl<\/td><td>Chile<\/td><td>Pontificia Universidad Cat\u00f3lica de Chile<\/td><td>Argentina, Chile, EE.UU.<\/td><td>246.975<\/td><\/tr><tr><td>004<\/td><td><a href=\"https:\/\/iai.int\/bajando-la-montana-entendiendo-la-vulnerabilidad-de-las-comunidades-andinas-a-la-variabilidad-hidroclimatologica-y-el-cambio-ambiental-global-sgp-hd-004\/\" data-type=\"page\" data-id=\"869\"><strong>Bajando la monta\u00f1a: entendiendo la vulnerabilidad de las comunidades andinas a la variabilidad hidroclimatol\u00f3gica y el cambio ambiental global<\/strong><\/a><\/td><td>DAVID GAUTHIER david.gauthier_AT_smu.ca<\/td><td>Canad\u00e1<\/td><td>Saint Marys University<\/td><td>Argentina, Bolivia, Canad\u00e1, Chile, EE.UU.<\/td><td>221.220<\/td><\/tr><tr><td>005<\/td><td><strong><a href=\"https:\/\/iai.int\/flujo-de-informacion-y-politica-uso-de-diagnosticos-climaticos-y-pronosticos-de-ciclones-para-el-manejo-adaptativo-de-los-recursos-hidricos-ante-incertidumbres-climaticas-en-el-oeste-de-america-del-n\/\" data-type=\"page\" data-id=\"872\">Flujo de informaci\u00f3n y pol\u00edtica: uso de diagn\u00f3sticos clim\u00e1ticos y pron\u00f3sticos de ciclones para el manejo adaptativo de los recursos h\u00eddricos ante incertidumbres clim\u00e1ticas en el oeste de Am\u00e9rica del Norte<\/a>\u00ab<\/strong><\/td><td>CHRISTOPHER SCOTT cascott_AT_email.arizona.edu<\/td><td>EE.UU.<\/td><td>University of Arizona<\/td><td>EE.UU., M\u00e9xico<\/td><td>266.586<\/td><\/tr><tr><td>008<\/td><td><a href=\"https:\/\/iai.int\/impactos-de-las-politicas-de-conservacion-en-los-bosques-secos-tropicales-analisis-regionales-y-con-enfoque-espacial-ante-diferentes-impulsores-sociales-y-naturales-del-uso-de-la-tierra-sgp-hd-008\/\" data-type=\"page\" data-id=\"875\"><strong>Impactos de las pol\u00edticas de conservaci\u00f3n en los bosques secos tropicales: an\u00e1lisis regionales y con enfoque espacial ante diferentes impulsores sociales y naturales del uso de la tierra<\/strong><\/a><\/td><td>ALEXANDER S. P. PFAFF alex.pfaff_AT_duke.edu<\/td><td>EE.UU.<\/td><td>Duke University<\/td><td>Brasil, Costa Rica, EE.UU.<\/td><td>237.849<\/td><\/tr><tr><td>009<\/td><td><a href=\"https:\/\/iai.int\/diseno-de-una-metodologia-para-evaluar-el-conocimiento-local-sobre-cambio-global-y-su-papel-en-la-construccion-de-escenarios-futuros-de-uso-de-la-tierra-por-actores-locales-scenarios-sgp-hd-009\/\" data-type=\"page\" data-id=\"878\"><strong>Dise\u00f1o de una metodolog\u00eda para evaluar el conocimiento local sobre cambio global y su papel en la construcci\u00f3n de escenarios futuros de uso de la tierra por actores locales (SCENARIOS)<\/strong><\/a><\/td><td>JEAN FRANCOIS TOURRAND tourrand_AT_aol.com<\/td><td>Brasil<\/td><td>Universidade de Brasilia<\/td><td>Argentina, Brasil, Canad\u00e1, Uruguay<\/td><td>158.000<\/td><\/tr><tr><td>013<\/td><td><a href=\"https:\/\/iai.int\/adapte-adaptacion-a-los-impactos-de-la-contaminacion-del-aire-y-los-extremos-climaticos-en-la-salud-en-ciudades-latinoamericanas-sgp-hd-013\/\" data-type=\"page\" data-id=\"881\"><strong>Adaptaci\u00f3n a los impactos de la contaminaci\u00f3n del aire y los extremos clim\u00e1ticos en la salud en ciudades latinoamericanas (ADAPTE)<\/strong><\/a><\/td><td>RODNEY MARTINEZ r.martinez_AT_ciifen-int.org<\/td><td>Ecuador<\/td><td>Centro Internacional de Investigaciones sobre el Fen\u00f3meno de El Ni\u00f1o<\/td><td>Argentina, Chile, Colombia, Ecuador, EE.UU., M\u00e9xico<\/td><td>74.000<\/td><\/tr><tr><td>014<\/td><td><a href=\"https:\/\/iai.int\/sistema-de-apoyo-a-las-decisiones-para-la-reduccion-de-riesgos-en-la-agricultura-fase-ii-dss-para-la-soja-en-el-este-de-paraguay-y-en-rio-grande-do-sul-sgp-hd-014\/\" data-type=\"page\" data-id=\"884\"><strong>Sistema de apoyo a las decisiones (DSS) para la reducci\u00f3n de riesgos en la agricultura Fase II: DSS para la soja en el este de Paraguay y en Rio Grande do Sul<\/strong><\/a><\/td><td>CLYDE FRAISSE cfraisse_AT_ufl.edu<\/td><td>EE.UU.<\/td><td>University of Florida<\/td><td>Brasil, EE.UU., Paraguay<\/td><td>75.000<\/td><\/tr><tr><td>2076-HD<\/td><td><a href=\"https:\/\/iai.int\/el-cambio-climatico-la-variabilidad-oceanografica-y-las-pesquerias-artesanales-del-atlantico-sudoccidental-un-proyecto-de-dimensiones-humanas-del-crn2076-2076-hd\/\" data-type=\"page\" data-id=\"887\"><strong>Cambio clim\u00e1tico; variabilidad oceanogr\u00e1fica y las pesquer\u00edas artesanales del Atl\u00e1ntico Sudoccidental (un proyecto de Dimensiones Humanas del CRN2076)<\/strong><\/a><\/td><td>PATR\u00cdZIA RAGGI ABDALLAH patrizia_AT_furg.br<\/td><td>Brasil<\/td><td>Universidade Federal do Rio Grande<\/td><td>Brasil, Canad\u00e1, Reino Unido<\/td><td>&nbsp;<\/td><\/tr><\/tbody><\/table><\/figure>\n\n\n\n<p><\/p>\n","protected":false},"excerpt":{"rendered":"<p>2007-2011 SGP-HD# T\u00edtulo Investigador Principal (PI) Pa\u00eds del PI Instituci\u00f3n del PI Pa\u00edses participantes Presupuesto (US$) 003 Cambio clim\u00e1tico y riego en la agricultura: hacia una mejor comprensi\u00f3n de las fuerzas motoras y las retroacciones entre los tomadores de decisiones y el ambiente biof\u00edsico y sus impactos en el ciclo hidrol\u00f3gico y el uso de [&hellip;]<\/p>\n","protected":false},"author":1,"featured_media":7704,"parent":0,"menu_order":0,"comment_status":"closed","ping_status":"closed","template":"elementor_theme","meta":{"_acf_changed":false,"_uag_custom_page_level_css":"","footnotes":""},"class_list":["post-702","page","type-page","status-publish","has-post-thumbnail","hentry"],"acf":[],"yoast_head":"<!-- This site is optimized with the Yoast SEO plugin v27.3 - https:\/\/yoast.com\/product\/yoast-seo-wordpress\/ -->\n<title>Programa de Peque\u00f1os Subsidios para las Dimensiones Humanas (SGP-HD) - IAI - Inter-American Institute for Global Change Research<\/title>\n<meta name=\"robots\" content=\"index, follow, max-snippet:-1, max-image-preview:large, max-video-preview:-1\" \/>\n<link rel=\"canonical\" href=\"https:\/\/iai.int\/es\/programa-de-pequenos-subsidios-para-las-dimensiones-humanas-sgp-hd\/\" \/>\n<meta property=\"og:locale\" content=\"es_ES\" \/>\n<meta property=\"og:type\" content=\"article\" \/>\n<meta property=\"og:title\" content=\"Programa de Peque\u00f1os Subsidios para las Dimensiones Humanas (SGP-HD) - IAI - Inter-American Institute for Global Change Research\" \/>\n<meta property=\"og:description\" content=\"2007-2011 SGP-HD# T\u00edtulo Investigador Principal (PI) Pa\u00eds del PI Instituci\u00f3n del PI Pa\u00edses participantes Presupuesto (US$) 003 Cambio clim\u00e1tico y riego en la agricultura: hacia una mejor comprensi\u00f3n de las fuerzas motoras y las retroacciones entre los tomadores de decisiones y el ambiente biof\u00edsico y sus impactos en el ciclo hidrol\u00f3gico y el uso de [&hellip;]\" \/>\n<meta property=\"og:url\" content=\"https:\/\/iai.int\/es\/programa-de-pequenos-subsidios-para-las-dimensiones-humanas-sgp-hd\/\" \/>\n<meta property=\"og:site_name\" content=\"IAI - Inter-American Institute for Global Change Research\" \/>\n<meta property=\"article:modified_time\" content=\"2025-09-26T21:58:40+00:00\" \/>\n<meta property=\"og:image\" content=\"https:\/\/iai.int\/wp-content\/uploads\/2025\/09\/PROYECTOS-8.png\" \/>\n\t<meta property=\"og:image:width\" content=\"1600\" \/>\n\t<meta property=\"og:image:height\" content=\"498\" \/>\n\t<meta property=\"og:image:type\" content=\"image\/png\" \/>\n<meta name=\"twitter:card\" content=\"summary_large_image\" \/>\n<meta name=\"twitter:label1\" content=\"Tiempo de lectura\" \/>\n\t<meta name=\"twitter:data1\" content=\"2 minutos\" \/>\n<script type=\"application\/ld+json\" class=\"yoast-schema-graph\">{\"@context\":\"https:\\\/\\\/schema.org\",\"@graph\":[{\"@type\":\"WebPage\",\"@id\":\"https:\\\/\\\/iai.int\\\/es\\\/programa-de-pequenos-subsidios-para-las-dimensiones-humanas-sgp-hd\\\/\",\"url\":\"https:\\\/\\\/iai.int\\\/es\\\/programa-de-pequenos-subsidios-para-las-dimensiones-humanas-sgp-hd\\\/\",\"name\":\"Programa de Peque\u00f1os Subsidios para las Dimensiones Humanas (SGP-HD) - IAI - Inter-American Institute for Global Change Research\",\"isPartOf\":{\"@id\":\"https:\\\/\\\/iai.int\\\/es\\\/#website\"},\"primaryImageOfPage\":{\"@id\":\"https:\\\/\\\/iai.int\\\/es\\\/programa-de-pequenos-subsidios-para-las-dimensiones-humanas-sgp-hd\\\/#primaryimage\"},\"image\":{\"@id\":\"https:\\\/\\\/iai.int\\\/es\\\/programa-de-pequenos-subsidios-para-las-dimensiones-humanas-sgp-hd\\\/#primaryimage\"},\"thumbnailUrl\":\"https:\\\/\\\/iai.int\\\/wp-content\\\/uploads\\\/2025\\\/09\\\/PROYECTOS-8.png\",\"datePublished\":\"2024-09-14T21:13:36+00:00\",\"dateModified\":\"2025-09-26T21:58:40+00:00\",\"breadcrumb\":{\"@id\":\"https:\\\/\\\/iai.int\\\/es\\\/programa-de-pequenos-subsidios-para-las-dimensiones-humanas-sgp-hd\\\/#breadcrumb\"},\"inLanguage\":\"es\",\"potentialAction\":[{\"@type\":\"ReadAction\",\"target\":[\"https:\\\/\\\/iai.int\\\/es\\\/programa-de-pequenos-subsidios-para-las-dimensiones-humanas-sgp-hd\\\/\"]}]},{\"@type\":\"ImageObject\",\"inLanguage\":\"es\",\"@id\":\"https:\\\/\\\/iai.int\\\/es\\\/programa-de-pequenos-subsidios-para-las-dimensiones-humanas-sgp-hd\\\/#primaryimage\",\"url\":\"https:\\\/\\\/iai.int\\\/wp-content\\\/uploads\\\/2025\\\/09\\\/PROYECTOS-8.png\",\"contentUrl\":\"https:\\\/\\\/iai.int\\\/wp-content\\\/uploads\\\/2025\\\/09\\\/PROYECTOS-8.png\",\"width\":1600,\"height\":498},{\"@type\":\"BreadcrumbList\",\"@id\":\"https:\\\/\\\/iai.int\\\/es\\\/programa-de-pequenos-subsidios-para-las-dimensiones-humanas-sgp-hd\\\/#breadcrumb\",\"itemListElement\":[{\"@type\":\"ListItem\",\"position\":1,\"name\":\"Portada\",\"item\":\"https:\\\/\\\/iai.int\\\/es\\\/\"},{\"@type\":\"ListItem\",\"position\":2,\"name\":\"Programa de Peque\u00f1os Subsidios para las Dimensiones Humanas (SGP-HD)\"}]},{\"@type\":\"WebSite\",\"@id\":\"https:\\\/\\\/iai.int\\\/es\\\/#website\",\"url\":\"https:\\\/\\\/iai.int\\\/es\\\/\",\"name\":\"IAI - Inter-American Institute for Global Change Research\",\"description\":\"\",\"publisher\":{\"@id\":\"https:\\\/\\\/iai.int\\\/es\\\/#organization\"},\"potentialAction\":[{\"@type\":\"SearchAction\",\"target\":{\"@type\":\"EntryPoint\",\"urlTemplate\":\"https:\\\/\\\/iai.int\\\/es\\\/?s={search_term_string}\"},\"query-input\":{\"@type\":\"PropertyValueSpecification\",\"valueRequired\":true,\"valueName\":\"search_term_string\"}}],\"inLanguage\":\"es\"},{\"@type\":\"Organization\",\"@id\":\"https:\\\/\\\/iai.int\\\/es\\\/#organization\",\"name\":\"IAI - Inter-American Institute for Global Change Research\",\"url\":\"https:\\\/\\\/iai.int\\\/es\\\/\",\"logo\":{\"@type\":\"ImageObject\",\"inLanguage\":\"es\",\"@id\":\"https:\\\/\\\/iai.int\\\/es\\\/#\\\/schema\\\/logo\\\/image\\\/\",\"url\":\"https:\\\/\\\/iai.int\\\/wp-content\\\/uploads\\\/2025\\\/11\\\/IAI-logo-English-scaled.png\",\"contentUrl\":\"https:\\\/\\\/iai.int\\\/wp-content\\\/uploads\\\/2025\\\/11\\\/IAI-logo-English-scaled.png\",\"width\":2560,\"height\":985,\"caption\":\"IAI - Inter-American Institute for Global Change Research\"},\"image\":{\"@id\":\"https:\\\/\\\/iai.int\\\/es\\\/#\\\/schema\\\/logo\\\/image\\\/\"}}]}<\/script>\n<!-- \/ Yoast SEO plugin. -->","yoast_head_json":{"title":"Programa de Peque\u00f1os Subsidios para las Dimensiones Humanas (SGP-HD) - IAI - Inter-American Institute for Global Change Research","robots":{"index":"index","follow":"follow","max-snippet":"max-snippet:-1","max-image-preview":"max-image-preview:large","max-video-preview":"max-video-preview:-1"},"canonical":"https:\/\/iai.int\/es\/programa-de-pequenos-subsidios-para-las-dimensiones-humanas-sgp-hd\/","og_locale":"es_ES","og_type":"article","og_title":"Programa de Peque\u00f1os Subsidios para las Dimensiones Humanas (SGP-HD) - IAI - Inter-American Institute for Global Change Research","og_description":"2007-2011 SGP-HD# T\u00edtulo Investigador Principal (PI) Pa\u00eds del PI Instituci\u00f3n del PI Pa\u00edses participantes Presupuesto (US$) 003 Cambio clim\u00e1tico y riego en la agricultura: hacia una mejor comprensi\u00f3n de las fuerzas motoras y las retroacciones entre los tomadores de decisiones y el ambiente biof\u00edsico y sus impactos en el ciclo hidrol\u00f3gico y el uso de [&hellip;]","og_url":"https:\/\/iai.int\/es\/programa-de-pequenos-subsidios-para-las-dimensiones-humanas-sgp-hd\/","og_site_name":"IAI - Inter-American Institute for Global Change Research","article_modified_time":"2025-09-26T21:58:40+00:00","og_image":[{"width":1600,"height":498,"url":"https:\/\/iai.int\/wp-content\/uploads\/2025\/09\/PROYECTOS-8.png","type":"image\/png"}],"twitter_card":"summary_large_image","twitter_misc":{"Tiempo de lectura":"2 minutos"},"schema":{"@context":"https:\/\/schema.org","@graph":[{"@type":"WebPage","@id":"https:\/\/iai.int\/es\/programa-de-pequenos-subsidios-para-las-dimensiones-humanas-sgp-hd\/","url":"https:\/\/iai.int\/es\/programa-de-pequenos-subsidios-para-las-dimensiones-humanas-sgp-hd\/","name":"Programa de Peque\u00f1os Subsidios para las Dimensiones Humanas (SGP-HD) - IAI - Inter-American Institute for Global Change Research","isPartOf":{"@id":"https:\/\/iai.int\/es\/#website"},"primaryImageOfPage":{"@id":"https:\/\/iai.int\/es\/programa-de-pequenos-subsidios-para-las-dimensiones-humanas-sgp-hd\/#primaryimage"},"image":{"@id":"https:\/\/iai.int\/es\/programa-de-pequenos-subsidios-para-las-dimensiones-humanas-sgp-hd\/#primaryimage"},"thumbnailUrl":"https:\/\/iai.int\/wp-content\/uploads\/2025\/09\/PROYECTOS-8.png","datePublished":"2024-09-14T21:13:36+00:00","dateModified":"2025-09-26T21:58:40+00:00","breadcrumb":{"@id":"https:\/\/iai.int\/es\/programa-de-pequenos-subsidios-para-las-dimensiones-humanas-sgp-hd\/#breadcrumb"},"inLanguage":"es","potentialAction":[{"@type":"ReadAction","target":["https:\/\/iai.int\/es\/programa-de-pequenos-subsidios-para-las-dimensiones-humanas-sgp-hd\/"]}]},{"@type":"ImageObject","inLanguage":"es","@id":"https:\/\/iai.int\/es\/programa-de-pequenos-subsidios-para-las-dimensiones-humanas-sgp-hd\/#primaryimage","url":"https:\/\/iai.int\/wp-content\/uploads\/2025\/09\/PROYECTOS-8.png","contentUrl":"https:\/\/iai.int\/wp-content\/uploads\/2025\/09\/PROYECTOS-8.png","width":1600,"height":498},{"@type":"BreadcrumbList","@id":"https:\/\/iai.int\/es\/programa-de-pequenos-subsidios-para-las-dimensiones-humanas-sgp-hd\/#breadcrumb","itemListElement":[{"@type":"ListItem","position":1,"name":"Portada","item":"https:\/\/iai.int\/es\/"},{"@type":"ListItem","position":2,"name":"Programa de Peque\u00f1os Subsidios para las Dimensiones Humanas (SGP-HD)"}]},{"@type":"WebSite","@id":"https:\/\/iai.int\/es\/#website","url":"https:\/\/iai.int\/es\/","name":"IAI - Inter-American Institute for Global Change Research","description":"","publisher":{"@id":"https:\/\/iai.int\/es\/#organization"},"potentialAction":[{"@type":"SearchAction","target":{"@type":"EntryPoint","urlTemplate":"https:\/\/iai.int\/es\/?s={search_term_string}"},"query-input":{"@type":"PropertyValueSpecification","valueRequired":true,"valueName":"search_term_string"}}],"inLanguage":"es"},{"@type":"Organization","@id":"https:\/\/iai.int\/es\/#organization","name":"IAI - Inter-American Institute for Global Change Research","url":"https:\/\/iai.int\/es\/","logo":{"@type":"ImageObject","inLanguage":"es","@id":"https:\/\/iai.int\/es\/#\/schema\/logo\/image\/","url":"https:\/\/iai.int\/wp-content\/uploads\/2025\/11\/IAI-logo-English-scaled.png","contentUrl":"https:\/\/iai.int\/wp-content\/uploads\/2025\/11\/IAI-logo-English-scaled.png","width":2560,"height":985,"caption":"IAI - Inter-American Institute for Global Change Research"},"image":{"@id":"https:\/\/iai.int\/es\/#\/schema\/logo\/image\/"}}]}},"uagb_featured_image_src":{"full":["https:\/\/iai.int\/wp-content\/uploads\/2025\/09\/PROYECTOS-8.png",1600,498,false],"thumbnail":["https:\/\/iai.int\/wp-content\/uploads\/2025\/09\/PROYECTOS-8-150x150.png",150,150,true],"medium":["https:\/\/iai.int\/wp-content\/uploads\/2025\/09\/PROYECTOS-8-300x93.png",300,93,true],"medium_large":["https:\/\/iai.int\/wp-content\/uploads\/2025\/09\/PROYECTOS-8-768x239.png",768,239,true],"large":["https:\/\/iai.int\/wp-content\/uploads\/2025\/09\/PROYECTOS-8-1024x319.png",800,249,true],"1536x1536":["https:\/\/iai.int\/wp-content\/uploads\/2025\/09\/PROYECTOS-8-1536x478.png",1536,478,true],"2048x2048":["https:\/\/iai.int\/wp-content\/uploads\/2025\/09\/PROYECTOS-8.png",1600,498,false]},"uagb_author_info":{"display_name":"admin","author_link":"https:\/\/iai.int\/es\/author\/admin\/"},"uagb_comment_info":0,"uagb_excerpt":"2007-2011 SGP-HD# T\u00edtulo Investigador Principal (PI) Pa\u00eds del PI Instituci\u00f3n del PI Pa\u00edses participantes Presupuesto (US$) 003 Cambio clim\u00e1tico y riego en la agricultura: hacia una mejor comprensi\u00f3n de las fuerzas motoras y las retroacciones entre los tomadores de decisiones y el ambiente biof\u00edsico y sus impactos en el ciclo hidrol\u00f3gico y el uso de&hellip;","_links":{"self":[{"href":"https:\/\/iai.int\/es\/wp-json\/wp\/v2\/pages\/702","targetHints":{"allow":["GET"]}}],"collection":[{"href":"https:\/\/iai.int\/es\/wp-json\/wp\/v2\/pages"}],"about":[{"href":"https:\/\/iai.int\/es\/wp-json\/wp\/v2\/types\/page"}],"author":[{"embeddable":true,"href":"https:\/\/iai.int\/es\/wp-json\/wp\/v2\/users\/1"}],"replies":[{"embeddable":true,"href":"https:\/\/iai.int\/es\/wp-json\/wp\/v2\/comments?post=702"}],"version-history":[{"count":10,"href":"https:\/\/iai.int\/es\/wp-json\/wp\/v2\/pages\/702\/revisions"}],"predecessor-version":[{"id":889,"href":"https:\/\/iai.int\/es\/wp-json\/wp\/v2\/pages\/702\/revisions\/889"}],"wp:featuredmedia":[{"embeddable":true,"href":"https:\/\/iai.int\/es\/wp-json\/wp\/v2\/media\/7704"}],"wp:attachment":[{"href":"https:\/\/iai.int\/es\/wp-json\/wp\/v2\/media?parent=702"}],"curies":[{"name":"wp","href":"https:\/\/api.w.org\/{rel}","templated":true}]}}