{"id":700,"date":"2024-09-14T18:11:12","date_gmt":"2024-09-14T21:11:12","guid":{"rendered":"https:\/\/iai.int\/?page_id=700"},"modified":"2025-09-26T16:52:45","modified_gmt":"2025-09-26T21:52:45","slug":"programa-de-pequenos-subsidios-para-investigacion-cooperativa-en-las-americas-sgp-cra","status":"publish","type":"page","link":"https:\/\/iai.int\/es\/programa-de-pequenos-subsidios-para-investigacion-cooperativa-en-las-americas-sgp-cra\/","title":{"rendered":"Programa de Peque\u00f1os Subsidios para Investigaci\u00f3n Cooperativa en las Am\u00e9ricas (SGP-CRA)"},"content":{"rendered":"\n<h3 class=\"wp-block-heading\">2012-2014<\/h3>\n\n\n\n<h4 class=\"wp-block-heading\">Funcionamiento del programa con extensi\u00f3n sin costo hasta el 31 de diciembre de 2015<\/h4>\n\n\n\n<p>En el SGP-CRA participaron 13 de los 19 pa\u00edses miembros del IAI, con 9 PIs y 67 Co-PIs en 53 instituciones. Adem\u00e1s, participaron en el programa 96 estudiantes y 59 de ellos recibieron becas de los proyectos (lo que representa una inversi\u00f3n de US$ 248.819). Las actividades y talleres de capacitaci\u00f3n financiados por los proyectos contaron con la asistencia de 111 estudiantes. El monto total de fondos adicionales apalancados por los proyectos asciende a US$ 13.440.066.<\/p>\n\n\n\n<figure class=\"wp-block-table\"><table><thead><tr><th>SGP-CRA#<\/th><th>T\u00edtulo<\/th><th>Investigador Principal (PI)<\/th><th>Pa\u00eds del PI<\/th><th>Instituci\u00f3n del PI<\/th><th>Pa\u00edses participantes<\/th><th>Presupuesto (US$)<\/th><\/tr><\/thead><tbody><tr><td>005<\/td><td><a href=\"https:\/\/iai.int\/hacia-una-evaluacion-integrada-de-la-seguridad-hidrica-en-el-contexto-del-cambio-global-en-las-americas-sgp-cra-005\/\" data-type=\"page\" data-id=\"843\"><strong>Hacia una evaluaci\u00f3n integrada de la seguridad h\u00eddrica en el contexto del cambio global en las Am\u00e9ricas<\/strong><\/a><\/td><td>CHRISTOPHER SCOTT<br>cascott_AT_email.arizona.edu<\/td><td>EE.UU.<\/td><td>University of Arizona<\/td><td>Argentina, Chile, EE.UU., M\u00e9xico<\/td><td>300.000<\/td><\/tr><tr><td>2015<\/td><td><a href=\"https:\/\/iai.int\/diversus-vinculos-entre-diversidad-funcional-ecosistemas-y-dinamica-social-una-sintesis-final-de-conceptos-metodos-e-informacion-de-base-sgp-cra-2015\/\" data-type=\"page\" data-id=\"846\"><strong>DIVERSUS: V\u00ednculos entre diversidad funcional; ecosistemas y din\u00e1mica social: una s\u00edntesis final de conceptos; m\u00e9todos e informaci\u00f3n de base<\/strong><\/a><\/td><td>SANDRA DIAZ<br>sdiaz_AT_com.uncor.edu<\/td><td>Argentina<\/td><td>Universidad Nacional de C\u00f3rdoba<\/td><td>Argentina, Bolivia, Costa Rica, EE.UU.<\/td><td>300.000<\/td><\/tr><tr><td>2021<\/td><td><a href=\"https:\/\/iai.int\/tropi-dry-dimensiones-humanas-ecologicas-y-biofisicas-de-los-bosques-secos-tropicales-crn-2021\/\" data-type=\"page\" data-id=\"812\"><strong>TROPI-DRY: Dimensiones humanas; ecol\u00f3gicas y biof\u00edsicas de los bosques secos tropicales<\/strong><\/a><\/td><td>ARTURO G. SANCHEZ AZOFEIFA arturo.sanchez_AT_ualberta.ca<\/td><td>Canad\u00e1<\/td><td>University of Alberta<\/td><td>Brasil, Canad\u00e1, Costa Rica, M\u00e9xico<\/td><td>300.000<\/td><\/tr><tr><td>2031<\/td><td><a href=\"https:\/\/iai.int\/de-la-gestion-de-fincas-a-la-gestion-de-paisajes-clima-agua-y-decisiones-sobre-el-uso-del-suelo-en-las-planicies-del-sur-de-america-del-sur-sgp-cra-2031\/\" data-type=\"page\" data-id=\"850\"><strong>De la gesti\u00f3n de fincas a la gesti\u00f3n de paisajes: clima; agua y decisiones sobre el uso del suelo en las planicies del Sur de Am\u00e9rica del Sur<\/strong><\/a><\/td><td>ESTEBAN G. JOBBAGY<br>y FEDERICO BERT<br>jobbagy_AT_gmail.com<br>fbert_AT_agro.uba.ar<\/td><td>Argentina<\/td><td>Universidad de Buenos Aires<\/td><td>Argentina, EE.UU., Paraguay, Uruguay<\/td><td>299.927<\/td><\/tr><tr><td>2047<\/td><td><a href=\"https:\/\/iai.int\/documentacion-comprension-y-proyeccion-de-cambios-en-el-ciclo-hidrologico-de-la-cordillera-americana-crn-2047\/\" data-type=\"page\" data-id=\"818\"><strong>Documentaci\u00f3n; comprensi\u00f3n y proyecci\u00f3n de los cambios en el ciclo hidrol\u00f3gico de la cordillera americana<\/strong><\/a><\/td><td>BRIAN H. LUCKMAN luckman_AT_uwo.ca<\/td><td>Canad\u00e1<\/td><td>University of Western Ontario<\/td><td>Argentina, Canad\u00e1, Chile, EE.UU., M\u00e9xico<\/td><td>246.510<\/td><\/tr><tr><td>2048<\/td><td><a href=\"https:\/\/iai.int\/ciclones-tropicales-que-tocan-tierra-en-la-cuenca-del-pacifico-oriental-sgp-cra-2048\/\" data-type=\"page\" data-id=\"857\"><strong>Ciclones tropicales que tocan tierra en la cuenca del Pac\u00edfico Oriental<\/strong><\/a><\/td><td>GRACIELA BINIMELIS RAGA graciela.raga_AT_gmail.com<\/td><td>M\u00e9xico<\/td><td>Universidad Nacional Aut\u00f3noma de M\u00e9xico<\/td><td>Chile, EE.UU., M\u00e9xico, Panam\u00e1<\/td><td>264.000<\/td><\/tr><tr><td>2050<\/td><td><a href=\"https:\/\/iai.int\/paleotempestologia-de-la-region-caribena-un-estudio-multi-proxy-de-la-variabilidad-espacial-y-temporal-de-la-actividad-de-los-huracanes-en-el-caribe-en-multiples-sitios-crn-2050\/\" data-type=\"page\" data-id=\"825\"><strong>Paleotempestolog\u00eda de la regi\u00f3n caribe\u00f1a: un estudio multi-proxy de la variabilidad espacial y temporal de la actividad de los huracanes en el Caribe en m\u00faltiples sitios<\/strong><\/a><\/td><td>KAM BIU LIU<br>kliu1_AT_lsu.edu<\/td><td>EE.UU.<\/td><td>Louisiana State University<\/td><td>Costa Rica, EE.UU.<\/td><td>299.902<\/td><\/tr><tr><td>2060<\/td><td><a href=\"https:\/\/iai.int\/pequenos-caficultores-y-opciones-de-adaptacion-al-cambio-climatico-riesgos-y-desafios-de-la-certificacion-de-servicios-ecosistemicos-sgp-cra-2060\/\" data-type=\"page\" data-id=\"861\"><strong>Peque\u00f1os caficultores y opciones de adaptaci\u00f3n al cambio clim\u00e1tico: riesgos y desaf\u00edos de la certificaci\u00f3n de servicios ecosist\u00e9micos<\/strong><\/a><\/td><td>EDWIN J. CASTELLANOS ecastell_AT_uvg.edu.gt<\/td><td>Guatemala<\/td><td>Universidad del Valle de Guatemala<\/td><td>Costa Rica, EE.UU., Guatemala, M\u00e9xico, Nicaragua<\/td><td>297.600<\/td><\/tr><tr><td>2076<\/td><td><a href=\"https:\/\/iai.int\/sacc-un-consorcio-internacional-para-el-estudio-de-los-cambios-climaticos-y-globales-relacionados-con-los-oceanos-en-america-del-sur-crn-2076\/\" data-type=\"page\" data-id=\"833\"><strong>SACC: Un consorcio internacional para el estudio de los cambios clim\u00e1ticos y globales relacionados con los oc\u00e9anos en Am\u00e9rica del Sur<\/strong><\/a><\/td><td>ALBERTO PIOLA apiola_AT_hidro.gov.ar<\/td><td>Argentina<\/td><td>Servicio de Hidrograf\u00eda Naval<\/td><td>Argentina, Brasil, Chile, EE.UU., Uruguay<\/td><td>300.000<\/td><\/tr><\/tbody><\/table><\/figure>\n\n\n\n<p><\/p>\n","protected":false},"excerpt":{"rendered":"<p>2012-2014 Funcionamiento del programa con extensi\u00f3n sin costo hasta el 31 de diciembre de 2015 En el SGP-CRA participaron 13 de los 19 pa\u00edses miembros del IAI, con 9 PIs y 67 Co-PIs en 53 instituciones. Adem\u00e1s, participaron en el programa 96 estudiantes y 59 de ellos recibieron becas de los proyectos (lo que representa [&hellip;]<\/p>\n","protected":false},"author":1,"featured_media":7702,"parent":0,"menu_order":0,"comment_status":"closed","ping_status":"closed","template":"elementor_theme","meta":{"_acf_changed":false,"_uag_custom_page_level_css":"","footnotes":""},"class_list":["post-700","page","type-page","status-publish","has-post-thumbnail","hentry"],"acf":[],"yoast_head":"<!-- This site is optimized with the Yoast SEO plugin v27.3 - https:\/\/yoast.com\/product\/yoast-seo-wordpress\/ -->\n<title>Programa de Peque\u00f1os Subsidios para Investigaci\u00f3n Cooperativa en las Am\u00e9ricas (SGP-CRA) - IAI - Inter-American Institute for Global Change Research<\/title>\n<meta name=\"robots\" content=\"index, follow, max-snippet:-1, max-image-preview:large, max-video-preview:-1\" \/>\n<link rel=\"canonical\" href=\"https:\/\/iai.int\/es\/programa-de-pequenos-subsidios-para-investigacion-cooperativa-en-las-americas-sgp-cra\/\" \/>\n<meta property=\"og:locale\" content=\"es_ES\" \/>\n<meta property=\"og:type\" content=\"article\" \/>\n<meta property=\"og:title\" content=\"Programa de Peque\u00f1os Subsidios para Investigaci\u00f3n Cooperativa en las Am\u00e9ricas (SGP-CRA) - IAI - Inter-American Institute for Global Change Research\" \/>\n<meta property=\"og:description\" content=\"2012-2014 Funcionamiento del programa con extensi\u00f3n sin costo hasta el 31 de diciembre de 2015 En el SGP-CRA participaron 13 de los 19 pa\u00edses miembros del IAI, con 9 PIs y 67 Co-PIs en 53 instituciones. Adem\u00e1s, participaron en el programa 96 estudiantes y 59 de ellos recibieron becas de los proyectos (lo que representa [&hellip;]\" \/>\n<meta property=\"og:url\" content=\"https:\/\/iai.int\/es\/programa-de-pequenos-subsidios-para-investigacion-cooperativa-en-las-americas-sgp-cra\/\" \/>\n<meta property=\"og:site_name\" content=\"IAI - Inter-American Institute for Global Change Research\" \/>\n<meta property=\"article:modified_time\" content=\"2025-09-26T21:52:45+00:00\" \/>\n<meta property=\"og:image\" content=\"https:\/\/iai.int\/wp-content\/uploads\/2025\/09\/PROYECTOS-6.png\" \/>\n\t<meta property=\"og:image:width\" content=\"1600\" \/>\n\t<meta property=\"og:image:height\" content=\"498\" \/>\n\t<meta property=\"og:image:type\" content=\"image\/png\" \/>\n<meta name=\"twitter:card\" content=\"summary_large_image\" \/>\n<meta name=\"twitter:label1\" content=\"Tiempo de lectura\" \/>\n\t<meta name=\"twitter:data1\" content=\"2 minutos\" \/>\n<script type=\"application\/ld+json\" class=\"yoast-schema-graph\">{\"@context\":\"https:\\\/\\\/schema.org\",\"@graph\":[{\"@type\":\"WebPage\",\"@id\":\"https:\\\/\\\/iai.int\\\/es\\\/programa-de-pequenos-subsidios-para-investigacion-cooperativa-en-las-americas-sgp-cra\\\/\",\"url\":\"https:\\\/\\\/iai.int\\\/es\\\/programa-de-pequenos-subsidios-para-investigacion-cooperativa-en-las-americas-sgp-cra\\\/\",\"name\":\"Programa de Peque\u00f1os Subsidios para Investigaci\u00f3n Cooperativa en las Am\u00e9ricas (SGP-CRA) - IAI - Inter-American Institute for Global Change Research\",\"isPartOf\":{\"@id\":\"https:\\\/\\\/iai.int\\\/es\\\/#website\"},\"primaryImageOfPage\":{\"@id\":\"https:\\\/\\\/iai.int\\\/es\\\/programa-de-pequenos-subsidios-para-investigacion-cooperativa-en-las-americas-sgp-cra\\\/#primaryimage\"},\"image\":{\"@id\":\"https:\\\/\\\/iai.int\\\/es\\\/programa-de-pequenos-subsidios-para-investigacion-cooperativa-en-las-americas-sgp-cra\\\/#primaryimage\"},\"thumbnailUrl\":\"https:\\\/\\\/iai.int\\\/wp-content\\\/uploads\\\/2025\\\/09\\\/PROYECTOS-6.png\",\"datePublished\":\"2024-09-14T21:11:12+00:00\",\"dateModified\":\"2025-09-26T21:52:45+00:00\",\"breadcrumb\":{\"@id\":\"https:\\\/\\\/iai.int\\\/es\\\/programa-de-pequenos-subsidios-para-investigacion-cooperativa-en-las-americas-sgp-cra\\\/#breadcrumb\"},\"inLanguage\":\"es\",\"potentialAction\":[{\"@type\":\"ReadAction\",\"target\":[\"https:\\\/\\\/iai.int\\\/es\\\/programa-de-pequenos-subsidios-para-investigacion-cooperativa-en-las-americas-sgp-cra\\\/\"]}]},{\"@type\":\"ImageObject\",\"inLanguage\":\"es\",\"@id\":\"https:\\\/\\\/iai.int\\\/es\\\/programa-de-pequenos-subsidios-para-investigacion-cooperativa-en-las-americas-sgp-cra\\\/#primaryimage\",\"url\":\"https:\\\/\\\/iai.int\\\/wp-content\\\/uploads\\\/2025\\\/09\\\/PROYECTOS-6.png\",\"contentUrl\":\"https:\\\/\\\/iai.int\\\/wp-content\\\/uploads\\\/2025\\\/09\\\/PROYECTOS-6.png\",\"width\":1600,\"height\":498},{\"@type\":\"BreadcrumbList\",\"@id\":\"https:\\\/\\\/iai.int\\\/es\\\/programa-de-pequenos-subsidios-para-investigacion-cooperativa-en-las-americas-sgp-cra\\\/#breadcrumb\",\"itemListElement\":[{\"@type\":\"ListItem\",\"position\":1,\"name\":\"Portada\",\"item\":\"https:\\\/\\\/iai.int\\\/es\\\/\"},{\"@type\":\"ListItem\",\"position\":2,\"name\":\"Programa de Peque\u00f1os Subsidios para Investigaci\u00f3n Cooperativa en las Am\u00e9ricas (SGP-CRA)\"}]},{\"@type\":\"WebSite\",\"@id\":\"https:\\\/\\\/iai.int\\\/es\\\/#website\",\"url\":\"https:\\\/\\\/iai.int\\\/es\\\/\",\"name\":\"IAI - Inter-American Institute for Global Change Research\",\"description\":\"\",\"publisher\":{\"@id\":\"https:\\\/\\\/iai.int\\\/es\\\/#organization\"},\"potentialAction\":[{\"@type\":\"SearchAction\",\"target\":{\"@type\":\"EntryPoint\",\"urlTemplate\":\"https:\\\/\\\/iai.int\\\/es\\\/?s={search_term_string}\"},\"query-input\":{\"@type\":\"PropertyValueSpecification\",\"valueRequired\":true,\"valueName\":\"search_term_string\"}}],\"inLanguage\":\"es\"},{\"@type\":\"Organization\",\"@id\":\"https:\\\/\\\/iai.int\\\/es\\\/#organization\",\"name\":\"IAI - Inter-American Institute for Global Change Research\",\"url\":\"https:\\\/\\\/iai.int\\\/es\\\/\",\"logo\":{\"@type\":\"ImageObject\",\"inLanguage\":\"es\",\"@id\":\"https:\\\/\\\/iai.int\\\/es\\\/#\\\/schema\\\/logo\\\/image\\\/\",\"url\":\"https:\\\/\\\/iai.int\\\/wp-content\\\/uploads\\\/2025\\\/11\\\/IAI-logo-English-scaled.png\",\"contentUrl\":\"https:\\\/\\\/iai.int\\\/wp-content\\\/uploads\\\/2025\\\/11\\\/IAI-logo-English-scaled.png\",\"width\":2560,\"height\":985,\"caption\":\"IAI - Inter-American Institute for Global Change Research\"},\"image\":{\"@id\":\"https:\\\/\\\/iai.int\\\/es\\\/#\\\/schema\\\/logo\\\/image\\\/\"}}]}<\/script>\n<!-- \/ Yoast SEO plugin. -->","yoast_head_json":{"title":"Programa de Peque\u00f1os Subsidios para Investigaci\u00f3n Cooperativa en las Am\u00e9ricas (SGP-CRA) - IAI - Inter-American Institute for Global Change Research","robots":{"index":"index","follow":"follow","max-snippet":"max-snippet:-1","max-image-preview":"max-image-preview:large","max-video-preview":"max-video-preview:-1"},"canonical":"https:\/\/iai.int\/es\/programa-de-pequenos-subsidios-para-investigacion-cooperativa-en-las-americas-sgp-cra\/","og_locale":"es_ES","og_type":"article","og_title":"Programa de Peque\u00f1os Subsidios para Investigaci\u00f3n Cooperativa en las Am\u00e9ricas (SGP-CRA) - IAI - Inter-American Institute for Global Change Research","og_description":"2012-2014 Funcionamiento del programa con extensi\u00f3n sin costo hasta el 31 de diciembre de 2015 En el SGP-CRA participaron 13 de los 19 pa\u00edses miembros del IAI, con 9 PIs y 67 Co-PIs en 53 instituciones. Adem\u00e1s, participaron en el programa 96 estudiantes y 59 de ellos recibieron becas de los proyectos (lo que representa [&hellip;]","og_url":"https:\/\/iai.int\/es\/programa-de-pequenos-subsidios-para-investigacion-cooperativa-en-las-americas-sgp-cra\/","og_site_name":"IAI - Inter-American Institute for Global Change Research","article_modified_time":"2025-09-26T21:52:45+00:00","og_image":[{"width":1600,"height":498,"url":"https:\/\/iai.int\/wp-content\/uploads\/2025\/09\/PROYECTOS-6.png","type":"image\/png"}],"twitter_card":"summary_large_image","twitter_misc":{"Tiempo de lectura":"2 minutos"},"schema":{"@context":"https:\/\/schema.org","@graph":[{"@type":"WebPage","@id":"https:\/\/iai.int\/es\/programa-de-pequenos-subsidios-para-investigacion-cooperativa-en-las-americas-sgp-cra\/","url":"https:\/\/iai.int\/es\/programa-de-pequenos-subsidios-para-investigacion-cooperativa-en-las-americas-sgp-cra\/","name":"Programa de Peque\u00f1os Subsidios para Investigaci\u00f3n Cooperativa en las Am\u00e9ricas (SGP-CRA) - IAI - Inter-American Institute for Global Change Research","isPartOf":{"@id":"https:\/\/iai.int\/es\/#website"},"primaryImageOfPage":{"@id":"https:\/\/iai.int\/es\/programa-de-pequenos-subsidios-para-investigacion-cooperativa-en-las-americas-sgp-cra\/#primaryimage"},"image":{"@id":"https:\/\/iai.int\/es\/programa-de-pequenos-subsidios-para-investigacion-cooperativa-en-las-americas-sgp-cra\/#primaryimage"},"thumbnailUrl":"https:\/\/iai.int\/wp-content\/uploads\/2025\/09\/PROYECTOS-6.png","datePublished":"2024-09-14T21:11:12+00:00","dateModified":"2025-09-26T21:52:45+00:00","breadcrumb":{"@id":"https:\/\/iai.int\/es\/programa-de-pequenos-subsidios-para-investigacion-cooperativa-en-las-americas-sgp-cra\/#breadcrumb"},"inLanguage":"es","potentialAction":[{"@type":"ReadAction","target":["https:\/\/iai.int\/es\/programa-de-pequenos-subsidios-para-investigacion-cooperativa-en-las-americas-sgp-cra\/"]}]},{"@type":"ImageObject","inLanguage":"es","@id":"https:\/\/iai.int\/es\/programa-de-pequenos-subsidios-para-investigacion-cooperativa-en-las-americas-sgp-cra\/#primaryimage","url":"https:\/\/iai.int\/wp-content\/uploads\/2025\/09\/PROYECTOS-6.png","contentUrl":"https:\/\/iai.int\/wp-content\/uploads\/2025\/09\/PROYECTOS-6.png","width":1600,"height":498},{"@type":"BreadcrumbList","@id":"https:\/\/iai.int\/es\/programa-de-pequenos-subsidios-para-investigacion-cooperativa-en-las-americas-sgp-cra\/#breadcrumb","itemListElement":[{"@type":"ListItem","position":1,"name":"Portada","item":"https:\/\/iai.int\/es\/"},{"@type":"ListItem","position":2,"name":"Programa de Peque\u00f1os Subsidios para Investigaci\u00f3n Cooperativa en las Am\u00e9ricas (SGP-CRA)"}]},{"@type":"WebSite","@id":"https:\/\/iai.int\/es\/#website","url":"https:\/\/iai.int\/es\/","name":"IAI - Inter-American Institute for Global Change Research","description":"","publisher":{"@id":"https:\/\/iai.int\/es\/#organization"},"potentialAction":[{"@type":"SearchAction","target":{"@type":"EntryPoint","urlTemplate":"https:\/\/iai.int\/es\/?s={search_term_string}"},"query-input":{"@type":"PropertyValueSpecification","valueRequired":true,"valueName":"search_term_string"}}],"inLanguage":"es"},{"@type":"Organization","@id":"https:\/\/iai.int\/es\/#organization","name":"IAI - Inter-American Institute for Global Change Research","url":"https:\/\/iai.int\/es\/","logo":{"@type":"ImageObject","inLanguage":"es","@id":"https:\/\/iai.int\/es\/#\/schema\/logo\/image\/","url":"https:\/\/iai.int\/wp-content\/uploads\/2025\/11\/IAI-logo-English-scaled.png","contentUrl":"https:\/\/iai.int\/wp-content\/uploads\/2025\/11\/IAI-logo-English-scaled.png","width":2560,"height":985,"caption":"IAI - Inter-American Institute for Global Change Research"},"image":{"@id":"https:\/\/iai.int\/es\/#\/schema\/logo\/image\/"}}]}},"uagb_featured_image_src":{"full":["https:\/\/iai.int\/wp-content\/uploads\/2025\/09\/PROYECTOS-6.png",1600,498,false],"thumbnail":["https:\/\/iai.int\/wp-content\/uploads\/2025\/09\/PROYECTOS-6-150x150.png",150,150,true],"medium":["https:\/\/iai.int\/wp-content\/uploads\/2025\/09\/PROYECTOS-6-300x93.png",300,93,true],"medium_large":["https:\/\/iai.int\/wp-content\/uploads\/2025\/09\/PROYECTOS-6-768x239.png",768,239,true],"large":["https:\/\/iai.int\/wp-content\/uploads\/2025\/09\/PROYECTOS-6-1024x319.png",800,249,true],"1536x1536":["https:\/\/iai.int\/wp-content\/uploads\/2025\/09\/PROYECTOS-6-1536x478.png",1536,478,true],"2048x2048":["https:\/\/iai.int\/wp-content\/uploads\/2025\/09\/PROYECTOS-6.png",1600,498,false]},"uagb_author_info":{"display_name":"admin","author_link":"https:\/\/iai.int\/es\/author\/admin\/"},"uagb_comment_info":0,"uagb_excerpt":"2012-2014 Funcionamiento del programa con extensi\u00f3n sin costo hasta el 31 de diciembre de 2015 En el SGP-CRA participaron 13 de los 19 pa\u00edses miembros del IAI, con 9 PIs y 67 Co-PIs en 53 instituciones. Adem\u00e1s, participaron en el programa 96 estudiantes y 59 de ellos recibieron becas de los proyectos (lo que representa&hellip;","_links":{"self":[{"href":"https:\/\/iai.int\/es\/wp-json\/wp\/v2\/pages\/700","targetHints":{"allow":["GET"]}}],"collection":[{"href":"https:\/\/iai.int\/es\/wp-json\/wp\/v2\/pages"}],"about":[{"href":"https:\/\/iai.int\/es\/wp-json\/wp\/v2\/types\/page"}],"author":[{"embeddable":true,"href":"https:\/\/iai.int\/es\/wp-json\/wp\/v2\/users\/1"}],"replies":[{"embeddable":true,"href":"https:\/\/iai.int\/es\/wp-json\/wp\/v2\/comments?post=700"}],"version-history":[{"count":12,"href":"https:\/\/iai.int\/es\/wp-json\/wp\/v2\/pages\/700\/revisions"}],"predecessor-version":[{"id":1201,"href":"https:\/\/iai.int\/es\/wp-json\/wp\/v2\/pages\/700\/revisions\/1201"}],"wp:featuredmedia":[{"embeddable":true,"href":"https:\/\/iai.int\/es\/wp-json\/wp\/v2\/media\/7702"}],"wp:attachment":[{"href":"https:\/\/iai.int\/es\/wp-json\/wp\/v2\/media?parent=700"}],"curies":[{"name":"wp","href":"https:\/\/api.w.org\/{rel}","templated":true}]}}