{"id":698,"date":"2024-09-14T18:09:21","date_gmt":"2024-09-14T21:09:21","guid":{"rendered":"https:\/\/iai.int\/?page_id=698"},"modified":"2025-09-26T16:49:48","modified_gmt":"2025-09-26T21:49:48","slug":"1o-programa-de-redes-de-investigacion-cooperativa-crn-1","status":"publish","type":"page","link":"https:\/\/iai.int\/es\/1o-programa-de-redes-de-investigacion-cooperativa-crn-1\/","title":{"rendered":"1\u00ba Programa de Redes de Investigaci\u00f3n Cooperativa (CRN 1)"},"content":{"rendered":"\n<p>La idea sobre la que se apoy\u00f3 el primer Programa de Redes de Investigaci\u00f3n Cooperativa (CRN 1), 1999-2006 era que para abordar las cuestiones regionales del cambio global de manera efectiva se requiere del desarrollo de una red activa de cient\u00edficos que trascienda las fronteras de los pa\u00edses. El programa CRN fue creado para contribuir al desarrollo de redes de cient\u00edficos e instituciones de investigaci\u00f3n que trabajen de manera conjunta e integrada en un tema com\u00fan del cambio global de importancia regional. Este programa tuvo 14 proyectos.<\/p>\n\n\n\n<figure class=\"wp-block-table\"><table><thead><tr><th>CRN#<\/th><th>T\u00edtulo<\/th><th>Investigador Principal (PI)<\/th><th>Pa\u00eds del PI<\/th><th>Instituci\u00f3n del PI<\/th><th>Pa\u00edses participantes<\/th><th>Presupuesto (US$)<\/th><\/tr><\/thead><tbody><tr><td>001<\/td><td>Los ciclos biogeoqu\u00edmicos ante el cambio en el uso de la tierra en las regiones semi\u00e1ridas de las Am\u00e9ricas<\/td><td>HOLM TIESSEN htiessen_AT_dir.iai.int<\/td><td>Canad\u00e1<\/td><td>University of Saskatchewan<\/td><td>Argentina, Brasil, Canad\u00e1, M\u00e9xico, Venezuela<\/td><td>818.000<\/td><\/tr><tr><td>003<\/td><td>Evaluaci\u00f3n de la variabilidad clim\u00e1tica presente; pasada y futura en las Am\u00e9ricas a partir de ambientes arbolados<\/td><td>BRIAN H. LUCKMAN luckman_AT_uwo.ca<\/td><td>Canad\u00e1<\/td><td>University of Western Ontario<\/td><td>Argentina, Bolivia, Canad\u00e1, Chile, EE.UU., Mexico<\/td><td>820.000<\/td><\/tr><tr><td>009<\/td><td>Ganader\u00eda; uso de la tierra y deforestaci\u00f3n en la Amazon\u00eda: un an\u00e1lisis comparativo de Brasil y Per\u00fa<\/td><td>CHARLES H. WOOD cwood_AT_latam.ufl.edu<\/td><td>EE.UU.<\/td><td>University of Florida<\/td><td>Brasil, Canad\u00e1, Ecuador, EE.UU., Per\u00fa<\/td><td>658.284<\/td><\/tr><tr><td>012<\/td><td>Efectos de la biodiversidad en el funcionamiento de los ecosistemas: una comparaci\u00f3n a trav\u00e9s de las Am\u00e9ricas<\/td><td>OSVALDO E. SALA Osvaldo_Sala_AT_brown.edu<\/td><td>Argentina<\/td><td>Universidad de Buenos Aires<\/td><td>Argentina, Chile, EE.UU., M\u00e9xico, Uruguay, Venezuela<\/td><td>819.826<\/td><\/tr><tr><td>026<\/td><td>Intensificaci\u00f3n de la radiaci\u00f3n ultravioleta-B en ecosistemas naturales como perturbaci\u00f3n adicional debida a la disminuci\u00f3n del ozono<\/td><td>MARIA VERNET mvernet_AT_ucsd.edu<\/td><td>EE.UU.<\/td><td>Scripps Institution of Oceanography<\/td><td>Argentina, Brasil, Canad\u00e1, Chile, EE.UU.<\/td><td>820,000<\/td><\/tr><tr><td>031<\/td><td>Manejo del riesgo de desastres ENSO en Am\u00e9rica Latina: propuesta para la consolidaci\u00f3n de una red regional para estudios comparativos; informaci\u00f3n y capacitaci\u00f3n desde una perspectiva social<\/td><td>ALLAN LAVELL allan_lavell_AT_yahoo.com<\/td><td>Costa Rica<\/td><td>Facultad Latinoamericana de Ciencias Sociales<\/td><td>Argentina, Brasil, Colombia, Costa Rica, Ecuador, EE.UU., Mexico, Per\u00fa<\/td><td>808.920<\/td><\/tr><tr><td>038<\/td><td>Estudio de m\u00faltiples objetivos de la variabilidad clim\u00e1tica para la mitigaci\u00f3n de impactos en la compleja regi\u00f3n clim\u00e1tica de convergencia de los alisios<\/td><td>MARIA DEL PILAR CORNEJO DE GRUNAUER jgrunaue_AT_ecua.net.ec; pcornejo_AT_goliat.espol.edu.ec<\/td><td>Ecuador<\/td><td>Escuela Superior Polit\u00e9cnica del Litoral<\/td><td>Canad\u00e1, Chile, Colombia, Costa Rica, Ecuador, EE.UU., M\u00e9xico, Panam\u00e1<\/td><td>809.600<\/td><\/tr><tr><td>040<\/td><td>Estudios comparativos de los efectos del cambio global en la vegetaci\u00f3n de dos ecosistemas tropicales: la alta monta\u00f1a y la sabana estacional<\/td><td>JUAN F. SILVA ARMAS juan_silva004_AT_hotmail.com jsilva_AT_ula.ve<\/td><td>Venezuela<\/td><td>Universidad de los Andes<\/td><td>Argentina, Brasil, Colombia, EE.UU., Venezuela<\/td><td>552.000<\/td><\/tr><tr><td>047<\/td><td>AARAM: An\u00e1lisis y monitoreo de los r\u00edos andino-amaz\u00f3nicos<\/td><td>MICHAEL E. MCCLAIN michael.mcclain_AT_fiu.edu<\/td><td>EE.UU.<\/td><td>Florida International University<\/td><td>Bolivia, Brasil, Colombia, Ecuador, EE.UU.,Per\u00fa<\/td><td>788.830<\/td><\/tr><tr><td>048<\/td><td>Diagn\u00f3stico y predicci\u00f3n de la variabilidad clim\u00e1tica y sus impactos en la salud humana en las regiones tropicales de las Am\u00e9ricas<\/td><td>ULISSES CONFALONIERI uconfalonieri_AT_gmail.com pmags_AT_ensp.fiocruz.br<\/td><td>Brazil<\/td><td>Fundacao Oswaldo Cruz<\/td><td>Brazil, Colombia, Jamaica, Mexico, USA, Venezuela<\/td><td>799,498<\/td><\/tr><tr><td>055<\/td><td>Creaci\u00f3n de una Red de Investigaci\u00f3n Cooperativa para el estudio de la variabilidad y cambio del clima; su predicci\u00f3n e impactos en la regi\u00f3n del MERCOSUR<\/td><td>MARIO NESTOR NU\u00d1EZ mnunez_AT_cima.fcen.uba.ar<\/td><td>Argentina<\/td><td>Universidad de Buenos Aires<\/td><td>Argentina, Brasil, EE.UU., Paraguay, Uruguay<\/td><td>819.180<\/td><\/tr><tr><td>061<\/td><td>SACC: Un consorcio internacional para el estudio de los cambios globales y clim\u00e1ticos en el Atl\u00e1ntico Sudoccidental<\/td><td>EDMO J.D. CAMPOS edmo_AT_usp.br<\/td><td>Brazil<\/td><td>Universidade de Sao Paulo<\/td><td>Argentina, Brasil, EE.UU., Uruguay<\/td><td>819.000<\/td><\/tr><tr><td>062<\/td><td>Estudios comparativos y evaluaci\u00f3n de los impactos del cambio global en los ecosistemas pel\u00e1gicos y costeros de las corrientes del margen oriental del Pac\u00edfico Norte y Sur<\/td><td>TIMOTHY M. BAUMGARTNER tbaumgar_AT_cicese.mx<\/td><td>Mexico<\/td><td>Centro de Investigaci\u00f3n Cient\u00edfica y de Educaci\u00f3n Superior de Ensenada<\/td><td>Canad\u00e1, Chile, Colombia, Costa Rica, Ecuador, EE.UU., M\u00e9xico, Per\u00fa<\/td><td>820.000<\/td><\/tr><tr><td>073<\/td><td>Variabilidad clim\u00e1tica y sus impactos en la regi\u00f3n mexicana de Am\u00e9rica Central y el Caribe<\/td><td>VICTOR O. MAGA\u00d1A RUEDA victormr_AT_servidor.unam.mx<\/td><td>Mexico<\/td><td>Universidad Nacional Aut\u00f3noma de M\u00e9xico<\/td><td>Brasil, Costa Rica, EE.UU., M\u00e9xico<\/td><td>293.300<\/td><\/tr><\/tbody><\/table><\/figure>\n","protected":false},"excerpt":{"rendered":"<p>La idea sobre la que se apoy\u00f3 el primer Programa de Redes de Investigaci\u00f3n Cooperativa (CRN 1), 1999-2006 era que para abordar las cuestiones regionales del cambio global de manera efectiva se requiere del desarrollo de una red activa de cient\u00edficos que trascienda las fronteras de los pa\u00edses. El programa CRN fue creado para contribuir [&hellip;]<\/p>\n","protected":false},"author":1,"featured_media":7700,"parent":0,"menu_order":0,"comment_status":"closed","ping_status":"closed","template":"elementor_theme","meta":{"_acf_changed":false,"_uag_custom_page_level_css":"","footnotes":""},"class_list":["post-698","page","type-page","status-publish","has-post-thumbnail","hentry"],"acf":[],"yoast_head":"<!-- This site is optimized with the Yoast SEO plugin v27.3 - https:\/\/yoast.com\/product\/yoast-seo-wordpress\/ -->\n<title>1\u00ba Programa de Redes de Investigaci\u00f3n Cooperativa (CRN 1) - IAI - Inter-American Institute for Global Change Research<\/title>\n<meta name=\"robots\" content=\"index, follow, max-snippet:-1, max-image-preview:large, max-video-preview:-1\" \/>\n<link rel=\"canonical\" href=\"https:\/\/iai.int\/es\/1o-programa-de-redes-de-investigacion-cooperativa-crn-1\/\" \/>\n<meta property=\"og:locale\" content=\"es_ES\" \/>\n<meta property=\"og:type\" content=\"article\" \/>\n<meta property=\"og:title\" content=\"1\u00ba Programa de Redes de Investigaci\u00f3n Cooperativa (CRN 1) - IAI - Inter-American Institute for Global Change Research\" \/>\n<meta property=\"og:description\" content=\"La idea sobre la que se apoy\u00f3 el primer Programa de Redes de Investigaci\u00f3n Cooperativa (CRN 1), 1999-2006 era que para abordar las cuestiones regionales del cambio global de manera efectiva se requiere del desarrollo de una red activa de cient\u00edficos que trascienda las fronteras de los pa\u00edses. El programa CRN fue creado para contribuir [&hellip;]\" \/>\n<meta property=\"og:url\" content=\"https:\/\/iai.int\/es\/1o-programa-de-redes-de-investigacion-cooperativa-crn-1\/\" \/>\n<meta property=\"og:site_name\" content=\"IAI - Inter-American Institute for Global Change Research\" \/>\n<meta property=\"article:modified_time\" content=\"2025-09-26T21:49:48+00:00\" \/>\n<meta property=\"og:image\" content=\"https:\/\/iai.int\/wp-content\/uploads\/2025\/09\/PROYECTOS-5.png\" \/>\n\t<meta property=\"og:image:width\" content=\"1600\" \/>\n\t<meta property=\"og:image:height\" content=\"498\" \/>\n\t<meta property=\"og:image:type\" content=\"image\/png\" \/>\n<meta name=\"twitter:card\" content=\"summary_large_image\" \/>\n<meta name=\"twitter:label1\" content=\"Tiempo de lectura\" \/>\n\t<meta name=\"twitter:data1\" content=\"3 minutos\" \/>\n<script type=\"application\/ld+json\" class=\"yoast-schema-graph\">{\"@context\":\"https:\\\/\\\/schema.org\",\"@graph\":[{\"@type\":\"WebPage\",\"@id\":\"https:\\\/\\\/iai.int\\\/es\\\/1o-programa-de-redes-de-investigacion-cooperativa-crn-1\\\/\",\"url\":\"https:\\\/\\\/iai.int\\\/es\\\/1o-programa-de-redes-de-investigacion-cooperativa-crn-1\\\/\",\"name\":\"1\u00ba Programa de Redes de Investigaci\u00f3n Cooperativa (CRN 1) - IAI - Inter-American Institute for Global Change Research\",\"isPartOf\":{\"@id\":\"https:\\\/\\\/iai.int\\\/es\\\/#website\"},\"primaryImageOfPage\":{\"@id\":\"https:\\\/\\\/iai.int\\\/es\\\/1o-programa-de-redes-de-investigacion-cooperativa-crn-1\\\/#primaryimage\"},\"image\":{\"@id\":\"https:\\\/\\\/iai.int\\\/es\\\/1o-programa-de-redes-de-investigacion-cooperativa-crn-1\\\/#primaryimage\"},\"thumbnailUrl\":\"https:\\\/\\\/iai.int\\\/wp-content\\\/uploads\\\/2025\\\/09\\\/PROYECTOS-5.png\",\"datePublished\":\"2024-09-14T21:09:21+00:00\",\"dateModified\":\"2025-09-26T21:49:48+00:00\",\"breadcrumb\":{\"@id\":\"https:\\\/\\\/iai.int\\\/es\\\/1o-programa-de-redes-de-investigacion-cooperativa-crn-1\\\/#breadcrumb\"},\"inLanguage\":\"es\",\"potentialAction\":[{\"@type\":\"ReadAction\",\"target\":[\"https:\\\/\\\/iai.int\\\/es\\\/1o-programa-de-redes-de-investigacion-cooperativa-crn-1\\\/\"]}]},{\"@type\":\"ImageObject\",\"inLanguage\":\"es\",\"@id\":\"https:\\\/\\\/iai.int\\\/es\\\/1o-programa-de-redes-de-investigacion-cooperativa-crn-1\\\/#primaryimage\",\"url\":\"https:\\\/\\\/iai.int\\\/wp-content\\\/uploads\\\/2025\\\/09\\\/PROYECTOS-5.png\",\"contentUrl\":\"https:\\\/\\\/iai.int\\\/wp-content\\\/uploads\\\/2025\\\/09\\\/PROYECTOS-5.png\",\"width\":1600,\"height\":498},{\"@type\":\"BreadcrumbList\",\"@id\":\"https:\\\/\\\/iai.int\\\/es\\\/1o-programa-de-redes-de-investigacion-cooperativa-crn-1\\\/#breadcrumb\",\"itemListElement\":[{\"@type\":\"ListItem\",\"position\":1,\"name\":\"Portada\",\"item\":\"https:\\\/\\\/iai.int\\\/es\\\/\"},{\"@type\":\"ListItem\",\"position\":2,\"name\":\"1\u00ba Programa de Redes de Investigaci\u00f3n Cooperativa (CRN 1)\"}]},{\"@type\":\"WebSite\",\"@id\":\"https:\\\/\\\/iai.int\\\/es\\\/#website\",\"url\":\"https:\\\/\\\/iai.int\\\/es\\\/\",\"name\":\"IAI - Inter-American Institute for Global Change Research\",\"description\":\"\",\"publisher\":{\"@id\":\"https:\\\/\\\/iai.int\\\/es\\\/#organization\"},\"potentialAction\":[{\"@type\":\"SearchAction\",\"target\":{\"@type\":\"EntryPoint\",\"urlTemplate\":\"https:\\\/\\\/iai.int\\\/es\\\/?s={search_term_string}\"},\"query-input\":{\"@type\":\"PropertyValueSpecification\",\"valueRequired\":true,\"valueName\":\"search_term_string\"}}],\"inLanguage\":\"es\"},{\"@type\":\"Organization\",\"@id\":\"https:\\\/\\\/iai.int\\\/es\\\/#organization\",\"name\":\"IAI - Inter-American Institute for Global Change Research\",\"url\":\"https:\\\/\\\/iai.int\\\/es\\\/\",\"logo\":{\"@type\":\"ImageObject\",\"inLanguage\":\"es\",\"@id\":\"https:\\\/\\\/iai.int\\\/es\\\/#\\\/schema\\\/logo\\\/image\\\/\",\"url\":\"https:\\\/\\\/iai.int\\\/wp-content\\\/uploads\\\/2025\\\/11\\\/IAI-logo-English-scaled.png\",\"contentUrl\":\"https:\\\/\\\/iai.int\\\/wp-content\\\/uploads\\\/2025\\\/11\\\/IAI-logo-English-scaled.png\",\"width\":2560,\"height\":985,\"caption\":\"IAI - Inter-American Institute for Global Change Research\"},\"image\":{\"@id\":\"https:\\\/\\\/iai.int\\\/es\\\/#\\\/schema\\\/logo\\\/image\\\/\"}}]}<\/script>\n<!-- \/ Yoast SEO plugin. -->","yoast_head_json":{"title":"1\u00ba Programa de Redes de Investigaci\u00f3n Cooperativa (CRN 1) - IAI - Inter-American Institute for Global Change Research","robots":{"index":"index","follow":"follow","max-snippet":"max-snippet:-1","max-image-preview":"max-image-preview:large","max-video-preview":"max-video-preview:-1"},"canonical":"https:\/\/iai.int\/es\/1o-programa-de-redes-de-investigacion-cooperativa-crn-1\/","og_locale":"es_ES","og_type":"article","og_title":"1\u00ba Programa de Redes de Investigaci\u00f3n Cooperativa (CRN 1) - IAI - Inter-American Institute for Global Change Research","og_description":"La idea sobre la que se apoy\u00f3 el primer Programa de Redes de Investigaci\u00f3n Cooperativa (CRN 1), 1999-2006 era que para abordar las cuestiones regionales del cambio global de manera efectiva se requiere del desarrollo de una red activa de cient\u00edficos que trascienda las fronteras de los pa\u00edses. El programa CRN fue creado para contribuir [&hellip;]","og_url":"https:\/\/iai.int\/es\/1o-programa-de-redes-de-investigacion-cooperativa-crn-1\/","og_site_name":"IAI - Inter-American Institute for Global Change Research","article_modified_time":"2025-09-26T21:49:48+00:00","og_image":[{"width":1600,"height":498,"url":"https:\/\/iai.int\/wp-content\/uploads\/2025\/09\/PROYECTOS-5.png","type":"image\/png"}],"twitter_card":"summary_large_image","twitter_misc":{"Tiempo de lectura":"3 minutos"},"schema":{"@context":"https:\/\/schema.org","@graph":[{"@type":"WebPage","@id":"https:\/\/iai.int\/es\/1o-programa-de-redes-de-investigacion-cooperativa-crn-1\/","url":"https:\/\/iai.int\/es\/1o-programa-de-redes-de-investigacion-cooperativa-crn-1\/","name":"1\u00ba Programa de Redes de Investigaci\u00f3n Cooperativa (CRN 1) - IAI - Inter-American Institute for Global Change Research","isPartOf":{"@id":"https:\/\/iai.int\/es\/#website"},"primaryImageOfPage":{"@id":"https:\/\/iai.int\/es\/1o-programa-de-redes-de-investigacion-cooperativa-crn-1\/#primaryimage"},"image":{"@id":"https:\/\/iai.int\/es\/1o-programa-de-redes-de-investigacion-cooperativa-crn-1\/#primaryimage"},"thumbnailUrl":"https:\/\/iai.int\/wp-content\/uploads\/2025\/09\/PROYECTOS-5.png","datePublished":"2024-09-14T21:09:21+00:00","dateModified":"2025-09-26T21:49:48+00:00","breadcrumb":{"@id":"https:\/\/iai.int\/es\/1o-programa-de-redes-de-investigacion-cooperativa-crn-1\/#breadcrumb"},"inLanguage":"es","potentialAction":[{"@type":"ReadAction","target":["https:\/\/iai.int\/es\/1o-programa-de-redes-de-investigacion-cooperativa-crn-1\/"]}]},{"@type":"ImageObject","inLanguage":"es","@id":"https:\/\/iai.int\/es\/1o-programa-de-redes-de-investigacion-cooperativa-crn-1\/#primaryimage","url":"https:\/\/iai.int\/wp-content\/uploads\/2025\/09\/PROYECTOS-5.png","contentUrl":"https:\/\/iai.int\/wp-content\/uploads\/2025\/09\/PROYECTOS-5.png","width":1600,"height":498},{"@type":"BreadcrumbList","@id":"https:\/\/iai.int\/es\/1o-programa-de-redes-de-investigacion-cooperativa-crn-1\/#breadcrumb","itemListElement":[{"@type":"ListItem","position":1,"name":"Portada","item":"https:\/\/iai.int\/es\/"},{"@type":"ListItem","position":2,"name":"1\u00ba Programa de Redes de Investigaci\u00f3n Cooperativa (CRN 1)"}]},{"@type":"WebSite","@id":"https:\/\/iai.int\/es\/#website","url":"https:\/\/iai.int\/es\/","name":"IAI - Inter-American Institute for Global Change Research","description":"","publisher":{"@id":"https:\/\/iai.int\/es\/#organization"},"potentialAction":[{"@type":"SearchAction","target":{"@type":"EntryPoint","urlTemplate":"https:\/\/iai.int\/es\/?s={search_term_string}"},"query-input":{"@type":"PropertyValueSpecification","valueRequired":true,"valueName":"search_term_string"}}],"inLanguage":"es"},{"@type":"Organization","@id":"https:\/\/iai.int\/es\/#organization","name":"IAI - Inter-American Institute for Global Change Research","url":"https:\/\/iai.int\/es\/","logo":{"@type":"ImageObject","inLanguage":"es","@id":"https:\/\/iai.int\/es\/#\/schema\/logo\/image\/","url":"https:\/\/iai.int\/wp-content\/uploads\/2025\/11\/IAI-logo-English-scaled.png","contentUrl":"https:\/\/iai.int\/wp-content\/uploads\/2025\/11\/IAI-logo-English-scaled.png","width":2560,"height":985,"caption":"IAI - Inter-American Institute for Global Change Research"},"image":{"@id":"https:\/\/iai.int\/es\/#\/schema\/logo\/image\/"}}]}},"uagb_featured_image_src":{"full":["https:\/\/iai.int\/wp-content\/uploads\/2025\/09\/PROYECTOS-5.png",1600,498,false],"thumbnail":["https:\/\/iai.int\/wp-content\/uploads\/2025\/09\/PROYECTOS-5-150x150.png",150,150,true],"medium":["https:\/\/iai.int\/wp-content\/uploads\/2025\/09\/PROYECTOS-5-300x93.png",300,93,true],"medium_large":["https:\/\/iai.int\/wp-content\/uploads\/2025\/09\/PROYECTOS-5-768x239.png",768,239,true],"large":["https:\/\/iai.int\/wp-content\/uploads\/2025\/09\/PROYECTOS-5-1024x319.png",800,249,true],"1536x1536":["https:\/\/iai.int\/wp-content\/uploads\/2025\/09\/PROYECTOS-5-1536x478.png",1536,478,true],"2048x2048":["https:\/\/iai.int\/wp-content\/uploads\/2025\/09\/PROYECTOS-5.png",1600,498,false]},"uagb_author_info":{"display_name":"admin","author_link":"https:\/\/iai.int\/es\/author\/admin\/"},"uagb_comment_info":0,"uagb_excerpt":"La idea sobre la que se apoy\u00f3 el primer Programa de Redes de Investigaci\u00f3n Cooperativa (CRN 1), 1999-2006 era que para abordar las cuestiones regionales del cambio global de manera efectiva se requiere del desarrollo de una red activa de cient\u00edficos que trascienda las fronteras de los pa\u00edses. El programa CRN fue creado para contribuir&hellip;","_links":{"self":[{"href":"https:\/\/iai.int\/es\/wp-json\/wp\/v2\/pages\/698","targetHints":{"allow":["GET"]}}],"collection":[{"href":"https:\/\/iai.int\/es\/wp-json\/wp\/v2\/pages"}],"about":[{"href":"https:\/\/iai.int\/es\/wp-json\/wp\/v2\/types\/page"}],"author":[{"embeddable":true,"href":"https:\/\/iai.int\/es\/wp-json\/wp\/v2\/users\/1"}],"replies":[{"embeddable":true,"href":"https:\/\/iai.int\/es\/wp-json\/wp\/v2\/comments?post=698"}],"version-history":[{"count":1,"href":"https:\/\/iai.int\/es\/wp-json\/wp\/v2\/pages\/698\/revisions"}],"predecessor-version":[{"id":699,"href":"https:\/\/iai.int\/es\/wp-json\/wp\/v2\/pages\/698\/revisions\/699"}],"wp:featuredmedia":[{"embeddable":true,"href":"https:\/\/iai.int\/es\/wp-json\/wp\/v2\/media\/7700"}],"wp:attachment":[{"href":"https:\/\/iai.int\/es\/wp-json\/wp\/v2\/media?parent=698"}],"curies":[{"name":"wp","href":"https:\/\/api.w.org\/{rel}","templated":true}]}}