{"id":696,"date":"2024-09-14T18:07:08","date_gmt":"2024-09-14T21:07:08","guid":{"rendered":"https:\/\/iai.int\/?page_id=696"},"modified":"2025-09-26T16:43:42","modified_gmt":"2025-09-26T21:43:42","slug":"2o-programa-de-redes-de-investigacion-cooperativa-crn-2","status":"publish","type":"page","link":"https:\/\/iai.int\/es\/2o-programa-de-redes-de-investigacion-cooperativa-crn-2\/","title":{"rendered":"2\u00ba Programa de Redes de Investigaci\u00f3n Cooperativa (CRN 2)"},"content":{"rendered":"\n<h3 class=\"wp-block-heading\">2006 \u2013 2012<\/h3>\n\n\n\n<p>El CRN 2 estuvo compuesto por 13 proyectos. Apoy\u00e1ndose en los programas anteriores, el CRN 2 continu\u00f3 promoviendo la cooperaci\u00f3n en la investigaci\u00f3n y el intercambio de informaci\u00f3n de forma integrada a trav\u00e9s de estudios interdisciplinarios y redes internacionales, que inclu\u00edan al menos 4 pa\u00edses cada una. Apoy\u00e1ndose en las lecciones aprendidas en programas anteriores, la Direcci\u00f3n Ejecutiva del IAI comenz\u00f3 a promover la interacci\u00f3n entre las redes y una s\u00edntesis de resultados que resultara de utilidad para los tomadores de decisiones y los encargados de formular pol\u00edticas.<\/p>\n\n\n\n<figure class=\"wp-block-table\"><table><thead><tr><th>CRN#<\/th><th>T\u00edtulo del proyecto<\/th><th>Investigador Principal (PI)<\/th><th>Pa\u00eds del PI<\/th><th>Instituci\u00f3n del PI<\/th><th>Pa\u00edses participantes<\/th><th>Presupuesto (US$)<\/th><\/tr><\/thead><tbody><tr><td>2005<\/td><td><a href=\"https:\/\/iai.int\/del-paisaje-a-los-ecosistemas-funcionamiento-a-traves-de-las-escalas-en-ambientes-cambiantes-crn-2005\/\" data-type=\"page\" data-id=\"800\"><strong>Del paisaje a los ecosistemas: funcionamiento a trav\u00e9s de las escalas en ambientes cambiantes<\/strong><\/a><\/td><td>GUILLERMO SARMIENTO sguille_AT_ula.ve<\/td><td>Venezuela<\/td><td>Universidad de los Andes<\/td><td>Argentina, Brasil, Canad\u00e1, Alemania, Venezuela<\/td><td>497.720<\/td><\/tr><tr><td>2014<\/td><td><a href=\"https:\/\/iai.int\/conexiones-funcionales-entre-los-cambios-en-superficie-y-la-actividad-subterranea-con-el-uso-de-la-tierra-en-las-americas-biodiversidad-del-suelo-y-seguridad-alimentaria-crn-2014\/\" data-type=\"page\" data-id=\"803\"><strong>Conexiones funcionales entre los cambios en superficie y la actividad subterr\u00e1nea con el uso de la tierra en las Am\u00e9ricas: biodiversidad del suelo y seguridad alimentaria<\/strong><\/a><\/td><td>RICARDO LUIS LOURO BERBARA berbara_AT_ufrrj.br<\/td><td>Brasil<\/td><td>Universidade Federal Rural do Rio de Janeiro<\/td><td>Bolivia, Brasil, Canad\u00e1, Chile, Ecuador, EE.UU., M\u00e9xico<\/td><td>751.250<\/td><\/tr><tr><td>2015<\/td><td><strong><a href=\"https:\/\/iai.int\/diversus-efectos-funcionales-de-la-biodiversidad-en-los-procesos-servicios-y-sustentabilidad-de-los-ecosistemas-en-las-americas-un-enfoque-interdisciplinario-crn-2015\/\" data-type=\"page\" data-id=\"806\">DIVERSUS: Efectos funcionales de la biodiversidad en los procesos; servicios y sustentabilidad de los ecosistemas en las Am\u00e9ricas: un enfoque interdisciplinario<\/a><\/strong><\/td><td>SANDRA MYRNA DIAZ sdiaz_AT_com.uncor.edu<\/td><td>Argentina<\/td><td>Universidad Nacional de Cordoba<\/td><td>Argentina, Bolivia, Brasil, Costa Rica, EE.UU., Venezuela<\/td><td>711.937<\/td><\/tr><tr><td>2017<\/td><td><strong><a href=\"https:\/\/iai.int\/saemc-emisiones-mega-ciudades-y-clima-de-america-del-sur-crn-2017\/\" data-type=\"page\" data-id=\"809\">SAEMC: Emisiones; mega-ciudades y clima de Am\u00e9rica del Sur<\/a><\/strong><\/td><td>LAURA GALLARDO KLENNER lgallard_AT_dim.uchile.cl<\/td><td>Chile<\/td><td>Universidad de Chile<\/td><td>Argentina, Brasil, Chile, Colombia, EE.UU., Per\u00fa<\/td><td>961.700<\/td><\/tr><tr><td>2021<\/td><td><strong><a href=\"https:\/\/iai.int\/tropi-dry-dimensiones-humanas-ecologicas-y-biofisicas-de-los-bosques-secos-tropicales-crn-2021\/\" data-type=\"page\" data-id=\"812\">TROPI-DRY: Dimensiones humanas; ecol\u00f3gicas y biof\u00edsicas de los bosques secos tropicales<\/a><\/strong><\/td><td>ARTURO G. SANCHEZ AZOFEIFA arturo.sanchez_AT_ualberta.ca<\/td><td>Canad\u00e1<\/td><td>University of Alberta<\/td><td>Brasil, Canad\u00e1, Costa Rica, EE.UU., M\u00e9xico, Venezuela<\/td><td>1.163.635<\/td><\/tr><tr><td>2031<\/td><td><strong><a href=\"https:\/\/iai.int\/cambios-en-el-uso-de-la-tierra-en-la-cuenca-del-rio-de-la-plata-vinculando-los-factores-biofisicos-y-humanos-para-comprender-tendencias-evaluar-impactos-y-apoyar-estrategias-viables-para-el-futuro\/\" data-type=\"page\" data-id=\"815\">Cambios en el uso de la tierra en la Cuenca del R\u00edo de la Plata: vinculando los factores biof\u00edsicos y humanos para comprender tendencias; evaluar impactos y apoyar estrategias viables para el futuro<\/a><\/strong><\/td><td>ESTEBAN G. JOBBAGY jobbagy_AT_unsl.edu.ar<\/td><td>Argentina<\/td><td>Universidad de Buenos Aires<\/td><td>Argentina, Brasil, EE.UU., Paraguay, Uruguay<\/td><td>965.652<\/td><\/tr><tr><td>2047<\/td><td><a href=\"https:\/\/iai.int\/documentacion-comprension-y-proyeccion-de-cambios-en-el-ciclo-hidrologico-de-la-cordillera-americana-crn-2047\/\" data-type=\"page\" data-id=\"818\"><strong>Documentaci\u00f3n; comprensi\u00f3n y proyecci\u00f3n de cambios en el ciclo hidrol\u00f3gico de la cordillera americana<\/strong><\/a><\/td><td>BRIAN H. LUCKMAN luckman_AT_uwo.ca<\/td><td>Canad\u00e1<\/td><td>University of Western Ontario<\/td><td>Argentina, Bolivia, Brasil, Canad\u00e1, Chile, EE.UU., M\u00e9xico<\/td><td>756.000<\/td><\/tr><tr><td>2048<\/td><td><strong><a href=\"https:\/\/iai.int\/ciclones-tropicales-caracteristicas-actuales-y-cambios-potenciales-bajo-un-clima-mas-calido-crn-2048\/\" data-type=\"page\" data-id=\"821\">Ciclones tropicales: caracter\u00edsticas actuales y cambios potenciales bajo un clima m\u00e1s c\u00e1lido<\/a><\/strong><\/td><td>GRACIELA BINIMELIS RAGA raga_AT_servidor.unam.mx<\/td><td>M\u00e9xico<\/td><td>Universidad Nacional Aut\u00f3noma de M\u00e9xico<\/td><td>Costa Rica, EE.UU., M\u00e9xico<\/td><td>372.000<\/td><\/tr><tr><td>2050<\/td><td><a href=\"https:\/\/iai.int\/paleotempestologia-de-la-region-caribena-un-estudio-multi-proxy-de-la-variabilidad-espacial-y-temporal-de-la-actividad-de-los-huracanes-en-el-caribe-en-multiples-sitios-crn-2050\/\" data-type=\"page\" data-id=\"825\"><strong>Paleotempestolog\u00eda de la regi\u00f3n caribe\u00f1a: un estudio multi-proxy de la variabilidad espacial y temporal de la actividad de los huracanes en el Caribe en m\u00faltiples sitios<\/strong><\/a><\/td><td>KAM BIU LIU<br>kliu1_AT_lsu.edu<\/td><td>EE.UU.<\/td><td>Louisiana State University<\/td><td>Canad\u00e1, Costa Rica, EE.UU., M\u00e9xico<\/td><td>823.300<\/td><\/tr><tr><td>2060<\/td><td><strong><a href=\"https:\/\/iai.int\/estrategias-efectivas-de-adaptacion-y-reduccion-de-riesgos-por-fluctuaciones-de-precios-y-cambios-climaticos-lecciones-de-la-crisis-del-cafe-en-mesoamerica-crn-2060\/\" data-type=\"page\" data-id=\"828\">Estrategias efectivas de adaptaci\u00f3n y reducci\u00f3n de riesgos por fluctuaciones de precios y cambios clim\u00e1ticos: lecciones de la crisis del caf\u00e9 en Mesoam\u00e9rica<\/a><\/strong><\/td><td>EDWIN J. CASTELLANOS ecastell_AT_uvg.edu.gt<\/td><td>Guatemala<\/td><td>Universidad del Valle de Guatemala<\/td><td>Costa Rica, EE.UU., Guatemala, M\u00e9xico<\/td><td>579.987<\/td><\/tr><tr><td>2061<\/td><td><strong><a href=\"https:\/\/iai.int\/escenarios-costeros-en-el-caribe-ccs-un-analisis-integrado-de-las-conexiones-tierra-costa-para-guiar-el-uso-sustentable-y-la-proteccion-de-los-ecosistemas-costeros-crn-2061\/\" data-type=\"page\" data-id=\"831\">Escenarios costeros en el Caribe: un an\u00e1lisis integrado de las conexiones tierra-costa para guiar el uso sustentable y la protecci\u00f3n de los ecosistemas costeros<\/a><\/strong><\/td><td>ASSEFA MELESSE melessea_AT_fiu.edu<\/td><td>EE.UU.<\/td><td>Florida International University<\/td><td>EE.UU., Jamaica, Puerto Rico, Rep\u00fablica Dominicana<\/td><td>427.426<\/td><\/tr><tr><td>2076<\/td><td><a href=\"https:\/\/iai.int\/sacc-un-consorcio-internacional-para-el-estudio-de-los-cambios-climaticos-y-globales-relacionados-con-los-oceanos-en-america-del-sur-crn-2076\/\" data-type=\"page\" data-id=\"833\"><strong>SACC: Un consorcio internacional para el estudio de los cambios clim\u00e1ticos y globales relacionados con los oc\u00e9anos en Am\u00e9rica del Sur<\/strong><\/a><\/td><td>ALBERTO PIOLA apiola_AT_hidro.gov.ar<\/td><td>Argentina<\/td><td>Servicio de Hidrografia Naval<\/td><td>Argentina, Brasil, Chile, EE.UU., Uruguay<\/td><td>927.706<\/td><\/tr><tr><td>2094<\/td><td><strong><a href=\"https:\/\/iai.int\/impacto-de-los-cambios-en-la-cobertura-y-uso-de-la-tierra-en-el-hidroclima-de-la-cuenca-del-rio-de-la-plata-crn-2094\/\" data-type=\"page\" data-id=\"840\">Impactos de los cambios en la cobertura y uso de la tierra en el hidroclima de la cuenca del R\u00edo de la Plata<\/a><\/strong><\/td><td>ERNESTO HUGO BERBERY<br>berbery_AT_atmos.umd.edu<\/td><td>Argentina<\/td><td>Consejo Nacional de Investigaciones Cient\u00edficas y Tecnol\u00f3gicas<\/td><td>Argentina, Brasil, EE.UU.<\/td><td>679.837<\/td><\/tr><\/tbody><\/table><\/figure>\n","protected":false},"excerpt":{"rendered":"<p>2006 \u2013 2012 El CRN 2 estuvo compuesto por 13 proyectos. Apoy\u00e1ndose en los programas anteriores, el CRN 2 continu\u00f3 promoviendo la cooperaci\u00f3n en la investigaci\u00f3n y el intercambio de informaci\u00f3n de forma integrada a trav\u00e9s de estudios interdisciplinarios y redes internacionales, que inclu\u00edan al menos 4 pa\u00edses cada una. Apoy\u00e1ndose en las lecciones aprendidas [&hellip;]<\/p>\n","protected":false},"author":1,"featured_media":7698,"parent":0,"menu_order":0,"comment_status":"closed","ping_status":"closed","template":"elementor_theme","meta":{"_acf_changed":false,"_uag_custom_page_level_css":"","footnotes":""},"class_list":["post-696","page","type-page","status-publish","has-post-thumbnail","hentry"],"acf":[],"yoast_head":"<!-- This site is optimized with the Yoast SEO plugin v27.3 - https:\/\/yoast.com\/product\/yoast-seo-wordpress\/ -->\n<title>2\u00ba Programa de Redes de Investigaci\u00f3n Cooperativa (CRN 2) - IAI - Inter-American Institute for Global Change Research<\/title>\n<meta name=\"robots\" content=\"index, follow, max-snippet:-1, max-image-preview:large, max-video-preview:-1\" \/>\n<link rel=\"canonical\" href=\"https:\/\/iai.int\/es\/2o-programa-de-redes-de-investigacion-cooperativa-crn-2\/\" \/>\n<meta property=\"og:locale\" content=\"es_ES\" \/>\n<meta property=\"og:type\" content=\"article\" \/>\n<meta property=\"og:title\" content=\"2\u00ba Programa de Redes de Investigaci\u00f3n Cooperativa (CRN 2) - IAI - Inter-American Institute for Global Change Research\" \/>\n<meta property=\"og:description\" content=\"2006 \u2013 2012 El CRN 2 estuvo compuesto por 13 proyectos. Apoy\u00e1ndose en los programas anteriores, el CRN 2 continu\u00f3 promoviendo la cooperaci\u00f3n en la investigaci\u00f3n y el intercambio de informaci\u00f3n de forma integrada a trav\u00e9s de estudios interdisciplinarios y redes internacionales, que inclu\u00edan al menos 4 pa\u00edses cada una. Apoy\u00e1ndose en las lecciones aprendidas [&hellip;]\" \/>\n<meta property=\"og:url\" content=\"https:\/\/iai.int\/es\/2o-programa-de-redes-de-investigacion-cooperativa-crn-2\/\" \/>\n<meta property=\"og:site_name\" content=\"IAI - Inter-American Institute for Global Change Research\" \/>\n<meta property=\"article:modified_time\" content=\"2025-09-26T21:43:42+00:00\" \/>\n<meta property=\"og:image\" content=\"https:\/\/iai.int\/wp-content\/uploads\/2025\/09\/PROYECTOS-4.png\" \/>\n\t<meta property=\"og:image:width\" content=\"1600\" \/>\n\t<meta property=\"og:image:height\" content=\"498\" \/>\n\t<meta property=\"og:image:type\" content=\"image\/png\" \/>\n<meta name=\"twitter:card\" content=\"summary_large_image\" \/>\n<meta name=\"twitter:label1\" content=\"Tiempo de lectura\" \/>\n\t<meta name=\"twitter:data1\" content=\"3 minutos\" \/>\n<script type=\"application\/ld+json\" class=\"yoast-schema-graph\">{\"@context\":\"https:\\\/\\\/schema.org\",\"@graph\":[{\"@type\":\"WebPage\",\"@id\":\"https:\\\/\\\/iai.int\\\/es\\\/2o-programa-de-redes-de-investigacion-cooperativa-crn-2\\\/\",\"url\":\"https:\\\/\\\/iai.int\\\/es\\\/2o-programa-de-redes-de-investigacion-cooperativa-crn-2\\\/\",\"name\":\"2\u00ba Programa de Redes de Investigaci\u00f3n Cooperativa (CRN 2) - IAI - Inter-American Institute for Global Change Research\",\"isPartOf\":{\"@id\":\"https:\\\/\\\/iai.int\\\/es\\\/#website\"},\"primaryImageOfPage\":{\"@id\":\"https:\\\/\\\/iai.int\\\/es\\\/2o-programa-de-redes-de-investigacion-cooperativa-crn-2\\\/#primaryimage\"},\"image\":{\"@id\":\"https:\\\/\\\/iai.int\\\/es\\\/2o-programa-de-redes-de-investigacion-cooperativa-crn-2\\\/#primaryimage\"},\"thumbnailUrl\":\"https:\\\/\\\/iai.int\\\/wp-content\\\/uploads\\\/2025\\\/09\\\/PROYECTOS-4.png\",\"datePublished\":\"2024-09-14T21:07:08+00:00\",\"dateModified\":\"2025-09-26T21:43:42+00:00\",\"breadcrumb\":{\"@id\":\"https:\\\/\\\/iai.int\\\/es\\\/2o-programa-de-redes-de-investigacion-cooperativa-crn-2\\\/#breadcrumb\"},\"inLanguage\":\"es\",\"potentialAction\":[{\"@type\":\"ReadAction\",\"target\":[\"https:\\\/\\\/iai.int\\\/es\\\/2o-programa-de-redes-de-investigacion-cooperativa-crn-2\\\/\"]}]},{\"@type\":\"ImageObject\",\"inLanguage\":\"es\",\"@id\":\"https:\\\/\\\/iai.int\\\/es\\\/2o-programa-de-redes-de-investigacion-cooperativa-crn-2\\\/#primaryimage\",\"url\":\"https:\\\/\\\/iai.int\\\/wp-content\\\/uploads\\\/2025\\\/09\\\/PROYECTOS-4.png\",\"contentUrl\":\"https:\\\/\\\/iai.int\\\/wp-content\\\/uploads\\\/2025\\\/09\\\/PROYECTOS-4.png\",\"width\":1600,\"height\":498},{\"@type\":\"BreadcrumbList\",\"@id\":\"https:\\\/\\\/iai.int\\\/es\\\/2o-programa-de-redes-de-investigacion-cooperativa-crn-2\\\/#breadcrumb\",\"itemListElement\":[{\"@type\":\"ListItem\",\"position\":1,\"name\":\"Portada\",\"item\":\"https:\\\/\\\/iai.int\\\/es\\\/\"},{\"@type\":\"ListItem\",\"position\":2,\"name\":\"2\u00ba Programa de Redes de Investigaci\u00f3n Cooperativa (CRN 2)\"}]},{\"@type\":\"WebSite\",\"@id\":\"https:\\\/\\\/iai.int\\\/es\\\/#website\",\"url\":\"https:\\\/\\\/iai.int\\\/es\\\/\",\"name\":\"IAI - Inter-American Institute for Global Change Research\",\"description\":\"\",\"publisher\":{\"@id\":\"https:\\\/\\\/iai.int\\\/es\\\/#organization\"},\"potentialAction\":[{\"@type\":\"SearchAction\",\"target\":{\"@type\":\"EntryPoint\",\"urlTemplate\":\"https:\\\/\\\/iai.int\\\/es\\\/?s={search_term_string}\"},\"query-input\":{\"@type\":\"PropertyValueSpecification\",\"valueRequired\":true,\"valueName\":\"search_term_string\"}}],\"inLanguage\":\"es\"},{\"@type\":\"Organization\",\"@id\":\"https:\\\/\\\/iai.int\\\/es\\\/#organization\",\"name\":\"IAI - Inter-American Institute for Global Change Research\",\"url\":\"https:\\\/\\\/iai.int\\\/es\\\/\",\"logo\":{\"@type\":\"ImageObject\",\"inLanguage\":\"es\",\"@id\":\"https:\\\/\\\/iai.int\\\/es\\\/#\\\/schema\\\/logo\\\/image\\\/\",\"url\":\"https:\\\/\\\/iai.int\\\/wp-content\\\/uploads\\\/2025\\\/11\\\/IAI-logo-English-scaled.png\",\"contentUrl\":\"https:\\\/\\\/iai.int\\\/wp-content\\\/uploads\\\/2025\\\/11\\\/IAI-logo-English-scaled.png\",\"width\":2560,\"height\":985,\"caption\":\"IAI - Inter-American Institute for Global Change Research\"},\"image\":{\"@id\":\"https:\\\/\\\/iai.int\\\/es\\\/#\\\/schema\\\/logo\\\/image\\\/\"}}]}<\/script>\n<!-- \/ Yoast SEO plugin. -->","yoast_head_json":{"title":"2\u00ba Programa de Redes de Investigaci\u00f3n Cooperativa (CRN 2) - IAI - Inter-American Institute for Global Change Research","robots":{"index":"index","follow":"follow","max-snippet":"max-snippet:-1","max-image-preview":"max-image-preview:large","max-video-preview":"max-video-preview:-1"},"canonical":"https:\/\/iai.int\/es\/2o-programa-de-redes-de-investigacion-cooperativa-crn-2\/","og_locale":"es_ES","og_type":"article","og_title":"2\u00ba Programa de Redes de Investigaci\u00f3n Cooperativa (CRN 2) - IAI - Inter-American Institute for Global Change Research","og_description":"2006 \u2013 2012 El CRN 2 estuvo compuesto por 13 proyectos. Apoy\u00e1ndose en los programas anteriores, el CRN 2 continu\u00f3 promoviendo la cooperaci\u00f3n en la investigaci\u00f3n y el intercambio de informaci\u00f3n de forma integrada a trav\u00e9s de estudios interdisciplinarios y redes internacionales, que inclu\u00edan al menos 4 pa\u00edses cada una. Apoy\u00e1ndose en las lecciones aprendidas [&hellip;]","og_url":"https:\/\/iai.int\/es\/2o-programa-de-redes-de-investigacion-cooperativa-crn-2\/","og_site_name":"IAI - Inter-American Institute for Global Change Research","article_modified_time":"2025-09-26T21:43:42+00:00","og_image":[{"width":1600,"height":498,"url":"https:\/\/iai.int\/wp-content\/uploads\/2025\/09\/PROYECTOS-4.png","type":"image\/png"}],"twitter_card":"summary_large_image","twitter_misc":{"Tiempo de lectura":"3 minutos"},"schema":{"@context":"https:\/\/schema.org","@graph":[{"@type":"WebPage","@id":"https:\/\/iai.int\/es\/2o-programa-de-redes-de-investigacion-cooperativa-crn-2\/","url":"https:\/\/iai.int\/es\/2o-programa-de-redes-de-investigacion-cooperativa-crn-2\/","name":"2\u00ba Programa de Redes de Investigaci\u00f3n Cooperativa (CRN 2) - IAI - Inter-American Institute for Global Change Research","isPartOf":{"@id":"https:\/\/iai.int\/es\/#website"},"primaryImageOfPage":{"@id":"https:\/\/iai.int\/es\/2o-programa-de-redes-de-investigacion-cooperativa-crn-2\/#primaryimage"},"image":{"@id":"https:\/\/iai.int\/es\/2o-programa-de-redes-de-investigacion-cooperativa-crn-2\/#primaryimage"},"thumbnailUrl":"https:\/\/iai.int\/wp-content\/uploads\/2025\/09\/PROYECTOS-4.png","datePublished":"2024-09-14T21:07:08+00:00","dateModified":"2025-09-26T21:43:42+00:00","breadcrumb":{"@id":"https:\/\/iai.int\/es\/2o-programa-de-redes-de-investigacion-cooperativa-crn-2\/#breadcrumb"},"inLanguage":"es","potentialAction":[{"@type":"ReadAction","target":["https:\/\/iai.int\/es\/2o-programa-de-redes-de-investigacion-cooperativa-crn-2\/"]}]},{"@type":"ImageObject","inLanguage":"es","@id":"https:\/\/iai.int\/es\/2o-programa-de-redes-de-investigacion-cooperativa-crn-2\/#primaryimage","url":"https:\/\/iai.int\/wp-content\/uploads\/2025\/09\/PROYECTOS-4.png","contentUrl":"https:\/\/iai.int\/wp-content\/uploads\/2025\/09\/PROYECTOS-4.png","width":1600,"height":498},{"@type":"BreadcrumbList","@id":"https:\/\/iai.int\/es\/2o-programa-de-redes-de-investigacion-cooperativa-crn-2\/#breadcrumb","itemListElement":[{"@type":"ListItem","position":1,"name":"Portada","item":"https:\/\/iai.int\/es\/"},{"@type":"ListItem","position":2,"name":"2\u00ba Programa de Redes de Investigaci\u00f3n Cooperativa (CRN 2)"}]},{"@type":"WebSite","@id":"https:\/\/iai.int\/es\/#website","url":"https:\/\/iai.int\/es\/","name":"IAI - Inter-American Institute for Global Change Research","description":"","publisher":{"@id":"https:\/\/iai.int\/es\/#organization"},"potentialAction":[{"@type":"SearchAction","target":{"@type":"EntryPoint","urlTemplate":"https:\/\/iai.int\/es\/?s={search_term_string}"},"query-input":{"@type":"PropertyValueSpecification","valueRequired":true,"valueName":"search_term_string"}}],"inLanguage":"es"},{"@type":"Organization","@id":"https:\/\/iai.int\/es\/#organization","name":"IAI - Inter-American Institute for Global Change Research","url":"https:\/\/iai.int\/es\/","logo":{"@type":"ImageObject","inLanguage":"es","@id":"https:\/\/iai.int\/es\/#\/schema\/logo\/image\/","url":"https:\/\/iai.int\/wp-content\/uploads\/2025\/11\/IAI-logo-English-scaled.png","contentUrl":"https:\/\/iai.int\/wp-content\/uploads\/2025\/11\/IAI-logo-English-scaled.png","width":2560,"height":985,"caption":"IAI - Inter-American Institute for Global Change Research"},"image":{"@id":"https:\/\/iai.int\/es\/#\/schema\/logo\/image\/"}}]}},"uagb_featured_image_src":{"full":["https:\/\/iai.int\/wp-content\/uploads\/2025\/09\/PROYECTOS-4.png",1600,498,false],"thumbnail":["https:\/\/iai.int\/wp-content\/uploads\/2025\/09\/PROYECTOS-4-150x150.png",150,150,true],"medium":["https:\/\/iai.int\/wp-content\/uploads\/2025\/09\/PROYECTOS-4-300x93.png",300,93,true],"medium_large":["https:\/\/iai.int\/wp-content\/uploads\/2025\/09\/PROYECTOS-4-768x239.png",768,239,true],"large":["https:\/\/iai.int\/wp-content\/uploads\/2025\/09\/PROYECTOS-4-1024x319.png",800,249,true],"1536x1536":["https:\/\/iai.int\/wp-content\/uploads\/2025\/09\/PROYECTOS-4-1536x478.png",1536,478,true],"2048x2048":["https:\/\/iai.int\/wp-content\/uploads\/2025\/09\/PROYECTOS-4.png",1600,498,false]},"uagb_author_info":{"display_name":"admin","author_link":"https:\/\/iai.int\/es\/author\/admin\/"},"uagb_comment_info":0,"uagb_excerpt":"2006 \u2013 2012 El CRN 2 estuvo compuesto por 13 proyectos. Apoy\u00e1ndose en los programas anteriores, el CRN 2 continu\u00f3 promoviendo la cooperaci\u00f3n en la investigaci\u00f3n y el intercambio de informaci\u00f3n de forma integrada a trav\u00e9s de estudios interdisciplinarios y redes internacionales, que inclu\u00edan al menos 4 pa\u00edses cada una. Apoy\u00e1ndose en las lecciones aprendidas&hellip;","_links":{"self":[{"href":"https:\/\/iai.int\/es\/wp-json\/wp\/v2\/pages\/696","targetHints":{"allow":["GET"]}}],"collection":[{"href":"https:\/\/iai.int\/es\/wp-json\/wp\/v2\/pages"}],"about":[{"href":"https:\/\/iai.int\/es\/wp-json\/wp\/v2\/types\/page"}],"author":[{"embeddable":true,"href":"https:\/\/iai.int\/es\/wp-json\/wp\/v2\/users\/1"}],"replies":[{"embeddable":true,"href":"https:\/\/iai.int\/es\/wp-json\/wp\/v2\/comments?post=696"}],"version-history":[{"count":15,"href":"https:\/\/iai.int\/es\/wp-json\/wp\/v2\/pages\/696\/revisions"}],"predecessor-version":[{"id":1194,"href":"https:\/\/iai.int\/es\/wp-json\/wp\/v2\/pages\/696\/revisions\/1194"}],"wp:featuredmedia":[{"embeddable":true,"href":"https:\/\/iai.int\/es\/wp-json\/wp\/v2\/media\/7698"}],"wp:attachment":[{"href":"https:\/\/iai.int\/es\/wp-json\/wp\/v2\/media?parent=696"}],"curies":[{"name":"wp","href":"https:\/\/api.w.org\/{rel}","templated":true}]}}