{"id":687,"date":"2024-09-14T17:52:45","date_gmt":"2024-09-14T20:52:45","guid":{"rendered":"https:\/\/iai.int\/?page_id=687"},"modified":"2025-11-27T13:31:48","modified_gmt":"2025-11-27T18:31:48","slug":"mejorando-la-gobernanza-de-la-llanura-inundable-en-cuencas-fluviales-sobreconstruidas-sgp-hw-091","status":"publish","type":"page","link":"https:\/\/iai.int\/es\/mejorando-la-gobernanza-de-la-llanura-inundable-en-cuencas-fluviales-sobreconstruidas-sgp-hw-091\/","title":{"rendered":"Mejorando la gobernanza de la llanura inundable en cuencas fluviales sobreconstruidas (SGP-HW 091)"},"content":{"rendered":"\n<h3 class=\"wp-block-heading\">INFORMACI\u00d3N DE PROYECTO<\/h3>\n\n\n\n<p><strong>Investigador principal:<\/strong><\/p>\n\n\n\n<p><em>Guilherme Fernandes Marques<\/em>, Associate Professor, Universidade do Rio Grande do Sul (UFRGS)<br>Campus do Vale da UFRGS &#8211; IPH, Av. Bento Gon\u00e7alves, 9500 &#8211; Agronomia, Porto Alegre &#8211; RS, 91501-970, Brazil.<br>Contacto: Tel\u00e9fono: (+55) 31 99795-5184, E-mail:\u00a0<a href=\"mailto:Guilherme.marques@ufrgs.br\" target=\"_blank\" rel=\"noreferrer noopener\"><strong>Guilherme.marques@ufrgs.br<\/strong><\/a><\/p>\n\n\n\n<p><strong>Duraci\u00f3n y monto:<\/strong><\/p>\n\n\n\n<p>(Julio 2019 \u2013 2022). USD 199,827.60<\/p>\n\n\n\n<p><strong>Pa\u00edses participantes:<\/strong><\/p>\n\n\n\n<p>Brasil, Canad\u00e1, Chile<\/p>\n\n\n\n<p><strong>Informe de proyecto:\u00a0<\/strong><a href=\"https:\/\/iai.int\/pdf\/es\/ProjectBrief_091_es_merged.pdf\" target=\"_blank\" rel=\"noreferrer noopener\"><strong>Llanura aluvial de la cuenca del r\u00edo Paran\u00e1: medios de vida y restauraci\u00f3n de la biodiversidad<\/strong><\/a><\/p>\n\n\n\n<p><strong><a href=\"https:\/\/iai.int\/es\/post\/detail\/improving-the-governance-of-the-floodplain-in-over-built-river-basins#summary\">Resumen ejecutivo<\/a>&nbsp;<a href=\"https:\/\/iai.int\/es\/post\/detail\/improving-the-governance-of-the-floodplain-in-over-built-river-basins#resultados\">Resultados<\/a>&nbsp;<a href=\"https:\/\/iai.int\/es\/post\/detail\/improving-the-governance-of-the-floodplain-in-over-built-river-basins#extensi%C3%B3n\">Extensi\u00f3n<\/a><a href=\"https:\/\/iai.int\/es\/post\/detail\/improving-the-governance-of-the-floodplain-in-over-built-river-basins#desarrollo\">Desarrollo<\/a>&nbsp;<a href=\"https:\/\/iai.int\/es\/post\/detail\/improving-the-governance-of-the-floodplain-in-over-built-river-basins#investigadores\">Investigadores<\/a>&nbsp;<a href=\"https:\/\/iai.int\/es\/post\/detail\/improving-the-governance-of-the-floodplain-in-over-built-river-basins#estudiantes\">Estudiantes<\/a><\/strong><\/p>\n\n\n\n<h3 class=\"wp-block-heading\" id=\"summary\">Resumen Ejecutivo<\/h3>\n\n\n\n<p>Existe un creciente consenso a nivel mundial de que en las cuencas hidrogr\u00e1ficas dominadas por la energ\u00eda hidroel\u00e9ctrica, la asignaci\u00f3n de agua ya no puede ser impulsada solo por la demanda de energ\u00eda; m\u00e1s bien se debe encontrar un equilibrio entre la energ\u00eda hidroel\u00e9ctrica y los otros usos, incluido el medio ambiente y la necesidad de mantener los ecosistemas. No obstante, debido a que la reasignaci\u00f3n de agua tiene dimensiones t\u00e9cnicas, econ\u00f3micas y sociopol\u00edticas, es una cuesti\u00f3n compleja de gobernanza que se presta a un marco anal\u00edtico transdisciplinario. La incertidumbre con respecto a los cambios globales intensifica esta complejidad, ya que afectar\u00e1 tanto el suministro (disponibilidad de agua) como las diversas demandas de agua en la cuenca del r\u00edo.<\/p>\n\n\n\n<p>El objetivo general de este proyecto es mejorar la gobernanza de la llanura inundable en las cuencas fluviales sobreconstruidas y comprometidas donde el sustento de las comunidades ribere\u00f1as est\u00e9 en riesgo tras la degradaci\u00f3n de los ecosistemas y las instituciones fragmentadas. Para lograr este objetivo, el proyecto abordar\u00e1 los siguientes desaf\u00edos cient\u00edficos:<\/p>\n\n\n\n<p>Comprender los efectos ecol\u00f3gicos en los grandes humedales y llanuras inundables aguas abajo de las centrales hidroel\u00e9ctricas dada su importancia como proveedores de puntos cr\u00edticos de diversidad biol\u00f3gica de una gran cantidad de servicios ecol\u00f3gicos como la reproducci\u00f3n de peces, la preservaci\u00f3n de la vida silvestre y el control de inundaciones.<\/p>\n\n\n\n<p>Integrar las decisiones sobre la protecci\u00f3n y recuperaci\u00f3n de los servicios del ecosistema con la asignaci\u00f3n de agua para energ\u00eda y otras demandas competitivas, dado que requiere un enfoque bien estructurado y una fuerte cooperaci\u00f3n interdisciplinaria entre los socios acad\u00e9micos, los administradores del agua y las partes interesadas.<\/p>\n\n\n\n<p>Comprensi\u00f3n clara de las opciones de gobernanza la cual es necesaria para cerrar la brecha entre el conocimiento y el hacer y apoyar los esfuerzos requeridos en la participaci\u00f3n de los interesados y el desarrollo de capacidades a efectos de asegurar el apoyo intelectual a largo plazo de la IWRM basada en la ciencia en la regi\u00f3n.<\/p>\n\n\n\n<p>Sin informaci\u00f3n clara sobre estos temas, la negociaci\u00f3n es pol\u00e9mica y el acuerdo es poco probable. Como resultado, las demandas ambientales permanecen insatisfechas, los servicios de los ecosistemas terminan comprometidos y el sistema de gobernanza probablemente no se adaptar\u00e1 a las condiciones cambiantes futuras y proporcionar\u00e1 servicios confiables para el bienestar humano.<\/p>\n\n\n\n<p>Los m\u00e9todos y resultados de nuestro proyecto permitir\u00e1n:<\/p>\n\n\n\n<p>Mayor conciencia de los interesados sobre la necesidad de adaptarse a las condiciones cambiantes futuras cuando se restauran y mantienen los servicios del ecosistema; identificaci\u00f3n de reglas operativas mejoradas para adaptarse a las condiciones futuras que reduzcan las compensaciones a otras demandas (agua y energ\u00eda); c\u00e1lculo del costo de la adaptaci\u00f3n y propuesta de diferentes arreglos institucionales para compartir los costos y beneficios de la adaptaci\u00f3n, al fomentar la colaboraci\u00f3n y facilitar la implementaci\u00f3n del plan de adaptaci\u00f3n deseado. En este proyecto, esto se lograr\u00e1 con la discusi\u00f3n e interacci\u00f3n de las partes interesadas.<\/p>\n\n\n\n<p>Finalmente, la colaboraci\u00f3n entre cuatro instituciones en Brasil, Chile y Canad\u00e1, que involucra profesionales acad\u00e9micos, administradores del agua y partes interesadas, tambi\u00e9n contribuir\u00e1 a consolidar un proceso de toma de decisiones que sea adaptativo, basado en la ciencia y participativo. El proyecto tambi\u00e9n fortalecer\u00e1 los enlaces institucionales y profesionales para la aplicaci\u00f3n futura de hallazgos cient\u00edficos, nuevas ideas de investigaci\u00f3n y resoluci\u00f3n de problemas del mundo real.<\/p>\n\n\n\n<h3 class=\"wp-block-heading\" id=\"resultados\">Resultados<\/h3>\n\n\n\n<p>Palabras clave: servicios ecosist\u00e9micos, pesca, producci\u00f3n de peces, presas.<\/p>\n\n\n\n<p>El equipo de investigaci\u00f3n est\u00e1 trabajando para mejorar la gobernanza de la llanura de inundaci\u00f3n en cuencas fluviales sobreconstruidas y sobre comprometidas donde el sustento de las comunidades ribinosas est\u00e1 en riesgo tras la degradaci\u00f3n de los ecosistemas y las instituciones fragmentadas. Algunos hallazgos hasta la fecha:<\/p>\n\n\n\n<p>\u2022 La pesca profesional muestra una disminuci\u00f3n en la regi\u00f3n, de 1.200 pescadores registrados hace 10 a\u00f1os, a 700 registrados hace 3 a\u00f1os y 384 registrados actualmente. Esas cifras siguen siendo estimaciones aproximadas y se est\u00e1n explorando las causas.<\/p>\n\n\n\n<p>\u2022 La migraci\u00f3n y reproducci\u00f3n de peces, elementos clave para la prestaci\u00f3n de los servicios ecosist\u00e9micos asociados a algunas especies pesqueras clave (pesca profesional y pesca tur\u00edstica), responden con fuerza a la duraci\u00f3n de los eventos de inundaci\u00f3n, seguidos de la fecha de inicio, el pico y la frecuencia. Adem\u00e1s, los flujos bajos tambi\u00e9n son importantes para permitir la germinaci\u00f3n de especies de pastos, que contribuyen a la abundancia de biomasa y la disponibilidad de alimentos.&nbsp;<\/p>\n\n\n\n<p>\u2022 La producci\u00f3n pesquera se estableci\u00f3 como el principal servicio ecosist\u00e9mico de la regi\u00f3n, que est\u00e1 vinculado a la subsistencia (pesca profesional), el turismo y la recreaci\u00f3n (que est\u00e1 vinculado a los servicios reales del sector estatal).&nbsp;<\/p>\n\n\n\n<p>\u2022 Identificaci\u00f3n de relaciones clave preliminares:&nbsp;<\/p>\n\n\n\n<p>a. La retenci\u00f3n de sedimentos de presa reduce la disponibilidad de nutrientes aguas abajo;&nbsp;<br>b. La retenci\u00f3n de sedimentos de presa aumenta la claridad del agua aguas abajo, lo que es elogiado por los turistas;&nbsp;<br>c. La retenci\u00f3n de sedimentos de presa aumenta la claridad del agua aguas abajo, lo que aumenta la penetraci\u00f3n de la luz y puede contribuir al crecimiento de plantas subacu\u00e1ticas y a los posibles impactos en las actividades de los pescadores;<br>d. Las plantas y la biomasa se transportan desde el r\u00edo Paran\u00e1 aguas arriba y sus afluentes superiores hasta los embalses cercanos (por ejemplo, Porto Primavera). A medida que esas plantas se liberan aguas abajo, afectan a la pesca profesional (enredando las l\u00edneas de pescado);&nbsp;<br>e. Las actividades tur\u00edsticas (deportes acu\u00e1ticos motorizados) generan ruido e interferencia con la pesca profesional;&nbsp;<br>f. El n\u00famero de pescadores ha estado en declive y se ha enfrentado a dificultades econ\u00f3micas. Estos grupos tambi\u00e9n exigen un mayor acceso a las zonas donde la pesca est\u00e1 restringida para la protecci\u00f3n del medio ambiente.<\/p>\n\n\n\n<h3 class=\"wp-block-heading\" id=\"extensi\u00f3n\">Extensi\u00f3n<\/h3>\n\n\n\n<p>II Integrated Meeting of the Paranapanema River<br><strong>Website:<\/strong><br><strong><a href=\"http:\/\/www.aguasparana.pr.gov.br\/galeria\/263\/II-Encontro-Integrado-do-Rio-Paranapanema.html\" target=\"_blank\" rel=\"noreferrer noopener\">http:\/\/www.aguasparana.pr.gov.br\/galeria\/263\/II-Encontro-Integrado-do-Rio-Paranapanema.html\u00a0<\/a><br><a href=\"http:\/\/www.sigrh.sp.gov.br\/pageitems\/450\/news\/9240%20-%2025\/07\/2019\" target=\"_blank\" rel=\"noreferrer noopener\">http:\/\/www.sigrh.sp.gov.br\/pageitems\/450\/news\/9240 &#8211; 25\/07\/2019<\/a><\/strong><\/p>\n\n\n\n<h3 class=\"wp-block-heading\" id=\"investigadores\">Investigadores<\/h3>\n\n\n\n<h4 class=\"wp-block-heading\">Investigador Principal<\/h4>\n\n\n\n<p><strong>Brasil:<\/strong><\/p>\n\n\n\n<p><em>Guilherme Fernandes Marques, Universidade do Rio Grande do Sul (UFRGS)<\/em><br>E-mail: <a href=\"mailto:Guilherme.marques@ufrgs.br\" target=\"_blank\" rel=\"noreferrer noopener\">Guilherme.marques@ufrgs.br<\/a><\/p>\n\n\n\n<h4 class=\"wp-block-heading\">Investigadores Co-Principales (co-PI)<\/h4>\n\n\n\n<p><strong>Brasil<\/strong><\/p>\n\n\n\n<p><em>Angelo Antonio Agostinho, Maring\u00e1 State University<\/em><br><a href=\"mailto:agostinhoaa@nupelia.uem.br\" target=\"_blank\" rel=\"noreferrer noopener\">agostinhoaa@nupelia.uem.br<\/a><\/p>\n\n\n\n<p><em>Elimar Pinheiro do Nascimento, Universidade de Brasilia<\/em><br><a href=\"mailto:elimarcds@gmail.com\" target=\"_blank\" rel=\"noreferrer noopener\">elimarcds@gmail.com<\/a><\/p>\n\n\n\n<p><strong>Canad\u00e1<\/strong><\/p>\n\n\n\n<p><em>Amaury Tilmant, Universit\u00e9 Laval<\/em><br><a href=\"mailto:amaury.tilmant@gci.ulaval.ca\" target=\"_blank\" rel=\"noreferrer noopener\">amaury.tilmant@gci.ulaval.ca<\/a><\/p>\n\n\n\n<p><strong>Chile<\/strong><\/p>\n\n\n\n<p><em>Marcelo Olivares, Universidad de Chile.<\/em><br><a href=\"mailto:maroliva@uchile.cl\" target=\"_blank\" rel=\"noreferrer noopener\">maroliva@uchile.cl<\/a><\/p>\n\n\n\n<h3 class=\"wp-block-heading\" id=\"estudiantes\">Estudiantes<\/h3>\n","protected":false},"excerpt":{"rendered":"<p>INFORMACI\u00d3N DE PROYECTO Investigador principal: Guilherme Fernandes Marques, Associate Professor, Universidade do Rio Grande do Sul (UFRGS)Campus do Vale da UFRGS &#8211; IPH, Av. Bento Gon\u00e7alves, 9500 &#8211; Agronomia, Porto Alegre &#8211; RS, 91501-970, Brazil.Contacto: Tel\u00e9fono: (+55) 31 99795-5184, E-mail:\u00a0Guilherme.marques@ufrgs.br Duraci\u00f3n y monto: (Julio 2019 \u2013 2022). USD 199,827.60 Pa\u00edses participantes: Brasil, Canad\u00e1, Chile Informe [&hellip;]<\/p>\n","protected":false},"author":1,"featured_media":11917,"parent":0,"menu_order":0,"comment_status":"closed","ping_status":"closed","template":"elementor_theme","meta":{"_acf_changed":false,"_uag_custom_page_level_css":"","footnotes":""},"class_list":["post-687","page","type-page","status-publish","has-post-thumbnail","hentry"],"acf":[],"yoast_head":"<!-- This site is optimized with the Yoast SEO plugin v27.3 - https:\/\/yoast.com\/product\/yoast-seo-wordpress\/ -->\n<title>Mejorando la gobernanza de la llanura inundable en cuencas fluviales sobreconstruidas (SGP-HW 091) - IAI - Inter-American Institute for Global Change Research<\/title>\n<meta name=\"robots\" content=\"index, follow, max-snippet:-1, max-image-preview:large, max-video-preview:-1\" \/>\n<link rel=\"canonical\" href=\"https:\/\/iai.int\/es\/mejorando-la-gobernanza-de-la-llanura-inundable-en-cuencas-fluviales-sobreconstruidas-sgp-hw-091\/\" \/>\n<meta property=\"og:locale\" content=\"es_ES\" \/>\n<meta property=\"og:type\" content=\"article\" \/>\n<meta property=\"og:title\" content=\"Mejorando la gobernanza de la llanura inundable en cuencas fluviales sobreconstruidas (SGP-HW 091) - IAI - Inter-American Institute for Global Change Research\" \/>\n<meta property=\"og:description\" content=\"INFORMACI\u00d3N DE PROYECTO Investigador principal: Guilherme Fernandes Marques, Associate Professor, Universidade do Rio Grande do Sul (UFRGS)Campus do Vale da UFRGS &#8211; IPH, Av. Bento Gon\u00e7alves, 9500 &#8211; Agronomia, Porto Alegre &#8211; RS, 91501-970, Brazil.Contacto: Tel\u00e9fono: (+55) 31 99795-5184, E-mail:\u00a0Guilherme.marques@ufrgs.br Duraci\u00f3n y monto: (Julio 2019 \u2013 2022). USD 199,827.60 Pa\u00edses participantes: Brasil, Canad\u00e1, Chile Informe [&hellip;]\" \/>\n<meta property=\"og:url\" content=\"https:\/\/iai.int\/es\/mejorando-la-gobernanza-de-la-llanura-inundable-en-cuencas-fluviales-sobreconstruidas-sgp-hw-091\/\" \/>\n<meta property=\"og:site_name\" content=\"IAI - Inter-American Institute for Global Change Research\" \/>\n<meta property=\"article:modified_time\" content=\"2025-11-27T18:31:48+00:00\" \/>\n<meta property=\"og:image\" content=\"http:\/\/iai.int\/wp-content\/uploads\/2025\/11\/BANNERS-NUEVA-WEB-3-9.png\" \/>\n\t<meta property=\"og:image:width\" content=\"1772\" \/>\n\t<meta property=\"og:image:height\" content=\"551\" \/>\n\t<meta property=\"og:image:type\" content=\"image\/png\" \/>\n<meta name=\"twitter:card\" content=\"summary_large_image\" \/>\n<meta name=\"twitter:label1\" content=\"Tiempo de lectura\" \/>\n\t<meta name=\"twitter:data1\" content=\"6 minutos\" \/>\n<script type=\"application\/ld+json\" class=\"yoast-schema-graph\">{\"@context\":\"https:\\\/\\\/schema.org\",\"@graph\":[{\"@type\":\"WebPage\",\"@id\":\"https:\\\/\\\/iai.int\\\/es\\\/mejorando-la-gobernanza-de-la-llanura-inundable-en-cuencas-fluviales-sobreconstruidas-sgp-hw-091\\\/\",\"url\":\"https:\\\/\\\/iai.int\\\/es\\\/mejorando-la-gobernanza-de-la-llanura-inundable-en-cuencas-fluviales-sobreconstruidas-sgp-hw-091\\\/\",\"name\":\"Mejorando la gobernanza de la llanura inundable en cuencas fluviales sobreconstruidas (SGP-HW 091) - IAI - Inter-American Institute for Global Change Research\",\"isPartOf\":{\"@id\":\"https:\\\/\\\/iai.int\\\/es\\\/#website\"},\"primaryImageOfPage\":{\"@id\":\"https:\\\/\\\/iai.int\\\/es\\\/mejorando-la-gobernanza-de-la-llanura-inundable-en-cuencas-fluviales-sobreconstruidas-sgp-hw-091\\\/#primaryimage\"},\"image\":{\"@id\":\"https:\\\/\\\/iai.int\\\/es\\\/mejorando-la-gobernanza-de-la-llanura-inundable-en-cuencas-fluviales-sobreconstruidas-sgp-hw-091\\\/#primaryimage\"},\"thumbnailUrl\":\"https:\\\/\\\/iai.int\\\/wp-content\\\/uploads\\\/2025\\\/11\\\/BANNERS-NUEVA-WEB-3-9.png\",\"datePublished\":\"2024-09-14T20:52:45+00:00\",\"dateModified\":\"2025-11-27T18:31:48+00:00\",\"breadcrumb\":{\"@id\":\"https:\\\/\\\/iai.int\\\/es\\\/mejorando-la-gobernanza-de-la-llanura-inundable-en-cuencas-fluviales-sobreconstruidas-sgp-hw-091\\\/#breadcrumb\"},\"inLanguage\":\"es\",\"potentialAction\":[{\"@type\":\"ReadAction\",\"target\":[\"https:\\\/\\\/iai.int\\\/es\\\/mejorando-la-gobernanza-de-la-llanura-inundable-en-cuencas-fluviales-sobreconstruidas-sgp-hw-091\\\/\"]}]},{\"@type\":\"ImageObject\",\"inLanguage\":\"es\",\"@id\":\"https:\\\/\\\/iai.int\\\/es\\\/mejorando-la-gobernanza-de-la-llanura-inundable-en-cuencas-fluviales-sobreconstruidas-sgp-hw-091\\\/#primaryimage\",\"url\":\"https:\\\/\\\/iai.int\\\/wp-content\\\/uploads\\\/2025\\\/11\\\/BANNERS-NUEVA-WEB-3-9.png\",\"contentUrl\":\"https:\\\/\\\/iai.int\\\/wp-content\\\/uploads\\\/2025\\\/11\\\/BANNERS-NUEVA-WEB-3-9.png\",\"width\":1772,\"height\":551},{\"@type\":\"BreadcrumbList\",\"@id\":\"https:\\\/\\\/iai.int\\\/es\\\/mejorando-la-gobernanza-de-la-llanura-inundable-en-cuencas-fluviales-sobreconstruidas-sgp-hw-091\\\/#breadcrumb\",\"itemListElement\":[{\"@type\":\"ListItem\",\"position\":1,\"name\":\"Portada\",\"item\":\"https:\\\/\\\/iai.int\\\/es\\\/\"},{\"@type\":\"ListItem\",\"position\":2,\"name\":\"Mejorando la gobernanza de la llanura inundable en cuencas fluviales sobreconstruidas (SGP-HW 091)\"}]},{\"@type\":\"WebSite\",\"@id\":\"https:\\\/\\\/iai.int\\\/es\\\/#website\",\"url\":\"https:\\\/\\\/iai.int\\\/es\\\/\",\"name\":\"IAI - Inter-American Institute for Global Change Research\",\"description\":\"\",\"publisher\":{\"@id\":\"https:\\\/\\\/iai.int\\\/es\\\/#organization\"},\"potentialAction\":[{\"@type\":\"SearchAction\",\"target\":{\"@type\":\"EntryPoint\",\"urlTemplate\":\"https:\\\/\\\/iai.int\\\/es\\\/?s={search_term_string}\"},\"query-input\":{\"@type\":\"PropertyValueSpecification\",\"valueRequired\":true,\"valueName\":\"search_term_string\"}}],\"inLanguage\":\"es\"},{\"@type\":\"Organization\",\"@id\":\"https:\\\/\\\/iai.int\\\/es\\\/#organization\",\"name\":\"IAI - Inter-American Institute for Global Change Research\",\"url\":\"https:\\\/\\\/iai.int\\\/es\\\/\",\"logo\":{\"@type\":\"ImageObject\",\"inLanguage\":\"es\",\"@id\":\"https:\\\/\\\/iai.int\\\/es\\\/#\\\/schema\\\/logo\\\/image\\\/\",\"url\":\"https:\\\/\\\/iai.int\\\/wp-content\\\/uploads\\\/2025\\\/11\\\/IAI-logo-English-scaled.png\",\"contentUrl\":\"https:\\\/\\\/iai.int\\\/wp-content\\\/uploads\\\/2025\\\/11\\\/IAI-logo-English-scaled.png\",\"width\":2560,\"height\":985,\"caption\":\"IAI - Inter-American Institute for Global Change Research\"},\"image\":{\"@id\":\"https:\\\/\\\/iai.int\\\/es\\\/#\\\/schema\\\/logo\\\/image\\\/\"}}]}<\/script>\n<!-- \/ Yoast SEO plugin. -->","yoast_head_json":{"title":"Mejorando la gobernanza de la llanura inundable en cuencas fluviales sobreconstruidas (SGP-HW 091) - IAI - Inter-American Institute for Global Change Research","robots":{"index":"index","follow":"follow","max-snippet":"max-snippet:-1","max-image-preview":"max-image-preview:large","max-video-preview":"max-video-preview:-1"},"canonical":"https:\/\/iai.int\/es\/mejorando-la-gobernanza-de-la-llanura-inundable-en-cuencas-fluviales-sobreconstruidas-sgp-hw-091\/","og_locale":"es_ES","og_type":"article","og_title":"Mejorando la gobernanza de la llanura inundable en cuencas fluviales sobreconstruidas (SGP-HW 091) - IAI - Inter-American Institute for Global Change Research","og_description":"INFORMACI\u00d3N DE PROYECTO Investigador principal: Guilherme Fernandes Marques, Associate Professor, Universidade do Rio Grande do Sul (UFRGS)Campus do Vale da UFRGS &#8211; IPH, Av. Bento Gon\u00e7alves, 9500 &#8211; Agronomia, Porto Alegre &#8211; RS, 91501-970, Brazil.Contacto: Tel\u00e9fono: (+55) 31 99795-5184, E-mail:\u00a0Guilherme.marques@ufrgs.br Duraci\u00f3n y monto: (Julio 2019 \u2013 2022). USD 199,827.60 Pa\u00edses participantes: Brasil, Canad\u00e1, Chile Informe [&hellip;]","og_url":"https:\/\/iai.int\/es\/mejorando-la-gobernanza-de-la-llanura-inundable-en-cuencas-fluviales-sobreconstruidas-sgp-hw-091\/","og_site_name":"IAI - Inter-American Institute for Global Change Research","article_modified_time":"2025-11-27T18:31:48+00:00","og_image":[{"width":1772,"height":551,"url":"http:\/\/iai.int\/wp-content\/uploads\/2025\/11\/BANNERS-NUEVA-WEB-3-9.png","type":"image\/png"}],"twitter_card":"summary_large_image","twitter_misc":{"Tiempo de lectura":"6 minutos"},"schema":{"@context":"https:\/\/schema.org","@graph":[{"@type":"WebPage","@id":"https:\/\/iai.int\/es\/mejorando-la-gobernanza-de-la-llanura-inundable-en-cuencas-fluviales-sobreconstruidas-sgp-hw-091\/","url":"https:\/\/iai.int\/es\/mejorando-la-gobernanza-de-la-llanura-inundable-en-cuencas-fluviales-sobreconstruidas-sgp-hw-091\/","name":"Mejorando la gobernanza de la llanura inundable en cuencas fluviales sobreconstruidas (SGP-HW 091) - IAI - Inter-American Institute for Global Change Research","isPartOf":{"@id":"https:\/\/iai.int\/es\/#website"},"primaryImageOfPage":{"@id":"https:\/\/iai.int\/es\/mejorando-la-gobernanza-de-la-llanura-inundable-en-cuencas-fluviales-sobreconstruidas-sgp-hw-091\/#primaryimage"},"image":{"@id":"https:\/\/iai.int\/es\/mejorando-la-gobernanza-de-la-llanura-inundable-en-cuencas-fluviales-sobreconstruidas-sgp-hw-091\/#primaryimage"},"thumbnailUrl":"https:\/\/iai.int\/wp-content\/uploads\/2025\/11\/BANNERS-NUEVA-WEB-3-9.png","datePublished":"2024-09-14T20:52:45+00:00","dateModified":"2025-11-27T18:31:48+00:00","breadcrumb":{"@id":"https:\/\/iai.int\/es\/mejorando-la-gobernanza-de-la-llanura-inundable-en-cuencas-fluviales-sobreconstruidas-sgp-hw-091\/#breadcrumb"},"inLanguage":"es","potentialAction":[{"@type":"ReadAction","target":["https:\/\/iai.int\/es\/mejorando-la-gobernanza-de-la-llanura-inundable-en-cuencas-fluviales-sobreconstruidas-sgp-hw-091\/"]}]},{"@type":"ImageObject","inLanguage":"es","@id":"https:\/\/iai.int\/es\/mejorando-la-gobernanza-de-la-llanura-inundable-en-cuencas-fluviales-sobreconstruidas-sgp-hw-091\/#primaryimage","url":"https:\/\/iai.int\/wp-content\/uploads\/2025\/11\/BANNERS-NUEVA-WEB-3-9.png","contentUrl":"https:\/\/iai.int\/wp-content\/uploads\/2025\/11\/BANNERS-NUEVA-WEB-3-9.png","width":1772,"height":551},{"@type":"BreadcrumbList","@id":"https:\/\/iai.int\/es\/mejorando-la-gobernanza-de-la-llanura-inundable-en-cuencas-fluviales-sobreconstruidas-sgp-hw-091\/#breadcrumb","itemListElement":[{"@type":"ListItem","position":1,"name":"Portada","item":"https:\/\/iai.int\/es\/"},{"@type":"ListItem","position":2,"name":"Mejorando la gobernanza de la llanura inundable en cuencas fluviales sobreconstruidas (SGP-HW 091)"}]},{"@type":"WebSite","@id":"https:\/\/iai.int\/es\/#website","url":"https:\/\/iai.int\/es\/","name":"IAI - Inter-American Institute for Global Change Research","description":"","publisher":{"@id":"https:\/\/iai.int\/es\/#organization"},"potentialAction":[{"@type":"SearchAction","target":{"@type":"EntryPoint","urlTemplate":"https:\/\/iai.int\/es\/?s={search_term_string}"},"query-input":{"@type":"PropertyValueSpecification","valueRequired":true,"valueName":"search_term_string"}}],"inLanguage":"es"},{"@type":"Organization","@id":"https:\/\/iai.int\/es\/#organization","name":"IAI - Inter-American Institute for Global Change Research","url":"https:\/\/iai.int\/es\/","logo":{"@type":"ImageObject","inLanguage":"es","@id":"https:\/\/iai.int\/es\/#\/schema\/logo\/image\/","url":"https:\/\/iai.int\/wp-content\/uploads\/2025\/11\/IAI-logo-English-scaled.png","contentUrl":"https:\/\/iai.int\/wp-content\/uploads\/2025\/11\/IAI-logo-English-scaled.png","width":2560,"height":985,"caption":"IAI - Inter-American Institute for Global Change Research"},"image":{"@id":"https:\/\/iai.int\/es\/#\/schema\/logo\/image\/"}}]}},"uagb_featured_image_src":{"full":["https:\/\/iai.int\/wp-content\/uploads\/2025\/11\/BANNERS-NUEVA-WEB-3-9.png",1772,551,false],"thumbnail":["https:\/\/iai.int\/wp-content\/uploads\/2025\/11\/BANNERS-NUEVA-WEB-3-9-150x150.png",150,150,true],"medium":["https:\/\/iai.int\/wp-content\/uploads\/2025\/11\/BANNERS-NUEVA-WEB-3-9-300x93.png",300,93,true],"medium_large":["https:\/\/iai.int\/wp-content\/uploads\/2025\/11\/BANNERS-NUEVA-WEB-3-9-768x239.png",768,239,true],"large":["https:\/\/iai.int\/wp-content\/uploads\/2025\/11\/BANNERS-NUEVA-WEB-3-9-1024x318.png",800,248,true],"1536x1536":["https:\/\/iai.int\/wp-content\/uploads\/2025\/11\/BANNERS-NUEVA-WEB-3-9-1536x478.png",1536,478,true],"2048x2048":["https:\/\/iai.int\/wp-content\/uploads\/2025\/11\/BANNERS-NUEVA-WEB-3-9.png",1772,551,false]},"uagb_author_info":{"display_name":"admin","author_link":"https:\/\/iai.int\/es\/author\/admin\/"},"uagb_comment_info":0,"uagb_excerpt":"INFORMACI\u00d3N DE PROYECTO Investigador principal: Guilherme Fernandes Marques, Associate Professor, Universidade do Rio Grande do Sul (UFRGS)Campus do Vale da UFRGS &#8211; IPH, Av. Bento Gon\u00e7alves, 9500 &#8211; Agronomia, Porto Alegre &#8211; RS, 91501-970, Brazil.Contacto: Tel\u00e9fono: (+55) 31 99795-5184, E-mail:\u00a0Guilherme.marques@ufrgs.br Duraci\u00f3n y monto: (Julio 2019 \u2013 2022). USD 199,827.60 Pa\u00edses participantes: Brasil, Canad\u00e1, Chile Informe&hellip;","_links":{"self":[{"href":"https:\/\/iai.int\/es\/wp-json\/wp\/v2\/pages\/687","targetHints":{"allow":["GET"]}}],"collection":[{"href":"https:\/\/iai.int\/es\/wp-json\/wp\/v2\/pages"}],"about":[{"href":"https:\/\/iai.int\/es\/wp-json\/wp\/v2\/types\/page"}],"author":[{"embeddable":true,"href":"https:\/\/iai.int\/es\/wp-json\/wp\/v2\/users\/1"}],"replies":[{"embeddable":true,"href":"https:\/\/iai.int\/es\/wp-json\/wp\/v2\/comments?post=687"}],"version-history":[{"count":3,"href":"https:\/\/iai.int\/es\/wp-json\/wp\/v2\/pages\/687\/revisions"}],"predecessor-version":[{"id":1439,"href":"https:\/\/iai.int\/es\/wp-json\/wp\/v2\/pages\/687\/revisions\/1439"}],"wp:featuredmedia":[{"embeddable":true,"href":"https:\/\/iai.int\/es\/wp-json\/wp\/v2\/media\/11917"}],"wp:attachment":[{"href":"https:\/\/iai.int\/es\/wp-json\/wp\/v2\/media?parent=687"}],"curies":[{"name":"wp","href":"https:\/\/api.w.org\/{rel}","templated":true}]}}