{"id":6697,"date":"2025-08-07T08:47:22","date_gmt":"2025-08-07T13:47:22","guid":{"rendered":"https:\/\/iai.int\/?page_id=6697"},"modified":"2025-08-07T08:48:20","modified_gmt":"2025-08-07T13:48:20","slug":"daniella-guerrero","status":"publish","type":"page","link":"https:\/\/iai.int\/es\/estructura\/direccion-ejecutiva-del-iai\/daniella-guerrero\/","title":{"rendered":"Daniella Guerrero"},"content":{"rendered":"\n<div class=\"wp-block-columns is-layout-flex wp-container-core-columns-is-layout-28f84493 wp-block-columns-is-layout-flex\">\n<div class=\"wp-block-column is-layout-flow wp-block-column-is-layout-flow\" style=\"flex-basis:33.33%\">\n<figure class=\"wp-block-image size-large\"><img decoding=\"async\" src=\"https:\/\/iai.int\/administrador\/assets\/images\/ckfinder\/files\/DANIELLA%20GUERRERO.png\" alt=\"\"\/><\/figure>\n<\/div>\n\n\n\n<div class=\"wp-block-column is-layout-flow wp-block-column-is-layout-flow\" style=\"flex-basis:66.66%\">\n<p>Daniella tiene una maestr\u00eda en Planificaci\u00f3n Urbana por la Universidad McGill de Canad\u00e1 y est\u00e1 cursando un programa de doctorado en Planificaci\u00f3n Urbana en la UFRJ de Brasil. Su investigaci\u00f3n se centra en c\u00f3mo crear conciencia transdisciplinaria, pol\u00edticas e intervenciones eficaces a diferentes escalas para lograr que las zonas urbanas de Am\u00e9rica Latina sean m\u00e1s resistentes al calor extremo. Tambi\u00e9n est\u00e1 interesada en la adaptaci\u00f3n del transporte p\u00fablico y el transporte activo al cambio clim\u00e1tico y en la gesti\u00f3n sostenible del agua urbana. Antes de unirse a la Direcci\u00f3n Ejecutiva del IAI, Daniella trabaj\u00f3 para dos consultoras de ingenier\u00eda canadienses dedicadas a grandes proyectos de infraestructura de transporte, donde desarroll\u00f3 habilidades en gesti\u00f3n de proyectos, coordinaci\u00f3n de licitaciones, estudios de factibilidad y coordinaci\u00f3n de equipos t\u00e9cnicos multidisciplinarios. En el IAI, Daniella apoya la coordinaci\u00f3n de fondos de investigaci\u00f3n.<\/p>\n<\/div>\n<\/div>\n","protected":false},"excerpt":{"rendered":"<p>Daniella tiene una maestr\u00eda en Planificaci\u00f3n Urbana por la Universidad McGill de Canad\u00e1 y est\u00e1 cursando un programa de doctorado en Planificaci\u00f3n Urbana en la UFRJ de Brasil. Su investigaci\u00f3n se centra en c\u00f3mo crear conciencia transdisciplinaria, pol\u00edticas e intervenciones eficaces a diferentes escalas para lograr que las zonas urbanas de Am\u00e9rica Latina sean m\u00e1s [&hellip;]<\/p>\n","protected":false},"author":1,"featured_media":0,"parent":6623,"menu_order":0,"comment_status":"closed","ping_status":"closed","template":"","meta":{"_acf_changed":false,"_uag_custom_page_level_css":"","footnotes":""},"class_list":["post-6697","page","type-page","status-publish","hentry"],"acf":[],"yoast_head":"<!-- This site is optimized with the Yoast SEO plugin v27.3 - https:\/\/yoast.com\/product\/yoast-seo-wordpress\/ -->\n<title>Daniella Guerrero - IAI - Inter-American Institute for Global Change Research<\/title>\n<meta name=\"robots\" content=\"index, follow, max-snippet:-1, max-image-preview:large, max-video-preview:-1\" \/>\n<link rel=\"canonical\" href=\"https:\/\/iai.int\/es\/estructura\/direccion-ejecutiva-del-iai\/daniella-guerrero\/\" \/>\n<meta property=\"og:locale\" content=\"es_ES\" \/>\n<meta property=\"og:type\" content=\"article\" \/>\n<meta property=\"og:title\" content=\"Daniella Guerrero - IAI - Inter-American Institute for Global Change Research\" \/>\n<meta property=\"og:description\" content=\"Daniella tiene una maestr\u00eda en Planificaci\u00f3n Urbana por la Universidad McGill de Canad\u00e1 y est\u00e1 cursando un programa de doctorado en Planificaci\u00f3n Urbana en la UFRJ de Brasil. Su investigaci\u00f3n se centra en c\u00f3mo crear conciencia transdisciplinaria, pol\u00edticas e intervenciones eficaces a diferentes escalas para lograr que las zonas urbanas de Am\u00e9rica Latina sean m\u00e1s [&hellip;]\" \/>\n<meta property=\"og:url\" content=\"https:\/\/iai.int\/es\/estructura\/direccion-ejecutiva-del-iai\/daniella-guerrero\/\" \/>\n<meta property=\"og:site_name\" content=\"IAI - Inter-American Institute for Global Change Research\" \/>\n<meta property=\"article:modified_time\" content=\"2025-08-07T13:48:20+00:00\" \/>\n<meta property=\"og:image\" content=\"https:\/\/iai.int\/administrador\/assets\/images\/ckfinder\/files\/DANIELLA%20GUERRERO.png\" \/>\n<meta name=\"twitter:card\" content=\"summary_large_image\" \/>\n<meta name=\"twitter:label1\" content=\"Tiempo de lectura\" \/>\n\t<meta name=\"twitter:data1\" content=\"1 minuto\" \/>\n<script type=\"application\/ld+json\" class=\"yoast-schema-graph\">{\"@context\":\"https:\\\/\\\/schema.org\",\"@graph\":[{\"@type\":\"WebPage\",\"@id\":\"https:\\\/\\\/iai.int\\\/es\\\/estructura\\\/direccion-ejecutiva-del-iai\\\/daniella-guerrero\\\/\",\"url\":\"https:\\\/\\\/iai.int\\\/es\\\/estructura\\\/direccion-ejecutiva-del-iai\\\/daniella-guerrero\\\/\",\"name\":\"Daniella Guerrero - IAI - Inter-American Institute for Global Change Research\",\"isPartOf\":{\"@id\":\"https:\\\/\\\/iai.int\\\/es\\\/#website\"},\"primaryImageOfPage\":{\"@id\":\"https:\\\/\\\/iai.int\\\/es\\\/estructura\\\/direccion-ejecutiva-del-iai\\\/daniella-guerrero\\\/#primaryimage\"},\"image\":{\"@id\":\"https:\\\/\\\/iai.int\\\/es\\\/estructura\\\/direccion-ejecutiva-del-iai\\\/daniella-guerrero\\\/#primaryimage\"},\"thumbnailUrl\":\"https:\\\/\\\/iai.int\\\/administrador\\\/assets\\\/images\\\/ckfinder\\\/files\\\/DANIELLA%20GUERRERO.png\",\"datePublished\":\"2025-08-07T13:47:22+00:00\",\"dateModified\":\"2025-08-07T13:48:20+00:00\",\"breadcrumb\":{\"@id\":\"https:\\\/\\\/iai.int\\\/es\\\/estructura\\\/direccion-ejecutiva-del-iai\\\/daniella-guerrero\\\/#breadcrumb\"},\"inLanguage\":\"es\",\"potentialAction\":[{\"@type\":\"ReadAction\",\"target\":[\"https:\\\/\\\/iai.int\\\/es\\\/estructura\\\/direccion-ejecutiva-del-iai\\\/daniella-guerrero\\\/\"]}]},{\"@type\":\"ImageObject\",\"inLanguage\":\"es\",\"@id\":\"https:\\\/\\\/iai.int\\\/es\\\/estructura\\\/direccion-ejecutiva-del-iai\\\/daniella-guerrero\\\/#primaryimage\",\"url\":\"https:\\\/\\\/iai.int\\\/administrador\\\/assets\\\/images\\\/ckfinder\\\/files\\\/DANIELLA%20GUERRERO.png\",\"contentUrl\":\"https:\\\/\\\/iai.int\\\/administrador\\\/assets\\\/images\\\/ckfinder\\\/files\\\/DANIELLA%20GUERRERO.png\"},{\"@type\":\"BreadcrumbList\",\"@id\":\"https:\\\/\\\/iai.int\\\/es\\\/estructura\\\/direccion-ejecutiva-del-iai\\\/daniella-guerrero\\\/#breadcrumb\",\"itemListElement\":[{\"@type\":\"ListItem\",\"position\":1,\"name\":\"Portada\",\"item\":\"https:\\\/\\\/iai.int\\\/es\\\/\"},{\"@type\":\"ListItem\",\"position\":2,\"name\":\"Estructura\",\"item\":\"https:\\\/\\\/iai.int\\\/es\\\/estructura\\\/\"},{\"@type\":\"ListItem\",\"position\":3,\"name\":\"Direcci\u00f3n Ejecutiva del IAI\",\"item\":\"https:\\\/\\\/iai.int\\\/es\\\/estructura\\\/direccion-ejecutiva-del-iai\\\/\"},{\"@type\":\"ListItem\",\"position\":4,\"name\":\"Daniella Guerrero\"}]},{\"@type\":\"WebSite\",\"@id\":\"https:\\\/\\\/iai.int\\\/es\\\/#website\",\"url\":\"https:\\\/\\\/iai.int\\\/es\\\/\",\"name\":\"IAI - Inter-American Institute for Global Change Research\",\"description\":\"\",\"publisher\":{\"@id\":\"https:\\\/\\\/iai.int\\\/es\\\/#organization\"},\"potentialAction\":[{\"@type\":\"SearchAction\",\"target\":{\"@type\":\"EntryPoint\",\"urlTemplate\":\"https:\\\/\\\/iai.int\\\/es\\\/?s={search_term_string}\"},\"query-input\":{\"@type\":\"PropertyValueSpecification\",\"valueRequired\":true,\"valueName\":\"search_term_string\"}}],\"inLanguage\":\"es\"},{\"@type\":\"Organization\",\"@id\":\"https:\\\/\\\/iai.int\\\/es\\\/#organization\",\"name\":\"IAI - Inter-American Institute for Global Change Research\",\"url\":\"https:\\\/\\\/iai.int\\\/es\\\/\",\"logo\":{\"@type\":\"ImageObject\",\"inLanguage\":\"es\",\"@id\":\"https:\\\/\\\/iai.int\\\/es\\\/#\\\/schema\\\/logo\\\/image\\\/\",\"url\":\"https:\\\/\\\/iai.int\\\/wp-content\\\/uploads\\\/2025\\\/11\\\/IAI-logo-English-scaled.png\",\"contentUrl\":\"https:\\\/\\\/iai.int\\\/wp-content\\\/uploads\\\/2025\\\/11\\\/IAI-logo-English-scaled.png\",\"width\":2560,\"height\":985,\"caption\":\"IAI - Inter-American Institute for Global Change Research\"},\"image\":{\"@id\":\"https:\\\/\\\/iai.int\\\/es\\\/#\\\/schema\\\/logo\\\/image\\\/\"}}]}<\/script>\n<!-- \/ Yoast SEO plugin. -->","yoast_head_json":{"title":"Daniella Guerrero - IAI - Inter-American Institute for Global Change Research","robots":{"index":"index","follow":"follow","max-snippet":"max-snippet:-1","max-image-preview":"max-image-preview:large","max-video-preview":"max-video-preview:-1"},"canonical":"https:\/\/iai.int\/es\/estructura\/direccion-ejecutiva-del-iai\/daniella-guerrero\/","og_locale":"es_ES","og_type":"article","og_title":"Daniella Guerrero - IAI - Inter-American Institute for Global Change Research","og_description":"Daniella tiene una maestr\u00eda en Planificaci\u00f3n Urbana por la Universidad McGill de Canad\u00e1 y est\u00e1 cursando un programa de doctorado en Planificaci\u00f3n Urbana en la UFRJ de Brasil. Su investigaci\u00f3n se centra en c\u00f3mo crear conciencia transdisciplinaria, pol\u00edticas e intervenciones eficaces a diferentes escalas para lograr que las zonas urbanas de Am\u00e9rica Latina sean m\u00e1s [&hellip;]","og_url":"https:\/\/iai.int\/es\/estructura\/direccion-ejecutiva-del-iai\/daniella-guerrero\/","og_site_name":"IAI - Inter-American Institute for Global Change Research","article_modified_time":"2025-08-07T13:48:20+00:00","og_image":[{"url":"https:\/\/iai.int\/administrador\/assets\/images\/ckfinder\/files\/DANIELLA%20GUERRERO.png","type":"","width":"","height":""}],"twitter_card":"summary_large_image","twitter_misc":{"Tiempo de lectura":"1 minuto"},"schema":{"@context":"https:\/\/schema.org","@graph":[{"@type":"WebPage","@id":"https:\/\/iai.int\/es\/estructura\/direccion-ejecutiva-del-iai\/daniella-guerrero\/","url":"https:\/\/iai.int\/es\/estructura\/direccion-ejecutiva-del-iai\/daniella-guerrero\/","name":"Daniella Guerrero - IAI - Inter-American Institute for Global Change Research","isPartOf":{"@id":"https:\/\/iai.int\/es\/#website"},"primaryImageOfPage":{"@id":"https:\/\/iai.int\/es\/estructura\/direccion-ejecutiva-del-iai\/daniella-guerrero\/#primaryimage"},"image":{"@id":"https:\/\/iai.int\/es\/estructura\/direccion-ejecutiva-del-iai\/daniella-guerrero\/#primaryimage"},"thumbnailUrl":"https:\/\/iai.int\/administrador\/assets\/images\/ckfinder\/files\/DANIELLA%20GUERRERO.png","datePublished":"2025-08-07T13:47:22+00:00","dateModified":"2025-08-07T13:48:20+00:00","breadcrumb":{"@id":"https:\/\/iai.int\/es\/estructura\/direccion-ejecutiva-del-iai\/daniella-guerrero\/#breadcrumb"},"inLanguage":"es","potentialAction":[{"@type":"ReadAction","target":["https:\/\/iai.int\/es\/estructura\/direccion-ejecutiva-del-iai\/daniella-guerrero\/"]}]},{"@type":"ImageObject","inLanguage":"es","@id":"https:\/\/iai.int\/es\/estructura\/direccion-ejecutiva-del-iai\/daniella-guerrero\/#primaryimage","url":"https:\/\/iai.int\/administrador\/assets\/images\/ckfinder\/files\/DANIELLA%20GUERRERO.png","contentUrl":"https:\/\/iai.int\/administrador\/assets\/images\/ckfinder\/files\/DANIELLA%20GUERRERO.png"},{"@type":"BreadcrumbList","@id":"https:\/\/iai.int\/es\/estructura\/direccion-ejecutiva-del-iai\/daniella-guerrero\/#breadcrumb","itemListElement":[{"@type":"ListItem","position":1,"name":"Portada","item":"https:\/\/iai.int\/es\/"},{"@type":"ListItem","position":2,"name":"Estructura","item":"https:\/\/iai.int\/es\/estructura\/"},{"@type":"ListItem","position":3,"name":"Direcci\u00f3n Ejecutiva del IAI","item":"https:\/\/iai.int\/es\/estructura\/direccion-ejecutiva-del-iai\/"},{"@type":"ListItem","position":4,"name":"Daniella Guerrero"}]},{"@type":"WebSite","@id":"https:\/\/iai.int\/es\/#website","url":"https:\/\/iai.int\/es\/","name":"IAI - Inter-American Institute for Global Change Research","description":"","publisher":{"@id":"https:\/\/iai.int\/es\/#organization"},"potentialAction":[{"@type":"SearchAction","target":{"@type":"EntryPoint","urlTemplate":"https:\/\/iai.int\/es\/?s={search_term_string}"},"query-input":{"@type":"PropertyValueSpecification","valueRequired":true,"valueName":"search_term_string"}}],"inLanguage":"es"},{"@type":"Organization","@id":"https:\/\/iai.int\/es\/#organization","name":"IAI - Inter-American Institute for Global Change Research","url":"https:\/\/iai.int\/es\/","logo":{"@type":"ImageObject","inLanguage":"es","@id":"https:\/\/iai.int\/es\/#\/schema\/logo\/image\/","url":"https:\/\/iai.int\/wp-content\/uploads\/2025\/11\/IAI-logo-English-scaled.png","contentUrl":"https:\/\/iai.int\/wp-content\/uploads\/2025\/11\/IAI-logo-English-scaled.png","width":2560,"height":985,"caption":"IAI - Inter-American Institute for Global Change Research"},"image":{"@id":"https:\/\/iai.int\/es\/#\/schema\/logo\/image\/"}}]}},"uagb_featured_image_src":{"full":false,"thumbnail":false,"medium":false,"medium_large":false,"large":false,"1536x1536":false,"2048x2048":false},"uagb_author_info":{"display_name":"admin","author_link":"https:\/\/iai.int\/es\/author\/admin\/"},"uagb_comment_info":0,"uagb_excerpt":"Daniella tiene una maestr\u00eda en Planificaci\u00f3n Urbana por la Universidad McGill de Canad\u00e1 y est\u00e1 cursando un programa de doctorado en Planificaci\u00f3n Urbana en la UFRJ de Brasil. Su investigaci\u00f3n se centra en c\u00f3mo crear conciencia transdisciplinaria, pol\u00edticas e intervenciones eficaces a diferentes escalas para lograr que las zonas urbanas de Am\u00e9rica Latina sean m\u00e1s&hellip;","_links":{"self":[{"href":"https:\/\/iai.int\/es\/wp-json\/wp\/v2\/pages\/6697","targetHints":{"allow":["GET"]}}],"collection":[{"href":"https:\/\/iai.int\/es\/wp-json\/wp\/v2\/pages"}],"about":[{"href":"https:\/\/iai.int\/es\/wp-json\/wp\/v2\/types\/page"}],"author":[{"embeddable":true,"href":"https:\/\/iai.int\/es\/wp-json\/wp\/v2\/users\/1"}],"replies":[{"embeddable":true,"href":"https:\/\/iai.int\/es\/wp-json\/wp\/v2\/comments?post=6697"}],"version-history":[{"count":1,"href":"https:\/\/iai.int\/es\/wp-json\/wp\/v2\/pages\/6697\/revisions"}],"predecessor-version":[{"id":6698,"href":"https:\/\/iai.int\/es\/wp-json\/wp\/v2\/pages\/6697\/revisions\/6698"}],"up":[{"embeddable":true,"href":"https:\/\/iai.int\/es\/wp-json\/wp\/v2\/pages\/6623"}],"wp:attachment":[{"href":"https:\/\/iai.int\/es\/wp-json\/wp\/v2\/media?parent=6697"}],"curies":[{"name":"wp","href":"https:\/\/api.w.org\/{rel}","templated":true}]}}