{"id":6683,"date":"2025-08-07T08:24:30","date_gmt":"2025-08-07T13:24:30","guid":{"rendered":"https:\/\/iai.int\/?page_id=6683"},"modified":"2025-08-07T08:24:32","modified_gmt":"2025-08-07T13:24:32","slug":"kim-portmess","status":"publish","type":"page","link":"https:\/\/iai.int\/es\/estructura\/direccion-ejecutiva-del-iai\/kim-portmess\/","title":{"rendered":"Kim Portmess"},"content":{"rendered":"\n<div class=\"wp-block-columns is-layout-flex wp-container-core-columns-is-layout-28f84493 wp-block-columns-is-layout-flex\">\n<div class=\"wp-block-column is-layout-flow wp-block-column-is-layout-flow\" style=\"flex-basis:33.33%\">\n<figure class=\"wp-block-image size-large\"><img decoding=\"async\" src=\"https:\/\/iai.int\/administrador\/assets\/images\/ckfinder\/files\/Kim-Portmess.jpg\" alt=\"\"\/><\/figure>\n<\/div>\n\n\n\n<div class=\"wp-block-column is-layout-flow wp-block-column-is-layout-flow\" style=\"flex-basis:66.66%\">\n<p>Kim Portmess es la Lider del Programa de Fellowship de Ciencia, Tecnolog\u00eda y Pol\u00edticas (STeP) del Instituto Interamericano para la Investigaci\u00f3n del Cambio Global (IAI). Kim es responsable de la implementaci\u00f3n, el monitoreo y la expansi\u00f3n de STeP, incluyendo el programa de desarrollo profesional y mentoria en colaboraci\u00f3n con expertos y otros socios del IAI.&nbsp;<\/p>\n\n\n\n<p>Kim ayud\u00f3 a inaugurar el programa STeP desde la fase piloto en 2020, con 17 fellows en cuatro pa\u00edses, hasta su n\u00famero actual de 66 fellows trabajando en 14 pa\u00edses. Ha liderado la creaci\u00f3n e implementaci\u00f3n de capacitaciones virtuales y presenciales en las \u00e1reas de diplomacia cient\u00edfica, comunicaci\u00f3n y liderazgo transdisciplinario, dise\u00f1adas para investigadores de carrera temprana de la region.&nbsp;<\/p>\n\n\n\n<p>Kim trabaj\u00f3 anteriormente en el Instituto de Investigaci\u00f3nes Cient\u00edficas y Servicios de Alta Tecnolog\u00eda (INDICASAT AIP) en Panam\u00e1.&nbsp; Tiene un Bsc en Ciencias Bot\u00e1nicas y Gesti\u00f3n de Recursos Naturales por la Universidad de Cornell (Estados Unidos) y actualmente cursa una Maestr\u00eda en Gesti\u00f3n del Riesgo de Desastres y Gobernanza Clim\u00e1tica.<\/p>\n<\/div>\n<\/div>\n\n\n\n<p><\/p>\n","protected":false},"excerpt":{"rendered":"<p>Kim Portmess es la Lider del Programa de Fellowship de Ciencia, Tecnolog\u00eda y Pol\u00edticas (STeP) del Instituto Interamericano para la Investigaci\u00f3n del Cambio Global (IAI). Kim es responsable de la implementaci\u00f3n, el monitoreo y la expansi\u00f3n de STeP, incluyendo el programa de desarrollo profesional y mentoria en colaboraci\u00f3n con expertos y otros socios del IAI.&nbsp; [&hellip;]<\/p>\n","protected":false},"author":1,"featured_media":0,"parent":6623,"menu_order":0,"comment_status":"closed","ping_status":"closed","template":"","meta":{"_acf_changed":false,"_uag_custom_page_level_css":"","footnotes":""},"class_list":["post-6683","page","type-page","status-publish","hentry"],"acf":[],"yoast_head":"<!-- This site is optimized with the Yoast SEO plugin v27.3 - https:\/\/yoast.com\/product\/yoast-seo-wordpress\/ -->\n<title>Kim Portmess - IAI - Inter-American Institute for Global Change Research<\/title>\n<meta name=\"robots\" content=\"index, follow, max-snippet:-1, max-image-preview:large, max-video-preview:-1\" \/>\n<link rel=\"canonical\" href=\"https:\/\/iai.int\/es\/estructura\/direccion-ejecutiva-del-iai\/kim-portmess\/\" \/>\n<meta property=\"og:locale\" content=\"es_ES\" \/>\n<meta property=\"og:type\" content=\"article\" \/>\n<meta property=\"og:title\" content=\"Kim Portmess - IAI - Inter-American Institute for Global Change Research\" \/>\n<meta property=\"og:description\" content=\"Kim Portmess es la Lider del Programa de Fellowship de Ciencia, Tecnolog\u00eda y Pol\u00edticas (STeP) del Instituto Interamericano para la Investigaci\u00f3n del Cambio Global (IAI). Kim es responsable de la implementaci\u00f3n, el monitoreo y la expansi\u00f3n de STeP, incluyendo el programa de desarrollo profesional y mentoria en colaboraci\u00f3n con expertos y otros socios del IAI.&nbsp; [&hellip;]\" \/>\n<meta property=\"og:url\" content=\"https:\/\/iai.int\/es\/estructura\/direccion-ejecutiva-del-iai\/kim-portmess\/\" \/>\n<meta property=\"og:site_name\" content=\"IAI - Inter-American Institute for Global Change Research\" \/>\n<meta property=\"article:modified_time\" content=\"2025-08-07T13:24:32+00:00\" \/>\n<meta property=\"og:image\" content=\"https:\/\/iai.int\/administrador\/assets\/images\/ckfinder\/files\/Kim-Portmess.jpg\" \/>\n<meta name=\"twitter:card\" content=\"summary_large_image\" \/>\n<meta name=\"twitter:label1\" content=\"Tiempo de lectura\" \/>\n\t<meta name=\"twitter:data1\" content=\"1 minuto\" \/>\n<script type=\"application\/ld+json\" class=\"yoast-schema-graph\">{\"@context\":\"https:\\\/\\\/schema.org\",\"@graph\":[{\"@type\":\"WebPage\",\"@id\":\"https:\\\/\\\/iai.int\\\/es\\\/estructura\\\/direccion-ejecutiva-del-iai\\\/kim-portmess\\\/\",\"url\":\"https:\\\/\\\/iai.int\\\/es\\\/estructura\\\/direccion-ejecutiva-del-iai\\\/kim-portmess\\\/\",\"name\":\"Kim Portmess - IAI - Inter-American Institute for Global Change Research\",\"isPartOf\":{\"@id\":\"https:\\\/\\\/iai.int\\\/es\\\/#website\"},\"primaryImageOfPage\":{\"@id\":\"https:\\\/\\\/iai.int\\\/es\\\/estructura\\\/direccion-ejecutiva-del-iai\\\/kim-portmess\\\/#primaryimage\"},\"image\":{\"@id\":\"https:\\\/\\\/iai.int\\\/es\\\/estructura\\\/direccion-ejecutiva-del-iai\\\/kim-portmess\\\/#primaryimage\"},\"thumbnailUrl\":\"https:\\\/\\\/iai.int\\\/administrador\\\/assets\\\/images\\\/ckfinder\\\/files\\\/Kim-Portmess.jpg\",\"datePublished\":\"2025-08-07T13:24:30+00:00\",\"dateModified\":\"2025-08-07T13:24:32+00:00\",\"breadcrumb\":{\"@id\":\"https:\\\/\\\/iai.int\\\/es\\\/estructura\\\/direccion-ejecutiva-del-iai\\\/kim-portmess\\\/#breadcrumb\"},\"inLanguage\":\"es\",\"potentialAction\":[{\"@type\":\"ReadAction\",\"target\":[\"https:\\\/\\\/iai.int\\\/es\\\/estructura\\\/direccion-ejecutiva-del-iai\\\/kim-portmess\\\/\"]}]},{\"@type\":\"ImageObject\",\"inLanguage\":\"es\",\"@id\":\"https:\\\/\\\/iai.int\\\/es\\\/estructura\\\/direccion-ejecutiva-del-iai\\\/kim-portmess\\\/#primaryimage\",\"url\":\"https:\\\/\\\/iai.int\\\/administrador\\\/assets\\\/images\\\/ckfinder\\\/files\\\/Kim-Portmess.jpg\",\"contentUrl\":\"https:\\\/\\\/iai.int\\\/administrador\\\/assets\\\/images\\\/ckfinder\\\/files\\\/Kim-Portmess.jpg\"},{\"@type\":\"BreadcrumbList\",\"@id\":\"https:\\\/\\\/iai.int\\\/es\\\/estructura\\\/direccion-ejecutiva-del-iai\\\/kim-portmess\\\/#breadcrumb\",\"itemListElement\":[{\"@type\":\"ListItem\",\"position\":1,\"name\":\"Portada\",\"item\":\"https:\\\/\\\/iai.int\\\/es\\\/\"},{\"@type\":\"ListItem\",\"position\":2,\"name\":\"Estructura\",\"item\":\"https:\\\/\\\/iai.int\\\/es\\\/estructura\\\/\"},{\"@type\":\"ListItem\",\"position\":3,\"name\":\"Direcci\u00f3n Ejecutiva del IAI\",\"item\":\"https:\\\/\\\/iai.int\\\/es\\\/estructura\\\/direccion-ejecutiva-del-iai\\\/\"},{\"@type\":\"ListItem\",\"position\":4,\"name\":\"Kim Portmess\"}]},{\"@type\":\"WebSite\",\"@id\":\"https:\\\/\\\/iai.int\\\/es\\\/#website\",\"url\":\"https:\\\/\\\/iai.int\\\/es\\\/\",\"name\":\"IAI - Inter-American Institute for Global Change Research\",\"description\":\"\",\"publisher\":{\"@id\":\"https:\\\/\\\/iai.int\\\/es\\\/#organization\"},\"potentialAction\":[{\"@type\":\"SearchAction\",\"target\":{\"@type\":\"EntryPoint\",\"urlTemplate\":\"https:\\\/\\\/iai.int\\\/es\\\/?s={search_term_string}\"},\"query-input\":{\"@type\":\"PropertyValueSpecification\",\"valueRequired\":true,\"valueName\":\"search_term_string\"}}],\"inLanguage\":\"es\"},{\"@type\":\"Organization\",\"@id\":\"https:\\\/\\\/iai.int\\\/es\\\/#organization\",\"name\":\"IAI - Inter-American Institute for Global Change Research\",\"url\":\"https:\\\/\\\/iai.int\\\/es\\\/\",\"logo\":{\"@type\":\"ImageObject\",\"inLanguage\":\"es\",\"@id\":\"https:\\\/\\\/iai.int\\\/es\\\/#\\\/schema\\\/logo\\\/image\\\/\",\"url\":\"https:\\\/\\\/iai.int\\\/wp-content\\\/uploads\\\/2025\\\/11\\\/IAI-logo-English-scaled.png\",\"contentUrl\":\"https:\\\/\\\/iai.int\\\/wp-content\\\/uploads\\\/2025\\\/11\\\/IAI-logo-English-scaled.png\",\"width\":2560,\"height\":985,\"caption\":\"IAI - Inter-American Institute for Global Change Research\"},\"image\":{\"@id\":\"https:\\\/\\\/iai.int\\\/es\\\/#\\\/schema\\\/logo\\\/image\\\/\"}}]}<\/script>\n<!-- \/ Yoast SEO plugin. -->","yoast_head_json":{"title":"Kim Portmess - IAI - Inter-American Institute for Global Change Research","robots":{"index":"index","follow":"follow","max-snippet":"max-snippet:-1","max-image-preview":"max-image-preview:large","max-video-preview":"max-video-preview:-1"},"canonical":"https:\/\/iai.int\/es\/estructura\/direccion-ejecutiva-del-iai\/kim-portmess\/","og_locale":"es_ES","og_type":"article","og_title":"Kim Portmess - IAI - Inter-American Institute for Global Change Research","og_description":"Kim Portmess es la Lider del Programa de Fellowship de Ciencia, Tecnolog\u00eda y Pol\u00edticas (STeP) del Instituto Interamericano para la Investigaci\u00f3n del Cambio Global (IAI). Kim es responsable de la implementaci\u00f3n, el monitoreo y la expansi\u00f3n de STeP, incluyendo el programa de desarrollo profesional y mentoria en colaboraci\u00f3n con expertos y otros socios del IAI.&nbsp; [&hellip;]","og_url":"https:\/\/iai.int\/es\/estructura\/direccion-ejecutiva-del-iai\/kim-portmess\/","og_site_name":"IAI - Inter-American Institute for Global Change Research","article_modified_time":"2025-08-07T13:24:32+00:00","og_image":[{"url":"https:\/\/iai.int\/administrador\/assets\/images\/ckfinder\/files\/Kim-Portmess.jpg","type":"","width":"","height":""}],"twitter_card":"summary_large_image","twitter_misc":{"Tiempo de lectura":"1 minuto"},"schema":{"@context":"https:\/\/schema.org","@graph":[{"@type":"WebPage","@id":"https:\/\/iai.int\/es\/estructura\/direccion-ejecutiva-del-iai\/kim-portmess\/","url":"https:\/\/iai.int\/es\/estructura\/direccion-ejecutiva-del-iai\/kim-portmess\/","name":"Kim Portmess - IAI - Inter-American Institute for Global Change Research","isPartOf":{"@id":"https:\/\/iai.int\/es\/#website"},"primaryImageOfPage":{"@id":"https:\/\/iai.int\/es\/estructura\/direccion-ejecutiva-del-iai\/kim-portmess\/#primaryimage"},"image":{"@id":"https:\/\/iai.int\/es\/estructura\/direccion-ejecutiva-del-iai\/kim-portmess\/#primaryimage"},"thumbnailUrl":"https:\/\/iai.int\/administrador\/assets\/images\/ckfinder\/files\/Kim-Portmess.jpg","datePublished":"2025-08-07T13:24:30+00:00","dateModified":"2025-08-07T13:24:32+00:00","breadcrumb":{"@id":"https:\/\/iai.int\/es\/estructura\/direccion-ejecutiva-del-iai\/kim-portmess\/#breadcrumb"},"inLanguage":"es","potentialAction":[{"@type":"ReadAction","target":["https:\/\/iai.int\/es\/estructura\/direccion-ejecutiva-del-iai\/kim-portmess\/"]}]},{"@type":"ImageObject","inLanguage":"es","@id":"https:\/\/iai.int\/es\/estructura\/direccion-ejecutiva-del-iai\/kim-portmess\/#primaryimage","url":"https:\/\/iai.int\/administrador\/assets\/images\/ckfinder\/files\/Kim-Portmess.jpg","contentUrl":"https:\/\/iai.int\/administrador\/assets\/images\/ckfinder\/files\/Kim-Portmess.jpg"},{"@type":"BreadcrumbList","@id":"https:\/\/iai.int\/es\/estructura\/direccion-ejecutiva-del-iai\/kim-portmess\/#breadcrumb","itemListElement":[{"@type":"ListItem","position":1,"name":"Portada","item":"https:\/\/iai.int\/es\/"},{"@type":"ListItem","position":2,"name":"Estructura","item":"https:\/\/iai.int\/es\/estructura\/"},{"@type":"ListItem","position":3,"name":"Direcci\u00f3n Ejecutiva del IAI","item":"https:\/\/iai.int\/es\/estructura\/direccion-ejecutiva-del-iai\/"},{"@type":"ListItem","position":4,"name":"Kim Portmess"}]},{"@type":"WebSite","@id":"https:\/\/iai.int\/es\/#website","url":"https:\/\/iai.int\/es\/","name":"IAI - Inter-American Institute for Global Change Research","description":"","publisher":{"@id":"https:\/\/iai.int\/es\/#organization"},"potentialAction":[{"@type":"SearchAction","target":{"@type":"EntryPoint","urlTemplate":"https:\/\/iai.int\/es\/?s={search_term_string}"},"query-input":{"@type":"PropertyValueSpecification","valueRequired":true,"valueName":"search_term_string"}}],"inLanguage":"es"},{"@type":"Organization","@id":"https:\/\/iai.int\/es\/#organization","name":"IAI - Inter-American Institute for Global Change Research","url":"https:\/\/iai.int\/es\/","logo":{"@type":"ImageObject","inLanguage":"es","@id":"https:\/\/iai.int\/es\/#\/schema\/logo\/image\/","url":"https:\/\/iai.int\/wp-content\/uploads\/2025\/11\/IAI-logo-English-scaled.png","contentUrl":"https:\/\/iai.int\/wp-content\/uploads\/2025\/11\/IAI-logo-English-scaled.png","width":2560,"height":985,"caption":"IAI - Inter-American Institute for Global Change Research"},"image":{"@id":"https:\/\/iai.int\/es\/#\/schema\/logo\/image\/"}}]}},"uagb_featured_image_src":{"full":false,"thumbnail":false,"medium":false,"medium_large":false,"large":false,"1536x1536":false,"2048x2048":false},"uagb_author_info":{"display_name":"admin","author_link":"https:\/\/iai.int\/es\/author\/admin\/"},"uagb_comment_info":0,"uagb_excerpt":"Kim Portmess es la Lider del Programa de Fellowship de Ciencia, Tecnolog\u00eda y Pol\u00edticas (STeP) del Instituto Interamericano para la Investigaci\u00f3n del Cambio Global (IAI). Kim es responsable de la implementaci\u00f3n, el monitoreo y la expansi\u00f3n de STeP, incluyendo el programa de desarrollo profesional y mentoria en colaboraci\u00f3n con expertos y otros socios del IAI.&nbsp;&hellip;","_links":{"self":[{"href":"https:\/\/iai.int\/es\/wp-json\/wp\/v2\/pages\/6683","targetHints":{"allow":["GET"]}}],"collection":[{"href":"https:\/\/iai.int\/es\/wp-json\/wp\/v2\/pages"}],"about":[{"href":"https:\/\/iai.int\/es\/wp-json\/wp\/v2\/types\/page"}],"author":[{"embeddable":true,"href":"https:\/\/iai.int\/es\/wp-json\/wp\/v2\/users\/1"}],"replies":[{"embeddable":true,"href":"https:\/\/iai.int\/es\/wp-json\/wp\/v2\/comments?post=6683"}],"version-history":[{"count":1,"href":"https:\/\/iai.int\/es\/wp-json\/wp\/v2\/pages\/6683\/revisions"}],"predecessor-version":[{"id":6684,"href":"https:\/\/iai.int\/es\/wp-json\/wp\/v2\/pages\/6683\/revisions\/6684"}],"up":[{"embeddable":true,"href":"https:\/\/iai.int\/es\/wp-json\/wp\/v2\/pages\/6623"}],"wp:attachment":[{"href":"https:\/\/iai.int\/es\/wp-json\/wp\/v2\/media?parent=6683"}],"curies":[{"name":"wp","href":"https:\/\/api.w.org\/{rel}","templated":true}]}}