{"id":6680,"date":"2025-08-07T08:22:16","date_gmt":"2025-08-07T13:22:16","guid":{"rendered":"https:\/\/iai.int\/?page_id=6680"},"modified":"2025-08-07T08:53:04","modified_gmt":"2025-08-07T13:53:04","slug":"laila-sandroni","status":"publish","type":"page","link":"https:\/\/iai.int\/es\/estructura\/direccion-ejecutiva-del-iai\/laila-sandroni\/","title":{"rendered":"Laila Sandroni"},"content":{"rendered":"\n<div class=\"wp-block-columns is-layout-flex wp-container-core-columns-is-layout-28f84493 wp-block-columns-is-layout-flex\">\n<div class=\"wp-block-column is-layout-flow wp-block-column-is-layout-flow\" style=\"flex-basis:33.33%\">\n<figure class=\"wp-block-image size-large\"><img decoding=\"async\" src=\"https:\/\/iai.int\/administrador\/assets\/images\/ckfinder\/files\/Laila-Sandroni.jpg\" alt=\"\"\/><\/figure>\n<\/div>\n\n\n\n<div class=\"wp-block-column is-layout-flow wp-block-column-is-layout-flow\" style=\"flex-basis:66.66%\">\n<p>Laila Sandroni es Antrop\u00f3loga y Ge\u00f3grafa con experiencia en investigaci\u00f3n transdisciplinaria en ciencias sociales. Tiene una maestr\u00eda y un doctorado en ciencias ambientales sociales y ha participado en muchas actividades relacionadas con la interfaz ciencia-pol\u00edticas y las comunidades ind\u00edgenas en Brasil. Sus intereses de investigaci\u00f3n se encuentran en el campo de las transformaciones hacia la sostenibilidad y el papel de los diferentes tipos de conocimiento en la definici\u00f3n de los mejores caminos para lograr la conservaci\u00f3n de la biodiversidad y la gesti\u00f3n forestal. Tiene experiencia en epistemolog\u00eda, relaciones de poder y conocimiento y pol\u00edticas basadas en evidencia en temas ambientales.\u00a0Laila ayudar\u00e1 con el desarrollo y la gesti\u00f3n de programas cient\u00edficos transdisciplinarios.<\/p>\n<\/div>\n<\/div>\n","protected":false},"excerpt":{"rendered":"<p>Laila Sandroni es Antrop\u00f3loga y Ge\u00f3grafa con experiencia en investigaci\u00f3n transdisciplinaria en ciencias sociales. Tiene una maestr\u00eda y un doctorado en ciencias ambientales sociales y ha participado en muchas actividades relacionadas con la interfaz ciencia-pol\u00edticas y las comunidades ind\u00edgenas en Brasil. Sus intereses de investigaci\u00f3n se encuentran en el campo de las transformaciones hacia la [&hellip;]<\/p>\n","protected":false},"author":1,"featured_media":0,"parent":6623,"menu_order":0,"comment_status":"closed","ping_status":"closed","template":"","meta":{"_acf_changed":false,"_uag_custom_page_level_css":"","footnotes":""},"class_list":["post-6680","page","type-page","status-publish","hentry"],"acf":[],"yoast_head":"<!-- This site is optimized with the Yoast SEO plugin v27.3 - https:\/\/yoast.com\/product\/yoast-seo-wordpress\/ -->\n<title>Laila Sandroni - IAI - Inter-American Institute for Global Change Research<\/title>\n<meta name=\"robots\" content=\"index, follow, max-snippet:-1, max-image-preview:large, max-video-preview:-1\" \/>\n<link rel=\"canonical\" href=\"https:\/\/iai.int\/es\/estructura\/direccion-ejecutiva-del-iai\/laila-sandroni\/\" \/>\n<meta property=\"og:locale\" content=\"es_ES\" \/>\n<meta property=\"og:type\" content=\"article\" \/>\n<meta property=\"og:title\" content=\"Laila Sandroni - IAI - Inter-American Institute for Global Change Research\" \/>\n<meta property=\"og:description\" content=\"Laila Sandroni es Antrop\u00f3loga y Ge\u00f3grafa con experiencia en investigaci\u00f3n transdisciplinaria en ciencias sociales. Tiene una maestr\u00eda y un doctorado en ciencias ambientales sociales y ha participado en muchas actividades relacionadas con la interfaz ciencia-pol\u00edticas y las comunidades ind\u00edgenas en Brasil. Sus intereses de investigaci\u00f3n se encuentran en el campo de las transformaciones hacia la [&hellip;]\" \/>\n<meta property=\"og:url\" content=\"https:\/\/iai.int\/es\/estructura\/direccion-ejecutiva-del-iai\/laila-sandroni\/\" \/>\n<meta property=\"og:site_name\" content=\"IAI - Inter-American Institute for Global Change Research\" \/>\n<meta property=\"article:modified_time\" content=\"2025-08-07T13:53:04+00:00\" \/>\n<meta property=\"og:image\" content=\"https:\/\/iai.int\/administrador\/assets\/images\/ckfinder\/files\/Laila-Sandroni.jpg\" \/>\n<meta name=\"twitter:card\" content=\"summary_large_image\" \/>\n<meta name=\"twitter:label1\" content=\"Tiempo de lectura\" \/>\n\t<meta name=\"twitter:data1\" content=\"1 minuto\" \/>\n<script type=\"application\/ld+json\" class=\"yoast-schema-graph\">{\"@context\":\"https:\\\/\\\/schema.org\",\"@graph\":[{\"@type\":\"WebPage\",\"@id\":\"https:\\\/\\\/iai.int\\\/es\\\/estructura\\\/direccion-ejecutiva-del-iai\\\/laila-sandroni\\\/\",\"url\":\"https:\\\/\\\/iai.int\\\/es\\\/estructura\\\/direccion-ejecutiva-del-iai\\\/laila-sandroni\\\/\",\"name\":\"Laila Sandroni - IAI - Inter-American Institute for Global Change Research\",\"isPartOf\":{\"@id\":\"https:\\\/\\\/iai.int\\\/es\\\/#website\"},\"primaryImageOfPage\":{\"@id\":\"https:\\\/\\\/iai.int\\\/es\\\/estructura\\\/direccion-ejecutiva-del-iai\\\/laila-sandroni\\\/#primaryimage\"},\"image\":{\"@id\":\"https:\\\/\\\/iai.int\\\/es\\\/estructura\\\/direccion-ejecutiva-del-iai\\\/laila-sandroni\\\/#primaryimage\"},\"thumbnailUrl\":\"https:\\\/\\\/iai.int\\\/administrador\\\/assets\\\/images\\\/ckfinder\\\/files\\\/Laila-Sandroni.jpg\",\"datePublished\":\"2025-08-07T13:22:16+00:00\",\"dateModified\":\"2025-08-07T13:53:04+00:00\",\"breadcrumb\":{\"@id\":\"https:\\\/\\\/iai.int\\\/es\\\/estructura\\\/direccion-ejecutiva-del-iai\\\/laila-sandroni\\\/#breadcrumb\"},\"inLanguage\":\"es\",\"potentialAction\":[{\"@type\":\"ReadAction\",\"target\":[\"https:\\\/\\\/iai.int\\\/es\\\/estructura\\\/direccion-ejecutiva-del-iai\\\/laila-sandroni\\\/\"]}]},{\"@type\":\"ImageObject\",\"inLanguage\":\"es\",\"@id\":\"https:\\\/\\\/iai.int\\\/es\\\/estructura\\\/direccion-ejecutiva-del-iai\\\/laila-sandroni\\\/#primaryimage\",\"url\":\"https:\\\/\\\/iai.int\\\/administrador\\\/assets\\\/images\\\/ckfinder\\\/files\\\/Laila-Sandroni.jpg\",\"contentUrl\":\"https:\\\/\\\/iai.int\\\/administrador\\\/assets\\\/images\\\/ckfinder\\\/files\\\/Laila-Sandroni.jpg\"},{\"@type\":\"BreadcrumbList\",\"@id\":\"https:\\\/\\\/iai.int\\\/es\\\/estructura\\\/direccion-ejecutiva-del-iai\\\/laila-sandroni\\\/#breadcrumb\",\"itemListElement\":[{\"@type\":\"ListItem\",\"position\":1,\"name\":\"Portada\",\"item\":\"https:\\\/\\\/iai.int\\\/es\\\/\"},{\"@type\":\"ListItem\",\"position\":2,\"name\":\"Estructura\",\"item\":\"https:\\\/\\\/iai.int\\\/es\\\/estructura\\\/\"},{\"@type\":\"ListItem\",\"position\":3,\"name\":\"Direcci\u00f3n Ejecutiva del IAI\",\"item\":\"https:\\\/\\\/iai.int\\\/es\\\/estructura\\\/direccion-ejecutiva-del-iai\\\/\"},{\"@type\":\"ListItem\",\"position\":4,\"name\":\"Laila Sandroni\"}]},{\"@type\":\"WebSite\",\"@id\":\"https:\\\/\\\/iai.int\\\/es\\\/#website\",\"url\":\"https:\\\/\\\/iai.int\\\/es\\\/\",\"name\":\"IAI - Inter-American Institute for Global Change Research\",\"description\":\"\",\"publisher\":{\"@id\":\"https:\\\/\\\/iai.int\\\/es\\\/#organization\"},\"potentialAction\":[{\"@type\":\"SearchAction\",\"target\":{\"@type\":\"EntryPoint\",\"urlTemplate\":\"https:\\\/\\\/iai.int\\\/es\\\/?s={search_term_string}\"},\"query-input\":{\"@type\":\"PropertyValueSpecification\",\"valueRequired\":true,\"valueName\":\"search_term_string\"}}],\"inLanguage\":\"es\"},{\"@type\":\"Organization\",\"@id\":\"https:\\\/\\\/iai.int\\\/es\\\/#organization\",\"name\":\"IAI - Inter-American Institute for Global Change Research\",\"url\":\"https:\\\/\\\/iai.int\\\/es\\\/\",\"logo\":{\"@type\":\"ImageObject\",\"inLanguage\":\"es\",\"@id\":\"https:\\\/\\\/iai.int\\\/es\\\/#\\\/schema\\\/logo\\\/image\\\/\",\"url\":\"https:\\\/\\\/iai.int\\\/wp-content\\\/uploads\\\/2025\\\/11\\\/IAI-logo-English-scaled.png\",\"contentUrl\":\"https:\\\/\\\/iai.int\\\/wp-content\\\/uploads\\\/2025\\\/11\\\/IAI-logo-English-scaled.png\",\"width\":2560,\"height\":985,\"caption\":\"IAI - Inter-American Institute for Global Change Research\"},\"image\":{\"@id\":\"https:\\\/\\\/iai.int\\\/es\\\/#\\\/schema\\\/logo\\\/image\\\/\"}}]}<\/script>\n<!-- \/ Yoast SEO plugin. -->","yoast_head_json":{"title":"Laila Sandroni - IAI - Inter-American Institute for Global Change Research","robots":{"index":"index","follow":"follow","max-snippet":"max-snippet:-1","max-image-preview":"max-image-preview:large","max-video-preview":"max-video-preview:-1"},"canonical":"https:\/\/iai.int\/es\/estructura\/direccion-ejecutiva-del-iai\/laila-sandroni\/","og_locale":"es_ES","og_type":"article","og_title":"Laila Sandroni - IAI - Inter-American Institute for Global Change Research","og_description":"Laila Sandroni es Antrop\u00f3loga y Ge\u00f3grafa con experiencia en investigaci\u00f3n transdisciplinaria en ciencias sociales. Tiene una maestr\u00eda y un doctorado en ciencias ambientales sociales y ha participado en muchas actividades relacionadas con la interfaz ciencia-pol\u00edticas y las comunidades ind\u00edgenas en Brasil. Sus intereses de investigaci\u00f3n se encuentran en el campo de las transformaciones hacia la [&hellip;]","og_url":"https:\/\/iai.int\/es\/estructura\/direccion-ejecutiva-del-iai\/laila-sandroni\/","og_site_name":"IAI - Inter-American Institute for Global Change Research","article_modified_time":"2025-08-07T13:53:04+00:00","og_image":[{"url":"https:\/\/iai.int\/administrador\/assets\/images\/ckfinder\/files\/Laila-Sandroni.jpg","type":"","width":"","height":""}],"twitter_card":"summary_large_image","twitter_misc":{"Tiempo de lectura":"1 minuto"},"schema":{"@context":"https:\/\/schema.org","@graph":[{"@type":"WebPage","@id":"https:\/\/iai.int\/es\/estructura\/direccion-ejecutiva-del-iai\/laila-sandroni\/","url":"https:\/\/iai.int\/es\/estructura\/direccion-ejecutiva-del-iai\/laila-sandroni\/","name":"Laila Sandroni - IAI - Inter-American Institute for Global Change Research","isPartOf":{"@id":"https:\/\/iai.int\/es\/#website"},"primaryImageOfPage":{"@id":"https:\/\/iai.int\/es\/estructura\/direccion-ejecutiva-del-iai\/laila-sandroni\/#primaryimage"},"image":{"@id":"https:\/\/iai.int\/es\/estructura\/direccion-ejecutiva-del-iai\/laila-sandroni\/#primaryimage"},"thumbnailUrl":"https:\/\/iai.int\/administrador\/assets\/images\/ckfinder\/files\/Laila-Sandroni.jpg","datePublished":"2025-08-07T13:22:16+00:00","dateModified":"2025-08-07T13:53:04+00:00","breadcrumb":{"@id":"https:\/\/iai.int\/es\/estructura\/direccion-ejecutiva-del-iai\/laila-sandroni\/#breadcrumb"},"inLanguage":"es","potentialAction":[{"@type":"ReadAction","target":["https:\/\/iai.int\/es\/estructura\/direccion-ejecutiva-del-iai\/laila-sandroni\/"]}]},{"@type":"ImageObject","inLanguage":"es","@id":"https:\/\/iai.int\/es\/estructura\/direccion-ejecutiva-del-iai\/laila-sandroni\/#primaryimage","url":"https:\/\/iai.int\/administrador\/assets\/images\/ckfinder\/files\/Laila-Sandroni.jpg","contentUrl":"https:\/\/iai.int\/administrador\/assets\/images\/ckfinder\/files\/Laila-Sandroni.jpg"},{"@type":"BreadcrumbList","@id":"https:\/\/iai.int\/es\/estructura\/direccion-ejecutiva-del-iai\/laila-sandroni\/#breadcrumb","itemListElement":[{"@type":"ListItem","position":1,"name":"Portada","item":"https:\/\/iai.int\/es\/"},{"@type":"ListItem","position":2,"name":"Estructura","item":"https:\/\/iai.int\/es\/estructura\/"},{"@type":"ListItem","position":3,"name":"Direcci\u00f3n Ejecutiva del IAI","item":"https:\/\/iai.int\/es\/estructura\/direccion-ejecutiva-del-iai\/"},{"@type":"ListItem","position":4,"name":"Laila Sandroni"}]},{"@type":"WebSite","@id":"https:\/\/iai.int\/es\/#website","url":"https:\/\/iai.int\/es\/","name":"IAI - Inter-American Institute for Global Change Research","description":"","publisher":{"@id":"https:\/\/iai.int\/es\/#organization"},"potentialAction":[{"@type":"SearchAction","target":{"@type":"EntryPoint","urlTemplate":"https:\/\/iai.int\/es\/?s={search_term_string}"},"query-input":{"@type":"PropertyValueSpecification","valueRequired":true,"valueName":"search_term_string"}}],"inLanguage":"es"},{"@type":"Organization","@id":"https:\/\/iai.int\/es\/#organization","name":"IAI - Inter-American Institute for Global Change Research","url":"https:\/\/iai.int\/es\/","logo":{"@type":"ImageObject","inLanguage":"es","@id":"https:\/\/iai.int\/es\/#\/schema\/logo\/image\/","url":"https:\/\/iai.int\/wp-content\/uploads\/2025\/11\/IAI-logo-English-scaled.png","contentUrl":"https:\/\/iai.int\/wp-content\/uploads\/2025\/11\/IAI-logo-English-scaled.png","width":2560,"height":985,"caption":"IAI - Inter-American Institute for Global Change Research"},"image":{"@id":"https:\/\/iai.int\/es\/#\/schema\/logo\/image\/"}}]}},"uagb_featured_image_src":{"full":false,"thumbnail":false,"medium":false,"medium_large":false,"large":false,"1536x1536":false,"2048x2048":false},"uagb_author_info":{"display_name":"admin","author_link":"https:\/\/iai.int\/es\/author\/admin\/"},"uagb_comment_info":0,"uagb_excerpt":"Laila Sandroni es Antrop\u00f3loga y Ge\u00f3grafa con experiencia en investigaci\u00f3n transdisciplinaria en ciencias sociales. Tiene una maestr\u00eda y un doctorado en ciencias ambientales sociales y ha participado en muchas actividades relacionadas con la interfaz ciencia-pol\u00edticas y las comunidades ind\u00edgenas en Brasil. Sus intereses de investigaci\u00f3n se encuentran en el campo de las transformaciones hacia la&hellip;","_links":{"self":[{"href":"https:\/\/iai.int\/es\/wp-json\/wp\/v2\/pages\/6680","targetHints":{"allow":["GET"]}}],"collection":[{"href":"https:\/\/iai.int\/es\/wp-json\/wp\/v2\/pages"}],"about":[{"href":"https:\/\/iai.int\/es\/wp-json\/wp\/v2\/types\/page"}],"author":[{"embeddable":true,"href":"https:\/\/iai.int\/es\/wp-json\/wp\/v2\/users\/1"}],"replies":[{"embeddable":true,"href":"https:\/\/iai.int\/es\/wp-json\/wp\/v2\/comments?post=6680"}],"version-history":[{"count":1,"href":"https:\/\/iai.int\/es\/wp-json\/wp\/v2\/pages\/6680\/revisions"}],"predecessor-version":[{"id":6682,"href":"https:\/\/iai.int\/es\/wp-json\/wp\/v2\/pages\/6680\/revisions\/6682"}],"up":[{"embeddable":true,"href":"https:\/\/iai.int\/es\/wp-json\/wp\/v2\/pages\/6623"}],"wp:attachment":[{"href":"https:\/\/iai.int\/es\/wp-json\/wp\/v2\/media?parent=6680"}],"curies":[{"name":"wp","href":"https:\/\/api.w.org\/{rel}","templated":true}]}}