{"id":6623,"date":"2025-08-05T10:09:31","date_gmt":"2025-08-05T15:09:31","guid":{"rendered":"https:\/\/iai.int\/?page_id=6623"},"modified":"2026-04-04T13:13:59","modified_gmt":"2026-04-04T18:13:59","slug":"direccion-ejecutiva-del-iai","status":"publish","type":"page","link":"https:\/\/iai.int\/es\/estructura\/direccion-ejecutiva-del-iai\/","title":{"rendered":"Direcci\u00f3n Ejecutiva del IAI"},"content":{"rendered":"\n<div class=\"wp-block-columns is-layout-flex wp-container-core-columns-is-layout-28f84493 wp-block-columns-is-layout-flex\">\n<div class=\"wp-block-column is-layout-flow wp-block-column-is-layout-flow\">\n<figure class=\"wp-block-image size-large is-resized\"><img fetchpriority=\"high\" decoding=\"async\" width=\"1024\" height=\"1024\" src=\"http:\/\/iai.int\/wp-content\/uploads\/2026\/01\/OMAR-1-1024x1024.webp\" alt=\"\" class=\"wp-image-13704\" style=\"width:239px;height:auto\" srcset=\"https:\/\/iai.int\/wp-content\/uploads\/2026\/01\/OMAR-1-1024x1024.webp 1024w, https:\/\/iai.int\/wp-content\/uploads\/2026\/01\/OMAR-1-300x300.webp 300w, https:\/\/iai.int\/wp-content\/uploads\/2026\/01\/OMAR-1-150x150.webp 150w, https:\/\/iai.int\/wp-content\/uploads\/2026\/01\/OMAR-1-768x768.webp 768w, https:\/\/iai.int\/wp-content\/uploads\/2026\/01\/OMAR-1.webp 1200w\" sizes=\"(max-width: 1024px) 100vw, 1024px\" \/><\/figure>\n\n\n\n<h6 class=\"wp-block-heading\"><strong><a href=\"https:\/\/iai.int\/es\/estructura\/direccion-ejecutiva-del-iai\/anna-stewart-ibarra\/\" data-type=\"page\" data-id=\"6667\"><strong><strong><\/strong><\/strong><\/a><strong><strong><a href=\"https:\/\/iai.int\/es\/estructura\/direccion-ejecutiva-del-iai\/omar-lopez-alfano\/\">Omar L\u00f3pez Alfano<\/a><\/strong><\/strong><\/strong><\/h6>\n\n\n\n<p><strong>Director de Ciencia<\/strong> <strong>\/ Director Ejecutivo (a.i.)<\/strong><br><a href=\"mailto:anna.stewart@dir.iai.int\"><\/a><a href=\"mailto:omar.lopez@dir.iai.int\">omar.lopez@dir.iai.int<\/a><\/p>\n<\/div>\n\n\n\n<div class=\"wp-block-column is-layout-flow wp-block-column-is-layout-flow\">\n<figure class=\"wp-block-image size-large is-resized\"><img decoding=\"async\" width=\"1024\" height=\"1024\" src=\"http:\/\/iai.int\/wp-content\/uploads\/2026\/01\/MARCELA-1024x1024.webp\" alt=\"\" class=\"wp-image-13700\" style=\"width:239px;height:auto\" srcset=\"https:\/\/iai.int\/wp-content\/uploads\/2026\/01\/MARCELA-1024x1024.webp 1024w, https:\/\/iai.int\/wp-content\/uploads\/2026\/01\/MARCELA-300x300.webp 300w, https:\/\/iai.int\/wp-content\/uploads\/2026\/01\/MARCELA-150x150.webp 150w, https:\/\/iai.int\/wp-content\/uploads\/2026\/01\/MARCELA-768x768.webp 768w, https:\/\/iai.int\/wp-content\/uploads\/2026\/01\/MARCELA.webp 1200w\" sizes=\"(max-width: 1024px) 100vw, 1024px\" \/><\/figure>\n\n\n\n<h6 class=\"wp-block-heading\"><strong><a href=\"https:\/\/iai.int\/es\/estructura\/direccion-ejecutiva-del-iai\/marcella-ohira\/\" data-type=\"page\" data-id=\"6670\">Marcella Ohira<\/a><\/strong><\/h6>\n\n\n\n<p><strong>Vicedirectora Ejecutiva<br>Directora del Centro de Diplomacia Cient\u00edfica<\/strong><br><a href=\"mailto:marcella.ohira@dir.iai.int\">marcella.ohira@dir.iai.int<\/a> <\/p>\n<\/div>\n\n\n\n<div class=\"wp-block-column is-layout-flow wp-block-column-is-layout-flow\">\n<figure class=\"wp-block-image size-large is-resized\"><img decoding=\"async\" width=\"1024\" height=\"1024\" src=\"http:\/\/iai.int\/wp-content\/uploads\/2026\/01\/Valeria-Villamil-1024x1024.webp\" alt=\"\" class=\"wp-image-13706\" style=\"width:239px;height:auto\" srcset=\"https:\/\/iai.int\/wp-content\/uploads\/2026\/01\/Valeria-Villamil-1024x1024.webp 1024w, https:\/\/iai.int\/wp-content\/uploads\/2026\/01\/Valeria-Villamil-300x300.webp 300w, https:\/\/iai.int\/wp-content\/uploads\/2026\/01\/Valeria-Villamil-150x150.webp 150w, https:\/\/iai.int\/wp-content\/uploads\/2026\/01\/Valeria-Villamil-768x768.webp 768w, https:\/\/iai.int\/wp-content\/uploads\/2026\/01\/Valeria-Villamil.webp 1200w\" sizes=\"(max-width: 1024px) 100vw, 1024px\" \/><\/figure>\n\n\n\n<h6 class=\"wp-block-heading\"><strong><strong><strong><strong>Valeria Villamil<\/strong><\/strong><\/strong><\/strong><\/h6>\n\n\n\n<p><strong>Directora de Administraci\u00f3n,<\/strong><br><strong>Finanzas y Operaciones <\/strong><a href=\"mailto:omar.lopez@dir.iai.int\"><\/a><a href=\"mailto:valeria.villamil@dir.iai.int\">valeria.villamil@dir.iai.int<\/a><\/p>\n<\/div>\n<\/div>\n\n\n\n<div class=\"wp-block-columns is-layout-flex wp-container-core-columns-is-layout-28f84493 wp-block-columns-is-layout-flex\">\n<div class=\"wp-block-column is-layout-flow wp-block-column-is-layout-flow\">\n<figure class=\"wp-block-image size-large is-resized\"><img loading=\"lazy\" decoding=\"async\" width=\"1024\" height=\"1024\" src=\"http:\/\/iai.int\/wp-content\/uploads\/2026\/01\/SOL-1-1024x1024.webp\" alt=\"\" class=\"wp-image-13712\" style=\"width:239px;height:auto\" srcset=\"https:\/\/iai.int\/wp-content\/uploads\/2026\/01\/SOL-1-1024x1024.webp 1024w, https:\/\/iai.int\/wp-content\/uploads\/2026\/01\/SOL-1-300x300.webp 300w, https:\/\/iai.int\/wp-content\/uploads\/2026\/01\/SOL-1-150x150.webp 150w, https:\/\/iai.int\/wp-content\/uploads\/2026\/01\/SOL-1-768x768.webp 768w, https:\/\/iai.int\/wp-content\/uploads\/2026\/01\/SOL-1.webp 1200w\" sizes=\"(max-width: 1024px) 100vw, 1024px\" \/><\/figure>\n\n\n\n<h6 class=\"wp-block-heading\"><strong><strong><a href=\"https:\/\/iai.int\/es\/estructura\/direccion-ejecutiva-del-iai\/soledad-noya\/\" type=\"link\" id=\"https:\/\/iai.int\/es\/estructura\/direccion-ejecutiva-del-iai\/soledad-noya\/\">Soledad Noya<\/a><\/strong><\/strong><\/h6>\n\n\n\n<p><strong>Asociada Ejecutiva<\/strong><br><a href=\"mailto:soledad.noya@dir.iai.int\">soledad.noya@dir.iai.int<\/a><\/p>\n<\/div>\n\n\n\n<div class=\"wp-block-column is-layout-flow wp-block-column-is-layout-flow\">\n<figure class=\"wp-block-image size-large is-resized\"><img loading=\"lazy\" decoding=\"async\" width=\"1024\" height=\"1024\" src=\"http:\/\/iai.int\/wp-content\/uploads\/2026\/01\/Kim-Portmess-1024x1024.webp\" alt=\"\" class=\"wp-image-13707\" style=\"width:236px;height:auto\" srcset=\"https:\/\/iai.int\/wp-content\/uploads\/2026\/01\/Kim-Portmess-1024x1024.webp 1024w, https:\/\/iai.int\/wp-content\/uploads\/2026\/01\/Kim-Portmess-300x300.webp 300w, https:\/\/iai.int\/wp-content\/uploads\/2026\/01\/Kim-Portmess-150x150.webp 150w, https:\/\/iai.int\/wp-content\/uploads\/2026\/01\/Kim-Portmess-768x769.webp 768w, https:\/\/iai.int\/wp-content\/uploads\/2026\/01\/Kim-Portmess.webp 1199w\" sizes=\"(max-width: 1024px) 100vw, 1024px\" \/><\/figure>\n\n\n\n<h6 class=\"wp-block-heading\"><strong><strong><strong><strong><strong><a href=\"https:\/\/iai.int\/es\/estructura\/direccion-ejecutiva-del-iai\/kim-portmess\/\">Kim Portmess<\/a><\/strong><\/strong><\/strong><\/strong><\/strong><\/h6>\n\n\n\n<p><strong>Gerente de la sede y L\u00edder del Programa STeP<\/strong><br><a href=\"mailto:kim.portmess@dir.iai.int\">kim.portmess@dir.iai.int<\/a><\/p>\n<\/div>\n\n\n\n<div class=\"wp-block-column is-layout-flow wp-block-column-is-layout-flow\">\n<figure class=\"wp-block-image size-large is-resized\"><img loading=\"lazy\" decoding=\"async\" width=\"1024\" height=\"1024\" src=\"http:\/\/iai.int\/wp-content\/uploads\/2026\/01\/Matias-Mastrangelo-1-1024x1024.webp\" alt=\"\" class=\"wp-image-13713\" style=\"width:239px;height:auto\" srcset=\"https:\/\/iai.int\/wp-content\/uploads\/2026\/01\/Matias-Mastrangelo-1-1024x1024.webp 1024w, https:\/\/iai.int\/wp-content\/uploads\/2026\/01\/Matias-Mastrangelo-1-300x300.webp 300w, https:\/\/iai.int\/wp-content\/uploads\/2026\/01\/Matias-Mastrangelo-1-150x150.webp 150w, https:\/\/iai.int\/wp-content\/uploads\/2026\/01\/Matias-Mastrangelo-1-768x768.webp 768w, https:\/\/iai.int\/wp-content\/uploads\/2026\/01\/Matias-Mastrangelo-1.webp 1200w\" sizes=\"(max-width: 1024px) 100vw, 1024px\" \/><\/figure>\n\n\n\n<h6 class=\"wp-block-heading\"><strong><strong><strong><strong><strong><strong><strong><strong><strong><a href=\"https:\/\/iai.int\/es\/estructura\/direccion-ejecutiva-del-iai\/matias-mastrangelo\/\">Mat\u00edas Mastr\u00e1ngelo<\/a><\/strong><\/strong><\/strong><\/strong><\/strong><\/strong><\/strong><\/strong><\/strong><\/h6>\n\n\n\n<p><strong>Especialista en Datos Abiertos<\/strong><br><a href=\"matias.mastrangelo@dir.iai.int\">matias.mastrangelo<br>@dir.iai.int<\/a><\/p>\n<\/div>\n<\/div>\n\n\n\n<div class=\"wp-block-columns is-layout-flex wp-container-core-columns-is-layout-28f84493 wp-block-columns-is-layout-flex\">\n<div class=\"wp-block-column is-layout-flow wp-block-column-is-layout-flow\">\n<figure class=\"wp-block-image size-large is-resized\"><a href=\"https:\/\/iai.int\/es\/estructura\/direccion-ejecutiva-del-iai\/laila-sandroni\/\"><img decoding=\"async\" src=\"https:\/\/iai.int\/administrador\/assets\/images\/ckfinder\/files\/Laila-Sandroni.jpg\" alt=\"\" style=\"width:239px;height:auto\"\/><\/a><\/figure>\n\n\n\n<h6 class=\"wp-block-heading\"><strong><strong><strong><strong><strong><a href=\"https:\/\/iai.int\/es\/estructura\/direccion-ejecutiva-del-iai\/laila-sandroni\/\" data-type=\"page\" data-id=\"6680\">Laila Sandroni<\/a><\/strong><\/strong><\/strong><\/strong><\/strong><\/h6>\n\n\n\n<p><strong>Lider del<\/strong><br><strong>Programa Transdisciplinario<\/strong><br><a href=\"mailto:laila.sandroni@dir.iai.int\">laila.sandroni@dir.iai.int<\/a><\/p>\n<\/div>\n\n\n\n<div class=\"wp-block-column is-layout-flow wp-block-column-is-layout-flow\">\n<figure class=\"wp-block-image size-large is-resized\"><img loading=\"lazy\" decoding=\"async\" width=\"1024\" height=\"1024\" src=\"http:\/\/iai.int\/wp-content\/uploads\/2026\/02\/Patricia-Puertas-1024x1024.webp\" alt=\"\" class=\"wp-image-14228\" style=\"width:239px;height:auto\" srcset=\"https:\/\/iai.int\/wp-content\/uploads\/2026\/02\/Patricia-Puertas-1024x1024.webp 1024w, https:\/\/iai.int\/wp-content\/uploads\/2026\/02\/Patricia-Puertas-300x300.webp 300w, https:\/\/iai.int\/wp-content\/uploads\/2026\/02\/Patricia-Puertas-150x150.webp 150w, https:\/\/iai.int\/wp-content\/uploads\/2026\/02\/Patricia-Puertas-768x768.webp 768w, https:\/\/iai.int\/wp-content\/uploads\/2026\/02\/Patricia-Puertas.webp 1200w\" sizes=\"(max-width: 1024px) 100vw, 1024px\" \/><\/figure>\n\n\n\n<h6 class=\"wp-block-heading\"><strong>Patricia Puertas<\/strong><\/h6>\n\n\n\n<p><strong>Asistente de Finanzas<\/strong><br><strong>y Operaciones<\/strong><br><a href=\"mailto:patricia.puertas@dir.iai.int\">patricia.puertas@dir.iai.int<\/a><\/p>\n<\/div>\n\n\n\n<div class=\"wp-block-column is-layout-flow wp-block-column-is-layout-flow\">\n<p><\/p>\n<\/div>\n<\/div>\n\n\n\n<div class=\"wp-block-columns is-layout-flex wp-container-core-columns-is-layout-28f84493 wp-block-columns-is-layout-flex\">\n<div class=\"wp-block-column is-layout-flow wp-block-column-is-layout-flow\"><\/div>\n\n\n\n<div class=\"wp-block-column is-layout-flow wp-block-column-is-layout-flow\"><\/div>\n<\/div>\n\n\n\n<div style=\"height:41px\" aria-hidden=\"true\" class=\"wp-block-spacer\"><\/div>\n\n\n\n<h4 class=\"wp-block-heading\">Fellows<\/h4>\n\n\n\n<div class=\"wp-block-columns is-layout-flex wp-container-core-columns-is-layout-28f84493 wp-block-columns-is-layout-flex\">\n<div class=\"wp-block-column is-layout-flow wp-block-column-is-layout-flow\">\n<figure class=\"wp-block-image size-large is-resized\"><img decoding=\"async\" src=\"https:\/\/iai.int\/administrador\/assets\/images\/ckfinder\/files\/CLAUDIA.png\" alt=\"\" style=\"width:239px;height:auto\"\/><\/figure>\n\n\n\n<h6 class=\"wp-block-heading\"><strong><strong><strong><strong><strong><a data-type=\"page\" data-id=\"6701\" href=\"https:\/\/iai.int\/es\/estructura\/direccion-ejecutiva-del-iai\/gabriela-ferreira\/\"><strong><strong><strong><strong><strong><a data-type=\"page\" data-id=\"6699\" href=\"https:\/\/iai.int\/es\/estructura\/direccion-ejecutiva-del-iai\/claudia-alarcon-lopez\/\">Claudia Alarc\u00f3n L\u00f3pez<\/a><\/strong><\/strong><\/strong><\/strong><\/strong><\/a><\/strong><\/strong><\/strong><\/strong><\/strong><\/h6>\n\n\n\n<p><strong>Fellow STeP<\/strong><\/p>\n<\/div>\n\n\n\n<div class=\"wp-block-column is-layout-flow wp-block-column-is-layout-flow\">\n<figure class=\"wp-block-image size-large is-resized\"><img decoding=\"async\" src=\"https:\/\/iai.int\/administrador\/assets\/images\/ckfinder\/files\/LARRISE%20FARONI%20(1).png\" alt=\"\" style=\"width:239px;height:auto\"\/><\/figure>\n\n\n\n<h6 class=\"wp-block-heading\"><strong><strong><a data-type=\"page\" data-id=\"6691\" href=\"https:\/\/iai.int\/es\/estructura\/direccion-ejecutiva-del-iai\/angelo-attanasio\/\"><\/a><strong><strong><a data-type=\"page\" data-id=\"6693\" href=\"https:\/\/iai.int\/es\/estructura\/direccion-ejecutiva-del-iai\/daniel-pinillos\/\"><strong><strong><strong><strong><a data-type=\"page\" data-id=\"6695\" href=\"https:\/\/iai.int\/es\/estructura\/direccion-ejecutiva-del-iai\/larisse-faroni-perez\/\">Larisse Faroni-Perez<\/a><\/strong><\/strong><\/strong><\/strong><\/a><\/strong><\/strong><\/strong><\/strong><\/h6>\n\n\n\n<p><strong>Fellow STeP<\/strong><br><a href=\"mailto:\"><\/a><\/p>\n<\/div>\n\n\n\n<div class=\"wp-block-column is-layout-flow wp-block-column-is-layout-flow\">\n<h6 class=\"wp-block-heading\"><\/h6>\n\n\n\n<p><br><a href=\"mailto:\"><\/a><a href=\"https:\/\/iai.int\/es\/news\/detail\/Daniel-Pinillos\"><\/a><\/p>\n<\/div>\n<\/div>\n\n\n\n<div class=\"wp-block-columns is-layout-flex wp-container-core-columns-is-layout-28f84493 wp-block-columns-is-layout-flex\">\n<div class=\"wp-block-column is-layout-flow wp-block-column-is-layout-flow\">\n<h6 class=\"wp-block-heading\"><\/h6>\n\n\n\n<p><\/p>\n<\/div>\n\n\n\n<div class=\"wp-block-column is-layout-flow wp-block-column-is-layout-flow\">\n<h6 class=\"wp-block-heading\"><\/h6>\n\n\n\n<p><br><a href=\"mailto:\"><\/a><\/p>\n<\/div>\n\n\n\n<div class=\"wp-block-column is-layout-flow wp-block-column-is-layout-flow\">\n<h6 class=\"wp-block-heading\"><\/h6>\n\n\n\n<p><br><a href=\"mailto:\"><\/a><a href=\"https:\/\/iai.int\/es\/news\/detail\/Daniel-Pinillos\"><\/a><\/p>\n<\/div>\n<\/div>\n\n\n\n<p><\/p>\n","protected":false},"excerpt":{"rendered":"<p>Omar L\u00f3pez Alfano Director de Ciencia \/ Director Ejecutivo (a.i.)omar.lopez@dir.iai.int Marcella Ohira Vicedirectora EjecutivaDirectora del Centro de Diplomacia Cient\u00edficamarcella.ohira@dir.iai.int Valeria Villamil Directora de Administraci\u00f3n,Finanzas y Operaciones valeria.villamil@dir.iai.int Soledad Noya Asociada Ejecutivasoledad.noya@dir.iai.int Kim Portmess Gerente de la sede y L\u00edder del Programa STePkim.portmess@dir.iai.int Mat\u00edas Mastr\u00e1ngelo Especialista en Datos Abiertosmatias.mastrangelo@dir.iai.int Laila Sandroni Lider delPrograma Transdisciplinariolaila.sandroni@dir.iai.int Patricia Puertas [&hellip;]<\/p>\n","protected":false},"author":1,"featured_media":0,"parent":360,"menu_order":0,"comment_status":"closed","ping_status":"closed","template":"","meta":{"_acf_changed":false,"_uag_custom_page_level_css":"","footnotes":""},"class_list":["post-6623","page","type-page","status-publish","hentry"],"acf":[],"yoast_head":"<!-- This site is optimized with the Yoast SEO plugin v27.3 - https:\/\/yoast.com\/product\/yoast-seo-wordpress\/ -->\n<title>Direcci\u00f3n Ejecutiva del IAI - IAI - Inter-American Institute for Global Change Research<\/title>\n<meta name=\"robots\" content=\"index, follow, max-snippet:-1, max-image-preview:large, max-video-preview:-1\" \/>\n<link rel=\"canonical\" href=\"https:\/\/iai.int\/es\/estructura\/direccion-ejecutiva-del-iai\/\" \/>\n<meta property=\"og:locale\" content=\"es_ES\" \/>\n<meta property=\"og:type\" content=\"article\" \/>\n<meta property=\"og:title\" content=\"Direcci\u00f3n Ejecutiva del IAI - IAI - Inter-American Institute for Global Change Research\" \/>\n<meta property=\"og:description\" content=\"Omar L\u00f3pez Alfano Director de Ciencia \/ Director Ejecutivo (a.i.)omar.lopez@dir.iai.int Marcella Ohira Vicedirectora EjecutivaDirectora del Centro de Diplomacia Cient\u00edficamarcella.ohira@dir.iai.int Valeria Villamil Directora de Administraci\u00f3n,Finanzas y Operaciones valeria.villamil@dir.iai.int Soledad Noya Asociada Ejecutivasoledad.noya@dir.iai.int Kim Portmess Gerente de la sede y L\u00edder del Programa STePkim.portmess@dir.iai.int Mat\u00edas Mastr\u00e1ngelo Especialista en Datos Abiertosmatias.mastrangelo@dir.iai.int Laila Sandroni Lider delPrograma Transdisciplinariolaila.sandroni@dir.iai.int Patricia Puertas [&hellip;]\" \/>\n<meta property=\"og:url\" content=\"https:\/\/iai.int\/es\/estructura\/direccion-ejecutiva-del-iai\/\" \/>\n<meta property=\"og:site_name\" content=\"IAI - Inter-American Institute for Global Change Research\" \/>\n<meta property=\"article:modified_time\" content=\"2026-04-04T18:13:59+00:00\" \/>\n<meta property=\"og:image\" content=\"https:\/\/iai.int\/wp-content\/uploads\/2026\/01\/OMAR-1.webp\" \/>\n\t<meta property=\"og:image:width\" content=\"1200\" \/>\n\t<meta property=\"og:image:height\" content=\"1200\" \/>\n\t<meta property=\"og:image:type\" content=\"image\/webp\" \/>\n<meta name=\"twitter:card\" content=\"summary_large_image\" \/>\n<meta name=\"twitter:label1\" content=\"Tiempo de lectura\" \/>\n\t<meta name=\"twitter:data1\" content=\"3 minutos\" \/>\n<script type=\"application\/ld+json\" class=\"yoast-schema-graph\">{\"@context\":\"https:\\\/\\\/schema.org\",\"@graph\":[{\"@type\":\"WebPage\",\"@id\":\"https:\\\/\\\/iai.int\\\/es\\\/estructura\\\/direccion-ejecutiva-del-iai\\\/\",\"url\":\"https:\\\/\\\/iai.int\\\/es\\\/estructura\\\/direccion-ejecutiva-del-iai\\\/\",\"name\":\"Direcci\u00f3n Ejecutiva del IAI - IAI - Inter-American Institute for Global Change Research\",\"isPartOf\":{\"@id\":\"https:\\\/\\\/iai.int\\\/es\\\/#website\"},\"primaryImageOfPage\":{\"@id\":\"https:\\\/\\\/iai.int\\\/es\\\/estructura\\\/direccion-ejecutiva-del-iai\\\/#primaryimage\"},\"image\":{\"@id\":\"https:\\\/\\\/iai.int\\\/es\\\/estructura\\\/direccion-ejecutiva-del-iai\\\/#primaryimage\"},\"thumbnailUrl\":\"http:\\\/\\\/iai.int\\\/wp-content\\\/uploads\\\/2026\\\/01\\\/OMAR-1-1024x1024.webp\",\"datePublished\":\"2025-08-05T15:09:31+00:00\",\"dateModified\":\"2026-04-04T18:13:59+00:00\",\"breadcrumb\":{\"@id\":\"https:\\\/\\\/iai.int\\\/es\\\/estructura\\\/direccion-ejecutiva-del-iai\\\/#breadcrumb\"},\"inLanguage\":\"es\",\"potentialAction\":[{\"@type\":\"ReadAction\",\"target\":[\"https:\\\/\\\/iai.int\\\/es\\\/estructura\\\/direccion-ejecutiva-del-iai\\\/\"]}]},{\"@type\":\"ImageObject\",\"inLanguage\":\"es\",\"@id\":\"https:\\\/\\\/iai.int\\\/es\\\/estructura\\\/direccion-ejecutiva-del-iai\\\/#primaryimage\",\"url\":\"http:\\\/\\\/iai.int\\\/wp-content\\\/uploads\\\/2026\\\/01\\\/OMAR-1-1024x1024.webp\",\"contentUrl\":\"http:\\\/\\\/iai.int\\\/wp-content\\\/uploads\\\/2026\\\/01\\\/OMAR-1-1024x1024.webp\"},{\"@type\":\"BreadcrumbList\",\"@id\":\"https:\\\/\\\/iai.int\\\/es\\\/estructura\\\/direccion-ejecutiva-del-iai\\\/#breadcrumb\",\"itemListElement\":[{\"@type\":\"ListItem\",\"position\":1,\"name\":\"Portada\",\"item\":\"https:\\\/\\\/iai.int\\\/es\\\/\"},{\"@type\":\"ListItem\",\"position\":2,\"name\":\"Estructura\",\"item\":\"https:\\\/\\\/iai.int\\\/es\\\/estructura\\\/\"},{\"@type\":\"ListItem\",\"position\":3,\"name\":\"Direcci\u00f3n Ejecutiva del IAI\"}]},{\"@type\":\"WebSite\",\"@id\":\"https:\\\/\\\/iai.int\\\/es\\\/#website\",\"url\":\"https:\\\/\\\/iai.int\\\/es\\\/\",\"name\":\"IAI - Inter-American Institute for Global Change Research\",\"description\":\"\",\"publisher\":{\"@id\":\"https:\\\/\\\/iai.int\\\/es\\\/#organization\"},\"potentialAction\":[{\"@type\":\"SearchAction\",\"target\":{\"@type\":\"EntryPoint\",\"urlTemplate\":\"https:\\\/\\\/iai.int\\\/es\\\/?s={search_term_string}\"},\"query-input\":{\"@type\":\"PropertyValueSpecification\",\"valueRequired\":true,\"valueName\":\"search_term_string\"}}],\"inLanguage\":\"es\"},{\"@type\":\"Organization\",\"@id\":\"https:\\\/\\\/iai.int\\\/es\\\/#organization\",\"name\":\"IAI - Inter-American Institute for Global Change Research\",\"url\":\"https:\\\/\\\/iai.int\\\/es\\\/\",\"logo\":{\"@type\":\"ImageObject\",\"inLanguage\":\"es\",\"@id\":\"https:\\\/\\\/iai.int\\\/es\\\/#\\\/schema\\\/logo\\\/image\\\/\",\"url\":\"https:\\\/\\\/iai.int\\\/wp-content\\\/uploads\\\/2025\\\/11\\\/IAI-logo-English-scaled.png\",\"contentUrl\":\"https:\\\/\\\/iai.int\\\/wp-content\\\/uploads\\\/2025\\\/11\\\/IAI-logo-English-scaled.png\",\"width\":2560,\"height\":985,\"caption\":\"IAI - Inter-American Institute for Global Change Research\"},\"image\":{\"@id\":\"https:\\\/\\\/iai.int\\\/es\\\/#\\\/schema\\\/logo\\\/image\\\/\"}}]}<\/script>\n<!-- \/ Yoast SEO plugin. -->","yoast_head_json":{"title":"Direcci\u00f3n Ejecutiva del IAI - IAI - Inter-American Institute for Global Change Research","robots":{"index":"index","follow":"follow","max-snippet":"max-snippet:-1","max-image-preview":"max-image-preview:large","max-video-preview":"max-video-preview:-1"},"canonical":"https:\/\/iai.int\/es\/estructura\/direccion-ejecutiva-del-iai\/","og_locale":"es_ES","og_type":"article","og_title":"Direcci\u00f3n Ejecutiva del IAI - IAI - Inter-American Institute for Global Change Research","og_description":"Omar L\u00f3pez Alfano Director de Ciencia \/ Director Ejecutivo (a.i.)omar.lopez@dir.iai.int Marcella Ohira Vicedirectora EjecutivaDirectora del Centro de Diplomacia Cient\u00edficamarcella.ohira@dir.iai.int Valeria Villamil Directora de Administraci\u00f3n,Finanzas y Operaciones valeria.villamil@dir.iai.int Soledad Noya Asociada Ejecutivasoledad.noya@dir.iai.int Kim Portmess Gerente de la sede y L\u00edder del Programa STePkim.portmess@dir.iai.int Mat\u00edas Mastr\u00e1ngelo Especialista en Datos Abiertosmatias.mastrangelo@dir.iai.int Laila Sandroni Lider delPrograma Transdisciplinariolaila.sandroni@dir.iai.int Patricia Puertas [&hellip;]","og_url":"https:\/\/iai.int\/es\/estructura\/direccion-ejecutiva-del-iai\/","og_site_name":"IAI - Inter-American Institute for Global Change Research","article_modified_time":"2026-04-04T18:13:59+00:00","og_image":[{"width":1200,"height":1200,"url":"https:\/\/iai.int\/wp-content\/uploads\/2026\/01\/OMAR-1.webp","type":"image\/webp"}],"twitter_card":"summary_large_image","twitter_misc":{"Tiempo de lectura":"3 minutos"},"schema":{"@context":"https:\/\/schema.org","@graph":[{"@type":"WebPage","@id":"https:\/\/iai.int\/es\/estructura\/direccion-ejecutiva-del-iai\/","url":"https:\/\/iai.int\/es\/estructura\/direccion-ejecutiva-del-iai\/","name":"Direcci\u00f3n Ejecutiva del IAI - IAI - Inter-American Institute for Global Change Research","isPartOf":{"@id":"https:\/\/iai.int\/es\/#website"},"primaryImageOfPage":{"@id":"https:\/\/iai.int\/es\/estructura\/direccion-ejecutiva-del-iai\/#primaryimage"},"image":{"@id":"https:\/\/iai.int\/es\/estructura\/direccion-ejecutiva-del-iai\/#primaryimage"},"thumbnailUrl":"http:\/\/iai.int\/wp-content\/uploads\/2026\/01\/OMAR-1-1024x1024.webp","datePublished":"2025-08-05T15:09:31+00:00","dateModified":"2026-04-04T18:13:59+00:00","breadcrumb":{"@id":"https:\/\/iai.int\/es\/estructura\/direccion-ejecutiva-del-iai\/#breadcrumb"},"inLanguage":"es","potentialAction":[{"@type":"ReadAction","target":["https:\/\/iai.int\/es\/estructura\/direccion-ejecutiva-del-iai\/"]}]},{"@type":"ImageObject","inLanguage":"es","@id":"https:\/\/iai.int\/es\/estructura\/direccion-ejecutiva-del-iai\/#primaryimage","url":"http:\/\/iai.int\/wp-content\/uploads\/2026\/01\/OMAR-1-1024x1024.webp","contentUrl":"http:\/\/iai.int\/wp-content\/uploads\/2026\/01\/OMAR-1-1024x1024.webp"},{"@type":"BreadcrumbList","@id":"https:\/\/iai.int\/es\/estructura\/direccion-ejecutiva-del-iai\/#breadcrumb","itemListElement":[{"@type":"ListItem","position":1,"name":"Portada","item":"https:\/\/iai.int\/es\/"},{"@type":"ListItem","position":2,"name":"Estructura","item":"https:\/\/iai.int\/es\/estructura\/"},{"@type":"ListItem","position":3,"name":"Direcci\u00f3n Ejecutiva del IAI"}]},{"@type":"WebSite","@id":"https:\/\/iai.int\/es\/#website","url":"https:\/\/iai.int\/es\/","name":"IAI - Inter-American Institute for Global Change Research","description":"","publisher":{"@id":"https:\/\/iai.int\/es\/#organization"},"potentialAction":[{"@type":"SearchAction","target":{"@type":"EntryPoint","urlTemplate":"https:\/\/iai.int\/es\/?s={search_term_string}"},"query-input":{"@type":"PropertyValueSpecification","valueRequired":true,"valueName":"search_term_string"}}],"inLanguage":"es"},{"@type":"Organization","@id":"https:\/\/iai.int\/es\/#organization","name":"IAI - Inter-American Institute for Global Change Research","url":"https:\/\/iai.int\/es\/","logo":{"@type":"ImageObject","inLanguage":"es","@id":"https:\/\/iai.int\/es\/#\/schema\/logo\/image\/","url":"https:\/\/iai.int\/wp-content\/uploads\/2025\/11\/IAI-logo-English-scaled.png","contentUrl":"https:\/\/iai.int\/wp-content\/uploads\/2025\/11\/IAI-logo-English-scaled.png","width":2560,"height":985,"caption":"IAI - Inter-American Institute for Global Change Research"},"image":{"@id":"https:\/\/iai.int\/es\/#\/schema\/logo\/image\/"}}]}},"uagb_featured_image_src":{"full":false,"thumbnail":false,"medium":false,"medium_large":false,"large":false,"1536x1536":false,"2048x2048":false},"uagb_author_info":{"display_name":"admin","author_link":"https:\/\/iai.int\/es\/author\/admin\/"},"uagb_comment_info":0,"uagb_excerpt":"Omar L\u00f3pez Alfano Director de Ciencia \/ Director Ejecutivo (a.i.)omar.lopez@dir.iai.int Marcella Ohira Vicedirectora EjecutivaDirectora del Centro de Diplomacia Cient\u00edficamarcella.ohira@dir.iai.int Valeria Villamil Directora de Administraci\u00f3n,Finanzas y Operaciones valeria.villamil@dir.iai.int Soledad Noya Asociada Ejecutivasoledad.noya@dir.iai.int Kim Portmess Gerente de la sede y L\u00edder del Programa STePkim.portmess@dir.iai.int Mat\u00edas Mastr\u00e1ngelo Especialista en Datos Abiertosmatias.mastrangelo@dir.iai.int Laila Sandroni Lider delPrograma Transdisciplinariolaila.sandroni@dir.iai.int Patricia Puertas&hellip;","_links":{"self":[{"href":"https:\/\/iai.int\/es\/wp-json\/wp\/v2\/pages\/6623","targetHints":{"allow":["GET"]}}],"collection":[{"href":"https:\/\/iai.int\/es\/wp-json\/wp\/v2\/pages"}],"about":[{"href":"https:\/\/iai.int\/es\/wp-json\/wp\/v2\/types\/page"}],"author":[{"embeddable":true,"href":"https:\/\/iai.int\/es\/wp-json\/wp\/v2\/users\/1"}],"replies":[{"embeddable":true,"href":"https:\/\/iai.int\/es\/wp-json\/wp\/v2\/comments?post=6623"}],"version-history":[{"count":36,"href":"https:\/\/iai.int\/es\/wp-json\/wp\/v2\/pages\/6623\/revisions"}],"predecessor-version":[{"id":14721,"href":"https:\/\/iai.int\/es\/wp-json\/wp\/v2\/pages\/6623\/revisions\/14721"}],"up":[{"embeddable":true,"href":"https:\/\/iai.int\/es\/wp-json\/wp\/v2\/pages\/360"}],"wp:attachment":[{"href":"https:\/\/iai.int\/es\/wp-json\/wp\/v2\/media?parent=6623"}],"curies":[{"name":"wp","href":"https:\/\/api.w.org\/{rel}","templated":true}]}}