{"id":6612,"date":"2025-08-05T09:37:42","date_gmt":"2025-08-05T14:37:42","guid":{"rendered":"https:\/\/iai.int\/?page_id=6612"},"modified":"2025-11-14T09:07:55","modified_gmt":"2025-11-14T14:07:55","slug":"comite-asesor-de-pueblos-indigenas-ipac","status":"publish","type":"page","link":"https:\/\/iai.int\/es\/estructura\/comite-asesor-de-pueblos-indigenas-ipac\/","title":{"rendered":"Comit\u00e9 Asesor de Pueblos Ind\u00edgenas (IPAC)"},"content":{"rendered":"\n<p>El Comit\u00e9 Asesor de Pueblos Ind\u00edgenas (IPAC) es un \u00f3rgano consultivo del IAI conformado por cinco miembros seleccionados inicialmente por un Comit\u00e9 de Selecci\u00f3n compuesto por representantes de la Direcci\u00f3n Ejecutiva, el Comit\u00e9 EDI, el SAC y el SPAC. Las personas que integran el IPAC pertenecen a diversos pueblos ind\u00edgenas de las Am\u00e9ricas y aportan trayectorias que combinan conocimientos y ciencia ind\u00edgena, pr\u00e1ctica comunitaria, liderazgo territorial y formaci\u00f3n acad\u00e9mica, constituyendo perfiles diversos que articulan conocimientos ind\u00edgenas y occidentales.<\/p>\n\n\n\n<p>El IPAC tiene la responsabilidad de hacer recomendaciones a la Conferencia de las Partes sobre la Agenda Cient\u00edfica, el Plan Estrat\u00e9gico, la implementaci\u00f3n de la Pol\u00edtica de G\u00e9nero, Equidad, Diversidad e Inclusi\u00f3n y el programa anual del IAI. Esta labor busca fortalecer el trabajo y el abordaje transdisciplinar del IAI, asegurando que los enfoques y prioridades de los pueblos ind\u00edgenas sean considerados en la producci\u00f3n y aplicaci\u00f3n del conocimiento sobre el cambio ambiental global en las Am\u00e9ricas.<\/p>\n\n\n\n<div style=\"height:55px\" aria-hidden=\"true\" class=\"wp-block-spacer\"><\/div>\n\n\n\n<h4 class=\"wp-block-heading\">Composici\u00f3n actual del IPAC<\/h4>\n\n\n\n<div class=\"wp-block-columns is-layout-flex wp-container-core-columns-is-layout-28f84493 wp-block-columns-is-layout-flex\">\n<div class=\"wp-block-column is-layout-flow wp-block-column-is-layout-flow\">\n<div style=\"height:8px\" aria-hidden=\"true\" class=\"wp-block-spacer\"><\/div>\n\n\n\n<h6 class=\"wp-block-heading\"><strong><strong><strong>Myrle Ballard (Canada)<\/strong><\/strong><\/strong><br>Vicepresidenta interina<br><\/h6>\n\n\n\n<p><strong>Anishinaabe de la Primera Naci\u00f3n de Lake St. Martin, en Manitoba<\/strong><br>University of Calgary, Canada Research Chair (Tier II) y Profesora Asociada<\/p>\n\n\n\n<p><strong>Campos de trabajo:&nbsp;<\/strong>Manejo ambiental y recursos naturales, enfoque \u201cThree-Eyed Seeing\u201d, manejo de inundaciones en territorios ind\u00edgenas, ciencia ind\u00edgena.<\/p>\n\n\n\n<p>Nominada por Canad\u00e1 y un miembro del Comit\u00e9 Asesor Cient\u00edfico (SAC) del IAI.<\/p>\n\n\n\n<p><strong>Nombramiento:<\/strong>&nbsp;2025-2026<\/p>\n<\/div>\n\n\n\n<div class=\"wp-block-column is-layout-flow wp-block-column-is-layout-flow\">\n<div style=\"height:31px\" aria-hidden=\"true\" class=\"wp-block-spacer\"><\/div>\n\n\n\n<h6 class=\"wp-block-heading\"><strong><strong><strong><strong>Oliva Patricia Su\u00e1rez Torres (Colombia)<\/strong><\/strong><\/strong><\/strong><\/h6>\n\n\n\n<p><strong>Pueblo Murui-Muina<\/strong><br>Asesora de la Coordinaci\u00f3n General de la Organizaci\u00f3n Nacional de los Pueblos Ind\u00edgenas de la Amazon\u00eda Colombiana (OPIAC). Coordinadora del Plan de Seguridad Jur\u00eddica para la Protecci\u00f3n de los Territorios Ind\u00edgenas de la Amazon\u00eda Colombiana en OPIAC. Secretaria T\u00e9cnica de la Comisi\u00f3n Nacional para la Protecci\u00f3n de los Pueblos en Aislamiento.<\/p>\n\n\n\n<p><strong>Campos de trabajo:&nbsp;<\/strong>defensa de los derechos territoriales, ambientales y culturales de los pueblos ind\u00edgenas de Colombia y la regi\u00f3n amaz\u00f3nica, vinculaci\u00f3n entre saberes ind\u00edgenas y occidentales.<\/p>\n\n\n\n<p>Nominada por OPIAC.<\/p>\n\n\n\n<p><strong>Nombramiento:<\/strong>&nbsp;2025-2026<\/p>\n<\/div>\n<\/div>\n\n\n\n<div class=\"wp-block-columns is-layout-flex wp-container-core-columns-is-layout-28f84493 wp-block-columns-is-layout-flex\">\n<div class=\"wp-block-column is-layout-flow wp-block-column-is-layout-flow\">\n<div style=\"height:31px\" aria-hidden=\"true\" class=\"wp-block-spacer\"><\/div>\n\n\n\n<h6 class=\"wp-block-heading\"><strong><strong><strong>Francisco Ramiro Batz\u00edn Chojoj (Guatemala)<\/strong><\/strong><\/strong><\/h6>\n\n\n\n<p><strong>Maya Kaqchikel<\/strong><br>Fundador de la Asociaci\u00f3n Sotz\u2019il &#8211; Maya kaqchikel;&nbsp; Vicepresidente y Consejero en la Uni\u00f3n Internacional de Conservaci\u00f3n de la Naturaleza UICN; Copresidente del Foro Internacional Ind\u00edgena sobre Biodiversidad.<\/p>\n\n\n\n<p><strong>Campos de trabajo:<\/strong>&nbsp;recursos naturales, cambio clim\u00e1tico, buen vivir, conocimientos tradicionales y gobernanza.<\/p>\n\n\n\n<p>Nominado por Guatemala.<\/p>\n\n\n\n<p><strong>Nombramiento<\/strong>: 2025-2026<\/p>\n<\/div>\n\n\n\n<div class=\"wp-block-column is-layout-flow wp-block-column-is-layout-flow\">\n<div style=\"height:31px\" aria-hidden=\"true\" class=\"wp-block-spacer\"><\/div>\n\n\n\n<h6 class=\"wp-block-heading\"><strong><strong><strong><strong>Cristina Elizabeth Fueres Guitarra (Ecuador)<\/strong><\/strong><\/strong><\/strong><br>Presidenta interina<\/h6>\n\n\n\n<p><strong>Nacionalidad kichwa, pueblo Panzaleo, comunidad San Ignacio<\/strong><br>Integrante de la Red de J\u00f3venes del Choc\u00f3 Andino y de la Red Latinoamericana de Juventudes de Bosques Modelos. Becaria de investigaci\u00f3n del proyecto Forest Leaders for (ILM) en EcoAgriculture Partners.<\/p>\n\n\n\n<p><strong>Campos de trabajo:&nbsp;<\/strong>gobernanza forestal, mujeres rurales ind\u00edgenas, bosques tropicales y biodiversidad.<\/p>\n\n\n\n<p>Nominada por la Red Latinoam\u00e9rica de Juventudes de Bosques Modelo.<\/p>\n\n\n\n<p><strong>Nombramiento:<\/strong>&nbsp;2025-2026<\/p>\n<\/div>\n<\/div>\n\n\n\n<div class=\"wp-block-columns is-layout-flex wp-container-core-columns-is-layout-28f84493 wp-block-columns-is-layout-flex\">\n<div class=\"wp-block-column is-layout-flow wp-block-column-is-layout-flow\">\n<div style=\"height:31px\" aria-hidden=\"true\" class=\"wp-block-spacer\"><\/div>\n\n\n\n<h6 class=\"wp-block-heading\"><strong><strong><strong>Guipsy Katherine Alata Ramos (Per\u00fa)<\/strong><\/strong><\/strong><\/h6>\n\n\n\n<p><strong>Quechua, naci\u00f3n Qanchi<\/strong><br>Especialista en transversalizaci\u00f3n del enfoque intercultural, Direcci\u00f3n General de Ciudadan\u00eda Intercultural del Ministerio de Cultura Per\u00fa.<\/p>\n\n\n\n<p><strong>Campos de trabajo:&nbsp;<\/strong>Derecho biling\u00fce, derechos ind\u00edgenas e interculturalidad, ling\u00fc\u00edstica ind\u00edgena.<\/p>\n\n\n\n<p>Nominada por Per\u00fa.<\/p>\n\n\n\n<p><strong>Nombramiento:<\/strong>&nbsp;2025-2026<\/p>\n<\/div>\n\n\n\n<div class=\"wp-block-column is-layout-flow wp-block-column-is-layout-flow\">\n<div style=\"height:31px\" aria-hidden=\"true\" class=\"wp-block-spacer\"><\/div>\n\n\n\n<h6 class=\"wp-block-heading\"><\/h6>\n<\/div>\n<\/div>\n","protected":false},"excerpt":{"rendered":"<p>El Comit\u00e9 Asesor de Pueblos Ind\u00edgenas (IPAC) es un \u00f3rgano consultivo del IAI conformado por cinco miembros seleccionados inicialmente por un Comit\u00e9 de Selecci\u00f3n compuesto por representantes de la Direcci\u00f3n Ejecutiva, el Comit\u00e9 EDI, el SAC y el SPAC. Las personas que integran el IPAC pertenecen a diversos pueblos ind\u00edgenas de las Am\u00e9ricas y aportan [&hellip;]<\/p>\n","protected":false},"author":1,"featured_media":0,"parent":360,"menu_order":0,"comment_status":"closed","ping_status":"closed","template":"","meta":{"_acf_changed":false,"_uag_custom_page_level_css":"","footnotes":""},"class_list":["post-6612","page","type-page","status-publish","hentry"],"acf":[],"yoast_head":"<!-- This site is optimized with the Yoast SEO plugin v27.3 - https:\/\/yoast.com\/product\/yoast-seo-wordpress\/ -->\n<title>Comit\u00e9 Asesor de Pueblos Ind\u00edgenas (IPAC) - IAI - Inter-American Institute for Global Change Research<\/title>\n<meta name=\"robots\" content=\"index, follow, max-snippet:-1, max-image-preview:large, max-video-preview:-1\" \/>\n<link rel=\"canonical\" href=\"https:\/\/iai.int\/es\/estructura\/comite-asesor-de-pueblos-indigenas-ipac\/\" \/>\n<meta property=\"og:locale\" content=\"es_ES\" \/>\n<meta property=\"og:type\" content=\"article\" \/>\n<meta property=\"og:title\" content=\"Comit\u00e9 Asesor de Pueblos Ind\u00edgenas (IPAC) - IAI - Inter-American Institute for Global Change Research\" \/>\n<meta property=\"og:description\" content=\"El Comit\u00e9 Asesor de Pueblos Ind\u00edgenas (IPAC) es un \u00f3rgano consultivo del IAI conformado por cinco miembros seleccionados inicialmente por un Comit\u00e9 de Selecci\u00f3n compuesto por representantes de la Direcci\u00f3n Ejecutiva, el Comit\u00e9 EDI, el SAC y el SPAC. Las personas que integran el IPAC pertenecen a diversos pueblos ind\u00edgenas de las Am\u00e9ricas y aportan [&hellip;]\" \/>\n<meta property=\"og:url\" content=\"https:\/\/iai.int\/es\/estructura\/comite-asesor-de-pueblos-indigenas-ipac\/\" \/>\n<meta property=\"og:site_name\" content=\"IAI - Inter-American Institute for Global Change Research\" \/>\n<meta property=\"article:modified_time\" content=\"2025-11-14T14:07:55+00:00\" \/>\n<meta name=\"twitter:card\" content=\"summary_large_image\" \/>\n<meta name=\"twitter:label1\" content=\"Tiempo de lectura\" \/>\n\t<meta name=\"twitter:data1\" content=\"3 minutos\" \/>\n<script type=\"application\/ld+json\" class=\"yoast-schema-graph\">{\"@context\":\"https:\\\/\\\/schema.org\",\"@graph\":[{\"@type\":\"WebPage\",\"@id\":\"https:\\\/\\\/iai.int\\\/es\\\/estructura\\\/comite-asesor-de-pueblos-indigenas-ipac\\\/\",\"url\":\"https:\\\/\\\/iai.int\\\/es\\\/estructura\\\/comite-asesor-de-pueblos-indigenas-ipac\\\/\",\"name\":\"Comit\u00e9 Asesor de Pueblos Ind\u00edgenas (IPAC) - IAI - Inter-American Institute for Global Change Research\",\"isPartOf\":{\"@id\":\"https:\\\/\\\/iai.int\\\/es\\\/#website\"},\"datePublished\":\"2025-08-05T14:37:42+00:00\",\"dateModified\":\"2025-11-14T14:07:55+00:00\",\"breadcrumb\":{\"@id\":\"https:\\\/\\\/iai.int\\\/es\\\/estructura\\\/comite-asesor-de-pueblos-indigenas-ipac\\\/#breadcrumb\"},\"inLanguage\":\"es\",\"potentialAction\":[{\"@type\":\"ReadAction\",\"target\":[\"https:\\\/\\\/iai.int\\\/es\\\/estructura\\\/comite-asesor-de-pueblos-indigenas-ipac\\\/\"]}]},{\"@type\":\"BreadcrumbList\",\"@id\":\"https:\\\/\\\/iai.int\\\/es\\\/estructura\\\/comite-asesor-de-pueblos-indigenas-ipac\\\/#breadcrumb\",\"itemListElement\":[{\"@type\":\"ListItem\",\"position\":1,\"name\":\"Portada\",\"item\":\"https:\\\/\\\/iai.int\\\/es\\\/\"},{\"@type\":\"ListItem\",\"position\":2,\"name\":\"Estructura\",\"item\":\"https:\\\/\\\/iai.int\\\/es\\\/estructura\\\/\"},{\"@type\":\"ListItem\",\"position\":3,\"name\":\"Comit\u00e9 Asesor de Pueblos Ind\u00edgenas (IPAC)\"}]},{\"@type\":\"WebSite\",\"@id\":\"https:\\\/\\\/iai.int\\\/es\\\/#website\",\"url\":\"https:\\\/\\\/iai.int\\\/es\\\/\",\"name\":\"IAI - Inter-American Institute for Global Change Research\",\"description\":\"\",\"publisher\":{\"@id\":\"https:\\\/\\\/iai.int\\\/es\\\/#organization\"},\"potentialAction\":[{\"@type\":\"SearchAction\",\"target\":{\"@type\":\"EntryPoint\",\"urlTemplate\":\"https:\\\/\\\/iai.int\\\/es\\\/?s={search_term_string}\"},\"query-input\":{\"@type\":\"PropertyValueSpecification\",\"valueRequired\":true,\"valueName\":\"search_term_string\"}}],\"inLanguage\":\"es\"},{\"@type\":\"Organization\",\"@id\":\"https:\\\/\\\/iai.int\\\/es\\\/#organization\",\"name\":\"IAI - Inter-American Institute for Global Change Research\",\"url\":\"https:\\\/\\\/iai.int\\\/es\\\/\",\"logo\":{\"@type\":\"ImageObject\",\"inLanguage\":\"es\",\"@id\":\"https:\\\/\\\/iai.int\\\/es\\\/#\\\/schema\\\/logo\\\/image\\\/\",\"url\":\"https:\\\/\\\/iai.int\\\/wp-content\\\/uploads\\\/2025\\\/11\\\/IAI-logo-English-scaled.png\",\"contentUrl\":\"https:\\\/\\\/iai.int\\\/wp-content\\\/uploads\\\/2025\\\/11\\\/IAI-logo-English-scaled.png\",\"width\":2560,\"height\":985,\"caption\":\"IAI - Inter-American Institute for Global Change Research\"},\"image\":{\"@id\":\"https:\\\/\\\/iai.int\\\/es\\\/#\\\/schema\\\/logo\\\/image\\\/\"}}]}<\/script>\n<!-- \/ Yoast SEO plugin. -->","yoast_head_json":{"title":"Comit\u00e9 Asesor de Pueblos Ind\u00edgenas (IPAC) - IAI - Inter-American Institute for Global Change Research","robots":{"index":"index","follow":"follow","max-snippet":"max-snippet:-1","max-image-preview":"max-image-preview:large","max-video-preview":"max-video-preview:-1"},"canonical":"https:\/\/iai.int\/es\/estructura\/comite-asesor-de-pueblos-indigenas-ipac\/","og_locale":"es_ES","og_type":"article","og_title":"Comit\u00e9 Asesor de Pueblos Ind\u00edgenas (IPAC) - IAI - Inter-American Institute for Global Change Research","og_description":"El Comit\u00e9 Asesor de Pueblos Ind\u00edgenas (IPAC) es un \u00f3rgano consultivo del IAI conformado por cinco miembros seleccionados inicialmente por un Comit\u00e9 de Selecci\u00f3n compuesto por representantes de la Direcci\u00f3n Ejecutiva, el Comit\u00e9 EDI, el SAC y el SPAC. Las personas que integran el IPAC pertenecen a diversos pueblos ind\u00edgenas de las Am\u00e9ricas y aportan [&hellip;]","og_url":"https:\/\/iai.int\/es\/estructura\/comite-asesor-de-pueblos-indigenas-ipac\/","og_site_name":"IAI - Inter-American Institute for Global Change Research","article_modified_time":"2025-11-14T14:07:55+00:00","twitter_card":"summary_large_image","twitter_misc":{"Tiempo de lectura":"3 minutos"},"schema":{"@context":"https:\/\/schema.org","@graph":[{"@type":"WebPage","@id":"https:\/\/iai.int\/es\/estructura\/comite-asesor-de-pueblos-indigenas-ipac\/","url":"https:\/\/iai.int\/es\/estructura\/comite-asesor-de-pueblos-indigenas-ipac\/","name":"Comit\u00e9 Asesor de Pueblos Ind\u00edgenas (IPAC) - IAI - Inter-American Institute for Global Change Research","isPartOf":{"@id":"https:\/\/iai.int\/es\/#website"},"datePublished":"2025-08-05T14:37:42+00:00","dateModified":"2025-11-14T14:07:55+00:00","breadcrumb":{"@id":"https:\/\/iai.int\/es\/estructura\/comite-asesor-de-pueblos-indigenas-ipac\/#breadcrumb"},"inLanguage":"es","potentialAction":[{"@type":"ReadAction","target":["https:\/\/iai.int\/es\/estructura\/comite-asesor-de-pueblos-indigenas-ipac\/"]}]},{"@type":"BreadcrumbList","@id":"https:\/\/iai.int\/es\/estructura\/comite-asesor-de-pueblos-indigenas-ipac\/#breadcrumb","itemListElement":[{"@type":"ListItem","position":1,"name":"Portada","item":"https:\/\/iai.int\/es\/"},{"@type":"ListItem","position":2,"name":"Estructura","item":"https:\/\/iai.int\/es\/estructura\/"},{"@type":"ListItem","position":3,"name":"Comit\u00e9 Asesor de Pueblos Ind\u00edgenas (IPAC)"}]},{"@type":"WebSite","@id":"https:\/\/iai.int\/es\/#website","url":"https:\/\/iai.int\/es\/","name":"IAI - Inter-American Institute for Global Change Research","description":"","publisher":{"@id":"https:\/\/iai.int\/es\/#organization"},"potentialAction":[{"@type":"SearchAction","target":{"@type":"EntryPoint","urlTemplate":"https:\/\/iai.int\/es\/?s={search_term_string}"},"query-input":{"@type":"PropertyValueSpecification","valueRequired":true,"valueName":"search_term_string"}}],"inLanguage":"es"},{"@type":"Organization","@id":"https:\/\/iai.int\/es\/#organization","name":"IAI - Inter-American Institute for Global Change Research","url":"https:\/\/iai.int\/es\/","logo":{"@type":"ImageObject","inLanguage":"es","@id":"https:\/\/iai.int\/es\/#\/schema\/logo\/image\/","url":"https:\/\/iai.int\/wp-content\/uploads\/2025\/11\/IAI-logo-English-scaled.png","contentUrl":"https:\/\/iai.int\/wp-content\/uploads\/2025\/11\/IAI-logo-English-scaled.png","width":2560,"height":985,"caption":"IAI - Inter-American Institute for Global Change Research"},"image":{"@id":"https:\/\/iai.int\/es\/#\/schema\/logo\/image\/"}}]}},"uagb_featured_image_src":{"full":false,"thumbnail":false,"medium":false,"medium_large":false,"large":false,"1536x1536":false,"2048x2048":false},"uagb_author_info":{"display_name":"admin","author_link":"https:\/\/iai.int\/es\/author\/admin\/"},"uagb_comment_info":0,"uagb_excerpt":"El Comit\u00e9 Asesor de Pueblos Ind\u00edgenas (IPAC) es un \u00f3rgano consultivo del IAI conformado por cinco miembros seleccionados inicialmente por un Comit\u00e9 de Selecci\u00f3n compuesto por representantes de la Direcci\u00f3n Ejecutiva, el Comit\u00e9 EDI, el SAC y el SPAC. Las personas que integran el IPAC pertenecen a diversos pueblos ind\u00edgenas de las Am\u00e9ricas y aportan&hellip;","_links":{"self":[{"href":"https:\/\/iai.int\/es\/wp-json\/wp\/v2\/pages\/6612","targetHints":{"allow":["GET"]}}],"collection":[{"href":"https:\/\/iai.int\/es\/wp-json\/wp\/v2\/pages"}],"about":[{"href":"https:\/\/iai.int\/es\/wp-json\/wp\/v2\/types\/page"}],"author":[{"embeddable":true,"href":"https:\/\/iai.int\/es\/wp-json\/wp\/v2\/users\/1"}],"replies":[{"embeddable":true,"href":"https:\/\/iai.int\/es\/wp-json\/wp\/v2\/comments?post=6612"}],"version-history":[{"count":5,"href":"https:\/\/iai.int\/es\/wp-json\/wp\/v2\/pages\/6612\/revisions"}],"predecessor-version":[{"id":11386,"href":"https:\/\/iai.int\/es\/wp-json\/wp\/v2\/pages\/6612\/revisions\/11386"}],"up":[{"embeddable":true,"href":"https:\/\/iai.int\/es\/wp-json\/wp\/v2\/pages\/360"}],"wp:attachment":[{"href":"https:\/\/iai.int\/es\/wp-json\/wp\/v2\/media?parent=6612"}],"curies":[{"name":"wp","href":"https:\/\/api.w.org\/{rel}","templated":true}]}}