{"id":6604,"date":"2025-08-05T09:21:02","date_gmt":"2025-08-05T14:21:02","guid":{"rendered":"https:\/\/iai.int\/?page_id=6604"},"modified":"2026-03-17T09:17:39","modified_gmt":"2026-03-17T14:17:39","slug":"comite-asesor-en-ciencia-y-politicas-spac","status":"publish","type":"page","link":"https:\/\/iai.int\/es\/estructura\/comite-asesor-en-ciencia-y-politicas-spac\/","title":{"rendered":"Comit\u00e9 Asesor en Ciencia y Pol\u00edticas (SPAC)"},"content":{"rendered":"\n<p>Creado en la CoP de 2013 con el fin de brindar asesoramiento a la CoP y a las Direcciones del IAI acerca de la aplicaci\u00f3n y dise\u00f1o de la ciencia en la formulaci\u00f3n de pol\u00edticas y la toma de decisiones.<\/p>\n\n\n\n<p>Reglas del SPAC:&nbsp;<a href=\"https:\/\/iai.int\/administrador\/assets\/images\/ckfinder\/files\/SPAC%20rules-en-format.pdf\"><strong>ingl\u00e9s<\/strong><\/a>&nbsp;&#8211;&nbsp;<a href=\"https:\/\/iai.int\/administrador\/assets\/images\/ckfinder\/files\/SPAC%20rules-es-format.pdf\"><strong>espa\u00f1ol<\/strong><\/a><\/p>\n\n\n\n<p class=\"has-text-align-left\">(Vea los miembros anteriores del SAC <a href=\"http:\/\/archive.iai.int\/es\/post\/detail\/Past-SPAC-members\">aqu\u00ed<\/a>)<\/p>\n\n\n\n<h4 class=\"wp-block-heading\">Composici\u00f3n actual del SPAC<\/h4>\n\n\n\n<div class=\"wp-block-columns is-layout-flex wp-container-core-columns-is-layout-28f84493 wp-block-columns-is-layout-flex\">\n<div class=\"wp-block-column is-layout-flow wp-block-column-is-layout-flow\">\n<div style=\"height:31px\" aria-hidden=\"true\" class=\"wp-block-spacer\"><\/div>\n\n\n\n<h6 class=\"wp-block-heading\"><strong><strong><strong>Carlos Joly<\/strong><\/strong><\/strong><\/h6>\n\n\n\n<p><strong>Universidade Estadual de Campinas\/UNICAMP<\/strong><br>Profesor Em\u00e9rito de Ecolog\u00eda de las Plantas<\/p>\n\n\n\n<p><strong>Especializaci\u00f3n:<\/strong>&nbsp;Conservaci\u00f3n de la biodiversidad, ecolog\u00eda de las plantas, servicios ecosist\u00e9micos.&nbsp;<br><strong>Nombramiento:&nbsp;<\/strong>2023-2026&nbsp;(Partes)<\/p>\n<\/div>\n\n\n\n<div class=\"wp-block-column is-layout-flow wp-block-column-is-layout-flow\">\n<div style=\"height:31px\" aria-hidden=\"true\" class=\"wp-block-spacer\"><\/div>\n\n\n\n<h6 class=\"wp-block-heading\"><strong><strong><strong><strong>Gilma Mantilla<\/strong><\/strong><\/strong><\/strong><\/h6>\n\n\n\n<p><strong>Columbia University. New York<\/strong><br>Global Consortium on Climate and Health Education<\/p>\n\n\n\n<p><strong>Especializaci\u00f3n:<\/strong>&nbsp;Salud P\u00fablica, Cambio Clim\u00e1tico, Epidemiolog\u00eda, Pol\u00edticas P\u00fablicas, Educaci\u00f3n en clima y salud.&nbsp;<br><strong>Nombramiento:<\/strong>&nbsp;2023-2026&nbsp;(Partes)<\/p>\n<\/div>\n<\/div>\n\n\n\n<div class=\"wp-block-columns is-layout-flex wp-container-core-columns-is-layout-28f84493 wp-block-columns-is-layout-flex\">\n<div class=\"wp-block-column is-layout-flow wp-block-column-is-layout-flow\">\n<div style=\"height:31px\" aria-hidden=\"true\" class=\"wp-block-spacer\"><\/div>\n\n\n\n<h6 class=\"wp-block-heading\"><strong><strong><strong><strong>Inty Arcos<\/strong><\/strong><\/strong><\/strong><\/h6>\n\n\n\n<p><strong>Consorcio para el Desarrollo Sostenible de la Ecoregion Andina. (CONDESAN) y Fundaci\u00f3n Imaymana<\/strong><br>Asesor en gobernanza ambiental, y manejo de cuencas h\u00eddricas en la Mancomunidad del Choc\u00f3 Andino, Director Bosque Modelo del Choc\u00f3 Andino, Ecuador.<\/p>\n\n\n\n<p><strong>Especializaci\u00f3n<\/strong>:&nbsp;Restauraci\u00f3n Ecol\u00f3gica a escala de Paisajes, manejo sostenible de la tierra y el agua.<br><strong>Nombramiento:&nbsp;<\/strong>2023-2026&nbsp;(Partes)<\/p>\n<\/div>\n\n\n\n<div class=\"wp-block-column is-layout-flow wp-block-column-is-layout-flow\">\n<div style=\"height:31px\" aria-hidden=\"true\" class=\"wp-block-spacer\"><\/div>\n\n\n\n<h6 class=\"wp-block-heading\"><strong><strong><strong><strong><strong>David Smith <\/strong><\/strong><\/strong><\/strong><\/strong><br><strong><strong><strong><strong><strong>(Vice-Chair \/ Vicepresidente)<\/strong><\/strong><\/strong><\/strong><\/strong><\/h6>\n\n\n\n<p><strong>University of the West Indies, Jamaica<\/strong><br>Director del Centre for Environmental Management<br>Coordinador del Institute for Sustainable Development<\/p>\n\n\n\n<p><strong>Especializaci\u00f3n<\/strong>: ecolog\u00eda, cambio clim\u00e1tico, desarrollo sostenible, gesti\u00f3n de riesgo de desastres,&nbsp;peque\u00f1os estados insulares en desarrollo.<br><strong>Nombramiento:<\/strong>&nbsp;2020-2023, 2023-2026 (Partes)&nbsp;<\/p>\n<\/div>\n<\/div>\n\n\n\n<div class=\"wp-block-columns is-layout-flex wp-container-core-columns-is-layout-28f84493 wp-block-columns-is-layout-flex\">\n<div class=\"wp-block-column is-layout-flow wp-block-column-is-layout-flow\">\n<div style=\"height:31px\" aria-hidden=\"true\" class=\"wp-block-spacer\"><\/div>\n\n\n\n<h6 class=\"wp-block-heading\"><strong><strong><strong><strong><strong>Margot Hurlbert<\/strong><\/strong><\/strong><\/strong><\/strong><\/h6>\n\n\n\n<p><strong>University of Regina<\/strong><br>Canada Research Chair en Pol\u00edticas en Cambio Clim\u00e1tico, Energ\u00eda y Sostenibilidad; Profesora, Johnson Shoyama Graduate School of Public Policy<\/p>\n\n\n\n<p><strong>Especializaci\u00f3n:<\/strong>\u00a0energ\u00eda, recursos naturales, problemas ambientales e ind\u00edgenas.<br><strong>Nombramiento<\/strong>: 2022-2025, 2025-2028 (Partes)<\/p>\n<\/div>\n\n\n\n<div class=\"wp-block-column is-layout-flow wp-block-column-is-layout-flow\">\n<div style=\"height:31px\" aria-hidden=\"true\" class=\"wp-block-spacer\"><\/div>\n\n\n\n<h6 class=\"wp-block-heading\"><strong>Carol Franco <\/strong><\/h6>\n\n\n\n<p><strong>Virginia Tech, Blacksburg, Virginia<\/strong><br>Senior Research Associate<br>Asesora: Soluciones basadas en la naturaleza, Ministerio del Ambiente de Rep\u00fablica Dominicana&nbsp;<\/p>\n\n\n\n<p><strong>Especializaci\u00f3n:\u00a0<\/strong>servicios ecosist\u00e9micos, seguridad alimentaria, pol\u00edticas de mitigaci\u00f3n y adaptaci\u00f3n al cambio clim\u00e1tico, negociaciones sobre cambio clim\u00e1tico\u00a0(UNFCCC)<br><strong>Nombramiento:\u00a0<\/strong>2022-2025, 2025-2028 (SPAC)<\/p>\n<\/div>\n<\/div>\n\n\n\n<div class=\"wp-block-columns is-layout-flex wp-container-core-columns-is-layout-28f84493 wp-block-columns-is-layout-flex\">\n<div class=\"wp-block-column is-layout-flow wp-block-column-is-layout-flow\">\n<div style=\"height:31px\" aria-hidden=\"true\" class=\"wp-block-spacer\"><\/div>\n\n\n\n<h6 class=\"wp-block-heading\"><strong><strong><strong><strong><strong><strong><strong>Mar\u00eda Amparo Mart\u00ednez Arroyo&nbsp;<br>(Presidente)<\/strong><\/strong><\/strong><\/strong><\/strong><\/strong><\/strong><\/h6>\n\n\n\n<p><strong>Instituto de Ciencias de la Atm\u00f3sfera y Cambio Clim\u00e1tico, Universidad Nacional Aut\u00f3noma de M\u00e9xico<\/strong><\/p>\n\n\n\n<p><strong>Especializaci\u00f3n<\/strong>:\u00a0biolog\u00eda marina, cambio clim\u00e1tico, interdisciplinariedad<br><strong>Nombramiento<\/strong>: 2022-2025, 2025-2028 (SPAC)<\/p>\n<\/div>\n\n\n\n<div class=\"wp-block-column is-layout-flow wp-block-column-is-layout-flow\">\n<div style=\"height:31px\" aria-hidden=\"true\" class=\"wp-block-spacer\"><\/div>\n\n\n\n<h6 class=\"wp-block-heading\"><strong><strong><strong><strong><strong>Makyba Charles-Ayinde <\/strong><\/strong><\/strong><\/strong><\/strong><br>(alternate member \/ miembro suplente)<\/h6>\n\n\n\n<p><strong><strong>Latin America and Caribbean Regional Lead &#8211; Future Earth USA-Hub<\/strong>&nbsp;<\/strong><br>&nbsp;<br><strong>Especializaci\u00f3n:<\/strong>&nbsp;Salud P\u00fablica y Pol\u00edticas<br><strong>Nombramiento:<\/strong>&nbsp;2024-2027&nbsp;(Asociados)<\/p>\n<\/div>\n<\/div>\n\n\n\n<div style=\"height:100px\" aria-hidden=\"true\" class=\"wp-block-spacer\"><\/div>\n\n\n\n<p><\/p>\n","protected":false},"excerpt":{"rendered":"<p>Creado en la CoP de 2013 con el fin de brindar asesoramiento a la CoP y a las Direcciones del IAI acerca de la aplicaci\u00f3n y dise\u00f1o de la ciencia en la formulaci\u00f3n de pol\u00edticas y la toma de decisiones. Reglas del SPAC:&nbsp;ingl\u00e9s&nbsp;&#8211;&nbsp;espa\u00f1ol (Vea los miembros anteriores del SAC aqu\u00ed) Composici\u00f3n actual del SPAC Carlos [&hellip;]<\/p>\n","protected":false},"author":1,"featured_media":0,"parent":360,"menu_order":0,"comment_status":"closed","ping_status":"closed","template":"","meta":{"_acf_changed":false,"_uag_custom_page_level_css":"","footnotes":""},"class_list":["post-6604","page","type-page","status-publish","hentry"],"acf":[],"yoast_head":"<!-- This site is optimized with the Yoast SEO plugin v27.3 - https:\/\/yoast.com\/product\/yoast-seo-wordpress\/ -->\n<title>Comit\u00e9 Asesor en Ciencia y Pol\u00edticas (SPAC) - IAI - Inter-American Institute for Global Change Research<\/title>\n<meta name=\"robots\" content=\"index, follow, max-snippet:-1, max-image-preview:large, max-video-preview:-1\" \/>\n<link rel=\"canonical\" href=\"https:\/\/iai.int\/es\/estructura\/comite-asesor-en-ciencia-y-politicas-spac\/\" \/>\n<meta property=\"og:locale\" content=\"es_ES\" \/>\n<meta property=\"og:type\" content=\"article\" \/>\n<meta property=\"og:title\" content=\"Comit\u00e9 Asesor en Ciencia y Pol\u00edticas (SPAC) - IAI - Inter-American Institute for Global Change Research\" \/>\n<meta property=\"og:description\" content=\"Creado en la CoP de 2013 con el fin de brindar asesoramiento a la CoP y a las Direcciones del IAI acerca de la aplicaci\u00f3n y dise\u00f1o de la ciencia en la formulaci\u00f3n de pol\u00edticas y la toma de decisiones. Reglas del SPAC:&nbsp;ingl\u00e9s&nbsp;&#8211;&nbsp;espa\u00f1ol (Vea los miembros anteriores del SAC aqu\u00ed) Composici\u00f3n actual del SPAC Carlos [&hellip;]\" \/>\n<meta property=\"og:url\" content=\"https:\/\/iai.int\/es\/estructura\/comite-asesor-en-ciencia-y-politicas-spac\/\" \/>\n<meta property=\"og:site_name\" content=\"IAI - Inter-American Institute for Global Change Research\" \/>\n<meta property=\"article:modified_time\" content=\"2026-03-17T14:17:39+00:00\" \/>\n<meta name=\"twitter:card\" content=\"summary_large_image\" \/>\n<meta name=\"twitter:label1\" content=\"Tiempo de lectura\" \/>\n\t<meta name=\"twitter:data1\" content=\"2 minutos\" \/>\n<script type=\"application\/ld+json\" class=\"yoast-schema-graph\">{\"@context\":\"https:\\\/\\\/schema.org\",\"@graph\":[{\"@type\":\"WebPage\",\"@id\":\"https:\\\/\\\/iai.int\\\/es\\\/estructura\\\/comite-asesor-en-ciencia-y-politicas-spac\\\/\",\"url\":\"https:\\\/\\\/iai.int\\\/es\\\/estructura\\\/comite-asesor-en-ciencia-y-politicas-spac\\\/\",\"name\":\"Comit\u00e9 Asesor en Ciencia y Pol\u00edticas (SPAC) - IAI - Inter-American Institute for Global Change Research\",\"isPartOf\":{\"@id\":\"https:\\\/\\\/iai.int\\\/es\\\/#website\"},\"datePublished\":\"2025-08-05T14:21:02+00:00\",\"dateModified\":\"2026-03-17T14:17:39+00:00\",\"breadcrumb\":{\"@id\":\"https:\\\/\\\/iai.int\\\/es\\\/estructura\\\/comite-asesor-en-ciencia-y-politicas-spac\\\/#breadcrumb\"},\"inLanguage\":\"es\",\"potentialAction\":[{\"@type\":\"ReadAction\",\"target\":[\"https:\\\/\\\/iai.int\\\/es\\\/estructura\\\/comite-asesor-en-ciencia-y-politicas-spac\\\/\"]}]},{\"@type\":\"BreadcrumbList\",\"@id\":\"https:\\\/\\\/iai.int\\\/es\\\/estructura\\\/comite-asesor-en-ciencia-y-politicas-spac\\\/#breadcrumb\",\"itemListElement\":[{\"@type\":\"ListItem\",\"position\":1,\"name\":\"Portada\",\"item\":\"https:\\\/\\\/iai.int\\\/es\\\/\"},{\"@type\":\"ListItem\",\"position\":2,\"name\":\"Estructura\",\"item\":\"https:\\\/\\\/iai.int\\\/es\\\/estructura\\\/\"},{\"@type\":\"ListItem\",\"position\":3,\"name\":\"Comit\u00e9 Asesor en Ciencia y Pol\u00edticas (SPAC)\"}]},{\"@type\":\"WebSite\",\"@id\":\"https:\\\/\\\/iai.int\\\/es\\\/#website\",\"url\":\"https:\\\/\\\/iai.int\\\/es\\\/\",\"name\":\"IAI - Inter-American Institute for Global Change Research\",\"description\":\"\",\"publisher\":{\"@id\":\"https:\\\/\\\/iai.int\\\/es\\\/#organization\"},\"potentialAction\":[{\"@type\":\"SearchAction\",\"target\":{\"@type\":\"EntryPoint\",\"urlTemplate\":\"https:\\\/\\\/iai.int\\\/es\\\/?s={search_term_string}\"},\"query-input\":{\"@type\":\"PropertyValueSpecification\",\"valueRequired\":true,\"valueName\":\"search_term_string\"}}],\"inLanguage\":\"es\"},{\"@type\":\"Organization\",\"@id\":\"https:\\\/\\\/iai.int\\\/es\\\/#organization\",\"name\":\"IAI - Inter-American Institute for Global Change Research\",\"url\":\"https:\\\/\\\/iai.int\\\/es\\\/\",\"logo\":{\"@type\":\"ImageObject\",\"inLanguage\":\"es\",\"@id\":\"https:\\\/\\\/iai.int\\\/es\\\/#\\\/schema\\\/logo\\\/image\\\/\",\"url\":\"https:\\\/\\\/iai.int\\\/wp-content\\\/uploads\\\/2025\\\/11\\\/IAI-logo-English-scaled.png\",\"contentUrl\":\"https:\\\/\\\/iai.int\\\/wp-content\\\/uploads\\\/2025\\\/11\\\/IAI-logo-English-scaled.png\",\"width\":2560,\"height\":985,\"caption\":\"IAI - Inter-American Institute for Global Change Research\"},\"image\":{\"@id\":\"https:\\\/\\\/iai.int\\\/es\\\/#\\\/schema\\\/logo\\\/image\\\/\"}}]}<\/script>\n<!-- \/ Yoast SEO plugin. -->","yoast_head_json":{"title":"Comit\u00e9 Asesor en Ciencia y Pol\u00edticas (SPAC) - IAI - Inter-American Institute for Global Change Research","robots":{"index":"index","follow":"follow","max-snippet":"max-snippet:-1","max-image-preview":"max-image-preview:large","max-video-preview":"max-video-preview:-1"},"canonical":"https:\/\/iai.int\/es\/estructura\/comite-asesor-en-ciencia-y-politicas-spac\/","og_locale":"es_ES","og_type":"article","og_title":"Comit\u00e9 Asesor en Ciencia y Pol\u00edticas (SPAC) - IAI - Inter-American Institute for Global Change Research","og_description":"Creado en la CoP de 2013 con el fin de brindar asesoramiento a la CoP y a las Direcciones del IAI acerca de la aplicaci\u00f3n y dise\u00f1o de la ciencia en la formulaci\u00f3n de pol\u00edticas y la toma de decisiones. Reglas del SPAC:&nbsp;ingl\u00e9s&nbsp;&#8211;&nbsp;espa\u00f1ol (Vea los miembros anteriores del SAC aqu\u00ed) Composici\u00f3n actual del SPAC Carlos [&hellip;]","og_url":"https:\/\/iai.int\/es\/estructura\/comite-asesor-en-ciencia-y-politicas-spac\/","og_site_name":"IAI - Inter-American Institute for Global Change Research","article_modified_time":"2026-03-17T14:17:39+00:00","twitter_card":"summary_large_image","twitter_misc":{"Tiempo de lectura":"2 minutos"},"schema":{"@context":"https:\/\/schema.org","@graph":[{"@type":"WebPage","@id":"https:\/\/iai.int\/es\/estructura\/comite-asesor-en-ciencia-y-politicas-spac\/","url":"https:\/\/iai.int\/es\/estructura\/comite-asesor-en-ciencia-y-politicas-spac\/","name":"Comit\u00e9 Asesor en Ciencia y Pol\u00edticas (SPAC) - IAI - Inter-American Institute for Global Change Research","isPartOf":{"@id":"https:\/\/iai.int\/es\/#website"},"datePublished":"2025-08-05T14:21:02+00:00","dateModified":"2026-03-17T14:17:39+00:00","breadcrumb":{"@id":"https:\/\/iai.int\/es\/estructura\/comite-asesor-en-ciencia-y-politicas-spac\/#breadcrumb"},"inLanguage":"es","potentialAction":[{"@type":"ReadAction","target":["https:\/\/iai.int\/es\/estructura\/comite-asesor-en-ciencia-y-politicas-spac\/"]}]},{"@type":"BreadcrumbList","@id":"https:\/\/iai.int\/es\/estructura\/comite-asesor-en-ciencia-y-politicas-spac\/#breadcrumb","itemListElement":[{"@type":"ListItem","position":1,"name":"Portada","item":"https:\/\/iai.int\/es\/"},{"@type":"ListItem","position":2,"name":"Estructura","item":"https:\/\/iai.int\/es\/estructura\/"},{"@type":"ListItem","position":3,"name":"Comit\u00e9 Asesor en Ciencia y Pol\u00edticas (SPAC)"}]},{"@type":"WebSite","@id":"https:\/\/iai.int\/es\/#website","url":"https:\/\/iai.int\/es\/","name":"IAI - Inter-American Institute for Global Change Research","description":"","publisher":{"@id":"https:\/\/iai.int\/es\/#organization"},"potentialAction":[{"@type":"SearchAction","target":{"@type":"EntryPoint","urlTemplate":"https:\/\/iai.int\/es\/?s={search_term_string}"},"query-input":{"@type":"PropertyValueSpecification","valueRequired":true,"valueName":"search_term_string"}}],"inLanguage":"es"},{"@type":"Organization","@id":"https:\/\/iai.int\/es\/#organization","name":"IAI - Inter-American Institute for Global Change Research","url":"https:\/\/iai.int\/es\/","logo":{"@type":"ImageObject","inLanguage":"es","@id":"https:\/\/iai.int\/es\/#\/schema\/logo\/image\/","url":"https:\/\/iai.int\/wp-content\/uploads\/2025\/11\/IAI-logo-English-scaled.png","contentUrl":"https:\/\/iai.int\/wp-content\/uploads\/2025\/11\/IAI-logo-English-scaled.png","width":2560,"height":985,"caption":"IAI - Inter-American Institute for Global Change Research"},"image":{"@id":"https:\/\/iai.int\/es\/#\/schema\/logo\/image\/"}}]}},"uagb_featured_image_src":{"full":false,"thumbnail":false,"medium":false,"medium_large":false,"large":false,"1536x1536":false,"2048x2048":false},"uagb_author_info":{"display_name":"admin","author_link":"https:\/\/iai.int\/es\/author\/admin\/"},"uagb_comment_info":0,"uagb_excerpt":"Creado en la CoP de 2013 con el fin de brindar asesoramiento a la CoP y a las Direcciones del IAI acerca de la aplicaci\u00f3n y dise\u00f1o de la ciencia en la formulaci\u00f3n de pol\u00edticas y la toma de decisiones. Reglas del SPAC:&nbsp;ingl\u00e9s&nbsp;&#8211;&nbsp;espa\u00f1ol (Vea los miembros anteriores del SAC aqu\u00ed) Composici\u00f3n actual del SPAC Carlos&hellip;","_links":{"self":[{"href":"https:\/\/iai.int\/es\/wp-json\/wp\/v2\/pages\/6604","targetHints":{"allow":["GET"]}}],"collection":[{"href":"https:\/\/iai.int\/es\/wp-json\/wp\/v2\/pages"}],"about":[{"href":"https:\/\/iai.int\/es\/wp-json\/wp\/v2\/types\/page"}],"author":[{"embeddable":true,"href":"https:\/\/iai.int\/es\/wp-json\/wp\/v2\/users\/1"}],"replies":[{"embeddable":true,"href":"https:\/\/iai.int\/es\/wp-json\/wp\/v2\/comments?post=6604"}],"version-history":[{"count":9,"href":"https:\/\/iai.int\/es\/wp-json\/wp\/v2\/pages\/6604\/revisions"}],"predecessor-version":[{"id":14632,"href":"https:\/\/iai.int\/es\/wp-json\/wp\/v2\/pages\/6604\/revisions\/14632"}],"up":[{"embeddable":true,"href":"https:\/\/iai.int\/es\/wp-json\/wp\/v2\/pages\/360"}],"wp:attachment":[{"href":"https:\/\/iai.int\/es\/wp-json\/wp\/v2\/media?parent=6604"}],"curies":[{"name":"wp","href":"https:\/\/api.w.org\/{rel}","templated":true}]}}