{"id":6589,"date":"2025-08-05T08:44:36","date_gmt":"2025-08-05T13:44:36","guid":{"rendered":"https:\/\/iai.int\/?page_id=6589"},"modified":"2026-03-17T10:13:52","modified_gmt":"2026-03-17T15:13:52","slug":"comite-asesor-cientifico-sac","status":"publish","type":"page","link":"https:\/\/iai.int\/es\/estructura\/comite-asesor-cientifico-sac\/","title":{"rendered":"Comit\u00e9 Asesor Cient\u00edfico (SAC)"},"content":{"rendered":"\n<p>El Comit\u00e9 Asesor Cient\u00edfico (SAC) est\u00e1 integrado por diez miembros elegidos por la Conferencia de las Partes por per\u00edodos de tres a\u00f1os. Los miembros son cient\u00edficos reconocidos internacionalmente por sus conocimientos en diferentes disciplinas relacionadas con la investigaci\u00f3n del cambio global.<\/p>\n\n\n\n<p>Como principal \u00f3rgano asesor en ciencia, formula recomendaciones a la Conferencia de las Partes sobre la Agenda Cient\u00edfica, los planes de largo plazo y el programa anual del Instituto. Tambi\u00e9n dirige el sistema de revisi\u00f3n por pares para evaluar propuestas cient\u00edficas y los resultados obtenidos en los programas cient\u00edficos financiados por el IAI.<\/p>\n\n\n\n<p>Reglas del SAC:&nbsp;<a href=\"https:\/\/iai.int\/administrador\/assets\/images\/ckfinder\/files\/SAC%20rules-es-format.pdf\" target=\"_blank\" rel=\"noreferrer noopener\"><strong>espa\u00f1ol<\/strong><\/a>&nbsp;&#8211;&nbsp;<a href=\"https:\/\/iai.int\/administrador\/assets\/images\/ckfinder\/files\/SAC%20rules-en-format.pdf\" target=\"_blank\" rel=\"noreferrer noopener\"><strong>ingl\u00e9s<\/strong><\/a><br><\/p>\n\n\n\n<p class=\"has-text-align-left\">Vea los miembros anteriores del SAC <a href=\"http:\/\/archive.iai.int\/es\/post\/detail\/Past-SAC-members\">aqu\u00ed<\/a><\/p>\n\n\n\n<h4 class=\"wp-block-heading\"><br>Composici\u00f3n actual del SAC<br><\/h4>\n\n\n\n<div class=\"wp-block-columns is-layout-flex wp-container-core-columns-is-layout-28f84493 wp-block-columns-is-layout-flex\">\n<div class=\"wp-block-column is-layout-flow wp-block-column-is-layout-flow\">\n<div style=\"height:31px\" aria-hidden=\"true\" class=\"wp-block-spacer\"><\/div>\n\n\n\n<h6 class=\"wp-block-heading\"><strong>Pedro Laterra<\/strong><\/h6>\n\n\n\n<p><strong>Fundaci\u00f3n Bariloche<\/strong><br>Investigador Principal en el Consejo Nacional de Investigaciones Cient\u00edficas y T\u00e9cnicas (CONICET).<br><br><strong>Especializaci\u00f3n:&nbsp;<\/strong>ecolog\u00eda del paisaje, servicios ecosist\u00e9micos, agricultura, gobernanza.<br><strong>Nombramiento:<\/strong>&nbsp;2023-2026 (Partes)<\/p>\n<\/div>\n\n\n\n<div class=\"wp-block-column is-layout-flow wp-block-column-is-layout-flow\">\n<div style=\"height:31px\" aria-hidden=\"true\" class=\"wp-block-spacer\"><\/div>\n\n\n\n<h6 class=\"wp-block-heading\"><strong><strong>Anahi Urquiza G\u00f3mez<\/strong><\/strong><\/h6>\n\n\n\n<p><strong>Facultad de Ciencias Sociales, Universidad de Chile<\/strong><br>&nbsp;<br><strong>Especializaci\u00f3n:<\/strong>&nbsp;sociolog\u00eda, resiliencia, antropolog\u00eda y desarrollo, ambiente y sociedad.<br><strong>Nombramiento:&nbsp;<\/strong>2021-2024, 2024-2027 (Partes)<\/p>\n<\/div>\n<\/div>\n\n\n\n<div class=\"wp-block-columns is-layout-flex wp-container-core-columns-is-layout-28f84493 wp-block-columns-is-layout-flex\">\n<div class=\"wp-block-column is-layout-flow wp-block-column-is-layout-flow\">\n<div style=\"height:31px\" aria-hidden=\"true\" class=\"wp-block-spacer\"><\/div>\n\n\n\n<h6 class=\"wp-block-heading\"><strong><strong>In\u00e9s Camilloni<\/strong><\/strong><\/h6>\n\n\n\n<p><strong>Universidad de Buenos Aires<\/strong><br>Dpto. de Ciencias de la Atm\u00f3sfera y los Oc\u00e9anos (FCEN-UBA)<br>Centro de Investigaciones del Mar y la Atm\u00f3sfera (UBA\/CONICET)<br>UMI-IFAECI\/CNRS-CONICET-UBA<\/p>\n\n\n\n<p><strong>Especializaci\u00f3n:&nbsp;<\/strong>variabilidad y cambio clim\u00e1tico, calidad del aire.<br><strong>Nombramiento:&nbsp;<\/strong>2020-2023, 2023-2026 (Partes)<\/p>\n<\/div>\n\n\n\n<div class=\"wp-block-column is-layout-flow wp-block-column-is-layout-flow\">\n<div style=\"height:31px\" aria-hidden=\"true\" class=\"wp-block-spacer\"><\/div>\n\n\n\n<h6 class=\"wp-block-heading\"><strong><strong><strong>Alexander Turra<\/strong><\/strong><\/strong><\/h6>\n\n\n\n<p><strong>Instituto Oceanogr\u00e1fico, Universidade de S\u00e3o Paulo<\/strong><br>C\u00e1tedra UNESCO para la Sustentabilidad&nbsp;del Oc\u00e9ano<br>Laboratorio de Manejo, Ecolog\u00eda y&nbsp;Conservaci\u00f3n Marina, Instituto Oceanogr\u00e1fico.&nbsp;Grupo de Investigaci\u00f3n en Medio Ambiente y Sociedad, Instituto de Estudios Avanzados, Universidad&nbsp;de San Pablo.<\/p>\n\n\n\n<p><strong>Especializaci\u00f3n:<\/strong>&nbsp;Ecolog\u00eda marina y manejo costero.<br><strong>Nombramiento:&nbsp;<\/strong>2020-2023, 2023-2026 (SAC)<\/p>\n<\/div>\n<\/div>\n\n\n\n<div class=\"wp-block-columns is-layout-flex wp-container-core-columns-is-layout-28f84493 wp-block-columns-is-layout-flex\">\n<div class=\"wp-block-column is-layout-flow wp-block-column-is-layout-flow\">\n<div style=\"height:31px\" aria-hidden=\"true\" class=\"wp-block-spacer\"><\/div>\n\n\n\n<h6 class=\"wp-block-heading\"><strong><strong><strong><strong><strong><strong><strong>Mercy J. Borbor<\/strong><\/strong><\/strong><\/strong><\/strong><\/strong><\/strong><\/h6>\n\n\n\n<p><strong>Facultad de Ingenier\u00eda Mar\u00edtima y Ciencias del Mar FIMCM, Escuela Superior Polit\u00e9cnica del Litoral<\/strong><br>Profesora Agregada<\/p>\n\n\n\n<p><strong>Especializaci\u00f3n:<\/strong>&nbsp;Recursos costeros marinos, clima, salud, manejo de riesgo, ecolog\u00eda urbana.<br><strong>Nombramiento:<\/strong>&nbsp;2021-2024, 2024-2027 (SAC)<\/p>\n<\/div>\n\n\n\n<div class=\"wp-block-column is-layout-flow wp-block-column-is-layout-flow\">\n<div style=\"height:31px\" aria-hidden=\"true\" class=\"wp-block-spacer\"><\/div>\n\n\n\n<h6 class=\"wp-block-heading\"><strong><strong><strong><strong><strong><strong><strong><strong><strong>Barry Warner<\/strong><\/strong><\/strong><\/strong><\/strong><\/strong><\/strong><\/strong><\/strong><\/h6>\n\n\n\n<p><strong>University of Waterloo<\/strong><br>Profesor Em\u00e9rito de Ciencias de la Tierra y el Ambiente<\/p>\n\n\n\n<p><strong>Especializaci\u00f3n:<\/strong>&nbsp;servicios ecosist\u00e9micos de humedales, tecnolog\u00eda de humedales para la mejora de la calidad del agua, restauraci\u00f3n de paisajes.&nbsp;<br><strong>Nombramiento:<\/strong>&nbsp;2022-2025, 2025-2028 (Partes)<\/p>\n<\/div>\n<\/div>\n\n\n\n<div class=\"wp-block-columns is-layout-flex wp-container-core-columns-is-layout-28f84493 wp-block-columns-is-layout-flex\">\n<div class=\"wp-block-column is-layout-flow wp-block-column-is-layout-flow\">\n<div style=\"height:31px\" aria-hidden=\"true\" class=\"wp-block-spacer\"><\/div>\n\n\n\n<h6 class=\"wp-block-heading\"><strong><strong><strong><strong><strong>Alexandra Mallett <\/strong><\/strong><\/strong><\/strong><\/strong><br>(Presidente)<\/h6>\n\n\n\n<p><strong>Carleton University<\/strong><br>Profesora Asociada y Supervisora de Graduados para el programa de Maestr\u00eda&nbsp;en Energ\u00eda Sostenible (Pol\u00edticas)<\/p>\n\n\n\n<p><strong>Especializaci\u00f3n:<\/strong>&nbsp;dise\u00f1o, implementaci\u00f3n y evaluaci\u00f3n de pol\u00edticas p\u00fablics sobre energ\u00eda sostenible, ambiente y recursos naturales.<br><strong>Nombramiento:<\/strong>&nbsp;2022-2025, 2025-2028 (Partes)<\/p>\n<\/div>\n\n\n\n<div class=\"wp-block-column is-layout-flow wp-block-column-is-layout-flow\">\n<div style=\"height:31px\" aria-hidden=\"true\" class=\"wp-block-spacer\"><\/div>\n\n\n\n<h6 class=\"wp-block-heading\"><strong><strong><strong><strong><strong><strong><strong><strong><strong><strong><strong>Laura Ramajo <\/strong><\/strong><\/strong><\/strong><\/strong><\/strong><br><\/strong><\/strong><\/strong><\/strong><\/strong><\/h6>\n\n\n\n<p><strong>Centro de Ciencia del Clima y la Resiliencia (CR2) \/ Center for Climate Science and Resilience (CR2)<\/strong><br>Investigadora Adjunta<\/p>\n\n\n\n<p><strong>Especializaci\u00f3n:&nbsp;<\/strong>cambio clim\u00e1tico, riesgo&nbsp;y adaptaci\u00f3n.<br><strong>Nombramiento:<\/strong>&nbsp;2023-2026 (Partes)<\/p>\n<\/div>\n<\/div>\n\n\n\n<div class=\"wp-block-columns is-layout-flex wp-container-core-columns-is-layout-28f84493 wp-block-columns-is-layout-flex\">\n<div class=\"wp-block-column is-layout-flow wp-block-column-is-layout-flow\">\n<div style=\"height:31px\" aria-hidden=\"true\" class=\"wp-block-spacer\"><\/div>\n\n\n\n<h6 class=\"wp-block-heading\"><strong><strong><strong><strong><strong><strong>Gilberto de Martino Jannuzzi<\/strong><\/strong><\/strong><\/strong><\/strong><\/strong><\/h6>\n\n\n\n<p><strong>Universidade Estadual de Campinas (UNICAMP)<\/strong><br>Profesor de Sistemas de Energ\u00eda en el Departamento de Energ\u00eda, Facultad de Ingenier\u00eda Mec\u00e1nica<\/p>\n\n\n\n<p><strong>Especializaci\u00f3n:&nbsp;<\/strong>Planificaci\u00f3n energ\u00e9tica, eficiencia y conservaci\u00f3n de la energ\u00eda, energ\u00edas renovables, pol\u00edticas energ\u00e9ticas y ambientales, y temas relacionados con la transferencia de tecnolog\u00eda.<br><strong>Nombramiento:&nbsp;<\/strong>2024-2027 (Asociados)<\/p>\n<\/div>\n\n\n\n<div class=\"wp-block-column is-layout-flow wp-block-column-is-layout-flow\">\n<div style=\"height:31px\" aria-hidden=\"true\" class=\"wp-block-spacer\"><\/div>\n\n\n\n<h6 class=\"wp-block-heading\"><strong><strong><strong><strong><strong><strong><strong>Natalia Norden<\/strong><\/strong><\/strong><\/strong><\/strong><\/strong><\/strong><\/h6>\n\n\n\n<p><strong>Instituto de Investigaci\u00f3n de Recursos Biol\u00f3gicos Alexander von Humboldt<\/strong><br>Investigadora Principal<\/p>\n\n\n\n<p><strong>Especializaci\u00f3n:&nbsp;<\/strong>Tropical Forests<br><strong>Nombramiento:<\/strong>&nbsp;2024-2027&nbsp;(Partes)<\/p>\n<\/div>\n<\/div>\n\n\n\n<div class=\"wp-block-columns is-layout-flex wp-container-core-columns-is-layout-28f84493 wp-block-columns-is-layout-flex\">\n<div class=\"wp-block-column is-layout-flow wp-block-column-is-layout-flow\">\n<div style=\"height:31px\" aria-hidden=\"true\" class=\"wp-block-spacer\"><\/div>\n\n\n\n<h6 class=\"wp-block-heading\"><\/h6>\n<\/div>\n\n\n\n<div class=\"wp-block-column is-layout-flow wp-block-column-is-layout-flow\">\n<div style=\"height:31px\" aria-hidden=\"true\" class=\"wp-block-spacer\"><\/div>\n\n\n\n<h6 class=\"wp-block-heading\"><\/h6>\n\n\n\n<p><\/p>\n\n\n\n<p><\/p>\n<\/div>\n<\/div>\n","protected":false},"excerpt":{"rendered":"<p>El Comit\u00e9 Asesor Cient\u00edfico (SAC) est\u00e1 integrado por diez miembros elegidos por la Conferencia de las Partes por per\u00edodos de tres a\u00f1os. Los miembros son cient\u00edficos reconocidos internacionalmente por sus conocimientos en diferentes disciplinas relacionadas con la investigaci\u00f3n del cambio global. Como principal \u00f3rgano asesor en ciencia, formula recomendaciones a la Conferencia de las Partes [&hellip;]<\/p>\n","protected":false},"author":1,"featured_media":0,"parent":360,"menu_order":0,"comment_status":"closed","ping_status":"closed","template":"","meta":{"_acf_changed":false,"_uag_custom_page_level_css":"","footnotes":""},"class_list":["post-6589","page","type-page","status-publish","hentry"],"acf":[],"yoast_head":"<!-- This site is optimized with the Yoast SEO plugin v27.3 - https:\/\/yoast.com\/product\/yoast-seo-wordpress\/ -->\n<title>Comit\u00e9 Asesor Cient\u00edfico (SAC) - IAI - Inter-American Institute for Global Change Research<\/title>\n<meta name=\"robots\" content=\"index, follow, max-snippet:-1, max-image-preview:large, max-video-preview:-1\" \/>\n<link rel=\"canonical\" href=\"https:\/\/iai.int\/es\/estructura\/comite-asesor-cientifico-sac\/\" \/>\n<meta property=\"og:locale\" content=\"es_ES\" \/>\n<meta property=\"og:type\" content=\"article\" \/>\n<meta property=\"og:title\" content=\"Comit\u00e9 Asesor Cient\u00edfico (SAC) - IAI - Inter-American Institute for Global Change Research\" \/>\n<meta property=\"og:description\" content=\"El Comit\u00e9 Asesor Cient\u00edfico (SAC) est\u00e1 integrado por diez miembros elegidos por la Conferencia de las Partes por per\u00edodos de tres a\u00f1os. Los miembros son cient\u00edficos reconocidos internacionalmente por sus conocimientos en diferentes disciplinas relacionadas con la investigaci\u00f3n del cambio global. Como principal \u00f3rgano asesor en ciencia, formula recomendaciones a la Conferencia de las Partes [&hellip;]\" \/>\n<meta property=\"og:url\" content=\"https:\/\/iai.int\/es\/estructura\/comite-asesor-cientifico-sac\/\" \/>\n<meta property=\"og:site_name\" content=\"IAI - Inter-American Institute for Global Change Research\" \/>\n<meta property=\"article:modified_time\" content=\"2026-03-17T15:13:52+00:00\" \/>\n<meta name=\"twitter:card\" content=\"summary_large_image\" \/>\n<meta name=\"twitter:label1\" content=\"Tiempo de lectura\" \/>\n\t<meta name=\"twitter:data1\" content=\"3 minutos\" \/>\n<script type=\"application\/ld+json\" class=\"yoast-schema-graph\">{\"@context\":\"https:\\\/\\\/schema.org\",\"@graph\":[{\"@type\":\"WebPage\",\"@id\":\"https:\\\/\\\/iai.int\\\/es\\\/estructura\\\/comite-asesor-cientifico-sac\\\/\",\"url\":\"https:\\\/\\\/iai.int\\\/es\\\/estructura\\\/comite-asesor-cientifico-sac\\\/\",\"name\":\"Comit\u00e9 Asesor Cient\u00edfico (SAC) - IAI - Inter-American Institute for Global Change Research\",\"isPartOf\":{\"@id\":\"https:\\\/\\\/iai.int\\\/es\\\/#website\"},\"datePublished\":\"2025-08-05T13:44:36+00:00\",\"dateModified\":\"2026-03-17T15:13:52+00:00\",\"breadcrumb\":{\"@id\":\"https:\\\/\\\/iai.int\\\/es\\\/estructura\\\/comite-asesor-cientifico-sac\\\/#breadcrumb\"},\"inLanguage\":\"es\",\"potentialAction\":[{\"@type\":\"ReadAction\",\"target\":[\"https:\\\/\\\/iai.int\\\/es\\\/estructura\\\/comite-asesor-cientifico-sac\\\/\"]}]},{\"@type\":\"BreadcrumbList\",\"@id\":\"https:\\\/\\\/iai.int\\\/es\\\/estructura\\\/comite-asesor-cientifico-sac\\\/#breadcrumb\",\"itemListElement\":[{\"@type\":\"ListItem\",\"position\":1,\"name\":\"Portada\",\"item\":\"https:\\\/\\\/iai.int\\\/es\\\/\"},{\"@type\":\"ListItem\",\"position\":2,\"name\":\"Estructura\",\"item\":\"https:\\\/\\\/iai.int\\\/es\\\/estructura\\\/\"},{\"@type\":\"ListItem\",\"position\":3,\"name\":\"Comit\u00e9 Asesor Cient\u00edfico (SAC)\"}]},{\"@type\":\"WebSite\",\"@id\":\"https:\\\/\\\/iai.int\\\/es\\\/#website\",\"url\":\"https:\\\/\\\/iai.int\\\/es\\\/\",\"name\":\"IAI - Inter-American Institute for Global Change Research\",\"description\":\"\",\"publisher\":{\"@id\":\"https:\\\/\\\/iai.int\\\/es\\\/#organization\"},\"potentialAction\":[{\"@type\":\"SearchAction\",\"target\":{\"@type\":\"EntryPoint\",\"urlTemplate\":\"https:\\\/\\\/iai.int\\\/es\\\/?s={search_term_string}\"},\"query-input\":{\"@type\":\"PropertyValueSpecification\",\"valueRequired\":true,\"valueName\":\"search_term_string\"}}],\"inLanguage\":\"es\"},{\"@type\":\"Organization\",\"@id\":\"https:\\\/\\\/iai.int\\\/es\\\/#organization\",\"name\":\"IAI - Inter-American Institute for Global Change Research\",\"url\":\"https:\\\/\\\/iai.int\\\/es\\\/\",\"logo\":{\"@type\":\"ImageObject\",\"inLanguage\":\"es\",\"@id\":\"https:\\\/\\\/iai.int\\\/es\\\/#\\\/schema\\\/logo\\\/image\\\/\",\"url\":\"https:\\\/\\\/iai.int\\\/wp-content\\\/uploads\\\/2025\\\/11\\\/IAI-logo-English-scaled.png\",\"contentUrl\":\"https:\\\/\\\/iai.int\\\/wp-content\\\/uploads\\\/2025\\\/11\\\/IAI-logo-English-scaled.png\",\"width\":2560,\"height\":985,\"caption\":\"IAI - Inter-American Institute for Global Change Research\"},\"image\":{\"@id\":\"https:\\\/\\\/iai.int\\\/es\\\/#\\\/schema\\\/logo\\\/image\\\/\"}}]}<\/script>\n<!-- \/ Yoast SEO plugin. -->","yoast_head_json":{"title":"Comit\u00e9 Asesor Cient\u00edfico (SAC) - IAI - Inter-American Institute for Global Change Research","robots":{"index":"index","follow":"follow","max-snippet":"max-snippet:-1","max-image-preview":"max-image-preview:large","max-video-preview":"max-video-preview:-1"},"canonical":"https:\/\/iai.int\/es\/estructura\/comite-asesor-cientifico-sac\/","og_locale":"es_ES","og_type":"article","og_title":"Comit\u00e9 Asesor Cient\u00edfico (SAC) - IAI - Inter-American Institute for Global Change Research","og_description":"El Comit\u00e9 Asesor Cient\u00edfico (SAC) est\u00e1 integrado por diez miembros elegidos por la Conferencia de las Partes por per\u00edodos de tres a\u00f1os. Los miembros son cient\u00edficos reconocidos internacionalmente por sus conocimientos en diferentes disciplinas relacionadas con la investigaci\u00f3n del cambio global. Como principal \u00f3rgano asesor en ciencia, formula recomendaciones a la Conferencia de las Partes [&hellip;]","og_url":"https:\/\/iai.int\/es\/estructura\/comite-asesor-cientifico-sac\/","og_site_name":"IAI - Inter-American Institute for Global Change Research","article_modified_time":"2026-03-17T15:13:52+00:00","twitter_card":"summary_large_image","twitter_misc":{"Tiempo de lectura":"3 minutos"},"schema":{"@context":"https:\/\/schema.org","@graph":[{"@type":"WebPage","@id":"https:\/\/iai.int\/es\/estructura\/comite-asesor-cientifico-sac\/","url":"https:\/\/iai.int\/es\/estructura\/comite-asesor-cientifico-sac\/","name":"Comit\u00e9 Asesor Cient\u00edfico (SAC) - IAI - Inter-American Institute for Global Change Research","isPartOf":{"@id":"https:\/\/iai.int\/es\/#website"},"datePublished":"2025-08-05T13:44:36+00:00","dateModified":"2026-03-17T15:13:52+00:00","breadcrumb":{"@id":"https:\/\/iai.int\/es\/estructura\/comite-asesor-cientifico-sac\/#breadcrumb"},"inLanguage":"es","potentialAction":[{"@type":"ReadAction","target":["https:\/\/iai.int\/es\/estructura\/comite-asesor-cientifico-sac\/"]}]},{"@type":"BreadcrumbList","@id":"https:\/\/iai.int\/es\/estructura\/comite-asesor-cientifico-sac\/#breadcrumb","itemListElement":[{"@type":"ListItem","position":1,"name":"Portada","item":"https:\/\/iai.int\/es\/"},{"@type":"ListItem","position":2,"name":"Estructura","item":"https:\/\/iai.int\/es\/estructura\/"},{"@type":"ListItem","position":3,"name":"Comit\u00e9 Asesor Cient\u00edfico (SAC)"}]},{"@type":"WebSite","@id":"https:\/\/iai.int\/es\/#website","url":"https:\/\/iai.int\/es\/","name":"IAI - Inter-American Institute for Global Change Research","description":"","publisher":{"@id":"https:\/\/iai.int\/es\/#organization"},"potentialAction":[{"@type":"SearchAction","target":{"@type":"EntryPoint","urlTemplate":"https:\/\/iai.int\/es\/?s={search_term_string}"},"query-input":{"@type":"PropertyValueSpecification","valueRequired":true,"valueName":"search_term_string"}}],"inLanguage":"es"},{"@type":"Organization","@id":"https:\/\/iai.int\/es\/#organization","name":"IAI - Inter-American Institute for Global Change Research","url":"https:\/\/iai.int\/es\/","logo":{"@type":"ImageObject","inLanguage":"es","@id":"https:\/\/iai.int\/es\/#\/schema\/logo\/image\/","url":"https:\/\/iai.int\/wp-content\/uploads\/2025\/11\/IAI-logo-English-scaled.png","contentUrl":"https:\/\/iai.int\/wp-content\/uploads\/2025\/11\/IAI-logo-English-scaled.png","width":2560,"height":985,"caption":"IAI - Inter-American Institute for Global Change Research"},"image":{"@id":"https:\/\/iai.int\/es\/#\/schema\/logo\/image\/"}}]}},"uagb_featured_image_src":{"full":false,"thumbnail":false,"medium":false,"medium_large":false,"large":false,"1536x1536":false,"2048x2048":false},"uagb_author_info":{"display_name":"admin","author_link":"https:\/\/iai.int\/es\/author\/admin\/"},"uagb_comment_info":0,"uagb_excerpt":"El Comit\u00e9 Asesor Cient\u00edfico (SAC) est\u00e1 integrado por diez miembros elegidos por la Conferencia de las Partes por per\u00edodos de tres a\u00f1os. Los miembros son cient\u00edficos reconocidos internacionalmente por sus conocimientos en diferentes disciplinas relacionadas con la investigaci\u00f3n del cambio global. Como principal \u00f3rgano asesor en ciencia, formula recomendaciones a la Conferencia de las Partes&hellip;","_links":{"self":[{"href":"https:\/\/iai.int\/es\/wp-json\/wp\/v2\/pages\/6589","targetHints":{"allow":["GET"]}}],"collection":[{"href":"https:\/\/iai.int\/es\/wp-json\/wp\/v2\/pages"}],"about":[{"href":"https:\/\/iai.int\/es\/wp-json\/wp\/v2\/types\/page"}],"author":[{"embeddable":true,"href":"https:\/\/iai.int\/es\/wp-json\/wp\/v2\/users\/1"}],"replies":[{"embeddable":true,"href":"https:\/\/iai.int\/es\/wp-json\/wp\/v2\/comments?post=6589"}],"version-history":[{"count":15,"href":"https:\/\/iai.int\/es\/wp-json\/wp\/v2\/pages\/6589\/revisions"}],"predecessor-version":[{"id":14634,"href":"https:\/\/iai.int\/es\/wp-json\/wp\/v2\/pages\/6589\/revisions\/14634"}],"up":[{"embeddable":true,"href":"https:\/\/iai.int\/es\/wp-json\/wp\/v2\/pages\/360"}],"wp:attachment":[{"href":"https:\/\/iai.int\/es\/wp-json\/wp\/v2\/media?parent=6589"}],"curies":[{"name":"wp","href":"https:\/\/api.w.org\/{rel}","templated":true}]}}