{"id":6587,"date":"2025-08-05T08:31:58","date_gmt":"2025-08-05T13:31:58","guid":{"rendered":"https:\/\/iai.int\/?page_id=6587"},"modified":"2026-01-29T09:03:50","modified_gmt":"2026-01-29T14:03:50","slug":"asociados-del-iai","status":"publish","type":"page","link":"https:\/\/iai.int\/es\/estructura\/asociados-del-iai\/","title":{"rendered":"Asociados del IAI"},"content":{"rendered":"\n<p>La Conferencia de las Partes podr\u00e1 invitar a asociarse al Instituto a Estados externos a la regi\u00f3n y a organismos intergubernamentales regionales o internacionales, as\u00ed como a las industrias y otras organizaciones no gubernamentales y privadas interesadas en apoyar la Agenda Cient\u00edfica y las actividades program\u00e1ticas del Instituto.<\/p>\n\n\n\n<p>Los asociados del Instituto son:<\/p>\n\n\n\n<ul class=\"wp-block-list\">\n<li><strong><a href=\"https:\/\/www.aaas.org\/\" target=\"_blank\" rel=\"noreferrer noopener\">AAAS<\/a>\u00a0<\/strong>&#8211; Asociaci\u00f3n Estadounidense para el Avance de la Ciencia<\/li>\n\n\n\n<li><a href=\"https:\/\/www.agu.org\/\" data-type=\"link\" data-id=\"https:\/\/www.agu.org\/\"><strong>AGU<\/strong><\/a> &#8211; Uni\u00f3n Estadounidense de Geof\u00edsica<\/li>\n\n\n\n<li><a href=\"http:\/\/www.ciesin.org\/\" target=\"_blank\" rel=\"noreferrer noopener\"><strong>CIESIN<\/strong><\/a>\u00a0&#8211; Centro para la Red Internacional de Informaci\u00f3n sobre Ciencias de la Tierra<\/li>\n\n\n\n<li><a href=\"https:\/\/cicag.edu.py\/\" target=\"_blank\" rel=\"noreferrer noopener\"><strong>CICAG<\/strong><\/a><strong> <\/strong>&#8211; Centro de Investigaci\u00f3n del Cambio Global, Universidad Nacional de Asunci\u00f3n<\/li>\n\n\n\n<li><strong><a href=\"https:\/\/www.cr2.cl\/\" target=\"_blank\" rel=\"noreferrer noopener\">CR2<\/a><\/strong> &#8211; Centro para la Investigaci\u00f3n del Clima y la Resiliencia<\/li>\n\n\n\n<li><a href=\"https:\/\/coiba.org.pa\/\"><strong>Estaci\u00f3n COIBA AIP<\/strong><\/a> <\/li>\n\n\n\n<li><strong><a href=\"https:\/\/fapesc.sc.gov.br\/\" target=\"_blank\" rel=\"noreferrer noopener\">FAPESC<\/a><\/strong> &#8211; Fundaci\u00f3n de Apoyo a la Investigaci\u00f3n Cient\u00edfica del Estado de Santa Catarina<\/li>\n\n\n\n<li><a href=\"http:\/\/www.fapesp.br\/\" target=\"_blank\" rel=\"noreferrer noopener\"><strong>FAPESP<\/strong><\/a>\u00a0&#8211; Fundaci\u00f3n de Apoyo a la Investigaci\u00f3n Cient\u00edfica del Estado de S\u00e3o Paulo<\/li>\n\n\n\n<li><strong><a href=\"http:\/\/www.futureearth.org\/\" target=\"_blank\" rel=\"noreferrer noopener\">Future Earth<\/a><\/strong><\/li>\n\n\n\n<li><strong><a href=\"http:\/\/www.humboldt.org.co\/es\/\" target=\"_blank\" rel=\"noreferrer noopener\">Instituto de Investigaci\u00f3n de Recursos Biol\u00f3gicos Alexander von Humboldt<\/a><\/strong><\/li>\n\n\n\n<li><strong><a href=\"https:\/\/ivic.gob.ve\/\" data-type=\"link\" data-id=\"https:\/\/ivic.gob.ve\/\">IVIC<\/a><\/strong> &#8211; Instituto Venezolano de Investigaciones Cient\u00edficas<\/li>\n\n\n\n<li><strong><a href=\"https:\/\/www.mitacs.ca\/en\" target=\"_blank\" rel=\"noreferrer noopener\">Mitacs<\/a><\/strong><\/li>\n\n\n\n<li><a href=\"https:\/\/wmo.int\/es\"><strong>OMM<\/strong><\/a> &#8211; Organizaci\u00f3n Meteorol\u00f3gica Mundial<\/li>\n\n\n\n<li><strong><a href=\"https:\/\/stri.si.edu\/es\" data-type=\"link\" data-id=\"https:\/\/stri.si.edu\/es\">STRI<\/a><\/strong> &#8211; Instituto Smithsonian de Investigaciones Tropicales<\/li>\n\n\n\n<li><a href=\"https:\/\/www.uwi.edu\/\" target=\"_blank\" rel=\"noreferrer noopener\"><strong>UWI<\/strong><\/a> &#8211; Universidad de las Indias Occidentales<\/li>\n<\/ul>\n\n\n\n<p><\/p>\n","protected":false},"excerpt":{"rendered":"<p>La Conferencia de las Partes podr\u00e1 invitar a asociarse al Instituto a Estados externos a la regi\u00f3n y a organismos intergubernamentales regionales o internacionales, as\u00ed como a las industrias y otras organizaciones no gubernamentales y privadas interesadas en apoyar la Agenda Cient\u00edfica y las actividades program\u00e1ticas del Instituto. Los asociados del Instituto son:<\/p>\n","protected":false},"author":1,"featured_media":0,"parent":360,"menu_order":0,"comment_status":"closed","ping_status":"closed","template":"","meta":{"_acf_changed":false,"_uag_custom_page_level_css":"","footnotes":""},"class_list":["post-6587","page","type-page","status-publish","hentry"],"acf":[],"yoast_head":"<!-- This site is optimized with the Yoast SEO plugin v27.3 - https:\/\/yoast.com\/product\/yoast-seo-wordpress\/ -->\n<title>Asociados del IAI - IAI - Inter-American Institute for Global Change Research<\/title>\n<meta name=\"robots\" content=\"index, follow, max-snippet:-1, max-image-preview:large, max-video-preview:-1\" \/>\n<link rel=\"canonical\" href=\"https:\/\/iai.int\/es\/estructura\/asociados-del-iai\/\" \/>\n<meta property=\"og:locale\" content=\"es_ES\" \/>\n<meta property=\"og:type\" content=\"article\" \/>\n<meta property=\"og:title\" content=\"Asociados del IAI - IAI - Inter-American Institute for Global Change Research\" \/>\n<meta property=\"og:description\" content=\"La Conferencia de las Partes podr\u00e1 invitar a asociarse al Instituto a Estados externos a la regi\u00f3n y a organismos intergubernamentales regionales o internacionales, as\u00ed como a las industrias y otras organizaciones no gubernamentales y privadas interesadas en apoyar la Agenda Cient\u00edfica y las actividades program\u00e1ticas del Instituto. Los asociados del Instituto son:\" \/>\n<meta property=\"og:url\" content=\"https:\/\/iai.int\/es\/estructura\/asociados-del-iai\/\" \/>\n<meta property=\"og:site_name\" content=\"IAI - Inter-American Institute for Global Change Research\" \/>\n<meta property=\"article:modified_time\" content=\"2026-01-29T14:03:50+00:00\" \/>\n<meta name=\"twitter:card\" content=\"summary_large_image\" \/>\n<meta name=\"twitter:label1\" content=\"Tiempo de lectura\" \/>\n\t<meta name=\"twitter:data1\" content=\"1 minuto\" \/>\n<script type=\"application\/ld+json\" class=\"yoast-schema-graph\">{\"@context\":\"https:\\\/\\\/schema.org\",\"@graph\":[{\"@type\":\"WebPage\",\"@id\":\"https:\\\/\\\/iai.int\\\/es\\\/estructura\\\/asociados-del-iai\\\/\",\"url\":\"https:\\\/\\\/iai.int\\\/es\\\/estructura\\\/asociados-del-iai\\\/\",\"name\":\"Asociados del IAI - IAI - Inter-American Institute for Global Change Research\",\"isPartOf\":{\"@id\":\"https:\\\/\\\/iai.int\\\/es\\\/#website\"},\"datePublished\":\"2025-08-05T13:31:58+00:00\",\"dateModified\":\"2026-01-29T14:03:50+00:00\",\"breadcrumb\":{\"@id\":\"https:\\\/\\\/iai.int\\\/es\\\/estructura\\\/asociados-del-iai\\\/#breadcrumb\"},\"inLanguage\":\"es\",\"potentialAction\":[{\"@type\":\"ReadAction\",\"target\":[\"https:\\\/\\\/iai.int\\\/es\\\/estructura\\\/asociados-del-iai\\\/\"]}]},{\"@type\":\"BreadcrumbList\",\"@id\":\"https:\\\/\\\/iai.int\\\/es\\\/estructura\\\/asociados-del-iai\\\/#breadcrumb\",\"itemListElement\":[{\"@type\":\"ListItem\",\"position\":1,\"name\":\"Portada\",\"item\":\"https:\\\/\\\/iai.int\\\/es\\\/\"},{\"@type\":\"ListItem\",\"position\":2,\"name\":\"Estructura\",\"item\":\"https:\\\/\\\/iai.int\\\/es\\\/estructura\\\/\"},{\"@type\":\"ListItem\",\"position\":3,\"name\":\"Asociados del IAI\"}]},{\"@type\":\"WebSite\",\"@id\":\"https:\\\/\\\/iai.int\\\/es\\\/#website\",\"url\":\"https:\\\/\\\/iai.int\\\/es\\\/\",\"name\":\"IAI - Inter-American Institute for Global Change Research\",\"description\":\"\",\"publisher\":{\"@id\":\"https:\\\/\\\/iai.int\\\/es\\\/#organization\"},\"potentialAction\":[{\"@type\":\"SearchAction\",\"target\":{\"@type\":\"EntryPoint\",\"urlTemplate\":\"https:\\\/\\\/iai.int\\\/es\\\/?s={search_term_string}\"},\"query-input\":{\"@type\":\"PropertyValueSpecification\",\"valueRequired\":true,\"valueName\":\"search_term_string\"}}],\"inLanguage\":\"es\"},{\"@type\":\"Organization\",\"@id\":\"https:\\\/\\\/iai.int\\\/es\\\/#organization\",\"name\":\"IAI - Inter-American Institute for Global Change Research\",\"url\":\"https:\\\/\\\/iai.int\\\/es\\\/\",\"logo\":{\"@type\":\"ImageObject\",\"inLanguage\":\"es\",\"@id\":\"https:\\\/\\\/iai.int\\\/es\\\/#\\\/schema\\\/logo\\\/image\\\/\",\"url\":\"https:\\\/\\\/iai.int\\\/wp-content\\\/uploads\\\/2025\\\/11\\\/IAI-logo-English-scaled.png\",\"contentUrl\":\"https:\\\/\\\/iai.int\\\/wp-content\\\/uploads\\\/2025\\\/11\\\/IAI-logo-English-scaled.png\",\"width\":2560,\"height\":985,\"caption\":\"IAI - Inter-American Institute for Global Change Research\"},\"image\":{\"@id\":\"https:\\\/\\\/iai.int\\\/es\\\/#\\\/schema\\\/logo\\\/image\\\/\"}}]}<\/script>\n<!-- \/ Yoast SEO plugin. -->","yoast_head_json":{"title":"Asociados del IAI - IAI - Inter-American Institute for Global Change Research","robots":{"index":"index","follow":"follow","max-snippet":"max-snippet:-1","max-image-preview":"max-image-preview:large","max-video-preview":"max-video-preview:-1"},"canonical":"https:\/\/iai.int\/es\/estructura\/asociados-del-iai\/","og_locale":"es_ES","og_type":"article","og_title":"Asociados del IAI - IAI - Inter-American Institute for Global Change Research","og_description":"La Conferencia de las Partes podr\u00e1 invitar a asociarse al Instituto a Estados externos a la regi\u00f3n y a organismos intergubernamentales regionales o internacionales, as\u00ed como a las industrias y otras organizaciones no gubernamentales y privadas interesadas en apoyar la Agenda Cient\u00edfica y las actividades program\u00e1ticas del Instituto. Los asociados del Instituto son:","og_url":"https:\/\/iai.int\/es\/estructura\/asociados-del-iai\/","og_site_name":"IAI - Inter-American Institute for Global Change Research","article_modified_time":"2026-01-29T14:03:50+00:00","twitter_card":"summary_large_image","twitter_misc":{"Tiempo de lectura":"1 minuto"},"schema":{"@context":"https:\/\/schema.org","@graph":[{"@type":"WebPage","@id":"https:\/\/iai.int\/es\/estructura\/asociados-del-iai\/","url":"https:\/\/iai.int\/es\/estructura\/asociados-del-iai\/","name":"Asociados del IAI - IAI - Inter-American Institute for Global Change Research","isPartOf":{"@id":"https:\/\/iai.int\/es\/#website"},"datePublished":"2025-08-05T13:31:58+00:00","dateModified":"2026-01-29T14:03:50+00:00","breadcrumb":{"@id":"https:\/\/iai.int\/es\/estructura\/asociados-del-iai\/#breadcrumb"},"inLanguage":"es","potentialAction":[{"@type":"ReadAction","target":["https:\/\/iai.int\/es\/estructura\/asociados-del-iai\/"]}]},{"@type":"BreadcrumbList","@id":"https:\/\/iai.int\/es\/estructura\/asociados-del-iai\/#breadcrumb","itemListElement":[{"@type":"ListItem","position":1,"name":"Portada","item":"https:\/\/iai.int\/es\/"},{"@type":"ListItem","position":2,"name":"Estructura","item":"https:\/\/iai.int\/es\/estructura\/"},{"@type":"ListItem","position":3,"name":"Asociados del IAI"}]},{"@type":"WebSite","@id":"https:\/\/iai.int\/es\/#website","url":"https:\/\/iai.int\/es\/","name":"IAI - Inter-American Institute for Global Change Research","description":"","publisher":{"@id":"https:\/\/iai.int\/es\/#organization"},"potentialAction":[{"@type":"SearchAction","target":{"@type":"EntryPoint","urlTemplate":"https:\/\/iai.int\/es\/?s={search_term_string}"},"query-input":{"@type":"PropertyValueSpecification","valueRequired":true,"valueName":"search_term_string"}}],"inLanguage":"es"},{"@type":"Organization","@id":"https:\/\/iai.int\/es\/#organization","name":"IAI - Inter-American Institute for Global Change Research","url":"https:\/\/iai.int\/es\/","logo":{"@type":"ImageObject","inLanguage":"es","@id":"https:\/\/iai.int\/es\/#\/schema\/logo\/image\/","url":"https:\/\/iai.int\/wp-content\/uploads\/2025\/11\/IAI-logo-English-scaled.png","contentUrl":"https:\/\/iai.int\/wp-content\/uploads\/2025\/11\/IAI-logo-English-scaled.png","width":2560,"height":985,"caption":"IAI - Inter-American Institute for Global Change Research"},"image":{"@id":"https:\/\/iai.int\/es\/#\/schema\/logo\/image\/"}}]}},"uagb_featured_image_src":{"full":false,"thumbnail":false,"medium":false,"medium_large":false,"large":false,"1536x1536":false,"2048x2048":false},"uagb_author_info":{"display_name":"admin","author_link":"https:\/\/iai.int\/es\/author\/admin\/"},"uagb_comment_info":0,"uagb_excerpt":"La Conferencia de las Partes podr\u00e1 invitar a asociarse al Instituto a Estados externos a la regi\u00f3n y a organismos intergubernamentales regionales o internacionales, as\u00ed como a las industrias y otras organizaciones no gubernamentales y privadas interesadas en apoyar la Agenda Cient\u00edfica y las actividades program\u00e1ticas del Instituto. Los asociados del Instituto son:","_links":{"self":[{"href":"https:\/\/iai.int\/es\/wp-json\/wp\/v2\/pages\/6587","targetHints":{"allow":["GET"]}}],"collection":[{"href":"https:\/\/iai.int\/es\/wp-json\/wp\/v2\/pages"}],"about":[{"href":"https:\/\/iai.int\/es\/wp-json\/wp\/v2\/types\/page"}],"author":[{"embeddable":true,"href":"https:\/\/iai.int\/es\/wp-json\/wp\/v2\/users\/1"}],"replies":[{"embeddable":true,"href":"https:\/\/iai.int\/es\/wp-json\/wp\/v2\/comments?post=6587"}],"version-history":[{"count":6,"href":"https:\/\/iai.int\/es\/wp-json\/wp\/v2\/pages\/6587\/revisions"}],"predecessor-version":[{"id":14202,"href":"https:\/\/iai.int\/es\/wp-json\/wp\/v2\/pages\/6587\/revisions\/14202"}],"up":[{"embeddable":true,"href":"https:\/\/iai.int\/es\/wp-json\/wp\/v2\/pages\/360"}],"wp:attachment":[{"href":"https:\/\/iai.int\/es\/wp-json\/wp\/v2\/media?parent=6587"}],"curies":[{"name":"wp","href":"https:\/\/api.w.org\/{rel}","templated":true}]}}