{"id":6531,"date":"2025-08-04T16:59:36","date_gmt":"2025-08-04T21:59:36","guid":{"rendered":"https:\/\/iai.int\/?page_id=6531"},"modified":"2026-02-09T13:34:19","modified_gmt":"2026-02-09T18:34:19","slug":"programas-pasados","status":"publish","type":"page","link":"https:\/\/iai.int\/es\/programas-pasados\/","title":{"rendered":"Proyectos pasados (Programa de Ciencia)"},"content":{"rendered":"\n<h4 class=\"wp-block-heading\">Programa de Peque\u00f1os Subsidios con Cofinanciamiento: El papel de los servicios ecosist\u00e9micos en la adaptaci\u00f3n al cambio global para el bienestar humano (SGP-HW)<\/h4>\n\n\n\n<p>Se concentra en interrogantes cient\u00edficas relevantes para los formuladores de pol\u00edticas y otros grupos interesados, con gran inter\u00e9s cient\u00edfico y abordan cuestiones relacionadas con el bienestar humano y los medios de vida. Se espera que los proyectos proporcionen apoyo a la toma de decisiones y a las acciones de adaptaci\u00f3n a trav\u00e9s de un enfoque transdisciplinario que promueva el uso, conservaci\u00f3n, restauraci\u00f3n y gesti\u00f3n de los ecosistemas de manera de preservar el capital natural, al tiempo que se proporcionan servicios importantes. <a href=\"https:\/\/iai.int\/es\/como-trabajamos\/programa-de-pequenos-subsidios-el-papel-de-los-servicios-ecosistemicos-en-la-adaptacion-al-cambio-global-para-el-bienestar-humano-sgp-hw\/\"><strong>M\u00e1s&#8230;<\/strong><\/a><\/p>\n\n\n\n<p><\/p>\n\n\n\n<p>&nbsp;<\/p>\n\n\n\n<h4 class=\"wp-block-heading\">Programa de Redes de Investigaci\u00f3n Cooperativa (CRN)<\/h4>\n\n\n\n<p><a style=\"font-weight: bold;\" href=\"https:\/\/iai.int\/es\/3o-programa-de-redes-de-investigacion-cooperativa-crn-3\/\">Tercer Programa de Redes de Investigaci\u00f3n Cooperativa (CRN 3), 2012-2018<\/a><\/p>\n\n\n\n<p><strong><a href=\"https:\/\/iai.int\/es\/2o-programa-de-redes-de-investigacion-cooperativa-crn-2\/\">Segundo Programa de Redes de Investigaci\u00f3n Cooperativa (CRN 2), 2006-2012<\/a><\/strong><\/p>\n\n\n\n<p><strong><a href=\"https:\/\/iai.int\/es\/1o-programa-de-redes-de-investigacion-cooperativa-crn-1\/\">Primer Programa de Redes de Investigaci\u00f3n Cooperativa (CRN 1), 1999-2006<\/a><\/strong><\/p>\n\n\n\n<p><\/p>\n\n\n\n<p>&nbsp;<\/p>\n\n\n\n<h4 class=\"wp-block-heading\">Programa de Peque\u00f1os Subsidios (SGP)<\/h4>\n\n\n\n<p>El Programa de&nbsp;<strong><a href=\"https:\/\/iai.int\/es\/programa-de-pequenos-subsidios-para-investigacion-cooperativa-en-las-americas-sgp-cra\/\">Peque\u00f1os Subsidios de Investigaci\u00f3n Cooperativa en las Am\u00e9ricas (SGP-CRA), 2012-2014<\/a><\/strong>&nbsp;se cre\u00f3 con el fin de afianzar las redes de investigaci\u00f3n desarrolladas en el CRN 2 y permiti\u00f3 que \u00e9stas continuaran con la investigaci\u00f3n de los aspectos m\u00e1s novedosos e innovadores de sus proyectos. Este programa finaliz\u00f3 el 31 de diciembre de 2015,&nbsp;bajo una extensi\u00f3n sin costo. Participaron 13 de los 19 pa\u00edses miembros del IAI, con 9 PIs y 67 Co-PIs en 53 instituciones. Adem\u00e1s, participaron en el programa 96 estudiantes y 59 de ellos recibieron becas de los proyectos (lo que representa una inversi\u00f3n de US$ 248.819). Las actividades y talleres de capacitaci\u00f3n financiados por los proyectos contaron con la asistencia de 111 estudiantes. El monto total de fondos adicionales conseguidos por los proyectos ascendi\u00f3 a US$ 13.440.066.<\/p>\n\n\n\n<p>El Programa de&nbsp;<strong><a href=\"https:\/\/iai.int\/es\/programa-de-pequenos-subsidios-para-las-dimensiones-humanas-sgp-hd\/\">Peque\u00f1os Subsidios para las Dimensiones Humanas (SGP-HD), 2007-2011<\/a><\/strong>&nbsp;tuvo por objeto fortalecer la investigaci\u00f3n de las dimensiones humanas del cambio global (tema IV, Dimensiones humanas e implicancias pol\u00edticas, de la Agenda Cient\u00edfica del IAI) con el fin de que establecieran fuertes conexiones con proyectos del CRN 2 a trav\u00e9s de la integraci\u00f3n de las ciencias naturales y sociales. Originalmente se aprobaron sesi proyectos en el marco de este programa. Cinco de ellos obtuvieron una extensi\u00f3n hasta 2011, sobre la base de una ampliaci\u00f3n de sus planes de trabajo.<\/p>\n\n\n\n<p>Las dos primeras rondas del Programa de Peque\u00f1os Subsidios (<a href=\"https:\/\/iai.int\/es\/1o-programa-de-pequenos-subsidios-sgp-1\/\"><strong>SGP 1, 2002-2004<\/strong>&nbsp;<\/a>y&nbsp;<a href=\"https:\/\/iai.int\/es\/2o-programa-de-pequenos-subsidios-sgp-2\/\"><strong>SGP 2, 2003-2006<\/strong><\/a>) tuvieron por objeto financiar actividades de investigaci\u00f3n y desarrollo de capacidades que facilitar\u00edan en el futuro el desarrollo de programas cient\u00edficos y redes de investigaci\u00f3n m\u00e1s amplios. Adem\u00e1s, constituyeron una oportunidad de reunir a cient\u00edficos y tomadores de decisiones en actividades dirigidas a la integraci\u00f3n del conocimiento cient\u00edfico en los procesos de toma de decisiones, acerca de problemas ambientales globales de importancia regional.<\/p>\n\n\n\n<p><\/p>\n\n\n\n<p>&nbsp;<\/p>\n\n\n\n<h4 class=\"wp-block-heading\">Programa Cient\u00edfico Inicial (ISP)<\/h4>\n\n\n\n<p>Las tres rondas del ISP tuvieron por objeto expandir las actividades cient\u00edficas en curso en las \u00e1reas de investigaci\u00f3n, capacitaci\u00f3n y educaci\u00f3n, recolecci\u00f3n de datos e informaci\u00f3n, modelado del clima y algunos talleres. 39 proyectos recibieron financiamiento en el marco del ISP, con una duraci\u00f3n de hasta tres a\u00f1os. Los proyectos ISP fueron administrados por la Direcci\u00f3n Ejecutiva del IAI.&nbsp;<strong><a href=\"https:\/\/iai.int\/es\/1o-programa-cientifico-inicial-isp-1\/\">ISP 1 (1996 \u2013 1999)<\/a><\/strong>,&nbsp;<strong><a href=\"https:\/\/iai.int\/es\/2o-programa-cientifico-inicial-isp-2\/\">ISP 2 (1997 \u2013 2000)<\/a>&nbsp;<\/strong>e&nbsp;<strong><a href=\"https:\/\/iai.int\/es\/3o-programa-cientifico-inicial-isp3\/\">ISP 3 (1998 \u2013 2004)<\/a>.<\/strong><\/p>\n\n\n\n<p>&nbsp;<\/p>\n\n\n\n<h4 class=\"wp-block-heading\">Programa para Expandir las Capacidades Cient\u00edficas en las Am\u00e9ricas<\/h4>\n\n\n\n<p>El objetivo del&nbsp;<strong><a href=\"https:\/\/iai.int\/es\/programa-para-expandir-las-capacidades-cientificas-en-las-americas-pesca\/\">Programa para Expandir las Capacidades Cient\u00edficas en las Am\u00e9ricas (PESCA) 2000-2003<\/a><\/strong>&nbsp;fue permitir que cient\u00edficos de pa\u00edses miembros con escasa participaci\u00f3n en las actividades y proyectos del IAI se integraran en los proyectos financiados bajo el ISP 3 y el CRN 1.<\/p>\n\n\n\n<p>&nbsp;<\/p>\n\n\n\n<h4 class=\"wp-block-heading\">Programa de Subsidios Iniciales<\/h4>\n\n\n\n<p>El primer programa del Instituto fue el&nbsp;<a href=\"https:\/\/iai.int\/es\/programa-de-subsidios-iniciales-sug\/\"><strong>Programa de Subsidios Iniciales (SUG) 1996 \u2013 1997<\/strong><\/a>, que proporcion\u00f3 financiamiento de un a\u00f1o exclusivamente para actividades de planificaci\u00f3n. Fue dise\u00f1ado espec\u00edficamente para permitir que los investigadores se reunieran para elaborar propuestas al Programa CRN. El SUG, que estuvo compuesto por 36 proyectos, fue administrado por la Fundaci\u00f3n Nacional de Ciencias de Estados Unidos.<\/p>\n\n\n\n<p>&nbsp;<\/p>\n\n\n\n<p><a href=\"https:\/\/iai.int\/es\/como-trabajamos\/\">&lt; C\u00d3MO TRABAJAMOS<\/a><\/p>\n\n\n\n<p><a href=\"https:\/\/iai.int\/es\/proyectos-de-investigacion\/\">&lt; PROGRAMA DE CIENCIA<\/a><\/p>\n","protected":false},"excerpt":{"rendered":"<p>Programa de Peque\u00f1os Subsidios con Cofinanciamiento: El papel de los servicios ecosist\u00e9micos en la adaptaci\u00f3n al cambio global para el bienestar humano (SGP-HW) Se concentra en interrogantes cient\u00edficas relevantes para los formuladores de pol\u00edticas y otros grupos interesados, con gran inter\u00e9s cient\u00edfico y abordan cuestiones relacionadas con el bienestar humano y los medios de vida. [&hellip;]<\/p>\n","protected":false},"author":1,"featured_media":12377,"parent":0,"menu_order":0,"comment_status":"closed","ping_status":"closed","template":"","meta":{"_acf_changed":false,"_uag_custom_page_level_css":"","footnotes":""},"class_list":["post-6531","page","type-page","status-publish","has-post-thumbnail","hentry"],"acf":[],"yoast_head":"<!-- This site is optimized with the Yoast SEO plugin v27.3 - https:\/\/yoast.com\/product\/yoast-seo-wordpress\/ -->\n<title>Proyectos pasados (Programa de Ciencia) - IAI - Inter-American Institute for Global Change Research<\/title>\n<meta name=\"robots\" content=\"index, follow, max-snippet:-1, max-image-preview:large, max-video-preview:-1\" \/>\n<link rel=\"canonical\" href=\"https:\/\/iai.int\/es\/programas-pasados\/\" \/>\n<meta property=\"og:locale\" content=\"es_ES\" \/>\n<meta property=\"og:type\" content=\"article\" \/>\n<meta property=\"og:title\" content=\"Proyectos pasados (Programa de Ciencia) - IAI - Inter-American Institute for Global Change Research\" \/>\n<meta property=\"og:description\" content=\"Programa de Peque\u00f1os Subsidios con Cofinanciamiento: El papel de los servicios ecosist\u00e9micos en la adaptaci\u00f3n al cambio global para el bienestar humano (SGP-HW) Se concentra en interrogantes cient\u00edficas relevantes para los formuladores de pol\u00edticas y otros grupos interesados, con gran inter\u00e9s cient\u00edfico y abordan cuestiones relacionadas con el bienestar humano y los medios de vida. [&hellip;]\" \/>\n<meta property=\"og:url\" content=\"https:\/\/iai.int\/es\/programas-pasados\/\" \/>\n<meta property=\"og:site_name\" content=\"IAI - Inter-American Institute for Global Change Research\" \/>\n<meta property=\"article:modified_time\" content=\"2026-02-09T18:34:19+00:00\" \/>\n<meta property=\"og:image\" content=\"https:\/\/iai.int\/wp-content\/uploads\/2025\/12\/BANNERS-WEB-MAS.png\" \/>\n\t<meta property=\"og:image:width\" content=\"1772\" \/>\n\t<meta property=\"og:image:height\" content=\"551\" \/>\n\t<meta property=\"og:image:type\" content=\"image\/png\" \/>\n<meta name=\"twitter:card\" content=\"summary_large_image\" \/>\n<meta name=\"twitter:label1\" content=\"Tiempo de lectura\" \/>\n\t<meta name=\"twitter:data1\" content=\"4 minutos\" \/>\n<script type=\"application\/ld+json\" class=\"yoast-schema-graph\">{\"@context\":\"https:\\\/\\\/schema.org\",\"@graph\":[{\"@type\":\"WebPage\",\"@id\":\"https:\\\/\\\/iai.int\\\/es\\\/programas-pasados\\\/\",\"url\":\"https:\\\/\\\/iai.int\\\/es\\\/programas-pasados\\\/\",\"name\":\"Proyectos pasados (Programa de Ciencia) - IAI - Inter-American Institute for Global Change Research\",\"isPartOf\":{\"@id\":\"https:\\\/\\\/iai.int\\\/es\\\/#website\"},\"primaryImageOfPage\":{\"@id\":\"https:\\\/\\\/iai.int\\\/es\\\/programas-pasados\\\/#primaryimage\"},\"image\":{\"@id\":\"https:\\\/\\\/iai.int\\\/es\\\/programas-pasados\\\/#primaryimage\"},\"thumbnailUrl\":\"https:\\\/\\\/iai.int\\\/wp-content\\\/uploads\\\/2025\\\/12\\\/BANNERS-WEB-MAS.png\",\"datePublished\":\"2025-08-04T21:59:36+00:00\",\"dateModified\":\"2026-02-09T18:34:19+00:00\",\"breadcrumb\":{\"@id\":\"https:\\\/\\\/iai.int\\\/es\\\/programas-pasados\\\/#breadcrumb\"},\"inLanguage\":\"es\",\"potentialAction\":[{\"@type\":\"ReadAction\",\"target\":[\"https:\\\/\\\/iai.int\\\/es\\\/programas-pasados\\\/\"]}]},{\"@type\":\"ImageObject\",\"inLanguage\":\"es\",\"@id\":\"https:\\\/\\\/iai.int\\\/es\\\/programas-pasados\\\/#primaryimage\",\"url\":\"https:\\\/\\\/iai.int\\\/wp-content\\\/uploads\\\/2025\\\/12\\\/BANNERS-WEB-MAS.png\",\"contentUrl\":\"https:\\\/\\\/iai.int\\\/wp-content\\\/uploads\\\/2025\\\/12\\\/BANNERS-WEB-MAS.png\",\"width\":1772,\"height\":551},{\"@type\":\"BreadcrumbList\",\"@id\":\"https:\\\/\\\/iai.int\\\/es\\\/programas-pasados\\\/#breadcrumb\",\"itemListElement\":[{\"@type\":\"ListItem\",\"position\":1,\"name\":\"Portada\",\"item\":\"https:\\\/\\\/iai.int\\\/es\\\/\"},{\"@type\":\"ListItem\",\"position\":2,\"name\":\"Proyectos pasados (Programa de Ciencia)\"}]},{\"@type\":\"WebSite\",\"@id\":\"https:\\\/\\\/iai.int\\\/es\\\/#website\",\"url\":\"https:\\\/\\\/iai.int\\\/es\\\/\",\"name\":\"IAI - Inter-American Institute for Global Change Research\",\"description\":\"\",\"publisher\":{\"@id\":\"https:\\\/\\\/iai.int\\\/es\\\/#organization\"},\"potentialAction\":[{\"@type\":\"SearchAction\",\"target\":{\"@type\":\"EntryPoint\",\"urlTemplate\":\"https:\\\/\\\/iai.int\\\/es\\\/?s={search_term_string}\"},\"query-input\":{\"@type\":\"PropertyValueSpecification\",\"valueRequired\":true,\"valueName\":\"search_term_string\"}}],\"inLanguage\":\"es\"},{\"@type\":\"Organization\",\"@id\":\"https:\\\/\\\/iai.int\\\/es\\\/#organization\",\"name\":\"IAI - Inter-American Institute for Global Change Research\",\"url\":\"https:\\\/\\\/iai.int\\\/es\\\/\",\"logo\":{\"@type\":\"ImageObject\",\"inLanguage\":\"es\",\"@id\":\"https:\\\/\\\/iai.int\\\/es\\\/#\\\/schema\\\/logo\\\/image\\\/\",\"url\":\"https:\\\/\\\/iai.int\\\/wp-content\\\/uploads\\\/2025\\\/11\\\/IAI-logo-English-scaled.png\",\"contentUrl\":\"https:\\\/\\\/iai.int\\\/wp-content\\\/uploads\\\/2025\\\/11\\\/IAI-logo-English-scaled.png\",\"width\":2560,\"height\":985,\"caption\":\"IAI - Inter-American Institute for Global Change Research\"},\"image\":{\"@id\":\"https:\\\/\\\/iai.int\\\/es\\\/#\\\/schema\\\/logo\\\/image\\\/\"}}]}<\/script>\n<!-- \/ Yoast SEO plugin. -->","yoast_head_json":{"title":"Proyectos pasados (Programa de Ciencia) - IAI - Inter-American Institute for Global Change Research","robots":{"index":"index","follow":"follow","max-snippet":"max-snippet:-1","max-image-preview":"max-image-preview:large","max-video-preview":"max-video-preview:-1"},"canonical":"https:\/\/iai.int\/es\/programas-pasados\/","og_locale":"es_ES","og_type":"article","og_title":"Proyectos pasados (Programa de Ciencia) - IAI - Inter-American Institute for Global Change Research","og_description":"Programa de Peque\u00f1os Subsidios con Cofinanciamiento: El papel de los servicios ecosist\u00e9micos en la adaptaci\u00f3n al cambio global para el bienestar humano (SGP-HW) Se concentra en interrogantes cient\u00edficas relevantes para los formuladores de pol\u00edticas y otros grupos interesados, con gran inter\u00e9s cient\u00edfico y abordan cuestiones relacionadas con el bienestar humano y los medios de vida. [&hellip;]","og_url":"https:\/\/iai.int\/es\/programas-pasados\/","og_site_name":"IAI - Inter-American Institute for Global Change Research","article_modified_time":"2026-02-09T18:34:19+00:00","og_image":[{"width":1772,"height":551,"url":"https:\/\/iai.int\/wp-content\/uploads\/2025\/12\/BANNERS-WEB-MAS.png","type":"image\/png"}],"twitter_card":"summary_large_image","twitter_misc":{"Tiempo de lectura":"4 minutos"},"schema":{"@context":"https:\/\/schema.org","@graph":[{"@type":"WebPage","@id":"https:\/\/iai.int\/es\/programas-pasados\/","url":"https:\/\/iai.int\/es\/programas-pasados\/","name":"Proyectos pasados (Programa de Ciencia) - IAI - Inter-American Institute for Global Change Research","isPartOf":{"@id":"https:\/\/iai.int\/es\/#website"},"primaryImageOfPage":{"@id":"https:\/\/iai.int\/es\/programas-pasados\/#primaryimage"},"image":{"@id":"https:\/\/iai.int\/es\/programas-pasados\/#primaryimage"},"thumbnailUrl":"https:\/\/iai.int\/wp-content\/uploads\/2025\/12\/BANNERS-WEB-MAS.png","datePublished":"2025-08-04T21:59:36+00:00","dateModified":"2026-02-09T18:34:19+00:00","breadcrumb":{"@id":"https:\/\/iai.int\/es\/programas-pasados\/#breadcrumb"},"inLanguage":"es","potentialAction":[{"@type":"ReadAction","target":["https:\/\/iai.int\/es\/programas-pasados\/"]}]},{"@type":"ImageObject","inLanguage":"es","@id":"https:\/\/iai.int\/es\/programas-pasados\/#primaryimage","url":"https:\/\/iai.int\/wp-content\/uploads\/2025\/12\/BANNERS-WEB-MAS.png","contentUrl":"https:\/\/iai.int\/wp-content\/uploads\/2025\/12\/BANNERS-WEB-MAS.png","width":1772,"height":551},{"@type":"BreadcrumbList","@id":"https:\/\/iai.int\/es\/programas-pasados\/#breadcrumb","itemListElement":[{"@type":"ListItem","position":1,"name":"Portada","item":"https:\/\/iai.int\/es\/"},{"@type":"ListItem","position":2,"name":"Proyectos pasados (Programa de Ciencia)"}]},{"@type":"WebSite","@id":"https:\/\/iai.int\/es\/#website","url":"https:\/\/iai.int\/es\/","name":"IAI - Inter-American Institute for Global Change Research","description":"","publisher":{"@id":"https:\/\/iai.int\/es\/#organization"},"potentialAction":[{"@type":"SearchAction","target":{"@type":"EntryPoint","urlTemplate":"https:\/\/iai.int\/es\/?s={search_term_string}"},"query-input":{"@type":"PropertyValueSpecification","valueRequired":true,"valueName":"search_term_string"}}],"inLanguage":"es"},{"@type":"Organization","@id":"https:\/\/iai.int\/es\/#organization","name":"IAI - Inter-American Institute for Global Change Research","url":"https:\/\/iai.int\/es\/","logo":{"@type":"ImageObject","inLanguage":"es","@id":"https:\/\/iai.int\/es\/#\/schema\/logo\/image\/","url":"https:\/\/iai.int\/wp-content\/uploads\/2025\/11\/IAI-logo-English-scaled.png","contentUrl":"https:\/\/iai.int\/wp-content\/uploads\/2025\/11\/IAI-logo-English-scaled.png","width":2560,"height":985,"caption":"IAI - Inter-American Institute for Global Change Research"},"image":{"@id":"https:\/\/iai.int\/es\/#\/schema\/logo\/image\/"}}]}},"uagb_featured_image_src":{"full":["https:\/\/iai.int\/wp-content\/uploads\/2025\/12\/BANNERS-WEB-MAS.png",1772,551,false],"thumbnail":["https:\/\/iai.int\/wp-content\/uploads\/2025\/12\/BANNERS-WEB-MAS-150x150.png",150,150,true],"medium":["https:\/\/iai.int\/wp-content\/uploads\/2025\/12\/BANNERS-WEB-MAS-300x93.png",300,93,true],"medium_large":["https:\/\/iai.int\/wp-content\/uploads\/2025\/12\/BANNERS-WEB-MAS-768x239.png",768,239,true],"large":["https:\/\/iai.int\/wp-content\/uploads\/2025\/12\/BANNERS-WEB-MAS-1024x318.png",800,248,true],"1536x1536":["https:\/\/iai.int\/wp-content\/uploads\/2025\/12\/BANNERS-WEB-MAS-1536x478.png",1536,478,true],"2048x2048":["https:\/\/iai.int\/wp-content\/uploads\/2025\/12\/BANNERS-WEB-MAS.png",1772,551,false]},"uagb_author_info":{"display_name":"admin","author_link":"https:\/\/iai.int\/es\/author\/admin\/"},"uagb_comment_info":0,"uagb_excerpt":"Programa de Peque\u00f1os Subsidios con Cofinanciamiento: El papel de los servicios ecosist\u00e9micos en la adaptaci\u00f3n al cambio global para el bienestar humano (SGP-HW) Se concentra en interrogantes cient\u00edficas relevantes para los formuladores de pol\u00edticas y otros grupos interesados, con gran inter\u00e9s cient\u00edfico y abordan cuestiones relacionadas con el bienestar humano y los medios de vida.&hellip;","_links":{"self":[{"href":"https:\/\/iai.int\/es\/wp-json\/wp\/v2\/pages\/6531","targetHints":{"allow":["GET"]}}],"collection":[{"href":"https:\/\/iai.int\/es\/wp-json\/wp\/v2\/pages"}],"about":[{"href":"https:\/\/iai.int\/es\/wp-json\/wp\/v2\/types\/page"}],"author":[{"embeddable":true,"href":"https:\/\/iai.int\/es\/wp-json\/wp\/v2\/users\/1"}],"replies":[{"embeddable":true,"href":"https:\/\/iai.int\/es\/wp-json\/wp\/v2\/comments?post=6531"}],"version-history":[{"count":37,"href":"https:\/\/iai.int\/es\/wp-json\/wp\/v2\/pages\/6531\/revisions"}],"predecessor-version":[{"id":14286,"href":"https:\/\/iai.int\/es\/wp-json\/wp\/v2\/pages\/6531\/revisions\/14286"}],"wp:featuredmedia":[{"embeddable":true,"href":"https:\/\/iai.int\/es\/wp-json\/wp\/v2\/media\/12377"}],"wp:attachment":[{"href":"https:\/\/iai.int\/es\/wp-json\/wp\/v2\/media?parent=6531"}],"curies":[{"name":"wp","href":"https:\/\/api.w.org\/{rel}","templated":true}]}}