{"id":650,"date":"2024-09-14T14:39:41","date_gmt":"2024-09-14T17:39:41","guid":{"rendered":"https:\/\/iai.int\/?page_id=650"},"modified":"2024-09-14T18:46:40","modified_gmt":"2024-09-14T21:46:40","slug":"project-briefs-and-notes","status":"publish","type":"page","link":"https:\/\/iai.int\/es\/project-briefs-and-notes\/","title":{"rendered":"Project briefs and notes"},"content":{"rendered":"\n<figure class=\"wp-block-image\"><img decoding=\"async\" src=\"https:\/\/iai.int\/images\/ScienceSnapshots.jpg\" alt=\"foto\"\/><\/figure>\n\n\n\n<h2 class=\"wp-block-heading\">Small Grants Program: The role of ecosystem services in adaptation to global change for human wellbeing (SGP-HW)<\/h2>\n\n\n\n<hr class=\"wp-block-separator has-alpha-channel-opacity\"\/>\n\n\n\n<h3 class=\"wp-block-heading\">Strengthening Adaptation for Amazon Wildfires (SGP-HW016)<\/h3>\n\n\n\n<p>PDF in&nbsp;<a href=\"https:\/\/iai.int\/pdf\/en\/SGP-HW%20016_merged.pdf\">English<\/a>&nbsp;and&nbsp;<a href=\"https:\/\/iai.int\/pdf\/es\/ProjectBrief_016_es_merged.pdf\">Spanish<\/a><\/p>\n\n\n\n<h3 class=\"wp-block-heading\">Adapting for Sustainability in Small-Scale Fisheries and Ecosystem in Latin America(SGP-HW 017)<\/h3>\n\n\n\n<p>PDF in&nbsp;<a href=\"https:\/\/iai.int\/pdf\/en\/SGP-HW%20017_merged.pdf\">English<\/a>&nbsp;and&nbsp;<a href=\"https:\/\/iai.int\/pdf\/es\/ProjectBrief_017_es_merged.pdf\">Spanish<\/a><\/p>\n\n\n\n<h3 class=\"wp-block-heading\">Learning from Water Crises: Adaptive and Anticipatory Water Governance Needed in South America (SGP-HW 056)<\/h3>\n\n\n\n<p>PDF in&nbsp;<a href=\"https:\/\/iai.int\/pdf\/en\/SGP-HW%20056_merged.pdf\">English<\/a>&nbsp;and&nbsp;<a href=\"https:\/\/iai.int\/pdf\/es\/ProjectBrief_056_es_merged.pdf\">Spanish<\/a><\/p>\n\n\n\n<h3 class=\"wp-block-heading\">New Insights into Governance Modalities in Response to Biodiversity Loss (SGP- HW 072)<\/h3>\n\n\n\n<p>PDF in&nbsp;<a href=\"https:\/\/iai.int\/pdf\/en\/SGP-HW%20072_merged.pdf\">English<\/a>&nbsp;and&nbsp;<a href=\"https:\/\/iai.int\/pdf\/es\/ProjectBrief_072_es_merged.pdf\">Spanish<\/a><\/p>\n\n\n\n<h3 class=\"wp-block-heading\">A Pathway to Understand Socio-Ecological Resilience and Adaptive Capacity (SGP-HW 090)<\/h3>\n\n\n\n<p>PDF in&nbsp;<a href=\"https:\/\/iai.int\/pdf\/en\/SGP-HW%20090_merged.pdf\">English<\/a>&nbsp;and&nbsp;<a href=\"https:\/\/iai.int\/pdf\/es\/ProjectBrief_090_es_merged.pdf\">Spanish<\/a><\/p>\n\n\n\n<h3 class=\"wp-block-heading\">Floodplain of the Parana River Basin: Livelihood and Biodiversity Restoration (SGP-HW 091)<\/h3>\n\n\n\n<p>PDF in&nbsp;<a href=\"https:\/\/iai.int\/pdf\/en\/SGP-HW%20091_merged.pdf\">English<\/a>&nbsp;and&nbsp;<a href=\"https:\/\/iai.int\/pdf\/es\/ProjectBrief_091_es_merged.pdf\">Spanish<\/a><\/p>\n\n\n\n<h2 class=\"wp-block-heading\">CRN3<\/h2>\n\n\n\n<hr class=\"wp-block-separator has-alpha-channel-opacity\"\/>\n\n\n\n<h3 class=\"wp-block-heading\">Nitrogen management policies urgently needed (CRN 3005)<\/h3>\n\n\n\n<p>PDF in&nbsp;<a href=\"https:\/\/iai.int\/pdf\/en\/Policybrief_NitrogenBalance_CRN3005.pdf\">English<\/a>&nbsp;and&nbsp;<a href=\"https:\/\/iai.int\/pdf\/es\/Policybrief_Balance-en-el-nitro%CC%81geno-del-suelo_CRN3005.pdf\">Spanish<\/a><\/p>\n\n\n\n<h3 class=\"wp-block-heading\">The importance of studying tropical dry forests (CRN 3025)<\/h3>\n\n\n\n<p>PDF in&nbsp;<a href=\"https:\/\/iai.int\/pdf\/en\/policy-brief-2018-crn-3025-e.pdf\">English<\/a>&nbsp;and&nbsp;<a href=\"https:\/\/iai.int\/pdf\/es\/policy-brief-2018-crn-3025-s.pdf\">Spanish<\/a><\/p>\n\n\n\n<h3 class=\"wp-block-heading\">From climate knowledge to action (CRN 3035)<\/h3>\n\n\n\n<p>PDF in&nbsp;<a href=\"https:\/\/iai.int\/pdf\/en\/CRN3035_PB_EN-.pdf\">English<\/a>&nbsp;and&nbsp;<a href=\"https:\/\/iai.int\/pdf\/es\/CRN3035_PB_SP.pdf\">Spanish<\/a><\/p>\n\n\n\n<h3 class=\"wp-block-heading\">Environmental conditions affect human health in the Amazon forest (CRN 3036)<\/h3>\n\n\n\n<p>PDF in&nbsp;<a href=\"https:\/\/iai.int\/pdf\/en\/CRN3036_PB_EN.pdf\">English<\/a>&nbsp;and&nbsp;<a href=\"https:\/\/iai.int\/pdf\/es\/CRN3036_PB_SP.pdf\">Spanish<\/a><\/p>\n\n\n\n<h3 class=\"wp-block-heading\">The state of American lakes and lagoons (CRN 3038)<\/h3>\n\n\n\n<p>PDF in&nbsp;<a href=\"https:\/\/iai.int\/pdf\/en\/CRN3038_EN.pdf\">English<\/a>&nbsp;and&nbsp;<a href=\"https:\/\/iai.int\/pdf\/es\/CRN3038_SP.pdf\">Spanish<\/a><\/p>\n\n\n\n<h3 class=\"wp-block-heading\">Arid America: a challenge to guarantee water for society and environment (CRN 3056)<\/h3>\n\n\n\n<p>PDF in&nbsp;<a href=\"https:\/\/iai.int\/pdf\/en\/CRN3056_EN.pdf\">English<\/a>&nbsp;and&nbsp;<a href=\"https:\/\/iai.int\/pdf\/es\/CRN3056_SP.pdf\">Spanish<\/a><\/p>\n\n\n\n<h3 class=\"wp-block-heading\">The secrets of the ocean (CRN 3070)<\/h3>\n\n\n\n<p>PDF in&nbsp;<a href=\"https:\/\/iai.int\/pdf\/en\/CRN3070_EN.pdf\">English<\/a>&nbsp;and&nbsp;<a href=\"https:\/\/iai.int\/pdf\/es\/CRN3070_SP.pdf\">Spanish<\/a><\/p>\n\n\n\n<h3 class=\"wp-block-heading\">Impact of huge highways in the jungle (CRN 3076)<\/h3>\n\n\n\n<p>PDF in&nbsp;<a href=\"https:\/\/iai.int\/pdf\/en\/CRN-3076.pdf\">English<\/a>&nbsp;and&nbsp;<a href=\"https:\/\/iai.int\/pdf\/es\/CRN-3076-sp.pdf\">Spanish<\/a><\/p>\n\n\n\n<h3 class=\"wp-block-heading\">The silent benefits of the oceans: the value of phytoplankton (CRN 3094)<\/h3>\n\n\n\n<p>PDF in&nbsp;<a href=\"https:\/\/iai.int\/pdf\/en\/CRN-3094.pdf\">English<\/a>&nbsp;and&nbsp;<a href=\"https:\/\/iai.int\/pdf\/es\/CRN-3094-sp.pdf\">Spanish<\/a><\/p>\n\n\n\n<h3 class=\"wp-block-heading\">Production and\/or conservation? (CRN 3095)<\/h3>\n\n\n\n<p>PDF in&nbsp;<a href=\"https:\/\/iai.int\/pdf\/en\/CRN-3095.pdf\">English<\/a>&nbsp;and&nbsp;<a href=\"https:\/\/iai.int\/pdf\/es\/CRN-3095-sp.pdf\">Spanish<\/a><\/p>\n\n\n\n<h3 class=\"wp-block-heading\">Lack of preparedness prevents effective public-sector drought response (CRN 3107)<\/h3>\n\n\n\n<p>PDF in&nbsp;<a href=\"https:\/\/iai.int\/pdf\/en\/CRN-3107.pdf\">English<\/a>&nbsp;and&nbsp;<a href=\"https:\/\/iai.int\/pdf\/es\/CRN-3107-sp.pdf\">Spanish<\/a><\/p>\n\n\n\n<h3 class=\"wp-block-heading\">Knowing the citizen to understand urban vulnerability (CRN 3108)<\/h3>\n\n\n\n<p>PDF in&nbsp;<a href=\"https:\/\/iai.int\/pdf\/en\/CRN-3108.pdf\">English<\/a>&nbsp;and&nbsp;<a href=\"https:\/\/iai.int\/pdf\/es\/CRN-3108-sp.pdf\">Spanish<\/a><\/p>\n\n\n\n<hr class=\"wp-block-separator has-alpha-channel-opacity\"\/>\n\n\n\n<h2 class=\"wp-block-heading\">CRN2<\/h2>\n\n\n\n<hr class=\"wp-block-separator has-alpha-channel-opacity\"\/>\n\n\n\n<h3 class=\"wp-block-heading\"><a href=\"https:\/\/iai.int\/en\/post\/detail\/population-impact-from-tropical-cyclones-in-the-eastern-pacific-basin\">Population impact from tropical cyclones in the Eastern Pacific basin<\/a><\/h3>\n\n\n\n<p>Today, as one of the most powerful hurricanes ever recorded in the Atlantic Ocean approaches Puerto Rico&#8230;<\/p>\n\n\n\n<p><a href=\"https:\/\/iai.int\/en\/post\/detail\/population-impact-from-tropical-cyclones-in-the-eastern-pacific-basin\">Read More&nbsp;<\/a><\/p>\n\n\n\n<h3 class=\"wp-block-heading\"><a href=\"https:\/\/iai.int\/en\/post\/detail\/26461\">Harvey and what science can anticipate to reduce vulnerability to extreme events<\/a><\/h3>\n\n\n\n<p>Tropical Storm Harvey strengthened into a hurricane over the Gulf of Mexico last week&#8230;<\/p>\n\n\n\n<p><a href=\"https:\/\/iai.int\/en\/post\/detail\/26461\">Read More&nbsp;<\/a><\/p>\n\n\n\n<h3 class=\"wp-block-heading\"><a href=\"https:\/\/iai.int\/en\/post\/detail\/the-evolution-of-interdisciplinarity-over-20-years-of-global-change-research-by-the-iai\">The evolution of interdisciplinarity over 20 years of global change research by the IAI<\/a><\/h3>\n\n\n\n<p>Global change is pervasive, cutting across human and natural systems&#8230;<\/p>\n\n\n\n<p><a href=\"https:\/\/iai.int\/en\/post\/detail\/the-evolution-of-interdisciplinarity-over-20-years-of-global-change-research-by-the-iai\">Read More&nbsp;<\/a><\/p>\n\n\n\n<h3 class=\"wp-block-heading\"><a href=\"https:\/\/iai.int\/en\/post\/detail\/snapshot-8-gains-and-losses\">Gains and losses<\/a><\/h3>\n\n\n\n<p>Tropical dry forests are vulnerable under global change.<\/p>\n\n\n\n<p><a href=\"https:\/\/iai.int\/en\/post\/detail\/snapshot-8-gains-and-losses\">Read More&nbsp;<\/a><\/p>\n\n\n\n<h3 class=\"wp-block-heading\"><a href=\"https:\/\/iai.int\/en\/post\/detail\/5176\">Tree rings point to drought as trigger of social conflict<\/a><\/h3>\n\n\n\n<p>Tree-ring widths of Polylepis tarapacana vary consistently with yearly rainfall on the Bolivian Altiplano.<\/p>\n\n\n\n<p><a href=\"https:\/\/iai.int\/en\/post\/detail\/5176\">Read More&nbsp;<\/a><\/p>\n\n\n\n<h3 class=\"wp-block-heading\"><a href=\"https:\/\/iai.int\/en\/post\/detail\/snapshot-10-pacific-sea-surface-temperatures-affect-andean-snowpack-and-water-supply-to-the-semi-arid-central-chile-and-argentina\">Pacific sea surface temperatures affect Andean snowpack and water supply to the semi-arid central Chile and Argentina<\/a><\/h3>\n\n\n\n<p>Pacific sea surface temperatures affect Andean snowpack and water supply to the semi-arid central Chile and Argentina<\/p>\n\n\n\n<p><a href=\"https:\/\/iai.int\/en\/post\/detail\/snapshot-10-pacific-sea-surface-temperatures-affect-andean-snowpack-and-water-supply-to-the-semi-arid-central-chile-and-argentina\">Read More&nbsp;<\/a><\/p>\n\n\n\n<h3 class=\"wp-block-heading\"><a href=\"https:\/\/iai.int\/en\/post\/detail\/5081\">Heat, Dust, and People<\/a><\/h3>\n\n\n\n<p>Geographic information systems reveal how health risks from&#8230;.<\/p>\n\n\n\n<p><a href=\"https:\/\/iai.int\/en\/post\/detail\/5081\">Read More&nbsp;<\/a><\/p>\n\n\n\n<h3 class=\"wp-block-heading\"><a href=\"https:\/\/iai.int\/en\/post\/detail\/snapshot-1-chasing-the-winds\">Chasing the winds<\/a><\/h3>\n\n\n\n<p>Potentially deadly errors in hurricane track prediction<\/p>\n\n\n\n<p><a href=\"https:\/\/iai.int\/en\/post\/detail\/snapshot-1-chasing-the-winds\">Read More&nbsp;<\/a><\/p>\n\n\n\n<h3 class=\"wp-block-heading\"><a href=\"https:\/\/iai.int\/en\/post\/detail\/snapshot-3-how-many-people-live-in-vulnerable-coastal-areas-of-the-u-s-a\">How many people live in vulnerable coastal areas of the U.S.A.?<\/a><\/h3>\n\n\n\n<p>Heads above water<\/p>\n\n\n\n<p><a href=\"https:\/\/iai.int\/en\/post\/detail\/snapshot-3-how-many-people-live-in-vulnerable-coastal-areas-of-the-u-s-a\">Read More&nbsp;<\/a><\/p>\n\n\n\n<h3 class=\"wp-block-heading\"><a href=\"https:\/\/iai.int\/en\/post\/detail\/snapshot-2-warmer-future-stronger-hurricanes\">Warmer future, stronger hurricanes?<\/a><\/h3>\n\n\n\n<p>Caribbean hurricane history shows that medieval cyclone peaks rivaled current ones<\/p>\n\n\n\n<p><a href=\"https:\/\/iai.int\/en\/post\/detail\/snapshot-2-warmer-future-stronger-hurricanes\">Read More&nbsp;<\/a><\/p>\n\n\n\n<h3 class=\"wp-block-heading\"><a href=\"https:\/\/iai.int\/en\/post\/detail\/snapshot-7-food-and-floods\">Food and floods<\/a><\/h3>\n\n\n\n<p>Shallow groundwater and agricultural land management in the Pampas<\/p>\n\n\n\n<p><a href=\"https:\/\/iai.int\/en\/post\/detail\/snapshot-7-food-and-floods\">Read More&nbsp;<\/a><\/p>\n\n\n\n<h3 class=\"wp-block-heading\"><a href=\"https:\/\/iai.int\/en\/post\/detail\/snapshot-5-food-from-the-deep\">Food from the deep<\/a><\/h3>\n\n\n\n<p>The Patagonia upwelling: ocean currents determine biological productivity<\/p>\n\n\n\n<p><a href=\"https:\/\/iai.int\/en\/post\/detail\/snapshot-5-food-from-the-deep\">Read More&nbsp;<\/a><\/p>\n\n\n\n<h3 class=\"wp-block-heading\"><a href=\"https:\/\/iai.int\/en\/post\/detail\/hurricanes-and-coastal-zone-vulnerability-in-central-america-and-the-caribbean-2\">Hurricanes and coastal zone vulnerability in Central America and the Caribbean<\/a><\/h3>\n\n\n\n<p>The month of November has been hit with news about Hurricane Tomas, which poured torrential rains over<\/p>\n\n\n\n<p><a href=\"https:\/\/iai.int\/en\/post\/detail\/hurricanes-and-coastal-zone-vulnerability-in-central-america-and-the-caribbean-2\">Read More&nbsp;<\/a><\/p>\n\n\n\n<h3 class=\"wp-block-heading\"><a href=\"https:\/\/iai.int\/en\/post\/detail\/derritiendo-el-hielo-retroceso-de-los-glaciares-de-la-cordillera-americana\">Melting the Ice \u2013 Receding glaciers in the American Cordillera<\/a><\/h3>\n\n\n\n<p>Investigators from IAI projects share key messages on their research on glaciers in the American Cordillera&#8230;<\/p>\n\n\n\n<p><a href=\"https:\/\/iai.int\/en\/post\/detail\/derritiendo-el-hielo-retroceso-de-los-glaciares-de-la-cordillera-americana\">Read More&nbsp;<\/a><\/p>\n\n\n\n<h3 class=\"wp-block-heading\"><a href=\"https:\/\/iai.int\/en\/post\/detail\/balancing-co2-in-south-america-iai-research-backs-regional-approaches-to-climate-change\">Balancing CO2 in South America \u2013 IAI research backs regional approaches to climate change<\/a><\/h3>\n\n\n\n<p>IAI research backs regional approaches to climate change After Copenhagen&#8230;<\/p>\n\n\n\n<p><a href=\"https:\/\/iai.int\/en\/post\/detail\/balancing-co2-in-south-america-iai-research-backs-regional-approaches-to-climate-change\">Read More&nbsp;<\/a><\/p>\n\n\n\n<h3 class=\"wp-block-heading\"><a href=\"https:\/\/iai.int\/en\/post\/detail\/sustainability-strategies-and-sustainability-research-in-latin-america-2\">Sustainability strategies and sustainability research in Latin America<\/a><\/h3>\n\n\n\n<p>THE HERE-AND-NOW OF CLIMATE CHANGE ADAPTING TO CHANGING SEASONALITY<\/p>\n\n\n\n<p><a href=\"https:\/\/iai.int\/en\/post\/detail\/sustainability-strategies-and-sustainability-research-in-latin-america-2\">Read More&nbsp;<\/a><\/p>\n\n\n\n<h3 class=\"wp-block-heading\"><a href=\"https:\/\/iai.int\/en\/post\/detail\/strengthening-adaptation-capacities-of-coffee-growers-in-mesoamerica-under-global-change\">Strengthening adaptation capacities of coffee growers in Mesoamerica under global change<\/a><\/h3>\n\n\n\n<p>Hay aproximadamente 300,000 productores de caf\u00e9 en Centroam\u00e9rica y otros 280,000 en M\u00e9xico, los cuales en su gran mayor\u00eda son&#8230;<\/p>\n\n\n\n<p><a href=\"https:\/\/iai.int\/en\/post\/detail\/strengthening-adaptation-capacities-of-coffee-growers-in-mesoamerica-under-global-change\">Read More&nbsp;<\/a><\/p>\n\n\n\n<h3 class=\"wp-block-heading\"><a href=\"https:\/\/iai.int\/en\/post\/detail\/how-to-improve-the-dialogue-between-science-and-society-the-case-of-global-environmental-change\">How to improve the dialogue between science and society. The case of global environmental change<\/a><\/h3>\n\n\n\n<p>The challenge of global environmental change<\/p>\n\n\n\n<p><a href=\"https:\/\/iai.int\/en\/post\/detail\/how-to-improve-the-dialogue-between-science-and-society-the-case-of-global-environmental-change\">Read More&nbsp;<\/a><\/p>\n\n\n\n<h3 class=\"wp-block-heading\"><a href=\"https:\/\/iai.int\/en\/post\/detail\/biofuels-soil-carbon-balance-and-sustainability\">Biofuels, soil carbon balance and sustainability<\/a><\/h3>\n\n\n\n<p>The following is a brief summary of some critical issues in agricultural biofuel production&#8230;<\/p>\n\n\n\n<p><a href=\"https:\/\/iai.int\/en\/post\/detail\/biofuels-soil-carbon-balance-and-sustainability\">Read More&nbsp;<\/a><\/p>\n\n\n\n<h3 class=\"wp-block-heading\"><a href=\"https:\/\/iai.int\/en\/post\/detail\/5151\">Groundwater use in agriculture risks aquifer over-exploitation<\/a><\/h3>\n\n\n\n<p>Managing water at the local level in Mexico to buffer against global change<\/p>\n\n\n\n<p><a href=\"https:\/\/iai.int\/en\/post\/detail\/5151\">Read More&nbsp;<\/a><\/p>\n\n\n\n<h3 class=\"wp-block-heading\"><a href=\"https:\/\/iai.int\/en\/post\/detail\/dissemination-brochure-value-and-use-of-the-ecosystems-of-western-cordoba-argentina\">Dissemination brochure: Value and use of the ecosystems of Western C\u00f3rdoba \u2013 Argentina<\/a><\/h3>\n\n\n\n<p>The objective of this dissemination booklet is to communicate, in a non-scientific language&#8230;<\/p>\n\n\n\n<p><a href=\"https:\/\/iai.int\/en\/post\/detail\/dissemination-brochure-value-and-use-of-the-ecosystems-of-western-cordoba-argentina\">Read More&nbsp;<\/a><\/p>\n\n\n\n<h2 class=\"wp-block-heading\">Seed Grant Program associated with Training Institutes and Professional Seminars<\/h2>\n\n\n\n<h3 class=\"wp-block-heading\">Institutional capacities of response to extreme rainfall events in small coastal tourism and artisanal fishing economies in Latin America<\/h3>\n\n\n\n<p>PDF in&nbsp;<a href=\"https:\/\/iai.int\/pdf\/en\/PB_01.pdf\">English<\/a><\/p>\n","protected":false},"excerpt":{"rendered":"<p>Small Grants Program: The role of ecosystem services in adaptation to global change for human wellbeing (SGP-HW) Strengthening Adaptation for Amazon Wildfires (SGP-HW016) PDF in&nbsp;English&nbsp;and&nbsp;Spanish Adapting for Sustainability in Small-Scale Fisheries and Ecosystem in Latin America(SGP-HW 017) PDF in&nbsp;English&nbsp;and&nbsp;Spanish Learning from Water Crises: Adaptive and Anticipatory Water Governance Needed in South America (SGP-HW 056) PDF [&hellip;]<\/p>\n","protected":false},"author":1,"featured_media":0,"parent":0,"menu_order":0,"comment_status":"closed","ping_status":"closed","template":"elementor_theme","meta":{"_acf_changed":false,"_uag_custom_page_level_css":"","footnotes":""},"class_list":["post-650","page","type-page","status-publish","hentry"],"acf":[],"yoast_head":"<!-- This site is optimized with the Yoast SEO plugin v27.3 - https:\/\/yoast.com\/product\/yoast-seo-wordpress\/ -->\n<title>Project briefs and notes - IAI - Inter-American Institute for Global Change Research<\/title>\n<meta name=\"robots\" content=\"index, follow, max-snippet:-1, max-image-preview:large, max-video-preview:-1\" \/>\n<link rel=\"canonical\" href=\"https:\/\/iai.int\/es\/project-briefs-and-notes\/\" \/>\n<meta property=\"og:locale\" content=\"es_ES\" \/>\n<meta property=\"og:type\" content=\"article\" \/>\n<meta property=\"og:title\" content=\"Project briefs and notes - IAI - Inter-American Institute for Global Change Research\" \/>\n<meta property=\"og:description\" content=\"Small Grants Program: The role of ecosystem services in adaptation to global change for human wellbeing (SGP-HW) Strengthening Adaptation for Amazon Wildfires (SGP-HW016) PDF in&nbsp;English&nbsp;and&nbsp;Spanish Adapting for Sustainability in Small-Scale Fisheries and Ecosystem in Latin America(SGP-HW 017) PDF in&nbsp;English&nbsp;and&nbsp;Spanish Learning from Water Crises: Adaptive and Anticipatory Water Governance Needed in South America (SGP-HW 056) PDF [&hellip;]\" \/>\n<meta property=\"og:url\" content=\"https:\/\/iai.int\/es\/project-briefs-and-notes\/\" \/>\n<meta property=\"og:site_name\" content=\"IAI - Inter-American Institute for Global Change Research\" \/>\n<meta property=\"article:modified_time\" content=\"2024-09-14T21:46:40+00:00\" \/>\n<meta property=\"og:image\" content=\"https:\/\/iai.int\/images\/ScienceSnapshots.jpg\" \/>\n<meta name=\"twitter:card\" content=\"summary_large_image\" \/>\n<meta name=\"twitter:label1\" content=\"Tiempo de lectura\" \/>\n\t<meta name=\"twitter:data1\" content=\"4 minutos\" \/>\n<script type=\"application\/ld+json\" class=\"yoast-schema-graph\">{\"@context\":\"https:\\\/\\\/schema.org\",\"@graph\":[{\"@type\":\"WebPage\",\"@id\":\"https:\\\/\\\/iai.int\\\/es\\\/project-briefs-and-notes\\\/\",\"url\":\"https:\\\/\\\/iai.int\\\/es\\\/project-briefs-and-notes\\\/\",\"name\":\"Project briefs and notes - IAI - Inter-American Institute for Global Change Research\",\"isPartOf\":{\"@id\":\"https:\\\/\\\/iai.int\\\/es\\\/#website\"},\"primaryImageOfPage\":{\"@id\":\"https:\\\/\\\/iai.int\\\/es\\\/project-briefs-and-notes\\\/#primaryimage\"},\"image\":{\"@id\":\"https:\\\/\\\/iai.int\\\/es\\\/project-briefs-and-notes\\\/#primaryimage\"},\"thumbnailUrl\":\"https:\\\/\\\/iai.int\\\/images\\\/ScienceSnapshots.jpg\",\"datePublished\":\"2024-09-14T17:39:41+00:00\",\"dateModified\":\"2024-09-14T21:46:40+00:00\",\"breadcrumb\":{\"@id\":\"https:\\\/\\\/iai.int\\\/es\\\/project-briefs-and-notes\\\/#breadcrumb\"},\"inLanguage\":\"es\",\"potentialAction\":[{\"@type\":\"ReadAction\",\"target\":[\"https:\\\/\\\/iai.int\\\/es\\\/project-briefs-and-notes\\\/\"]}]},{\"@type\":\"ImageObject\",\"inLanguage\":\"es\",\"@id\":\"https:\\\/\\\/iai.int\\\/es\\\/project-briefs-and-notes\\\/#primaryimage\",\"url\":\"https:\\\/\\\/iai.int\\\/images\\\/ScienceSnapshots.jpg\",\"contentUrl\":\"https:\\\/\\\/iai.int\\\/images\\\/ScienceSnapshots.jpg\"},{\"@type\":\"BreadcrumbList\",\"@id\":\"https:\\\/\\\/iai.int\\\/es\\\/project-briefs-and-notes\\\/#breadcrumb\",\"itemListElement\":[{\"@type\":\"ListItem\",\"position\":1,\"name\":\"Portada\",\"item\":\"https:\\\/\\\/iai.int\\\/es\\\/\"},{\"@type\":\"ListItem\",\"position\":2,\"name\":\"Project briefs and notes\"}]},{\"@type\":\"WebSite\",\"@id\":\"https:\\\/\\\/iai.int\\\/es\\\/#website\",\"url\":\"https:\\\/\\\/iai.int\\\/es\\\/\",\"name\":\"IAI - Inter-American Institute for Global Change Research\",\"description\":\"\",\"publisher\":{\"@id\":\"https:\\\/\\\/iai.int\\\/es\\\/#organization\"},\"potentialAction\":[{\"@type\":\"SearchAction\",\"target\":{\"@type\":\"EntryPoint\",\"urlTemplate\":\"https:\\\/\\\/iai.int\\\/es\\\/?s={search_term_string}\"},\"query-input\":{\"@type\":\"PropertyValueSpecification\",\"valueRequired\":true,\"valueName\":\"search_term_string\"}}],\"inLanguage\":\"es\"},{\"@type\":\"Organization\",\"@id\":\"https:\\\/\\\/iai.int\\\/es\\\/#organization\",\"name\":\"IAI - Inter-American Institute for Global Change Research\",\"url\":\"https:\\\/\\\/iai.int\\\/es\\\/\",\"logo\":{\"@type\":\"ImageObject\",\"inLanguage\":\"es\",\"@id\":\"https:\\\/\\\/iai.int\\\/es\\\/#\\\/schema\\\/logo\\\/image\\\/\",\"url\":\"https:\\\/\\\/iai.int\\\/wp-content\\\/uploads\\\/2025\\\/11\\\/IAI-logo-English-scaled.png\",\"contentUrl\":\"https:\\\/\\\/iai.int\\\/wp-content\\\/uploads\\\/2025\\\/11\\\/IAI-logo-English-scaled.png\",\"width\":2560,\"height\":985,\"caption\":\"IAI - Inter-American Institute for Global Change Research\"},\"image\":{\"@id\":\"https:\\\/\\\/iai.int\\\/es\\\/#\\\/schema\\\/logo\\\/image\\\/\"}}]}<\/script>\n<!-- \/ Yoast SEO plugin. -->","yoast_head_json":{"title":"Project briefs and notes - IAI - Inter-American Institute for Global Change Research","robots":{"index":"index","follow":"follow","max-snippet":"max-snippet:-1","max-image-preview":"max-image-preview:large","max-video-preview":"max-video-preview:-1"},"canonical":"https:\/\/iai.int\/es\/project-briefs-and-notes\/","og_locale":"es_ES","og_type":"article","og_title":"Project briefs and notes - IAI - Inter-American Institute for Global Change Research","og_description":"Small Grants Program: The role of ecosystem services in adaptation to global change for human wellbeing (SGP-HW) Strengthening Adaptation for Amazon Wildfires (SGP-HW016) PDF in&nbsp;English&nbsp;and&nbsp;Spanish Adapting for Sustainability in Small-Scale Fisheries and Ecosystem in Latin America(SGP-HW 017) PDF in&nbsp;English&nbsp;and&nbsp;Spanish Learning from Water Crises: Adaptive and Anticipatory Water Governance Needed in South America (SGP-HW 056) PDF [&hellip;]","og_url":"https:\/\/iai.int\/es\/project-briefs-and-notes\/","og_site_name":"IAI - Inter-American Institute for Global Change Research","article_modified_time":"2024-09-14T21:46:40+00:00","og_image":[{"url":"https:\/\/iai.int\/images\/ScienceSnapshots.jpg","type":"","width":"","height":""}],"twitter_card":"summary_large_image","twitter_misc":{"Tiempo de lectura":"4 minutos"},"schema":{"@context":"https:\/\/schema.org","@graph":[{"@type":"WebPage","@id":"https:\/\/iai.int\/es\/project-briefs-and-notes\/","url":"https:\/\/iai.int\/es\/project-briefs-and-notes\/","name":"Project briefs and notes - IAI - Inter-American Institute for Global Change Research","isPartOf":{"@id":"https:\/\/iai.int\/es\/#website"},"primaryImageOfPage":{"@id":"https:\/\/iai.int\/es\/project-briefs-and-notes\/#primaryimage"},"image":{"@id":"https:\/\/iai.int\/es\/project-briefs-and-notes\/#primaryimage"},"thumbnailUrl":"https:\/\/iai.int\/images\/ScienceSnapshots.jpg","datePublished":"2024-09-14T17:39:41+00:00","dateModified":"2024-09-14T21:46:40+00:00","breadcrumb":{"@id":"https:\/\/iai.int\/es\/project-briefs-and-notes\/#breadcrumb"},"inLanguage":"es","potentialAction":[{"@type":"ReadAction","target":["https:\/\/iai.int\/es\/project-briefs-and-notes\/"]}]},{"@type":"ImageObject","inLanguage":"es","@id":"https:\/\/iai.int\/es\/project-briefs-and-notes\/#primaryimage","url":"https:\/\/iai.int\/images\/ScienceSnapshots.jpg","contentUrl":"https:\/\/iai.int\/images\/ScienceSnapshots.jpg"},{"@type":"BreadcrumbList","@id":"https:\/\/iai.int\/es\/project-briefs-and-notes\/#breadcrumb","itemListElement":[{"@type":"ListItem","position":1,"name":"Portada","item":"https:\/\/iai.int\/es\/"},{"@type":"ListItem","position":2,"name":"Project briefs and notes"}]},{"@type":"WebSite","@id":"https:\/\/iai.int\/es\/#website","url":"https:\/\/iai.int\/es\/","name":"IAI - Inter-American Institute for Global Change Research","description":"","publisher":{"@id":"https:\/\/iai.int\/es\/#organization"},"potentialAction":[{"@type":"SearchAction","target":{"@type":"EntryPoint","urlTemplate":"https:\/\/iai.int\/es\/?s={search_term_string}"},"query-input":{"@type":"PropertyValueSpecification","valueRequired":true,"valueName":"search_term_string"}}],"inLanguage":"es"},{"@type":"Organization","@id":"https:\/\/iai.int\/es\/#organization","name":"IAI - Inter-American Institute for Global Change Research","url":"https:\/\/iai.int\/es\/","logo":{"@type":"ImageObject","inLanguage":"es","@id":"https:\/\/iai.int\/es\/#\/schema\/logo\/image\/","url":"https:\/\/iai.int\/wp-content\/uploads\/2025\/11\/IAI-logo-English-scaled.png","contentUrl":"https:\/\/iai.int\/wp-content\/uploads\/2025\/11\/IAI-logo-English-scaled.png","width":2560,"height":985,"caption":"IAI - Inter-American Institute for Global Change Research"},"image":{"@id":"https:\/\/iai.int\/es\/#\/schema\/logo\/image\/"}}]}},"uagb_featured_image_src":{"full":false,"thumbnail":false,"medium":false,"medium_large":false,"large":false,"1536x1536":false,"2048x2048":false},"uagb_author_info":{"display_name":"admin","author_link":"https:\/\/iai.int\/es\/author\/admin\/"},"uagb_comment_info":0,"uagb_excerpt":"Small Grants Program: The role of ecosystem services in adaptation to global change for human wellbeing (SGP-HW) Strengthening Adaptation for Amazon Wildfires (SGP-HW016) PDF in&nbsp;English&nbsp;and&nbsp;Spanish Adapting for Sustainability in Small-Scale Fisheries and Ecosystem in Latin America(SGP-HW 017) PDF in&nbsp;English&nbsp;and&nbsp;Spanish Learning from Water Crises: Adaptive and Anticipatory Water Governance Needed in South America (SGP-HW 056) PDF&hellip;","_links":{"self":[{"href":"https:\/\/iai.int\/es\/wp-json\/wp\/v2\/pages\/650","targetHints":{"allow":["GET"]}}],"collection":[{"href":"https:\/\/iai.int\/es\/wp-json\/wp\/v2\/pages"}],"about":[{"href":"https:\/\/iai.int\/es\/wp-json\/wp\/v2\/types\/page"}],"author":[{"embeddable":true,"href":"https:\/\/iai.int\/es\/wp-json\/wp\/v2\/users\/1"}],"replies":[{"embeddable":true,"href":"https:\/\/iai.int\/es\/wp-json\/wp\/v2\/comments?post=650"}],"version-history":[{"count":1,"href":"https:\/\/iai.int\/es\/wp-json\/wp\/v2\/pages\/650\/revisions"}],"predecessor-version":[{"id":651,"href":"https:\/\/iai.int\/es\/wp-json\/wp\/v2\/pages\/650\/revisions\/651"}],"wp:attachment":[{"href":"https:\/\/iai.int\/es\/wp-json\/wp\/v2\/media?parent=650"}],"curies":[{"name":"wp","href":"https:\/\/api.w.org\/{rel}","templated":true}]}}