{"id":641,"date":"2024-09-14T14:28:26","date_gmt":"2024-09-14T17:28:26","guid":{"rendered":"https:\/\/iai.int\/?page_id=641"},"modified":"2025-11-27T13:16:31","modified_gmt":"2025-11-27T18:16:31","slug":"programa-de-pequenos-subsidios-el-papel-de-los-servicios-ecosistemicos-en-la-adaptacion-al-cambio-global-para-el-bienestar-humano-sgp-hw","status":"publish","type":"page","link":"https:\/\/iai.int\/es\/como-trabajamos\/programa-de-pequenos-subsidios-el-papel-de-los-servicios-ecosistemicos-en-la-adaptacion-al-cambio-global-para-el-bienestar-humano-sgp-hw\/","title":{"rendered":"Programa de Peque\u00f1os Subsidios: El papel de los servicios ecosist\u00e9micos en la adaptaci\u00f3n al cambio global para el bienestar humano (SGP-HW)"},"content":{"rendered":"\n<p>Proyectos seleccionados bajo el Programa de Peque\u00f1os Subsidios: El papel de los servicios ecosist\u00e9micos en la adaptaci\u00f3n al cambio global para el bienestar humano (SGP-HW)<\/p>\n\n\n\n<p>Clique aqu\u00ed para acceder a los&nbsp;project briefs:&nbsp;<a href=\"https:\/\/iai.int\/informes-de-proyectos-y-notas\/\" data-type=\"page\" data-id=\"1209\"><strong>Informes de proyectos y notas<\/strong><\/a>&nbsp;<\/p>\n\n\n\n<figure class=\"wp-block-table\"><table><thead><tr><th>T\u00edtulo<\/th><th>Investigador Principal (PI)<\/th><th>Pa\u00edses participantes<\/th><th>Presupuesto (US$)<\/th><\/tr><\/thead><tbody><tr><td><strong><a href=\"https:\/\/iai.int\/plan-de-adaptacion-multiactor-para-hacer-frente-a-los-bosques-bajo-riesgo-creciente-de-incendios-sgp-hw-016\/\" data-type=\"page\" data-id=\"655\">Plan de adaptaci\u00f3n multiactor para hacer frente a los bosques bajo riesgo creciente de incendios (SGP-HW 016)<\/a><\/strong><\/td><td>Liana Oighenstein Anderson<\/td><td>Bolivia, Brasil, Per\u00fa<\/td><td>199,472<\/td><\/tr><tr><td><a href=\"https:\/\/iai.int\/pesca-artesanal-y-servicios-ecosistemicos-marinos-adaptacion-y-transformacion-para-asegurar-el-bienestar-humano-sgp-hw-017\/\" data-type=\"page\" data-id=\"671\"><strong>Pesca artesanal y servicios ecosist\u00e9micos marinos: adaptaci\u00f3n y transformaci\u00f3n para asegurar el bienestar humano (SGP-HW 017)<\/strong><\/a><\/td><td>Jeremy Pittman<\/td><td>Argentina, Brasil, Canada, Ecuador, Uruguay<\/td><td>192,179<\/td><\/tr><tr><td><a href=\"https:\/\/iai.int\/transformando-la-gobernanza-del-agua-en-america-del-sur-de-la-reaccion-a-la-adaptacion-y-la-anticipacion-sgp-hw-056\/\" data-type=\"page\" data-id=\"674\"><strong>Transformando la gobernanza del agua en Am\u00e9rica del Sur: de la reacci\u00f3n a la adaptaci\u00f3n y la anticipaci\u00f3n (SGP-HW 056)<\/strong><\/a><\/td><td>Micaela Trimble<\/td><td>Argentina, Brasil, Uruguay<\/td><td>200,000<\/td><\/tr><tr><td><strong><a href=\"https:\/\/iai.int\/incorporacion-de-sistemas-de-conocimientos-locales-y-tradicionales-nuevos-puntos-de-vista-para-los-servicios-ecosistemicos-y-las-colaboraciones-transdisciplinarias-sgp-hw-072\/\" data-type=\"page\" data-id=\"677\">Incorporaci\u00f3n de sistemas de conocimientos locales y tradicionales: nuevos puntos de vista para los servicios ecosist\u00e9micos y las colaboraciones transdisciplinarias (SGP-HW 072)<\/a><\/strong><\/td><td>Gabriela Alonso Yanez<\/td><td>Canada, Chile, Colombia, Uruguay<\/td><td>199,605<\/td><\/tr><tr><td><strong><a href=\"https:\/\/iai.int\/resiliencia-socio-ecologica-ante-el-cambio-ambiental-global-en-territorios-heterogeneos-construyendo-una-plataforma-comun-para-investigacion-y-accion-sgp-hw-090\/\" data-type=\"page\" data-id=\"684\">Resiliencia socio-ecol\u00f3gica ante el cambio ambiental global en territorios heterog\u00e9neos \u2013 construyendo una plataforma com\u00fan para investigaci\u00f3n y acci\u00f3n (SGP-HW 090)<\/a><\/strong><\/td><td>Sandra D\u00edaz<\/td><td>Argentina, Brasil, Colombia, Canad\u00e1<\/td><td>199,472<\/td><\/tr><tr><td><a href=\"https:\/\/iai.int\/mejorando-la-gobernanza-de-la-llanura-inundable-en-cuencas-fluviales-sobreconstruidas-sgp-hw-091\/\" data-type=\"page\" data-id=\"687\"><strong>Mejorar la gobernanza de la llanura inundable en cuencas fluviales sobreconstruidas (SGP-HW 091)<\/strong><\/a><\/td><td>Guilherme Fernandes Marques<\/td><td>Brasil, Canad\u00e1, Chile<\/td><td>199,827.60<\/td><\/tr><\/tbody><\/table><\/figure>\n\n\n\n<p>Clique aqu\u00ed para acceder a videos y materiales de capacitaci\u00f3n: <a href=\"https:\/\/iai.int\/como-trabajamos\/programa-de-pequenos-subsidios-el-papel-de-los-servicios-ecosistemicos-en-la-adaptacion-al-cambio-global-para-el-bienestar-humano-sgp-hw\/\" data-type=\"page\" data-id=\"641\">Programa de Peque\u00f1os Subsidios: El papel de los servicios ecosist\u00e9micos en la adaptaci\u00f3n al cambio global para el bienestar humano (SGP-HW)<\/a><\/p>\n","protected":false},"excerpt":{"rendered":"<p>Proyectos seleccionados bajo el Programa de Peque\u00f1os Subsidios: El papel de los servicios ecosist\u00e9micos en la adaptaci\u00f3n al cambio global para el bienestar humano (SGP-HW) Clique aqu\u00ed para acceder a los&nbsp;project briefs:&nbsp;Informes de proyectos y notas&nbsp; T\u00edtulo Investigador Principal (PI) Pa\u00edses participantes Presupuesto (US$) Plan de adaptaci\u00f3n multiactor para hacer frente a los bosques bajo [&hellip;]<\/p>\n","protected":false},"author":1,"featured_media":11898,"parent":362,"menu_order":132,"comment_status":"closed","ping_status":"closed","template":"elementor_theme","meta":{"_acf_changed":false,"_uag_custom_page_level_css":"","footnotes":""},"class_list":["post-641","page","type-page","status-publish","has-post-thumbnail","hentry"],"acf":[],"yoast_head":"<!-- This site is optimized with the Yoast SEO plugin v27.3 - https:\/\/yoast.com\/product\/yoast-seo-wordpress\/ -->\n<title>Programa de Peque\u00f1os Subsidios: El papel de los servicios ecosist\u00e9micos en la adaptaci\u00f3n al cambio global para el bienestar humano (SGP-HW) - IAI - Inter-American Institute for Global Change Research<\/title>\n<meta name=\"robots\" content=\"index, follow, max-snippet:-1, max-image-preview:large, max-video-preview:-1\" \/>\n<link rel=\"canonical\" href=\"https:\/\/iai.int\/es\/como-trabajamos\/programa-de-pequenos-subsidios-el-papel-de-los-servicios-ecosistemicos-en-la-adaptacion-al-cambio-global-para-el-bienestar-humano-sgp-hw\/\" \/>\n<meta property=\"og:locale\" content=\"es_ES\" \/>\n<meta property=\"og:type\" content=\"article\" \/>\n<meta property=\"og:title\" content=\"Programa de Peque\u00f1os Subsidios: El papel de los servicios ecosist\u00e9micos en la adaptaci\u00f3n al cambio global para el bienestar humano (SGP-HW) - IAI - Inter-American Institute for Global Change Research\" \/>\n<meta property=\"og:description\" content=\"Proyectos seleccionados bajo el Programa de Peque\u00f1os Subsidios: El papel de los servicios ecosist\u00e9micos en la adaptaci\u00f3n al cambio global para el bienestar humano (SGP-HW) Clique aqu\u00ed para acceder a los&nbsp;project briefs:&nbsp;Informes de proyectos y notas&nbsp; T\u00edtulo Investigador Principal (PI) Pa\u00edses participantes Presupuesto (US$) Plan de adaptaci\u00f3n multiactor para hacer frente a los bosques bajo [&hellip;]\" \/>\n<meta property=\"og:url\" content=\"https:\/\/iai.int\/es\/como-trabajamos\/programa-de-pequenos-subsidios-el-papel-de-los-servicios-ecosistemicos-en-la-adaptacion-al-cambio-global-para-el-bienestar-humano-sgp-hw\/\" \/>\n<meta property=\"og:site_name\" content=\"IAI - Inter-American Institute for Global Change Research\" \/>\n<meta property=\"article:modified_time\" content=\"2025-11-27T18:16:31+00:00\" \/>\n<meta property=\"og:image\" content=\"https:\/\/iai.int\/wp-content\/uploads\/2025\/11\/BANNERS-NUEVA-WEB-3-3.png\" \/>\n\t<meta property=\"og:image:width\" content=\"1772\" \/>\n\t<meta property=\"og:image:height\" content=\"551\" \/>\n\t<meta property=\"og:image:type\" content=\"image\/png\" \/>\n<meta name=\"twitter:card\" content=\"summary_large_image\" \/>\n<meta name=\"twitter:label1\" content=\"Tiempo de lectura\" \/>\n\t<meta name=\"twitter:data1\" content=\"1 minuto\" \/>\n<script type=\"application\/ld+json\" class=\"yoast-schema-graph\">{\"@context\":\"https:\\\/\\\/schema.org\",\"@graph\":[{\"@type\":\"WebPage\",\"@id\":\"https:\\\/\\\/iai.int\\\/es\\\/como-trabajamos\\\/programa-de-pequenos-subsidios-el-papel-de-los-servicios-ecosistemicos-en-la-adaptacion-al-cambio-global-para-el-bienestar-humano-sgp-hw\\\/\",\"url\":\"https:\\\/\\\/iai.int\\\/es\\\/como-trabajamos\\\/programa-de-pequenos-subsidios-el-papel-de-los-servicios-ecosistemicos-en-la-adaptacion-al-cambio-global-para-el-bienestar-humano-sgp-hw\\\/\",\"name\":\"Programa de Peque\u00f1os Subsidios: El papel de los servicios ecosist\u00e9micos en la adaptaci\u00f3n al cambio global para el bienestar humano (SGP-HW) - IAI - Inter-American Institute for Global Change Research\",\"isPartOf\":{\"@id\":\"https:\\\/\\\/iai.int\\\/es\\\/#website\"},\"primaryImageOfPage\":{\"@id\":\"https:\\\/\\\/iai.int\\\/es\\\/como-trabajamos\\\/programa-de-pequenos-subsidios-el-papel-de-los-servicios-ecosistemicos-en-la-adaptacion-al-cambio-global-para-el-bienestar-humano-sgp-hw\\\/#primaryimage\"},\"image\":{\"@id\":\"https:\\\/\\\/iai.int\\\/es\\\/como-trabajamos\\\/programa-de-pequenos-subsidios-el-papel-de-los-servicios-ecosistemicos-en-la-adaptacion-al-cambio-global-para-el-bienestar-humano-sgp-hw\\\/#primaryimage\"},\"thumbnailUrl\":\"https:\\\/\\\/iai.int\\\/wp-content\\\/uploads\\\/2025\\\/11\\\/BANNERS-NUEVA-WEB-3-3.png\",\"datePublished\":\"2024-09-14T17:28:26+00:00\",\"dateModified\":\"2025-11-27T18:16:31+00:00\",\"breadcrumb\":{\"@id\":\"https:\\\/\\\/iai.int\\\/es\\\/como-trabajamos\\\/programa-de-pequenos-subsidios-el-papel-de-los-servicios-ecosistemicos-en-la-adaptacion-al-cambio-global-para-el-bienestar-humano-sgp-hw\\\/#breadcrumb\"},\"inLanguage\":\"es\",\"potentialAction\":[{\"@type\":\"ReadAction\",\"target\":[\"https:\\\/\\\/iai.int\\\/es\\\/como-trabajamos\\\/programa-de-pequenos-subsidios-el-papel-de-los-servicios-ecosistemicos-en-la-adaptacion-al-cambio-global-para-el-bienestar-humano-sgp-hw\\\/\"]}]},{\"@type\":\"ImageObject\",\"inLanguage\":\"es\",\"@id\":\"https:\\\/\\\/iai.int\\\/es\\\/como-trabajamos\\\/programa-de-pequenos-subsidios-el-papel-de-los-servicios-ecosistemicos-en-la-adaptacion-al-cambio-global-para-el-bienestar-humano-sgp-hw\\\/#primaryimage\",\"url\":\"https:\\\/\\\/iai.int\\\/wp-content\\\/uploads\\\/2025\\\/11\\\/BANNERS-NUEVA-WEB-3-3.png\",\"contentUrl\":\"https:\\\/\\\/iai.int\\\/wp-content\\\/uploads\\\/2025\\\/11\\\/BANNERS-NUEVA-WEB-3-3.png\",\"width\":1772,\"height\":551},{\"@type\":\"BreadcrumbList\",\"@id\":\"https:\\\/\\\/iai.int\\\/es\\\/como-trabajamos\\\/programa-de-pequenos-subsidios-el-papel-de-los-servicios-ecosistemicos-en-la-adaptacion-al-cambio-global-para-el-bienestar-humano-sgp-hw\\\/#breadcrumb\",\"itemListElement\":[{\"@type\":\"ListItem\",\"position\":1,\"name\":\"Portada\",\"item\":\"https:\\\/\\\/iai.int\\\/es\\\/\"},{\"@type\":\"ListItem\",\"position\":2,\"name\":\"C\u00f3mo trabajamos\",\"item\":\"https:\\\/\\\/iai.int\\\/es\\\/como-trabajamos\\\/\"},{\"@type\":\"ListItem\",\"position\":3,\"name\":\"Programa de Peque\u00f1os Subsidios: El papel de los servicios ecosist\u00e9micos en la adaptaci\u00f3n al cambio global para el bienestar humano (SGP-HW)\"}]},{\"@type\":\"WebSite\",\"@id\":\"https:\\\/\\\/iai.int\\\/es\\\/#website\",\"url\":\"https:\\\/\\\/iai.int\\\/es\\\/\",\"name\":\"IAI - Inter-American Institute for Global Change Research\",\"description\":\"\",\"publisher\":{\"@id\":\"https:\\\/\\\/iai.int\\\/es\\\/#organization\"},\"potentialAction\":[{\"@type\":\"SearchAction\",\"target\":{\"@type\":\"EntryPoint\",\"urlTemplate\":\"https:\\\/\\\/iai.int\\\/es\\\/?s={search_term_string}\"},\"query-input\":{\"@type\":\"PropertyValueSpecification\",\"valueRequired\":true,\"valueName\":\"search_term_string\"}}],\"inLanguage\":\"es\"},{\"@type\":\"Organization\",\"@id\":\"https:\\\/\\\/iai.int\\\/es\\\/#organization\",\"name\":\"IAI - Inter-American Institute for Global Change Research\",\"url\":\"https:\\\/\\\/iai.int\\\/es\\\/\",\"logo\":{\"@type\":\"ImageObject\",\"inLanguage\":\"es\",\"@id\":\"https:\\\/\\\/iai.int\\\/es\\\/#\\\/schema\\\/logo\\\/image\\\/\",\"url\":\"https:\\\/\\\/iai.int\\\/wp-content\\\/uploads\\\/2025\\\/11\\\/IAI-logo-English-scaled.png\",\"contentUrl\":\"https:\\\/\\\/iai.int\\\/wp-content\\\/uploads\\\/2025\\\/11\\\/IAI-logo-English-scaled.png\",\"width\":2560,\"height\":985,\"caption\":\"IAI - Inter-American Institute for Global Change Research\"},\"image\":{\"@id\":\"https:\\\/\\\/iai.int\\\/es\\\/#\\\/schema\\\/logo\\\/image\\\/\"}}]}<\/script>\n<!-- \/ Yoast SEO plugin. -->","yoast_head_json":{"title":"Programa de Peque\u00f1os Subsidios: El papel de los servicios ecosist\u00e9micos en la adaptaci\u00f3n al cambio global para el bienestar humano (SGP-HW) - IAI - Inter-American Institute for Global Change Research","robots":{"index":"index","follow":"follow","max-snippet":"max-snippet:-1","max-image-preview":"max-image-preview:large","max-video-preview":"max-video-preview:-1"},"canonical":"https:\/\/iai.int\/es\/como-trabajamos\/programa-de-pequenos-subsidios-el-papel-de-los-servicios-ecosistemicos-en-la-adaptacion-al-cambio-global-para-el-bienestar-humano-sgp-hw\/","og_locale":"es_ES","og_type":"article","og_title":"Programa de Peque\u00f1os Subsidios: El papel de los servicios ecosist\u00e9micos en la adaptaci\u00f3n al cambio global para el bienestar humano (SGP-HW) - IAI - Inter-American Institute for Global Change Research","og_description":"Proyectos seleccionados bajo el Programa de Peque\u00f1os Subsidios: El papel de los servicios ecosist\u00e9micos en la adaptaci\u00f3n al cambio global para el bienestar humano (SGP-HW) Clique aqu\u00ed para acceder a los&nbsp;project briefs:&nbsp;Informes de proyectos y notas&nbsp; T\u00edtulo Investigador Principal (PI) Pa\u00edses participantes Presupuesto (US$) Plan de adaptaci\u00f3n multiactor para hacer frente a los bosques bajo [&hellip;]","og_url":"https:\/\/iai.int\/es\/como-trabajamos\/programa-de-pequenos-subsidios-el-papel-de-los-servicios-ecosistemicos-en-la-adaptacion-al-cambio-global-para-el-bienestar-humano-sgp-hw\/","og_site_name":"IAI - Inter-American Institute for Global Change Research","article_modified_time":"2025-11-27T18:16:31+00:00","og_image":[{"width":1772,"height":551,"url":"https:\/\/iai.int\/wp-content\/uploads\/2025\/11\/BANNERS-NUEVA-WEB-3-3.png","type":"image\/png"}],"twitter_card":"summary_large_image","twitter_misc":{"Tiempo de lectura":"1 minuto"},"schema":{"@context":"https:\/\/schema.org","@graph":[{"@type":"WebPage","@id":"https:\/\/iai.int\/es\/como-trabajamos\/programa-de-pequenos-subsidios-el-papel-de-los-servicios-ecosistemicos-en-la-adaptacion-al-cambio-global-para-el-bienestar-humano-sgp-hw\/","url":"https:\/\/iai.int\/es\/como-trabajamos\/programa-de-pequenos-subsidios-el-papel-de-los-servicios-ecosistemicos-en-la-adaptacion-al-cambio-global-para-el-bienestar-humano-sgp-hw\/","name":"Programa de Peque\u00f1os Subsidios: El papel de los servicios ecosist\u00e9micos en la adaptaci\u00f3n al cambio global para el bienestar humano (SGP-HW) - IAI - Inter-American Institute for Global Change Research","isPartOf":{"@id":"https:\/\/iai.int\/es\/#website"},"primaryImageOfPage":{"@id":"https:\/\/iai.int\/es\/como-trabajamos\/programa-de-pequenos-subsidios-el-papel-de-los-servicios-ecosistemicos-en-la-adaptacion-al-cambio-global-para-el-bienestar-humano-sgp-hw\/#primaryimage"},"image":{"@id":"https:\/\/iai.int\/es\/como-trabajamos\/programa-de-pequenos-subsidios-el-papel-de-los-servicios-ecosistemicos-en-la-adaptacion-al-cambio-global-para-el-bienestar-humano-sgp-hw\/#primaryimage"},"thumbnailUrl":"https:\/\/iai.int\/wp-content\/uploads\/2025\/11\/BANNERS-NUEVA-WEB-3-3.png","datePublished":"2024-09-14T17:28:26+00:00","dateModified":"2025-11-27T18:16:31+00:00","breadcrumb":{"@id":"https:\/\/iai.int\/es\/como-trabajamos\/programa-de-pequenos-subsidios-el-papel-de-los-servicios-ecosistemicos-en-la-adaptacion-al-cambio-global-para-el-bienestar-humano-sgp-hw\/#breadcrumb"},"inLanguage":"es","potentialAction":[{"@type":"ReadAction","target":["https:\/\/iai.int\/es\/como-trabajamos\/programa-de-pequenos-subsidios-el-papel-de-los-servicios-ecosistemicos-en-la-adaptacion-al-cambio-global-para-el-bienestar-humano-sgp-hw\/"]}]},{"@type":"ImageObject","inLanguage":"es","@id":"https:\/\/iai.int\/es\/como-trabajamos\/programa-de-pequenos-subsidios-el-papel-de-los-servicios-ecosistemicos-en-la-adaptacion-al-cambio-global-para-el-bienestar-humano-sgp-hw\/#primaryimage","url":"https:\/\/iai.int\/wp-content\/uploads\/2025\/11\/BANNERS-NUEVA-WEB-3-3.png","contentUrl":"https:\/\/iai.int\/wp-content\/uploads\/2025\/11\/BANNERS-NUEVA-WEB-3-3.png","width":1772,"height":551},{"@type":"BreadcrumbList","@id":"https:\/\/iai.int\/es\/como-trabajamos\/programa-de-pequenos-subsidios-el-papel-de-los-servicios-ecosistemicos-en-la-adaptacion-al-cambio-global-para-el-bienestar-humano-sgp-hw\/#breadcrumb","itemListElement":[{"@type":"ListItem","position":1,"name":"Portada","item":"https:\/\/iai.int\/es\/"},{"@type":"ListItem","position":2,"name":"C\u00f3mo trabajamos","item":"https:\/\/iai.int\/es\/como-trabajamos\/"},{"@type":"ListItem","position":3,"name":"Programa de Peque\u00f1os Subsidios: El papel de los servicios ecosist\u00e9micos en la adaptaci\u00f3n al cambio global para el bienestar humano (SGP-HW)"}]},{"@type":"WebSite","@id":"https:\/\/iai.int\/es\/#website","url":"https:\/\/iai.int\/es\/","name":"IAI - Inter-American Institute for Global Change Research","description":"","publisher":{"@id":"https:\/\/iai.int\/es\/#organization"},"potentialAction":[{"@type":"SearchAction","target":{"@type":"EntryPoint","urlTemplate":"https:\/\/iai.int\/es\/?s={search_term_string}"},"query-input":{"@type":"PropertyValueSpecification","valueRequired":true,"valueName":"search_term_string"}}],"inLanguage":"es"},{"@type":"Organization","@id":"https:\/\/iai.int\/es\/#organization","name":"IAI - Inter-American Institute for Global Change Research","url":"https:\/\/iai.int\/es\/","logo":{"@type":"ImageObject","inLanguage":"es","@id":"https:\/\/iai.int\/es\/#\/schema\/logo\/image\/","url":"https:\/\/iai.int\/wp-content\/uploads\/2025\/11\/IAI-logo-English-scaled.png","contentUrl":"https:\/\/iai.int\/wp-content\/uploads\/2025\/11\/IAI-logo-English-scaled.png","width":2560,"height":985,"caption":"IAI - Inter-American Institute for Global Change Research"},"image":{"@id":"https:\/\/iai.int\/es\/#\/schema\/logo\/image\/"}}]}},"uagb_featured_image_src":{"full":["https:\/\/iai.int\/wp-content\/uploads\/2025\/11\/BANNERS-NUEVA-WEB-3-3.png",1772,551,false],"thumbnail":["https:\/\/iai.int\/wp-content\/uploads\/2025\/11\/BANNERS-NUEVA-WEB-3-3-150x150.png",150,150,true],"medium":["https:\/\/iai.int\/wp-content\/uploads\/2025\/11\/BANNERS-NUEVA-WEB-3-3-300x93.png",300,93,true],"medium_large":["https:\/\/iai.int\/wp-content\/uploads\/2025\/11\/BANNERS-NUEVA-WEB-3-3-768x239.png",768,239,true],"large":["https:\/\/iai.int\/wp-content\/uploads\/2025\/11\/BANNERS-NUEVA-WEB-3-3-1024x318.png",800,248,true],"1536x1536":["https:\/\/iai.int\/wp-content\/uploads\/2025\/11\/BANNERS-NUEVA-WEB-3-3-1536x478.png",1536,478,true],"2048x2048":["https:\/\/iai.int\/wp-content\/uploads\/2025\/11\/BANNERS-NUEVA-WEB-3-3.png",1772,551,false]},"uagb_author_info":{"display_name":"admin","author_link":"https:\/\/iai.int\/es\/author\/admin\/"},"uagb_comment_info":0,"uagb_excerpt":"Proyectos seleccionados bajo el Programa de Peque\u00f1os Subsidios: El papel de los servicios ecosist\u00e9micos en la adaptaci\u00f3n al cambio global para el bienestar humano (SGP-HW) Clique aqu\u00ed para acceder a los&nbsp;project briefs:&nbsp;Informes de proyectos y notas&nbsp; T\u00edtulo Investigador Principal (PI) Pa\u00edses participantes Presupuesto (US$) Plan de adaptaci\u00f3n multiactor para hacer frente a los bosques bajo&hellip;","_links":{"self":[{"href":"https:\/\/iai.int\/es\/wp-json\/wp\/v2\/pages\/641","targetHints":{"allow":["GET"]}}],"collection":[{"href":"https:\/\/iai.int\/es\/wp-json\/wp\/v2\/pages"}],"about":[{"href":"https:\/\/iai.int\/es\/wp-json\/wp\/v2\/types\/page"}],"author":[{"embeddable":true,"href":"https:\/\/iai.int\/es\/wp-json\/wp\/v2\/users\/1"}],"replies":[{"embeddable":true,"href":"https:\/\/iai.int\/es\/wp-json\/wp\/v2\/comments?post=641"}],"version-history":[{"count":13,"href":"https:\/\/iai.int\/es\/wp-json\/wp\/v2\/pages\/641\/revisions"}],"predecessor-version":[{"id":1442,"href":"https:\/\/iai.int\/es\/wp-json\/wp\/v2\/pages\/641\/revisions\/1442"}],"up":[{"embeddable":true,"href":"https:\/\/iai.int\/es\/wp-json\/wp\/v2\/pages\/362"}],"wp:featuredmedia":[{"embeddable":true,"href":"https:\/\/iai.int\/es\/wp-json\/wp\/v2\/media\/11898"}],"wp:attachment":[{"href":"https:\/\/iai.int\/es\/wp-json\/wp\/v2\/media?parent=641"}],"curies":[{"name":"wp","href":"https:\/\/api.w.org\/{rel}","templated":true}]}}