{"id":631,"date":"2024-09-14T14:08:09","date_gmt":"2024-09-14T17:08:09","guid":{"rendered":"https:\/\/iai.int\/?page_id=631"},"modified":"2025-11-04T14:54:56","modified_gmt":"2025-11-04T19:54:56","slug":"agenda-cientifica","status":"publish","type":"page","link":"https:\/\/iai.int\/es\/como-trabajamos\/agenda-cientifica\/","title":{"rendered":"Agenda Cient\u00edfica"},"content":{"rendered":"\n<figure class=\"wp-block-image aligncenter size-full is-resized\"><img fetchpriority=\"high\" decoding=\"async\" width=\"2560\" height=\"991\" src=\"http:\/\/iai.int\/wp-content\/uploads\/2025\/11\/IAI-LOGO-NUEVO.2024-horizontal-A-scaled.png\" alt=\"\" class=\"wp-image-10592\" style=\"width:226px;height:auto\" srcset=\"https:\/\/iai.int\/wp-content\/uploads\/2025\/11\/IAI-LOGO-NUEVO.2024-horizontal-A-scaled.png 2560w, https:\/\/iai.int\/wp-content\/uploads\/2025\/11\/IAI-LOGO-NUEVO.2024-horizontal-A-300x116.png 300w, https:\/\/iai.int\/wp-content\/uploads\/2025\/11\/IAI-LOGO-NUEVO.2024-horizontal-A-1024x396.png 1024w, https:\/\/iai.int\/wp-content\/uploads\/2025\/11\/IAI-LOGO-NUEVO.2024-horizontal-A-768x297.png 768w, https:\/\/iai.int\/wp-content\/uploads\/2025\/11\/IAI-LOGO-NUEVO.2024-horizontal-A-1536x595.png 1536w, https:\/\/iai.int\/wp-content\/uploads\/2025\/11\/IAI-LOGO-NUEVO.2024-horizontal-A-2048x793.png 2048w\" sizes=\"(max-width: 2560px) 100vw, 2560px\" \/><\/figure>\n\n\n\n<p class=\"has-text-align-center\"><strong>LA AGENDA CIENTIFICA DEL IAI<\/strong><br><strong>Adoptada en la<\/strong><br><strong><em>29\u00aa Reuni\u00f3n de la Conferencia de las Partes del<\/em><\/strong><br><strong><em>Instituto Interamericano para la Investigaci\u00f3n del Cambio Global<\/em><\/strong><br><strong><em>22-23 de Junio de 2021, Videoconferencia<\/em><\/strong><\/p>\n\n\n\n<h3 class=\"wp-block-heading\"><strong>Antecedentes<\/strong><\/h3>\n\n\n\n<p>El objetivo principal del IAI es promover la investigaci\u00f3n m\u00e1s all\u00e1 del alcance de los programas nacionales mediante la implementaci\u00f3n de estudios comparativos y otros enfocados en temas de cambio ambiental global (CAG) importantes para la regi\u00f3n en su conjunto. El t\u00e9rmino CAG se refiere a las interacciones de los procesos biol\u00f3gicos, qu\u00edmicos, f\u00edsicos y sociales que regulan los cambios en el funcionamiento del sistema terrestre, incluidas las formas particulares en que estos cambios son influenciados por las actividades humanas y tambi\u00e9n generan impactos sobre ellas.<\/p>\n\n\n\n<p>El <strong><a href=\"https:\/\/iai.int\/pdf\/es\/agreement_establishing_the_IAI_sp.pdf\" target=\"_blank\" rel=\"noreferrer noopener\">Acuerdo para la Creaci\u00f3n del IAI<\/a><\/strong> establece: \u201cel Instituto tendr\u00e1 una Agenda Cient\u00edfica en constante evoluci\u00f3n que refleje un adecuado equilibrio entre las diversas \u00e1reas biogeogr\u00e1ficas de importancia cient\u00edfica, que integre la investigaci\u00f3n cient\u00edfica, econ\u00f3mica y sociol\u00f3gica, y que centre su atenci\u00f3n en los temas regionales determinados por la Conferencia de las Partes\u201d (Agenda Cient\u00edfica, Art\u00edculo III)<\/p>\n\n\n\n<p>Para cumplir con los objetivos de la Agenda Cient\u00edfica, el IAI alienta y apoya la colaboraci\u00f3n conjunta de cient\u00edficos, partes interesadas y tomadores de decisiones de las Am\u00e9ricas para abordar y comunicar cuestiones cr\u00edticas asociadas al CAG.<\/p>\n\n\n\n<h3 class=\"wp-block-heading\"><strong>Principios fundacionales<\/strong><\/h3>\n\n\n\n<p>El IAI persigue los principios de excelencia cient\u00edfica, cooperaci\u00f3n internacional y el intercambio libre y abierto de informaci\u00f3n relevante al CAG a trav\u00e9s de los siguientes principios fundacionales (IAI\/COP\/27\/14 Plan Estrat\u00e9gico): ciencia transdisciplinaria, dise\u00f1o participativo e inclusivo, ciencia innovadora y basada en soluciones, an\u00e1lisis e integraci\u00f3n multiescalar, datos\/ciencia abiertos, divulgaci\u00f3n cient\u00edfica y movilizaci\u00f3n de conocimientos, alineaci\u00f3n con los marcos de gobernanza ambiental, y el fortalecimiento de capacidades en la interfaz de ciencia-pol\u00edtica. Cuando sea apropiado, estos principios deber\u00e1n guiar la investigaci\u00f3n apoyada por el IAI.<\/p>\n\n\n\n<h3 class=\"wp-block-heading\"><strong>\u00c1reas Estrat\u00e9gicas<\/strong><\/h3>\n\n\n\n<p>El IAI apoya la ciencia que mejora la capacidad de las Am\u00e9ricas de hacer frente y prosperar frente al CAG haciendo un impacto positivo hacia la sostenibilidad de la regi\u00f3n en las siguientes \u00e1reas estrat\u00e9gicas (IAI\/COP\/27\/14 Plan Estrat\u00e9gico, Tema II \u2013 Ciencia para la Sostenibilidad de las Am\u00e9ricas): reducci\u00f3n de la pobreza y la desigualdad, mejorar la seguridad alimentaria, h\u00eddrica y energ\u00e9tica; adaptaci\u00f3n y mitigaci\u00f3n al cambio clim\u00e1tico; mejorar la salud y el bienestar de las personas; conservaci\u00f3n y restauraci\u00f3n de la biodiversidad y los ecosistemas; aire, agua y tierra limpia. Las investigaciones apoyadas por el IAI deben estar alineadas con estas \u00e1reas estrat\u00e9gicas.&nbsp;&nbsp;<\/p>\n\n\n\n<p>La Decisi\u00f3n XXVII\/12, que estableci\u00f3 el <strong><a href=\"https:\/\/iai.int\/pdf\/es\/Strategicplan-sp.pdf\" target=\"_blank\" rel=\"noreferrer noopener\">Plan Estrat\u00e9gico del IAI<\/a><\/strong>, articula los mecanismos y m\u00e9todos para proporcionar a las Partes la ciencia necesaria para el desarrollo de pol\u00edticas p\u00fablicas m\u00e1s eficaces. Si bien la Agenda Cient\u00edfica presenta una direcci\u00f3n amplia y general a los programas cient\u00edficos, el Plan Estrat\u00e9gico es un mecanismo m\u00e1s espec\u00edfico para su implementaci\u00f3n.<\/p>\n\n\n\n<p><strong>Temas de Investigaci\u00f3n<\/strong><\/p>\n\n\n\n<p>Los siguiente cuatro temas de investigaci\u00f3n ampliamente definidos e interrelacionados, han sido identificados por el IAI:<\/p>\n\n\n\n<ul class=\"wp-block-list\">\n<li>Dimensiones humanas del CAG.<\/li>\n\n\n\n<li>Cambio clim\u00e1tico y variabilidad clim\u00e1tica.<\/li>\n\n\n\n<li>Ecosistemas, biodiversidad, uso y cobertura del suelo, y recursos h\u00eddricos.<\/li>\n\n\n\n<li>Modulaciones del CAG en la composici\u00f3n de la atm\u00f3sfera, los oc\u00e9anos y las aguas dulces.<\/li>\n<\/ul>\n\n\n\n<p>Los ejemplos de cada tema se proporcionan en el Anexo 1. La lista de ejemplos no pretende ser exhaustiva, y dada la naturaleza transdisciplinaria de la ciencia, muchos ejemplos pueden caer en m\u00e1s de un tema. En particular, la ciencia sobre las dimensiones humanas y las ciencias que apoyan la adaptaci\u00f3n y mitigaci\u00f3n al cambio ambiental global (CAG) podr\u00edan intersectar todos los temas.<\/p>\n\n\n\n<p>Como se indica anteriormente, la evoluci\u00f3n de la Agenda Cient\u00edfica proporciona un medio para las Partes para incorporar nuevas prioridades cient\u00edficas y contemplar cambios en las necesidades de los pa\u00edses de la regi\u00f3n. La versi\u00f3n actual de la Agenda Cient\u00edfica seguir\u00e1 siendo revisada seg\u00fan sea necesario durante futuros per\u00edodos entre sesiones, particularmente cuando se revise el Plan Estrat\u00e9gico (cada 3-6 a\u00f1os).<\/p>\n\n\n\n<p><strong><a href=\"https:\/\/iai.int\/administrador\/assets\/images\/ckfinder\/files\/IAI%20Scientific%20Agenda_FINAL%20SP2021.pdf\">Descargue el texto completo<\/a><\/strong> <\/p>\n\n\n\n<p><a href=\"https:\/\/iai.int\/historia-de-la-evolucion-de-la-agenda-cientifica\/\" data-type=\"page\" data-id=\"1398\"><strong>Historia de la evoluci\u00f3n de la agenda cient\u00edfica<\/strong><\/a><\/p>\n\n\n\n<p><\/p>\n","protected":false},"excerpt":{"rendered":"<p>LA AGENDA CIENTIFICA DEL IAIAdoptada en la29\u00aa Reuni\u00f3n de la Conferencia de las Partes delInstituto Interamericano para la Investigaci\u00f3n del Cambio Global22-23 de Junio de 2021, Videoconferencia Antecedentes El objetivo principal del IAI es promover la investigaci\u00f3n m\u00e1s all\u00e1 del alcance de los programas nacionales mediante la implementaci\u00f3n de estudios comparativos y otros enfocados en [&hellip;]<\/p>\n","protected":false},"author":1,"featured_media":0,"parent":362,"menu_order":131,"comment_status":"closed","ping_status":"closed","template":"elementor_theme","meta":{"_acf_changed":false,"_uag_custom_page_level_css":"","footnotes":""},"class_list":["post-631","page","type-page","status-publish","hentry"],"acf":[],"yoast_head":"<!-- This site is optimized with the Yoast SEO plugin v27.3 - https:\/\/yoast.com\/product\/yoast-seo-wordpress\/ -->\n<title>Agenda Cient\u00edfica - IAI - Inter-American Institute for Global Change Research<\/title>\n<meta name=\"robots\" content=\"index, follow, max-snippet:-1, max-image-preview:large, max-video-preview:-1\" \/>\n<link rel=\"canonical\" href=\"https:\/\/iai.int\/es\/como-trabajamos\/agenda-cientifica\/\" \/>\n<meta property=\"og:locale\" content=\"es_ES\" \/>\n<meta property=\"og:type\" content=\"article\" \/>\n<meta property=\"og:title\" content=\"Agenda Cient\u00edfica - IAI - Inter-American Institute for Global Change Research\" \/>\n<meta property=\"og:description\" content=\"LA AGENDA CIENTIFICA DEL IAIAdoptada en la29\u00aa Reuni\u00f3n de la Conferencia de las Partes delInstituto Interamericano para la Investigaci\u00f3n del Cambio Global22-23 de Junio de 2021, Videoconferencia Antecedentes El objetivo principal del IAI es promover la investigaci\u00f3n m\u00e1s all\u00e1 del alcance de los programas nacionales mediante la implementaci\u00f3n de estudios comparativos y otros enfocados en [&hellip;]\" \/>\n<meta property=\"og:url\" content=\"https:\/\/iai.int\/es\/como-trabajamos\/agenda-cientifica\/\" \/>\n<meta property=\"og:site_name\" content=\"IAI - Inter-American Institute for Global Change Research\" \/>\n<meta property=\"article:modified_time\" content=\"2025-11-04T19:54:56+00:00\" \/>\n<meta property=\"og:image\" content=\"https:\/\/iai.int\/wp-content\/uploads\/2025\/11\/IAI-LOGO-NUEVO.2024-horizontal-A-scaled.png\" \/>\n\t<meta property=\"og:image:width\" content=\"2560\" \/>\n\t<meta property=\"og:image:height\" content=\"991\" \/>\n\t<meta property=\"og:image:type\" content=\"image\/png\" \/>\n<meta name=\"twitter:card\" content=\"summary_large_image\" \/>\n<meta name=\"twitter:label1\" content=\"Tiempo de lectura\" \/>\n\t<meta name=\"twitter:data1\" content=\"4 minutos\" \/>\n<script type=\"application\/ld+json\" class=\"yoast-schema-graph\">{\"@context\":\"https:\\\/\\\/schema.org\",\"@graph\":[{\"@type\":\"WebPage\",\"@id\":\"https:\\\/\\\/iai.int\\\/es\\\/como-trabajamos\\\/agenda-cientifica\\\/\",\"url\":\"https:\\\/\\\/iai.int\\\/es\\\/como-trabajamos\\\/agenda-cientifica\\\/\",\"name\":\"Agenda Cient\u00edfica - IAI - Inter-American Institute for Global Change Research\",\"isPartOf\":{\"@id\":\"https:\\\/\\\/iai.int\\\/es\\\/#website\"},\"primaryImageOfPage\":{\"@id\":\"https:\\\/\\\/iai.int\\\/es\\\/como-trabajamos\\\/agenda-cientifica\\\/#primaryimage\"},\"image\":{\"@id\":\"https:\\\/\\\/iai.int\\\/es\\\/como-trabajamos\\\/agenda-cientifica\\\/#primaryimage\"},\"thumbnailUrl\":\"http:\\\/\\\/iai.int\\\/wp-content\\\/uploads\\\/2025\\\/11\\\/IAI-LOGO-NUEVO.2024-horizontal-A-scaled.png\",\"datePublished\":\"2024-09-14T17:08:09+00:00\",\"dateModified\":\"2025-11-04T19:54:56+00:00\",\"breadcrumb\":{\"@id\":\"https:\\\/\\\/iai.int\\\/es\\\/como-trabajamos\\\/agenda-cientifica\\\/#breadcrumb\"},\"inLanguage\":\"es\",\"potentialAction\":[{\"@type\":\"ReadAction\",\"target\":[\"https:\\\/\\\/iai.int\\\/es\\\/como-trabajamos\\\/agenda-cientifica\\\/\"]}]},{\"@type\":\"ImageObject\",\"inLanguage\":\"es\",\"@id\":\"https:\\\/\\\/iai.int\\\/es\\\/como-trabajamos\\\/agenda-cientifica\\\/#primaryimage\",\"url\":\"http:\\\/\\\/iai.int\\\/wp-content\\\/uploads\\\/2025\\\/11\\\/IAI-LOGO-NUEVO.2024-horizontal-A-scaled.png\",\"contentUrl\":\"http:\\\/\\\/iai.int\\\/wp-content\\\/uploads\\\/2025\\\/11\\\/IAI-LOGO-NUEVO.2024-horizontal-A-scaled.png\"},{\"@type\":\"BreadcrumbList\",\"@id\":\"https:\\\/\\\/iai.int\\\/es\\\/como-trabajamos\\\/agenda-cientifica\\\/#breadcrumb\",\"itemListElement\":[{\"@type\":\"ListItem\",\"position\":1,\"name\":\"Portada\",\"item\":\"https:\\\/\\\/iai.int\\\/es\\\/\"},{\"@type\":\"ListItem\",\"position\":2,\"name\":\"C\u00f3mo trabajamos\",\"item\":\"https:\\\/\\\/iai.int\\\/es\\\/como-trabajamos\\\/\"},{\"@type\":\"ListItem\",\"position\":3,\"name\":\"Agenda Cient\u00edfica\"}]},{\"@type\":\"WebSite\",\"@id\":\"https:\\\/\\\/iai.int\\\/es\\\/#website\",\"url\":\"https:\\\/\\\/iai.int\\\/es\\\/\",\"name\":\"IAI - Inter-American Institute for Global Change Research\",\"description\":\"\",\"publisher\":{\"@id\":\"https:\\\/\\\/iai.int\\\/es\\\/#organization\"},\"potentialAction\":[{\"@type\":\"SearchAction\",\"target\":{\"@type\":\"EntryPoint\",\"urlTemplate\":\"https:\\\/\\\/iai.int\\\/es\\\/?s={search_term_string}\"},\"query-input\":{\"@type\":\"PropertyValueSpecification\",\"valueRequired\":true,\"valueName\":\"search_term_string\"}}],\"inLanguage\":\"es\"},{\"@type\":\"Organization\",\"@id\":\"https:\\\/\\\/iai.int\\\/es\\\/#organization\",\"name\":\"IAI - Inter-American Institute for Global Change Research\",\"url\":\"https:\\\/\\\/iai.int\\\/es\\\/\",\"logo\":{\"@type\":\"ImageObject\",\"inLanguage\":\"es\",\"@id\":\"https:\\\/\\\/iai.int\\\/es\\\/#\\\/schema\\\/logo\\\/image\\\/\",\"url\":\"https:\\\/\\\/iai.int\\\/wp-content\\\/uploads\\\/2025\\\/11\\\/IAI-logo-English-scaled.png\",\"contentUrl\":\"https:\\\/\\\/iai.int\\\/wp-content\\\/uploads\\\/2025\\\/11\\\/IAI-logo-English-scaled.png\",\"width\":2560,\"height\":985,\"caption\":\"IAI - Inter-American Institute for Global Change Research\"},\"image\":{\"@id\":\"https:\\\/\\\/iai.int\\\/es\\\/#\\\/schema\\\/logo\\\/image\\\/\"}}]}<\/script>\n<!-- \/ Yoast SEO plugin. -->","yoast_head_json":{"title":"Agenda Cient\u00edfica - IAI - Inter-American Institute for Global Change Research","robots":{"index":"index","follow":"follow","max-snippet":"max-snippet:-1","max-image-preview":"max-image-preview:large","max-video-preview":"max-video-preview:-1"},"canonical":"https:\/\/iai.int\/es\/como-trabajamos\/agenda-cientifica\/","og_locale":"es_ES","og_type":"article","og_title":"Agenda Cient\u00edfica - IAI - Inter-American Institute for Global Change Research","og_description":"LA AGENDA CIENTIFICA DEL IAIAdoptada en la29\u00aa Reuni\u00f3n de la Conferencia de las Partes delInstituto Interamericano para la Investigaci\u00f3n del Cambio Global22-23 de Junio de 2021, Videoconferencia Antecedentes El objetivo principal del IAI es promover la investigaci\u00f3n m\u00e1s all\u00e1 del alcance de los programas nacionales mediante la implementaci\u00f3n de estudios comparativos y otros enfocados en [&hellip;]","og_url":"https:\/\/iai.int\/es\/como-trabajamos\/agenda-cientifica\/","og_site_name":"IAI - Inter-American Institute for Global Change Research","article_modified_time":"2025-11-04T19:54:56+00:00","og_image":[{"width":2560,"height":991,"url":"https:\/\/iai.int\/wp-content\/uploads\/2025\/11\/IAI-LOGO-NUEVO.2024-horizontal-A-scaled.png","type":"image\/png"}],"twitter_card":"summary_large_image","twitter_misc":{"Tiempo de lectura":"4 minutos"},"schema":{"@context":"https:\/\/schema.org","@graph":[{"@type":"WebPage","@id":"https:\/\/iai.int\/es\/como-trabajamos\/agenda-cientifica\/","url":"https:\/\/iai.int\/es\/como-trabajamos\/agenda-cientifica\/","name":"Agenda Cient\u00edfica - IAI - Inter-American Institute for Global Change Research","isPartOf":{"@id":"https:\/\/iai.int\/es\/#website"},"primaryImageOfPage":{"@id":"https:\/\/iai.int\/es\/como-trabajamos\/agenda-cientifica\/#primaryimage"},"image":{"@id":"https:\/\/iai.int\/es\/como-trabajamos\/agenda-cientifica\/#primaryimage"},"thumbnailUrl":"http:\/\/iai.int\/wp-content\/uploads\/2025\/11\/IAI-LOGO-NUEVO.2024-horizontal-A-scaled.png","datePublished":"2024-09-14T17:08:09+00:00","dateModified":"2025-11-04T19:54:56+00:00","breadcrumb":{"@id":"https:\/\/iai.int\/es\/como-trabajamos\/agenda-cientifica\/#breadcrumb"},"inLanguage":"es","potentialAction":[{"@type":"ReadAction","target":["https:\/\/iai.int\/es\/como-trabajamos\/agenda-cientifica\/"]}]},{"@type":"ImageObject","inLanguage":"es","@id":"https:\/\/iai.int\/es\/como-trabajamos\/agenda-cientifica\/#primaryimage","url":"http:\/\/iai.int\/wp-content\/uploads\/2025\/11\/IAI-LOGO-NUEVO.2024-horizontal-A-scaled.png","contentUrl":"http:\/\/iai.int\/wp-content\/uploads\/2025\/11\/IAI-LOGO-NUEVO.2024-horizontal-A-scaled.png"},{"@type":"BreadcrumbList","@id":"https:\/\/iai.int\/es\/como-trabajamos\/agenda-cientifica\/#breadcrumb","itemListElement":[{"@type":"ListItem","position":1,"name":"Portada","item":"https:\/\/iai.int\/es\/"},{"@type":"ListItem","position":2,"name":"C\u00f3mo trabajamos","item":"https:\/\/iai.int\/es\/como-trabajamos\/"},{"@type":"ListItem","position":3,"name":"Agenda Cient\u00edfica"}]},{"@type":"WebSite","@id":"https:\/\/iai.int\/es\/#website","url":"https:\/\/iai.int\/es\/","name":"IAI - Inter-American Institute for Global Change Research","description":"","publisher":{"@id":"https:\/\/iai.int\/es\/#organization"},"potentialAction":[{"@type":"SearchAction","target":{"@type":"EntryPoint","urlTemplate":"https:\/\/iai.int\/es\/?s={search_term_string}"},"query-input":{"@type":"PropertyValueSpecification","valueRequired":true,"valueName":"search_term_string"}}],"inLanguage":"es"},{"@type":"Organization","@id":"https:\/\/iai.int\/es\/#organization","name":"IAI - Inter-American Institute for Global Change Research","url":"https:\/\/iai.int\/es\/","logo":{"@type":"ImageObject","inLanguage":"es","@id":"https:\/\/iai.int\/es\/#\/schema\/logo\/image\/","url":"https:\/\/iai.int\/wp-content\/uploads\/2025\/11\/IAI-logo-English-scaled.png","contentUrl":"https:\/\/iai.int\/wp-content\/uploads\/2025\/11\/IAI-logo-English-scaled.png","width":2560,"height":985,"caption":"IAI - Inter-American Institute for Global Change Research"},"image":{"@id":"https:\/\/iai.int\/es\/#\/schema\/logo\/image\/"}}]}},"uagb_featured_image_src":{"full":false,"thumbnail":false,"medium":false,"medium_large":false,"large":false,"1536x1536":false,"2048x2048":false},"uagb_author_info":{"display_name":"admin","author_link":"https:\/\/iai.int\/es\/author\/admin\/"},"uagb_comment_info":0,"uagb_excerpt":"LA AGENDA CIENTIFICA DEL IAIAdoptada en la29\u00aa Reuni\u00f3n de la Conferencia de las Partes delInstituto Interamericano para la Investigaci\u00f3n del Cambio Global22-23 de Junio de 2021, Videoconferencia Antecedentes El objetivo principal del IAI es promover la investigaci\u00f3n m\u00e1s all\u00e1 del alcance de los programas nacionales mediante la implementaci\u00f3n de estudios comparativos y otros enfocados en&hellip;","_links":{"self":[{"href":"https:\/\/iai.int\/es\/wp-json\/wp\/v2\/pages\/631","targetHints":{"allow":["GET"]}}],"collection":[{"href":"https:\/\/iai.int\/es\/wp-json\/wp\/v2\/pages"}],"about":[{"href":"https:\/\/iai.int\/es\/wp-json\/wp\/v2\/types\/page"}],"author":[{"embeddable":true,"href":"https:\/\/iai.int\/es\/wp-json\/wp\/v2\/users\/1"}],"replies":[{"embeddable":true,"href":"https:\/\/iai.int\/es\/wp-json\/wp\/v2\/comments?post=631"}],"version-history":[{"count":11,"href":"https:\/\/iai.int\/es\/wp-json\/wp\/v2\/pages\/631\/revisions"}],"predecessor-version":[{"id":10603,"href":"https:\/\/iai.int\/es\/wp-json\/wp\/v2\/pages\/631\/revisions\/10603"}],"up":[{"embeddable":true,"href":"https:\/\/iai.int\/es\/wp-json\/wp\/v2\/pages\/362"}],"wp:attachment":[{"href":"https:\/\/iai.int\/es\/wp-json\/wp\/v2\/media?parent=631"}],"curies":[{"name":"wp","href":"https:\/\/api.w.org\/{rel}","templated":true}]}}