{"id":382,"date":"2024-08-28T20:30:24","date_gmt":"2024-08-28T23:30:24","guid":{"rendered":"https:\/\/iai.int\/?page_id=382"},"modified":"2025-09-25T18:20:03","modified_gmt":"2025-09-25T23:20:03","slug":"pasantias-en-el-iai","status":"publish","type":"page","link":"https:\/\/iai.int\/es\/pasantias-en-el-iai\/","title":{"rendered":"Pasant\u00edas en el IAI"},"content":{"rendered":"\n<p>El Programa de Pasant\u00edas del IAI brinda una oportunidad para que los estudiantes universitarios de los pa\u00edses miembros del IAI y de otras regiones adquieran una valiosa experiencia al trabajar en una organizaci\u00f3n intergubernamental.<\/p>\n\n\n\n<p>El objetivo es proporcionar a los estudiantes una experiencia de primera mano del entorno de trabajo del IAI, ya sea proporcionando informaci\u00f3n cient\u00edfica sobre el cambio global para el desarrollo de pol\u00edticas p\u00fablicas m\u00e1s efectivas u organizando procesos multilaterales en la interfaz de la investigaci\u00f3n, la diplomacia cient\u00edfica y la toma de decisiones.<br><br>La Direcci\u00f3n del IAI presentar\u00e1 al pasante la pol\u00edtica organizativa del IAI y otras organizaciones intergubernamentales, en particular en relaci\u00f3n con las negociaciones entre las Partes, la redacci\u00f3n de las decisiones que se adoptar\u00e1n en conferencias internacionales y el uso del protocolo al comunicarse con los gobiernos y los responsables de la formulaci\u00f3n de pol\u00edticas. Como parte del equipo de IAI, los pasantes participar\u00e1n en reuniones y eventos internacionales, y contribuir\u00e1n a la comunicaci\u00f3n y el trabajo anal\u00edtico sobre el cambio global.<br><br>La participaci\u00f3n en el Programa de Pasant\u00edas del IAI es continua, sin un per\u00edodo de reclutamiento espec\u00edfico. Sin embargo, puede haber anuncios de vacantes espec\u00edficos para puestos de pasant\u00eda que requieran calificaciones y habilidades particulares. Recomendamos encarecidamente a las personas de grupos subrepresentados que presenten su solicitud.<br><br><strong>Por favor, consulte peri\u00f3dicamente las nuevas vacantes en esta p\u00e1gina web.<\/strong><\/p>\n\n\n\n<p><strong>Lea los testimonios de los pasantes\u00a0<a href=\"https:\/\/iai.int\/es\/pasantias-en-el-iai\/testimonios\/\" data-type=\"page\" data-id=\"771\">aqu\u00ed<\/a><\/strong><\/p>\n\n\n\n<p><\/p>\n","protected":false},"excerpt":{"rendered":"<p>El Programa de Pasant\u00edas del IAI brinda una oportunidad para que los estudiantes universitarios de los pa\u00edses miembros del IAI y de otras regiones adquieran una valiosa experiencia al trabajar en una organizaci\u00f3n intergubernamental. El objetivo es proporcionar a los estudiantes una experiencia de primera mano del entorno de trabajo del IAI, ya sea proporcionando [&hellip;]<\/p>\n","protected":false},"author":1,"featured_media":7676,"parent":0,"menu_order":34,"comment_status":"closed","ping_status":"closed","template":"elementor_theme","meta":{"_acf_changed":false,"_uag_custom_page_level_css":"","footnotes":""},"class_list":["post-382","page","type-page","status-publish","has-post-thumbnail","hentry"],"acf":[],"yoast_head":"<!-- This site is optimized with the Yoast SEO plugin v27.3 - https:\/\/yoast.com\/product\/yoast-seo-wordpress\/ -->\n<title>Pasant\u00edas en el IAI - IAI - Inter-American Institute for Global Change Research<\/title>\n<meta name=\"robots\" content=\"index, follow, max-snippet:-1, max-image-preview:large, max-video-preview:-1\" \/>\n<link rel=\"canonical\" href=\"https:\/\/iai.int\/es\/pasantias-en-el-iai\/\" \/>\n<meta property=\"og:locale\" content=\"es_ES\" \/>\n<meta property=\"og:type\" content=\"article\" \/>\n<meta property=\"og:title\" content=\"Pasant\u00edas en el IAI - IAI - Inter-American Institute for Global Change Research\" \/>\n<meta property=\"og:description\" content=\"El Programa de Pasant\u00edas del IAI brinda una oportunidad para que los estudiantes universitarios de los pa\u00edses miembros del IAI y de otras regiones adquieran una valiosa experiencia al trabajar en una organizaci\u00f3n intergubernamental. El objetivo es proporcionar a los estudiantes una experiencia de primera mano del entorno de trabajo del IAI, ya sea proporcionando [&hellip;]\" \/>\n<meta property=\"og:url\" content=\"https:\/\/iai.int\/es\/pasantias-en-el-iai\/\" \/>\n<meta property=\"og:site_name\" content=\"IAI - Inter-American Institute for Global Change Research\" \/>\n<meta property=\"article:modified_time\" content=\"2025-09-25T23:20:03+00:00\" \/>\n<meta property=\"og:image\" content=\"https:\/\/iai.int\/wp-content\/uploads\/2025\/09\/PASANTIAS-EN-EL-IAI-.png\" \/>\n\t<meta property=\"og:image:width\" content=\"1600\" \/>\n\t<meta property=\"og:image:height\" content=\"498\" \/>\n\t<meta property=\"og:image:type\" content=\"image\/png\" \/>\n<meta name=\"twitter:card\" content=\"summary_large_image\" \/>\n<meta name=\"twitter:label1\" content=\"Tiempo de lectura\" \/>\n\t<meta name=\"twitter:data1\" content=\"1 minuto\" \/>\n<script type=\"application\/ld+json\" class=\"yoast-schema-graph\">{\"@context\":\"https:\\\/\\\/schema.org\",\"@graph\":[{\"@type\":\"WebPage\",\"@id\":\"https:\\\/\\\/iai.int\\\/es\\\/pasantias-en-el-iai\\\/\",\"url\":\"https:\\\/\\\/iai.int\\\/es\\\/pasantias-en-el-iai\\\/\",\"name\":\"Pasant\u00edas en el IAI - IAI - Inter-American Institute for Global Change Research\",\"isPartOf\":{\"@id\":\"https:\\\/\\\/iai.int\\\/es\\\/#website\"},\"primaryImageOfPage\":{\"@id\":\"https:\\\/\\\/iai.int\\\/es\\\/pasantias-en-el-iai\\\/#primaryimage\"},\"image\":{\"@id\":\"https:\\\/\\\/iai.int\\\/es\\\/pasantias-en-el-iai\\\/#primaryimage\"},\"thumbnailUrl\":\"https:\\\/\\\/iai.int\\\/wp-content\\\/uploads\\\/2025\\\/09\\\/PASANTIAS-EN-EL-IAI-.png\",\"datePublished\":\"2024-08-28T23:30:24+00:00\",\"dateModified\":\"2025-09-25T23:20:03+00:00\",\"breadcrumb\":{\"@id\":\"https:\\\/\\\/iai.int\\\/es\\\/pasantias-en-el-iai\\\/#breadcrumb\"},\"inLanguage\":\"es\",\"potentialAction\":[{\"@type\":\"ReadAction\",\"target\":[\"https:\\\/\\\/iai.int\\\/es\\\/pasantias-en-el-iai\\\/\"]}]},{\"@type\":\"ImageObject\",\"inLanguage\":\"es\",\"@id\":\"https:\\\/\\\/iai.int\\\/es\\\/pasantias-en-el-iai\\\/#primaryimage\",\"url\":\"https:\\\/\\\/iai.int\\\/wp-content\\\/uploads\\\/2025\\\/09\\\/PASANTIAS-EN-EL-IAI-.png\",\"contentUrl\":\"https:\\\/\\\/iai.int\\\/wp-content\\\/uploads\\\/2025\\\/09\\\/PASANTIAS-EN-EL-IAI-.png\",\"width\":1600,\"height\":498},{\"@type\":\"BreadcrumbList\",\"@id\":\"https:\\\/\\\/iai.int\\\/es\\\/pasantias-en-el-iai\\\/#breadcrumb\",\"itemListElement\":[{\"@type\":\"ListItem\",\"position\":1,\"name\":\"Portada\",\"item\":\"https:\\\/\\\/iai.int\\\/es\\\/\"},{\"@type\":\"ListItem\",\"position\":2,\"name\":\"Pasant\u00edas en el IAI\"}]},{\"@type\":\"WebSite\",\"@id\":\"https:\\\/\\\/iai.int\\\/es\\\/#website\",\"url\":\"https:\\\/\\\/iai.int\\\/es\\\/\",\"name\":\"IAI - Inter-American Institute for Global Change Research\",\"description\":\"\",\"publisher\":{\"@id\":\"https:\\\/\\\/iai.int\\\/es\\\/#organization\"},\"potentialAction\":[{\"@type\":\"SearchAction\",\"target\":{\"@type\":\"EntryPoint\",\"urlTemplate\":\"https:\\\/\\\/iai.int\\\/es\\\/?s={search_term_string}\"},\"query-input\":{\"@type\":\"PropertyValueSpecification\",\"valueRequired\":true,\"valueName\":\"search_term_string\"}}],\"inLanguage\":\"es\"},{\"@type\":\"Organization\",\"@id\":\"https:\\\/\\\/iai.int\\\/es\\\/#organization\",\"name\":\"IAI - Inter-American Institute for Global Change Research\",\"url\":\"https:\\\/\\\/iai.int\\\/es\\\/\",\"logo\":{\"@type\":\"ImageObject\",\"inLanguage\":\"es\",\"@id\":\"https:\\\/\\\/iai.int\\\/es\\\/#\\\/schema\\\/logo\\\/image\\\/\",\"url\":\"https:\\\/\\\/iai.int\\\/wp-content\\\/uploads\\\/2025\\\/11\\\/IAI-logo-English-scaled.png\",\"contentUrl\":\"https:\\\/\\\/iai.int\\\/wp-content\\\/uploads\\\/2025\\\/11\\\/IAI-logo-English-scaled.png\",\"width\":2560,\"height\":985,\"caption\":\"IAI - Inter-American Institute for Global Change Research\"},\"image\":{\"@id\":\"https:\\\/\\\/iai.int\\\/es\\\/#\\\/schema\\\/logo\\\/image\\\/\"}}]}<\/script>\n<!-- \/ Yoast SEO plugin. -->","yoast_head_json":{"title":"Pasant\u00edas en el IAI - IAI - Inter-American Institute for Global Change Research","robots":{"index":"index","follow":"follow","max-snippet":"max-snippet:-1","max-image-preview":"max-image-preview:large","max-video-preview":"max-video-preview:-1"},"canonical":"https:\/\/iai.int\/es\/pasantias-en-el-iai\/","og_locale":"es_ES","og_type":"article","og_title":"Pasant\u00edas en el IAI - IAI - Inter-American Institute for Global Change Research","og_description":"El Programa de Pasant\u00edas del IAI brinda una oportunidad para que los estudiantes universitarios de los pa\u00edses miembros del IAI y de otras regiones adquieran una valiosa experiencia al trabajar en una organizaci\u00f3n intergubernamental. El objetivo es proporcionar a los estudiantes una experiencia de primera mano del entorno de trabajo del IAI, ya sea proporcionando [&hellip;]","og_url":"https:\/\/iai.int\/es\/pasantias-en-el-iai\/","og_site_name":"IAI - Inter-American Institute for Global Change Research","article_modified_time":"2025-09-25T23:20:03+00:00","og_image":[{"width":1600,"height":498,"url":"https:\/\/iai.int\/wp-content\/uploads\/2025\/09\/PASANTIAS-EN-EL-IAI-.png","type":"image\/png"}],"twitter_card":"summary_large_image","twitter_misc":{"Tiempo de lectura":"1 minuto"},"schema":{"@context":"https:\/\/schema.org","@graph":[{"@type":"WebPage","@id":"https:\/\/iai.int\/es\/pasantias-en-el-iai\/","url":"https:\/\/iai.int\/es\/pasantias-en-el-iai\/","name":"Pasant\u00edas en el IAI - IAI - Inter-American Institute for Global Change Research","isPartOf":{"@id":"https:\/\/iai.int\/es\/#website"},"primaryImageOfPage":{"@id":"https:\/\/iai.int\/es\/pasantias-en-el-iai\/#primaryimage"},"image":{"@id":"https:\/\/iai.int\/es\/pasantias-en-el-iai\/#primaryimage"},"thumbnailUrl":"https:\/\/iai.int\/wp-content\/uploads\/2025\/09\/PASANTIAS-EN-EL-IAI-.png","datePublished":"2024-08-28T23:30:24+00:00","dateModified":"2025-09-25T23:20:03+00:00","breadcrumb":{"@id":"https:\/\/iai.int\/es\/pasantias-en-el-iai\/#breadcrumb"},"inLanguage":"es","potentialAction":[{"@type":"ReadAction","target":["https:\/\/iai.int\/es\/pasantias-en-el-iai\/"]}]},{"@type":"ImageObject","inLanguage":"es","@id":"https:\/\/iai.int\/es\/pasantias-en-el-iai\/#primaryimage","url":"https:\/\/iai.int\/wp-content\/uploads\/2025\/09\/PASANTIAS-EN-EL-IAI-.png","contentUrl":"https:\/\/iai.int\/wp-content\/uploads\/2025\/09\/PASANTIAS-EN-EL-IAI-.png","width":1600,"height":498},{"@type":"BreadcrumbList","@id":"https:\/\/iai.int\/es\/pasantias-en-el-iai\/#breadcrumb","itemListElement":[{"@type":"ListItem","position":1,"name":"Portada","item":"https:\/\/iai.int\/es\/"},{"@type":"ListItem","position":2,"name":"Pasant\u00edas en el IAI"}]},{"@type":"WebSite","@id":"https:\/\/iai.int\/es\/#website","url":"https:\/\/iai.int\/es\/","name":"IAI - Inter-American Institute for Global Change Research","description":"","publisher":{"@id":"https:\/\/iai.int\/es\/#organization"},"potentialAction":[{"@type":"SearchAction","target":{"@type":"EntryPoint","urlTemplate":"https:\/\/iai.int\/es\/?s={search_term_string}"},"query-input":{"@type":"PropertyValueSpecification","valueRequired":true,"valueName":"search_term_string"}}],"inLanguage":"es"},{"@type":"Organization","@id":"https:\/\/iai.int\/es\/#organization","name":"IAI - Inter-American Institute for Global Change Research","url":"https:\/\/iai.int\/es\/","logo":{"@type":"ImageObject","inLanguage":"es","@id":"https:\/\/iai.int\/es\/#\/schema\/logo\/image\/","url":"https:\/\/iai.int\/wp-content\/uploads\/2025\/11\/IAI-logo-English-scaled.png","contentUrl":"https:\/\/iai.int\/wp-content\/uploads\/2025\/11\/IAI-logo-English-scaled.png","width":2560,"height":985,"caption":"IAI - Inter-American Institute for Global Change Research"},"image":{"@id":"https:\/\/iai.int\/es\/#\/schema\/logo\/image\/"}}]}},"uagb_featured_image_src":{"full":["https:\/\/iai.int\/wp-content\/uploads\/2025\/09\/PASANTIAS-EN-EL-IAI-.png",1600,498,false],"thumbnail":["https:\/\/iai.int\/wp-content\/uploads\/2025\/09\/PASANTIAS-EN-EL-IAI--150x150.png",150,150,true],"medium":["https:\/\/iai.int\/wp-content\/uploads\/2025\/09\/PASANTIAS-EN-EL-IAI--300x93.png",300,93,true],"medium_large":["https:\/\/iai.int\/wp-content\/uploads\/2025\/09\/PASANTIAS-EN-EL-IAI--768x239.png",768,239,true],"large":["https:\/\/iai.int\/wp-content\/uploads\/2025\/09\/PASANTIAS-EN-EL-IAI--1024x319.png",800,249,true],"1536x1536":["https:\/\/iai.int\/wp-content\/uploads\/2025\/09\/PASANTIAS-EN-EL-IAI--1536x478.png",1536,478,true],"2048x2048":["https:\/\/iai.int\/wp-content\/uploads\/2025\/09\/PASANTIAS-EN-EL-IAI-.png",1600,498,false]},"uagb_author_info":{"display_name":"admin","author_link":"https:\/\/iai.int\/es\/author\/admin\/"},"uagb_comment_info":0,"uagb_excerpt":"El Programa de Pasant\u00edas del IAI brinda una oportunidad para que los estudiantes universitarios de los pa\u00edses miembros del IAI y de otras regiones adquieran una valiosa experiencia al trabajar en una organizaci\u00f3n intergubernamental. El objetivo es proporcionar a los estudiantes una experiencia de primera mano del entorno de trabajo del IAI, ya sea proporcionando&hellip;","_links":{"self":[{"href":"https:\/\/iai.int\/es\/wp-json\/wp\/v2\/pages\/382","targetHints":{"allow":["GET"]}}],"collection":[{"href":"https:\/\/iai.int\/es\/wp-json\/wp\/v2\/pages"}],"about":[{"href":"https:\/\/iai.int\/es\/wp-json\/wp\/v2\/types\/page"}],"author":[{"embeddable":true,"href":"https:\/\/iai.int\/es\/wp-json\/wp\/v2\/users\/1"}],"replies":[{"embeddable":true,"href":"https:\/\/iai.int\/es\/wp-json\/wp\/v2\/comments?post=382"}],"version-history":[{"count":5,"href":"https:\/\/iai.int\/es\/wp-json\/wp\/v2\/pages\/382\/revisions"}],"predecessor-version":[{"id":7678,"href":"https:\/\/iai.int\/es\/wp-json\/wp\/v2\/pages\/382\/revisions\/7678"}],"wp:featuredmedia":[{"embeddable":true,"href":"https:\/\/iai.int\/es\/wp-json\/wp\/v2\/media\/7676"}],"wp:attachment":[{"href":"https:\/\/iai.int\/es\/wp-json\/wp\/v2\/media?parent=382"}],"curies":[{"name":"wp","href":"https:\/\/api.w.org\/{rel}","templated":true}]}}