{"id":374,"date":"2024-08-28T20:27:55","date_gmt":"2024-08-28T23:27:55","guid":{"rendered":"https:\/\/iai.int\/?page_id=374"},"modified":"2026-01-22T17:03:36","modified_gmt":"2026-01-22T22:03:36","slug":"academia-transdisciplinaria","status":"publish","type":"page","link":"https:\/\/iai.int\/es\/academia-transdisciplinaria\/","title":{"rendered":"Academia transdisciplinaria"},"content":{"rendered":"\n<h3 class=\"wp-block-heading\">Una comunidad transdisciplinaria de ciencia y pol\u00edticas para abordar el cambio ambiental global en las Am\u00e9ricas<\/h3>\n\n\n\n<figure class=\"wp-block-embed is-type-rich is-provider-gestor-del-servicio wp-block-embed-gestor-del-servicio wp-embed-aspect-16-9 wp-has-aspect-ratio\"><div class=\"wp-block-embed__wrapper\">\n<iframe title=\"IAI Transdisciplinary research\" width=\"800\" height=\"450\" src=\"https:\/\/www.youtube.com\/embed\/r5H3Ntrgbkg?feature=oembed\" frameborder=\"0\" allow=\"accelerometer; autoplay; clipboard-write; encrypted-media; gyroscope; picture-in-picture; web-share\" referrerpolicy=\"strict-origin-when-cross-origin\" allowfullscreen><\/iframe>\n<\/div><\/figure>\n\n\n\n<h3 class=\"wp-block-heading\"><strong>El programa&nbsp;<\/strong><\/h3>\n\n\n\n<p>La transdisciplinariedad es un proceso de investigaci\u00f3n reflexivo que re\u00fane diversas perspectivas de diferentes disciplinas acad\u00e9micas y colaboradores no acad\u00e9micos (por ejemplo, profesionales, comunidades ind\u00edgenas y locales, administradores de recursos, etc.) para cocrear objetivos de investigaci\u00f3n para una comprensi\u00f3n hol\u00edstica de los problemas y desarrollar soluciones novedosas.<\/p>\n\n\n\n<p>La TD Academy del IAI proporciona capacitaci\u00f3n sobre enfoques y habilidades de ciencia transdisciplinaria (TD por sus siglas en ingl\u00e9s) para avanzar en el conocimiento y la pr\u00e1ctica de la investigaci\u00f3n del cambio ambiental global e informar la toma de decisiones en los sectores p\u00fablico y privado. La academia tambi\u00e9n facilitar\u00e1 el intercambio de informaci\u00f3n, las mejores pr\u00e1cticas y el di\u00e1logo regional.<\/p>\n\n\n\n<p>Abordar la complejidad del cambio ambiental global requiere una comunicaci\u00f3n y colaboraci\u00f3n efectivas entre cient\u00edficos, tomadores de decisiones y comunidades afectadas en toda la regi\u00f3n. El IAI promueve la cooperaci\u00f3n internacional, el intercambio pleno y abierto de informaci\u00f3n cient\u00edfica y el desarrollo de capacidades transdisciplinarias a trav\u00e9s de la interfaz ciencia-pol\u00edtica para apoyar la visi\u00f3n de una Am\u00e9rica sostenible. La TD Academy del IAI basa en la experiencia previa del instituto en la organizaci\u00f3n de eventos y seminarios de capacitaci\u00f3n transdisciplinaria, as\u00ed como en las publicaciones y materiales de capacitaci\u00f3n desarrollados por las redes de investigaci\u00f3n transdisciplinaria apoyadas por el IAI.<\/p>\n\n\n\n<div style=\"height:45px\" aria-hidden=\"true\" class=\"wp-block-spacer\"><\/div>\n\n\n\n<p><\/p>\n\n\n\n<h3 class=\"wp-block-heading\">Curso gratuito, autogestionado y con certificado \u201cAvances en investigaci\u00f3n transdisciplinaria sobre el cambio ambiental global en Am\u00e9rica Latina y el Caribe\u201d<\/h3>\n\n\n\n<p>Lea la descripci\u00f3n del curso e inscr\u00edbase sin costo <a href=\"https:\/\/iai.int\/es\/curso-avances-en-investigacion-transdisciplinaria-sobre-el-cambio-ambiental-global-en-america-latina-y-el-caribe\/\">aqu\u00ed<\/a><\/p>\n\n\n\n<div style=\"height:45px\" aria-hidden=\"true\" class=\"wp-block-spacer\"><\/div>\n\n\n\n<h3 class=\"wp-block-heading\">Juego transdisciplinario<\/h3>\n\n\n\n<p>Lea las instrucciones y descargue el juego gratuitamente a continuaci\u00f3n.<\/p>\n\n\n\n<p><!-- start Post Card Slider --><\/p>\n\n\n\n<p><style type=\"text\/css\">\/* widget: Post Card Slider *\/<br \/>\n#uc_blog_card_slider_elementor_eec6158 {<br \/>\n  position: relative;<br \/>\n  transition: all .3s;<br \/>\n}<br \/>\n#uc_blog_card_slider_elementor_eec6158 .blog-slider__item {<br \/>\n  display: flex;<br \/>\n  align-items: center;<br \/>\n  height: auto;<br \/>\n  overflow:visible;<br \/>\n}<br \/>\n#uc_blog_card_slider_elementor_eec6158 .blog-slider__item .blog-slider__img img {<br \/>\n  mix-blend-mode: normal;<br \/>\n}<br \/>\n#uc_blog_card_slider_elementor_eec6158 .blog-slider__item.swiper-slide-active .blog-slider__img img {<br \/>\n}<br \/>\n#uc_blog_card_slider_elementor_eec6158 .blog-slider__img {<br \/>\n  flex-shrink: 0;<br \/>\n  overflow: hidden;<br \/>\n}<br \/>\n#uc_blog_card_slider_elementor_eec6158 .blog-slider__img img {<br \/>\n  width: 100%;<br \/>\n  height: 100%;<br \/>\n  object-fit:cover;<br \/>\n  display: block;<br \/>\n}<br \/>\n.blog-slider__date {<br \/>\n  font-size:12px;<br \/>\n}<br \/>\n.blog-slider__title {<br \/>\n  font-size: 24px;<br \/>\n}<br \/>\n.blog-slider__text {<br \/>\n}<br \/>\n#uc_blog_card_slider_elementor_eec6158 .blog-slider__button {<br \/>\n  display: inline-block;<br \/>\n  text-decoration: none;<br \/>\n  text-align: center;<br \/>\n}<br \/>\n#uc_blog_card_slider_elementor_eec6158 .blog-slider__pagination.swiper-pagination-bullets<br \/>\n{<br \/>\n  display:flex;<br \/>\n  justify-content:center;<br \/>\n}<br \/>\n.blog-slider__pagination.swiper-pagination-bullets .swiper-pagination-bullet {<br \/>\n}<br \/>\n.blog-slider__pagination .swiper-pagination-bullet {<br \/>\n  display: flex;<br \/>\n  border-radius: 40px;<br \/>\n  transition: all .3s;<br \/>\n  align-items:center;<br \/>\n  justify-content:center;<br \/>\n  opacity:1;<br \/>\n}<br \/>\n.blog-slider__pagination .swiper-pagination-bullet-active {<br \/>\n  opacity:1;<br \/>\n}<br \/>\n.blog-slider__spacer<br \/>\n{<br \/>\nflex-shrink: 0;<br \/>\n}<br \/>\n@media screen and (max-width: 768px) {<br \/>\n  #uc_blog_card_slider_elementor_eec6158 .blog-slider__item<br \/>\n  {<br \/>\n    flex-direction:column;<br \/>\n    text-align:center;<br \/>\n  }<br \/>\n}<br \/>\n<\/style><\/p>\n\n\n\n<p><img fetchpriority=\"high\" decoding=\"async\" class=\"\" src=\"http:\/\/iai.int\/wp-content\/uploads\/2025\/11\/ES-819x1024.webp\" alt=\"\" width=\"270\" height=\"338\"><br>El juego TD est\u00e1 dise\u00f1ado para usarse como herramienta en talleres relacionados con actividades de capacitaci\u00f3n&#8230; <a href=\"https:\/\/iai.int\/es\/juego-td\/\">Leer m\u00e1s<\/a><br><!-- end Post Card Slider --><\/p>\n\n\n\n<div style=\"height:46px\" aria-hidden=\"true\" class=\"wp-block-spacer\"><\/div>\n\n\n\n<h3 class=\"wp-block-heading\"><a href=\"https:\/\/iai.int\/es\/biblioteca-transdisciplinaria\/\">Visite la Biblioteca Transdisciplinaria>><\/a><\/h3>\n\n\n\n<figure><\/figure>\n\n\n\n<div style=\"height:100px\" aria-hidden=\"true\" class=\"wp-block-spacer\"><\/div>\n","protected":false},"excerpt":{"rendered":"<p>Una comunidad transdisciplinaria de ciencia y pol\u00edticas para abordar el cambio ambiental global en las Am\u00e9ricas El programa&nbsp; La transdisciplinariedad es un proceso de investigaci\u00f3n reflexivo que re\u00fane diversas perspectivas de diferentes disciplinas acad\u00e9micas y colaboradores no acad\u00e9micos (por ejemplo, profesionales, comunidades ind\u00edgenas y locales, administradores de recursos, etc.) para cocrear objetivos de investigaci\u00f3n para [&hellip;]<\/p>\n","protected":false},"author":1,"featured_media":7647,"parent":0,"menu_order":24,"comment_status":"closed","ping_status":"closed","template":"elementor_theme","meta":{"_acf_changed":false,"_uag_custom_page_level_css":"","footnotes":""},"class_list":["post-374","page","type-page","status-publish","has-post-thumbnail","hentry"],"acf":[],"yoast_head":"<!-- This site is optimized with the Yoast SEO plugin v27.3 - https:\/\/yoast.com\/product\/yoast-seo-wordpress\/ -->\n<title>Academia transdisciplinaria - IAI - Inter-American Institute for Global Change Research<\/title>\n<meta name=\"robots\" content=\"index, follow, max-snippet:-1, max-image-preview:large, max-video-preview:-1\" \/>\n<link rel=\"canonical\" href=\"https:\/\/iai.int\/es\/academia-transdisciplinaria\/\" \/>\n<meta property=\"og:locale\" content=\"es_ES\" \/>\n<meta property=\"og:type\" content=\"article\" \/>\n<meta property=\"og:title\" content=\"Academia transdisciplinaria - IAI - Inter-American Institute for Global Change Research\" \/>\n<meta property=\"og:description\" content=\"Una comunidad transdisciplinaria de ciencia y pol\u00edticas para abordar el cambio ambiental global en las Am\u00e9ricas El programa&nbsp; La transdisciplinariedad es un proceso de investigaci\u00f3n reflexivo que re\u00fane diversas perspectivas de diferentes disciplinas acad\u00e9micas y colaboradores no acad\u00e9micos (por ejemplo, profesionales, comunidades ind\u00edgenas y locales, administradores de recursos, etc.) para cocrear objetivos de investigaci\u00f3n para [&hellip;]\" \/>\n<meta property=\"og:url\" content=\"https:\/\/iai.int\/es\/academia-transdisciplinaria\/\" \/>\n<meta property=\"og:site_name\" content=\"IAI - Inter-American Institute for Global Change Research\" \/>\n<meta property=\"article:modified_time\" content=\"2026-01-22T22:03:36+00:00\" \/>\n<meta property=\"og:image\" content=\"https:\/\/iai.int\/wp-content\/uploads\/2025\/09\/Academia-Transdisciplinaria.png\" \/>\n\t<meta property=\"og:image:width\" content=\"1600\" \/>\n\t<meta property=\"og:image:height\" content=\"498\" \/>\n\t<meta property=\"og:image:type\" content=\"image\/png\" \/>\n<meta name=\"twitter:card\" content=\"summary_large_image\" \/>\n<meta name=\"twitter:label1\" content=\"Tiempo de lectura\" \/>\n\t<meta name=\"twitter:data1\" content=\"2 minutos\" \/>\n<script type=\"application\/ld+json\" class=\"yoast-schema-graph\">{\"@context\":\"https:\\\/\\\/schema.org\",\"@graph\":[{\"@type\":\"WebPage\",\"@id\":\"https:\\\/\\\/iai.int\\\/es\\\/academia-transdisciplinaria\\\/\",\"url\":\"https:\\\/\\\/iai.int\\\/es\\\/academia-transdisciplinaria\\\/\",\"name\":\"Academia transdisciplinaria - IAI - Inter-American Institute for Global Change Research\",\"isPartOf\":{\"@id\":\"https:\\\/\\\/iai.int\\\/es\\\/#website\"},\"primaryImageOfPage\":{\"@id\":\"https:\\\/\\\/iai.int\\\/es\\\/academia-transdisciplinaria\\\/#primaryimage\"},\"image\":{\"@id\":\"https:\\\/\\\/iai.int\\\/es\\\/academia-transdisciplinaria\\\/#primaryimage\"},\"thumbnailUrl\":\"https:\\\/\\\/iai.int\\\/wp-content\\\/uploads\\\/2025\\\/09\\\/Academia-Transdisciplinaria.png\",\"datePublished\":\"2024-08-28T23:27:55+00:00\",\"dateModified\":\"2026-01-22T22:03:36+00:00\",\"breadcrumb\":{\"@id\":\"https:\\\/\\\/iai.int\\\/es\\\/academia-transdisciplinaria\\\/#breadcrumb\"},\"inLanguage\":\"es\",\"potentialAction\":[{\"@type\":\"ReadAction\",\"target\":[\"https:\\\/\\\/iai.int\\\/es\\\/academia-transdisciplinaria\\\/\"]}]},{\"@type\":\"ImageObject\",\"inLanguage\":\"es\",\"@id\":\"https:\\\/\\\/iai.int\\\/es\\\/academia-transdisciplinaria\\\/#primaryimage\",\"url\":\"https:\\\/\\\/iai.int\\\/wp-content\\\/uploads\\\/2025\\\/09\\\/Academia-Transdisciplinaria.png\",\"contentUrl\":\"https:\\\/\\\/iai.int\\\/wp-content\\\/uploads\\\/2025\\\/09\\\/Academia-Transdisciplinaria.png\",\"width\":1600,\"height\":498},{\"@type\":\"BreadcrumbList\",\"@id\":\"https:\\\/\\\/iai.int\\\/es\\\/academia-transdisciplinaria\\\/#breadcrumb\",\"itemListElement\":[{\"@type\":\"ListItem\",\"position\":1,\"name\":\"Portada\",\"item\":\"https:\\\/\\\/iai.int\\\/es\\\/\"},{\"@type\":\"ListItem\",\"position\":2,\"name\":\"Academia transdisciplinaria\"}]},{\"@type\":\"WebSite\",\"@id\":\"https:\\\/\\\/iai.int\\\/es\\\/#website\",\"url\":\"https:\\\/\\\/iai.int\\\/es\\\/\",\"name\":\"IAI - Inter-American Institute for Global Change Research\",\"description\":\"\",\"publisher\":{\"@id\":\"https:\\\/\\\/iai.int\\\/es\\\/#organization\"},\"potentialAction\":[{\"@type\":\"SearchAction\",\"target\":{\"@type\":\"EntryPoint\",\"urlTemplate\":\"https:\\\/\\\/iai.int\\\/es\\\/?s={search_term_string}\"},\"query-input\":{\"@type\":\"PropertyValueSpecification\",\"valueRequired\":true,\"valueName\":\"search_term_string\"}}],\"inLanguage\":\"es\"},{\"@type\":\"Organization\",\"@id\":\"https:\\\/\\\/iai.int\\\/es\\\/#organization\",\"name\":\"IAI - Inter-American Institute for Global Change Research\",\"url\":\"https:\\\/\\\/iai.int\\\/es\\\/\",\"logo\":{\"@type\":\"ImageObject\",\"inLanguage\":\"es\",\"@id\":\"https:\\\/\\\/iai.int\\\/es\\\/#\\\/schema\\\/logo\\\/image\\\/\",\"url\":\"https:\\\/\\\/iai.int\\\/wp-content\\\/uploads\\\/2025\\\/11\\\/IAI-logo-English-scaled.png\",\"contentUrl\":\"https:\\\/\\\/iai.int\\\/wp-content\\\/uploads\\\/2025\\\/11\\\/IAI-logo-English-scaled.png\",\"width\":2560,\"height\":985,\"caption\":\"IAI - Inter-American Institute for Global Change Research\"},\"image\":{\"@id\":\"https:\\\/\\\/iai.int\\\/es\\\/#\\\/schema\\\/logo\\\/image\\\/\"}}]}<\/script>\n<!-- \/ Yoast SEO plugin. -->","yoast_head_json":{"title":"Academia transdisciplinaria - IAI - Inter-American Institute for Global Change Research","robots":{"index":"index","follow":"follow","max-snippet":"max-snippet:-1","max-image-preview":"max-image-preview:large","max-video-preview":"max-video-preview:-1"},"canonical":"https:\/\/iai.int\/es\/academia-transdisciplinaria\/","og_locale":"es_ES","og_type":"article","og_title":"Academia transdisciplinaria - IAI - Inter-American Institute for Global Change Research","og_description":"Una comunidad transdisciplinaria de ciencia y pol\u00edticas para abordar el cambio ambiental global en las Am\u00e9ricas El programa&nbsp; La transdisciplinariedad es un proceso de investigaci\u00f3n reflexivo que re\u00fane diversas perspectivas de diferentes disciplinas acad\u00e9micas y colaboradores no acad\u00e9micos (por ejemplo, profesionales, comunidades ind\u00edgenas y locales, administradores de recursos, etc.) para cocrear objetivos de investigaci\u00f3n para [&hellip;]","og_url":"https:\/\/iai.int\/es\/academia-transdisciplinaria\/","og_site_name":"IAI - Inter-American Institute for Global Change Research","article_modified_time":"2026-01-22T22:03:36+00:00","og_image":[{"width":1600,"height":498,"url":"https:\/\/iai.int\/wp-content\/uploads\/2025\/09\/Academia-Transdisciplinaria.png","type":"image\/png"}],"twitter_card":"summary_large_image","twitter_misc":{"Tiempo de lectura":"2 minutos"},"schema":{"@context":"https:\/\/schema.org","@graph":[{"@type":"WebPage","@id":"https:\/\/iai.int\/es\/academia-transdisciplinaria\/","url":"https:\/\/iai.int\/es\/academia-transdisciplinaria\/","name":"Academia transdisciplinaria - IAI - Inter-American Institute for Global Change Research","isPartOf":{"@id":"https:\/\/iai.int\/es\/#website"},"primaryImageOfPage":{"@id":"https:\/\/iai.int\/es\/academia-transdisciplinaria\/#primaryimage"},"image":{"@id":"https:\/\/iai.int\/es\/academia-transdisciplinaria\/#primaryimage"},"thumbnailUrl":"https:\/\/iai.int\/wp-content\/uploads\/2025\/09\/Academia-Transdisciplinaria.png","datePublished":"2024-08-28T23:27:55+00:00","dateModified":"2026-01-22T22:03:36+00:00","breadcrumb":{"@id":"https:\/\/iai.int\/es\/academia-transdisciplinaria\/#breadcrumb"},"inLanguage":"es","potentialAction":[{"@type":"ReadAction","target":["https:\/\/iai.int\/es\/academia-transdisciplinaria\/"]}]},{"@type":"ImageObject","inLanguage":"es","@id":"https:\/\/iai.int\/es\/academia-transdisciplinaria\/#primaryimage","url":"https:\/\/iai.int\/wp-content\/uploads\/2025\/09\/Academia-Transdisciplinaria.png","contentUrl":"https:\/\/iai.int\/wp-content\/uploads\/2025\/09\/Academia-Transdisciplinaria.png","width":1600,"height":498},{"@type":"BreadcrumbList","@id":"https:\/\/iai.int\/es\/academia-transdisciplinaria\/#breadcrumb","itemListElement":[{"@type":"ListItem","position":1,"name":"Portada","item":"https:\/\/iai.int\/es\/"},{"@type":"ListItem","position":2,"name":"Academia transdisciplinaria"}]},{"@type":"WebSite","@id":"https:\/\/iai.int\/es\/#website","url":"https:\/\/iai.int\/es\/","name":"IAI - Inter-American Institute for Global Change Research","description":"","publisher":{"@id":"https:\/\/iai.int\/es\/#organization"},"potentialAction":[{"@type":"SearchAction","target":{"@type":"EntryPoint","urlTemplate":"https:\/\/iai.int\/es\/?s={search_term_string}"},"query-input":{"@type":"PropertyValueSpecification","valueRequired":true,"valueName":"search_term_string"}}],"inLanguage":"es"},{"@type":"Organization","@id":"https:\/\/iai.int\/es\/#organization","name":"IAI - Inter-American Institute for Global Change Research","url":"https:\/\/iai.int\/es\/","logo":{"@type":"ImageObject","inLanguage":"es","@id":"https:\/\/iai.int\/es\/#\/schema\/logo\/image\/","url":"https:\/\/iai.int\/wp-content\/uploads\/2025\/11\/IAI-logo-English-scaled.png","contentUrl":"https:\/\/iai.int\/wp-content\/uploads\/2025\/11\/IAI-logo-English-scaled.png","width":2560,"height":985,"caption":"IAI - Inter-American Institute for Global Change Research"},"image":{"@id":"https:\/\/iai.int\/es\/#\/schema\/logo\/image\/"}}]}},"uagb_featured_image_src":{"full":["https:\/\/iai.int\/wp-content\/uploads\/2025\/09\/Academia-Transdisciplinaria.png",1600,498,false],"thumbnail":["https:\/\/iai.int\/wp-content\/uploads\/2025\/09\/Academia-Transdisciplinaria-150x150.png",150,150,true],"medium":["https:\/\/iai.int\/wp-content\/uploads\/2025\/09\/Academia-Transdisciplinaria-300x93.png",300,93,true],"medium_large":["https:\/\/iai.int\/wp-content\/uploads\/2025\/09\/Academia-Transdisciplinaria-768x239.png",768,239,true],"large":["https:\/\/iai.int\/wp-content\/uploads\/2025\/09\/Academia-Transdisciplinaria-1024x319.png",800,249,true],"1536x1536":["https:\/\/iai.int\/wp-content\/uploads\/2025\/09\/Academia-Transdisciplinaria-1536x478.png",1536,478,true],"2048x2048":["https:\/\/iai.int\/wp-content\/uploads\/2025\/09\/Academia-Transdisciplinaria.png",1600,498,false]},"uagb_author_info":{"display_name":"admin","author_link":"https:\/\/iai.int\/es\/author\/admin\/"},"uagb_comment_info":0,"uagb_excerpt":"Una comunidad transdisciplinaria de ciencia y pol\u00edticas para abordar el cambio ambiental global en las Am\u00e9ricas El programa&nbsp; La transdisciplinariedad es un proceso de investigaci\u00f3n reflexivo que re\u00fane diversas perspectivas de diferentes disciplinas acad\u00e9micas y colaboradores no acad\u00e9micos (por ejemplo, profesionales, comunidades ind\u00edgenas y locales, administradores de recursos, etc.) para cocrear objetivos de investigaci\u00f3n para&hellip;","_links":{"self":[{"href":"https:\/\/iai.int\/es\/wp-json\/wp\/v2\/pages\/374","targetHints":{"allow":["GET"]}}],"collection":[{"href":"https:\/\/iai.int\/es\/wp-json\/wp\/v2\/pages"}],"about":[{"href":"https:\/\/iai.int\/es\/wp-json\/wp\/v2\/types\/page"}],"author":[{"embeddable":true,"href":"https:\/\/iai.int\/es\/wp-json\/wp\/v2\/users\/1"}],"replies":[{"embeddable":true,"href":"https:\/\/iai.int\/es\/wp-json\/wp\/v2\/comments?post=374"}],"version-history":[{"count":33,"href":"https:\/\/iai.int\/es\/wp-json\/wp\/v2\/pages\/374\/revisions"}],"predecessor-version":[{"id":14109,"href":"https:\/\/iai.int\/es\/wp-json\/wp\/v2\/pages\/374\/revisions\/14109"}],"wp:featuredmedia":[{"embeddable":true,"href":"https:\/\/iai.int\/es\/wp-json\/wp\/v2\/media\/7647"}],"wp:attachment":[{"href":"https:\/\/iai.int\/es\/wp-json\/wp\/v2\/media?parent=374"}],"curies":[{"name":"wp","href":"https:\/\/api.w.org\/{rel}","templated":true}]}}