{"id":372,"date":"2024-08-28T20:27:22","date_gmt":"2024-08-28T23:27:22","guid":{"rendered":"https:\/\/iai.int\/?page_id=372"},"modified":"2025-11-13T17:34:05","modified_gmt":"2025-11-13T22:34:05","slug":"step-fellowship","status":"publish","type":"page","link":"https:\/\/iai.int\/es\/step-fellowship\/","title":{"rendered":"Fellowship STeP"},"content":{"rendered":"\n<p><strong>El Programa de <em>Fellowship<\/em> de Ciencia Tecnolog\u00eda Pol\u00edticas<\/strong> (STeP, por sus siglas en ingl\u00e9s) del Instituto Interamericano para la Investigaci\u00f3n del Cambio Global (IAI) es una iniciativa pionera que busca fortalecer la interfaz entre la ciencia y las pol\u00edticas p\u00fablicas en las Am\u00e9ricas.<\/p>\n\n\n\n<p>En esta secci\u00f3n, usted puede conocer m\u00e1s sobre el programa de <em>Fellowship<\/em> STeP, hacer una b\u00fasqueda en el directorio de <em>fellows<\/em> actuales y anteriores, y m\u00e1s.<\/p>\n\n\n\n<ul class=\"wp-block-list\">\n<li><a href=\"https:\/\/iai.int\/es\/step-fellowship\/que-es-step\/\" data-type=\"page\" data-id=\"8322\">Qu\u00e9 es STeP<\/a><\/li>\n\n\n\n<li><a href=\"https:\/\/iai.int\/es\/step-fellowship\/step-directorio\/\" data-type=\"page\" data-id=\"8332\">Directorio<\/a><\/li>\n\n\n\n<li><a href=\"https:\/\/iai.int\/es\/step-fellowship\/step-impacto\/\" data-type=\"page\" data-id=\"8338\">Impacto<\/a><\/li>\n\n\n\n<li><a href=\"https:\/\/iai.int\/es\/step-fellowship\/step-conferencias-step\/\" data-type=\"page\" data-id=\"8344\">Conferencias STeP<\/a><\/li>\n\n\n\n<li><a href=\"https:\/\/iai.int\/es\/cohorte-programa-step-20252027-biodiversidad-y-bioeconomia\/\" data-type=\"page\" data-id=\"11277\">Novedades STeP<\/a><\/li>\n<\/ul>\n\n\n\n<div style=\"height:50px\" aria-hidden=\"true\" class=\"wp-block-spacer\"><\/div>\n\n\n\n<p><\/p>\n","protected":false},"excerpt":{"rendered":"<p>El Programa de Fellowship de Ciencia Tecnolog\u00eda Pol\u00edticas (STeP, por sus siglas en ingl\u00e9s) del Instituto Interamericano para la Investigaci\u00f3n del Cambio Global (IAI) es una iniciativa pionera que busca fortalecer la interfaz entre la ciencia y las pol\u00edticas p\u00fablicas en las Am\u00e9ricas. En esta secci\u00f3n, usted puede conocer m\u00e1s sobre el programa de Fellowship [&hellip;]<\/p>\n","protected":false},"author":1,"featured_media":11273,"parent":0,"menu_order":23,"comment_status":"closed","ping_status":"closed","template":"elementor_theme","meta":{"_acf_changed":false,"_uag_custom_page_level_css":"","footnotes":""},"class_list":["post-372","page","type-page","status-publish","has-post-thumbnail","hentry"],"acf":[],"yoast_head":"<!-- This site is optimized with the Yoast SEO plugin v27.3 - https:\/\/yoast.com\/product\/yoast-seo-wordpress\/ -->\n<title>Fellowship STeP - IAI - Inter-American Institute for Global Change Research<\/title>\n<meta name=\"robots\" content=\"index, follow, max-snippet:-1, max-image-preview:large, max-video-preview:-1\" \/>\n<link rel=\"canonical\" href=\"https:\/\/iai.int\/es\/step-fellowship\/\" \/>\n<meta property=\"og:locale\" content=\"es_ES\" \/>\n<meta property=\"og:type\" content=\"article\" \/>\n<meta property=\"og:title\" content=\"Fellowship STeP - IAI - Inter-American Institute for Global Change Research\" \/>\n<meta property=\"og:description\" content=\"El Programa de Fellowship de Ciencia Tecnolog\u00eda Pol\u00edticas (STeP, por sus siglas en ingl\u00e9s) del Instituto Interamericano para la Investigaci\u00f3n del Cambio Global (IAI) es una iniciativa pionera que busca fortalecer la interfaz entre la ciencia y las pol\u00edticas p\u00fablicas en las Am\u00e9ricas. En esta secci\u00f3n, usted puede conocer m\u00e1s sobre el programa de Fellowship [&hellip;]\" \/>\n<meta property=\"og:url\" content=\"https:\/\/iai.int\/es\/step-fellowship\/\" \/>\n<meta property=\"og:site_name\" content=\"IAI - Inter-American Institute for Global Change Research\" \/>\n<meta property=\"article:modified_time\" content=\"2025-11-13T22:34:05+00:00\" \/>\n<meta property=\"og:image\" content=\"https:\/\/iai.int\/wp-content\/uploads\/2025\/11\/step-1-1.png\" \/>\n\t<meta property=\"og:image:width\" content=\"1772\" \/>\n\t<meta property=\"og:image:height\" content=\"551\" \/>\n\t<meta property=\"og:image:type\" content=\"image\/png\" \/>\n<meta name=\"twitter:card\" content=\"summary_large_image\" \/>\n<script type=\"application\/ld+json\" class=\"yoast-schema-graph\">{\"@context\":\"https:\\\/\\\/schema.org\",\"@graph\":[{\"@type\":\"WebPage\",\"@id\":\"https:\\\/\\\/iai.int\\\/es\\\/step-fellowship\\\/\",\"url\":\"https:\\\/\\\/iai.int\\\/es\\\/step-fellowship\\\/\",\"name\":\"Fellowship STeP - IAI - Inter-American Institute for Global Change Research\",\"isPartOf\":{\"@id\":\"https:\\\/\\\/iai.int\\\/es\\\/#website\"},\"primaryImageOfPage\":{\"@id\":\"https:\\\/\\\/iai.int\\\/es\\\/step-fellowship\\\/#primaryimage\"},\"image\":{\"@id\":\"https:\\\/\\\/iai.int\\\/es\\\/step-fellowship\\\/#primaryimage\"},\"thumbnailUrl\":\"https:\\\/\\\/iai.int\\\/wp-content\\\/uploads\\\/2025\\\/11\\\/step-1-1.png\",\"datePublished\":\"2024-08-28T23:27:22+00:00\",\"dateModified\":\"2025-11-13T22:34:05+00:00\",\"breadcrumb\":{\"@id\":\"https:\\\/\\\/iai.int\\\/es\\\/step-fellowship\\\/#breadcrumb\"},\"inLanguage\":\"es\",\"potentialAction\":[{\"@type\":\"ReadAction\",\"target\":[\"https:\\\/\\\/iai.int\\\/es\\\/step-fellowship\\\/\"]}]},{\"@type\":\"ImageObject\",\"inLanguage\":\"es\",\"@id\":\"https:\\\/\\\/iai.int\\\/es\\\/step-fellowship\\\/#primaryimage\",\"url\":\"https:\\\/\\\/iai.int\\\/wp-content\\\/uploads\\\/2025\\\/11\\\/step-1-1.png\",\"contentUrl\":\"https:\\\/\\\/iai.int\\\/wp-content\\\/uploads\\\/2025\\\/11\\\/step-1-1.png\",\"width\":1772,\"height\":551},{\"@type\":\"BreadcrumbList\",\"@id\":\"https:\\\/\\\/iai.int\\\/es\\\/step-fellowship\\\/#breadcrumb\",\"itemListElement\":[{\"@type\":\"ListItem\",\"position\":1,\"name\":\"Portada\",\"item\":\"https:\\\/\\\/iai.int\\\/es\\\/\"},{\"@type\":\"ListItem\",\"position\":2,\"name\":\"Fellowship STeP\"}]},{\"@type\":\"WebSite\",\"@id\":\"https:\\\/\\\/iai.int\\\/es\\\/#website\",\"url\":\"https:\\\/\\\/iai.int\\\/es\\\/\",\"name\":\"IAI - Inter-American Institute for Global Change Research\",\"description\":\"\",\"publisher\":{\"@id\":\"https:\\\/\\\/iai.int\\\/es\\\/#organization\"},\"potentialAction\":[{\"@type\":\"SearchAction\",\"target\":{\"@type\":\"EntryPoint\",\"urlTemplate\":\"https:\\\/\\\/iai.int\\\/es\\\/?s={search_term_string}\"},\"query-input\":{\"@type\":\"PropertyValueSpecification\",\"valueRequired\":true,\"valueName\":\"search_term_string\"}}],\"inLanguage\":\"es\"},{\"@type\":\"Organization\",\"@id\":\"https:\\\/\\\/iai.int\\\/es\\\/#organization\",\"name\":\"IAI - Inter-American Institute for Global Change Research\",\"url\":\"https:\\\/\\\/iai.int\\\/es\\\/\",\"logo\":{\"@type\":\"ImageObject\",\"inLanguage\":\"es\",\"@id\":\"https:\\\/\\\/iai.int\\\/es\\\/#\\\/schema\\\/logo\\\/image\\\/\",\"url\":\"https:\\\/\\\/iai.int\\\/wp-content\\\/uploads\\\/2025\\\/11\\\/IAI-logo-English-scaled.png\",\"contentUrl\":\"https:\\\/\\\/iai.int\\\/wp-content\\\/uploads\\\/2025\\\/11\\\/IAI-logo-English-scaled.png\",\"width\":2560,\"height\":985,\"caption\":\"IAI - Inter-American Institute for Global Change Research\"},\"image\":{\"@id\":\"https:\\\/\\\/iai.int\\\/es\\\/#\\\/schema\\\/logo\\\/image\\\/\"}}]}<\/script>\n<!-- \/ Yoast SEO plugin. -->","yoast_head_json":{"title":"Fellowship STeP - IAI - Inter-American Institute for Global Change Research","robots":{"index":"index","follow":"follow","max-snippet":"max-snippet:-1","max-image-preview":"max-image-preview:large","max-video-preview":"max-video-preview:-1"},"canonical":"https:\/\/iai.int\/es\/step-fellowship\/","og_locale":"es_ES","og_type":"article","og_title":"Fellowship STeP - IAI - Inter-American Institute for Global Change Research","og_description":"El Programa de Fellowship de Ciencia Tecnolog\u00eda Pol\u00edticas (STeP, por sus siglas en ingl\u00e9s) del Instituto Interamericano para la Investigaci\u00f3n del Cambio Global (IAI) es una iniciativa pionera que busca fortalecer la interfaz entre la ciencia y las pol\u00edticas p\u00fablicas en las Am\u00e9ricas. En esta secci\u00f3n, usted puede conocer m\u00e1s sobre el programa de Fellowship [&hellip;]","og_url":"https:\/\/iai.int\/es\/step-fellowship\/","og_site_name":"IAI - Inter-American Institute for Global Change Research","article_modified_time":"2025-11-13T22:34:05+00:00","og_image":[{"width":1772,"height":551,"url":"https:\/\/iai.int\/wp-content\/uploads\/2025\/11\/step-1-1.png","type":"image\/png"}],"twitter_card":"summary_large_image","schema":{"@context":"https:\/\/schema.org","@graph":[{"@type":"WebPage","@id":"https:\/\/iai.int\/es\/step-fellowship\/","url":"https:\/\/iai.int\/es\/step-fellowship\/","name":"Fellowship STeP - IAI - Inter-American Institute for Global Change Research","isPartOf":{"@id":"https:\/\/iai.int\/es\/#website"},"primaryImageOfPage":{"@id":"https:\/\/iai.int\/es\/step-fellowship\/#primaryimage"},"image":{"@id":"https:\/\/iai.int\/es\/step-fellowship\/#primaryimage"},"thumbnailUrl":"https:\/\/iai.int\/wp-content\/uploads\/2025\/11\/step-1-1.png","datePublished":"2024-08-28T23:27:22+00:00","dateModified":"2025-11-13T22:34:05+00:00","breadcrumb":{"@id":"https:\/\/iai.int\/es\/step-fellowship\/#breadcrumb"},"inLanguage":"es","potentialAction":[{"@type":"ReadAction","target":["https:\/\/iai.int\/es\/step-fellowship\/"]}]},{"@type":"ImageObject","inLanguage":"es","@id":"https:\/\/iai.int\/es\/step-fellowship\/#primaryimage","url":"https:\/\/iai.int\/wp-content\/uploads\/2025\/11\/step-1-1.png","contentUrl":"https:\/\/iai.int\/wp-content\/uploads\/2025\/11\/step-1-1.png","width":1772,"height":551},{"@type":"BreadcrumbList","@id":"https:\/\/iai.int\/es\/step-fellowship\/#breadcrumb","itemListElement":[{"@type":"ListItem","position":1,"name":"Portada","item":"https:\/\/iai.int\/es\/"},{"@type":"ListItem","position":2,"name":"Fellowship STeP"}]},{"@type":"WebSite","@id":"https:\/\/iai.int\/es\/#website","url":"https:\/\/iai.int\/es\/","name":"IAI - Inter-American Institute for Global Change Research","description":"","publisher":{"@id":"https:\/\/iai.int\/es\/#organization"},"potentialAction":[{"@type":"SearchAction","target":{"@type":"EntryPoint","urlTemplate":"https:\/\/iai.int\/es\/?s={search_term_string}"},"query-input":{"@type":"PropertyValueSpecification","valueRequired":true,"valueName":"search_term_string"}}],"inLanguage":"es"},{"@type":"Organization","@id":"https:\/\/iai.int\/es\/#organization","name":"IAI - Inter-American Institute for Global Change Research","url":"https:\/\/iai.int\/es\/","logo":{"@type":"ImageObject","inLanguage":"es","@id":"https:\/\/iai.int\/es\/#\/schema\/logo\/image\/","url":"https:\/\/iai.int\/wp-content\/uploads\/2025\/11\/IAI-logo-English-scaled.png","contentUrl":"https:\/\/iai.int\/wp-content\/uploads\/2025\/11\/IAI-logo-English-scaled.png","width":2560,"height":985,"caption":"IAI - Inter-American Institute for Global Change Research"},"image":{"@id":"https:\/\/iai.int\/es\/#\/schema\/logo\/image\/"}}]}},"uagb_featured_image_src":{"full":["https:\/\/iai.int\/wp-content\/uploads\/2025\/11\/step-1-1.png",1772,551,false],"thumbnail":["https:\/\/iai.int\/wp-content\/uploads\/2025\/11\/step-1-1-150x150.png",150,150,true],"medium":["https:\/\/iai.int\/wp-content\/uploads\/2025\/11\/step-1-1-300x93.png",300,93,true],"medium_large":["https:\/\/iai.int\/wp-content\/uploads\/2025\/11\/step-1-1-768x239.png",768,239,true],"large":["https:\/\/iai.int\/wp-content\/uploads\/2025\/11\/step-1-1-1024x318.png",800,248,true],"1536x1536":["https:\/\/iai.int\/wp-content\/uploads\/2025\/11\/step-1-1-1536x478.png",1536,478,true],"2048x2048":["https:\/\/iai.int\/wp-content\/uploads\/2025\/11\/step-1-1.png",1772,551,false]},"uagb_author_info":{"display_name":"admin","author_link":"https:\/\/iai.int\/es\/author\/admin\/"},"uagb_comment_info":0,"uagb_excerpt":"El Programa de Fellowship de Ciencia Tecnolog\u00eda Pol\u00edticas (STeP, por sus siglas en ingl\u00e9s) del Instituto Interamericano para la Investigaci\u00f3n del Cambio Global (IAI) es una iniciativa pionera que busca fortalecer la interfaz entre la ciencia y las pol\u00edticas p\u00fablicas en las Am\u00e9ricas. En esta secci\u00f3n, usted puede conocer m\u00e1s sobre el programa de Fellowship&hellip;","_links":{"self":[{"href":"https:\/\/iai.int\/es\/wp-json\/wp\/v2\/pages\/372","targetHints":{"allow":["GET"]}}],"collection":[{"href":"https:\/\/iai.int\/es\/wp-json\/wp\/v2\/pages"}],"about":[{"href":"https:\/\/iai.int\/es\/wp-json\/wp\/v2\/types\/page"}],"author":[{"embeddable":true,"href":"https:\/\/iai.int\/es\/wp-json\/wp\/v2\/users\/1"}],"replies":[{"embeddable":true,"href":"https:\/\/iai.int\/es\/wp-json\/wp\/v2\/comments?post=372"}],"version-history":[{"count":77,"href":"https:\/\/iai.int\/es\/wp-json\/wp\/v2\/pages\/372\/revisions"}],"predecessor-version":[{"id":11343,"href":"https:\/\/iai.int\/es\/wp-json\/wp\/v2\/pages\/372\/revisions\/11343"}],"wp:featuredmedia":[{"embeddable":true,"href":"https:\/\/iai.int\/es\/wp-json\/wp\/v2\/media\/11273"}],"wp:attachment":[{"href":"https:\/\/iai.int\/es\/wp-json\/wp\/v2\/media?parent=372"}],"curies":[{"name":"wp","href":"https:\/\/api.w.org\/{rel}","templated":true}]}}