{"id":368,"date":"2024-08-28T20:26:08","date_gmt":"2024-08-28T23:26:08","guid":{"rendered":"https:\/\/iai.int\/?page_id=368"},"modified":"2026-02-14T12:41:07","modified_gmt":"2026-02-14T17:41:07","slug":"proyectos-de-investigacion","status":"publish","type":"page","link":"https:\/\/iai.int\/es\/proyectos-de-investigacion\/","title":{"rendered":"Programa de Ciencia"},"content":{"rendered":"\n<p>El Programa de Ciencia del IAI se basa en la amplia&nbsp;<strong><a href=\"https:\/\/iai.int\/como-trabajamos\/agenda-cientifica\/\">Agenda Cient\u00edfica<\/a><\/strong>&nbsp;del Instituto y tiene por objeto cumplir la misi\u00f3n del IAI. Surge de una estrategia de integraci\u00f3n entre las ciencias naturales y las sociales, en un importante esfuerzo interdisciplinario dirigido a brindar informaci\u00f3n cient\u00edfica \u00fatil a los tomadores de decisiones y los encargados de formular pol\u00edticas de las Am\u00e9ricas que trabajan en \u00e1reas que tienen relaci\u00f3n con el cambio global.<\/p>\n\n\n\n<p><\/p>\n\n\n\n<h2 class=\"wp-block-heading\">\u00c1reas de trabajo<\/h2>\n\n\n\n<hr class=\"wp-block-separator has-alpha-channel-opacity\"\/>\n\n\n\n<p><\/p>\n\n\n\n<h3 class=\"wp-block-heading\">Proyectos de investigaci\u00f3n<\/h3>\n\n\n\n<p><\/p>\n\n\n\n<h4 class=\"wp-block-heading\">Programas actuales<\/h4>\n\n\n\n<ul class=\"wp-block-list\">\n<li><strong><a href=\"https:\/\/iai.int\/es\/bosques-tropicales-implicaciones-globales-y-acciones-urgentes\/\">Bosques tropicales: implicaciones globales y acciones urgentes <\/a><\/strong>(2025)<\/li>\n<\/ul>\n\n\n\n<p><\/p>\n\n\n\n<ul class=\"wp-block-list\">\n<li><a href=\"https:\/\/iai.int\/es\/accion-de-investigacion-colaborativa-de-belmont-forum-para-abordajes-integrados-en-migracion-movilidad-humana-en-una-era-de-cambio-global-rapido\/\" data-type=\"page\" data-id=\"787\"><strong>Acci\u00f3n de Investigaci\u00f3n Colaborativa de Belmont Forum para abordajes integrados en migraci\u00f3n\/movilidad humana en una era de cambio global r\u00e1pido<\/strong><\/a> (2023)<\/li>\n<\/ul>\n\n\n\n<p><\/p>\n\n\n\n<ul class=\"wp-block-list\">\n<li><a href=\"https:\/\/iai.int\/es\/respuesta-en-clima-y-ambiente-para-la-salud-en-las-americas-del-conocimiento-y-la-formacion-transdisciplinarios-a-las-politicas-publicas\/\" data-type=\"page\" data-id=\"792\"><strong>Respuesta en Clima y Ambiente para la Salud en las Am\u00e9ricas &#8211; Del conocimiento y la formaci\u00f3n transdisciplinarios a las pol\u00edticas p\u00fablicas<\/strong><\/a> (2022)<br><\/li>\n<\/ul>\n\n\n\n<div style=\"height:27px\" aria-hidden=\"true\" class=\"wp-block-spacer\"><\/div>\n\n\n\n<h4 class=\"wp-block-heading\"><a href=\"https:\/\/iai.int\/es\/programas-pasados\/\" data-type=\"page\" data-id=\"6531\">Ver programas pasados<\/a><a href=\"https:\/\/iai.int\/es\/programas-pasados\/\">&gt;&gt;<\/a><\/h4>\n\n\n\n<div style=\"height:27px\" aria-hidden=\"true\" class=\"wp-block-spacer\"><\/div>\n\n\n\n<hr class=\"wp-block-separator has-alpha-channel-opacity\"\/>\n\n\n\n<p><\/p>\n\n\n\n<h3 class=\"wp-block-heading\">Proyectos gestionados por el IAI<\/h3>\n\n\n\n<p><\/p>\n\n\n\n<h4 class=\"wp-block-heading\">Programas actuales<\/h4>\n\n\n\n<p><strong>Catalizando colaboraciones no convencionales en el Sur Global para la adaptaci\u00f3n basada en ecosistemas urbanos (EbA) (2025) <\/strong><a href=\"https:\/\/iai.int\/es\/catalizando-colaboraciones-no-convencionales-en-el-sur-global-para-la-adaptacion-basada-en-ecosistemas-urbanos-eba\/\" data-type=\"link\" data-id=\"https:\/\/iai.int\/es\/catalizando-colaboraciones-no-convencionales-en-el-sur-global-para-la-adaptacion-basada-en-ecosistemas-urbanos-eba\/\">Conozca m\u00e1s &gt;&gt;<\/a><\/p>\n\n\n\n<p><strong>\u00c9tica y gobernanza de la investigaci\u00f3n sobre el enfriamiento de la Tierra: de los conceptos a la implementaci\u00f3n (2025) <\/strong><a href=\"https:\/\/iai.int\/es\/etica-y-gobernanza-de-la-investigacion-sobre-el-enfriamiento-de-la-tierra-de-los-conceptos-a-la-implementacion\/\" data-type=\"link\" data-id=\"https:\/\/iai.int\/es\/etica-y-gobernanza-de-la-investigacion-sobre-el-enfriamiento-de-la-tierra-de-los-conceptos-a-la-implementacion\/\">Conozca m\u00e1s &gt;&gt;<\/a><\/p>\n\n\n\n<p><\/p>\n\n\n\n<h4 class=\"wp-block-heading\"><a href=\"https:\/\/iai.int\/es\/proyectos-gestionados-por-el-iai\/\" data-type=\"link\" data-id=\"https:\/\/iai.int\/es\/proyectos-gestionados-por-el-iai\/\"><strong>Vea los programas pasados &gt;&gt;<\/strong><\/a><\/h4>\n\n\n\n<div style=\"height:45px\" aria-hidden=\"true\" class=\"wp-block-spacer\"><\/div>\n\n\n\n<hr class=\"wp-block-separator has-alpha-channel-opacity\"\/>\n\n\n\n<p><\/p>\n\n\n\n<h3 class=\"wp-block-heading\">Academia Transdisciplinaria<\/h3>\n\n\n\n<p>La TD Academy del IAI proporciona capacitaci\u00f3n sobre enfoques y habilidades de ciencia transdisciplinaria (TD por sus siglas en ingl\u00e9s) para avanzar en el conocimiento y la pr\u00e1ctica de la investigaci\u00f3n del cambio ambiental global e informar la toma de decisiones en los sectores p\u00fablico y privado. La academia tambi\u00e9n facilitar\u00e1 el intercambio de informaci\u00f3n, las mejores pr\u00e1cticas y el di\u00e1logo regional. <a href=\"https:\/\/iai.int\/es\/academia-transdisciplinaria\/\" data-type=\"link\" data-id=\"https:\/\/iai.int\/es\/academia-transdisciplinaria\/\">Conozca m\u00e1s &gt;&gt;<\/a><\/p>\n\n\n\n<div style=\"height:52px\" aria-hidden=\"true\" class=\"wp-block-spacer\"><\/div>\n","protected":false},"excerpt":{"rendered":"<p>El Programa de Ciencia del IAI se basa en la amplia&nbsp;Agenda Cient\u00edfica&nbsp;del Instituto y tiene por objeto cumplir la misi\u00f3n del IAI. Surge de una estrategia de integraci\u00f3n entre las ciencias naturales y las sociales, en un importante esfuerzo interdisciplinario dirigido a brindar informaci\u00f3n cient\u00edfica \u00fatil a los tomadores de decisiones y los encargados de [&hellip;]<\/p>\n","protected":false},"author":1,"featured_media":7639,"parent":0,"menu_order":21,"comment_status":"closed","ping_status":"closed","template":"elementor_theme","meta":{"_acf_changed":false,"_uag_custom_page_level_css":"","footnotes":""},"class_list":["post-368","page","type-page","status-publish","has-post-thumbnail","hentry"],"acf":[],"yoast_head":"<!-- This site is optimized with the Yoast SEO plugin v27.3 - https:\/\/yoast.com\/product\/yoast-seo-wordpress\/ -->\n<title>Programa de Ciencia - IAI - Inter-American Institute for Global Change Research<\/title>\n<meta name=\"robots\" content=\"index, follow, max-snippet:-1, max-image-preview:large, max-video-preview:-1\" \/>\n<link rel=\"canonical\" href=\"https:\/\/iai.int\/es\/proyectos-de-investigacion\/\" \/>\n<meta property=\"og:locale\" content=\"es_ES\" \/>\n<meta property=\"og:type\" content=\"article\" \/>\n<meta property=\"og:title\" content=\"Programa de Ciencia - IAI - Inter-American Institute for Global Change Research\" \/>\n<meta property=\"og:description\" content=\"El Programa de Ciencia del IAI se basa en la amplia&nbsp;Agenda Cient\u00edfica&nbsp;del Instituto y tiene por objeto cumplir la misi\u00f3n del IAI. Surge de una estrategia de integraci\u00f3n entre las ciencias naturales y las sociales, en un importante esfuerzo interdisciplinario dirigido a brindar informaci\u00f3n cient\u00edfica \u00fatil a los tomadores de decisiones y los encargados de [&hellip;]\" \/>\n<meta property=\"og:url\" content=\"https:\/\/iai.int\/es\/proyectos-de-investigacion\/\" \/>\n<meta property=\"og:site_name\" content=\"IAI - Inter-American Institute for Global Change Research\" \/>\n<meta property=\"article:modified_time\" content=\"2026-02-14T17:41:07+00:00\" \/>\n<meta property=\"og:image\" content=\"https:\/\/iai.int\/wp-content\/uploads\/2025\/09\/Proyectos-de-investigacion-1.png\" \/>\n\t<meta property=\"og:image:width\" content=\"1600\" \/>\n\t<meta property=\"og:image:height\" content=\"498\" \/>\n\t<meta property=\"og:image:type\" content=\"image\/png\" \/>\n<meta name=\"twitter:card\" content=\"summary_large_image\" \/>\n<meta name=\"twitter:label1\" content=\"Tiempo de lectura\" \/>\n\t<meta name=\"twitter:data1\" content=\"1 minuto\" \/>\n<script type=\"application\/ld+json\" class=\"yoast-schema-graph\">{\"@context\":\"https:\\\/\\\/schema.org\",\"@graph\":[{\"@type\":\"WebPage\",\"@id\":\"https:\\\/\\\/iai.int\\\/es\\\/proyectos-de-investigacion\\\/\",\"url\":\"https:\\\/\\\/iai.int\\\/es\\\/proyectos-de-investigacion\\\/\",\"name\":\"Programa de Ciencia - IAI - Inter-American Institute for Global Change Research\",\"isPartOf\":{\"@id\":\"https:\\\/\\\/iai.int\\\/es\\\/#website\"},\"primaryImageOfPage\":{\"@id\":\"https:\\\/\\\/iai.int\\\/es\\\/proyectos-de-investigacion\\\/#primaryimage\"},\"image\":{\"@id\":\"https:\\\/\\\/iai.int\\\/es\\\/proyectos-de-investigacion\\\/#primaryimage\"},\"thumbnailUrl\":\"https:\\\/\\\/iai.int\\\/wp-content\\\/uploads\\\/2025\\\/09\\\/Proyectos-de-investigacion-1.png\",\"datePublished\":\"2024-08-28T23:26:08+00:00\",\"dateModified\":\"2026-02-14T17:41:07+00:00\",\"breadcrumb\":{\"@id\":\"https:\\\/\\\/iai.int\\\/es\\\/proyectos-de-investigacion\\\/#breadcrumb\"},\"inLanguage\":\"es\",\"potentialAction\":[{\"@type\":\"ReadAction\",\"target\":[\"https:\\\/\\\/iai.int\\\/es\\\/proyectos-de-investigacion\\\/\"]}]},{\"@type\":\"ImageObject\",\"inLanguage\":\"es\",\"@id\":\"https:\\\/\\\/iai.int\\\/es\\\/proyectos-de-investigacion\\\/#primaryimage\",\"url\":\"https:\\\/\\\/iai.int\\\/wp-content\\\/uploads\\\/2025\\\/09\\\/Proyectos-de-investigacion-1.png\",\"contentUrl\":\"https:\\\/\\\/iai.int\\\/wp-content\\\/uploads\\\/2025\\\/09\\\/Proyectos-de-investigacion-1.png\",\"width\":1600,\"height\":498},{\"@type\":\"BreadcrumbList\",\"@id\":\"https:\\\/\\\/iai.int\\\/es\\\/proyectos-de-investigacion\\\/#breadcrumb\",\"itemListElement\":[{\"@type\":\"ListItem\",\"position\":1,\"name\":\"Portada\",\"item\":\"https:\\\/\\\/iai.int\\\/es\\\/\"},{\"@type\":\"ListItem\",\"position\":2,\"name\":\"Programa de Ciencia\"}]},{\"@type\":\"WebSite\",\"@id\":\"https:\\\/\\\/iai.int\\\/es\\\/#website\",\"url\":\"https:\\\/\\\/iai.int\\\/es\\\/\",\"name\":\"IAI - Inter-American Institute for Global Change Research\",\"description\":\"\",\"publisher\":{\"@id\":\"https:\\\/\\\/iai.int\\\/es\\\/#organization\"},\"potentialAction\":[{\"@type\":\"SearchAction\",\"target\":{\"@type\":\"EntryPoint\",\"urlTemplate\":\"https:\\\/\\\/iai.int\\\/es\\\/?s={search_term_string}\"},\"query-input\":{\"@type\":\"PropertyValueSpecification\",\"valueRequired\":true,\"valueName\":\"search_term_string\"}}],\"inLanguage\":\"es\"},{\"@type\":\"Organization\",\"@id\":\"https:\\\/\\\/iai.int\\\/es\\\/#organization\",\"name\":\"IAI - Inter-American Institute for Global Change Research\",\"url\":\"https:\\\/\\\/iai.int\\\/es\\\/\",\"logo\":{\"@type\":\"ImageObject\",\"inLanguage\":\"es\",\"@id\":\"https:\\\/\\\/iai.int\\\/es\\\/#\\\/schema\\\/logo\\\/image\\\/\",\"url\":\"https:\\\/\\\/iai.int\\\/wp-content\\\/uploads\\\/2025\\\/11\\\/IAI-logo-English-scaled.png\",\"contentUrl\":\"https:\\\/\\\/iai.int\\\/wp-content\\\/uploads\\\/2025\\\/11\\\/IAI-logo-English-scaled.png\",\"width\":2560,\"height\":985,\"caption\":\"IAI - Inter-American Institute for Global Change Research\"},\"image\":{\"@id\":\"https:\\\/\\\/iai.int\\\/es\\\/#\\\/schema\\\/logo\\\/image\\\/\"}}]}<\/script>\n<!-- \/ Yoast SEO plugin. -->","yoast_head_json":{"title":"Programa de Ciencia - IAI - Inter-American Institute for Global Change Research","robots":{"index":"index","follow":"follow","max-snippet":"max-snippet:-1","max-image-preview":"max-image-preview:large","max-video-preview":"max-video-preview:-1"},"canonical":"https:\/\/iai.int\/es\/proyectos-de-investigacion\/","og_locale":"es_ES","og_type":"article","og_title":"Programa de Ciencia - IAI - Inter-American Institute for Global Change Research","og_description":"El Programa de Ciencia del IAI se basa en la amplia&nbsp;Agenda Cient\u00edfica&nbsp;del Instituto y tiene por objeto cumplir la misi\u00f3n del IAI. Surge de una estrategia de integraci\u00f3n entre las ciencias naturales y las sociales, en un importante esfuerzo interdisciplinario dirigido a brindar informaci\u00f3n cient\u00edfica \u00fatil a los tomadores de decisiones y los encargados de [&hellip;]","og_url":"https:\/\/iai.int\/es\/proyectos-de-investigacion\/","og_site_name":"IAI - Inter-American Institute for Global Change Research","article_modified_time":"2026-02-14T17:41:07+00:00","og_image":[{"width":1600,"height":498,"url":"https:\/\/iai.int\/wp-content\/uploads\/2025\/09\/Proyectos-de-investigacion-1.png","type":"image\/png"}],"twitter_card":"summary_large_image","twitter_misc":{"Tiempo de lectura":"1 minuto"},"schema":{"@context":"https:\/\/schema.org","@graph":[{"@type":"WebPage","@id":"https:\/\/iai.int\/es\/proyectos-de-investigacion\/","url":"https:\/\/iai.int\/es\/proyectos-de-investigacion\/","name":"Programa de Ciencia - IAI - Inter-American Institute for Global Change Research","isPartOf":{"@id":"https:\/\/iai.int\/es\/#website"},"primaryImageOfPage":{"@id":"https:\/\/iai.int\/es\/proyectos-de-investigacion\/#primaryimage"},"image":{"@id":"https:\/\/iai.int\/es\/proyectos-de-investigacion\/#primaryimage"},"thumbnailUrl":"https:\/\/iai.int\/wp-content\/uploads\/2025\/09\/Proyectos-de-investigacion-1.png","datePublished":"2024-08-28T23:26:08+00:00","dateModified":"2026-02-14T17:41:07+00:00","breadcrumb":{"@id":"https:\/\/iai.int\/es\/proyectos-de-investigacion\/#breadcrumb"},"inLanguage":"es","potentialAction":[{"@type":"ReadAction","target":["https:\/\/iai.int\/es\/proyectos-de-investigacion\/"]}]},{"@type":"ImageObject","inLanguage":"es","@id":"https:\/\/iai.int\/es\/proyectos-de-investigacion\/#primaryimage","url":"https:\/\/iai.int\/wp-content\/uploads\/2025\/09\/Proyectos-de-investigacion-1.png","contentUrl":"https:\/\/iai.int\/wp-content\/uploads\/2025\/09\/Proyectos-de-investigacion-1.png","width":1600,"height":498},{"@type":"BreadcrumbList","@id":"https:\/\/iai.int\/es\/proyectos-de-investigacion\/#breadcrumb","itemListElement":[{"@type":"ListItem","position":1,"name":"Portada","item":"https:\/\/iai.int\/es\/"},{"@type":"ListItem","position":2,"name":"Programa de Ciencia"}]},{"@type":"WebSite","@id":"https:\/\/iai.int\/es\/#website","url":"https:\/\/iai.int\/es\/","name":"IAI - Inter-American Institute for Global Change Research","description":"","publisher":{"@id":"https:\/\/iai.int\/es\/#organization"},"potentialAction":[{"@type":"SearchAction","target":{"@type":"EntryPoint","urlTemplate":"https:\/\/iai.int\/es\/?s={search_term_string}"},"query-input":{"@type":"PropertyValueSpecification","valueRequired":true,"valueName":"search_term_string"}}],"inLanguage":"es"},{"@type":"Organization","@id":"https:\/\/iai.int\/es\/#organization","name":"IAI - Inter-American Institute for Global Change Research","url":"https:\/\/iai.int\/es\/","logo":{"@type":"ImageObject","inLanguage":"es","@id":"https:\/\/iai.int\/es\/#\/schema\/logo\/image\/","url":"https:\/\/iai.int\/wp-content\/uploads\/2025\/11\/IAI-logo-English-scaled.png","contentUrl":"https:\/\/iai.int\/wp-content\/uploads\/2025\/11\/IAI-logo-English-scaled.png","width":2560,"height":985,"caption":"IAI - Inter-American Institute for Global Change Research"},"image":{"@id":"https:\/\/iai.int\/es\/#\/schema\/logo\/image\/"}}]}},"uagb_featured_image_src":{"full":["https:\/\/iai.int\/wp-content\/uploads\/2025\/09\/Proyectos-de-investigacion-1.png",1600,498,false],"thumbnail":["https:\/\/iai.int\/wp-content\/uploads\/2025\/09\/Proyectos-de-investigacion-1-150x150.png",150,150,true],"medium":["https:\/\/iai.int\/wp-content\/uploads\/2025\/09\/Proyectos-de-investigacion-1-300x93.png",300,93,true],"medium_large":["https:\/\/iai.int\/wp-content\/uploads\/2025\/09\/Proyectos-de-investigacion-1-768x239.png",768,239,true],"large":["https:\/\/iai.int\/wp-content\/uploads\/2025\/09\/Proyectos-de-investigacion-1-1024x319.png",800,249,true],"1536x1536":["https:\/\/iai.int\/wp-content\/uploads\/2025\/09\/Proyectos-de-investigacion-1-1536x478.png",1536,478,true],"2048x2048":["https:\/\/iai.int\/wp-content\/uploads\/2025\/09\/Proyectos-de-investigacion-1.png",1600,498,false]},"uagb_author_info":{"display_name":"admin","author_link":"https:\/\/iai.int\/es\/author\/admin\/"},"uagb_comment_info":0,"uagb_excerpt":"El Programa de Ciencia del IAI se basa en la amplia&nbsp;Agenda Cient\u00edfica&nbsp;del Instituto y tiene por objeto cumplir la misi\u00f3n del IAI. Surge de una estrategia de integraci\u00f3n entre las ciencias naturales y las sociales, en un importante esfuerzo interdisciplinario dirigido a brindar informaci\u00f3n cient\u00edfica \u00fatil a los tomadores de decisiones y los encargados de&hellip;","_links":{"self":[{"href":"https:\/\/iai.int\/es\/wp-json\/wp\/v2\/pages\/368","targetHints":{"allow":["GET"]}}],"collection":[{"href":"https:\/\/iai.int\/es\/wp-json\/wp\/v2\/pages"}],"about":[{"href":"https:\/\/iai.int\/es\/wp-json\/wp\/v2\/types\/page"}],"author":[{"embeddable":true,"href":"https:\/\/iai.int\/es\/wp-json\/wp\/v2\/users\/1"}],"replies":[{"embeddable":true,"href":"https:\/\/iai.int\/es\/wp-json\/wp\/v2\/comments?post=368"}],"version-history":[{"count":43,"href":"https:\/\/iai.int\/es\/wp-json\/wp\/v2\/pages\/368\/revisions"}],"predecessor-version":[{"id":14366,"href":"https:\/\/iai.int\/es\/wp-json\/wp\/v2\/pages\/368\/revisions\/14366"}],"wp:featuredmedia":[{"embeddable":true,"href":"https:\/\/iai.int\/es\/wp-json\/wp\/v2\/media\/7639"}],"wp:attachment":[{"href":"https:\/\/iai.int\/es\/wp-json\/wp\/v2\/media?parent=368"}],"curies":[{"name":"wp","href":"https:\/\/api.w.org\/{rel}","templated":true}]}}