{"id":362,"date":"2024-08-28T20:24:07","date_gmt":"2024-08-28T23:24:07","guid":{"rendered":"https:\/\/iai.int\/?page_id=362"},"modified":"2026-01-19T12:50:39","modified_gmt":"2026-01-19T17:50:39","slug":"como-trabajamos","status":"publish","type":"page","link":"https:\/\/iai.int\/es\/como-trabajamos\/","title":{"rendered":"C\u00f3mo trabajamos"},"content":{"rendered":"\t\t<div data-elementor-type=\"wp-page\" data-elementor-id=\"362\" class=\"elementor elementor-362\" data-elementor-post-type=\"page\">\n\t\t\t\t<div class=\"elementor-element elementor-element-5d53e4e9 e-flex e-con-boxed e-con e-parent\" data-id=\"5d53e4e9\" data-element_type=\"container\" data-settings=\"{&quot;ekit_has_onepagescroll_dot&quot;:&quot;yes&quot;}\">\n\t\t\t\t\t<div class=\"e-con-inner\">\n\t\t\t\t<div class=\"elementor-element elementor-element-d763d32 elementor-widget elementor-widget-text-editor\" data-id=\"d763d32\" data-element_type=\"widget\" data-settings=\"{&quot;ekit_we_effect_on&quot;:&quot;none&quot;}\" data-widget_type=\"text-editor.default\">\n\t\t\t\t<div class=\"elementor-widget-container\">\n\t\t\t\t\t\t\t\t\t<h2>Programa de Ciencia<\/h2><p>El Programa de Ciencia del IAI se basa en la amplia <strong><a href=\"https:\/\/iai.int\/como-trabajamos\/agenda-cientifica\/\" rel=\"noreferrer noopener\">Agenda Cient\u00edfica<\/a><\/strong> del Instituto y tiene por objeto cumplir la misi\u00f3n del IAI. Surge de una estrategia de integraci\u00f3n entre las ciencias naturales y las sociales, en un importante esfuerzo interdisciplinario dirigido a brindar informaci\u00f3n cient\u00edfica \u00fatil a los tomadores de decisiones y los encargados de formular pol\u00edticas de las Am\u00e9ricas que trabajan en \u00e1reas que tienen relaci\u00f3n con el cambio global.<\/p><p><a href=\"https:\/\/iai.int\/es\/proyectos-de-investigacion\/\"><strong>PROYECTOS DE INVESTIGACI\u00d3N ACTUALES<\/strong><\/a><\/p><p><strong style=\"font-family: -apple-system, BlinkMacSystemFont, 'Segoe UI', Roboto, 'Helvetica Neue', Arial, 'Noto Sans', sans-serif, 'Apple Color Emoji', 'Segoe UI Emoji', 'Segoe UI Symbol', 'Noto Color Emoji';\"><a href=\"https:\/\/iai.int\/es\/programas-pasados\/\">PROYECTOS DE INVESTIGACI\u00d3N PASADOS<\/a><\/strong><\/p><h2>\u00a0<\/h2><h2>Proyectos gestionados por el IAI<\/h2><p><strong><a href=\"https:\/\/iai.int\/impactos-del-cambio-climatico-en-la-biodiversidad-de-los-andes-tropicales-riesgo-climatico-vulnerabilidad-y-herramientas-de-toma-de-decisiones-para-la-planificacion-de-la-conservacion-2011-2013\/\" rel=\"noreferrer noopener\">Impactos del cambio clim\u00e1tico en la biodiversidad de los Andes tropicales: riesgo clim\u00e1tico, vulnerabilidad y herramientas de toma de decisiones para la planificaci\u00f3n de la conservaci\u00f3n (2011-2016)<\/a><\/strong>. El proyecto fue financiado por la\u00a0<strong><a href=\"http:\/\/www.macfound.org\/\" target=\"_blank\" rel=\"noreferrer noopener\">Fundaci\u00f3n John D. and Catherine T. MacArthur<\/a><\/strong><\/p><p><a href=\"https:\/\/iai.int\/cambios-en-el-uso-de-la-tierra-biocombustibles-y-desarrollo-rural-en-la-cuenca-del-plata-2008-2011\/\" rel=\"noreferrer noopener\"><strong>Cambios en el uso de la tierra, biocombustibles y desarrollo rural en la Cuenca del Plata (2008-2011)<\/strong><\/a>. El proyecto fue financiado por\u00a0<a href=\"http:\/\/www.idrc.ca\/EN\/Pages\/default.aspx\" target=\"_blank\" rel=\"noreferrer noopener\"><strong>International Development Research Centre (IDRC)<\/strong><\/a>, Canad\u00e1.<\/p><p><a href=\"https:\/\/iai.int\/una-evaluacion-de-las-necesidades-institucionales-y-de-investigacion-para-hacer-frente-a-los-efectos-del-cambio-climatico-en-la-biodiversidad-de-los-andes-2008-2010\/\" rel=\"noreferrer noopener\"><strong>Una evaluaci\u00f3n de las necesidades institucionales y de investigaci\u00f3n para hacer frente a los efectos del cambio clim\u00e1tico en la biodiversidad de los Andes (2008-2010)<\/strong><\/a>\u00a0El proyecto fue financiado por la\u00a0<strong><a href=\"http:\/\/www.macfound.org\/\" target=\"_blank\" rel=\"noreferrer noopener\">Fundaci\u00f3n John D. and Catherine T. MacArthur<\/a>.<\/strong><\/p><p>\u00a0<\/p><h2>Desarrollo de Capacidades<\/h2><p style=\"font-weight: 400;\">El Instituto Interamericano para la Investigaci\u00f3n del Cambio Global (IAI) ha estado a la vanguardia del fortalecimiento de las capacidades de diplomacia cient\u00edfica e innovaci\u00f3n en las Am\u00e9ricas a trav\u00e9s de una serie de iniciativas dirigidas a fomentar la colaboraci\u00f3n entre tomadores de decisiones, investigadores e instituciones. El <a href=\"https:\/\/iai.int\/es\/centro-de-diplomacia-cientifica\/\">Science Diplomacy Center<\/a>, inaugurado en 2023, est\u00e1 contribuyendo a la creaci\u00f3n de redes transdisciplinarias, mecanismos innovadores de financiaci\u00f3n y capacitaci\u00f3n estructurada para profesionales que trabajan en la interfaz ciencia-pol\u00edticas en la regi\u00f3n. Su programa insignia,\u00a0<a href=\"https:\/\/iai.int\/es\/step-fellowship\/\">Science Technology Policy (STeP) Fellowship<\/a>, apoya la provisi\u00f3n de asesor\u00eda cient\u00edfica especializada a los formuladores de pol\u00edticas para el dise\u00f1o de pol\u00edticas p\u00fablicas relevantes para el cambio ambiental global.<\/p><p>\u00a0<\/p><h2 class=\"wp-block-heading\">Belmont Forum<\/h2><p>Desde 2018, el IAI alberga el\u00a0<a href=\"http:\/\/belmontforum.org\/\" target=\"_blank\" rel=\"noopener\" data-saferedirecturl=\"https:\/\/www.google.com\/url?q=http:\/\/belmontforum.org\/&amp;source=gmail&amp;ust=1739488796152000&amp;usg=AOvVaw2G_1dkW_9YoRA9HYWdh_i_\">Belmont Forum<\/a>, una asociaci\u00f3n de organizaciones de financiamiento, consejos cient\u00edficos internacionales y consorcios regionales comprometidos con el avance de la ciencia transdisciplinaria. Vea la\u00a0<a href=\"https:\/\/iai.int\/admin\/site\/sites\/default\/files\/notificaciones\/nt-2017-003-sp.pdf\" target=\"_blank\" rel=\"noopener\" data-saferedirecturl=\"https:\/\/www.google.com\/url?q=https:\/\/iai.int\/admin\/site\/sites\/default\/files\/notificaciones\/nt-2017-003-sp.pdf&amp;source=gmail&amp;ust=1739488796152000&amp;usg=AOvVaw1JWbRJkWGghHqH5_sQk1MR\">Notificaci\u00f3n<\/a>\u00a0sobre la acogida de la Secretar\u00eda del Foro Belmont por parte de la Direcci\u00f3n Ejecutiva del IAI.<\/p>\t\t\t\t\t\t\t\t<\/div>\n\t\t\t\t<\/div>\n\t\t\t\t\t<\/div>\n\t\t\t\t<\/div>\n\t\t\t\t<\/div>\n\t\t","protected":false},"excerpt":{"rendered":"<p>Programa de Ciencia El Programa de Ciencia del IAI se basa en la amplia Agenda Cient\u00edfica del Instituto y tiene por objeto cumplir la misi\u00f3n del IAI. Surge de una estrategia de integraci\u00f3n entre las ciencias naturales y las sociales, en un importante esfuerzo interdisciplinario dirigido a brindar informaci\u00f3n cient\u00edfica \u00fatil a los tomadores de [&hellip;]<\/p>\n","protected":false},"author":1,"featured_media":7631,"parent":0,"menu_order":13,"comment_status":"closed","ping_status":"closed","template":"","meta":{"_acf_changed":false,"_uag_custom_page_level_css":"","footnotes":""},"class_list":["post-362","page","type-page","status-publish","has-post-thumbnail","hentry"],"acf":[],"yoast_head":"<!-- This site is optimized with the Yoast SEO plugin v27.3 - https:\/\/yoast.com\/product\/yoast-seo-wordpress\/ -->\n<title>C\u00f3mo trabajamos - IAI - Inter-American Institute for Global Change Research<\/title>\n<meta name=\"robots\" content=\"index, follow, max-snippet:-1, max-image-preview:large, max-video-preview:-1\" \/>\n<link rel=\"canonical\" href=\"https:\/\/iai.int\/es\/como-trabajamos\/\" \/>\n<meta property=\"og:locale\" content=\"es_ES\" \/>\n<meta property=\"og:type\" content=\"article\" \/>\n<meta property=\"og:title\" content=\"C\u00f3mo trabajamos - IAI - Inter-American Institute for Global Change Research\" \/>\n<meta property=\"og:description\" content=\"Programa de Ciencia El Programa de Ciencia del IAI se basa en la amplia Agenda Cient\u00edfica del Instituto y tiene por objeto cumplir la misi\u00f3n del IAI. Surge de una estrategia de integraci\u00f3n entre las ciencias naturales y las sociales, en un importante esfuerzo interdisciplinario dirigido a brindar informaci\u00f3n cient\u00edfica \u00fatil a los tomadores de [&hellip;]\" \/>\n<meta property=\"og:url\" content=\"https:\/\/iai.int\/es\/como-trabajamos\/\" \/>\n<meta property=\"og:site_name\" content=\"IAI - Inter-American Institute for Global Change Research\" \/>\n<meta property=\"article:modified_time\" content=\"2026-01-19T17:50:39+00:00\" \/>\n<meta property=\"og:image\" content=\"https:\/\/iai.int\/wp-content\/uploads\/2025\/09\/como-trabajamos-.png\" \/>\n\t<meta property=\"og:image:width\" content=\"1600\" \/>\n\t<meta property=\"og:image:height\" content=\"498\" \/>\n\t<meta property=\"og:image:type\" content=\"image\/png\" \/>\n<meta name=\"twitter:card\" content=\"summary_large_image\" \/>\n<meta name=\"twitter:label1\" content=\"Tiempo de lectura\" \/>\n\t<meta name=\"twitter:data1\" content=\"2 minutos\" \/>\n<script type=\"application\/ld+json\" class=\"yoast-schema-graph\">{\"@context\":\"https:\\\/\\\/schema.org\",\"@graph\":[{\"@type\":\"WebPage\",\"@id\":\"https:\\\/\\\/iai.int\\\/es\\\/como-trabajamos\\\/\",\"url\":\"https:\\\/\\\/iai.int\\\/es\\\/como-trabajamos\\\/\",\"name\":\"C\u00f3mo trabajamos - IAI - Inter-American Institute for Global Change Research\",\"isPartOf\":{\"@id\":\"https:\\\/\\\/iai.int\\\/es\\\/#website\"},\"primaryImageOfPage\":{\"@id\":\"https:\\\/\\\/iai.int\\\/es\\\/como-trabajamos\\\/#primaryimage\"},\"image\":{\"@id\":\"https:\\\/\\\/iai.int\\\/es\\\/como-trabajamos\\\/#primaryimage\"},\"thumbnailUrl\":\"https:\\\/\\\/iai.int\\\/wp-content\\\/uploads\\\/2025\\\/09\\\/como-trabajamos-.png\",\"datePublished\":\"2024-08-28T23:24:07+00:00\",\"dateModified\":\"2026-01-19T17:50:39+00:00\",\"breadcrumb\":{\"@id\":\"https:\\\/\\\/iai.int\\\/es\\\/como-trabajamos\\\/#breadcrumb\"},\"inLanguage\":\"es\",\"potentialAction\":[{\"@type\":\"ReadAction\",\"target\":[\"https:\\\/\\\/iai.int\\\/es\\\/como-trabajamos\\\/\"]}]},{\"@type\":\"ImageObject\",\"inLanguage\":\"es\",\"@id\":\"https:\\\/\\\/iai.int\\\/es\\\/como-trabajamos\\\/#primaryimage\",\"url\":\"https:\\\/\\\/iai.int\\\/wp-content\\\/uploads\\\/2025\\\/09\\\/como-trabajamos-.png\",\"contentUrl\":\"https:\\\/\\\/iai.int\\\/wp-content\\\/uploads\\\/2025\\\/09\\\/como-trabajamos-.png\",\"width\":1600,\"height\":498},{\"@type\":\"BreadcrumbList\",\"@id\":\"https:\\\/\\\/iai.int\\\/es\\\/como-trabajamos\\\/#breadcrumb\",\"itemListElement\":[{\"@type\":\"ListItem\",\"position\":1,\"name\":\"Portada\",\"item\":\"https:\\\/\\\/iai.int\\\/es\\\/\"},{\"@type\":\"ListItem\",\"position\":2,\"name\":\"C\u00f3mo trabajamos\"}]},{\"@type\":\"WebSite\",\"@id\":\"https:\\\/\\\/iai.int\\\/es\\\/#website\",\"url\":\"https:\\\/\\\/iai.int\\\/es\\\/\",\"name\":\"IAI - Inter-American Institute for Global Change Research\",\"description\":\"\",\"publisher\":{\"@id\":\"https:\\\/\\\/iai.int\\\/es\\\/#organization\"},\"potentialAction\":[{\"@type\":\"SearchAction\",\"target\":{\"@type\":\"EntryPoint\",\"urlTemplate\":\"https:\\\/\\\/iai.int\\\/es\\\/?s={search_term_string}\"},\"query-input\":{\"@type\":\"PropertyValueSpecification\",\"valueRequired\":true,\"valueName\":\"search_term_string\"}}],\"inLanguage\":\"es\"},{\"@type\":\"Organization\",\"@id\":\"https:\\\/\\\/iai.int\\\/es\\\/#organization\",\"name\":\"IAI - Inter-American Institute for Global Change Research\",\"url\":\"https:\\\/\\\/iai.int\\\/es\\\/\",\"logo\":{\"@type\":\"ImageObject\",\"inLanguage\":\"es\",\"@id\":\"https:\\\/\\\/iai.int\\\/es\\\/#\\\/schema\\\/logo\\\/image\\\/\",\"url\":\"https:\\\/\\\/iai.int\\\/wp-content\\\/uploads\\\/2025\\\/11\\\/IAI-logo-English-scaled.png\",\"contentUrl\":\"https:\\\/\\\/iai.int\\\/wp-content\\\/uploads\\\/2025\\\/11\\\/IAI-logo-English-scaled.png\",\"width\":2560,\"height\":985,\"caption\":\"IAI - Inter-American Institute for Global Change Research\"},\"image\":{\"@id\":\"https:\\\/\\\/iai.int\\\/es\\\/#\\\/schema\\\/logo\\\/image\\\/\"}}]}<\/script>\n<!-- \/ Yoast SEO plugin. -->","yoast_head_json":{"title":"C\u00f3mo trabajamos - IAI - Inter-American Institute for Global Change Research","robots":{"index":"index","follow":"follow","max-snippet":"max-snippet:-1","max-image-preview":"max-image-preview:large","max-video-preview":"max-video-preview:-1"},"canonical":"https:\/\/iai.int\/es\/como-trabajamos\/","og_locale":"es_ES","og_type":"article","og_title":"C\u00f3mo trabajamos - IAI - Inter-American Institute for Global Change Research","og_description":"Programa de Ciencia El Programa de Ciencia del IAI se basa en la amplia Agenda Cient\u00edfica del Instituto y tiene por objeto cumplir la misi\u00f3n del IAI. Surge de una estrategia de integraci\u00f3n entre las ciencias naturales y las sociales, en un importante esfuerzo interdisciplinario dirigido a brindar informaci\u00f3n cient\u00edfica \u00fatil a los tomadores de [&hellip;]","og_url":"https:\/\/iai.int\/es\/como-trabajamos\/","og_site_name":"IAI - Inter-American Institute for Global Change Research","article_modified_time":"2026-01-19T17:50:39+00:00","og_image":[{"width":1600,"height":498,"url":"https:\/\/iai.int\/wp-content\/uploads\/2025\/09\/como-trabajamos-.png","type":"image\/png"}],"twitter_card":"summary_large_image","twitter_misc":{"Tiempo de lectura":"2 minutos"},"schema":{"@context":"https:\/\/schema.org","@graph":[{"@type":"WebPage","@id":"https:\/\/iai.int\/es\/como-trabajamos\/","url":"https:\/\/iai.int\/es\/como-trabajamos\/","name":"C\u00f3mo trabajamos - IAI - Inter-American Institute for Global Change Research","isPartOf":{"@id":"https:\/\/iai.int\/es\/#website"},"primaryImageOfPage":{"@id":"https:\/\/iai.int\/es\/como-trabajamos\/#primaryimage"},"image":{"@id":"https:\/\/iai.int\/es\/como-trabajamos\/#primaryimage"},"thumbnailUrl":"https:\/\/iai.int\/wp-content\/uploads\/2025\/09\/como-trabajamos-.png","datePublished":"2024-08-28T23:24:07+00:00","dateModified":"2026-01-19T17:50:39+00:00","breadcrumb":{"@id":"https:\/\/iai.int\/es\/como-trabajamos\/#breadcrumb"},"inLanguage":"es","potentialAction":[{"@type":"ReadAction","target":["https:\/\/iai.int\/es\/como-trabajamos\/"]}]},{"@type":"ImageObject","inLanguage":"es","@id":"https:\/\/iai.int\/es\/como-trabajamos\/#primaryimage","url":"https:\/\/iai.int\/wp-content\/uploads\/2025\/09\/como-trabajamos-.png","contentUrl":"https:\/\/iai.int\/wp-content\/uploads\/2025\/09\/como-trabajamos-.png","width":1600,"height":498},{"@type":"BreadcrumbList","@id":"https:\/\/iai.int\/es\/como-trabajamos\/#breadcrumb","itemListElement":[{"@type":"ListItem","position":1,"name":"Portada","item":"https:\/\/iai.int\/es\/"},{"@type":"ListItem","position":2,"name":"C\u00f3mo trabajamos"}]},{"@type":"WebSite","@id":"https:\/\/iai.int\/es\/#website","url":"https:\/\/iai.int\/es\/","name":"IAI - Inter-American Institute for Global Change Research","description":"","publisher":{"@id":"https:\/\/iai.int\/es\/#organization"},"potentialAction":[{"@type":"SearchAction","target":{"@type":"EntryPoint","urlTemplate":"https:\/\/iai.int\/es\/?s={search_term_string}"},"query-input":{"@type":"PropertyValueSpecification","valueRequired":true,"valueName":"search_term_string"}}],"inLanguage":"es"},{"@type":"Organization","@id":"https:\/\/iai.int\/es\/#organization","name":"IAI - Inter-American Institute for Global Change Research","url":"https:\/\/iai.int\/es\/","logo":{"@type":"ImageObject","inLanguage":"es","@id":"https:\/\/iai.int\/es\/#\/schema\/logo\/image\/","url":"https:\/\/iai.int\/wp-content\/uploads\/2025\/11\/IAI-logo-English-scaled.png","contentUrl":"https:\/\/iai.int\/wp-content\/uploads\/2025\/11\/IAI-logo-English-scaled.png","width":2560,"height":985,"caption":"IAI - Inter-American Institute for Global Change Research"},"image":{"@id":"https:\/\/iai.int\/es\/#\/schema\/logo\/image\/"}}]}},"uagb_featured_image_src":{"full":["https:\/\/iai.int\/wp-content\/uploads\/2025\/09\/como-trabajamos-.png",1600,498,false],"thumbnail":["https:\/\/iai.int\/wp-content\/uploads\/2025\/09\/como-trabajamos--150x150.png",150,150,true],"medium":["https:\/\/iai.int\/wp-content\/uploads\/2025\/09\/como-trabajamos--300x93.png",300,93,true],"medium_large":["https:\/\/iai.int\/wp-content\/uploads\/2025\/09\/como-trabajamos--768x239.png",768,239,true],"large":["https:\/\/iai.int\/wp-content\/uploads\/2025\/09\/como-trabajamos--1024x319.png",800,249,true],"1536x1536":["https:\/\/iai.int\/wp-content\/uploads\/2025\/09\/como-trabajamos--1536x478.png",1536,478,true],"2048x2048":["https:\/\/iai.int\/wp-content\/uploads\/2025\/09\/como-trabajamos-.png",1600,498,false]},"uagb_author_info":{"display_name":"admin","author_link":"https:\/\/iai.int\/es\/author\/admin\/"},"uagb_comment_info":0,"uagb_excerpt":"Programa de Ciencia El Programa de Ciencia del IAI se basa en la amplia Agenda Cient\u00edfica del Instituto y tiene por objeto cumplir la misi\u00f3n del IAI. Surge de una estrategia de integraci\u00f3n entre las ciencias naturales y las sociales, en un importante esfuerzo interdisciplinario dirigido a brindar informaci\u00f3n cient\u00edfica \u00fatil a los tomadores de&hellip;","_links":{"self":[{"href":"https:\/\/iai.int\/es\/wp-json\/wp\/v2\/pages\/362","targetHints":{"allow":["GET"]}}],"collection":[{"href":"https:\/\/iai.int\/es\/wp-json\/wp\/v2\/pages"}],"about":[{"href":"https:\/\/iai.int\/es\/wp-json\/wp\/v2\/types\/page"}],"author":[{"embeddable":true,"href":"https:\/\/iai.int\/es\/wp-json\/wp\/v2\/users\/1"}],"replies":[{"embeddable":true,"href":"https:\/\/iai.int\/es\/wp-json\/wp\/v2\/comments?post=362"}],"version-history":[{"count":61,"href":"https:\/\/iai.int\/es\/wp-json\/wp\/v2\/pages\/362\/revisions"}],"predecessor-version":[{"id":13921,"href":"https:\/\/iai.int\/es\/wp-json\/wp\/v2\/pages\/362\/revisions\/13921"}],"wp:featuredmedia":[{"embeddable":true,"href":"https:\/\/iai.int\/es\/wp-json\/wp\/v2\/media\/7631"}],"wp:attachment":[{"href":"https:\/\/iai.int\/es\/wp-json\/wp\/v2\/media?parent=362"}],"curies":[{"name":"wp","href":"https:\/\/api.w.org\/{rel}","templated":true}]}}