{"id":360,"date":"2024-08-28T20:21:10","date_gmt":"2024-08-28T23:21:10","guid":{"rendered":"https:\/\/iai.int\/?page_id=360"},"modified":"2025-12-05T11:28:59","modified_gmt":"2025-12-05T16:28:59","slug":"estructura","status":"publish","type":"page","link":"https:\/\/iai.int\/es\/estructura\/","title":{"rendered":"Estructura"},"content":{"rendered":"\t\t<div data-elementor-type=\"wp-page\" data-elementor-id=\"360\" class=\"elementor elementor-360\" data-elementor-post-type=\"page\">\n\t\t\t\t<div class=\"elementor-element elementor-element-704348 e-flex e-con-boxed e-con e-parent\" data-id=\"704348\" data-element_type=\"container\" data-settings=\"{&quot;ekit_has_onepagescroll_dot&quot;:&quot;yes&quot;}\">\n\t\t\t\t\t<div class=\"e-con-inner\">\n\t\t\t\t<div class=\"elementor-element elementor-element-5dab249 elementor-widget elementor-widget-image\" data-id=\"5dab249\" data-element_type=\"widget\" data-settings=\"{&quot;ekit_we_effect_on&quot;:&quot;none&quot;}\" data-widget_type=\"image.default\">\n\t\t\t\t<div class=\"elementor-widget-container\">\n\t\t\t\t\t\t\t\t\t\t\t\t\t\t\t<img fetchpriority=\"high\" decoding=\"async\" width=\"800\" height=\"626\" src=\"https:\/\/iai.int\/wp-content\/uploads\/2025\/10\/EstructuraIAI.png\" class=\"attachment-large size-large wp-image-8022\" alt=\"\" srcset=\"https:\/\/iai.int\/wp-content\/uploads\/2025\/10\/EstructuraIAI.png 920w, https:\/\/iai.int\/wp-content\/uploads\/2025\/10\/EstructuraIAI-300x235.png 300w, https:\/\/iai.int\/wp-content\/uploads\/2025\/10\/EstructuraIAI-768x601.png 768w\" sizes=\"(max-width: 800px) 100vw, 800px\" \/>\t\t\t\t\t\t\t\t\t\t\t\t\t\t\t<\/div>\n\t\t\t\t<\/div>\n\t\t\t\t<div class=\"elementor-element elementor-element-682e9088 elementor-widget elementor-widget-text-editor\" data-id=\"682e9088\" data-element_type=\"widget\" data-settings=\"{&quot;ekit_we_effect_on&quot;:&quot;none&quot;}\" data-widget_type=\"text-editor.default\">\n\t\t\t\t<div class=\"elementor-widget-container\">\n\t\t\t\t\t\t\t\t\t<figure><\/figure><h4>CONFERENCIA DE LAS PARTES (COP)<\/h4><p>La COP est\u00e1 conformada por 19 Partes de las Am\u00e9ricas que ratificaron el Acuerdo de Montevideo. Como principal \u00f3rgano encargado de formular las pol\u00edticas del Instituto, establece, examina y actualiza sus pol\u00edticas y procedimientos. Tambi\u00e9n revisa y aprueba su Agenda Cient\u00edfica, as\u00ed como sus planes y presupuesto anuales y de largo plazo. <strong><a href=\"https:\/\/iai.int\/es\/estructura\/partes-y-puntos-focales\/\">M\u00e1s&#8230;<\/a><\/strong><\/p><p><strong>\u00a0<\/strong><\/p><h4>CONSEJO EJECUTIVO (CE)<\/h4><p>Compuesto por nueve pa\u00edses miembros, elegidos por la Conferencia de las Partes por per\u00edodos de dos a\u00f1os, el Consejo Ejecutivo formula recomendaciones acerca de las pol\u00edticas del Instituto para someterlas a la consideraci\u00f3n y aprobaci\u00f3n de la Conferencia de las Partes, y observa que las pol\u00edticas adoptadas por la CoP sean implementadas por la Direcci\u00f3n. <a href=\"https:\/\/iai.int\/es\/estructura\/consejo-ejecutivo-ce\/\"><strong>M\u00e1s&#8230;<\/strong><\/a><\/p><p><strong>\u00a0<\/strong><\/p><h5>Asociados del IAI<\/h5><div><p>La Conferencia de las Partes podr\u00e1 invitar a asociarse al Instituto a Estados externos a la regi\u00f3n y a organismos intergubernamentales regionales o internacionales, as\u00ed como a las industrias y otras organizaciones no gubernamentales y privadas interesadas en apoyar la Agenda Cient\u00edfica y las actividades program\u00e1ticas del Instituto. <a href=\"https:\/\/iai.int\/es\/estructura\/asociados-del-iai\/\"><strong>M\u00e1s&#8230;<\/strong><\/a><\/p><\/div><div>\u00a0<\/div><h4>COMIT\u00c9S ASESORES<\/h4><h5>Comit\u00e9 Asesor Cient\u00edfico (SAC)<\/h5><div><p>El SAC est\u00e1 integrado por diez miembros elegidos por la Conferencia de las Partes por per\u00edodos de tres a\u00f1os. Como principal \u00f3rgano asesor en ciencia, formula recomendaciones a la Conferencia de las Partes sobre la Agenda Cient\u00edfica, los planes de largo plazo y el programa anual del Instituto. Tambi\u00e9n dirige el sistema de revisi\u00f3n por pares para evaluar propuestas cient\u00edficas y los resultados obtenidos en los programas cient\u00edficos financiados por el IAI. <a href=\"https:\/\/iai.int\/es\/estructura\/comite-asesor-cientifico-sac\/\"><strong>M\u00e1s&#8230;<\/strong><\/a><\/p><\/div><div>\u00a0<\/div><h5>Comit\u00e9 Asesor en Ciencia y Pol\u00edticas (SPAC)<\/h5><div><p>El SPAC fue creado en la CoP de 2013 con el fin de brindar asesoramiento a la CoP y a las Direcciones del IAI en materia de la aplicaci\u00f3n y el dise\u00f1o de la ciencia para la formulaci\u00f3n de pol\u00edticas y la toma de decisiones. Su membres\u00eda inicial fue aprobada en la CoP del IAI de 2014. Este grupo fue el encargado de definir los t\u00e9rminos de referencia y dem\u00e1s reglas de funcionamiento del Comit\u00e9. <a href=\"https:\/\/iai.int\/es\/estructura\/comite-asesor-en-ciencia-y-politicas-spac\/\"><strong>M\u00e1s&#8230;<\/strong><\/a><\/p><\/div><div>\u00a0<\/div><h5>Comit\u00e9 Asesor de Pueblos Ind\u00edgenas (IPAC)<\/h5><div>El Comit\u00e9 Asesor de Pueblos Ind\u00edgenas (IPAC) es un \u00f3rgano consultivo del IAI conformado por cinco miembros seleccionados inicialmente por un Comit\u00e9 de Selecci\u00f3n compuesto por representantes de la Direcci\u00f3n Ejecutiva, el Comit\u00e9 EDI, el SAC y el SPAC. Las personas que integran el IPAC pertenecen a diversos pueblos ind\u00edgenas de las Am\u00e9ricas y aportan trayectorias que combinan conocimientos y ciencia ind\u00edgena, pr\u00e1ctica comunitaria, liderazgo territorial y formaci\u00f3n acad\u00e9mica, constituyendo perfiles diversos que articulan conocimientos ind\u00edgenas y occidentales.\u00a0<a href=\"https:\/\/iai.int\/es\/estructura\/comite-asesor-de-pueblos-indigenas-ipac\/\"><strong>M\u00e1s&#8230;<\/strong><\/a><\/div><h4>\u00a0<\/h4><h4>DIRECCI\u00d3N EJECUTIVA DEL IAI<\/h4><div><p>La Direcci\u00f3n Ejecutiva del IAI est\u00e1 ubicada en Ciudad de Panam\u00e1, Panam\u00e1 y se encuentra a cargo del Director Ejecutivo del IAI, elegido por la Conferencia de las Partes y responsable de los programas y el funcionamiento del IAI. <a href=\"https:\/\/iai.int\/es\/estructura\/direccion-ejecutiva-del-iai\/\"><strong>M\u00e1s&#8230;<\/strong><\/a><\/p><\/div><div>\u00a0<\/div><h5>Belmont Forum<\/h5><p>Desde 2018, el IAI alberga el <strong><a href=\"https:\/\/belmontforum.org\/\" target=\"_blank\" rel=\"noopener\">Belmont Forum,<\/a><\/strong> una asociaci\u00f3n de organizaciones de financiamiento, consejos cient\u00edficos internacionales y consorcios regionales comprometidos con el avance de la ciencia transdisciplinaria. Vea la <strong><a href=\"https:\/\/iai.int\/admin\/site\/sites\/default\/files\/notificaciones\/nt-2017-003-sp.pdf\" target=\"_blank\" rel=\"noopener\">Notificaci\u00f3n<\/a><\/strong> sobre la acogida de la Secretar\u00eda del Foro Belmont por parte de la Direcci\u00f3n Ejecutiva del IAI.<\/p>\t\t\t\t\t\t\t\t<\/div>\n\t\t\t\t<\/div>\n\t\t\t\t\t<\/div>\n\t\t\t\t<\/div>\n\t\t\t\t<\/div>\n\t\t","protected":false},"excerpt":{"rendered":"<p>CONFERENCIA DE LAS PARTES (COP) La COP est\u00e1 conformada por 19 Partes de las Am\u00e9ricas que ratificaron el Acuerdo de Montevideo. Como principal \u00f3rgano encargado de formular las pol\u00edticas del Instituto, establece, examina y actualiza sus pol\u00edticas y procedimientos. Tambi\u00e9n revisa y aprueba su Agenda Cient\u00edfica, as\u00ed como sus planes y presupuesto anuales y de [&hellip;]<\/p>\n","protected":false},"author":1,"featured_media":0,"parent":0,"menu_order":12,"comment_status":"closed","ping_status":"closed","template":"elementor_theme","meta":{"_acf_changed":false,"_uag_custom_page_level_css":"","footnotes":""},"class_list":["post-360","page","type-page","status-publish","hentry"],"acf":[],"yoast_head":"<!-- This site is optimized with the Yoast SEO plugin v27.3 - https:\/\/yoast.com\/product\/yoast-seo-wordpress\/ -->\n<title>Estructura - IAI - Inter-American Institute for Global Change Research<\/title>\n<meta name=\"robots\" content=\"index, follow, max-snippet:-1, max-image-preview:large, max-video-preview:-1\" \/>\n<link rel=\"canonical\" href=\"https:\/\/iai.int\/es\/estructura\/\" \/>\n<meta property=\"og:locale\" content=\"es_ES\" \/>\n<meta property=\"og:type\" content=\"article\" \/>\n<meta property=\"og:title\" content=\"Estructura - IAI - Inter-American Institute for Global Change Research\" \/>\n<meta property=\"og:description\" content=\"CONFERENCIA DE LAS PARTES (COP) La COP est\u00e1 conformada por 19 Partes de las Am\u00e9ricas que ratificaron el Acuerdo de Montevideo. Como principal \u00f3rgano encargado de formular las pol\u00edticas del Instituto, establece, examina y actualiza sus pol\u00edticas y procedimientos. Tambi\u00e9n revisa y aprueba su Agenda Cient\u00edfica, as\u00ed como sus planes y presupuesto anuales y de [&hellip;]\" \/>\n<meta property=\"og:url\" content=\"https:\/\/iai.int\/es\/estructura\/\" \/>\n<meta property=\"og:site_name\" content=\"IAI - Inter-American Institute for Global Change Research\" \/>\n<meta property=\"article:modified_time\" content=\"2025-12-05T16:28:59+00:00\" \/>\n<meta property=\"og:image\" content=\"http:\/\/iai.int\/wp-content\/uploads\/2025\/10\/EstructuraIAI.png\" \/>\n<meta name=\"twitter:card\" content=\"summary_large_image\" \/>\n<meta name=\"twitter:label1\" content=\"Tiempo de lectura\" \/>\n\t<meta name=\"twitter:data1\" content=\"3 minutos\" \/>\n<script type=\"application\/ld+json\" class=\"yoast-schema-graph\">{\"@context\":\"https:\\\/\\\/schema.org\",\"@graph\":[{\"@type\":\"WebPage\",\"@id\":\"https:\\\/\\\/iai.int\\\/es\\\/estructura\\\/\",\"url\":\"https:\\\/\\\/iai.int\\\/es\\\/estructura\\\/\",\"name\":\"Estructura - IAI - Inter-American Institute for Global Change Research\",\"isPartOf\":{\"@id\":\"https:\\\/\\\/iai.int\\\/es\\\/#website\"},\"primaryImageOfPage\":{\"@id\":\"https:\\\/\\\/iai.int\\\/es\\\/estructura\\\/#primaryimage\"},\"image\":{\"@id\":\"https:\\\/\\\/iai.int\\\/es\\\/estructura\\\/#primaryimage\"},\"thumbnailUrl\":\"http:\\\/\\\/iai.int\\\/wp-content\\\/uploads\\\/2025\\\/10\\\/EstructuraIAI.png\",\"datePublished\":\"2024-08-28T23:21:10+00:00\",\"dateModified\":\"2025-12-05T16:28:59+00:00\",\"breadcrumb\":{\"@id\":\"https:\\\/\\\/iai.int\\\/es\\\/estructura\\\/#breadcrumb\"},\"inLanguage\":\"es\",\"potentialAction\":[{\"@type\":\"ReadAction\",\"target\":[\"https:\\\/\\\/iai.int\\\/es\\\/estructura\\\/\"]}]},{\"@type\":\"ImageObject\",\"inLanguage\":\"es\",\"@id\":\"https:\\\/\\\/iai.int\\\/es\\\/estructura\\\/#primaryimage\",\"url\":\"http:\\\/\\\/iai.int\\\/wp-content\\\/uploads\\\/2025\\\/10\\\/EstructuraIAI.png\",\"contentUrl\":\"http:\\\/\\\/iai.int\\\/wp-content\\\/uploads\\\/2025\\\/10\\\/EstructuraIAI.png\"},{\"@type\":\"BreadcrumbList\",\"@id\":\"https:\\\/\\\/iai.int\\\/es\\\/estructura\\\/#breadcrumb\",\"itemListElement\":[{\"@type\":\"ListItem\",\"position\":1,\"name\":\"Portada\",\"item\":\"https:\\\/\\\/iai.int\\\/es\\\/\"},{\"@type\":\"ListItem\",\"position\":2,\"name\":\"Estructura\"}]},{\"@type\":\"WebSite\",\"@id\":\"https:\\\/\\\/iai.int\\\/es\\\/#website\",\"url\":\"https:\\\/\\\/iai.int\\\/es\\\/\",\"name\":\"IAI - Inter-American Institute for Global Change Research\",\"description\":\"\",\"publisher\":{\"@id\":\"https:\\\/\\\/iai.int\\\/es\\\/#organization\"},\"potentialAction\":[{\"@type\":\"SearchAction\",\"target\":{\"@type\":\"EntryPoint\",\"urlTemplate\":\"https:\\\/\\\/iai.int\\\/es\\\/?s={search_term_string}\"},\"query-input\":{\"@type\":\"PropertyValueSpecification\",\"valueRequired\":true,\"valueName\":\"search_term_string\"}}],\"inLanguage\":\"es\"},{\"@type\":\"Organization\",\"@id\":\"https:\\\/\\\/iai.int\\\/es\\\/#organization\",\"name\":\"IAI - Inter-American Institute for Global Change Research\",\"url\":\"https:\\\/\\\/iai.int\\\/es\\\/\",\"logo\":{\"@type\":\"ImageObject\",\"inLanguage\":\"es\",\"@id\":\"https:\\\/\\\/iai.int\\\/es\\\/#\\\/schema\\\/logo\\\/image\\\/\",\"url\":\"https:\\\/\\\/iai.int\\\/wp-content\\\/uploads\\\/2025\\\/11\\\/IAI-logo-English-scaled.png\",\"contentUrl\":\"https:\\\/\\\/iai.int\\\/wp-content\\\/uploads\\\/2025\\\/11\\\/IAI-logo-English-scaled.png\",\"width\":2560,\"height\":985,\"caption\":\"IAI - Inter-American Institute for Global Change Research\"},\"image\":{\"@id\":\"https:\\\/\\\/iai.int\\\/es\\\/#\\\/schema\\\/logo\\\/image\\\/\"}}]}<\/script>\n<!-- \/ Yoast SEO plugin. -->","yoast_head_json":{"title":"Estructura - IAI - Inter-American Institute for Global Change Research","robots":{"index":"index","follow":"follow","max-snippet":"max-snippet:-1","max-image-preview":"max-image-preview:large","max-video-preview":"max-video-preview:-1"},"canonical":"https:\/\/iai.int\/es\/estructura\/","og_locale":"es_ES","og_type":"article","og_title":"Estructura - IAI - Inter-American Institute for Global Change Research","og_description":"CONFERENCIA DE LAS PARTES (COP) La COP est\u00e1 conformada por 19 Partes de las Am\u00e9ricas que ratificaron el Acuerdo de Montevideo. Como principal \u00f3rgano encargado de formular las pol\u00edticas del Instituto, establece, examina y actualiza sus pol\u00edticas y procedimientos. Tambi\u00e9n revisa y aprueba su Agenda Cient\u00edfica, as\u00ed como sus planes y presupuesto anuales y de [&hellip;]","og_url":"https:\/\/iai.int\/es\/estructura\/","og_site_name":"IAI - Inter-American Institute for Global Change Research","article_modified_time":"2025-12-05T16:28:59+00:00","og_image":[{"url":"http:\/\/iai.int\/wp-content\/uploads\/2025\/10\/EstructuraIAI.png","type":"","width":"","height":""}],"twitter_card":"summary_large_image","twitter_misc":{"Tiempo de lectura":"3 minutos"},"schema":{"@context":"https:\/\/schema.org","@graph":[{"@type":"WebPage","@id":"https:\/\/iai.int\/es\/estructura\/","url":"https:\/\/iai.int\/es\/estructura\/","name":"Estructura - IAI - Inter-American Institute for Global Change Research","isPartOf":{"@id":"https:\/\/iai.int\/es\/#website"},"primaryImageOfPage":{"@id":"https:\/\/iai.int\/es\/estructura\/#primaryimage"},"image":{"@id":"https:\/\/iai.int\/es\/estructura\/#primaryimage"},"thumbnailUrl":"http:\/\/iai.int\/wp-content\/uploads\/2025\/10\/EstructuraIAI.png","datePublished":"2024-08-28T23:21:10+00:00","dateModified":"2025-12-05T16:28:59+00:00","breadcrumb":{"@id":"https:\/\/iai.int\/es\/estructura\/#breadcrumb"},"inLanguage":"es","potentialAction":[{"@type":"ReadAction","target":["https:\/\/iai.int\/es\/estructura\/"]}]},{"@type":"ImageObject","inLanguage":"es","@id":"https:\/\/iai.int\/es\/estructura\/#primaryimage","url":"http:\/\/iai.int\/wp-content\/uploads\/2025\/10\/EstructuraIAI.png","contentUrl":"http:\/\/iai.int\/wp-content\/uploads\/2025\/10\/EstructuraIAI.png"},{"@type":"BreadcrumbList","@id":"https:\/\/iai.int\/es\/estructura\/#breadcrumb","itemListElement":[{"@type":"ListItem","position":1,"name":"Portada","item":"https:\/\/iai.int\/es\/"},{"@type":"ListItem","position":2,"name":"Estructura"}]},{"@type":"WebSite","@id":"https:\/\/iai.int\/es\/#website","url":"https:\/\/iai.int\/es\/","name":"IAI - Inter-American Institute for Global Change Research","description":"","publisher":{"@id":"https:\/\/iai.int\/es\/#organization"},"potentialAction":[{"@type":"SearchAction","target":{"@type":"EntryPoint","urlTemplate":"https:\/\/iai.int\/es\/?s={search_term_string}"},"query-input":{"@type":"PropertyValueSpecification","valueRequired":true,"valueName":"search_term_string"}}],"inLanguage":"es"},{"@type":"Organization","@id":"https:\/\/iai.int\/es\/#organization","name":"IAI - Inter-American Institute for Global Change Research","url":"https:\/\/iai.int\/es\/","logo":{"@type":"ImageObject","inLanguage":"es","@id":"https:\/\/iai.int\/es\/#\/schema\/logo\/image\/","url":"https:\/\/iai.int\/wp-content\/uploads\/2025\/11\/IAI-logo-English-scaled.png","contentUrl":"https:\/\/iai.int\/wp-content\/uploads\/2025\/11\/IAI-logo-English-scaled.png","width":2560,"height":985,"caption":"IAI - Inter-American Institute for Global Change Research"},"image":{"@id":"https:\/\/iai.int\/es\/#\/schema\/logo\/image\/"}}]}},"uagb_featured_image_src":{"full":false,"thumbnail":false,"medium":false,"medium_large":false,"large":false,"1536x1536":false,"2048x2048":false},"uagb_author_info":{"display_name":"admin","author_link":"https:\/\/iai.int\/es\/author\/admin\/"},"uagb_comment_info":0,"uagb_excerpt":"CONFERENCIA DE LAS PARTES (COP) La COP est\u00e1 conformada por 19 Partes de las Am\u00e9ricas que ratificaron el Acuerdo de Montevideo. Como principal \u00f3rgano encargado de formular las pol\u00edticas del Instituto, establece, examina y actualiza sus pol\u00edticas y procedimientos. Tambi\u00e9n revisa y aprueba su Agenda Cient\u00edfica, as\u00ed como sus planes y presupuesto anuales y de&hellip;","_links":{"self":[{"href":"https:\/\/iai.int\/es\/wp-json\/wp\/v2\/pages\/360","targetHints":{"allow":["GET"]}}],"collection":[{"href":"https:\/\/iai.int\/es\/wp-json\/wp\/v2\/pages"}],"about":[{"href":"https:\/\/iai.int\/es\/wp-json\/wp\/v2\/types\/page"}],"author":[{"embeddable":true,"href":"https:\/\/iai.int\/es\/wp-json\/wp\/v2\/users\/1"}],"replies":[{"embeddable":true,"href":"https:\/\/iai.int\/es\/wp-json\/wp\/v2\/comments?post=360"}],"version-history":[{"count":45,"href":"https:\/\/iai.int\/es\/wp-json\/wp\/v2\/pages\/360\/revisions"}],"predecessor-version":[{"id":12149,"href":"https:\/\/iai.int\/es\/wp-json\/wp\/v2\/pages\/360\/revisions\/12149"}],"wp:attachment":[{"href":"https:\/\/iai.int\/es\/wp-json\/wp\/v2\/media?parent=360"}],"curies":[{"name":"wp","href":"https:\/\/api.w.org\/{rel}","templated":true}]}}