{"id":358,"date":"2024-08-28T20:20:40","date_gmt":"2024-08-28T23:20:40","guid":{"rendered":"https:\/\/iai.int\/?page_id=358"},"modified":"2026-01-22T15:54:45","modified_gmt":"2026-01-22T20:54:45","slug":"quienes-somos","status":"publish","type":"page","link":"https:\/\/iai.int\/es\/quienes-somos\/","title":{"rendered":"Qui\u00e9nes somos"},"content":{"rendered":"\n<p>La humanidad ha afectado pr\u00e1cticamente todos los ecosistemas del planeta. En los \u00faltimos 200 a\u00f1os, las emisiones antr\u00f3picas de gases de efecto invernadero a la atm\u00f3sfera terrestre han alterado las propiedades radiativas de esta y est\u00e1n provocando un aumento en las temperaturas globales, lo que a su vez, modifica el funcionamiento del sistema terrestre en su conjunto. En consecuencia, el siglo XXI enfrenta cambios ambientales en escalas locales a globales que requieren grandes esfuerzos de mitigaci\u00f3n y adaptaci\u00f3n por parte de la sociedad y los ecosistemas. Las causas y efectos del cambio global y los problemas y soluciones relacionados con \u00e9l establecen interconexiones cada vez m\u00e1s complejas entre la biogeoqu\u00edmica, las funciones del sistema terrestre y las condiciones socioecon\u00f3micas. Para guiar los esfuerzos de mitigaci\u00f3n y adaptaci\u00f3n al cambio global y contribuir con las decisiones pol\u00edticas, es necesario generar informaci\u00f3n cient\u00edfica de formas interdisciplinarias y amplias, que aborden las necesidades de los usuarios del conocimiento y que adem\u00e1s proporcionen una comprensi\u00f3n profunda de los complejos sistemas socioambientales.<\/p>\n\n\n\n<p>Para responder a estos requerimientos, 12 naciones del continente americano se reunieron en Montevideo, Uruguay,&nbsp;en 1992,&nbsp;para crear el Instituto Interamericano para la Investigaci\u00f3n del Cambio Global (IAI). En la <strong><em><a href=\"http:\/\/iai.int\/pdf\/es\/IAI_declaration_of_montevideo_sp.pdf\" target=\"_blank\" rel=\"noreferrer noopener\">Declaraci\u00f3n de Montevideo<\/a><\/em><\/strong>, los 12 gobiernos solicitaron al Instituto que coordinara internacionalmente, de la mejor manera posible, la investigaci\u00f3n cient\u00edfica y econ\u00f3mica de la extensi\u00f3n, causas&nbsp;y consecuencias del cambio global en las Am\u00e9ricas.<\/p>\n\n\n\n<p>Diecis\u00e9is gobiernos firmaron el <strong><em><a href=\"http:\/\/iai.int\/pdf\/es\/agreement_establishing_the_IAI_sp.pdf\" target=\"_blank\" rel=\"noreferrer noopener\">Acuerdo para la Creaci\u00f3n del IAI<\/a> <\/em><\/strong>resultante, el cual sent\u00f3 las bases de las funciones del IAI como instituci\u00f3n intergubernamental regional que promueve la investigaci\u00f3n cient\u00edfica interdisciplinaria y el desarrollo de capacidades para informar la toma de decisiones en el continente y m\u00e1s all\u00e1. Desde la firma del <em>Acuerdo&nbsp;<\/em>en&nbsp;1992, otros 3 pa\u00edses se unieron al tratado, con lo que el IAI tiene&nbsp;<a href=\"https:\/\/iai.int\/estructura\/partes-y-puntos-focales\/\"><strong>19 Partes de las Am\u00e9ricas<\/strong><\/a> que se re\u00fanen una vez al a\u00f1o como una Conferencia de las Partes para monitorear y dirigir las actividades del IAI.<\/p>\n\n\n\n<p>Desde 2018, el IAI alberga el\u00a0<a href=\"http:\/\/belmontforum.org\/\" target=\"_blank\" rel=\"noreferrer noopener\">Belmont Forum<\/a>, una asociaci\u00f3n de organizaciones de financiamiento, consejos cient\u00edficos internacionales y consorcios regionales comprometidos con el avance de la ciencia transdisciplinaria. Vea la\u00a0<a href=\"https:\/\/iai.int\/admin\/site\/sites\/default\/files\/notificaciones\/nt-2017-003-sp.pdf\" target=\"_blank\" rel=\"noreferrer noopener\">Notificaci\u00f3n<\/a>\u00a0sobre la acogida de la Secretar\u00eda del Foro Belmont por parte de la Direcci\u00f3n Ejecutiva del IAI.<\/p>\n\n\n\n<div style=\"height:38px\" aria-hidden=\"true\" class=\"wp-block-spacer\"><\/div>\n\n\n\n<p><\/p>\n","protected":false},"excerpt":{"rendered":"<p>La humanidad ha afectado pr\u00e1cticamente todos los ecosistemas del planeta. En los \u00faltimos 200 a\u00f1os, las emisiones antr\u00f3picas de gases de efecto invernadero a la atm\u00f3sfera terrestre han alterado las propiedades radiativas de esta y est\u00e1n provocando un aumento en las temperaturas globales, lo que a su vez, modifica el funcionamiento del sistema terrestre en [&hellip;]<\/p>\n","protected":false},"author":1,"featured_media":7629,"parent":0,"menu_order":11,"comment_status":"closed","ping_status":"closed","template":"elementor_theme","meta":{"_acf_changed":false,"_uag_custom_page_level_css":"","footnotes":""},"class_list":["post-358","page","type-page","status-publish","has-post-thumbnail","hentry"],"acf":[],"yoast_head":"<!-- This site is optimized with the Yoast SEO plugin v27.3 - https:\/\/yoast.com\/product\/yoast-seo-wordpress\/ -->\n<title>Qui\u00e9nes somos - IAI - Inter-American Institute for Global Change Research<\/title>\n<meta name=\"robots\" content=\"index, follow, max-snippet:-1, max-image-preview:large, max-video-preview:-1\" \/>\n<link rel=\"canonical\" href=\"https:\/\/iai.int\/es\/quienes-somos\/\" \/>\n<meta property=\"og:locale\" content=\"es_ES\" \/>\n<meta property=\"og:type\" content=\"article\" \/>\n<meta property=\"og:title\" content=\"Qui\u00e9nes somos - IAI - Inter-American Institute for Global Change Research\" \/>\n<meta property=\"og:description\" content=\"La humanidad ha afectado pr\u00e1cticamente todos los ecosistemas del planeta. En los \u00faltimos 200 a\u00f1os, las emisiones antr\u00f3picas de gases de efecto invernadero a la atm\u00f3sfera terrestre han alterado las propiedades radiativas de esta y est\u00e1n provocando un aumento en las temperaturas globales, lo que a su vez, modifica el funcionamiento del sistema terrestre en [&hellip;]\" \/>\n<meta property=\"og:url\" content=\"https:\/\/iai.int\/es\/quienes-somos\/\" \/>\n<meta property=\"og:site_name\" content=\"IAI - Inter-American Institute for Global Change Research\" \/>\n<meta property=\"article:modified_time\" content=\"2026-01-22T20:54:45+00:00\" \/>\n<meta property=\"og:image\" content=\"https:\/\/iai.int\/wp-content\/uploads\/2025\/09\/Quienes-somos-2-1024x319.png\" \/>\n\t<meta property=\"og:image:width\" content=\"1024\" \/>\n\t<meta property=\"og:image:height\" content=\"319\" \/>\n\t<meta property=\"og:image:type\" content=\"image\/png\" \/>\n<meta name=\"twitter:card\" content=\"summary_large_image\" \/>\n<meta name=\"twitter:label1\" content=\"Tiempo de lectura\" \/>\n\t<meta name=\"twitter:data1\" content=\"2 minutos\" \/>\n<script type=\"application\/ld+json\" class=\"yoast-schema-graph\">{\"@context\":\"https:\\\/\\\/schema.org\",\"@graph\":[{\"@type\":\"WebPage\",\"@id\":\"https:\\\/\\\/iai.int\\\/es\\\/quienes-somos\\\/\",\"url\":\"https:\\\/\\\/iai.int\\\/es\\\/quienes-somos\\\/\",\"name\":\"Qui\u00e9nes somos - IAI - Inter-American Institute for Global Change Research\",\"isPartOf\":{\"@id\":\"https:\\\/\\\/iai.int\\\/es\\\/#website\"},\"primaryImageOfPage\":{\"@id\":\"https:\\\/\\\/iai.int\\\/es\\\/quienes-somos\\\/#primaryimage\"},\"image\":{\"@id\":\"https:\\\/\\\/iai.int\\\/es\\\/quienes-somos\\\/#primaryimage\"},\"thumbnailUrl\":\"https:\\\/\\\/iai.int\\\/wp-content\\\/uploads\\\/2025\\\/09\\\/Quienes-somos-2.png\",\"datePublished\":\"2024-08-28T23:20:40+00:00\",\"dateModified\":\"2026-01-22T20:54:45+00:00\",\"breadcrumb\":{\"@id\":\"https:\\\/\\\/iai.int\\\/es\\\/quienes-somos\\\/#breadcrumb\"},\"inLanguage\":\"es\",\"potentialAction\":[{\"@type\":\"ReadAction\",\"target\":[\"https:\\\/\\\/iai.int\\\/es\\\/quienes-somos\\\/\"]}]},{\"@type\":\"ImageObject\",\"inLanguage\":\"es\",\"@id\":\"https:\\\/\\\/iai.int\\\/es\\\/quienes-somos\\\/#primaryimage\",\"url\":\"https:\\\/\\\/iai.int\\\/wp-content\\\/uploads\\\/2025\\\/09\\\/Quienes-somos-2.png\",\"contentUrl\":\"https:\\\/\\\/iai.int\\\/wp-content\\\/uploads\\\/2025\\\/09\\\/Quienes-somos-2.png\",\"width\":1600,\"height\":498},{\"@type\":\"BreadcrumbList\",\"@id\":\"https:\\\/\\\/iai.int\\\/es\\\/quienes-somos\\\/#breadcrumb\",\"itemListElement\":[{\"@type\":\"ListItem\",\"position\":1,\"name\":\"Portada\",\"item\":\"https:\\\/\\\/iai.int\\\/es\\\/\"},{\"@type\":\"ListItem\",\"position\":2,\"name\":\"Qui\u00e9nes somos\"}]},{\"@type\":\"WebSite\",\"@id\":\"https:\\\/\\\/iai.int\\\/es\\\/#website\",\"url\":\"https:\\\/\\\/iai.int\\\/es\\\/\",\"name\":\"IAI - Inter-American Institute for Global Change Research\",\"description\":\"\",\"publisher\":{\"@id\":\"https:\\\/\\\/iai.int\\\/es\\\/#organization\"},\"potentialAction\":[{\"@type\":\"SearchAction\",\"target\":{\"@type\":\"EntryPoint\",\"urlTemplate\":\"https:\\\/\\\/iai.int\\\/es\\\/?s={search_term_string}\"},\"query-input\":{\"@type\":\"PropertyValueSpecification\",\"valueRequired\":true,\"valueName\":\"search_term_string\"}}],\"inLanguage\":\"es\"},{\"@type\":\"Organization\",\"@id\":\"https:\\\/\\\/iai.int\\\/es\\\/#organization\",\"name\":\"IAI - Inter-American Institute for Global Change Research\",\"url\":\"https:\\\/\\\/iai.int\\\/es\\\/\",\"logo\":{\"@type\":\"ImageObject\",\"inLanguage\":\"es\",\"@id\":\"https:\\\/\\\/iai.int\\\/es\\\/#\\\/schema\\\/logo\\\/image\\\/\",\"url\":\"https:\\\/\\\/iai.int\\\/wp-content\\\/uploads\\\/2025\\\/11\\\/IAI-logo-English-scaled.png\",\"contentUrl\":\"https:\\\/\\\/iai.int\\\/wp-content\\\/uploads\\\/2025\\\/11\\\/IAI-logo-English-scaled.png\",\"width\":2560,\"height\":985,\"caption\":\"IAI - Inter-American Institute for Global Change Research\"},\"image\":{\"@id\":\"https:\\\/\\\/iai.int\\\/es\\\/#\\\/schema\\\/logo\\\/image\\\/\"}}]}<\/script>\n<!-- \/ Yoast SEO plugin. -->","yoast_head_json":{"title":"Qui\u00e9nes somos - IAI - Inter-American Institute for Global Change Research","robots":{"index":"index","follow":"follow","max-snippet":"max-snippet:-1","max-image-preview":"max-image-preview:large","max-video-preview":"max-video-preview:-1"},"canonical":"https:\/\/iai.int\/es\/quienes-somos\/","og_locale":"es_ES","og_type":"article","og_title":"Qui\u00e9nes somos - IAI - Inter-American Institute for Global Change Research","og_description":"La humanidad ha afectado pr\u00e1cticamente todos los ecosistemas del planeta. En los \u00faltimos 200 a\u00f1os, las emisiones antr\u00f3picas de gases de efecto invernadero a la atm\u00f3sfera terrestre han alterado las propiedades radiativas de esta y est\u00e1n provocando un aumento en las temperaturas globales, lo que a su vez, modifica el funcionamiento del sistema terrestre en [&hellip;]","og_url":"https:\/\/iai.int\/es\/quienes-somos\/","og_site_name":"IAI - Inter-American Institute for Global Change Research","article_modified_time":"2026-01-22T20:54:45+00:00","og_image":[{"width":1024,"height":319,"url":"https:\/\/iai.int\/wp-content\/uploads\/2025\/09\/Quienes-somos-2-1024x319.png","type":"image\/png"}],"twitter_card":"summary_large_image","twitter_misc":{"Tiempo de lectura":"2 minutos"},"schema":{"@context":"https:\/\/schema.org","@graph":[{"@type":"WebPage","@id":"https:\/\/iai.int\/es\/quienes-somos\/","url":"https:\/\/iai.int\/es\/quienes-somos\/","name":"Qui\u00e9nes somos - IAI - Inter-American Institute for Global Change Research","isPartOf":{"@id":"https:\/\/iai.int\/es\/#website"},"primaryImageOfPage":{"@id":"https:\/\/iai.int\/es\/quienes-somos\/#primaryimage"},"image":{"@id":"https:\/\/iai.int\/es\/quienes-somos\/#primaryimage"},"thumbnailUrl":"https:\/\/iai.int\/wp-content\/uploads\/2025\/09\/Quienes-somos-2.png","datePublished":"2024-08-28T23:20:40+00:00","dateModified":"2026-01-22T20:54:45+00:00","breadcrumb":{"@id":"https:\/\/iai.int\/es\/quienes-somos\/#breadcrumb"},"inLanguage":"es","potentialAction":[{"@type":"ReadAction","target":["https:\/\/iai.int\/es\/quienes-somos\/"]}]},{"@type":"ImageObject","inLanguage":"es","@id":"https:\/\/iai.int\/es\/quienes-somos\/#primaryimage","url":"https:\/\/iai.int\/wp-content\/uploads\/2025\/09\/Quienes-somos-2.png","contentUrl":"https:\/\/iai.int\/wp-content\/uploads\/2025\/09\/Quienes-somos-2.png","width":1600,"height":498},{"@type":"BreadcrumbList","@id":"https:\/\/iai.int\/es\/quienes-somos\/#breadcrumb","itemListElement":[{"@type":"ListItem","position":1,"name":"Portada","item":"https:\/\/iai.int\/es\/"},{"@type":"ListItem","position":2,"name":"Qui\u00e9nes somos"}]},{"@type":"WebSite","@id":"https:\/\/iai.int\/es\/#website","url":"https:\/\/iai.int\/es\/","name":"IAI - Inter-American Institute for Global Change Research","description":"","publisher":{"@id":"https:\/\/iai.int\/es\/#organization"},"potentialAction":[{"@type":"SearchAction","target":{"@type":"EntryPoint","urlTemplate":"https:\/\/iai.int\/es\/?s={search_term_string}"},"query-input":{"@type":"PropertyValueSpecification","valueRequired":true,"valueName":"search_term_string"}}],"inLanguage":"es"},{"@type":"Organization","@id":"https:\/\/iai.int\/es\/#organization","name":"IAI - Inter-American Institute for Global Change Research","url":"https:\/\/iai.int\/es\/","logo":{"@type":"ImageObject","inLanguage":"es","@id":"https:\/\/iai.int\/es\/#\/schema\/logo\/image\/","url":"https:\/\/iai.int\/wp-content\/uploads\/2025\/11\/IAI-logo-English-scaled.png","contentUrl":"https:\/\/iai.int\/wp-content\/uploads\/2025\/11\/IAI-logo-English-scaled.png","width":2560,"height":985,"caption":"IAI - Inter-American Institute for Global Change Research"},"image":{"@id":"https:\/\/iai.int\/es\/#\/schema\/logo\/image\/"}}]}},"uagb_featured_image_src":{"full":["https:\/\/iai.int\/wp-content\/uploads\/2025\/09\/Quienes-somos-2.png",1600,498,false],"thumbnail":["https:\/\/iai.int\/wp-content\/uploads\/2025\/09\/Quienes-somos-2-150x150.png",150,150,true],"medium":["https:\/\/iai.int\/wp-content\/uploads\/2025\/09\/Quienes-somos-2-300x93.png",300,93,true],"medium_large":["https:\/\/iai.int\/wp-content\/uploads\/2025\/09\/Quienes-somos-2-768x239.png",768,239,true],"large":["https:\/\/iai.int\/wp-content\/uploads\/2025\/09\/Quienes-somos-2-1024x319.png",800,249,true],"1536x1536":["https:\/\/iai.int\/wp-content\/uploads\/2025\/09\/Quienes-somos-2-1536x478.png",1536,478,true],"2048x2048":["https:\/\/iai.int\/wp-content\/uploads\/2025\/09\/Quienes-somos-2.png",1600,498,false]},"uagb_author_info":{"display_name":"admin","author_link":"https:\/\/iai.int\/es\/author\/admin\/"},"uagb_comment_info":0,"uagb_excerpt":"La humanidad ha afectado pr\u00e1cticamente todos los ecosistemas del planeta. En los \u00faltimos 200 a\u00f1os, las emisiones antr\u00f3picas de gases de efecto invernadero a la atm\u00f3sfera terrestre han alterado las propiedades radiativas de esta y est\u00e1n provocando un aumento en las temperaturas globales, lo que a su vez, modifica el funcionamiento del sistema terrestre en&hellip;","_links":{"self":[{"href":"https:\/\/iai.int\/es\/wp-json\/wp\/v2\/pages\/358","targetHints":{"allow":["GET"]}}],"collection":[{"href":"https:\/\/iai.int\/es\/wp-json\/wp\/v2\/pages"}],"about":[{"href":"https:\/\/iai.int\/es\/wp-json\/wp\/v2\/types\/page"}],"author":[{"embeddable":true,"href":"https:\/\/iai.int\/es\/wp-json\/wp\/v2\/users\/1"}],"replies":[{"embeddable":true,"href":"https:\/\/iai.int\/es\/wp-json\/wp\/v2\/comments?post=358"}],"version-history":[{"count":30,"href":"https:\/\/iai.int\/es\/wp-json\/wp\/v2\/pages\/358\/revisions"}],"predecessor-version":[{"id":14075,"href":"https:\/\/iai.int\/es\/wp-json\/wp\/v2\/pages\/358\/revisions\/14075"}],"wp:featuredmedia":[{"embeddable":true,"href":"https:\/\/iai.int\/es\/wp-json\/wp\/v2\/media\/7629"}],"wp:attachment":[{"href":"https:\/\/iai.int\/es\/wp-json\/wp\/v2\/media?parent=358"}],"curies":[{"name":"wp","href":"https:\/\/api.w.org\/{rel}","templated":true}]}}