{"id":2126,"date":"2024-11-29T22:17:55","date_gmt":"2024-11-30T01:17:55","guid":{"rendered":"https:\/\/iai.int\/?page_id=2126"},"modified":"2024-11-29T22:17:56","modified_gmt":"2024-11-30T01:17:56","slug":"preguntas-y-respuestas-sobre-la-convocatoria-ceh2-del-belmont-forum","status":"publish","type":"page","link":"https:\/\/iai.int\/es\/preguntas-y-respuestas-sobre-la-convocatoria-ceh2-del-belmont-forum\/","title":{"rendered":"Preguntas y respuestas sobre la Convocatoria CEH2 del Belmont Forum"},"content":{"rendered":"\n<p><strong>\u00bfPodemos postularnos como un consorcio que incluye dos pa\u00edses elegibles y no tres, como sugiere el documento del IAI?<\/strong><\/p>\n\n\n\n<p>Pueden postularse con uno o solo dos pa\u00edses elegibles a financiamiento del IAI, pero, para que el consorcio sea elegible para la financiaci\u00f3n del Belmont Forum, necesita tres financiadores diferentes. El IAI cuenta como un financiador, independientemente de si incluye uno, dos o tres pa\u00edses elegibles del IAI.<\/p>\n\n\n\n<p>Aseg\u00farese de leer el texto completo de la convocatoria para aclarar todos los elementos involucrados en un proyecto de investigaci\u00f3n transdisciplinario.<\/p>\n\n\n\n<p><strong>\u00bfHay aplicaciones de muestra para la propuesta previa o ejemplos de aplicaciones anteriores exitosas? \u00bfHay alguna plantilla a la que podamos acceder para planificar la propuesta previa?<\/strong><\/p>\n\n\n\n<p>No tenemos ejemplos de propuestas previas; el Belmont Forum ha puesto a disposici\u00f3n una plantilla en su sitio web (<a href=\"https:\/\/www.belmontforum.org\/cras#ceh2023\" target=\"_blank\" rel=\"noreferrer noopener\">https:\/\/www.belmontforum.org\/cras#ceh2023<\/a>).<\/p>\n\n\n\n<p><strong>\u00bfTenemos que demostrar la cofinanciaci\u00f3n del proyecto en la propuesta previa?<\/strong><\/p>\n\n\n\n<p>El cofinanciamiento es un requisito para recibir financiamiento del IAI. Le recomendamos que comparta cualquier informaci\u00f3n que pueda tener al respecto en su propuesta previa.<\/p>\n\n\n\n<p><strong>\u00bfQu\u00e9 tipos de cofinanciaci\u00f3n est\u00e1n permitidas?<\/strong><\/p>\n\n\n\n<p>La cofinanciaci\u00f3n puede tomar muchas formas, no solo apoyo financiero. El cofinanciamiento se define como recursos que son adicionales a la subvenci\u00f3n del IAI y que son proporcionados por las instituciones del beneficiario, los gobiernos (agencias de financiaci\u00f3n de la ciencia, otros organismos gubernamentales a nivel nacional, subnacional y local), otras agencias multilaterales, agencias de cooperaci\u00f3n para el desarrollo , el sector privado, fundaciones privadas, organizaciones de la sociedad civil y diversos tipos de beneficiarios, por apoyar la implementaci\u00f3n de la propuesta y el logro de sus objetivos. La cofinanciaci\u00f3n podr\u00eda adoptar la forma de contribuciones financieras o en especie.<\/p>\n\n\n\n<p>Las contribuciones en especie elegibles incluyen recursos no monetarios como los salarios de los investigadores o de los empleados de las organizaciones involucradas en el proyecto; becas para estudiantes, valoradas a la tarifa regular de pago por el tiempo dedicado al proyecto; acceso a bases de datos pagas (costos incrementales de acceso); servicios anal\u00edticos, profesionales, t\u00e9cnicos y otros (impresi\u00f3n, edici\u00f3n, publicaci\u00f3n, transporte, etc.) a la tarifa habitual por tiempo; suministro o acceso a equipos y veh\u00edculos, y sus suministros; espacio e instalaciones que se utilizar\u00e1n para trabajo de oficina, trabajo de campo, reuniones y actividades comunitarias, valoradas a la tarifa de alquiler justa; otros suministros.<\/p>\n\n\n\n<p><strong>\u00bfCu\u00e1ntas solicitudes puede presentar una misma entidad? \u00bfHay alg\u00fan l\u00edmite de presentaci\u00f3n?<\/strong><\/p>\n\n\n\n<p>No hay l\u00edmite para la cantidad de propuestas que una instituci\u00f3n puede presentar, pero los PI y co-PI solo pueden presentar una propuesta como PI o co-PI.<\/p>\n\n\n\n<p><strong>Para el financiamiento del IAI: \u00bfSe desembolsar\u00eda la suma total a un \u00fanico IP del IAI? \u00bfO cada pa\u00eds identificar\u00eda un IP cuya instituci\u00f3n recibir\u00eda su financiaci\u00f3n y ser\u00eda responsable de las subadjudicaciones dentro del pa\u00eds?<\/strong><\/p>\n\n\n\n<p>La suma se puede desembolsar a un solo PI l\u00edder del IAI o al co-PI en cada pa\u00eds de acuerdo con el presupuesto presentado por cada co-PI. El IP principal del IAI debe dejar en claro cu\u00e1l es la opci\u00f3n preferida si se aprueba la financiaci\u00f3n de la propuesta.<\/p>\n\n\n\n<p><strong>No me queda claro despu\u00e9s de leer las directrices si deber\u00edamos contemplar en la propuesta grupos de trabajo que se dediquen a la producci\u00f3n de conocimiento cient\u00edfico y otros al proceso de coproducci\u00f3n. \u00bfHay alguna recomendaci\u00f3n al respecto?<\/strong><\/p>\n\n\n\n<p>Para esta convocatoria CEH2, la mayor\u00eda de los financiadores son abiertos con respecto a la parte de producci\u00f3n o aplicaci\u00f3n de la investigaci\u00f3n, pero algunos son espec\u00edficos y solicitan que debe haber una pregunta fundamental. El IAI tiene algunas restricciones en el Anexo con respecto al uso de fondos, pero no especifican el tipo de investigaci\u00f3n.<\/p>\n\n\n\n<p><strong>\u00bfNos podr\u00edan&nbsp; dar un listado de las instituciones o la instituci\u00f3n a la cual hay que pertenecer para poder participar?<\/strong><\/p>\n\n\n\n<p>Por favor revisa las condiciones de la convocatoria <a href=\"https:\/\/iai.int\/es\/belmont-forum-ceh2-call-convocatoria-belmont-forum-ceh2\/\" data-type=\"post\" data-id=\"2112\">aqu\u00ed<\/a><\/p>\n\n\n\n<p><a href=\"https:\/\/iai.int\/es\/belmont-forum-ceh2-call-convocatoria-belmont-forum-ceh2\/\" data-type=\"post\" data-id=\"2112\">https:\/\/iai.int\/es\/news\/detail\/Collaborative-Research-Action-on-Climate-Environment-and-Health-II<\/a><\/p>\n\n\n\n<p><strong>\u00bfSe puede participar sin pertenecer a una instituci\u00f3n?<\/strong><\/p>\n\n\n\n<p>Solo los investigadores principales\/co investigadores principales afiliados a una instituci\u00f3n pueden recibir y administrar fondos. Tendr\u00edas que formar un equipo liderado por investigadores o actores afiliados a una instituci\u00f3n.<\/p>\n\n\n\n<p><strong>&nbsp;\u00bfQuiero consultar si debe haber solo un IP del IAI, o cada pa\u00eds elegible para el IAI recibir\u00e1 su financiamiento directamente?<\/strong><\/p>\n\n\n\n<p>La suma se puede desembolsar a un solo PI l\u00edder del IAI o al co-PI en cada pa\u00eds elegible para el IAI de acuerdo con el presupuesto presentado por cada co-PI. El IP principal del IAI debe aclarar cu\u00e1l es la opci\u00f3n preferida si se aprueba la financiaci\u00f3n de la propuesta.<\/p>\n","protected":false},"excerpt":{"rendered":"<p>\u00bfPodemos postularnos como un consorcio que incluye dos pa\u00edses elegibles y no tres, como sugiere el documento del IAI? Pueden postularse con uno o solo dos pa\u00edses elegibles a financiamiento del IAI, pero, para que el consorcio sea elegible para la financiaci\u00f3n del Belmont Forum, necesita tres financiadores diferentes. El IAI cuenta como un financiador, [&hellip;]<\/p>\n","protected":false},"author":1,"featured_media":0,"parent":0,"menu_order":0,"comment_status":"closed","ping_status":"closed","template":"","meta":{"_acf_changed":false,"_uag_custom_page_level_css":"","footnotes":""},"class_list":["post-2126","page","type-page","status-publish","hentry"],"acf":[],"yoast_head":"<!-- This site is optimized with the Yoast SEO plugin v27.3 - https:\/\/yoast.com\/product\/yoast-seo-wordpress\/ -->\n<title>Preguntas y respuestas sobre la Convocatoria CEH2 del Belmont Forum - IAI - Inter-American Institute for Global Change Research<\/title>\n<meta name=\"robots\" content=\"index, follow, max-snippet:-1, max-image-preview:large, max-video-preview:-1\" \/>\n<link rel=\"canonical\" href=\"https:\/\/iai.int\/es\/preguntas-y-respuestas-sobre-la-convocatoria-ceh2-del-belmont-forum\/\" \/>\n<meta property=\"og:locale\" content=\"es_ES\" \/>\n<meta property=\"og:type\" content=\"article\" \/>\n<meta property=\"og:title\" content=\"Preguntas y respuestas sobre la Convocatoria CEH2 del Belmont Forum - IAI - Inter-American Institute for Global Change Research\" \/>\n<meta property=\"og:description\" content=\"\u00bfPodemos postularnos como un consorcio que incluye dos pa\u00edses elegibles y no tres, como sugiere el documento del IAI? Pueden postularse con uno o solo dos pa\u00edses elegibles a financiamiento del IAI, pero, para que el consorcio sea elegible para la financiaci\u00f3n del Belmont Forum, necesita tres financiadores diferentes. El IAI cuenta como un financiador, [&hellip;]\" \/>\n<meta property=\"og:url\" content=\"https:\/\/iai.int\/es\/preguntas-y-respuestas-sobre-la-convocatoria-ceh2-del-belmont-forum\/\" \/>\n<meta property=\"og:site_name\" content=\"IAI - Inter-American Institute for Global Change Research\" \/>\n<meta property=\"article:modified_time\" content=\"2024-11-30T01:17:56+00:00\" \/>\n<meta name=\"twitter:card\" content=\"summary_large_image\" \/>\n<meta name=\"twitter:label1\" content=\"Tiempo de lectura\" \/>\n\t<meta name=\"twitter:data1\" content=\"4 minutos\" \/>\n<script type=\"application\/ld+json\" class=\"yoast-schema-graph\">{\"@context\":\"https:\\\/\\\/schema.org\",\"@graph\":[{\"@type\":\"WebPage\",\"@id\":\"https:\\\/\\\/iai.int\\\/es\\\/preguntas-y-respuestas-sobre-la-convocatoria-ceh2-del-belmont-forum\\\/\",\"url\":\"https:\\\/\\\/iai.int\\\/es\\\/preguntas-y-respuestas-sobre-la-convocatoria-ceh2-del-belmont-forum\\\/\",\"name\":\"Preguntas y respuestas sobre la Convocatoria CEH2 del Belmont Forum - IAI - Inter-American Institute for Global Change Research\",\"isPartOf\":{\"@id\":\"https:\\\/\\\/iai.int\\\/es\\\/#website\"},\"datePublished\":\"2024-11-30T01:17:55+00:00\",\"dateModified\":\"2024-11-30T01:17:56+00:00\",\"breadcrumb\":{\"@id\":\"https:\\\/\\\/iai.int\\\/es\\\/preguntas-y-respuestas-sobre-la-convocatoria-ceh2-del-belmont-forum\\\/#breadcrumb\"},\"inLanguage\":\"es\",\"potentialAction\":[{\"@type\":\"ReadAction\",\"target\":[\"https:\\\/\\\/iai.int\\\/es\\\/preguntas-y-respuestas-sobre-la-convocatoria-ceh2-del-belmont-forum\\\/\"]}]},{\"@type\":\"BreadcrumbList\",\"@id\":\"https:\\\/\\\/iai.int\\\/es\\\/preguntas-y-respuestas-sobre-la-convocatoria-ceh2-del-belmont-forum\\\/#breadcrumb\",\"itemListElement\":[{\"@type\":\"ListItem\",\"position\":1,\"name\":\"Portada\",\"item\":\"https:\\\/\\\/iai.int\\\/es\\\/\"},{\"@type\":\"ListItem\",\"position\":2,\"name\":\"Preguntas y respuestas sobre la Convocatoria CEH2 del Belmont Forum\"}]},{\"@type\":\"WebSite\",\"@id\":\"https:\\\/\\\/iai.int\\\/es\\\/#website\",\"url\":\"https:\\\/\\\/iai.int\\\/es\\\/\",\"name\":\"IAI - Inter-American Institute for Global Change Research\",\"description\":\"\",\"publisher\":{\"@id\":\"https:\\\/\\\/iai.int\\\/es\\\/#organization\"},\"potentialAction\":[{\"@type\":\"SearchAction\",\"target\":{\"@type\":\"EntryPoint\",\"urlTemplate\":\"https:\\\/\\\/iai.int\\\/es\\\/?s={search_term_string}\"},\"query-input\":{\"@type\":\"PropertyValueSpecification\",\"valueRequired\":true,\"valueName\":\"search_term_string\"}}],\"inLanguage\":\"es\"},{\"@type\":\"Organization\",\"@id\":\"https:\\\/\\\/iai.int\\\/es\\\/#organization\",\"name\":\"IAI - Inter-American Institute for Global Change Research\",\"url\":\"https:\\\/\\\/iai.int\\\/es\\\/\",\"logo\":{\"@type\":\"ImageObject\",\"inLanguage\":\"es\",\"@id\":\"https:\\\/\\\/iai.int\\\/es\\\/#\\\/schema\\\/logo\\\/image\\\/\",\"url\":\"https:\\\/\\\/iai.int\\\/wp-content\\\/uploads\\\/2025\\\/11\\\/IAI-logo-English-scaled.png\",\"contentUrl\":\"https:\\\/\\\/iai.int\\\/wp-content\\\/uploads\\\/2025\\\/11\\\/IAI-logo-English-scaled.png\",\"width\":2560,\"height\":985,\"caption\":\"IAI - Inter-American Institute for Global Change Research\"},\"image\":{\"@id\":\"https:\\\/\\\/iai.int\\\/es\\\/#\\\/schema\\\/logo\\\/image\\\/\"}}]}<\/script>\n<!-- \/ Yoast SEO plugin. -->","yoast_head_json":{"title":"Preguntas y respuestas sobre la Convocatoria CEH2 del Belmont Forum - IAI - Inter-American Institute for Global Change Research","robots":{"index":"index","follow":"follow","max-snippet":"max-snippet:-1","max-image-preview":"max-image-preview:large","max-video-preview":"max-video-preview:-1"},"canonical":"https:\/\/iai.int\/es\/preguntas-y-respuestas-sobre-la-convocatoria-ceh2-del-belmont-forum\/","og_locale":"es_ES","og_type":"article","og_title":"Preguntas y respuestas sobre la Convocatoria CEH2 del Belmont Forum - IAI - Inter-American Institute for Global Change Research","og_description":"\u00bfPodemos postularnos como un consorcio que incluye dos pa\u00edses elegibles y no tres, como sugiere el documento del IAI? Pueden postularse con uno o solo dos pa\u00edses elegibles a financiamiento del IAI, pero, para que el consorcio sea elegible para la financiaci\u00f3n del Belmont Forum, necesita tres financiadores diferentes. El IAI cuenta como un financiador, [&hellip;]","og_url":"https:\/\/iai.int\/es\/preguntas-y-respuestas-sobre-la-convocatoria-ceh2-del-belmont-forum\/","og_site_name":"IAI - Inter-American Institute for Global Change Research","article_modified_time":"2024-11-30T01:17:56+00:00","twitter_card":"summary_large_image","twitter_misc":{"Tiempo de lectura":"4 minutos"},"schema":{"@context":"https:\/\/schema.org","@graph":[{"@type":"WebPage","@id":"https:\/\/iai.int\/es\/preguntas-y-respuestas-sobre-la-convocatoria-ceh2-del-belmont-forum\/","url":"https:\/\/iai.int\/es\/preguntas-y-respuestas-sobre-la-convocatoria-ceh2-del-belmont-forum\/","name":"Preguntas y respuestas sobre la Convocatoria CEH2 del Belmont Forum - IAI - Inter-American Institute for Global Change Research","isPartOf":{"@id":"https:\/\/iai.int\/es\/#website"},"datePublished":"2024-11-30T01:17:55+00:00","dateModified":"2024-11-30T01:17:56+00:00","breadcrumb":{"@id":"https:\/\/iai.int\/es\/preguntas-y-respuestas-sobre-la-convocatoria-ceh2-del-belmont-forum\/#breadcrumb"},"inLanguage":"es","potentialAction":[{"@type":"ReadAction","target":["https:\/\/iai.int\/es\/preguntas-y-respuestas-sobre-la-convocatoria-ceh2-del-belmont-forum\/"]}]},{"@type":"BreadcrumbList","@id":"https:\/\/iai.int\/es\/preguntas-y-respuestas-sobre-la-convocatoria-ceh2-del-belmont-forum\/#breadcrumb","itemListElement":[{"@type":"ListItem","position":1,"name":"Portada","item":"https:\/\/iai.int\/es\/"},{"@type":"ListItem","position":2,"name":"Preguntas y respuestas sobre la Convocatoria CEH2 del Belmont Forum"}]},{"@type":"WebSite","@id":"https:\/\/iai.int\/es\/#website","url":"https:\/\/iai.int\/es\/","name":"IAI - Inter-American Institute for Global Change Research","description":"","publisher":{"@id":"https:\/\/iai.int\/es\/#organization"},"potentialAction":[{"@type":"SearchAction","target":{"@type":"EntryPoint","urlTemplate":"https:\/\/iai.int\/es\/?s={search_term_string}"},"query-input":{"@type":"PropertyValueSpecification","valueRequired":true,"valueName":"search_term_string"}}],"inLanguage":"es"},{"@type":"Organization","@id":"https:\/\/iai.int\/es\/#organization","name":"IAI - Inter-American Institute for Global Change Research","url":"https:\/\/iai.int\/es\/","logo":{"@type":"ImageObject","inLanguage":"es","@id":"https:\/\/iai.int\/es\/#\/schema\/logo\/image\/","url":"https:\/\/iai.int\/wp-content\/uploads\/2025\/11\/IAI-logo-English-scaled.png","contentUrl":"https:\/\/iai.int\/wp-content\/uploads\/2025\/11\/IAI-logo-English-scaled.png","width":2560,"height":985,"caption":"IAI - Inter-American Institute for Global Change Research"},"image":{"@id":"https:\/\/iai.int\/es\/#\/schema\/logo\/image\/"}}]}},"uagb_featured_image_src":{"full":false,"thumbnail":false,"medium":false,"medium_large":false,"large":false,"1536x1536":false,"2048x2048":false},"uagb_author_info":{"display_name":"admin","author_link":"https:\/\/iai.int\/es\/author\/admin\/"},"uagb_comment_info":0,"uagb_excerpt":"\u00bfPodemos postularnos como un consorcio que incluye dos pa\u00edses elegibles y no tres, como sugiere el documento del IAI? Pueden postularse con uno o solo dos pa\u00edses elegibles a financiamiento del IAI, pero, para que el consorcio sea elegible para la financiaci\u00f3n del Belmont Forum, necesita tres financiadores diferentes. El IAI cuenta como un financiador,&hellip;","_links":{"self":[{"href":"https:\/\/iai.int\/es\/wp-json\/wp\/v2\/pages\/2126","targetHints":{"allow":["GET"]}}],"collection":[{"href":"https:\/\/iai.int\/es\/wp-json\/wp\/v2\/pages"}],"about":[{"href":"https:\/\/iai.int\/es\/wp-json\/wp\/v2\/types\/page"}],"author":[{"embeddable":true,"href":"https:\/\/iai.int\/es\/wp-json\/wp\/v2\/users\/1"}],"replies":[{"embeddable":true,"href":"https:\/\/iai.int\/es\/wp-json\/wp\/v2\/comments?post=2126"}],"version-history":[{"count":1,"href":"https:\/\/iai.int\/es\/wp-json\/wp\/v2\/pages\/2126\/revisions"}],"predecessor-version":[{"id":2131,"href":"https:\/\/iai.int\/es\/wp-json\/wp\/v2\/pages\/2126\/revisions\/2131"}],"wp:attachment":[{"href":"https:\/\/iai.int\/es\/wp-json\/wp\/v2\/media?parent=2126"}],"curies":[{"name":"wp","href":"https:\/\/api.w.org\/{rel}","templated":true}]}}