{"id":14889,"date":"2026-04-28T14:00:14","date_gmt":"2026-04-28T19:00:14","guid":{"rendered":"https:\/\/iai.int\/?page_id=14889"},"modified":"2026-04-28T14:10:41","modified_gmt":"2026-04-28T19:10:41","slug":"alianza-iai-csuca-para-impulsar-la-ciencia-en-centroamerica","status":"publish","type":"page","link":"https:\/\/iai.int\/es\/alianza-iai-csuca-para-impulsar-la-ciencia-en-centroamerica\/","title":{"rendered":"Alianza IAI-CSUCA para impulsar la ciencia en Centroam\u00e9rica"},"content":{"rendered":"\n<p>El IAI se complace en anunciar la firma de un nuevo Memorando de Entendimiento entre el&nbsp;Consejo Superior Universitario Centroamericano (CSUCA)&nbsp;y el&nbsp;Instituto Interamericano para la Investigaci\u00f3n del Cambio Global (IAI), una alianza estrat\u00e9gica orientada a impulsar la colaboraci\u00f3n cient\u00edfica, acad\u00e9mica y t\u00e9cnica frente a algunos de los desaf\u00edos m\u00e1s urgentes de nuestra regi\u00f3n.&nbsp;<\/p>\n\n\n\n<p>Este acuerdo refleja una visi\u00f3n compartida: fortalecer las capacidades de Centroam\u00e9rica y Rep\u00fablica Dominicana para comprender y responder al cambio ambiental global a trav\u00e9s de la ciencia, la formaci\u00f3n y la cooperaci\u00f3n interinstitucional.<\/p>\n\n\n\n<p>Durante los pr\u00f3ximos a\u00f1os, ambas instituciones trabajar\u00e1n conjuntamente en \u00e1reas prioritarias como: clima y salud, variabilidad y resiliencia clim\u00e1tica, biodiversidad y sostenibilidad, energ\u00edas limpias, ciencia abierta e intercambio de datos, diplomacia cient\u00edfica e interfaz ciencia-pol\u00edticas, ciencia transdisciplinaria y equidad, diversidad e inclusi\u00f3n en la producci\u00f3n de conocimiento.<\/p>\n\n\n\n<p>La alianza tambi\u00e9n permitir\u00e1 desarrollar programas conjuntos de formaci\u00f3n y fortalecimiento de capacidades, as\u00ed como mecanismos de articulaci\u00f3n entre las universidades p\u00fablicas centroamericanas y las redes cient\u00edficas del IAI, promoviendo una mayor integraci\u00f3n regional del conocimiento y soluciones basadas en evidencia.<\/p>\n\n\n\n<p>En un contexto en el que los impactos del cambio global demandan respuestas coordinadas, esta colaboraci\u00f3n reafirma el papel central de la educaci\u00f3n superior, la investigaci\u00f3n y la cooperaci\u00f3n interamericana en la construcci\u00f3n de futuros m\u00e1s resilientes y sostenibles. Este acuerdo permitir\u00e1 orientar la agenda regional hacia una transformaci\u00f3n basada en la ciencia.<\/p>\n\n\n\n<div style=\"height:46px\" aria-hidden=\"true\" class=\"wp-block-spacer\"><\/div>\n\n\n\n<p><\/p>\n","protected":false},"excerpt":{"rendered":"<p>El IAI se complace en anunciar la firma de un nuevo Memorando de Entendimiento entre el&nbsp;Consejo Superior Universitario Centroamericano (CSUCA)&nbsp;y el&nbsp;Instituto Interamericano para la Investigaci\u00f3n del Cambio Global (IAI), una alianza estrat\u00e9gica orientada a impulsar la colaboraci\u00f3n cient\u00edfica, acad\u00e9mica y t\u00e9cnica frente a algunos de los desaf\u00edos m\u00e1s urgentes de nuestra regi\u00f3n.&nbsp; Este acuerdo refleja [&hellip;]<\/p>\n","protected":false},"author":8,"featured_media":14907,"parent":0,"menu_order":0,"comment_status":"closed","ping_status":"closed","template":"","meta":{"_acf_changed":false,"_uag_custom_page_level_css":"","footnotes":""},"class_list":["post-14889","page","type-page","status-publish","has-post-thumbnail","hentry"],"acf":[],"yoast_head":"<!-- This site is optimized with the Yoast SEO plugin v27.3 - https:\/\/yoast.com\/product\/yoast-seo-wordpress\/ -->\n<title>Alianza IAI-CSUCA para impulsar la ciencia en Centroam\u00e9rica - IAI - Inter-American Institute for Global Change Research<\/title>\n<meta name=\"robots\" content=\"index, follow, max-snippet:-1, max-image-preview:large, max-video-preview:-1\" \/>\n<link rel=\"canonical\" href=\"https:\/\/iai.int\/es\/alianza-iai-csuca-para-impulsar-la-ciencia-en-centroamerica\/\" \/>\n<meta property=\"og:locale\" content=\"es_ES\" \/>\n<meta property=\"og:type\" content=\"article\" \/>\n<meta property=\"og:title\" content=\"Alianza IAI-CSUCA para impulsar la ciencia en Centroam\u00e9rica - IAI - Inter-American Institute for Global Change Research\" \/>\n<meta property=\"og:description\" content=\"El IAI se complace en anunciar la firma de un nuevo Memorando de Entendimiento entre el&nbsp;Consejo Superior Universitario Centroamericano (CSUCA)&nbsp;y el&nbsp;Instituto Interamericano para la Investigaci\u00f3n del Cambio Global (IAI), una alianza estrat\u00e9gica orientada a impulsar la colaboraci\u00f3n cient\u00edfica, acad\u00e9mica y t\u00e9cnica frente a algunos de los desaf\u00edos m\u00e1s urgentes de nuestra regi\u00f3n.&nbsp; Este acuerdo refleja [&hellip;]\" \/>\n<meta property=\"og:url\" content=\"https:\/\/iai.int\/es\/alianza-iai-csuca-para-impulsar-la-ciencia-en-centroamerica\/\" \/>\n<meta property=\"og:site_name\" content=\"IAI - Inter-American Institute for Global Change Research\" \/>\n<meta property=\"article:modified_time\" content=\"2026-04-28T19:10:41+00:00\" \/>\n<meta property=\"og:image\" content=\"http:\/\/iai.int\/wp-content\/uploads\/2026\/04\/Noticia-alianza-CSUCA-1.png\" \/>\n\t<meta property=\"og:image:width\" content=\"1772\" \/>\n\t<meta property=\"og:image:height\" content=\"551\" \/>\n\t<meta property=\"og:image:type\" content=\"image\/png\" \/>\n<meta name=\"twitter:card\" content=\"summary_large_image\" \/>\n<meta name=\"twitter:label1\" content=\"Tiempo de lectura\" \/>\n\t<meta name=\"twitter:data1\" content=\"2 minutos\" \/>\n<script type=\"application\/ld+json\" class=\"yoast-schema-graph\">{\"@context\":\"https:\\\/\\\/schema.org\",\"@graph\":[{\"@type\":\"WebPage\",\"@id\":\"https:\\\/\\\/iai.int\\\/es\\\/alianza-iai-csuca-para-impulsar-la-ciencia-en-centroamerica\\\/\",\"url\":\"https:\\\/\\\/iai.int\\\/es\\\/alianza-iai-csuca-para-impulsar-la-ciencia-en-centroamerica\\\/\",\"name\":\"Alianza IAI-CSUCA para impulsar la ciencia en Centroam\u00e9rica - IAI - Inter-American Institute for Global Change Research\",\"isPartOf\":{\"@id\":\"https:\\\/\\\/iai.int\\\/es\\\/#website\"},\"primaryImageOfPage\":{\"@id\":\"https:\\\/\\\/iai.int\\\/es\\\/alianza-iai-csuca-para-impulsar-la-ciencia-en-centroamerica\\\/#primaryimage\"},\"image\":{\"@id\":\"https:\\\/\\\/iai.int\\\/es\\\/alianza-iai-csuca-para-impulsar-la-ciencia-en-centroamerica\\\/#primaryimage\"},\"thumbnailUrl\":\"https:\\\/\\\/iai.int\\\/wp-content\\\/uploads\\\/2026\\\/04\\\/Noticia-alianza-CSUCA-1.png\",\"datePublished\":\"2026-04-28T19:00:14+00:00\",\"dateModified\":\"2026-04-28T19:10:41+00:00\",\"breadcrumb\":{\"@id\":\"https:\\\/\\\/iai.int\\\/es\\\/alianza-iai-csuca-para-impulsar-la-ciencia-en-centroamerica\\\/#breadcrumb\"},\"inLanguage\":\"es\",\"potentialAction\":[{\"@type\":\"ReadAction\",\"target\":[\"https:\\\/\\\/iai.int\\\/es\\\/alianza-iai-csuca-para-impulsar-la-ciencia-en-centroamerica\\\/\"]}]},{\"@type\":\"ImageObject\",\"inLanguage\":\"es\",\"@id\":\"https:\\\/\\\/iai.int\\\/es\\\/alianza-iai-csuca-para-impulsar-la-ciencia-en-centroamerica\\\/#primaryimage\",\"url\":\"https:\\\/\\\/iai.int\\\/wp-content\\\/uploads\\\/2026\\\/04\\\/Noticia-alianza-CSUCA-1.png\",\"contentUrl\":\"https:\\\/\\\/iai.int\\\/wp-content\\\/uploads\\\/2026\\\/04\\\/Noticia-alianza-CSUCA-1.png\",\"width\":1772,\"height\":551},{\"@type\":\"BreadcrumbList\",\"@id\":\"https:\\\/\\\/iai.int\\\/es\\\/alianza-iai-csuca-para-impulsar-la-ciencia-en-centroamerica\\\/#breadcrumb\",\"itemListElement\":[{\"@type\":\"ListItem\",\"position\":1,\"name\":\"Portada\",\"item\":\"https:\\\/\\\/iai.int\\\/es\\\/\"},{\"@type\":\"ListItem\",\"position\":2,\"name\":\"Alianza IAI-CSUCA para impulsar la ciencia en Centroam\u00e9rica\"}]},{\"@type\":\"WebSite\",\"@id\":\"https:\\\/\\\/iai.int\\\/es\\\/#website\",\"url\":\"https:\\\/\\\/iai.int\\\/es\\\/\",\"name\":\"IAI - Inter-American Institute for Global Change Research\",\"description\":\"\",\"publisher\":{\"@id\":\"https:\\\/\\\/iai.int\\\/es\\\/#organization\"},\"potentialAction\":[{\"@type\":\"SearchAction\",\"target\":{\"@type\":\"EntryPoint\",\"urlTemplate\":\"https:\\\/\\\/iai.int\\\/es\\\/?s={search_term_string}\"},\"query-input\":{\"@type\":\"PropertyValueSpecification\",\"valueRequired\":true,\"valueName\":\"search_term_string\"}}],\"inLanguage\":\"es\"},{\"@type\":\"Organization\",\"@id\":\"https:\\\/\\\/iai.int\\\/es\\\/#organization\",\"name\":\"IAI - Inter-American Institute for Global Change Research\",\"url\":\"https:\\\/\\\/iai.int\\\/es\\\/\",\"logo\":{\"@type\":\"ImageObject\",\"inLanguage\":\"es\",\"@id\":\"https:\\\/\\\/iai.int\\\/es\\\/#\\\/schema\\\/logo\\\/image\\\/\",\"url\":\"https:\\\/\\\/iai.int\\\/wp-content\\\/uploads\\\/2025\\\/11\\\/IAI-logo-English-scaled.png\",\"contentUrl\":\"https:\\\/\\\/iai.int\\\/wp-content\\\/uploads\\\/2025\\\/11\\\/IAI-logo-English-scaled.png\",\"width\":2560,\"height\":985,\"caption\":\"IAI - Inter-American Institute for Global Change Research\"},\"image\":{\"@id\":\"https:\\\/\\\/iai.int\\\/es\\\/#\\\/schema\\\/logo\\\/image\\\/\"}}]}<\/script>\n<!-- \/ Yoast SEO plugin. -->","yoast_head_json":{"title":"Alianza IAI-CSUCA para impulsar la ciencia en Centroam\u00e9rica - IAI - Inter-American Institute for Global Change Research","robots":{"index":"index","follow":"follow","max-snippet":"max-snippet:-1","max-image-preview":"max-image-preview:large","max-video-preview":"max-video-preview:-1"},"canonical":"https:\/\/iai.int\/es\/alianza-iai-csuca-para-impulsar-la-ciencia-en-centroamerica\/","og_locale":"es_ES","og_type":"article","og_title":"Alianza IAI-CSUCA para impulsar la ciencia en Centroam\u00e9rica - IAI - Inter-American Institute for Global Change Research","og_description":"El IAI se complace en anunciar la firma de un nuevo Memorando de Entendimiento entre el&nbsp;Consejo Superior Universitario Centroamericano (CSUCA)&nbsp;y el&nbsp;Instituto Interamericano para la Investigaci\u00f3n del Cambio Global (IAI), una alianza estrat\u00e9gica orientada a impulsar la colaboraci\u00f3n cient\u00edfica, acad\u00e9mica y t\u00e9cnica frente a algunos de los desaf\u00edos m\u00e1s urgentes de nuestra regi\u00f3n.&nbsp; Este acuerdo refleja [&hellip;]","og_url":"https:\/\/iai.int\/es\/alianza-iai-csuca-para-impulsar-la-ciencia-en-centroamerica\/","og_site_name":"IAI - Inter-American Institute for Global Change Research","article_modified_time":"2026-04-28T19:10:41+00:00","og_image":[{"width":1772,"height":551,"url":"http:\/\/iai.int\/wp-content\/uploads\/2026\/04\/Noticia-alianza-CSUCA-1.png","type":"image\/png"}],"twitter_card":"summary_large_image","twitter_misc":{"Tiempo de lectura":"2 minutos"},"schema":{"@context":"https:\/\/schema.org","@graph":[{"@type":"WebPage","@id":"https:\/\/iai.int\/es\/alianza-iai-csuca-para-impulsar-la-ciencia-en-centroamerica\/","url":"https:\/\/iai.int\/es\/alianza-iai-csuca-para-impulsar-la-ciencia-en-centroamerica\/","name":"Alianza IAI-CSUCA para impulsar la ciencia en Centroam\u00e9rica - IAI - Inter-American Institute for Global Change Research","isPartOf":{"@id":"https:\/\/iai.int\/es\/#website"},"primaryImageOfPage":{"@id":"https:\/\/iai.int\/es\/alianza-iai-csuca-para-impulsar-la-ciencia-en-centroamerica\/#primaryimage"},"image":{"@id":"https:\/\/iai.int\/es\/alianza-iai-csuca-para-impulsar-la-ciencia-en-centroamerica\/#primaryimage"},"thumbnailUrl":"https:\/\/iai.int\/wp-content\/uploads\/2026\/04\/Noticia-alianza-CSUCA-1.png","datePublished":"2026-04-28T19:00:14+00:00","dateModified":"2026-04-28T19:10:41+00:00","breadcrumb":{"@id":"https:\/\/iai.int\/es\/alianza-iai-csuca-para-impulsar-la-ciencia-en-centroamerica\/#breadcrumb"},"inLanguage":"es","potentialAction":[{"@type":"ReadAction","target":["https:\/\/iai.int\/es\/alianza-iai-csuca-para-impulsar-la-ciencia-en-centroamerica\/"]}]},{"@type":"ImageObject","inLanguage":"es","@id":"https:\/\/iai.int\/es\/alianza-iai-csuca-para-impulsar-la-ciencia-en-centroamerica\/#primaryimage","url":"https:\/\/iai.int\/wp-content\/uploads\/2026\/04\/Noticia-alianza-CSUCA-1.png","contentUrl":"https:\/\/iai.int\/wp-content\/uploads\/2026\/04\/Noticia-alianza-CSUCA-1.png","width":1772,"height":551},{"@type":"BreadcrumbList","@id":"https:\/\/iai.int\/es\/alianza-iai-csuca-para-impulsar-la-ciencia-en-centroamerica\/#breadcrumb","itemListElement":[{"@type":"ListItem","position":1,"name":"Portada","item":"https:\/\/iai.int\/es\/"},{"@type":"ListItem","position":2,"name":"Alianza IAI-CSUCA para impulsar la ciencia en Centroam\u00e9rica"}]},{"@type":"WebSite","@id":"https:\/\/iai.int\/es\/#website","url":"https:\/\/iai.int\/es\/","name":"IAI - Inter-American Institute for Global Change Research","description":"","publisher":{"@id":"https:\/\/iai.int\/es\/#organization"},"potentialAction":[{"@type":"SearchAction","target":{"@type":"EntryPoint","urlTemplate":"https:\/\/iai.int\/es\/?s={search_term_string}"},"query-input":{"@type":"PropertyValueSpecification","valueRequired":true,"valueName":"search_term_string"}}],"inLanguage":"es"},{"@type":"Organization","@id":"https:\/\/iai.int\/es\/#organization","name":"IAI - Inter-American Institute for Global Change Research","url":"https:\/\/iai.int\/es\/","logo":{"@type":"ImageObject","inLanguage":"es","@id":"https:\/\/iai.int\/es\/#\/schema\/logo\/image\/","url":"https:\/\/iai.int\/wp-content\/uploads\/2025\/11\/IAI-logo-English-scaled.png","contentUrl":"https:\/\/iai.int\/wp-content\/uploads\/2025\/11\/IAI-logo-English-scaled.png","width":2560,"height":985,"caption":"IAI - Inter-American Institute for Global Change Research"},"image":{"@id":"https:\/\/iai.int\/es\/#\/schema\/logo\/image\/"}}]}},"uagb_featured_image_src":{"full":["https:\/\/iai.int\/wp-content\/uploads\/2026\/04\/Noticia-alianza-CSUCA-1.png",1772,551,false],"thumbnail":["https:\/\/iai.int\/wp-content\/uploads\/2026\/04\/Noticia-alianza-CSUCA-1-150x150.png",150,150,true],"medium":["https:\/\/iai.int\/wp-content\/uploads\/2026\/04\/Noticia-alianza-CSUCA-1-300x93.png",300,93,true],"medium_large":["https:\/\/iai.int\/wp-content\/uploads\/2026\/04\/Noticia-alianza-CSUCA-1-768x239.png",768,239,true],"large":["https:\/\/iai.int\/wp-content\/uploads\/2026\/04\/Noticia-alianza-CSUCA-1-1024x318.png",800,248,true],"1536x1536":["https:\/\/iai.int\/wp-content\/uploads\/2026\/04\/Noticia-alianza-CSUCA-1-1536x478.png",1536,478,true],"2048x2048":["https:\/\/iai.int\/wp-content\/uploads\/2026\/04\/Noticia-alianza-CSUCA-1.png",1772,551,false]},"uagb_author_info":{"display_name":"Irene Torres","author_link":"https:\/\/iai.int\/es\/author\/irene-torres\/"},"uagb_comment_info":0,"uagb_excerpt":"El IAI se complace en anunciar la firma de un nuevo Memorando de Entendimiento entre el&nbsp;Consejo Superior Universitario Centroamericano (CSUCA)&nbsp;y el&nbsp;Instituto Interamericano para la Investigaci\u00f3n del Cambio Global (IAI), una alianza estrat\u00e9gica orientada a impulsar la colaboraci\u00f3n cient\u00edfica, acad\u00e9mica y t\u00e9cnica frente a algunos de los desaf\u00edos m\u00e1s urgentes de nuestra regi\u00f3n.&nbsp; Este acuerdo refleja&hellip;","_links":{"self":[{"href":"https:\/\/iai.int\/es\/wp-json\/wp\/v2\/pages\/14889","targetHints":{"allow":["GET"]}}],"collection":[{"href":"https:\/\/iai.int\/es\/wp-json\/wp\/v2\/pages"}],"about":[{"href":"https:\/\/iai.int\/es\/wp-json\/wp\/v2\/types\/page"}],"author":[{"embeddable":true,"href":"https:\/\/iai.int\/es\/wp-json\/wp\/v2\/users\/8"}],"replies":[{"embeddable":true,"href":"https:\/\/iai.int\/es\/wp-json\/wp\/v2\/comments?post=14889"}],"version-history":[{"count":2,"href":"https:\/\/iai.int\/es\/wp-json\/wp\/v2\/pages\/14889\/revisions"}],"predecessor-version":[{"id":14905,"href":"https:\/\/iai.int\/es\/wp-json\/wp\/v2\/pages\/14889\/revisions\/14905"}],"wp:featuredmedia":[{"embeddable":true,"href":"https:\/\/iai.int\/es\/wp-json\/wp\/v2\/media\/14907"}],"wp:attachment":[{"href":"https:\/\/iai.int\/es\/wp-json\/wp\/v2\/media?parent=14889"}],"curies":[{"name":"wp","href":"https:\/\/api.w.org\/{rel}","templated":true}]}}