{"id":14784,"date":"2026-04-13T20:52:35","date_gmt":"2026-04-14T01:52:35","guid":{"rendered":"https:\/\/iai.int\/?page_id=14784"},"modified":"2026-04-13T21:07:41","modified_gmt":"2026-04-14T02:07:41","slug":"fortalecimiento-de-la-cooperacion-cientifica-regional-para-la-soberania-del-conocimiento-climatico-y-la-resiliencia-en-las-americas-y-el-caribe","status":"publish","type":"page","link":"https:\/\/iai.int\/es\/fortalecimiento-de-la-cooperacion-cientifica-regional-para-la-soberania-del-conocimiento-climatico-y-la-resiliencia-en-las-americas-y-el-caribe\/","title":{"rendered":"Fortalecimiento de la cooperaci\u00f3n cient\u00edfica regional para la soberan\u00eda del conocimiento clim\u00e1tico y la resiliencia en las Am\u00e9ricas y el Caribe"},"content":{"rendered":"\t\t<div data-elementor-type=\"wp-page\" data-elementor-id=\"14784\" class=\"elementor elementor-14784\" data-elementor-post-type=\"page\">\n\t\t\t\t<div class=\"elementor-element elementor-element-372d9f35 e-flex e-con-boxed e-con e-parent\" data-id=\"372d9f35\" data-element_type=\"container\" data-settings=\"{&quot;ekit_has_onepagescroll_dot&quot;:&quot;yes&quot;}\">\n\t\t\t\t\t<div class=\"e-con-inner\">\n\t\t\t\t<div class=\"elementor-element elementor-element-7fa48a69 elementor-widget elementor-widget-text-editor\" data-id=\"7fa48a69\" data-element_type=\"widget\" data-settings=\"{&quot;ekit_we_effect_on&quot;:&quot;none&quot;}\" data-widget_type=\"text-editor.default\">\n\t\t\t\t<div class=\"elementor-widget-container\">\n\t\t\t\t\t\t\t\t\t<h3 class=\"wp-block-heading\">Sesi\u00f3n tem\u00e1tica en el marco de la 34.a Reuni\u00f3n de la Conferencia de las Partes del Instituto Interamericano para la Investigaci\u00f3n del Cambio Global (IAI)<\/h3><p><strong>2 de junio de 2026<\/strong>,<strong> 9:00 am &#8211; 1:00 pm (UTC &#8211; 5)<\/strong><\/p><p>Coorganizada por el Gobierno de Jamaica, el Gobierno de Colombia, la Organizaci\u00f3n Meteorol\u00f3gica Mundial (OMM), el Instituto de Hidrolog\u00eda, Meteorolog\u00eda y Estudios Ambientales (IDEAM) y la Universidad de las Indias Occidentales (UWI), la sesi\u00f3n se propone facilitar el di\u00e1logo entre los pa\u00edses miembros del IAI y los socios regionales en torno a enfoques estrat\u00e9gicos para fortalecer la cooperaci\u00f3n cient\u00edfica en las Am\u00e9ricas y el Caribe, e identificar oportunidades para desarrollar infraestructuras colaborativas y capacidades de inteligencia clim\u00e1tica digital que respalden la investigaci\u00f3n clim\u00e1tica, la evaluaci\u00f3n de riesgos y la toma de decisiones basada en datos emp\u00edricos en toda la regi\u00f3n.<\/p><p>Asimismo, se analizar\u00e1 c\u00f3mo una mayor cooperaci\u00f3n regional puede contribuir a fortalecer la autonom\u00eda cient\u00edfica, promover la financiaci\u00f3n sostenible de la investigaci\u00f3n clim\u00e1tica y reforzar la resiliencia a largo plazo de las instituciones cient\u00edficas y las redes de conocimiento.<\/p><p><strong>Agenda<\/strong><\/p><p><strong>Registro<\/strong><\/p><p><strong>Descripci\u00f3n:<\/strong><\/p><p>Las Am\u00e9ricas y el Caribe est\u00e1n cada vez m\u00e1s expuestos a riesgos clim\u00e1ticos que se intensifican, entre los que se incluyen huracanes cada vez m\u00e1s fuertes, sequ\u00edas, olas de calor, el aumento del nivel del mar, la degradaci\u00f3n de los ecosistemas y p\u00e9rdidas socioecon\u00f3micas cada vez mayores. Estos efectos son especialmente graves para las regiones vulnerables, incluidos los peque\u00f1os Estados insulares en desarrollo (PEID), donde la variabilidad clim\u00e1tica y los fen\u00f3menos extremos suponen amenazas importantes para el desarrollo sostenible, la seguridad alimentaria, las infraestructuras y los ecosistemas.<\/p><p>Al mismo tiempo, el panorama mundial de la cooperaci\u00f3n en materia de ciencia clim\u00e1tica est\u00e1 evolucionando. Los cambios pol\u00edticos y la disminuci\u00f3n del apoyo a las iniciativas clim\u00e1ticas multilaterales en algunos pa\u00edses han comenzado a afectar a la estabilidad de las alianzas internacionales de investigaci\u00f3n y a la financiaci\u00f3n. Estos acontecimientos ponen de relieve la importancia de fortalecer los mecanismos de cooperaci\u00f3n cient\u00edfica regional que permitan a los pa\u00edses de las Am\u00e9ricas y el Caribe mantener sus capacidades de investigaci\u00f3n, mejorar la producci\u00f3n de conocimientos y garantizar la continuidad de la colaboraci\u00f3n en materia de ciencia clim\u00e1tica.<\/p><p>Los avances en la ciencia del sistema terrestre, la teledetecci\u00f3n, la inteligencia artificial y las infraestructuras de datos digitales tambi\u00e9n ofrecen nuevas oportunidades para transformar la forma en que se monitorizan, comprenden y gestionan los riesgos clim\u00e1ticos. Aprovechar estas innovaciones a trav\u00e9s de la colaboraci\u00f3n regional puede contribuir a sistemas de alerta temprana m\u00e1s eficaces, a una mejor inteligencia sobre los riesgos clim\u00e1ticos y a interfaces m\u00e1s s\u00f3lidas entre la ciencia y las pol\u00edticas.<\/p><p><strong>Temas clave<\/strong><\/p><p>La sesi\u00f3n explorar\u00e1 temas que integran las prioridades identificadas por los pa\u00edses miembros de la IAI:<\/p><p><span style=\"text-decoration: underline;\">Fen\u00f3menos clim\u00e1ticos extremos e inteligencia de riesgos<\/span><br \/>Impulsar las capacidades regionales para comprender y cuantificar los peligros clim\u00e1ticos, incluidos los fen\u00f3menos extremos, la ciencia de la atribuci\u00f3n y los riesgos sist\u00e9micos emergentes.<\/p><p><span style=\"text-decoration: underline;\">Inteligencia clim\u00e1tica digital y cooperaci\u00f3n en materia de datos<\/span><br \/>Fortalecimiento de la colaboraci\u00f3n regional en el intercambio de datos clim\u00e1ticos, las aplicaciones de inteligencia artificial, la computaci\u00f3n de alto rendimiento y las plataformas de informaci\u00f3n clim\u00e1tica que respaldan los sistemas de alerta temprana y las herramientas de apoyo a la toma de decisiones.<\/p><p>A lo largo de estos debates, se har\u00e1 especial hincapi\u00e9 enA lo largo de estos debates, se har\u00e1 especial hincapi\u00e9 en el fortalecimiento de los v\u00ednculos entre la ciencia y las pol\u00edticas y de los mecanismos de gobernanza regional, as\u00ed como en la exploraci\u00f3n de v\u00edas de financiaci\u00f3n sostenible y en la mejora de la capacidad de investigaci\u00f3n regional. Estas dimensiones transversales servir\u00e1n de base para todas las \u00e1reas tem\u00e1ticas, respaldando enfoques m\u00e1s integrados, viables y coordinados a nivel regional en materia de resiliencia clim\u00e1tica en las Am\u00e9ricas y el Caribe.<\/p><p><strong>Resultados esperados<\/strong><\/p><p>Se espera que la sesi\u00f3n:<\/p><ul><li>Facilite un di\u00e1logo estrat\u00e9gico entre los pa\u00edses miembros del IAI y las instituciones regionales sobre las prioridades para fortalecer la cooperaci\u00f3n en materia de ciencia clim\u00e1tica.<\/li><li>Identifique oportunidades para desarrollar herramientas cient\u00edficas regionales compartidas e infraestructuras digitales de informaci\u00f3n clim\u00e1tica.<\/li><li>Destaque v\u00edas para mejorar la sostenibilidad a largo plazo y la financiaci\u00f3n de la investigaci\u00f3n clim\u00e1tica en la regi\u00f3n.<\/li><li>Contribuir al fortalecimiento de las redes cient\u00edficas de colaboraci\u00f3n en las Am\u00e9ricas y el Caribe.<\/li><\/ul><p>\u00a0<\/p><p><strong>Formato<\/strong><\/p><p>La sesi\u00f3n tem\u00e1tica tendr\u00e1 una duraci\u00f3n de cuatro horas y reunir\u00e1 a representantes de los pa\u00edses miembros del Instituto Interamericano de Investigaci\u00f3n sobre el Cambio Global, instituciones cient\u00edficas, organizaciones regionales y partes interesadas en las pol\u00edticas. La sesi\u00f3n incluir\u00e1 breves intervenciones introductorias seguidas de debates moderados destinados a identificar prioridades estrat\u00e9gicas y oportunidades de colaboraci\u00f3n.<\/p>\t\t\t\t\t\t\t\t<\/div>\n\t\t\t\t<\/div>\n\t\t\t\t\t<\/div>\n\t\t\t\t<\/div>\n\t\t\t\t<\/div>\n\t\t","protected":false},"excerpt":{"rendered":"<p>Sesi\u00f3n tem\u00e1tica en el marco de la 34.a Reuni\u00f3n de la Conferencia de las Partes del Instituto Interamericano para la Investigaci\u00f3n del Cambio Global (IAI) 2 de junio de 2026, 9:00 am &#8211; 1:00 pm (UTC &#8211; 5) Coorganizada por el Gobierno de Jamaica, el Gobierno de Colombia, la Organizaci\u00f3n Meteorol\u00f3gica Mundial (OMM), el Instituto [&hellip;]<\/p>\n","protected":false},"author":10,"featured_media":0,"parent":0,"menu_order":0,"comment_status":"closed","ping_status":"closed","template":"","meta":{"_acf_changed":false,"_uag_custom_page_level_css":"","footnotes":""},"class_list":["post-14784","page","type-page","status-publish","hentry"],"acf":[],"yoast_head":"<!-- This site is optimized with the Yoast SEO plugin v27.3 - https:\/\/yoast.com\/product\/yoast-seo-wordpress\/ -->\n<title>Fortalecimiento de la cooperaci\u00f3n cient\u00edfica regional para la soberan\u00eda del conocimiento clim\u00e1tico y la resiliencia en las Am\u00e9ricas y el Caribe - IAI - Inter-American Institute for Global Change Research<\/title>\n<meta name=\"robots\" content=\"index, follow, max-snippet:-1, max-image-preview:large, max-video-preview:-1\" \/>\n<link rel=\"canonical\" href=\"https:\/\/iai.int\/es\/fortalecimiento-de-la-cooperacion-cientifica-regional-para-la-soberania-del-conocimiento-climatico-y-la-resiliencia-en-las-americas-y-el-caribe\/\" \/>\n<meta property=\"og:locale\" content=\"es_ES\" \/>\n<meta property=\"og:type\" content=\"article\" \/>\n<meta property=\"og:title\" content=\"Fortalecimiento de la cooperaci\u00f3n cient\u00edfica regional para la soberan\u00eda del conocimiento clim\u00e1tico y la resiliencia en las Am\u00e9ricas y el Caribe - IAI - Inter-American Institute for Global Change Research\" \/>\n<meta property=\"og:description\" content=\"Sesi\u00f3n tem\u00e1tica en el marco de la 34.a Reuni\u00f3n de la Conferencia de las Partes del Instituto Interamericano para la Investigaci\u00f3n del Cambio Global (IAI) 2 de junio de 2026, 9:00 am &#8211; 1:00 pm (UTC &#8211; 5) Coorganizada por el Gobierno de Jamaica, el Gobierno de Colombia, la Organizaci\u00f3n Meteorol\u00f3gica Mundial (OMM), el Instituto [&hellip;]\" \/>\n<meta property=\"og:url\" content=\"https:\/\/iai.int\/es\/fortalecimiento-de-la-cooperacion-cientifica-regional-para-la-soberania-del-conocimiento-climatico-y-la-resiliencia-en-las-americas-y-el-caribe\/\" \/>\n<meta property=\"og:site_name\" content=\"IAI - Inter-American Institute for Global Change Research\" \/>\n<meta property=\"article:modified_time\" content=\"2026-04-14T02:07:41+00:00\" \/>\n<meta name=\"twitter:card\" content=\"summary_large_image\" \/>\n<meta name=\"twitter:label1\" content=\"Tiempo de lectura\" \/>\n\t<meta name=\"twitter:data1\" content=\"4 minutos\" \/>\n<script type=\"application\/ld+json\" class=\"yoast-schema-graph\">{\"@context\":\"https:\\\/\\\/schema.org\",\"@graph\":[{\"@type\":\"WebPage\",\"@id\":\"https:\\\/\\\/iai.int\\\/es\\\/fortalecimiento-de-la-cooperacion-cientifica-regional-para-la-soberania-del-conocimiento-climatico-y-la-resiliencia-en-las-americas-y-el-caribe\\\/\",\"url\":\"https:\\\/\\\/iai.int\\\/es\\\/fortalecimiento-de-la-cooperacion-cientifica-regional-para-la-soberania-del-conocimiento-climatico-y-la-resiliencia-en-las-americas-y-el-caribe\\\/\",\"name\":\"Fortalecimiento de la cooperaci\u00f3n cient\u00edfica regional para la soberan\u00eda del conocimiento clim\u00e1tico y la resiliencia en las Am\u00e9ricas y el Caribe - IAI - Inter-American Institute for Global Change Research\",\"isPartOf\":{\"@id\":\"https:\\\/\\\/iai.int\\\/es\\\/#website\"},\"datePublished\":\"2026-04-14T01:52:35+00:00\",\"dateModified\":\"2026-04-14T02:07:41+00:00\",\"breadcrumb\":{\"@id\":\"https:\\\/\\\/iai.int\\\/es\\\/fortalecimiento-de-la-cooperacion-cientifica-regional-para-la-soberania-del-conocimiento-climatico-y-la-resiliencia-en-las-americas-y-el-caribe\\\/#breadcrumb\"},\"inLanguage\":\"es\",\"potentialAction\":[{\"@type\":\"ReadAction\",\"target\":[\"https:\\\/\\\/iai.int\\\/es\\\/fortalecimiento-de-la-cooperacion-cientifica-regional-para-la-soberania-del-conocimiento-climatico-y-la-resiliencia-en-las-americas-y-el-caribe\\\/\"]}]},{\"@type\":\"BreadcrumbList\",\"@id\":\"https:\\\/\\\/iai.int\\\/es\\\/fortalecimiento-de-la-cooperacion-cientifica-regional-para-la-soberania-del-conocimiento-climatico-y-la-resiliencia-en-las-americas-y-el-caribe\\\/#breadcrumb\",\"itemListElement\":[{\"@type\":\"ListItem\",\"position\":1,\"name\":\"Portada\",\"item\":\"https:\\\/\\\/iai.int\\\/es\\\/\"},{\"@type\":\"ListItem\",\"position\":2,\"name\":\"Fortalecimiento de la cooperaci\u00f3n cient\u00edfica regional para la soberan\u00eda del conocimiento clim\u00e1tico y la resiliencia en las Am\u00e9ricas y el Caribe\"}]},{\"@type\":\"WebSite\",\"@id\":\"https:\\\/\\\/iai.int\\\/es\\\/#website\",\"url\":\"https:\\\/\\\/iai.int\\\/es\\\/\",\"name\":\"IAI - Inter-American Institute for Global Change Research\",\"description\":\"\",\"publisher\":{\"@id\":\"https:\\\/\\\/iai.int\\\/es\\\/#organization\"},\"potentialAction\":[{\"@type\":\"SearchAction\",\"target\":{\"@type\":\"EntryPoint\",\"urlTemplate\":\"https:\\\/\\\/iai.int\\\/es\\\/?s={search_term_string}\"},\"query-input\":{\"@type\":\"PropertyValueSpecification\",\"valueRequired\":true,\"valueName\":\"search_term_string\"}}],\"inLanguage\":\"es\"},{\"@type\":\"Organization\",\"@id\":\"https:\\\/\\\/iai.int\\\/es\\\/#organization\",\"name\":\"IAI - Inter-American Institute for Global Change Research\",\"url\":\"https:\\\/\\\/iai.int\\\/es\\\/\",\"logo\":{\"@type\":\"ImageObject\",\"inLanguage\":\"es\",\"@id\":\"https:\\\/\\\/iai.int\\\/es\\\/#\\\/schema\\\/logo\\\/image\\\/\",\"url\":\"https:\\\/\\\/iai.int\\\/wp-content\\\/uploads\\\/2025\\\/11\\\/IAI-logo-English-scaled.png\",\"contentUrl\":\"https:\\\/\\\/iai.int\\\/wp-content\\\/uploads\\\/2025\\\/11\\\/IAI-logo-English-scaled.png\",\"width\":2560,\"height\":985,\"caption\":\"IAI - Inter-American Institute for Global Change Research\"},\"image\":{\"@id\":\"https:\\\/\\\/iai.int\\\/es\\\/#\\\/schema\\\/logo\\\/image\\\/\"}}]}<\/script>\n<!-- \/ Yoast SEO plugin. -->","yoast_head_json":{"title":"Fortalecimiento de la cooperaci\u00f3n cient\u00edfica regional para la soberan\u00eda del conocimiento clim\u00e1tico y la resiliencia en las Am\u00e9ricas y el Caribe - IAI - Inter-American Institute for Global Change Research","robots":{"index":"index","follow":"follow","max-snippet":"max-snippet:-1","max-image-preview":"max-image-preview:large","max-video-preview":"max-video-preview:-1"},"canonical":"https:\/\/iai.int\/es\/fortalecimiento-de-la-cooperacion-cientifica-regional-para-la-soberania-del-conocimiento-climatico-y-la-resiliencia-en-las-americas-y-el-caribe\/","og_locale":"es_ES","og_type":"article","og_title":"Fortalecimiento de la cooperaci\u00f3n cient\u00edfica regional para la soberan\u00eda del conocimiento clim\u00e1tico y la resiliencia en las Am\u00e9ricas y el Caribe - IAI - Inter-American Institute for Global Change Research","og_description":"Sesi\u00f3n tem\u00e1tica en el marco de la 34.a Reuni\u00f3n de la Conferencia de las Partes del Instituto Interamericano para la Investigaci\u00f3n del Cambio Global (IAI) 2 de junio de 2026, 9:00 am &#8211; 1:00 pm (UTC &#8211; 5) Coorganizada por el Gobierno de Jamaica, el Gobierno de Colombia, la Organizaci\u00f3n Meteorol\u00f3gica Mundial (OMM), el Instituto [&hellip;]","og_url":"https:\/\/iai.int\/es\/fortalecimiento-de-la-cooperacion-cientifica-regional-para-la-soberania-del-conocimiento-climatico-y-la-resiliencia-en-las-americas-y-el-caribe\/","og_site_name":"IAI - Inter-American Institute for Global Change Research","article_modified_time":"2026-04-14T02:07:41+00:00","twitter_card":"summary_large_image","twitter_misc":{"Tiempo de lectura":"4 minutos"},"schema":{"@context":"https:\/\/schema.org","@graph":[{"@type":"WebPage","@id":"https:\/\/iai.int\/es\/fortalecimiento-de-la-cooperacion-cientifica-regional-para-la-soberania-del-conocimiento-climatico-y-la-resiliencia-en-las-americas-y-el-caribe\/","url":"https:\/\/iai.int\/es\/fortalecimiento-de-la-cooperacion-cientifica-regional-para-la-soberania-del-conocimiento-climatico-y-la-resiliencia-en-las-americas-y-el-caribe\/","name":"Fortalecimiento de la cooperaci\u00f3n cient\u00edfica regional para la soberan\u00eda del conocimiento clim\u00e1tico y la resiliencia en las Am\u00e9ricas y el Caribe - IAI - Inter-American Institute for Global Change Research","isPartOf":{"@id":"https:\/\/iai.int\/es\/#website"},"datePublished":"2026-04-14T01:52:35+00:00","dateModified":"2026-04-14T02:07:41+00:00","breadcrumb":{"@id":"https:\/\/iai.int\/es\/fortalecimiento-de-la-cooperacion-cientifica-regional-para-la-soberania-del-conocimiento-climatico-y-la-resiliencia-en-las-americas-y-el-caribe\/#breadcrumb"},"inLanguage":"es","potentialAction":[{"@type":"ReadAction","target":["https:\/\/iai.int\/es\/fortalecimiento-de-la-cooperacion-cientifica-regional-para-la-soberania-del-conocimiento-climatico-y-la-resiliencia-en-las-americas-y-el-caribe\/"]}]},{"@type":"BreadcrumbList","@id":"https:\/\/iai.int\/es\/fortalecimiento-de-la-cooperacion-cientifica-regional-para-la-soberania-del-conocimiento-climatico-y-la-resiliencia-en-las-americas-y-el-caribe\/#breadcrumb","itemListElement":[{"@type":"ListItem","position":1,"name":"Portada","item":"https:\/\/iai.int\/es\/"},{"@type":"ListItem","position":2,"name":"Fortalecimiento de la cooperaci\u00f3n cient\u00edfica regional para la soberan\u00eda del conocimiento clim\u00e1tico y la resiliencia en las Am\u00e9ricas y el Caribe"}]},{"@type":"WebSite","@id":"https:\/\/iai.int\/es\/#website","url":"https:\/\/iai.int\/es\/","name":"IAI - Inter-American Institute for Global Change Research","description":"","publisher":{"@id":"https:\/\/iai.int\/es\/#organization"},"potentialAction":[{"@type":"SearchAction","target":{"@type":"EntryPoint","urlTemplate":"https:\/\/iai.int\/es\/?s={search_term_string}"},"query-input":{"@type":"PropertyValueSpecification","valueRequired":true,"valueName":"search_term_string"}}],"inLanguage":"es"},{"@type":"Organization","@id":"https:\/\/iai.int\/es\/#organization","name":"IAI - Inter-American Institute for Global Change Research","url":"https:\/\/iai.int\/es\/","logo":{"@type":"ImageObject","inLanguage":"es","@id":"https:\/\/iai.int\/es\/#\/schema\/logo\/image\/","url":"https:\/\/iai.int\/wp-content\/uploads\/2025\/11\/IAI-logo-English-scaled.png","contentUrl":"https:\/\/iai.int\/wp-content\/uploads\/2025\/11\/IAI-logo-English-scaled.png","width":2560,"height":985,"caption":"IAI - Inter-American Institute for Global Change Research"},"image":{"@id":"https:\/\/iai.int\/es\/#\/schema\/logo\/image\/"}}]}},"uagb_featured_image_src":{"full":false,"thumbnail":false,"medium":false,"medium_large":false,"large":false,"1536x1536":false,"2048x2048":false},"uagb_author_info":{"display_name":"Soledad Noya","author_link":"https:\/\/iai.int\/es\/author\/soledad-noya\/"},"uagb_comment_info":0,"uagb_excerpt":"Sesi\u00f3n tem\u00e1tica en el marco de la 34.a Reuni\u00f3n de la Conferencia de las Partes del Instituto Interamericano para la Investigaci\u00f3n del Cambio Global (IAI) 2 de junio de 2026, 9:00 am &#8211; 1:00 pm (UTC &#8211; 5) Coorganizada por el Gobierno de Jamaica, el Gobierno de Colombia, la Organizaci\u00f3n Meteorol\u00f3gica Mundial (OMM), el Instituto&hellip;","_links":{"self":[{"href":"https:\/\/iai.int\/es\/wp-json\/wp\/v2\/pages\/14784","targetHints":{"allow":["GET"]}}],"collection":[{"href":"https:\/\/iai.int\/es\/wp-json\/wp\/v2\/pages"}],"about":[{"href":"https:\/\/iai.int\/es\/wp-json\/wp\/v2\/types\/page"}],"author":[{"embeddable":true,"href":"https:\/\/iai.int\/es\/wp-json\/wp\/v2\/users\/10"}],"replies":[{"embeddable":true,"href":"https:\/\/iai.int\/es\/wp-json\/wp\/v2\/comments?post=14784"}],"version-history":[{"count":13,"href":"https:\/\/iai.int\/es\/wp-json\/wp\/v2\/pages\/14784\/revisions"}],"predecessor-version":[{"id":14797,"href":"https:\/\/iai.int\/es\/wp-json\/wp\/v2\/pages\/14784\/revisions\/14797"}],"wp:attachment":[{"href":"https:\/\/iai.int\/es\/wp-json\/wp\/v2\/media?parent=14784"}],"curies":[{"name":"wp","href":"https:\/\/api.w.org\/{rel}","templated":true}]}}