{"id":14742,"date":"2026-04-08T17:08:43","date_gmt":"2026-04-08T22:08:43","guid":{"rendered":"https:\/\/iai.int\/?page_id=14742"},"modified":"2026-04-08T17:40:55","modified_gmt":"2026-04-08T22:40:55","slug":"enfermedades-infecciosas-sensibles-al-clima","status":"publish","type":"page","link":"https:\/\/iai.int\/es\/eventos\/enfermedades-infecciosas-sensibles-al-clima\/","title":{"rendered":"Webinario \u00abEnfermedades infecciosas sensibles al clima\u00bb"},"content":{"rendered":"\n<p><\/p>\n\n\n\n<p><strong>Enfermedades infecciosas sensibles al clima: el dengue, el agua y los riesgos ambientales<\/strong><\/p>\n\n\n\n<p><em>Serie de webinarios 2026: Clima, ambiente y salud para las Am\u00e9ricas<\/em><\/p>\n\n\n\n<p><strong>Fecha:&nbsp;<\/strong>14 de mayo de 2026<\/p>\n\n\n\n<p><strong>Hora:&nbsp;<\/strong>11:00\u201312:30 (UTC-5)<\/p>\n\n\n\n<p>El Instituto Interamericano de Investigaci\u00f3n sobre el Cambio Global (IAI), en colaboraci\u00f3n con el Consorcio Global sobre Educaci\u00f3n en Clima y Salud (GCCHE) de Columbia University, invita a investigadores, estudiantes, profesionales y responsables de la toma de decisiones a participar en esta sesi\u00f3n interactiva con los investigadores principales del programa de fondos semilla \u00abClima, Ambiente y Salud\u00bb (SG-CEH) del IAI.<\/p>\n\n\n\n<p>Esta sesi\u00f3n explorar\u00e1 c\u00f3mo la variabilidad clim\u00e1tica, el cambio ambiental y las din\u00e1micas socioecol\u00f3gicas est\u00e1n determinando la transmisi\u00f3n del dengue y otras enfermedades infecciosas sensibles al clima en toda Am\u00e9rica Latina. A partir de investigaciones realizadas en Per\u00fa, Guatemala, Argentina, Colombia y Cuba, los ponentes presentar\u00e1n estrategias innovadoras, comunitarias y transdisciplinarias para fortalecer la prevenci\u00f3n, la preparaci\u00f3n y la respuesta.<\/p>\n\n\n\n<p>El seminario web tambi\u00e9n marcar\u00e1 el lanzamiento oficial de los primeros informes de proyectos del SG-CEH, que proporcionan conocimientos pr\u00e1cticos para orientar las pol\u00edticas y las pr\u00e1cticas en toda la regi\u00f3n.<\/p>\n\n\n\n<p><strong>Temas clave<\/strong><\/p>\n\n\n\n<ul class=\"wp-block-list\">\n<li>Factores clim\u00e1ticos de las enfermedades transmitidas por vectores y por el agua\u00a0<\/li>\n\n\n\n<li>Participaci\u00f3n comunitaria y prevenci\u00f3n con perspectiva cultural\u00a0<\/li>\n\n\n\n<li>Alerta temprana y preparaci\u00f3n del sistema de salud<\/li>\n<\/ul>\n\n\n\n<p><strong>Ponentes<\/strong><\/p>\n\n\n\n<p>Bertha Luz Pineda Restrepo (Organismo Andino de Salud Convenio Hip\u00f3lito Unanue), Gustavo Adolfo Estrada (Universidad Rafael Land\u00edvar, Guatemala), Doriam Camacho (Universidad Cooperativa de Colombia), Elizabet Estallo (Instituto de Investigaciones Biol\u00f3gicas y Tecnol\u00f3gicas (CONICET-Universidad Nacional de C\u00f3rdoba, Argentina), y Yazenia Linares Vega (Centro Meteorol\u00f3gico Provincial Habana-Artemisa-Mayabeque, Cuba).&nbsp;<\/p>\n\n\n\n<p><strong>Moderadora<\/strong><\/p>\n\n\n\n<p>Gilma Mantilla (Consorcio Global sobre Educaci\u00f3n en Clima y Salud)<\/p>\n\n\n\n<p><strong>Inscripci\u00f3n<\/strong><\/p>\n\n\n\n<p>Para recibir el enlace de Zoom, inscr\u00edbase en:&nbsp;<a href=\"https:\/\/us06web.zoom.us\/webinar\/register\/WN_sbVw8y35S1-bPMOXqEUjdg\">https:\/\/us06web.zoom.us\/webinar\/register\/WN_sbVw8y35S1-bPMOXqEUjdg<\/a>.<\/p>\n\n\n\n<div style=\"height:54px\" aria-hidden=\"true\" class=\"wp-block-spacer\"><\/div>\n\n\n\n<p><\/p>\n","protected":false},"excerpt":{"rendered":"<p>Enfermedades infecciosas sensibles al clima: el dengue, el agua y los riesgos ambientales Serie de webinarios 2026: Clima, ambiente y salud para las Am\u00e9ricas Fecha:&nbsp;14 de mayo de 2026 Hora:&nbsp;11:00\u201312:30 (UTC-5) El Instituto Interamericano de Investigaci\u00f3n sobre el Cambio Global (IAI), en colaboraci\u00f3n con el Consorcio Global sobre Educaci\u00f3n en Clima y Salud (GCCHE) de [&hellip;]<\/p>\n","protected":false},"author":8,"featured_media":14744,"parent":376,"menu_order":0,"comment_status":"closed","ping_status":"closed","template":"","meta":{"_acf_changed":false,"_uag_custom_page_level_css":"","footnotes":""},"class_list":["post-14742","page","type-page","status-publish","has-post-thumbnail","hentry"],"acf":[],"yoast_head":"<!-- This site is optimized with the Yoast SEO plugin v27.3 - https:\/\/yoast.com\/product\/yoast-seo-wordpress\/ -->\n<title>Webinario &quot;Enfermedades infecciosas sensibles al clima&quot; - IAI - Inter-American Institute for Global Change Research<\/title>\n<meta name=\"robots\" content=\"index, follow, max-snippet:-1, max-image-preview:large, max-video-preview:-1\" \/>\n<link rel=\"canonical\" href=\"https:\/\/iai.int\/es\/eventos\/enfermedades-infecciosas-sensibles-al-clima\/\" \/>\n<meta property=\"og:locale\" content=\"es_ES\" \/>\n<meta property=\"og:type\" content=\"article\" \/>\n<meta property=\"og:title\" content=\"Webinario &quot;Enfermedades infecciosas sensibles al clima&quot; - IAI - Inter-American Institute for Global Change Research\" \/>\n<meta property=\"og:description\" content=\"Enfermedades infecciosas sensibles al clima: el dengue, el agua y los riesgos ambientales Serie de webinarios 2026: Clima, ambiente y salud para las Am\u00e9ricas Fecha:&nbsp;14 de mayo de 2026 Hora:&nbsp;11:00\u201312:30 (UTC-5) El Instituto Interamericano de Investigaci\u00f3n sobre el Cambio Global (IAI), en colaboraci\u00f3n con el Consorcio Global sobre Educaci\u00f3n en Clima y Salud (GCCHE) de [&hellip;]\" \/>\n<meta property=\"og:url\" content=\"https:\/\/iai.int\/es\/eventos\/enfermedades-infecciosas-sensibles-al-clima\/\" \/>\n<meta property=\"og:site_name\" content=\"IAI - Inter-American Institute for Global Change Research\" \/>\n<meta property=\"article:modified_time\" content=\"2026-04-08T22:40:55+00:00\" \/>\n<meta property=\"og:image\" content=\"http:\/\/iai.int\/wp-content\/uploads\/2026\/04\/ScienceWebinar_InfectiousDiseases_Web.png\" \/>\n\t<meta property=\"og:image:width\" content=\"1772\" \/>\n\t<meta property=\"og:image:height\" content=\"551\" \/>\n\t<meta property=\"og:image:type\" content=\"image\/png\" \/>\n<meta name=\"twitter:card\" content=\"summary_large_image\" \/>\n<meta name=\"twitter:label1\" content=\"Tiempo de lectura\" \/>\n\t<meta name=\"twitter:data1\" content=\"2 minutos\" \/>\n<script type=\"application\/ld+json\" class=\"yoast-schema-graph\">{\"@context\":\"https:\\\/\\\/schema.org\",\"@graph\":[{\"@type\":\"WebPage\",\"@id\":\"https:\\\/\\\/iai.int\\\/es\\\/eventos\\\/enfermedades-infecciosas-sensibles-al-clima\\\/\",\"url\":\"https:\\\/\\\/iai.int\\\/es\\\/eventos\\\/enfermedades-infecciosas-sensibles-al-clima\\\/\",\"name\":\"Webinario \\\"Enfermedades infecciosas sensibles al clima\\\" - IAI - Inter-American Institute for Global Change Research\",\"isPartOf\":{\"@id\":\"https:\\\/\\\/iai.int\\\/es\\\/#website\"},\"primaryImageOfPage\":{\"@id\":\"https:\\\/\\\/iai.int\\\/es\\\/eventos\\\/enfermedades-infecciosas-sensibles-al-clima\\\/#primaryimage\"},\"image\":{\"@id\":\"https:\\\/\\\/iai.int\\\/es\\\/eventos\\\/enfermedades-infecciosas-sensibles-al-clima\\\/#primaryimage\"},\"thumbnailUrl\":\"https:\\\/\\\/iai.int\\\/wp-content\\\/uploads\\\/2026\\\/04\\\/ScienceWebinar_InfectiousDiseases_Web.png\",\"datePublished\":\"2026-04-08T22:08:43+00:00\",\"dateModified\":\"2026-04-08T22:40:55+00:00\",\"breadcrumb\":{\"@id\":\"https:\\\/\\\/iai.int\\\/es\\\/eventos\\\/enfermedades-infecciosas-sensibles-al-clima\\\/#breadcrumb\"},\"inLanguage\":\"es\",\"potentialAction\":[{\"@type\":\"ReadAction\",\"target\":[\"https:\\\/\\\/iai.int\\\/es\\\/eventos\\\/enfermedades-infecciosas-sensibles-al-clima\\\/\"]}]},{\"@type\":\"ImageObject\",\"inLanguage\":\"es\",\"@id\":\"https:\\\/\\\/iai.int\\\/es\\\/eventos\\\/enfermedades-infecciosas-sensibles-al-clima\\\/#primaryimage\",\"url\":\"https:\\\/\\\/iai.int\\\/wp-content\\\/uploads\\\/2026\\\/04\\\/ScienceWebinar_InfectiousDiseases_Web.png\",\"contentUrl\":\"https:\\\/\\\/iai.int\\\/wp-content\\\/uploads\\\/2026\\\/04\\\/ScienceWebinar_InfectiousDiseases_Web.png\",\"width\":1772,\"height\":551},{\"@type\":\"BreadcrumbList\",\"@id\":\"https:\\\/\\\/iai.int\\\/es\\\/eventos\\\/enfermedades-infecciosas-sensibles-al-clima\\\/#breadcrumb\",\"itemListElement\":[{\"@type\":\"ListItem\",\"position\":1,\"name\":\"Portada\",\"item\":\"https:\\\/\\\/iai.int\\\/es\\\/\"},{\"@type\":\"ListItem\",\"position\":2,\"name\":\"Eventos\",\"item\":\"https:\\\/\\\/iai.int\\\/es\\\/eventos\\\/\"},{\"@type\":\"ListItem\",\"position\":3,\"name\":\"Webinario \u00abEnfermedades infecciosas sensibles al clima\u00bb\"}]},{\"@type\":\"WebSite\",\"@id\":\"https:\\\/\\\/iai.int\\\/es\\\/#website\",\"url\":\"https:\\\/\\\/iai.int\\\/es\\\/\",\"name\":\"IAI - Inter-American Institute for Global Change Research\",\"description\":\"\",\"publisher\":{\"@id\":\"https:\\\/\\\/iai.int\\\/es\\\/#organization\"},\"potentialAction\":[{\"@type\":\"SearchAction\",\"target\":{\"@type\":\"EntryPoint\",\"urlTemplate\":\"https:\\\/\\\/iai.int\\\/es\\\/?s={search_term_string}\"},\"query-input\":{\"@type\":\"PropertyValueSpecification\",\"valueRequired\":true,\"valueName\":\"search_term_string\"}}],\"inLanguage\":\"es\"},{\"@type\":\"Organization\",\"@id\":\"https:\\\/\\\/iai.int\\\/es\\\/#organization\",\"name\":\"IAI - Inter-American Institute for Global Change Research\",\"url\":\"https:\\\/\\\/iai.int\\\/es\\\/\",\"logo\":{\"@type\":\"ImageObject\",\"inLanguage\":\"es\",\"@id\":\"https:\\\/\\\/iai.int\\\/es\\\/#\\\/schema\\\/logo\\\/image\\\/\",\"url\":\"https:\\\/\\\/iai.int\\\/wp-content\\\/uploads\\\/2025\\\/11\\\/IAI-logo-English-scaled.png\",\"contentUrl\":\"https:\\\/\\\/iai.int\\\/wp-content\\\/uploads\\\/2025\\\/11\\\/IAI-logo-English-scaled.png\",\"width\":2560,\"height\":985,\"caption\":\"IAI - Inter-American Institute for Global Change Research\"},\"image\":{\"@id\":\"https:\\\/\\\/iai.int\\\/es\\\/#\\\/schema\\\/logo\\\/image\\\/\"}}]}<\/script>\n<!-- \/ Yoast SEO plugin. -->","yoast_head_json":{"title":"Webinario \"Enfermedades infecciosas sensibles al clima\" - IAI - Inter-American Institute for Global Change Research","robots":{"index":"index","follow":"follow","max-snippet":"max-snippet:-1","max-image-preview":"max-image-preview:large","max-video-preview":"max-video-preview:-1"},"canonical":"https:\/\/iai.int\/es\/eventos\/enfermedades-infecciosas-sensibles-al-clima\/","og_locale":"es_ES","og_type":"article","og_title":"Webinario \"Enfermedades infecciosas sensibles al clima\" - IAI - Inter-American Institute for Global Change Research","og_description":"Enfermedades infecciosas sensibles al clima: el dengue, el agua y los riesgos ambientales Serie de webinarios 2026: Clima, ambiente y salud para las Am\u00e9ricas Fecha:&nbsp;14 de mayo de 2026 Hora:&nbsp;11:00\u201312:30 (UTC-5) El Instituto Interamericano de Investigaci\u00f3n sobre el Cambio Global (IAI), en colaboraci\u00f3n con el Consorcio Global sobre Educaci\u00f3n en Clima y Salud (GCCHE) de [&hellip;]","og_url":"https:\/\/iai.int\/es\/eventos\/enfermedades-infecciosas-sensibles-al-clima\/","og_site_name":"IAI - Inter-American Institute for Global Change Research","article_modified_time":"2026-04-08T22:40:55+00:00","og_image":[{"width":1772,"height":551,"url":"http:\/\/iai.int\/wp-content\/uploads\/2026\/04\/ScienceWebinar_InfectiousDiseases_Web.png","type":"image\/png"}],"twitter_card":"summary_large_image","twitter_misc":{"Tiempo de lectura":"2 minutos"},"schema":{"@context":"https:\/\/schema.org","@graph":[{"@type":"WebPage","@id":"https:\/\/iai.int\/es\/eventos\/enfermedades-infecciosas-sensibles-al-clima\/","url":"https:\/\/iai.int\/es\/eventos\/enfermedades-infecciosas-sensibles-al-clima\/","name":"Webinario \"Enfermedades infecciosas sensibles al clima\" - IAI - Inter-American Institute for Global Change Research","isPartOf":{"@id":"https:\/\/iai.int\/es\/#website"},"primaryImageOfPage":{"@id":"https:\/\/iai.int\/es\/eventos\/enfermedades-infecciosas-sensibles-al-clima\/#primaryimage"},"image":{"@id":"https:\/\/iai.int\/es\/eventos\/enfermedades-infecciosas-sensibles-al-clima\/#primaryimage"},"thumbnailUrl":"https:\/\/iai.int\/wp-content\/uploads\/2026\/04\/ScienceWebinar_InfectiousDiseases_Web.png","datePublished":"2026-04-08T22:08:43+00:00","dateModified":"2026-04-08T22:40:55+00:00","breadcrumb":{"@id":"https:\/\/iai.int\/es\/eventos\/enfermedades-infecciosas-sensibles-al-clima\/#breadcrumb"},"inLanguage":"es","potentialAction":[{"@type":"ReadAction","target":["https:\/\/iai.int\/es\/eventos\/enfermedades-infecciosas-sensibles-al-clima\/"]}]},{"@type":"ImageObject","inLanguage":"es","@id":"https:\/\/iai.int\/es\/eventos\/enfermedades-infecciosas-sensibles-al-clima\/#primaryimage","url":"https:\/\/iai.int\/wp-content\/uploads\/2026\/04\/ScienceWebinar_InfectiousDiseases_Web.png","contentUrl":"https:\/\/iai.int\/wp-content\/uploads\/2026\/04\/ScienceWebinar_InfectiousDiseases_Web.png","width":1772,"height":551},{"@type":"BreadcrumbList","@id":"https:\/\/iai.int\/es\/eventos\/enfermedades-infecciosas-sensibles-al-clima\/#breadcrumb","itemListElement":[{"@type":"ListItem","position":1,"name":"Portada","item":"https:\/\/iai.int\/es\/"},{"@type":"ListItem","position":2,"name":"Eventos","item":"https:\/\/iai.int\/es\/eventos\/"},{"@type":"ListItem","position":3,"name":"Webinario \u00abEnfermedades infecciosas sensibles al clima\u00bb"}]},{"@type":"WebSite","@id":"https:\/\/iai.int\/es\/#website","url":"https:\/\/iai.int\/es\/","name":"IAI - Inter-American Institute for Global Change Research","description":"","publisher":{"@id":"https:\/\/iai.int\/es\/#organization"},"potentialAction":[{"@type":"SearchAction","target":{"@type":"EntryPoint","urlTemplate":"https:\/\/iai.int\/es\/?s={search_term_string}"},"query-input":{"@type":"PropertyValueSpecification","valueRequired":true,"valueName":"search_term_string"}}],"inLanguage":"es"},{"@type":"Organization","@id":"https:\/\/iai.int\/es\/#organization","name":"IAI - Inter-American Institute for Global Change Research","url":"https:\/\/iai.int\/es\/","logo":{"@type":"ImageObject","inLanguage":"es","@id":"https:\/\/iai.int\/es\/#\/schema\/logo\/image\/","url":"https:\/\/iai.int\/wp-content\/uploads\/2025\/11\/IAI-logo-English-scaled.png","contentUrl":"https:\/\/iai.int\/wp-content\/uploads\/2025\/11\/IAI-logo-English-scaled.png","width":2560,"height":985,"caption":"IAI - Inter-American Institute for Global Change Research"},"image":{"@id":"https:\/\/iai.int\/es\/#\/schema\/logo\/image\/"}}]}},"uagb_featured_image_src":{"full":["https:\/\/iai.int\/wp-content\/uploads\/2026\/04\/ScienceWebinar_InfectiousDiseases_Web.png",1772,551,false],"thumbnail":["https:\/\/iai.int\/wp-content\/uploads\/2026\/04\/ScienceWebinar_InfectiousDiseases_Web-150x150.png",150,150,true],"medium":["https:\/\/iai.int\/wp-content\/uploads\/2026\/04\/ScienceWebinar_InfectiousDiseases_Web-300x93.png",300,93,true],"medium_large":["https:\/\/iai.int\/wp-content\/uploads\/2026\/04\/ScienceWebinar_InfectiousDiseases_Web-768x239.png",768,239,true],"large":["https:\/\/iai.int\/wp-content\/uploads\/2026\/04\/ScienceWebinar_InfectiousDiseases_Web-1024x318.png",800,248,true],"1536x1536":["https:\/\/iai.int\/wp-content\/uploads\/2026\/04\/ScienceWebinar_InfectiousDiseases_Web-1536x478.png",1536,478,true],"2048x2048":["https:\/\/iai.int\/wp-content\/uploads\/2026\/04\/ScienceWebinar_InfectiousDiseases_Web.png",1772,551,false]},"uagb_author_info":{"display_name":"Irene Torres","author_link":"https:\/\/iai.int\/es\/author\/irene-torres\/"},"uagb_comment_info":0,"uagb_excerpt":"Enfermedades infecciosas sensibles al clima: el dengue, el agua y los riesgos ambientales Serie de webinarios 2026: Clima, ambiente y salud para las Am\u00e9ricas Fecha:&nbsp;14 de mayo de 2026 Hora:&nbsp;11:00\u201312:30 (UTC-5) El Instituto Interamericano de Investigaci\u00f3n sobre el Cambio Global (IAI), en colaboraci\u00f3n con el Consorcio Global sobre Educaci\u00f3n en Clima y Salud (GCCHE) de&hellip;","_links":{"self":[{"href":"https:\/\/iai.int\/es\/wp-json\/wp\/v2\/pages\/14742","targetHints":{"allow":["GET"]}}],"collection":[{"href":"https:\/\/iai.int\/es\/wp-json\/wp\/v2\/pages"}],"about":[{"href":"https:\/\/iai.int\/es\/wp-json\/wp\/v2\/types\/page"}],"author":[{"embeddable":true,"href":"https:\/\/iai.int\/es\/wp-json\/wp\/v2\/users\/8"}],"replies":[{"embeddable":true,"href":"https:\/\/iai.int\/es\/wp-json\/wp\/v2\/comments?post=14742"}],"version-history":[{"count":7,"href":"https:\/\/iai.int\/es\/wp-json\/wp\/v2\/pages\/14742\/revisions"}],"predecessor-version":[{"id":14761,"href":"https:\/\/iai.int\/es\/wp-json\/wp\/v2\/pages\/14742\/revisions\/14761"}],"up":[{"embeddable":true,"href":"https:\/\/iai.int\/es\/wp-json\/wp\/v2\/pages\/376"}],"wp:featuredmedia":[{"embeddable":true,"href":"https:\/\/iai.int\/es\/wp-json\/wp\/v2\/media\/14744"}],"wp:attachment":[{"href":"https:\/\/iai.int\/es\/wp-json\/wp\/v2\/media?parent=14742"}],"curies":[{"name":"wp","href":"https:\/\/api.w.org\/{rel}","templated":true}]}}