{"id":14391,"date":"2026-02-20T13:01:48","date_gmt":"2026-02-20T18:01:48","guid":{"rendered":"https:\/\/iai.int\/?page_id=14391"},"modified":"2026-03-23T18:53:24","modified_gmt":"2026-03-23T23:53:24","slug":"datos-satelitales-para-monitorear-el-cambio-ambiental-global","status":"publish","type":"page","link":"https:\/\/iai.int\/es\/datos-satelitales-para-monitorear-el-cambio-ambiental-global\/","title":{"rendered":"Datos satelitales para monitorear el cambio ambiental global"},"content":{"rendered":"\n<p>El Instituto Interamericano para la Investigaci\u00f3n del Cambio Global (IAI), en alianza con National Geographic, ofrece un curso gratuito, autogestionado y con certificado, dirigido a estudiantes e investigadores de Am\u00e9rica Latina y el Caribe interesados en el uso de datos satelitales para monitorear cambios ambientales en la regi\u00f3n.<\/p>\n\n\n\n<p>Este curso tiene como objetivo fortalecer las capacidades t\u00e9cnicas de los participantes para procesar e interpretar im\u00e1genes satelitales, y as\u00ed identificar cambios espaciales y temporales en ecosistemas, clima y aspectos humanos como la salud. Estas habilidades permitir\u00e1n generar productos relevantes para la planificaci\u00f3n territorial, como la detecci\u00f3n de zonas vulnerables, utilizando herramientas de acceso abierto como Google Earth Engine.<\/p>\n\n\n\n<p>El programa combina el aprendizaje t\u00e9cnico con la aplicaci\u00f3n pr\u00e1ctica en estudios de caso contextualizados en Am\u00e9rica Latina y el Caribe, abordando temas como deforestaci\u00f3n, eventos extremos, calidad del aire y cobertura del suelo. El enfoque busca fomentar el uso de datos geoespaciales para apoyar la toma de decisiones en ciencia, pol\u00edticas p\u00fablicas y desarrollo sostenible.<\/p>\n\n\n\n<p><strong>Estructura del curso<\/strong><strong><\/strong><\/p>\n\n\n\n<p>El curso est\u00e1 compuesto por cinco m\u00f3dulos t\u00e9cnicos centrales. Cada m\u00f3dulo ofrece dos tem\u00e1ticas aplicadas a situaciones reales para facilitar el uso pr\u00e1ctico de los conocimientos adquiridos. La metodolog\u00eda incluye videos tutoriales asincr\u00f3nicos, lecturas conceptuales, ejercicios pr\u00e1cticos y preguntas de reflexi\u00f3n. Al finalizar, los participantes deber\u00e1n completar un proyecto personal y un examen final para acceder al certificado.<\/p>\n\n\n\n<p>La duraci\u00f3n del curso es de cinco semanas, con una dedicaci\u00f3n estimada de 4 horas semanales.<strong> El curso est\u00e1 disponible en espa\u00f1ol y en ingl\u00e9s. <\/strong><\/p>\n\n\n\n<p><strong>M\u00f3dulos de aprendizaje<\/strong><strong><\/strong><\/p>\n\n\n\n<p>M\u00d3DULO 1: PROCESAMIENTO Y VISUALIZACI\u00d3N DE IM\u00c1GENES<\/p>\n\n\n\n<p>M\u00d3DULO 2: AN\u00c1LISIS DE SERIES TEMPORALES<\/p>\n\n\n\n<p>M\u00d3DULO &nbsp;3: C\u00c1LCULOS CON DATOS VECTORIALES<\/p>\n\n\n\n<p>M\u00d3DULO 4: AN\u00c1LISIS DEL CAMBIO EN LA COBERTURA DEL SUELO<\/p>\n\n\n\n<p>M\u00d3DULO &nbsp;5: PRESENTACI\u00d3N DEL CAMBIO ANTES\/DESPU\u00c9S<\/p>\n\n\n\n<p><strong>Autora del curso<\/strong><\/p>\n\n\n\n<p>El contenido del programa fue dise\u00f1ado por Liza Goldberg, investigadora de la NASA Goddard, con el apoyo de Mat\u00edas Mastr\u00e1ngelo y Marcela Samudio del IAI. Goldberg lidera iniciativas globales que integran ciencia satelital, educaci\u00f3n y acci\u00f3n clim\u00e1tica para apoyar pol\u00edticas de desarrollo sostenible en pa\u00edses de bajos recursos. Lidera <em>Cloud to Classroom<\/em>, una iniciativa educativa global de National Geographic que capacita a j\u00f3venes en ciencias ambientales. Tambi\u00e9n dirige un proyecto que combina im\u00e1genes satelitales y trabajo de campo para analizar la crisis de los refugiados rohingya y codirige una iniciativa de conservaci\u00f3n de manglares en India que fortalece la planificaci\u00f3n de ciudades costeras ante el cambio clim\u00e1tico. Adem\u00e1s, es becaria Marshall y de las fundaciones Sigma Squared y Slavin y experta en desarrollo de Google. Mastr\u00e1ngelo es especialista en datos abiertos del IAI y Samudio es consultora del campus virtual del IAI.<\/p>\n\n\n\n<p><strong>S\u00edlabo<\/strong><\/p>\n\n\n\n<p>Descargue el s\u00edlabo <a href=\"http:\/\/iai.int\/wp-content\/uploads\/2026\/02\/IAI_Curso-datos-satelitales_silabo.pdf\" data-type=\"link\" data-id=\"http:\/\/iai.int\/wp-content\/uploads\/2026\/02\/IAI_Curso-datos-satelitales_silabo.pdf\">aqu\u00ed<\/a>.<\/p>\n\n\n\n<p><strong>Condiciones de participaci\u00f3n<\/strong><\/p>\n\n\n\n<p>Los participantes formar\u00e1n parte de un estudio con la aprobaci\u00f3n del Comit\u00e9 de \u00c9tica en Investigaci\u00f3n (IRB) n.\u00ba 79698 de la Universidad de Stanford y deber\u00e1n completar una encuesta antes y despu\u00e9s del curso. Los participantes tendr\u00e1n cinco semanas para completar el curso y recibir\u00e1n un certificado de aprobaci\u00f3n si superan la prueba final. Seis meses despu\u00e9s de la finalizaci\u00f3n del curso, se pedir\u00e1 a los participantes que completen una encuesta de seguimiento final para comprender los efectos a largo plazo del curso. <\/p>\n\n\n\n<p><strong>Inscripci\u00f3n<\/strong><\/p>\n\n\n\n<p>El cupo de participantes est\u00e1 lleno al momento y las inscripciones est\u00e1n cerradas hasta nuevo aviso.<\/p>\n\n\n\n<p><strong>Contacto<\/strong><\/p>\n\n\n\n<p>Si tiene preguntas, escriba a <a href=\"mailto:moodle@dir.iai.int\">matias.mastrangelo@dir.iai.int<\/a>.<\/p>\n\n\n\n<div style=\"height:59px\" aria-hidden=\"true\" class=\"wp-block-spacer\"><\/div>\n\n\n\n<p><\/p>\n","protected":false},"excerpt":{"rendered":"<p>El Instituto Interamericano para la Investigaci\u00f3n del Cambio Global (IAI), en alianza con National Geographic, ofrece un curso gratuito, autogestionado y con certificado, dirigido a estudiantes e investigadores de Am\u00e9rica Latina y el Caribe interesados en el uso de datos satelitales para monitorear cambios ambientales en la regi\u00f3n. Este curso tiene como objetivo fortalecer las [&hellip;]<\/p>\n","protected":false},"author":8,"featured_media":12505,"parent":0,"menu_order":0,"comment_status":"closed","ping_status":"closed","template":"","meta":{"_acf_changed":false,"_uag_custom_page_level_css":"","footnotes":""},"class_list":["post-14391","page","type-page","status-publish","has-post-thumbnail","hentry"],"acf":[],"yoast_head":"<!-- This site is optimized with the Yoast SEO plugin v27.3 - https:\/\/yoast.com\/product\/yoast-seo-wordpress\/ -->\n<title>Datos satelitales para monitorear el cambio ambiental global - IAI - Inter-American Institute for Global Change Research<\/title>\n<meta name=\"robots\" content=\"index, follow, max-snippet:-1, max-image-preview:large, max-video-preview:-1\" \/>\n<link rel=\"canonical\" href=\"https:\/\/iai.int\/es\/datos-satelitales-para-monitorear-el-cambio-ambiental-global\/\" \/>\n<meta property=\"og:locale\" content=\"es_ES\" \/>\n<meta property=\"og:type\" content=\"article\" \/>\n<meta property=\"og:title\" content=\"Datos satelitales para monitorear el cambio ambiental global - IAI - Inter-American Institute for Global Change Research\" \/>\n<meta property=\"og:description\" content=\"El Instituto Interamericano para la Investigaci\u00f3n del Cambio Global (IAI), en alianza con National Geographic, ofrece un curso gratuito, autogestionado y con certificado, dirigido a estudiantes e investigadores de Am\u00e9rica Latina y el Caribe interesados en el uso de datos satelitales para monitorear cambios ambientales en la regi\u00f3n. Este curso tiene como objetivo fortalecer las [&hellip;]\" \/>\n<meta property=\"og:url\" content=\"https:\/\/iai.int\/es\/datos-satelitales-para-monitorear-el-cambio-ambiental-global\/\" \/>\n<meta property=\"og:site_name\" content=\"IAI - Inter-American Institute for Global Change Research\" \/>\n<meta property=\"article:modified_time\" content=\"2026-03-23T23:53:24+00:00\" \/>\n<meta property=\"og:image\" content=\"https:\/\/iai.int\/wp-content\/uploads\/2025\/11\/DatosSatelitales.png\" \/>\n\t<meta property=\"og:image:width\" content=\"1772\" \/>\n\t<meta property=\"og:image:height\" content=\"551\" \/>\n\t<meta property=\"og:image:type\" content=\"image\/png\" \/>\n<meta name=\"twitter:card\" content=\"summary_large_image\" \/>\n<meta name=\"twitter:label1\" content=\"Tiempo de lectura\" \/>\n\t<meta name=\"twitter:data1\" content=\"3 minutos\" \/>\n<script type=\"application\/ld+json\" class=\"yoast-schema-graph\">{\"@context\":\"https:\\\/\\\/schema.org\",\"@graph\":[{\"@type\":\"WebPage\",\"@id\":\"https:\\\/\\\/iai.int\\\/es\\\/datos-satelitales-para-monitorear-el-cambio-ambiental-global\\\/\",\"url\":\"https:\\\/\\\/iai.int\\\/es\\\/datos-satelitales-para-monitorear-el-cambio-ambiental-global\\\/\",\"name\":\"Datos satelitales para monitorear el cambio ambiental global - IAI - Inter-American Institute for Global Change Research\",\"isPartOf\":{\"@id\":\"https:\\\/\\\/iai.int\\\/es\\\/#website\"},\"primaryImageOfPage\":{\"@id\":\"https:\\\/\\\/iai.int\\\/es\\\/datos-satelitales-para-monitorear-el-cambio-ambiental-global\\\/#primaryimage\"},\"image\":{\"@id\":\"https:\\\/\\\/iai.int\\\/es\\\/datos-satelitales-para-monitorear-el-cambio-ambiental-global\\\/#primaryimage\"},\"thumbnailUrl\":\"https:\\\/\\\/iai.int\\\/wp-content\\\/uploads\\\/2025\\\/11\\\/DatosSatelitales.png\",\"datePublished\":\"2026-02-20T18:01:48+00:00\",\"dateModified\":\"2026-03-23T23:53:24+00:00\",\"breadcrumb\":{\"@id\":\"https:\\\/\\\/iai.int\\\/es\\\/datos-satelitales-para-monitorear-el-cambio-ambiental-global\\\/#breadcrumb\"},\"inLanguage\":\"es\",\"potentialAction\":[{\"@type\":\"ReadAction\",\"target\":[\"https:\\\/\\\/iai.int\\\/es\\\/datos-satelitales-para-monitorear-el-cambio-ambiental-global\\\/\"]}]},{\"@type\":\"ImageObject\",\"inLanguage\":\"es\",\"@id\":\"https:\\\/\\\/iai.int\\\/es\\\/datos-satelitales-para-monitorear-el-cambio-ambiental-global\\\/#primaryimage\",\"url\":\"https:\\\/\\\/iai.int\\\/wp-content\\\/uploads\\\/2025\\\/11\\\/DatosSatelitales.png\",\"contentUrl\":\"https:\\\/\\\/iai.int\\\/wp-content\\\/uploads\\\/2025\\\/11\\\/DatosSatelitales.png\",\"width\":1772,\"height\":551},{\"@type\":\"BreadcrumbList\",\"@id\":\"https:\\\/\\\/iai.int\\\/es\\\/datos-satelitales-para-monitorear-el-cambio-ambiental-global\\\/#breadcrumb\",\"itemListElement\":[{\"@type\":\"ListItem\",\"position\":1,\"name\":\"Portada\",\"item\":\"https:\\\/\\\/iai.int\\\/es\\\/\"},{\"@type\":\"ListItem\",\"position\":2,\"name\":\"Datos satelitales para monitorear el cambio ambiental global\"}]},{\"@type\":\"WebSite\",\"@id\":\"https:\\\/\\\/iai.int\\\/es\\\/#website\",\"url\":\"https:\\\/\\\/iai.int\\\/es\\\/\",\"name\":\"IAI - Inter-American Institute for Global Change Research\",\"description\":\"\",\"publisher\":{\"@id\":\"https:\\\/\\\/iai.int\\\/es\\\/#organization\"},\"potentialAction\":[{\"@type\":\"SearchAction\",\"target\":{\"@type\":\"EntryPoint\",\"urlTemplate\":\"https:\\\/\\\/iai.int\\\/es\\\/?s={search_term_string}\"},\"query-input\":{\"@type\":\"PropertyValueSpecification\",\"valueRequired\":true,\"valueName\":\"search_term_string\"}}],\"inLanguage\":\"es\"},{\"@type\":\"Organization\",\"@id\":\"https:\\\/\\\/iai.int\\\/es\\\/#organization\",\"name\":\"IAI - Inter-American Institute for Global Change Research\",\"url\":\"https:\\\/\\\/iai.int\\\/es\\\/\",\"logo\":{\"@type\":\"ImageObject\",\"inLanguage\":\"es\",\"@id\":\"https:\\\/\\\/iai.int\\\/es\\\/#\\\/schema\\\/logo\\\/image\\\/\",\"url\":\"https:\\\/\\\/iai.int\\\/wp-content\\\/uploads\\\/2025\\\/11\\\/IAI-logo-English-scaled.png\",\"contentUrl\":\"https:\\\/\\\/iai.int\\\/wp-content\\\/uploads\\\/2025\\\/11\\\/IAI-logo-English-scaled.png\",\"width\":2560,\"height\":985,\"caption\":\"IAI - Inter-American Institute for Global Change Research\"},\"image\":{\"@id\":\"https:\\\/\\\/iai.int\\\/es\\\/#\\\/schema\\\/logo\\\/image\\\/\"}}]}<\/script>\n<!-- \/ Yoast SEO plugin. -->","yoast_head_json":{"title":"Datos satelitales para monitorear el cambio ambiental global - IAI - Inter-American Institute for Global Change Research","robots":{"index":"index","follow":"follow","max-snippet":"max-snippet:-1","max-image-preview":"max-image-preview:large","max-video-preview":"max-video-preview:-1"},"canonical":"https:\/\/iai.int\/es\/datos-satelitales-para-monitorear-el-cambio-ambiental-global\/","og_locale":"es_ES","og_type":"article","og_title":"Datos satelitales para monitorear el cambio ambiental global - IAI - Inter-American Institute for Global Change Research","og_description":"El Instituto Interamericano para la Investigaci\u00f3n del Cambio Global (IAI), en alianza con National Geographic, ofrece un curso gratuito, autogestionado y con certificado, dirigido a estudiantes e investigadores de Am\u00e9rica Latina y el Caribe interesados en el uso de datos satelitales para monitorear cambios ambientales en la regi\u00f3n. Este curso tiene como objetivo fortalecer las [&hellip;]","og_url":"https:\/\/iai.int\/es\/datos-satelitales-para-monitorear-el-cambio-ambiental-global\/","og_site_name":"IAI - Inter-American Institute for Global Change Research","article_modified_time":"2026-03-23T23:53:24+00:00","og_image":[{"width":1772,"height":551,"url":"https:\/\/iai.int\/wp-content\/uploads\/2025\/11\/DatosSatelitales.png","type":"image\/png"}],"twitter_card":"summary_large_image","twitter_misc":{"Tiempo de lectura":"3 minutos"},"schema":{"@context":"https:\/\/schema.org","@graph":[{"@type":"WebPage","@id":"https:\/\/iai.int\/es\/datos-satelitales-para-monitorear-el-cambio-ambiental-global\/","url":"https:\/\/iai.int\/es\/datos-satelitales-para-monitorear-el-cambio-ambiental-global\/","name":"Datos satelitales para monitorear el cambio ambiental global - IAI - Inter-American Institute for Global Change Research","isPartOf":{"@id":"https:\/\/iai.int\/es\/#website"},"primaryImageOfPage":{"@id":"https:\/\/iai.int\/es\/datos-satelitales-para-monitorear-el-cambio-ambiental-global\/#primaryimage"},"image":{"@id":"https:\/\/iai.int\/es\/datos-satelitales-para-monitorear-el-cambio-ambiental-global\/#primaryimage"},"thumbnailUrl":"https:\/\/iai.int\/wp-content\/uploads\/2025\/11\/DatosSatelitales.png","datePublished":"2026-02-20T18:01:48+00:00","dateModified":"2026-03-23T23:53:24+00:00","breadcrumb":{"@id":"https:\/\/iai.int\/es\/datos-satelitales-para-monitorear-el-cambio-ambiental-global\/#breadcrumb"},"inLanguage":"es","potentialAction":[{"@type":"ReadAction","target":["https:\/\/iai.int\/es\/datos-satelitales-para-monitorear-el-cambio-ambiental-global\/"]}]},{"@type":"ImageObject","inLanguage":"es","@id":"https:\/\/iai.int\/es\/datos-satelitales-para-monitorear-el-cambio-ambiental-global\/#primaryimage","url":"https:\/\/iai.int\/wp-content\/uploads\/2025\/11\/DatosSatelitales.png","contentUrl":"https:\/\/iai.int\/wp-content\/uploads\/2025\/11\/DatosSatelitales.png","width":1772,"height":551},{"@type":"BreadcrumbList","@id":"https:\/\/iai.int\/es\/datos-satelitales-para-monitorear-el-cambio-ambiental-global\/#breadcrumb","itemListElement":[{"@type":"ListItem","position":1,"name":"Portada","item":"https:\/\/iai.int\/es\/"},{"@type":"ListItem","position":2,"name":"Datos satelitales para monitorear el cambio ambiental global"}]},{"@type":"WebSite","@id":"https:\/\/iai.int\/es\/#website","url":"https:\/\/iai.int\/es\/","name":"IAI - Inter-American Institute for Global Change Research","description":"","publisher":{"@id":"https:\/\/iai.int\/es\/#organization"},"potentialAction":[{"@type":"SearchAction","target":{"@type":"EntryPoint","urlTemplate":"https:\/\/iai.int\/es\/?s={search_term_string}"},"query-input":{"@type":"PropertyValueSpecification","valueRequired":true,"valueName":"search_term_string"}}],"inLanguage":"es"},{"@type":"Organization","@id":"https:\/\/iai.int\/es\/#organization","name":"IAI - Inter-American Institute for Global Change Research","url":"https:\/\/iai.int\/es\/","logo":{"@type":"ImageObject","inLanguage":"es","@id":"https:\/\/iai.int\/es\/#\/schema\/logo\/image\/","url":"https:\/\/iai.int\/wp-content\/uploads\/2025\/11\/IAI-logo-English-scaled.png","contentUrl":"https:\/\/iai.int\/wp-content\/uploads\/2025\/11\/IAI-logo-English-scaled.png","width":2560,"height":985,"caption":"IAI - Inter-American Institute for Global Change Research"},"image":{"@id":"https:\/\/iai.int\/es\/#\/schema\/logo\/image\/"}}]}},"uagb_featured_image_src":{"full":["https:\/\/iai.int\/wp-content\/uploads\/2025\/11\/DatosSatelitales.png",1772,551,false],"thumbnail":["https:\/\/iai.int\/wp-content\/uploads\/2025\/11\/DatosSatelitales-150x150.png",150,150,true],"medium":["https:\/\/iai.int\/wp-content\/uploads\/2025\/11\/DatosSatelitales-300x93.png",300,93,true],"medium_large":["https:\/\/iai.int\/wp-content\/uploads\/2025\/11\/DatosSatelitales-768x239.png",768,239,true],"large":["https:\/\/iai.int\/wp-content\/uploads\/2025\/11\/DatosSatelitales-1024x318.png",800,248,true],"1536x1536":["https:\/\/iai.int\/wp-content\/uploads\/2025\/11\/DatosSatelitales-1536x478.png",1536,478,true],"2048x2048":["https:\/\/iai.int\/wp-content\/uploads\/2025\/11\/DatosSatelitales.png",1772,551,false]},"uagb_author_info":{"display_name":"Irene Torres","author_link":"https:\/\/iai.int\/es\/author\/irene-torres\/"},"uagb_comment_info":0,"uagb_excerpt":"El Instituto Interamericano para la Investigaci\u00f3n del Cambio Global (IAI), en alianza con National Geographic, ofrece un curso gratuito, autogestionado y con certificado, dirigido a estudiantes e investigadores de Am\u00e9rica Latina y el Caribe interesados en el uso de datos satelitales para monitorear cambios ambientales en la regi\u00f3n. Este curso tiene como objetivo fortalecer las&hellip;","_links":{"self":[{"href":"https:\/\/iai.int\/es\/wp-json\/wp\/v2\/pages\/14391","targetHints":{"allow":["GET"]}}],"collection":[{"href":"https:\/\/iai.int\/es\/wp-json\/wp\/v2\/pages"}],"about":[{"href":"https:\/\/iai.int\/es\/wp-json\/wp\/v2\/types\/page"}],"author":[{"embeddable":true,"href":"https:\/\/iai.int\/es\/wp-json\/wp\/v2\/users\/8"}],"replies":[{"embeddable":true,"href":"https:\/\/iai.int\/es\/wp-json\/wp\/v2\/comments?post=14391"}],"version-history":[{"count":9,"href":"https:\/\/iai.int\/es\/wp-json\/wp\/v2\/pages\/14391\/revisions"}],"predecessor-version":[{"id":14637,"href":"https:\/\/iai.int\/es\/wp-json\/wp\/v2\/pages\/14391\/revisions\/14637"}],"wp:featuredmedia":[{"embeddable":true,"href":"https:\/\/iai.int\/es\/wp-json\/wp\/v2\/media\/12505"}],"wp:attachment":[{"href":"https:\/\/iai.int\/es\/wp-json\/wp\/v2\/media?parent=14391"}],"curies":[{"name":"wp","href":"https:\/\/api.w.org\/{rel}","templated":true}]}}