{"id":1400,"date":"2024-10-17T19:20:31","date_gmt":"2024-10-17T22:20:31","guid":{"rendered":"https:\/\/iai.int\/?page_id=1400"},"modified":"2024-10-17T19:26:23","modified_gmt":"2024-10-17T22:26:23","slug":"proyecto-map-fire-del-iai-publica-dos-informes-sobre-la-calidad-del-aire-y-areas-quemadas-en-el-estado-de-acre-brasil-en-2019","status":"publish","type":"page","link":"https:\/\/iai.int\/es\/proyecto-map-fire-del-iai-publica-dos-informes-sobre-la-calidad-del-aire-y-areas-quemadas-en-el-estado-de-acre-brasil-en-2019\/","title":{"rendered":"Proyecto MAP-Fire del IAI publica dos informes sobre la calidad del aire y \u00e1reas quemadas en el Estado de Acre, Brasil, en 2019"},"content":{"rendered":"\n<p>La deforestaci\u00f3n y los incendios forestales amenazan la resiliencia de los ecosistemas amaz\u00f3nicos, los servicios ecosist\u00e9micos cr\u00edticos que proporcionan y la salud y el bienestar de millones de personas que residen en la regi\u00f3n. El equipo de investigaci\u00f3n de un\u00a0<a href=\"https:\/\/iai.int\/plan-de-adaptacion-multiactor-para-hacer-frente-a-los-bosques-bajo-riesgo-creciente-de-incendios-sgp-hw-016\/\" data-type=\"page\" data-id=\"655\">proyecto\u00a0del IAI:\u00a0MAP-Fire<\/a>, en colaboraci\u00f3n con el proyecto del Consejo Nacional Brasile\u00f1o para el Desarrollo Cient\u00edfico y Tecnol\u00f3gico Acre-Queimadas, public\u00f3 dos informes sobre la calidad del aire de 2019 y las \u00e1reas quemadas en el Estado de Acre, Brasil, en la Amazon\u00eda Suroeste.<\/p>\n\n\n\n<p>Los investigadores analizaron datos de 30 sensores de calidad del aire en 22 municipios del estado de Acre. Sus resultados muestran que en 2019, hubo 21 d\u00edas en Acre en&nbsp;los&nbsp;cuales los niveles de contaminaci\u00f3n del aire superaron el l\u00edmite m\u00e1ximo diario recomendado por la Organizaci\u00f3n Mundial de la Salud. La pobre calidad del aire fue asociada a los incendios de 2019, que quemaron un \u00e1rea de 1.802 km2, un&nbsp;80% m\u00e1s que la que fue quemada en 2018 en Acre.<\/p>\n\n\n\n<p>La inhalaci\u00f3n de aerosoles a partir de incendios tiene el potencial de afectar negativamente la salud humana. La exposici\u00f3n al humo de los incendios forestales incrementa el riesgo a enfermedades y muerte por complicaciones respiratorias y cardiovasculares. En el contexto actual de la pandemia del COVID-19, una enfermedad viral que causa complicaciones respiratorias, la exposici\u00f3n a humos pod\u00eda potencialmente exacerbar la severidad de los s\u00edntomas.<\/p>\n\n\n\n<p>Los humos de los incendios forestales pueden alcanzar vastas regiones geogr\u00e1ficas dependiendo de patrones del viento. Por esta raz\u00f3n, los resultados de este estudio son relevantes para la salud de una poblaci\u00f3n en los alrededores de las \u00e1reas amaz\u00f3nicas&nbsp;quemadas. Los investigadores est\u00e1n trabajando actualmente para generar informes similares para Per\u00fa y Bolivia.<\/p>\n\n\n\n<p>Los incendios forestales en esta \u00e1rea resultan de una combinaci\u00f3n de condiciones hidroclim\u00e1ticas y la presi\u00f3n humana para deforestar la tierra, generalmente para ganader\u00eda y agricultura. Los incendios&nbsp;est\u00e1n impulsando la reducci\u00f3n de las reservas de carbono del Amazonas y la biodiversidad, a la vez que contribuyen a las emisiones de gas invernadero que causa el calentamiento global.&nbsp;<\/p>\n\n\n\n<p>Aunque no es la primera vez que la calidad del aire en la zona se deteriora debido a los incendios, es la primera vez que los impactos en la calidad del aire se miden in situ a trav\u00e9s de un esfuerzo de colaboraci\u00f3n de agencias gubernamentales, universidades y otras instituciones apoyadas por este proyecto del IAI.<\/p>\n\n\n\n<p><a href=\"https:\/\/iai.int\/administrador\/assets\/images\/ckfinder\/files\/Relatorio%20Queimadas%202019.pdf\" target=\"_blank\" rel=\"noreferrer noopener\">Informe sobre incendios (en portugu\u00e9s)<\/a><\/p>\n\n\n\n<p><a href=\"https:\/\/iai.int\/administrador\/assets\/images\/ckfinder\/files\/AirQualityReport.pdf\">Informe sobre la calidad del aire (en portugu\u00e9s).pdf<\/a><\/p>\n","protected":false},"excerpt":{"rendered":"<p>La deforestaci\u00f3n y los incendios forestales amenazan la resiliencia de los ecosistemas amaz\u00f3nicos, los servicios ecosist\u00e9micos cr\u00edticos que proporcionan y la salud y el bienestar de millones de personas que residen en la regi\u00f3n. El equipo de investigaci\u00f3n de un\u00a0proyecto\u00a0del IAI:\u00a0MAP-Fire, en colaboraci\u00f3n con el proyecto del Consejo Nacional Brasile\u00f1o para el Desarrollo Cient\u00edfico y [&hellip;]<\/p>\n","protected":false},"author":1,"featured_media":0,"parent":0,"menu_order":0,"comment_status":"closed","ping_status":"closed","template":"","meta":{"_acf_changed":false,"_uag_custom_page_level_css":"","footnotes":""},"class_list":["post-1400","page","type-page","status-publish","hentry"],"acf":[],"yoast_head":"<!-- This site is optimized with the Yoast SEO plugin v27.3 - https:\/\/yoast.com\/product\/yoast-seo-wordpress\/ -->\n<title>Proyecto MAP-Fire del IAI publica dos informes sobre la calidad del aire y \u00e1reas quemadas en el Estado de Acre, Brasil, en 2019 - IAI - Inter-American Institute for Global Change Research<\/title>\n<meta name=\"robots\" content=\"index, follow, max-snippet:-1, max-image-preview:large, max-video-preview:-1\" \/>\n<link rel=\"canonical\" href=\"https:\/\/iai.int\/es\/proyecto-map-fire-del-iai-publica-dos-informes-sobre-la-calidad-del-aire-y-areas-quemadas-en-el-estado-de-acre-brasil-en-2019\/\" \/>\n<meta property=\"og:locale\" content=\"es_ES\" \/>\n<meta property=\"og:type\" content=\"article\" \/>\n<meta property=\"og:title\" content=\"Proyecto MAP-Fire del IAI publica dos informes sobre la calidad del aire y \u00e1reas quemadas en el Estado de Acre, Brasil, en 2019 - IAI - Inter-American Institute for Global Change Research\" \/>\n<meta property=\"og:description\" content=\"La deforestaci\u00f3n y los incendios forestales amenazan la resiliencia de los ecosistemas amaz\u00f3nicos, los servicios ecosist\u00e9micos cr\u00edticos que proporcionan y la salud y el bienestar de millones de personas que residen en la regi\u00f3n. El equipo de investigaci\u00f3n de un\u00a0proyecto\u00a0del IAI:\u00a0MAP-Fire, en colaboraci\u00f3n con el proyecto del Consejo Nacional Brasile\u00f1o para el Desarrollo Cient\u00edfico y [&hellip;]\" \/>\n<meta property=\"og:url\" content=\"https:\/\/iai.int\/es\/proyecto-map-fire-del-iai-publica-dos-informes-sobre-la-calidad-del-aire-y-areas-quemadas-en-el-estado-de-acre-brasil-en-2019\/\" \/>\n<meta property=\"og:site_name\" content=\"IAI - Inter-American Institute for Global Change Research\" \/>\n<meta property=\"article:modified_time\" content=\"2024-10-17T22:26:23+00:00\" \/>\n<meta name=\"twitter:card\" content=\"summary_large_image\" \/>\n<meta name=\"twitter:label1\" content=\"Tiempo de lectura\" \/>\n\t<meta name=\"twitter:data1\" content=\"2 minutos\" \/>\n<script type=\"application\/ld+json\" class=\"yoast-schema-graph\">{\"@context\":\"https:\\\/\\\/schema.org\",\"@graph\":[{\"@type\":\"WebPage\",\"@id\":\"https:\\\/\\\/iai.int\\\/es\\\/proyecto-map-fire-del-iai-publica-dos-informes-sobre-la-calidad-del-aire-y-areas-quemadas-en-el-estado-de-acre-brasil-en-2019\\\/\",\"url\":\"https:\\\/\\\/iai.int\\\/es\\\/proyecto-map-fire-del-iai-publica-dos-informes-sobre-la-calidad-del-aire-y-areas-quemadas-en-el-estado-de-acre-brasil-en-2019\\\/\",\"name\":\"Proyecto MAP-Fire del IAI publica dos informes sobre la calidad del aire y \u00e1reas quemadas en el Estado de Acre, Brasil, en 2019 - IAI - Inter-American Institute for Global Change Research\",\"isPartOf\":{\"@id\":\"https:\\\/\\\/iai.int\\\/es\\\/#website\"},\"datePublished\":\"2024-10-17T22:20:31+00:00\",\"dateModified\":\"2024-10-17T22:26:23+00:00\",\"breadcrumb\":{\"@id\":\"https:\\\/\\\/iai.int\\\/es\\\/proyecto-map-fire-del-iai-publica-dos-informes-sobre-la-calidad-del-aire-y-areas-quemadas-en-el-estado-de-acre-brasil-en-2019\\\/#breadcrumb\"},\"inLanguage\":\"es\",\"potentialAction\":[{\"@type\":\"ReadAction\",\"target\":[\"https:\\\/\\\/iai.int\\\/es\\\/proyecto-map-fire-del-iai-publica-dos-informes-sobre-la-calidad-del-aire-y-areas-quemadas-en-el-estado-de-acre-brasil-en-2019\\\/\"]}]},{\"@type\":\"BreadcrumbList\",\"@id\":\"https:\\\/\\\/iai.int\\\/es\\\/proyecto-map-fire-del-iai-publica-dos-informes-sobre-la-calidad-del-aire-y-areas-quemadas-en-el-estado-de-acre-brasil-en-2019\\\/#breadcrumb\",\"itemListElement\":[{\"@type\":\"ListItem\",\"position\":1,\"name\":\"Portada\",\"item\":\"https:\\\/\\\/iai.int\\\/es\\\/\"},{\"@type\":\"ListItem\",\"position\":2,\"name\":\"Proyecto MAP-Fire del IAI publica dos informes sobre la calidad del aire y \u00e1reas quemadas en el Estado de Acre, Brasil, en 2019\"}]},{\"@type\":\"WebSite\",\"@id\":\"https:\\\/\\\/iai.int\\\/es\\\/#website\",\"url\":\"https:\\\/\\\/iai.int\\\/es\\\/\",\"name\":\"IAI - Inter-American Institute for Global Change Research\",\"description\":\"\",\"publisher\":{\"@id\":\"https:\\\/\\\/iai.int\\\/es\\\/#organization\"},\"potentialAction\":[{\"@type\":\"SearchAction\",\"target\":{\"@type\":\"EntryPoint\",\"urlTemplate\":\"https:\\\/\\\/iai.int\\\/es\\\/?s={search_term_string}\"},\"query-input\":{\"@type\":\"PropertyValueSpecification\",\"valueRequired\":true,\"valueName\":\"search_term_string\"}}],\"inLanguage\":\"es\"},{\"@type\":\"Organization\",\"@id\":\"https:\\\/\\\/iai.int\\\/es\\\/#organization\",\"name\":\"IAI - Inter-American Institute for Global Change Research\",\"url\":\"https:\\\/\\\/iai.int\\\/es\\\/\",\"logo\":{\"@type\":\"ImageObject\",\"inLanguage\":\"es\",\"@id\":\"https:\\\/\\\/iai.int\\\/es\\\/#\\\/schema\\\/logo\\\/image\\\/\",\"url\":\"https:\\\/\\\/iai.int\\\/wp-content\\\/uploads\\\/2025\\\/11\\\/IAI-logo-English-scaled.png\",\"contentUrl\":\"https:\\\/\\\/iai.int\\\/wp-content\\\/uploads\\\/2025\\\/11\\\/IAI-logo-English-scaled.png\",\"width\":2560,\"height\":985,\"caption\":\"IAI - Inter-American Institute for Global Change Research\"},\"image\":{\"@id\":\"https:\\\/\\\/iai.int\\\/es\\\/#\\\/schema\\\/logo\\\/image\\\/\"}}]}<\/script>\n<!-- \/ Yoast SEO plugin. -->","yoast_head_json":{"title":"Proyecto MAP-Fire del IAI publica dos informes sobre la calidad del aire y \u00e1reas quemadas en el Estado de Acre, Brasil, en 2019 - IAI - Inter-American Institute for Global Change Research","robots":{"index":"index","follow":"follow","max-snippet":"max-snippet:-1","max-image-preview":"max-image-preview:large","max-video-preview":"max-video-preview:-1"},"canonical":"https:\/\/iai.int\/es\/proyecto-map-fire-del-iai-publica-dos-informes-sobre-la-calidad-del-aire-y-areas-quemadas-en-el-estado-de-acre-brasil-en-2019\/","og_locale":"es_ES","og_type":"article","og_title":"Proyecto MAP-Fire del IAI publica dos informes sobre la calidad del aire y \u00e1reas quemadas en el Estado de Acre, Brasil, en 2019 - IAI - Inter-American Institute for Global Change Research","og_description":"La deforestaci\u00f3n y los incendios forestales amenazan la resiliencia de los ecosistemas amaz\u00f3nicos, los servicios ecosist\u00e9micos cr\u00edticos que proporcionan y la salud y el bienestar de millones de personas que residen en la regi\u00f3n. El equipo de investigaci\u00f3n de un\u00a0proyecto\u00a0del IAI:\u00a0MAP-Fire, en colaboraci\u00f3n con el proyecto del Consejo Nacional Brasile\u00f1o para el Desarrollo Cient\u00edfico y [&hellip;]","og_url":"https:\/\/iai.int\/es\/proyecto-map-fire-del-iai-publica-dos-informes-sobre-la-calidad-del-aire-y-areas-quemadas-en-el-estado-de-acre-brasil-en-2019\/","og_site_name":"IAI - Inter-American Institute for Global Change Research","article_modified_time":"2024-10-17T22:26:23+00:00","twitter_card":"summary_large_image","twitter_misc":{"Tiempo de lectura":"2 minutos"},"schema":{"@context":"https:\/\/schema.org","@graph":[{"@type":"WebPage","@id":"https:\/\/iai.int\/es\/proyecto-map-fire-del-iai-publica-dos-informes-sobre-la-calidad-del-aire-y-areas-quemadas-en-el-estado-de-acre-brasil-en-2019\/","url":"https:\/\/iai.int\/es\/proyecto-map-fire-del-iai-publica-dos-informes-sobre-la-calidad-del-aire-y-areas-quemadas-en-el-estado-de-acre-brasil-en-2019\/","name":"Proyecto MAP-Fire del IAI publica dos informes sobre la calidad del aire y \u00e1reas quemadas en el Estado de Acre, Brasil, en 2019 - IAI - Inter-American Institute for Global Change Research","isPartOf":{"@id":"https:\/\/iai.int\/es\/#website"},"datePublished":"2024-10-17T22:20:31+00:00","dateModified":"2024-10-17T22:26:23+00:00","breadcrumb":{"@id":"https:\/\/iai.int\/es\/proyecto-map-fire-del-iai-publica-dos-informes-sobre-la-calidad-del-aire-y-areas-quemadas-en-el-estado-de-acre-brasil-en-2019\/#breadcrumb"},"inLanguage":"es","potentialAction":[{"@type":"ReadAction","target":["https:\/\/iai.int\/es\/proyecto-map-fire-del-iai-publica-dos-informes-sobre-la-calidad-del-aire-y-areas-quemadas-en-el-estado-de-acre-brasil-en-2019\/"]}]},{"@type":"BreadcrumbList","@id":"https:\/\/iai.int\/es\/proyecto-map-fire-del-iai-publica-dos-informes-sobre-la-calidad-del-aire-y-areas-quemadas-en-el-estado-de-acre-brasil-en-2019\/#breadcrumb","itemListElement":[{"@type":"ListItem","position":1,"name":"Portada","item":"https:\/\/iai.int\/es\/"},{"@type":"ListItem","position":2,"name":"Proyecto MAP-Fire del IAI publica dos informes sobre la calidad del aire y \u00e1reas quemadas en el Estado de Acre, Brasil, en 2019"}]},{"@type":"WebSite","@id":"https:\/\/iai.int\/es\/#website","url":"https:\/\/iai.int\/es\/","name":"IAI - Inter-American Institute for Global Change Research","description":"","publisher":{"@id":"https:\/\/iai.int\/es\/#organization"},"potentialAction":[{"@type":"SearchAction","target":{"@type":"EntryPoint","urlTemplate":"https:\/\/iai.int\/es\/?s={search_term_string}"},"query-input":{"@type":"PropertyValueSpecification","valueRequired":true,"valueName":"search_term_string"}}],"inLanguage":"es"},{"@type":"Organization","@id":"https:\/\/iai.int\/es\/#organization","name":"IAI - Inter-American Institute for Global Change Research","url":"https:\/\/iai.int\/es\/","logo":{"@type":"ImageObject","inLanguage":"es","@id":"https:\/\/iai.int\/es\/#\/schema\/logo\/image\/","url":"https:\/\/iai.int\/wp-content\/uploads\/2025\/11\/IAI-logo-English-scaled.png","contentUrl":"https:\/\/iai.int\/wp-content\/uploads\/2025\/11\/IAI-logo-English-scaled.png","width":2560,"height":985,"caption":"IAI - Inter-American Institute for Global Change Research"},"image":{"@id":"https:\/\/iai.int\/es\/#\/schema\/logo\/image\/"}}]}},"uagb_featured_image_src":{"full":false,"thumbnail":false,"medium":false,"medium_large":false,"large":false,"1536x1536":false,"2048x2048":false},"uagb_author_info":{"display_name":"admin","author_link":"https:\/\/iai.int\/author\/admin\/"},"uagb_comment_info":0,"uagb_excerpt":"La deforestaci\u00f3n y los incendios forestales amenazan la resiliencia de los ecosistemas amaz\u00f3nicos, los servicios ecosist\u00e9micos cr\u00edticos que proporcionan y la salud y el bienestar de millones de personas que residen en la regi\u00f3n. El equipo de investigaci\u00f3n de un\u00a0proyecto\u00a0del IAI:\u00a0MAP-Fire, en colaboraci\u00f3n con el proyecto del Consejo Nacional Brasile\u00f1o para el Desarrollo Cient\u00edfico y&hellip;","_links":{"self":[{"href":"https:\/\/iai.int\/es\/wp-json\/wp\/v2\/pages\/1400","targetHints":{"allow":["GET"]}}],"collection":[{"href":"https:\/\/iai.int\/es\/wp-json\/wp\/v2\/pages"}],"about":[{"href":"https:\/\/iai.int\/es\/wp-json\/wp\/v2\/types\/page"}],"author":[{"embeddable":true,"href":"https:\/\/iai.int\/es\/wp-json\/wp\/v2\/users\/1"}],"replies":[{"embeddable":true,"href":"https:\/\/iai.int\/es\/wp-json\/wp\/v2\/comments?post=1400"}],"version-history":[{"count":2,"href":"https:\/\/iai.int\/es\/wp-json\/wp\/v2\/pages\/1400\/revisions"}],"predecessor-version":[{"id":1406,"href":"https:\/\/iai.int\/es\/wp-json\/wp\/v2\/pages\/1400\/revisions\/1406"}],"wp:attachment":[{"href":"https:\/\/iai.int\/es\/wp-json\/wp\/v2\/media?parent=1400"}],"curies":[{"name":"wp","href":"https:\/\/api.w.org\/{rel}","templated":true}]}}