{"id":1398,"date":"2024-10-17T19:20:31","date_gmt":"2024-10-17T22:20:31","guid":{"rendered":"https:\/\/iai.int\/?page_id=1398"},"modified":"2024-10-17T19:42:16","modified_gmt":"2024-10-17T22:42:16","slug":"historia-de-la-evolucion-de-la-agenda-cientifica","status":"publish","type":"page","link":"https:\/\/iai.int\/es\/historia-de-la-evolucion-de-la-agenda-cientifica\/","title":{"rendered":"Historia de la evoluci\u00f3n de la agenda cient\u00edfica"},"content":{"rendered":"\n<p>En su 18a reuni\u00f3n (Mendoza, Argentina, 2003) el Comit\u00e9 Asesor Cient\u00edfico confirm\u00f3 la validez de las cuatro \u00e1reas de investigaci\u00f3n de la Agenda Cient\u00edfica, pero concord\u00f3 en la necesidad de revisarlos y actualizarlos. Los miembros del SAC formaron dos grupos de trabajo para reformular los temas de cada \u00e1rea de investigaci\u00f3n. El texto recomendado, Documento EC-XVII-CoP-X, fue presentado a la 10a reuni\u00f3n de la Conferencia de las Partes (Boulder, Estaos Unidos, 2003) para su consideraci\u00f3n.<\/p>\n\n\n\n<p><strong>La CoP10 adopt\u00f3 la recomendaci\u00f3n del SAC.<\/strong><\/p>\n\n\n\n<p>Durante el per\u00edodo entre sesiones de 2018-2019, el SAC y el SPAC revisaron la Agenda Cient\u00edfica para reflejar mejor las prioridades nacionales y discutir su alineaci\u00f3n con el nuevo Plan Estrat\u00e9gico del IAI. El SAC y el SPAC opinaron que las cuatro \u00e1reas continuan siendo pertinentes para enfrentar los desaf\u00edos que plantea el cambio global pero hicieron leves revisiones a los temas bajo cada una de las cuatro \u00e1reas. Adicionalmente, durante la discusi\u00f3n de este tema como item de la agenda de la CoP-27, Canad\u00e1 recomend\u00f3 algunas revisiones adicionales al texto de la Agenda. La Agenda revisada se adopt\u00f3 en la CoP-27 por concenso.<\/p>\n\n\n\n<p>La CoP-27 tambi\u00e9n adopt\u00f3 la Decisi\u00f3n XXVII\/5. La misma&nbsp;instruy\u00f3 al SAC y al SPAC a revisar y actualizar la Agenda Cient\u00edfica del IAI en l\u00ednea con el Plan Estrat\u00e9gico del&nbsp;IAI para reflejar mejor la investigaci\u00f3n y la ciencia transdisciplinarias con especial atenci\u00f3n a los problemas y sistemas humanos. Las Partes en la CoP-28 (Videoconferencia, 2020) examinaron las revisiones realizadas durante el per\u00edodo entre&nbsp;sesiones 2019-2020. Las Partes llegaron a un consenso en la CoP-28 para no aprobar la agenda cient\u00edfica&nbsp;revisada&nbsp;del IAI y para pedir a la Direcci\u00f3n Ejecutiva del&nbsp;IAI que informara a las Partes, mediante una notificaci\u00f3n,&nbsp;que pod\u00edan presentar observaciones, revisiones o sugerencias para su consideraci\u00f3n en la CoP-29. Tambi\u00e9n hubo consenso en que la no aprobaci\u00f3n de la agenda&nbsp;cient\u00edfica&nbsp;del&nbsp;IAI no representaba una cr\u00edtica negativa de la labor realizada, sino una oportunidad para que las Partes presentaran revisiones y observaciones adicionales.<\/p>\n\n\n\n<p>La CoP-29 (Videoconferencia, 2021) consider\u00f3 y aprob\u00f3 las revisiones realizadas a la Agenda Cient\u00edfica por las Partes, el SAC y el SPAC. Teniendo en cuenta el art\u00edculo III del Acuerdo, a saber, que el Instituto tendr\u00e1 una Agenda Cient\u00edfica en evoluci\u00f3n, las Partes adoptaron la Decisi\u00f3n XXIX\/12, en la que se encomienda al SAC y al SPAC que, en colaboraci\u00f3n con la Direcci\u00f3n Ejecutiva del IAI, revisen la Agenda Cient\u00edfica del\u00a0IAI teniendo en cuenta las observaciones y sugerencias formuladas por el Consejo Ejecutivo, las Partes y los asociados para su consideraci\u00f3n en la 30\u00aa reuni\u00f3n de la Conferencia de las Partes. El texto completo de la Agenda est\u00e1 disponible\u00a0<strong><a href=\"https:\/\/iai.int\/administrador\/assets\/images\/ckfinder\/files\/IAI%20Scientific%20Agenda_FINAL%20SP2021.pdf\" target=\"_blank\" rel=\"noreferrer noopener\">aqu\u00ed<\/a><\/strong>.<\/p>\n","protected":false},"excerpt":{"rendered":"<p>En su 18a reuni\u00f3n (Mendoza, Argentina, 2003) el Comit\u00e9 Asesor Cient\u00edfico confirm\u00f3 la validez de las cuatro \u00e1reas de investigaci\u00f3n de la Agenda Cient\u00edfica, pero concord\u00f3 en la necesidad de revisarlos y actualizarlos. Los miembros del SAC formaron dos grupos de trabajo para reformular los temas de cada \u00e1rea de investigaci\u00f3n. El texto recomendado, Documento [&hellip;]<\/p>\n","protected":false},"author":1,"featured_media":0,"parent":0,"menu_order":0,"comment_status":"closed","ping_status":"closed","template":"","meta":{"_acf_changed":false,"_uag_custom_page_level_css":"","footnotes":""},"class_list":["post-1398","page","type-page","status-publish","hentry"],"acf":[],"yoast_head":"<!-- This site is optimized with the Yoast SEO plugin v27.3 - https:\/\/yoast.com\/product\/yoast-seo-wordpress\/ -->\n<title>Historia de la evoluci\u00f3n de la agenda cient\u00edfica - IAI - Inter-American Institute for Global Change Research<\/title>\n<meta name=\"robots\" content=\"index, follow, max-snippet:-1, max-image-preview:large, max-video-preview:-1\" \/>\n<link rel=\"canonical\" href=\"https:\/\/iai.int\/es\/historia-de-la-evolucion-de-la-agenda-cientifica\/\" \/>\n<meta property=\"og:locale\" content=\"es_ES\" \/>\n<meta property=\"og:type\" content=\"article\" \/>\n<meta property=\"og:title\" content=\"Historia de la evoluci\u00f3n de la agenda cient\u00edfica - IAI - Inter-American Institute for Global Change Research\" \/>\n<meta property=\"og:description\" content=\"En su 18a reuni\u00f3n (Mendoza, Argentina, 2003) el Comit\u00e9 Asesor Cient\u00edfico confirm\u00f3 la validez de las cuatro \u00e1reas de investigaci\u00f3n de la Agenda Cient\u00edfica, pero concord\u00f3 en la necesidad de revisarlos y actualizarlos. Los miembros del SAC formaron dos grupos de trabajo para reformular los temas de cada \u00e1rea de investigaci\u00f3n. El texto recomendado, Documento [&hellip;]\" \/>\n<meta property=\"og:url\" content=\"https:\/\/iai.int\/es\/historia-de-la-evolucion-de-la-agenda-cientifica\/\" \/>\n<meta property=\"og:site_name\" content=\"IAI - Inter-American Institute for Global Change Research\" \/>\n<meta property=\"article:modified_time\" content=\"2024-10-17T22:42:16+00:00\" \/>\n<meta name=\"twitter:card\" content=\"summary_large_image\" \/>\n<meta name=\"twitter:label1\" content=\"Tiempo de lectura\" \/>\n\t<meta name=\"twitter:data1\" content=\"2 minutos\" \/>\n<script type=\"application\/ld+json\" class=\"yoast-schema-graph\">{\"@context\":\"https:\\\/\\\/schema.org\",\"@graph\":[{\"@type\":\"WebPage\",\"@id\":\"https:\\\/\\\/iai.int\\\/es\\\/historia-de-la-evolucion-de-la-agenda-cientifica\\\/\",\"url\":\"https:\\\/\\\/iai.int\\\/es\\\/historia-de-la-evolucion-de-la-agenda-cientifica\\\/\",\"name\":\"Historia de la evoluci\u00f3n de la agenda cient\u00edfica - IAI - Inter-American Institute for Global Change Research\",\"isPartOf\":{\"@id\":\"https:\\\/\\\/iai.int\\\/es\\\/#website\"},\"datePublished\":\"2024-10-17T22:20:31+00:00\",\"dateModified\":\"2024-10-17T22:42:16+00:00\",\"breadcrumb\":{\"@id\":\"https:\\\/\\\/iai.int\\\/es\\\/historia-de-la-evolucion-de-la-agenda-cientifica\\\/#breadcrumb\"},\"inLanguage\":\"es\",\"potentialAction\":[{\"@type\":\"ReadAction\",\"target\":[\"https:\\\/\\\/iai.int\\\/es\\\/historia-de-la-evolucion-de-la-agenda-cientifica\\\/\"]}]},{\"@type\":\"BreadcrumbList\",\"@id\":\"https:\\\/\\\/iai.int\\\/es\\\/historia-de-la-evolucion-de-la-agenda-cientifica\\\/#breadcrumb\",\"itemListElement\":[{\"@type\":\"ListItem\",\"position\":1,\"name\":\"Portada\",\"item\":\"https:\\\/\\\/iai.int\\\/es\\\/\"},{\"@type\":\"ListItem\",\"position\":2,\"name\":\"Historia de la evoluci\u00f3n de la agenda cient\u00edfica\"}]},{\"@type\":\"WebSite\",\"@id\":\"https:\\\/\\\/iai.int\\\/es\\\/#website\",\"url\":\"https:\\\/\\\/iai.int\\\/es\\\/\",\"name\":\"IAI - Inter-American Institute for Global Change Research\",\"description\":\"\",\"publisher\":{\"@id\":\"https:\\\/\\\/iai.int\\\/es\\\/#organization\"},\"potentialAction\":[{\"@type\":\"SearchAction\",\"target\":{\"@type\":\"EntryPoint\",\"urlTemplate\":\"https:\\\/\\\/iai.int\\\/es\\\/?s={search_term_string}\"},\"query-input\":{\"@type\":\"PropertyValueSpecification\",\"valueRequired\":true,\"valueName\":\"search_term_string\"}}],\"inLanguage\":\"es\"},{\"@type\":\"Organization\",\"@id\":\"https:\\\/\\\/iai.int\\\/es\\\/#organization\",\"name\":\"IAI - Inter-American Institute for Global Change Research\",\"url\":\"https:\\\/\\\/iai.int\\\/es\\\/\",\"logo\":{\"@type\":\"ImageObject\",\"inLanguage\":\"es\",\"@id\":\"https:\\\/\\\/iai.int\\\/es\\\/#\\\/schema\\\/logo\\\/image\\\/\",\"url\":\"https:\\\/\\\/iai.int\\\/wp-content\\\/uploads\\\/2025\\\/11\\\/IAI-logo-English-scaled.png\",\"contentUrl\":\"https:\\\/\\\/iai.int\\\/wp-content\\\/uploads\\\/2025\\\/11\\\/IAI-logo-English-scaled.png\",\"width\":2560,\"height\":985,\"caption\":\"IAI - Inter-American Institute for Global Change Research\"},\"image\":{\"@id\":\"https:\\\/\\\/iai.int\\\/es\\\/#\\\/schema\\\/logo\\\/image\\\/\"}}]}<\/script>\n<!-- \/ Yoast SEO plugin. -->","yoast_head_json":{"title":"Historia de la evoluci\u00f3n de la agenda cient\u00edfica - IAI - Inter-American Institute for Global Change Research","robots":{"index":"index","follow":"follow","max-snippet":"max-snippet:-1","max-image-preview":"max-image-preview:large","max-video-preview":"max-video-preview:-1"},"canonical":"https:\/\/iai.int\/es\/historia-de-la-evolucion-de-la-agenda-cientifica\/","og_locale":"es_ES","og_type":"article","og_title":"Historia de la evoluci\u00f3n de la agenda cient\u00edfica - IAI - Inter-American Institute for Global Change Research","og_description":"En su 18a reuni\u00f3n (Mendoza, Argentina, 2003) el Comit\u00e9 Asesor Cient\u00edfico confirm\u00f3 la validez de las cuatro \u00e1reas de investigaci\u00f3n de la Agenda Cient\u00edfica, pero concord\u00f3 en la necesidad de revisarlos y actualizarlos. Los miembros del SAC formaron dos grupos de trabajo para reformular los temas de cada \u00e1rea de investigaci\u00f3n. El texto recomendado, Documento [&hellip;]","og_url":"https:\/\/iai.int\/es\/historia-de-la-evolucion-de-la-agenda-cientifica\/","og_site_name":"IAI - Inter-American Institute for Global Change Research","article_modified_time":"2024-10-17T22:42:16+00:00","twitter_card":"summary_large_image","twitter_misc":{"Tiempo de lectura":"2 minutos"},"schema":{"@context":"https:\/\/schema.org","@graph":[{"@type":"WebPage","@id":"https:\/\/iai.int\/es\/historia-de-la-evolucion-de-la-agenda-cientifica\/","url":"https:\/\/iai.int\/es\/historia-de-la-evolucion-de-la-agenda-cientifica\/","name":"Historia de la evoluci\u00f3n de la agenda cient\u00edfica - IAI - Inter-American Institute for Global Change Research","isPartOf":{"@id":"https:\/\/iai.int\/es\/#website"},"datePublished":"2024-10-17T22:20:31+00:00","dateModified":"2024-10-17T22:42:16+00:00","breadcrumb":{"@id":"https:\/\/iai.int\/es\/historia-de-la-evolucion-de-la-agenda-cientifica\/#breadcrumb"},"inLanguage":"es","potentialAction":[{"@type":"ReadAction","target":["https:\/\/iai.int\/es\/historia-de-la-evolucion-de-la-agenda-cientifica\/"]}]},{"@type":"BreadcrumbList","@id":"https:\/\/iai.int\/es\/historia-de-la-evolucion-de-la-agenda-cientifica\/#breadcrumb","itemListElement":[{"@type":"ListItem","position":1,"name":"Portada","item":"https:\/\/iai.int\/es\/"},{"@type":"ListItem","position":2,"name":"Historia de la evoluci\u00f3n de la agenda cient\u00edfica"}]},{"@type":"WebSite","@id":"https:\/\/iai.int\/es\/#website","url":"https:\/\/iai.int\/es\/","name":"IAI - Inter-American Institute for Global Change Research","description":"","publisher":{"@id":"https:\/\/iai.int\/es\/#organization"},"potentialAction":[{"@type":"SearchAction","target":{"@type":"EntryPoint","urlTemplate":"https:\/\/iai.int\/es\/?s={search_term_string}"},"query-input":{"@type":"PropertyValueSpecification","valueRequired":true,"valueName":"search_term_string"}}],"inLanguage":"es"},{"@type":"Organization","@id":"https:\/\/iai.int\/es\/#organization","name":"IAI - Inter-American Institute for Global Change Research","url":"https:\/\/iai.int\/es\/","logo":{"@type":"ImageObject","inLanguage":"es","@id":"https:\/\/iai.int\/es\/#\/schema\/logo\/image\/","url":"https:\/\/iai.int\/wp-content\/uploads\/2025\/11\/IAI-logo-English-scaled.png","contentUrl":"https:\/\/iai.int\/wp-content\/uploads\/2025\/11\/IAI-logo-English-scaled.png","width":2560,"height":985,"caption":"IAI - Inter-American Institute for Global Change Research"},"image":{"@id":"https:\/\/iai.int\/es\/#\/schema\/logo\/image\/"}}]}},"uagb_featured_image_src":{"full":false,"thumbnail":false,"medium":false,"medium_large":false,"large":false,"1536x1536":false,"2048x2048":false},"uagb_author_info":{"display_name":"admin","author_link":"https:\/\/iai.int\/es\/author\/admin\/"},"uagb_comment_info":0,"uagb_excerpt":"En su 18a reuni\u00f3n (Mendoza, Argentina, 2003) el Comit\u00e9 Asesor Cient\u00edfico confirm\u00f3 la validez de las cuatro \u00e1reas de investigaci\u00f3n de la Agenda Cient\u00edfica, pero concord\u00f3 en la necesidad de revisarlos y actualizarlos. Los miembros del SAC formaron dos grupos de trabajo para reformular los temas de cada \u00e1rea de investigaci\u00f3n. El texto recomendado, Documento&hellip;","_links":{"self":[{"href":"https:\/\/iai.int\/es\/wp-json\/wp\/v2\/pages\/1398","targetHints":{"allow":["GET"]}}],"collection":[{"href":"https:\/\/iai.int\/es\/wp-json\/wp\/v2\/pages"}],"about":[{"href":"https:\/\/iai.int\/es\/wp-json\/wp\/v2\/types\/page"}],"author":[{"embeddable":true,"href":"https:\/\/iai.int\/es\/wp-json\/wp\/v2\/users\/1"}],"replies":[{"embeddable":true,"href":"https:\/\/iai.int\/es\/wp-json\/wp\/v2\/comments?post=1398"}],"version-history":[{"count":2,"href":"https:\/\/iai.int\/es\/wp-json\/wp\/v2\/pages\/1398\/revisions"}],"predecessor-version":[{"id":1420,"href":"https:\/\/iai.int\/es\/wp-json\/wp\/v2\/pages\/1398\/revisions\/1420"}],"wp:attachment":[{"href":"https:\/\/iai.int\/es\/wp-json\/wp\/v2\/media?parent=1398"}],"curies":[{"name":"wp","href":"https:\/\/api.w.org\/{rel}","templated":true}]}}