{"id":1376,"date":"2024-10-17T13:23:52","date_gmt":"2024-10-17T16:23:52","guid":{"rendered":"https:\/\/iai.int\/?page_id=1376"},"modified":"2024-10-17T13:31:45","modified_gmt":"2024-10-17T16:31:45","slug":"sacc-un-consorcio-internacional-para-el-estudio-de-los-cambios-climaticos-y-globales-relacionados-con-los-oceanos-en-america-del-sur-sgp-cra-2076","status":"publish","type":"page","link":"https:\/\/iai.int\/es\/sacc-un-consorcio-internacional-para-el-estudio-de-los-cambios-climaticos-y-globales-relacionados-con-los-oceanos-en-america-del-sur-sgp-cra-2076\/","title":{"rendered":"SACC: Un consorcio internacional para el estudio de los cambios clim\u00e1ticos y globales relacionados con los oc\u00e9anos en Am\u00e9rica del Sur (SGP-CRA 2076)"},"content":{"rendered":"\n<figure class=\"wp-block-image\"><img decoding=\"async\" src=\"https:\/\/iai.int\/admin\/site\/sites\/default\/files\/uploads\/2014\/03\/sgp-CRA_2076.jpg\" alt=\"sgp-CRA_2076\" class=\"wp-image-2405\"\/><\/figure>\n\n\n\n<h3 class=\"wp-block-heading\">Informaci\u00f3n de proyecto<\/h3>\n\n\n\n<p><strong>Investigador principal:<\/strong><\/p>\n\n\n\n<p><em>Alberto Piola<\/em>&nbsp;(<a href=\"mailto:apiola@hidro.gov.ar\">apiola@hidro.gov.ar<\/a>)<br>Servicio de Hidrograf\u00eda Naval (Argentina)<\/p>\n\n\n\n<p><strong>Sitio web del proyecto:<\/strong><\/p>\n\n\n\n<p><a href=\"http:\/\/sacc.coas.oregonstate.edu\/~sacc\/index.php\" target=\"_blank\" rel=\"noreferrer noopener\">http:\/\/sacc.coas.oregonstate.edu\/~sacc\/index.php<\/a><\/p>\n\n\n\n<p><strong>Papers publicados:<\/strong><\/p>\n\n\n\n<p><a href=\"http:\/\/www.citeulike.org\/user\/IAI\/tag\/cra2076\" target=\"_blank\" rel=\"noreferrer noopener\">http:\/\/www.citeulike.org\/user\/IAI\/tag\/cra2076<\/a><\/p>\n\n\n\n<p><br><br>Este proyecto es continuaci\u00f3n del\u00a0<a href=\"https:\/\/iai.int\/sacc-un-consorcio-internacional-para-el-estudio-de-los-cambios-climaticos-y-globales-relacionados-con-los-oceanos-en-america-del-sur-crn-2076\/\" data-type=\"page\" data-id=\"833\">CRN 2076, que lleva el mismo t\u00edtulo.<\/a><\/p>\n\n\n\n<p><a href=\"https:\/\/iai.int\/es\/meetings\/detail\/sgp-cra-2076#summary\">Resumen ejecutivo<\/a>&nbsp;<a href=\"https:\/\/iai.int\/es\/meetings\/detail\/sgp-cra-2076#medios\">Extensi\u00f3n<\/a>&nbsp;<a href=\"https:\/\/iai.int\/es\/meetings\/detail\/sgp-cra-2076#investigadores\">Investigadores<\/a>&nbsp;<a href=\"https:\/\/iai.int\/es\/meetings\/detail\/sgp-cra-2076#students\">Estudiantes<\/a><\/p>\n\n\n\n<h3 class=\"wp-block-heading\" id=\"summary\">Resumen ejecutivo<\/h3>\n\n\n\n<p>Los oc\u00e9anos juegan un importante papel en el sistema clim\u00e1tico mundial: capturan gases de invernadero, transportan calor desde el ecuador a las regiones polares y controlan la hidrolog\u00eda global. Los oc\u00e9anos, particularmente sus plataformas continentales, han absorbido un tercio de las emisiones antr\u00f3picas de CO2 desde mediados del siglo XIX. El fitoplancton marino produce la mitad de la clorofila del planeta, mitad de la cual se encuentra en las plataformas continentales, que ocupan s\u00f3lo el 9% de la superficie total de los oc\u00e9anos. Los investigadores de este proyecto est\u00e1n estudiando los procesos de intercambio entre el oc\u00e9ano profundo y la plataforma continental del este de Am\u00e9rica del Sur, y el modo en que dicho intercambio afecta el \u00e9xito de las especies de la plataforma. Nuestra hip\u00f3tesis es que el mayor flujo de aguas de la plataforma hacia el oc\u00e9ano abierto ocurre a lo largo del Frente Subtropical de Plataforma (FSTP, ver figura a la derecha). En conjunto, las observaciones directas, los datos hist\u00f3ricos y las simulaciones num\u00e9ricas, contribuyen a entender la circulaci\u00f3n oce\u00e1nica y las respuestas de su biota.<\/p>\n\n\n\n<p><em>1 Red para tomar muestras de plancton en m\u00faltiples niveles<br>2 Laboratorio de adquisici\u00f3n de datos de a bordo<br>3 Distribuci\u00f3n superficial de clorofila-a obtenida del Modis Aqua y esquema de circulaci\u00f3n. Las l\u00edneas negras indican el flujo medio en plataforma y las l\u00edneas azul y roja, las corrientes de Malvinas y Brasil respectivamente<\/em><\/p>\n\n\n\n<h4 class=\"wp-block-heading\">Objetivo<\/h4>\n\n\n\n<p>Determinar los mecanismos responsables de la exportaci\u00f3n de las aguas de plataforma al oc\u00e9ano profundo y sus implicaciones biol\u00f3gicas y biogeoqu\u00edmicas.<\/p>\n\n\n\n<h4 class=\"wp-block-heading\">Objetivos espec\u00edficos<\/h4>\n\n\n\n<p>Determinar si el FSTP es un sitio preferencial para el intercambio plataforma \/oc\u00e9ano<br>Determinar los cambios en las caracter\u00edsticas f\u00edsicas, biol\u00f3gicas y biogeoqu\u00edmicas de las aguas de plataforma a lo largo del FSTP y su variabilidad de corto plazo.<\/p>\n\n\n\n<h4 class=\"wp-block-heading\">Primeros resultados<\/h4>\n\n\n\n<p>La plataforma patag\u00f3nica, que representa el 4% de los m\u00e1rgenes continentales del mundo, absorbe cerca de 17 Tg C a\u00f1o-1 (millones de toneladas m\u00e9tricas de carbono al a\u00f1o). El proyecto contribuye a un mejor conocimiento de los procesos de captura de carbono.<br>La importante pesquer\u00eda del quiebre de plataforma, con una pesca anual de alrededor de un mill\u00f3n de toneladas de pescado y calamar (~1,5% de la producci\u00f3n mundial) presenta fluctuaciones interanuales muy marcadas; el proyecto contribuye a comprender la variabilidad de los recursos comerciales.<br>El desarrollo de modelos oce\u00e1nicos de vanguardia que muestran caracter\u00edsticas realistas de la circulaci\u00f3n y revelan mecanismos de surgencia que sostienen la productiva regi\u00f3n del quiebre de plataforma.<br>El aporte de agua dulce del R\u00edo de la Plata y la Laguna Los Patos tiene un papel importante en la producci\u00f3n de los ecosistemas y la diversidad regional del Atl\u00e1ntico Sudoccidental.<\/p>\n\n\n\n<h3 class=\"wp-block-heading\" id=\"medios\">Extensi\u00f3n<\/h3>\n\n\n\n<figure class=\"wp-block-image alignleft\"><a href=\"http:\/\/iai.int\/?attachment_id=15983\"><img decoding=\"async\" src=\"https:\/\/iai.int\/admin\/site\/sites\/default\/files\/uploads\/Figura-MPA-alemany-1-266x300.jpg\" alt=\"Figura MPA alemany\" class=\"wp-image-15983\"\/><\/a><\/figure>\n\n\n\n<p><br>Daniela Alemany, miembro del grupo de investigaci\u00f3n del SACC (CRN 2076) sintetiz\u00f3 los resultados de su evaluaci\u00f3n de los efectos de un \u00e1rea marina protegida (AMP) de gran escala ubicada mar adentro en la plataforma patag\u00f3nica del Atl\u00e1ntico Sudoccidental:<\/p>\n\n\n\n<p>\u201cHemos evaluado los efectos de un \u00e1rea marina protegida de gran escala ubicada en la plataforma patag\u00f3nica en el Oc\u00e9ano Atl\u00e1ntico Sudoccidental (43\u00baS 63\u00baW) sobre la asociaci\u00f3n de peces demersales. Se estudiaron los efectos de las \u00e1reas marinas protegidas (AMP) utilizando una serie de 5 a\u00f1os de datos recolectados en zonas protegidas y de pesca, antes y despu\u00e9s de la creaci\u00f3n de la AMP, por un buque de investigaci\u00f3n cient\u00edfica. Adem\u00e1s, se estudi\u00f3 la distribuci\u00f3n del esfuerzo pesquero mediante el an\u00e1lisis de grandes bases de datos provenientes del Sistema Nacional de Monitoreo de Barcos, y proporcionadas por la Subsecretar\u00eda de Pesca. Los resultados muestran una tendencia de aumento en la abundancia de asociaciones de peces demersales, de la abundancia de especies objetivo y no objetivo, y del tama\u00f1o y proporci\u00f3n de juveniles de merluza dentro del \u00e1rea protegida. La mayor presi\u00f3n de la pesca observada en los l\u00edmites de la MPA sugiere que la captura es mayor en los alrededores que en regiones distantes de la MPA. Esta informaci\u00f3n fue comunicada al INIDEP (Instituto Nacional de Investigaci\u00f3n y Desarrollo Pesquero), la instituci\u00f3n argentina que asesora al Consejo Federal Pesquero en materia de gesti\u00f3n de pesquer\u00edas. La inauguraci\u00f3n de esta \u00e1rea protegida, cerrada a la pesca de arrastre en la plataforma patag\u00f3nica y su cumplimiento efectivo resultan de beneficio para la conservaci\u00f3n y manejo de los recursos marinos. Los resultados de este estudio muestran la utilidad de las AMP de gran escala en las plataformas continentales.\u201d<\/p>\n\n\n\n<h4 class=\"wp-block-heading\">Enlace a la fuente<\/h4>\n\n\n\n<p><a href=\"https:\/\/academic.oup.com\/icesjms\/article\/70\/1\/123\/661945\" target=\"_blank\" rel=\"noreferrer noopener\">Effects of a large-scale and offshore marine protected area on the demersal fish assemblage in the Southwest Atlantic, Daniela Alemany, Oscar O. Iribarne, and Eduardo M. Acha, ICES Journal of Marine Science (2013), 70(1), 123\u2013134. doi:10.1093\/icesjms\/fss166<\/a><\/p>\n\n\n\n<h3 class=\"wp-block-heading\" id=\"investigadores\">Investigadores del proyecto<\/h3>\n\n\n\n<p>Alberto Piola \u2013&nbsp;<a href=\"mailto:apiola@hidro.gov.ar\">apiola@hidro.gov.ar<\/a><br>Servicio de Hidrograf\u00eda Naval (Argentina)<\/p>\n\n\n\n<p><strong>Co-investigadores<\/strong><br>Kenneth H. Brink (WHOI, EE.UU.), Marcelo Barreiro (U. Rep., Uruguay), Edmo J.D. Campos (IO, USP, Brasil), Ricardo P. Matano (Oregon State University, EE.UU.), Hermes W. Mianzan (INIDEP, Argentina), Osmar O. M\u00f6ller Jr., Jos\u00e9 H. Muelbert (FURG, Brasil), Oscar Pizarro<br>(U. de Concepci\u00f3n, Chile).<\/p>\n\n\n\n<h3 class=\"wp-block-heading\" id=\"students\">Estudiantes<\/h3>\n\n\n\n<p><em>Anahi Brun<\/em>, doctorado, Universidad de Buenos Aires, Argentina.<br><em>Angel A. Miranda Valencia<\/em>, grado, Universidad Ricardo Palma, Per\u00fa.<br><em>Augusto Muniz Cavalcanti<\/em>, doctorado, Universidade Federal do Rio Grande, Brasil.<br><em>B\u00e1rbara C. Franco<\/em>, doctorado, Universidad de Buenos Aires, Brasil.<br><em>Carla Aseff<\/em>, doctorado, Universidade Federal do Rio Grande, Brasil.<br><em>Carla Derisio<\/em>, Post doctorado, INIDEP, Argentina.<br><em>Carolina Kahl<\/em>, doctorado, Universidad de Buenos Aires, Argentina.<br><em>Caue Zirnberger Lazaneo<\/em>, maestr\u00eda, Universidade Federal do Rio Grande, Brasil.<br><em>Daniel Valla<\/em>, grado, Universidad de Buenos Aires, Argentina.<br><em>Daniela Risaro<\/em>, grado, Universidad de Buenos Aires, Argentina.<br><em>Deepak Cherian<\/em>, doctorado, Universidade Federal do Rio Grande.<br><em>Fabio Boeira Dias<\/em>, maestr\u00eda, Universidade Federal do Rio Grande, Brasil.<br><em>Felipe de Oliveira Torquato<\/em>, maestr\u00eda, Universidade Federal do Rio Grande, Brasil.<br><em>Heline Oliveira<\/em>, maestr\u00eda, Universidade Federal do Rio Grande, Brasil.<br><em>Ignacio Gianelli<\/em>, maestr\u00eda, Universidad de la Rep\u00fablica, Uruguay.<br><em>Javier Rabellino<\/em>, maestr\u00eda, Universidad de la Rep\u00fablica, Uruguay.<br><em>Jennifer Sinclair<\/em>, doctorado, Oregon State University, EEUU.<br><em>Jonathan Correa Acosta<\/em>, maestr\u00eda, Universidad Nacional Mayor de San Marcos, Per\u00fa.<br><em>Luciano Padovani<\/em>, doctorado, INIDEP, Argentina.<br><em>Luis Carlos Pinto de Macedo Soares<\/em>, doctorado, Universidade Federal do Rio Grande, Brasil.<br><em>Marcos Abe<\/em>, doctorado, Universidade Federal do Rio Grande, Brasil.<br><em>Marcos Andrade<\/em>, doctorado, Universidade Federal do Rio Grande, Brazal.<br><em>Mar\u00eda V. Romero<\/em>, otros, INIDEP, Argentina.<br><em>Mariano Tonini<\/em>, Post doctorado, Servicio de Hodrograf\u00eda Naval, Argentina.<br><em>Marnia Marrari<\/em>, Post doctorado, Servicio de Hodrograf\u00eda Naval, Argentina.<br><em>Micheli Duarte de Paula Costa<\/em>, doctorado, Universidade Federal do Rio Grande, Brasil.<br><em>Miriam Vergani<\/em>, doctorado, INIDEP, Argentina.<br><em>Mirian Jaimes<\/em>, grado, Instituto del Mar del Per\u00fa, Per\u00fa.<br><em>Patricia Alc\u00e1ntara<\/em>, grado, Instituto del Mar del Per\u00fa, Per\u00fa.<br><em>Ricardo de Lima Costa<\/em>, doctorado, Universidade Federal do Rio Grande, Brasil.<br><em>Vanessa Bolfoni Schmitt<\/em>, maestr\u00eda, Universidade Federal do Rio Grande, Brasil.<br><em>Victoria Gonz\u00e1lez Carman<\/em>, doctorado, INIDEP, Argentina.<br><em>Vincent Combes<\/em>, Post doctorado, Oregon State University, Francia.<\/p>\n\n\n\n<p><a href=\"https:\/\/iai.int\/admin\/site\/sites\/default\/files\/uploads\/2014\/03\/CRA_2076.pdf\" target=\"_blank\" rel=\"noreferrer noopener\"><strong>PDF File English<\/strong><\/a><br><a href=\"https:\/\/iai.int\/admin\/site\/sites\/default\/files\/uploads\/2014\/03\/CRA_2076_sp.pdf\" target=\"_blank\" rel=\"noreferrer noopener\"><strong>PDF File Espa\u00f1ol<\/strong><\/a><\/p>\n","protected":false},"excerpt":{"rendered":"<p>Informaci\u00f3n de proyecto Investigador principal: Alberto Piola&nbsp;(apiola@hidro.gov.ar)Servicio de Hidrograf\u00eda Naval (Argentina) Sitio web del proyecto: http:\/\/sacc.coas.oregonstate.edu\/~sacc\/index.php Papers publicados: http:\/\/www.citeulike.org\/user\/IAI\/tag\/cra2076 Este proyecto es continuaci\u00f3n del\u00a0CRN 2076, que lleva el mismo t\u00edtulo. Resumen ejecutivo&nbsp;Extensi\u00f3n&nbsp;Investigadores&nbsp;Estudiantes Resumen ejecutivo Los oc\u00e9anos juegan un importante papel en el sistema clim\u00e1tico mundial: capturan gases de invernadero, transportan calor desde el ecuador a [&hellip;]<\/p>\n","protected":false},"author":1,"featured_media":0,"parent":0,"menu_order":0,"comment_status":"closed","ping_status":"closed","template":"","meta":{"_acf_changed":false,"_uag_custom_page_level_css":"","footnotes":""},"class_list":["post-1376","page","type-page","status-publish","hentry"],"acf":[],"yoast_head":"<!-- This site is optimized with the Yoast SEO plugin v27.3 - https:\/\/yoast.com\/product\/yoast-seo-wordpress\/ -->\n<title>SACC: Un consorcio internacional para el estudio de los cambios clim\u00e1ticos y globales relacionados con los oc\u00e9anos en Am\u00e9rica del Sur (SGP-CRA 2076) - IAI - Inter-American Institute for Global Change Research<\/title>\n<meta name=\"robots\" content=\"index, follow, max-snippet:-1, max-image-preview:large, max-video-preview:-1\" \/>\n<link rel=\"canonical\" href=\"https:\/\/iai.int\/es\/sacc-un-consorcio-internacional-para-el-estudio-de-los-cambios-climaticos-y-globales-relacionados-con-los-oceanos-en-america-del-sur-sgp-cra-2076\/\" \/>\n<meta property=\"og:locale\" content=\"es_ES\" \/>\n<meta property=\"og:type\" content=\"article\" \/>\n<meta property=\"og:title\" content=\"SACC: Un consorcio internacional para el estudio de los cambios clim\u00e1ticos y globales relacionados con los oc\u00e9anos en Am\u00e9rica del Sur (SGP-CRA 2076) - IAI - Inter-American Institute for Global Change Research\" \/>\n<meta property=\"og:description\" content=\"Informaci\u00f3n de proyecto Investigador principal: Alberto Piola&nbsp;(apiola@hidro.gov.ar)Servicio de Hidrograf\u00eda Naval (Argentina) Sitio web del proyecto: http:\/\/sacc.coas.oregonstate.edu\/~sacc\/index.php Papers publicados: http:\/\/www.citeulike.org\/user\/IAI\/tag\/cra2076 Este proyecto es continuaci\u00f3n del\u00a0CRN 2076, que lleva el mismo t\u00edtulo. Resumen ejecutivo&nbsp;Extensi\u00f3n&nbsp;Investigadores&nbsp;Estudiantes Resumen ejecutivo Los oc\u00e9anos juegan un importante papel en el sistema clim\u00e1tico mundial: capturan gases de invernadero, transportan calor desde el ecuador a [&hellip;]\" \/>\n<meta property=\"og:url\" content=\"https:\/\/iai.int\/es\/sacc-un-consorcio-internacional-para-el-estudio-de-los-cambios-climaticos-y-globales-relacionados-con-los-oceanos-en-america-del-sur-sgp-cra-2076\/\" \/>\n<meta property=\"og:site_name\" content=\"IAI - Inter-American Institute for Global Change Research\" \/>\n<meta property=\"article:modified_time\" content=\"2024-10-17T16:31:45+00:00\" \/>\n<meta name=\"twitter:card\" content=\"summary_large_image\" \/>\n<meta name=\"twitter:label1\" content=\"Tiempo de lectura\" \/>\n\t<meta name=\"twitter:data1\" content=\"6 minutos\" \/>\n<script type=\"application\/ld+json\" class=\"yoast-schema-graph\">{\"@context\":\"https:\\\/\\\/schema.org\",\"@graph\":[{\"@type\":\"WebPage\",\"@id\":\"https:\\\/\\\/iai.int\\\/es\\\/sacc-un-consorcio-internacional-para-el-estudio-de-los-cambios-climaticos-y-globales-relacionados-con-los-oceanos-en-america-del-sur-sgp-cra-2076\\\/\",\"url\":\"https:\\\/\\\/iai.int\\\/es\\\/sacc-un-consorcio-internacional-para-el-estudio-de-los-cambios-climaticos-y-globales-relacionados-con-los-oceanos-en-america-del-sur-sgp-cra-2076\\\/\",\"name\":\"SACC: Un consorcio internacional para el estudio de los cambios clim\u00e1ticos y globales relacionados con los oc\u00e9anos en Am\u00e9rica del Sur (SGP-CRA 2076) - IAI - Inter-American Institute for Global Change Research\",\"isPartOf\":{\"@id\":\"https:\\\/\\\/iai.int\\\/es\\\/#website\"},\"primaryImageOfPage\":{\"@id\":\"https:\\\/\\\/iai.int\\\/es\\\/sacc-un-consorcio-internacional-para-el-estudio-de-los-cambios-climaticos-y-globales-relacionados-con-los-oceanos-en-america-del-sur-sgp-cra-2076\\\/#primaryimage\"},\"image\":{\"@id\":\"https:\\\/\\\/iai.int\\\/es\\\/sacc-un-consorcio-internacional-para-el-estudio-de-los-cambios-climaticos-y-globales-relacionados-con-los-oceanos-en-america-del-sur-sgp-cra-2076\\\/#primaryimage\"},\"thumbnailUrl\":\"https:\\\/\\\/iai.int\\\/admin\\\/site\\\/sites\\\/default\\\/files\\\/uploads\\\/2014\\\/03\\\/sgp-CRA_2076.jpg\",\"datePublished\":\"2024-10-17T16:23:52+00:00\",\"dateModified\":\"2024-10-17T16:31:45+00:00\",\"breadcrumb\":{\"@id\":\"https:\\\/\\\/iai.int\\\/es\\\/sacc-un-consorcio-internacional-para-el-estudio-de-los-cambios-climaticos-y-globales-relacionados-con-los-oceanos-en-america-del-sur-sgp-cra-2076\\\/#breadcrumb\"},\"inLanguage\":\"es\",\"potentialAction\":[{\"@type\":\"ReadAction\",\"target\":[\"https:\\\/\\\/iai.int\\\/es\\\/sacc-un-consorcio-internacional-para-el-estudio-de-los-cambios-climaticos-y-globales-relacionados-con-los-oceanos-en-america-del-sur-sgp-cra-2076\\\/\"]}]},{\"@type\":\"ImageObject\",\"inLanguage\":\"es\",\"@id\":\"https:\\\/\\\/iai.int\\\/es\\\/sacc-un-consorcio-internacional-para-el-estudio-de-los-cambios-climaticos-y-globales-relacionados-con-los-oceanos-en-america-del-sur-sgp-cra-2076\\\/#primaryimage\",\"url\":\"https:\\\/\\\/iai.int\\\/admin\\\/site\\\/sites\\\/default\\\/files\\\/uploads\\\/2014\\\/03\\\/sgp-CRA_2076.jpg\",\"contentUrl\":\"https:\\\/\\\/iai.int\\\/admin\\\/site\\\/sites\\\/default\\\/files\\\/uploads\\\/2014\\\/03\\\/sgp-CRA_2076.jpg\"},{\"@type\":\"BreadcrumbList\",\"@id\":\"https:\\\/\\\/iai.int\\\/es\\\/sacc-un-consorcio-internacional-para-el-estudio-de-los-cambios-climaticos-y-globales-relacionados-con-los-oceanos-en-america-del-sur-sgp-cra-2076\\\/#breadcrumb\",\"itemListElement\":[{\"@type\":\"ListItem\",\"position\":1,\"name\":\"Portada\",\"item\":\"https:\\\/\\\/iai.int\\\/es\\\/\"},{\"@type\":\"ListItem\",\"position\":2,\"name\":\"SACC: Un consorcio internacional para el estudio de los cambios clim\u00e1ticos y globales relacionados con los oc\u00e9anos en Am\u00e9rica del Sur (SGP-CRA 2076)\"}]},{\"@type\":\"WebSite\",\"@id\":\"https:\\\/\\\/iai.int\\\/es\\\/#website\",\"url\":\"https:\\\/\\\/iai.int\\\/es\\\/\",\"name\":\"IAI - Inter-American Institute for Global Change Research\",\"description\":\"\",\"publisher\":{\"@id\":\"https:\\\/\\\/iai.int\\\/es\\\/#organization\"},\"potentialAction\":[{\"@type\":\"SearchAction\",\"target\":{\"@type\":\"EntryPoint\",\"urlTemplate\":\"https:\\\/\\\/iai.int\\\/es\\\/?s={search_term_string}\"},\"query-input\":{\"@type\":\"PropertyValueSpecification\",\"valueRequired\":true,\"valueName\":\"search_term_string\"}}],\"inLanguage\":\"es\"},{\"@type\":\"Organization\",\"@id\":\"https:\\\/\\\/iai.int\\\/es\\\/#organization\",\"name\":\"IAI - Inter-American Institute for Global Change Research\",\"url\":\"https:\\\/\\\/iai.int\\\/es\\\/\",\"logo\":{\"@type\":\"ImageObject\",\"inLanguage\":\"es\",\"@id\":\"https:\\\/\\\/iai.int\\\/es\\\/#\\\/schema\\\/logo\\\/image\\\/\",\"url\":\"https:\\\/\\\/iai.int\\\/wp-content\\\/uploads\\\/2025\\\/11\\\/IAI-logo-English-scaled.png\",\"contentUrl\":\"https:\\\/\\\/iai.int\\\/wp-content\\\/uploads\\\/2025\\\/11\\\/IAI-logo-English-scaled.png\",\"width\":2560,\"height\":985,\"caption\":\"IAI - Inter-American Institute for Global Change Research\"},\"image\":{\"@id\":\"https:\\\/\\\/iai.int\\\/es\\\/#\\\/schema\\\/logo\\\/image\\\/\"}}]}<\/script>\n<!-- \/ Yoast SEO plugin. -->","yoast_head_json":{"title":"SACC: Un consorcio internacional para el estudio de los cambios clim\u00e1ticos y globales relacionados con los oc\u00e9anos en Am\u00e9rica del Sur (SGP-CRA 2076) - IAI - Inter-American Institute for Global Change Research","robots":{"index":"index","follow":"follow","max-snippet":"max-snippet:-1","max-image-preview":"max-image-preview:large","max-video-preview":"max-video-preview:-1"},"canonical":"https:\/\/iai.int\/es\/sacc-un-consorcio-internacional-para-el-estudio-de-los-cambios-climaticos-y-globales-relacionados-con-los-oceanos-en-america-del-sur-sgp-cra-2076\/","og_locale":"es_ES","og_type":"article","og_title":"SACC: Un consorcio internacional para el estudio de los cambios clim\u00e1ticos y globales relacionados con los oc\u00e9anos en Am\u00e9rica del Sur (SGP-CRA 2076) - IAI - Inter-American Institute for Global Change Research","og_description":"Informaci\u00f3n de proyecto Investigador principal: Alberto Piola&nbsp;(apiola@hidro.gov.ar)Servicio de Hidrograf\u00eda Naval (Argentina) Sitio web del proyecto: http:\/\/sacc.coas.oregonstate.edu\/~sacc\/index.php Papers publicados: http:\/\/www.citeulike.org\/user\/IAI\/tag\/cra2076 Este proyecto es continuaci\u00f3n del\u00a0CRN 2076, que lleva el mismo t\u00edtulo. Resumen ejecutivo&nbsp;Extensi\u00f3n&nbsp;Investigadores&nbsp;Estudiantes Resumen ejecutivo Los oc\u00e9anos juegan un importante papel en el sistema clim\u00e1tico mundial: capturan gases de invernadero, transportan calor desde el ecuador a [&hellip;]","og_url":"https:\/\/iai.int\/es\/sacc-un-consorcio-internacional-para-el-estudio-de-los-cambios-climaticos-y-globales-relacionados-con-los-oceanos-en-america-del-sur-sgp-cra-2076\/","og_site_name":"IAI - Inter-American Institute for Global Change Research","article_modified_time":"2024-10-17T16:31:45+00:00","twitter_card":"summary_large_image","twitter_misc":{"Tiempo de lectura":"6 minutos"},"schema":{"@context":"https:\/\/schema.org","@graph":[{"@type":"WebPage","@id":"https:\/\/iai.int\/es\/sacc-un-consorcio-internacional-para-el-estudio-de-los-cambios-climaticos-y-globales-relacionados-con-los-oceanos-en-america-del-sur-sgp-cra-2076\/","url":"https:\/\/iai.int\/es\/sacc-un-consorcio-internacional-para-el-estudio-de-los-cambios-climaticos-y-globales-relacionados-con-los-oceanos-en-america-del-sur-sgp-cra-2076\/","name":"SACC: Un consorcio internacional para el estudio de los cambios clim\u00e1ticos y globales relacionados con los oc\u00e9anos en Am\u00e9rica del Sur (SGP-CRA 2076) - IAI - Inter-American Institute for Global Change Research","isPartOf":{"@id":"https:\/\/iai.int\/es\/#website"},"primaryImageOfPage":{"@id":"https:\/\/iai.int\/es\/sacc-un-consorcio-internacional-para-el-estudio-de-los-cambios-climaticos-y-globales-relacionados-con-los-oceanos-en-america-del-sur-sgp-cra-2076\/#primaryimage"},"image":{"@id":"https:\/\/iai.int\/es\/sacc-un-consorcio-internacional-para-el-estudio-de-los-cambios-climaticos-y-globales-relacionados-con-los-oceanos-en-america-del-sur-sgp-cra-2076\/#primaryimage"},"thumbnailUrl":"https:\/\/iai.int\/admin\/site\/sites\/default\/files\/uploads\/2014\/03\/sgp-CRA_2076.jpg","datePublished":"2024-10-17T16:23:52+00:00","dateModified":"2024-10-17T16:31:45+00:00","breadcrumb":{"@id":"https:\/\/iai.int\/es\/sacc-un-consorcio-internacional-para-el-estudio-de-los-cambios-climaticos-y-globales-relacionados-con-los-oceanos-en-america-del-sur-sgp-cra-2076\/#breadcrumb"},"inLanguage":"es","potentialAction":[{"@type":"ReadAction","target":["https:\/\/iai.int\/es\/sacc-un-consorcio-internacional-para-el-estudio-de-los-cambios-climaticos-y-globales-relacionados-con-los-oceanos-en-america-del-sur-sgp-cra-2076\/"]}]},{"@type":"ImageObject","inLanguage":"es","@id":"https:\/\/iai.int\/es\/sacc-un-consorcio-internacional-para-el-estudio-de-los-cambios-climaticos-y-globales-relacionados-con-los-oceanos-en-america-del-sur-sgp-cra-2076\/#primaryimage","url":"https:\/\/iai.int\/admin\/site\/sites\/default\/files\/uploads\/2014\/03\/sgp-CRA_2076.jpg","contentUrl":"https:\/\/iai.int\/admin\/site\/sites\/default\/files\/uploads\/2014\/03\/sgp-CRA_2076.jpg"},{"@type":"BreadcrumbList","@id":"https:\/\/iai.int\/es\/sacc-un-consorcio-internacional-para-el-estudio-de-los-cambios-climaticos-y-globales-relacionados-con-los-oceanos-en-america-del-sur-sgp-cra-2076\/#breadcrumb","itemListElement":[{"@type":"ListItem","position":1,"name":"Portada","item":"https:\/\/iai.int\/es\/"},{"@type":"ListItem","position":2,"name":"SACC: Un consorcio internacional para el estudio de los cambios clim\u00e1ticos y globales relacionados con los oc\u00e9anos en Am\u00e9rica del Sur (SGP-CRA 2076)"}]},{"@type":"WebSite","@id":"https:\/\/iai.int\/es\/#website","url":"https:\/\/iai.int\/es\/","name":"IAI - Inter-American Institute for Global Change Research","description":"","publisher":{"@id":"https:\/\/iai.int\/es\/#organization"},"potentialAction":[{"@type":"SearchAction","target":{"@type":"EntryPoint","urlTemplate":"https:\/\/iai.int\/es\/?s={search_term_string}"},"query-input":{"@type":"PropertyValueSpecification","valueRequired":true,"valueName":"search_term_string"}}],"inLanguage":"es"},{"@type":"Organization","@id":"https:\/\/iai.int\/es\/#organization","name":"IAI - Inter-American Institute for Global Change Research","url":"https:\/\/iai.int\/es\/","logo":{"@type":"ImageObject","inLanguage":"es","@id":"https:\/\/iai.int\/es\/#\/schema\/logo\/image\/","url":"https:\/\/iai.int\/wp-content\/uploads\/2025\/11\/IAI-logo-English-scaled.png","contentUrl":"https:\/\/iai.int\/wp-content\/uploads\/2025\/11\/IAI-logo-English-scaled.png","width":2560,"height":985,"caption":"IAI - Inter-American Institute for Global Change Research"},"image":{"@id":"https:\/\/iai.int\/es\/#\/schema\/logo\/image\/"}}]}},"uagb_featured_image_src":{"full":false,"thumbnail":false,"medium":false,"medium_large":false,"large":false,"1536x1536":false,"2048x2048":false},"uagb_author_info":{"display_name":"admin","author_link":"https:\/\/iai.int\/es\/author\/admin\/"},"uagb_comment_info":0,"uagb_excerpt":"Informaci\u00f3n de proyecto Investigador principal: Alberto Piola&nbsp;(apiola@hidro.gov.ar)Servicio de Hidrograf\u00eda Naval (Argentina) Sitio web del proyecto: http:\/\/sacc.coas.oregonstate.edu\/~sacc\/index.php Papers publicados: http:\/\/www.citeulike.org\/user\/IAI\/tag\/cra2076 Este proyecto es continuaci\u00f3n del\u00a0CRN 2076, que lleva el mismo t\u00edtulo. Resumen ejecutivo&nbsp;Extensi\u00f3n&nbsp;Investigadores&nbsp;Estudiantes Resumen ejecutivo Los oc\u00e9anos juegan un importante papel en el sistema clim\u00e1tico mundial: capturan gases de invernadero, transportan calor desde el ecuador a&hellip;","_links":{"self":[{"href":"https:\/\/iai.int\/es\/wp-json\/wp\/v2\/pages\/1376","targetHints":{"allow":["GET"]}}],"collection":[{"href":"https:\/\/iai.int\/es\/wp-json\/wp\/v2\/pages"}],"about":[{"href":"https:\/\/iai.int\/es\/wp-json\/wp\/v2\/types\/page"}],"author":[{"embeddable":true,"href":"https:\/\/iai.int\/es\/wp-json\/wp\/v2\/users\/1"}],"replies":[{"embeddable":true,"href":"https:\/\/iai.int\/es\/wp-json\/wp\/v2\/comments?post=1376"}],"version-history":[{"count":5,"href":"https:\/\/iai.int\/es\/wp-json\/wp\/v2\/pages\/1376\/revisions"}],"predecessor-version":[{"id":1384,"href":"https:\/\/iai.int\/es\/wp-json\/wp\/v2\/pages\/1376\/revisions\/1384"}],"wp:attachment":[{"href":"https:\/\/iai.int\/es\/wp-json\/wp\/v2\/media?parent=1376"}],"curies":[{"name":"wp","href":"https:\/\/api.w.org\/{rel}","templated":true}]}}