{"id":1370,"date":"2024-10-17T13:16:15","date_gmt":"2024-10-17T16:16:15","guid":{"rendered":"https:\/\/iai.int\/?page_id=1370"},"modified":"2024-10-17T13:21:36","modified_gmt":"2024-10-17T16:21:36","slug":"cop-21-de-la-ciencia-a-la-politica-aportes-de-la-ciencia-a-la-gestion-de-recursos-hidricos-la-biodiversidad-y-el-cambio-climatico","status":"publish","type":"page","link":"https:\/\/iai.int\/es\/cop-21-de-la-ciencia-a-la-politica-aportes-de-la-ciencia-a-la-gestion-de-recursos-hidricos-la-biodiversidad-y-el-cambio-climatico\/","title":{"rendered":"COP-21 De la ciencia a la pol\u00edtica: Aportes de la ciencia a la gesti\u00f3n de recursos h\u00eddricos, la biodiversidad y el cambio clim\u00e1tico"},"content":{"rendered":"\n<figure class=\"wp-block-image\"><a href=\"https:\/\/iai.int\/admin\/site\/sites\/default\/files\/FullSizeRender.jpg\" target=\"_blank\" rel=\"noreferrer noopener\"><img decoding=\"async\" src=\"https:\/\/iai.int\/admin\/site\/sites\/default\/files\/uploads\/FullSizeRender.jpg\" alt=\"FullSizeRender\"\/><\/a><\/figure>\n\n\n\n<h3 class=\"wp-block-heading\">Pabell\u00f3n de Per\u00fa, sede de la COP21 (Le Bourget) Zona Azul lunes 30 de noviembre de 2015, 18:00 (6 pm)<\/h3>\n\n\n\n<p><a href=\"https:\/\/iai.int\/admin\/site\/sites\/default\/files\/tapa-brochure-paris2015-300x298.jpg\" target=\"_blank\" rel=\"noreferrer noopener\"><\/a><br>Folleto: De la ciencia a la pol\u00edtica: Aportes de la ciencia a la gesti\u00f3n de recursos h\u00eddricos, la biodiversidad y el cambio clim\u00e1tico<a href=\"https:\/\/iai.int\/admin\/site\/sites\/default\/files\/Brochure-from-science-to-policy.pdf\" target=\"_blank\" rel=\"noreferrer noopener\">&nbsp;(PDF en ingl\u00e9s)<\/a><\/p>\n\n\n\n<p><a href=\"https:\/\/iai.int\/admin\/site\/sites\/default\/files\/presentacion-edwin-tapa-600x448.jpg\" target=\"_blank\" rel=\"noreferrer noopener\"><\/a><a href=\"https:\/\/iai.int\/admin\/site\/sites\/default\/files\/PRESENTACION_CAFE-IAI-30-nov-2015.pdf\" target=\"_blank\" rel=\"noreferrer noopener\">El desaf\u00edo de utilizar informaci\u00f3n cient\u00edfica en la toma de decisiones: experiencias del proyecto sobre cambios globales y caf\u00e9 en Mesoam\u00e9rica (PDF en ingl\u00e9s)<\/a>\u00a0por Edwin Castellanos (<a href=\"https:\/\/iai.int\/pequenos-caficultores-y-opciones-de-adaptacion-al-cambio-climatico-riesgos-y-desafios-de-la-certificacion-de-servicios-ecosistemicos-sgp-cra-2060\/\" data-type=\"page\" data-id=\"861\">IAI SGP-CRA 2060<\/a>)<\/p>\n\n\n\n<p><a href=\"https:\/\/iai.int\/admin\/site\/sites\/default\/files\/From-Science-to-policy-flyer-invitation.pdf\" target=\"_blank\" rel=\"noreferrer noopener\"><strong>Agenda (cliquee aqu\u00ed para descargar)<\/strong><\/a><br>18.00- 18.20<br>Discurso de apertura<br>Manuel Pulgar-Vidal (Ministro del Ambiente, Rep\u00fablica de Per\u00fa)<br>David Cooper (Subsecretario Ejecutivo del CDB)<\/p>\n\n\n\n<p>18:20 \u2013 18:35<br>Paul Leadly (IPBES) \u201cContribuci\u00f3n de la biodiversidad a la mitigaci\u00f3n del cambio clim\u00e1tico\u201d<\/p>\n\n\n\n<p>18:35 \u2013 19:00<br>Estudio de casos de contribuciones de la ciencia a la toma de decisiones<br>Dr. Jhan Carlo Espinoza (IGP-Per\u00fa)<br>Dr. Edwin Castellanos (IAI)<br>Dr. Stephanie Thiebault (InEE)<br>Dr. Oliver Phillips (U. Leeds)<\/p>\n\n\n\n<p>19:00 \u2013 19:20<br>Panel de debate \u2013 Ciencia y sociedad: gesti\u00f3n del agua, la biodiversidad y el cambio clim\u00e1tico en los Andes y la Amazon\u00eda<br>Dr. Jean Loup Guyot (IRD-Per\u00fa)<br>Mr. David Cooper (CBD)<br>Ms. Ione Anderson (IAI)<br>Ms. Sonia Gonz\u00e1lez (MINAM)<br>Dr. J\u00f6rg Linke (GIZ)<\/p>\n\n\n\n<p>19:20<br>Discurso de cierre<br>Jean Paul Moatti (Presidente de IRD) y Sonia Gonz\u00e1lez (MINAM)<\/p>\n\n\n\n<p><a href=\"https:\/\/iai.int\/admin\/site\/sites\/default\/files\/edwin-castellanos.jpg\" target=\"_blank\" rel=\"noreferrer noopener\"><\/a>Edwin Castellanos durante su presentaci\u00f3n<\/p>\n\n\n\n<p><a href=\"https:\/\/iai.int\/admin\/site\/sites\/default\/files\/Discussion-Panel.jpg\" target=\"_blank\" rel=\"noreferrer noopener\"><\/a>El panel de debate<\/p>\n\n\n\n<p>************<a href=\"https:\/\/iai.int\/es\/post\/detail\/from-science-to-policy-contributions-from-science-to-the-management-of-water-resources-biodiversity-and-climate-change No se cargaron fotos\">https:\/\/iai.int\/es\/post\/detail\/from-science-to-policy-contributions-from-science-to-the-management-of-water-resources-biodiversity-and-climate-change<\/a> No se cargaron fotos***************<\/p>\n\n\n\n<p><\/p>\n","protected":false},"excerpt":{"rendered":"<p>Pabell\u00f3n de Per\u00fa, sede de la COP21 (Le Bourget) Zona Azul lunes 30 de noviembre de 2015, 18:00 (6 pm) Folleto: De la ciencia a la pol\u00edtica: Aportes de la ciencia a la gesti\u00f3n de recursos h\u00eddricos, la biodiversidad y el cambio clim\u00e1tico&nbsp;(PDF en ingl\u00e9s) El desaf\u00edo de utilizar informaci\u00f3n cient\u00edfica en la toma de [&hellip;]<\/p>\n","protected":false},"author":1,"featured_media":0,"parent":0,"menu_order":0,"comment_status":"closed","ping_status":"closed","template":"","meta":{"_acf_changed":false,"_uag_custom_page_level_css":"","footnotes":""},"class_list":["post-1370","page","type-page","status-publish","hentry"],"acf":[],"yoast_head":"<!-- This site is optimized with the Yoast SEO plugin v27.3 - https:\/\/yoast.com\/product\/yoast-seo-wordpress\/ -->\n<title>COP-21 De la ciencia a la pol\u00edtica: Aportes de la ciencia a la gesti\u00f3n de recursos h\u00eddricos, la biodiversidad y el cambio clim\u00e1tico - IAI - Inter-American Institute for Global Change Research<\/title>\n<meta name=\"robots\" content=\"index, follow, max-snippet:-1, max-image-preview:large, max-video-preview:-1\" \/>\n<link rel=\"canonical\" href=\"https:\/\/iai.int\/es\/cop-21-de-la-ciencia-a-la-politica-aportes-de-la-ciencia-a-la-gestion-de-recursos-hidricos-la-biodiversidad-y-el-cambio-climatico\/\" \/>\n<meta property=\"og:locale\" content=\"es_ES\" \/>\n<meta property=\"og:type\" content=\"article\" \/>\n<meta property=\"og:title\" content=\"COP-21 De la ciencia a la pol\u00edtica: Aportes de la ciencia a la gesti\u00f3n de recursos h\u00eddricos, la biodiversidad y el cambio clim\u00e1tico - IAI - Inter-American Institute for Global Change Research\" \/>\n<meta property=\"og:description\" content=\"Pabell\u00f3n de Per\u00fa, sede de la COP21 (Le Bourget) Zona Azul lunes 30 de noviembre de 2015, 18:00 (6 pm) Folleto: De la ciencia a la pol\u00edtica: Aportes de la ciencia a la gesti\u00f3n de recursos h\u00eddricos, la biodiversidad y el cambio clim\u00e1tico&nbsp;(PDF en ingl\u00e9s) El desaf\u00edo de utilizar informaci\u00f3n cient\u00edfica en la toma de [&hellip;]\" \/>\n<meta property=\"og:url\" content=\"https:\/\/iai.int\/es\/cop-21-de-la-ciencia-a-la-politica-aportes-de-la-ciencia-a-la-gestion-de-recursos-hidricos-la-biodiversidad-y-el-cambio-climatico\/\" \/>\n<meta property=\"og:site_name\" content=\"IAI - Inter-American Institute for Global Change Research\" \/>\n<meta property=\"article:modified_time\" content=\"2024-10-17T16:21:36+00:00\" \/>\n<meta property=\"og:image\" content=\"https:\/\/iai.int\/admin\/site\/sites\/default\/files\/uploads\/FullSizeRender.jpg\" \/>\n<meta name=\"twitter:card\" content=\"summary_large_image\" \/>\n<meta name=\"twitter:label1\" content=\"Tiempo de lectura\" \/>\n\t<meta name=\"twitter:data1\" content=\"1 minuto\" \/>\n<script type=\"application\/ld+json\" class=\"yoast-schema-graph\">{\"@context\":\"https:\\\/\\\/schema.org\",\"@graph\":[{\"@type\":\"WebPage\",\"@id\":\"https:\\\/\\\/iai.int\\\/es\\\/cop-21-de-la-ciencia-a-la-politica-aportes-de-la-ciencia-a-la-gestion-de-recursos-hidricos-la-biodiversidad-y-el-cambio-climatico\\\/\",\"url\":\"https:\\\/\\\/iai.int\\\/es\\\/cop-21-de-la-ciencia-a-la-politica-aportes-de-la-ciencia-a-la-gestion-de-recursos-hidricos-la-biodiversidad-y-el-cambio-climatico\\\/\",\"name\":\"COP-21 De la ciencia a la pol\u00edtica: Aportes de la ciencia a la gesti\u00f3n de recursos h\u00eddricos, la biodiversidad y el cambio clim\u00e1tico - IAI - Inter-American Institute for Global Change Research\",\"isPartOf\":{\"@id\":\"https:\\\/\\\/iai.int\\\/es\\\/#website\"},\"primaryImageOfPage\":{\"@id\":\"https:\\\/\\\/iai.int\\\/es\\\/cop-21-de-la-ciencia-a-la-politica-aportes-de-la-ciencia-a-la-gestion-de-recursos-hidricos-la-biodiversidad-y-el-cambio-climatico\\\/#primaryimage\"},\"image\":{\"@id\":\"https:\\\/\\\/iai.int\\\/es\\\/cop-21-de-la-ciencia-a-la-politica-aportes-de-la-ciencia-a-la-gestion-de-recursos-hidricos-la-biodiversidad-y-el-cambio-climatico\\\/#primaryimage\"},\"thumbnailUrl\":\"https:\\\/\\\/iai.int\\\/admin\\\/site\\\/sites\\\/default\\\/files\\\/uploads\\\/FullSizeRender.jpg\",\"datePublished\":\"2024-10-17T16:16:15+00:00\",\"dateModified\":\"2024-10-17T16:21:36+00:00\",\"breadcrumb\":{\"@id\":\"https:\\\/\\\/iai.int\\\/es\\\/cop-21-de-la-ciencia-a-la-politica-aportes-de-la-ciencia-a-la-gestion-de-recursos-hidricos-la-biodiversidad-y-el-cambio-climatico\\\/#breadcrumb\"},\"inLanguage\":\"es\",\"potentialAction\":[{\"@type\":\"ReadAction\",\"target\":[\"https:\\\/\\\/iai.int\\\/es\\\/cop-21-de-la-ciencia-a-la-politica-aportes-de-la-ciencia-a-la-gestion-de-recursos-hidricos-la-biodiversidad-y-el-cambio-climatico\\\/\"]}]},{\"@type\":\"ImageObject\",\"inLanguage\":\"es\",\"@id\":\"https:\\\/\\\/iai.int\\\/es\\\/cop-21-de-la-ciencia-a-la-politica-aportes-de-la-ciencia-a-la-gestion-de-recursos-hidricos-la-biodiversidad-y-el-cambio-climatico\\\/#primaryimage\",\"url\":\"https:\\\/\\\/iai.int\\\/admin\\\/site\\\/sites\\\/default\\\/files\\\/uploads\\\/FullSizeRender.jpg\",\"contentUrl\":\"https:\\\/\\\/iai.int\\\/admin\\\/site\\\/sites\\\/default\\\/files\\\/uploads\\\/FullSizeRender.jpg\"},{\"@type\":\"BreadcrumbList\",\"@id\":\"https:\\\/\\\/iai.int\\\/es\\\/cop-21-de-la-ciencia-a-la-politica-aportes-de-la-ciencia-a-la-gestion-de-recursos-hidricos-la-biodiversidad-y-el-cambio-climatico\\\/#breadcrumb\",\"itemListElement\":[{\"@type\":\"ListItem\",\"position\":1,\"name\":\"Portada\",\"item\":\"https:\\\/\\\/iai.int\\\/es\\\/\"},{\"@type\":\"ListItem\",\"position\":2,\"name\":\"COP-21 De la ciencia a la pol\u00edtica: Aportes de la ciencia a la gesti\u00f3n de recursos h\u00eddricos, la biodiversidad y el cambio clim\u00e1tico\"}]},{\"@type\":\"WebSite\",\"@id\":\"https:\\\/\\\/iai.int\\\/es\\\/#website\",\"url\":\"https:\\\/\\\/iai.int\\\/es\\\/\",\"name\":\"IAI - Inter-American Institute for Global Change Research\",\"description\":\"\",\"publisher\":{\"@id\":\"https:\\\/\\\/iai.int\\\/es\\\/#organization\"},\"potentialAction\":[{\"@type\":\"SearchAction\",\"target\":{\"@type\":\"EntryPoint\",\"urlTemplate\":\"https:\\\/\\\/iai.int\\\/es\\\/?s={search_term_string}\"},\"query-input\":{\"@type\":\"PropertyValueSpecification\",\"valueRequired\":true,\"valueName\":\"search_term_string\"}}],\"inLanguage\":\"es\"},{\"@type\":\"Organization\",\"@id\":\"https:\\\/\\\/iai.int\\\/es\\\/#organization\",\"name\":\"IAI - Inter-American Institute for Global Change Research\",\"url\":\"https:\\\/\\\/iai.int\\\/es\\\/\",\"logo\":{\"@type\":\"ImageObject\",\"inLanguage\":\"es\",\"@id\":\"https:\\\/\\\/iai.int\\\/es\\\/#\\\/schema\\\/logo\\\/image\\\/\",\"url\":\"https:\\\/\\\/iai.int\\\/wp-content\\\/uploads\\\/2025\\\/11\\\/IAI-logo-English-scaled.png\",\"contentUrl\":\"https:\\\/\\\/iai.int\\\/wp-content\\\/uploads\\\/2025\\\/11\\\/IAI-logo-English-scaled.png\",\"width\":2560,\"height\":985,\"caption\":\"IAI - Inter-American Institute for Global Change Research\"},\"image\":{\"@id\":\"https:\\\/\\\/iai.int\\\/es\\\/#\\\/schema\\\/logo\\\/image\\\/\"}}]}<\/script>\n<!-- \/ Yoast SEO plugin. -->","yoast_head_json":{"title":"COP-21 De la ciencia a la pol\u00edtica: Aportes de la ciencia a la gesti\u00f3n de recursos h\u00eddricos, la biodiversidad y el cambio clim\u00e1tico - IAI - Inter-American Institute for Global Change Research","robots":{"index":"index","follow":"follow","max-snippet":"max-snippet:-1","max-image-preview":"max-image-preview:large","max-video-preview":"max-video-preview:-1"},"canonical":"https:\/\/iai.int\/es\/cop-21-de-la-ciencia-a-la-politica-aportes-de-la-ciencia-a-la-gestion-de-recursos-hidricos-la-biodiversidad-y-el-cambio-climatico\/","og_locale":"es_ES","og_type":"article","og_title":"COP-21 De la ciencia a la pol\u00edtica: Aportes de la ciencia a la gesti\u00f3n de recursos h\u00eddricos, la biodiversidad y el cambio clim\u00e1tico - IAI - Inter-American Institute for Global Change Research","og_description":"Pabell\u00f3n de Per\u00fa, sede de la COP21 (Le Bourget) Zona Azul lunes 30 de noviembre de 2015, 18:00 (6 pm) Folleto: De la ciencia a la pol\u00edtica: Aportes de la ciencia a la gesti\u00f3n de recursos h\u00eddricos, la biodiversidad y el cambio clim\u00e1tico&nbsp;(PDF en ingl\u00e9s) El desaf\u00edo de utilizar informaci\u00f3n cient\u00edfica en la toma de [&hellip;]","og_url":"https:\/\/iai.int\/es\/cop-21-de-la-ciencia-a-la-politica-aportes-de-la-ciencia-a-la-gestion-de-recursos-hidricos-la-biodiversidad-y-el-cambio-climatico\/","og_site_name":"IAI - Inter-American Institute for Global Change Research","article_modified_time":"2024-10-17T16:21:36+00:00","og_image":[{"url":"https:\/\/iai.int\/admin\/site\/sites\/default\/files\/uploads\/FullSizeRender.jpg","type":"","width":"","height":""}],"twitter_card":"summary_large_image","twitter_misc":{"Tiempo de lectura":"1 minuto"},"schema":{"@context":"https:\/\/schema.org","@graph":[{"@type":"WebPage","@id":"https:\/\/iai.int\/es\/cop-21-de-la-ciencia-a-la-politica-aportes-de-la-ciencia-a-la-gestion-de-recursos-hidricos-la-biodiversidad-y-el-cambio-climatico\/","url":"https:\/\/iai.int\/es\/cop-21-de-la-ciencia-a-la-politica-aportes-de-la-ciencia-a-la-gestion-de-recursos-hidricos-la-biodiversidad-y-el-cambio-climatico\/","name":"COP-21 De la ciencia a la pol\u00edtica: Aportes de la ciencia a la gesti\u00f3n de recursos h\u00eddricos, la biodiversidad y el cambio clim\u00e1tico - IAI - Inter-American Institute for Global Change Research","isPartOf":{"@id":"https:\/\/iai.int\/es\/#website"},"primaryImageOfPage":{"@id":"https:\/\/iai.int\/es\/cop-21-de-la-ciencia-a-la-politica-aportes-de-la-ciencia-a-la-gestion-de-recursos-hidricos-la-biodiversidad-y-el-cambio-climatico\/#primaryimage"},"image":{"@id":"https:\/\/iai.int\/es\/cop-21-de-la-ciencia-a-la-politica-aportes-de-la-ciencia-a-la-gestion-de-recursos-hidricos-la-biodiversidad-y-el-cambio-climatico\/#primaryimage"},"thumbnailUrl":"https:\/\/iai.int\/admin\/site\/sites\/default\/files\/uploads\/FullSizeRender.jpg","datePublished":"2024-10-17T16:16:15+00:00","dateModified":"2024-10-17T16:21:36+00:00","breadcrumb":{"@id":"https:\/\/iai.int\/es\/cop-21-de-la-ciencia-a-la-politica-aportes-de-la-ciencia-a-la-gestion-de-recursos-hidricos-la-biodiversidad-y-el-cambio-climatico\/#breadcrumb"},"inLanguage":"es","potentialAction":[{"@type":"ReadAction","target":["https:\/\/iai.int\/es\/cop-21-de-la-ciencia-a-la-politica-aportes-de-la-ciencia-a-la-gestion-de-recursos-hidricos-la-biodiversidad-y-el-cambio-climatico\/"]}]},{"@type":"ImageObject","inLanguage":"es","@id":"https:\/\/iai.int\/es\/cop-21-de-la-ciencia-a-la-politica-aportes-de-la-ciencia-a-la-gestion-de-recursos-hidricos-la-biodiversidad-y-el-cambio-climatico\/#primaryimage","url":"https:\/\/iai.int\/admin\/site\/sites\/default\/files\/uploads\/FullSizeRender.jpg","contentUrl":"https:\/\/iai.int\/admin\/site\/sites\/default\/files\/uploads\/FullSizeRender.jpg"},{"@type":"BreadcrumbList","@id":"https:\/\/iai.int\/es\/cop-21-de-la-ciencia-a-la-politica-aportes-de-la-ciencia-a-la-gestion-de-recursos-hidricos-la-biodiversidad-y-el-cambio-climatico\/#breadcrumb","itemListElement":[{"@type":"ListItem","position":1,"name":"Portada","item":"https:\/\/iai.int\/es\/"},{"@type":"ListItem","position":2,"name":"COP-21 De la ciencia a la pol\u00edtica: Aportes de la ciencia a la gesti\u00f3n de recursos h\u00eddricos, la biodiversidad y el cambio clim\u00e1tico"}]},{"@type":"WebSite","@id":"https:\/\/iai.int\/es\/#website","url":"https:\/\/iai.int\/es\/","name":"IAI - Inter-American Institute for Global Change Research","description":"","publisher":{"@id":"https:\/\/iai.int\/es\/#organization"},"potentialAction":[{"@type":"SearchAction","target":{"@type":"EntryPoint","urlTemplate":"https:\/\/iai.int\/es\/?s={search_term_string}"},"query-input":{"@type":"PropertyValueSpecification","valueRequired":true,"valueName":"search_term_string"}}],"inLanguage":"es"},{"@type":"Organization","@id":"https:\/\/iai.int\/es\/#organization","name":"IAI - Inter-American Institute for Global Change Research","url":"https:\/\/iai.int\/es\/","logo":{"@type":"ImageObject","inLanguage":"es","@id":"https:\/\/iai.int\/es\/#\/schema\/logo\/image\/","url":"https:\/\/iai.int\/wp-content\/uploads\/2025\/11\/IAI-logo-English-scaled.png","contentUrl":"https:\/\/iai.int\/wp-content\/uploads\/2025\/11\/IAI-logo-English-scaled.png","width":2560,"height":985,"caption":"IAI - Inter-American Institute for Global Change Research"},"image":{"@id":"https:\/\/iai.int\/es\/#\/schema\/logo\/image\/"}}]}},"uagb_featured_image_src":{"full":false,"thumbnail":false,"medium":false,"medium_large":false,"large":false,"1536x1536":false,"2048x2048":false},"uagb_author_info":{"display_name":"admin","author_link":"https:\/\/iai.int\/es\/author\/admin\/"},"uagb_comment_info":0,"uagb_excerpt":"Pabell\u00f3n de Per\u00fa, sede de la COP21 (Le Bourget) Zona Azul lunes 30 de noviembre de 2015, 18:00 (6 pm) Folleto: De la ciencia a la pol\u00edtica: Aportes de la ciencia a la gesti\u00f3n de recursos h\u00eddricos, la biodiversidad y el cambio clim\u00e1tico&nbsp;(PDF en ingl\u00e9s) El desaf\u00edo de utilizar informaci\u00f3n cient\u00edfica en la toma de&hellip;","_links":{"self":[{"href":"https:\/\/iai.int\/es\/wp-json\/wp\/v2\/pages\/1370","targetHints":{"allow":["GET"]}}],"collection":[{"href":"https:\/\/iai.int\/es\/wp-json\/wp\/v2\/pages"}],"about":[{"href":"https:\/\/iai.int\/es\/wp-json\/wp\/v2\/types\/page"}],"author":[{"embeddable":true,"href":"https:\/\/iai.int\/es\/wp-json\/wp\/v2\/users\/1"}],"replies":[{"embeddable":true,"href":"https:\/\/iai.int\/es\/wp-json\/wp\/v2\/comments?post=1370"}],"version-history":[{"count":3,"href":"https:\/\/iai.int\/es\/wp-json\/wp\/v2\/pages\/1370\/revisions"}],"predecessor-version":[{"id":1375,"href":"https:\/\/iai.int\/es\/wp-json\/wp\/v2\/pages\/1370\/revisions\/1375"}],"wp:attachment":[{"href":"https:\/\/iai.int\/es\/wp-json\/wp\/v2\/media?parent=1370"}],"curies":[{"name":"wp","href":"https:\/\/api.w.org\/{rel}","templated":true}]}}