{"id":13664,"date":"2026-01-15T16:35:42","date_gmt":"2026-01-15T21:35:42","guid":{"rendered":"https:\/\/iai.int\/?page_id=13664"},"modified":"2026-01-19T16:01:21","modified_gmt":"2026-01-19T21:01:21","slug":"publicaciones","status":"publish","type":"page","link":"https:\/\/iai.int\/es\/centro-de-diplomacia-cientifica\/nodo-de-conocimiento\/publicaciones\/","title":{"rendered":"PUBLICACIONES"},"content":{"rendered":"\n<div class=\"wp-block-media-text is-stacked-on-mobile\" style=\"grid-template-columns:38% auto\"><figure class=\"wp-block-media-text__media\"><img fetchpriority=\"high\" decoding=\"async\" width=\"819\" height=\"1024\" src=\"https:\/\/iai.int\/wp-content\/uploads\/2026\/01\/Untitled-design-4-819x1024.png\" alt=\"\" class=\"wp-image-13988 size-full\" srcset=\"https:\/\/iai.int\/wp-content\/uploads\/2026\/01\/Untitled-design-4-819x1024.png 819w, https:\/\/iai.int\/wp-content\/uploads\/2026\/01\/Untitled-design-4-240x300.png 240w, https:\/\/iai.int\/wp-content\/uploads\/2026\/01\/Untitled-design-4-768x960.png 768w, https:\/\/iai.int\/wp-content\/uploads\/2026\/01\/Untitled-design-4.png 1080w\" sizes=\"(max-width: 819px) 100vw, 819px\" \/><\/figure><div class=\"wp-block-media-text__content\">\n<p><strong>T\u00edtulo:<\/strong> Participaci\u00f3n en comunidades de mujeres cient\u00edficas en Centroam\u00e9rica: implicaciones desde la perspectiva de la diplomacia cient\u00edfica<\/p>\n\n\n\n<p><strong>Autor:<\/strong> Aquino K.<\/p>\n\n\n\n<p><strong>Idioma:<\/strong> Ingl\u00e9s<\/p>\n\n\n\n<p><strong>Palabras clave:<\/strong> Mujeres en STEM, comunidades cient\u00edficas, diplomacia cient\u00edfica<\/p>\n\n\n\n<p><strong>Enlace:<\/strong> <a href=\"https:\/\/www.frontiersin.org\/journals\/research-metrics-and-analytics\/articles\/10.3389\/frma.2021.661508\/full\">https:\/\/www.frontiersin.org\/journals\/research-metrics-and-analytics\/articles\/10.3389\/frma.2021.661508\/full<\/a><\/p>\n<\/div><\/div>\n\n\n\n<div style=\"height:30px\" aria-hidden=\"true\" class=\"wp-block-spacer\"><\/div>\n\n\n\n<hr class=\"wp-block-separator has-alpha-channel-opacity\"\/>\n\n\n\n<div style=\"height:30px\" aria-hidden=\"true\" class=\"wp-block-spacer\"><\/div>\n\n\n\n<div class=\"wp-block-media-text is-stacked-on-mobile\" style=\"grid-template-columns:38% auto\"><figure class=\"wp-block-media-text__media\"><img decoding=\"async\" width=\"819\" height=\"1024\" src=\"http:\/\/iai.int\/wp-content\/uploads\/2026\/01\/Untitled-design-1-2-819x1024.png\" alt=\"\" class=\"wp-image-13991 size-full\" srcset=\"https:\/\/iai.int\/wp-content\/uploads\/2026\/01\/Untitled-design-1-2-819x1024.png 819w, https:\/\/iai.int\/wp-content\/uploads\/2026\/01\/Untitled-design-1-2-240x300.png 240w, https:\/\/iai.int\/wp-content\/uploads\/2026\/01\/Untitled-design-1-2-768x960.png 768w, https:\/\/iai.int\/wp-content\/uploads\/2026\/01\/Untitled-design-1-2.png 1080w\" sizes=\"(max-width: 819px) 100vw, 819px\" \/><\/figure><div class=\"wp-block-media-text__content\">\n<p><strong>T\u00edtulo:<\/strong> Relevancia de la Diplomacia Cient\u00edfica en la Construcci\u00f3n de Capacidades en CTI en Guatemala, El Salvador y Honduras<\/p>\n\n\n\n<p><strong>Autor:<\/strong> Bonilla K., Serafim PM<\/p>\n\n\n\n<p><strong>Idioma:<\/strong> Espa\u00f1ol<\/p>\n\n\n\n<p><strong>Palabras clave:<\/strong> Diplomacia cient\u00edfica, fortalecimiento de capacidades en CTI, desarrollo institucional<\/p>\n\n\n\n<p><strong>Enlace:<\/strong> <a href=\"https:\/\/innovacionyciencia.com\/articulos_cientificos\/diplomacia-cientifica\">https:\/\/innovacionyciencia.com\/articulos_cientificos\/diplomacia-cientifica<\/a><\/p>\n<\/div><\/div>\n\n\n\n<div style=\"height:41px\" aria-hidden=\"true\" class=\"wp-block-spacer\"><\/div>\n\n\n\n<h4 class=\"wp-block-heading\"><a href=\"https:\/\/iai.int\/es\/centro-de-diplomacia-cientifica\/nodo-de-conocimiento\/\" data-type=\"link\" data-id=\"https:\/\/iai.int\/es\/centro-de-diplomacia-cientifica\/nodo-de-conocimiento\/\">Regrese al Nodo de conocimiento<\/a><\/h4>\n\n\n\n<div style=\"height:63px\" aria-hidden=\"true\" class=\"wp-block-spacer\"><\/div>\n","protected":false},"excerpt":{"rendered":"<p>T\u00edtulo: Participaci\u00f3n en comunidades de mujeres cient\u00edficas en Centroam\u00e9rica: implicaciones desde la perspectiva de la diplomacia cient\u00edfica Autor: Aquino K. Idioma: Ingl\u00e9s Palabras clave: Mujeres en STEM, comunidades cient\u00edficas, diplomacia cient\u00edfica Enlace: https:\/\/www.frontiersin.org\/journals\/research-metrics-and-analytics\/articles\/10.3389\/frma.2021.661508\/full T\u00edtulo: Relevancia de la Diplomacia Cient\u00edfica en la Construcci\u00f3n de Capacidades en CTI en Guatemala, El Salvador y Honduras Autor: Bonilla K., [&hellip;]<\/p>\n","protected":false},"author":9,"featured_media":14004,"parent":13654,"menu_order":0,"comment_status":"closed","ping_status":"closed","template":"","meta":{"_acf_changed":false,"_uag_custom_page_level_css":"","footnotes":""},"class_list":["post-13664","page","type-page","status-publish","has-post-thumbnail","hentry"],"acf":[],"yoast_head":"<!-- This site is optimized with the Yoast SEO plugin v27.3 - https:\/\/yoast.com\/product\/yoast-seo-wordpress\/ -->\n<title>PUBLICACIONES - IAI - Inter-American Institute for Global Change Research<\/title>\n<meta name=\"robots\" content=\"index, follow, max-snippet:-1, max-image-preview:large, max-video-preview:-1\" \/>\n<link rel=\"canonical\" href=\"https:\/\/iai.int\/es\/centro-de-diplomacia-cientifica\/nodo-de-conocimiento\/publicaciones\/\" \/>\n<meta property=\"og:locale\" content=\"es_ES\" \/>\n<meta property=\"og:type\" content=\"article\" \/>\n<meta property=\"og:title\" content=\"PUBLICACIONES - IAI - Inter-American Institute for Global Change Research\" \/>\n<meta property=\"og:description\" content=\"T\u00edtulo: Participaci\u00f3n en comunidades de mujeres cient\u00edficas en Centroam\u00e9rica: implicaciones desde la perspectiva de la diplomacia cient\u00edfica Autor: Aquino K. Idioma: Ingl\u00e9s Palabras clave: Mujeres en STEM, comunidades cient\u00edficas, diplomacia cient\u00edfica Enlace: https:\/\/www.frontiersin.org\/journals\/research-metrics-and-analytics\/articles\/10.3389\/frma.2021.661508\/full T\u00edtulo: Relevancia de la Diplomacia Cient\u00edfica en la Construcci\u00f3n de Capacidades en CTI en Guatemala, El Salvador y Honduras Autor: Bonilla K., [&hellip;]\" \/>\n<meta property=\"og:url\" content=\"https:\/\/iai.int\/es\/centro-de-diplomacia-cientifica\/nodo-de-conocimiento\/publicaciones\/\" \/>\n<meta property=\"og:site_name\" content=\"IAI - Inter-American Institute for Global Change Research\" \/>\n<meta property=\"article:modified_time\" content=\"2026-01-19T21:01:21+00:00\" \/>\n<meta property=\"og:image\" content=\"https:\/\/iai.int\/wp-content\/uploads\/2026\/01\/PUBLI-SP-1.png\" \/>\n\t<meta property=\"og:image:width\" content=\"1772\" \/>\n\t<meta property=\"og:image:height\" content=\"551\" \/>\n\t<meta property=\"og:image:type\" content=\"image\/png\" \/>\n<meta name=\"twitter:card\" content=\"summary_large_image\" \/>\n<meta name=\"twitter:label1\" content=\"Tiempo de lectura\" \/>\n\t<meta name=\"twitter:data1\" content=\"1 minuto\" \/>\n<script type=\"application\/ld+json\" class=\"yoast-schema-graph\">{\"@context\":\"https:\\\/\\\/schema.org\",\"@graph\":[{\"@type\":\"WebPage\",\"@id\":\"https:\\\/\\\/iai.int\\\/es\\\/centro-de-diplomacia-cientifica\\\/nodo-de-conocimiento\\\/publicaciones\\\/\",\"url\":\"https:\\\/\\\/iai.int\\\/es\\\/centro-de-diplomacia-cientifica\\\/nodo-de-conocimiento\\\/publicaciones\\\/\",\"name\":\"PUBLICACIONES - IAI - Inter-American Institute for Global Change Research\",\"isPartOf\":{\"@id\":\"https:\\\/\\\/iai.int\\\/es\\\/#website\"},\"primaryImageOfPage\":{\"@id\":\"https:\\\/\\\/iai.int\\\/es\\\/centro-de-diplomacia-cientifica\\\/nodo-de-conocimiento\\\/publicaciones\\\/#primaryimage\"},\"image\":{\"@id\":\"https:\\\/\\\/iai.int\\\/es\\\/centro-de-diplomacia-cientifica\\\/nodo-de-conocimiento\\\/publicaciones\\\/#primaryimage\"},\"thumbnailUrl\":\"https:\\\/\\\/iai.int\\\/wp-content\\\/uploads\\\/2026\\\/01\\\/PUBLI-SP-1.png\",\"datePublished\":\"2026-01-15T21:35:42+00:00\",\"dateModified\":\"2026-01-19T21:01:21+00:00\",\"breadcrumb\":{\"@id\":\"https:\\\/\\\/iai.int\\\/es\\\/centro-de-diplomacia-cientifica\\\/nodo-de-conocimiento\\\/publicaciones\\\/#breadcrumb\"},\"inLanguage\":\"es\",\"potentialAction\":[{\"@type\":\"ReadAction\",\"target\":[\"https:\\\/\\\/iai.int\\\/es\\\/centro-de-diplomacia-cientifica\\\/nodo-de-conocimiento\\\/publicaciones\\\/\"]}]},{\"@type\":\"ImageObject\",\"inLanguage\":\"es\",\"@id\":\"https:\\\/\\\/iai.int\\\/es\\\/centro-de-diplomacia-cientifica\\\/nodo-de-conocimiento\\\/publicaciones\\\/#primaryimage\",\"url\":\"https:\\\/\\\/iai.int\\\/wp-content\\\/uploads\\\/2026\\\/01\\\/PUBLI-SP-1.png\",\"contentUrl\":\"https:\\\/\\\/iai.int\\\/wp-content\\\/uploads\\\/2026\\\/01\\\/PUBLI-SP-1.png\",\"width\":1772,\"height\":551},{\"@type\":\"BreadcrumbList\",\"@id\":\"https:\\\/\\\/iai.int\\\/es\\\/centro-de-diplomacia-cientifica\\\/nodo-de-conocimiento\\\/publicaciones\\\/#breadcrumb\",\"itemListElement\":[{\"@type\":\"ListItem\",\"position\":1,\"name\":\"Portada\",\"item\":\"https:\\\/\\\/iai.int\\\/es\\\/\"},{\"@type\":\"ListItem\",\"position\":2,\"name\":\"Centro de Diplomacia Cient\u00edfica\",\"item\":\"https:\\\/\\\/iai.int\\\/es\\\/centro-de-diplomacia-cientifica\\\/\"},{\"@type\":\"ListItem\",\"position\":3,\"name\":\"Nodo de conocimiento\",\"item\":\"https:\\\/\\\/iai.int\\\/es\\\/centro-de-diplomacia-cientifica\\\/nodo-de-conocimiento\\\/\"},{\"@type\":\"ListItem\",\"position\":4,\"name\":\"PUBLICACIONES\"}]},{\"@type\":\"WebSite\",\"@id\":\"https:\\\/\\\/iai.int\\\/es\\\/#website\",\"url\":\"https:\\\/\\\/iai.int\\\/es\\\/\",\"name\":\"IAI - Inter-American Institute for Global Change Research\",\"description\":\"\",\"publisher\":{\"@id\":\"https:\\\/\\\/iai.int\\\/es\\\/#organization\"},\"potentialAction\":[{\"@type\":\"SearchAction\",\"target\":{\"@type\":\"EntryPoint\",\"urlTemplate\":\"https:\\\/\\\/iai.int\\\/es\\\/?s={search_term_string}\"},\"query-input\":{\"@type\":\"PropertyValueSpecification\",\"valueRequired\":true,\"valueName\":\"search_term_string\"}}],\"inLanguage\":\"es\"},{\"@type\":\"Organization\",\"@id\":\"https:\\\/\\\/iai.int\\\/es\\\/#organization\",\"name\":\"IAI - Inter-American Institute for Global Change Research\",\"url\":\"https:\\\/\\\/iai.int\\\/es\\\/\",\"logo\":{\"@type\":\"ImageObject\",\"inLanguage\":\"es\",\"@id\":\"https:\\\/\\\/iai.int\\\/es\\\/#\\\/schema\\\/logo\\\/image\\\/\",\"url\":\"https:\\\/\\\/iai.int\\\/wp-content\\\/uploads\\\/2025\\\/11\\\/IAI-logo-English-scaled.png\",\"contentUrl\":\"https:\\\/\\\/iai.int\\\/wp-content\\\/uploads\\\/2025\\\/11\\\/IAI-logo-English-scaled.png\",\"width\":2560,\"height\":985,\"caption\":\"IAI - Inter-American Institute for Global Change Research\"},\"image\":{\"@id\":\"https:\\\/\\\/iai.int\\\/es\\\/#\\\/schema\\\/logo\\\/image\\\/\"}}]}<\/script>\n<!-- \/ Yoast SEO plugin. -->","yoast_head_json":{"title":"PUBLICACIONES - IAI - Inter-American Institute for Global Change Research","robots":{"index":"index","follow":"follow","max-snippet":"max-snippet:-1","max-image-preview":"max-image-preview:large","max-video-preview":"max-video-preview:-1"},"canonical":"https:\/\/iai.int\/es\/centro-de-diplomacia-cientifica\/nodo-de-conocimiento\/publicaciones\/","og_locale":"es_ES","og_type":"article","og_title":"PUBLICACIONES - IAI - Inter-American Institute for Global Change Research","og_description":"T\u00edtulo: Participaci\u00f3n en comunidades de mujeres cient\u00edficas en Centroam\u00e9rica: implicaciones desde la perspectiva de la diplomacia cient\u00edfica Autor: Aquino K. Idioma: Ingl\u00e9s Palabras clave: Mujeres en STEM, comunidades cient\u00edficas, diplomacia cient\u00edfica Enlace: https:\/\/www.frontiersin.org\/journals\/research-metrics-and-analytics\/articles\/10.3389\/frma.2021.661508\/full T\u00edtulo: Relevancia de la Diplomacia Cient\u00edfica en la Construcci\u00f3n de Capacidades en CTI en Guatemala, El Salvador y Honduras Autor: Bonilla K., [&hellip;]","og_url":"https:\/\/iai.int\/es\/centro-de-diplomacia-cientifica\/nodo-de-conocimiento\/publicaciones\/","og_site_name":"IAI - Inter-American Institute for Global Change Research","article_modified_time":"2026-01-19T21:01:21+00:00","og_image":[{"width":1772,"height":551,"url":"https:\/\/iai.int\/wp-content\/uploads\/2026\/01\/PUBLI-SP-1.png","type":"image\/png"}],"twitter_card":"summary_large_image","twitter_misc":{"Tiempo de lectura":"1 minuto"},"schema":{"@context":"https:\/\/schema.org","@graph":[{"@type":"WebPage","@id":"https:\/\/iai.int\/es\/centro-de-diplomacia-cientifica\/nodo-de-conocimiento\/publicaciones\/","url":"https:\/\/iai.int\/es\/centro-de-diplomacia-cientifica\/nodo-de-conocimiento\/publicaciones\/","name":"PUBLICACIONES - IAI - Inter-American Institute for Global Change Research","isPartOf":{"@id":"https:\/\/iai.int\/es\/#website"},"primaryImageOfPage":{"@id":"https:\/\/iai.int\/es\/centro-de-diplomacia-cientifica\/nodo-de-conocimiento\/publicaciones\/#primaryimage"},"image":{"@id":"https:\/\/iai.int\/es\/centro-de-diplomacia-cientifica\/nodo-de-conocimiento\/publicaciones\/#primaryimage"},"thumbnailUrl":"https:\/\/iai.int\/wp-content\/uploads\/2026\/01\/PUBLI-SP-1.png","datePublished":"2026-01-15T21:35:42+00:00","dateModified":"2026-01-19T21:01:21+00:00","breadcrumb":{"@id":"https:\/\/iai.int\/es\/centro-de-diplomacia-cientifica\/nodo-de-conocimiento\/publicaciones\/#breadcrumb"},"inLanguage":"es","potentialAction":[{"@type":"ReadAction","target":["https:\/\/iai.int\/es\/centro-de-diplomacia-cientifica\/nodo-de-conocimiento\/publicaciones\/"]}]},{"@type":"ImageObject","inLanguage":"es","@id":"https:\/\/iai.int\/es\/centro-de-diplomacia-cientifica\/nodo-de-conocimiento\/publicaciones\/#primaryimage","url":"https:\/\/iai.int\/wp-content\/uploads\/2026\/01\/PUBLI-SP-1.png","contentUrl":"https:\/\/iai.int\/wp-content\/uploads\/2026\/01\/PUBLI-SP-1.png","width":1772,"height":551},{"@type":"BreadcrumbList","@id":"https:\/\/iai.int\/es\/centro-de-diplomacia-cientifica\/nodo-de-conocimiento\/publicaciones\/#breadcrumb","itemListElement":[{"@type":"ListItem","position":1,"name":"Portada","item":"https:\/\/iai.int\/es\/"},{"@type":"ListItem","position":2,"name":"Centro de Diplomacia Cient\u00edfica","item":"https:\/\/iai.int\/es\/centro-de-diplomacia-cientifica\/"},{"@type":"ListItem","position":3,"name":"Nodo de conocimiento","item":"https:\/\/iai.int\/es\/centro-de-diplomacia-cientifica\/nodo-de-conocimiento\/"},{"@type":"ListItem","position":4,"name":"PUBLICACIONES"}]},{"@type":"WebSite","@id":"https:\/\/iai.int\/es\/#website","url":"https:\/\/iai.int\/es\/","name":"IAI - Inter-American Institute for Global Change Research","description":"","publisher":{"@id":"https:\/\/iai.int\/es\/#organization"},"potentialAction":[{"@type":"SearchAction","target":{"@type":"EntryPoint","urlTemplate":"https:\/\/iai.int\/es\/?s={search_term_string}"},"query-input":{"@type":"PropertyValueSpecification","valueRequired":true,"valueName":"search_term_string"}}],"inLanguage":"es"},{"@type":"Organization","@id":"https:\/\/iai.int\/es\/#organization","name":"IAI - Inter-American Institute for Global Change Research","url":"https:\/\/iai.int\/es\/","logo":{"@type":"ImageObject","inLanguage":"es","@id":"https:\/\/iai.int\/es\/#\/schema\/logo\/image\/","url":"https:\/\/iai.int\/wp-content\/uploads\/2025\/11\/IAI-logo-English-scaled.png","contentUrl":"https:\/\/iai.int\/wp-content\/uploads\/2025\/11\/IAI-logo-English-scaled.png","width":2560,"height":985,"caption":"IAI - Inter-American Institute for Global Change Research"},"image":{"@id":"https:\/\/iai.int\/es\/#\/schema\/logo\/image\/"}}]}},"uagb_featured_image_src":{"full":["https:\/\/iai.int\/wp-content\/uploads\/2026\/01\/PUBLI-SP-1.png",1772,551,false],"thumbnail":["https:\/\/iai.int\/wp-content\/uploads\/2026\/01\/PUBLI-SP-1-150x150.png",150,150,true],"medium":["https:\/\/iai.int\/wp-content\/uploads\/2026\/01\/PUBLI-SP-1-300x93.png",300,93,true],"medium_large":["https:\/\/iai.int\/wp-content\/uploads\/2026\/01\/PUBLI-SP-1-768x239.png",768,239,true],"large":["https:\/\/iai.int\/wp-content\/uploads\/2026\/01\/PUBLI-SP-1-1024x318.png",800,248,true],"1536x1536":["https:\/\/iai.int\/wp-content\/uploads\/2026\/01\/PUBLI-SP-1-1536x478.png",1536,478,true],"2048x2048":["https:\/\/iai.int\/wp-content\/uploads\/2026\/01\/PUBLI-SP-1.png",1772,551,false]},"uagb_author_info":{"display_name":"IAI Communication","author_link":"https:\/\/iai.int\/es\/author\/iai-communication\/"},"uagb_comment_info":0,"uagb_excerpt":"T\u00edtulo: Participaci\u00f3n en comunidades de mujeres cient\u00edficas en Centroam\u00e9rica: implicaciones desde la perspectiva de la diplomacia cient\u00edfica Autor: Aquino K. Idioma: Ingl\u00e9s Palabras clave: Mujeres en STEM, comunidades cient\u00edficas, diplomacia cient\u00edfica Enlace: https:\/\/www.frontiersin.org\/journals\/research-metrics-and-analytics\/articles\/10.3389\/frma.2021.661508\/full T\u00edtulo: Relevancia de la Diplomacia Cient\u00edfica en la Construcci\u00f3n de Capacidades en CTI en Guatemala, El Salvador y Honduras Autor: Bonilla K.,&hellip;","_links":{"self":[{"href":"https:\/\/iai.int\/es\/wp-json\/wp\/v2\/pages\/13664","targetHints":{"allow":["GET"]}}],"collection":[{"href":"https:\/\/iai.int\/es\/wp-json\/wp\/v2\/pages"}],"about":[{"href":"https:\/\/iai.int\/es\/wp-json\/wp\/v2\/types\/page"}],"author":[{"embeddable":true,"href":"https:\/\/iai.int\/es\/wp-json\/wp\/v2\/users\/9"}],"replies":[{"embeddable":true,"href":"https:\/\/iai.int\/es\/wp-json\/wp\/v2\/comments?post=13664"}],"version-history":[{"count":12,"href":"https:\/\/iai.int\/es\/wp-json\/wp\/v2\/pages\/13664\/revisions"}],"predecessor-version":[{"id":14000,"href":"https:\/\/iai.int\/es\/wp-json\/wp\/v2\/pages\/13664\/revisions\/14000"}],"up":[{"embeddable":true,"href":"https:\/\/iai.int\/es\/wp-json\/wp\/v2\/pages\/13654"}],"wp:featuredmedia":[{"embeddable":true,"href":"https:\/\/iai.int\/es\/wp-json\/wp\/v2\/media\/14004"}],"wp:attachment":[{"href":"https:\/\/iai.int\/es\/wp-json\/wp\/v2\/media?parent=13664"}],"curies":[{"name":"wp","href":"https:\/\/api.w.org\/{rel}","templated":true}]}}