{"id":13654,"date":"2026-01-15T16:25:13","date_gmt":"2026-01-15T21:25:13","guid":{"rendered":"https:\/\/iai.int\/?page_id=13654"},"modified":"2026-01-19T15:51:39","modified_gmt":"2026-01-19T20:51:39","slug":"nodo-de-conocimiento","status":"publish","type":"page","link":"https:\/\/iai.int\/es\/centro-de-diplomacia-cientifica\/nodo-de-conocimiento\/","title":{"rendered":"Nodo de conocimiento"},"content":{"rendered":"\t\t<div data-elementor-type=\"wp-page\" data-elementor-id=\"13654\" class=\"elementor elementor-13654\" data-elementor-post-type=\"page\">\n\t\t\t\t<div class=\"elementor-element elementor-element-3f25e48 e-flex e-con-boxed e-con e-parent\" data-id=\"3f25e48\" data-element_type=\"container\" data-settings=\"{&quot;ekit_has_onepagescroll_dot&quot;:&quot;yes&quot;}\">\n\t\t\t\t\t<div class=\"e-con-inner\">\n\t\t\t\t<div class=\"elementor-element elementor-element-8bbb3e3 elementor-widget elementor-widget-text-editor\" data-id=\"8bbb3e3\" data-element_type=\"widget\" data-settings=\"{&quot;ekit_we_effect_on&quot;:&quot;none&quot;}\" data-widget_type=\"text-editor.default\">\n\t\t\t\t<div class=\"elementor-widget-container\">\n\t\t\t\t\t\t\t\t\t<h1><b>Use el buscador o explore las publicaciones y videos:<\/b><\/h1>\t\t\t\t\t\t\t\t<\/div>\n\t\t\t\t<\/div>\n\t\t\t\t<div class=\"elementor-element elementor-element-b333759 elementor-widget elementor-widget-spacer\" data-id=\"b333759\" data-element_type=\"widget\" data-settings=\"{&quot;ekit_we_effect_on&quot;:&quot;none&quot;}\" data-widget_type=\"spacer.default\">\n\t\t\t\t<div class=\"elementor-widget-container\">\n\t\t\t\t\t\t\t<div class=\"elementor-spacer\">\n\t\t\t<div class=\"elementor-spacer-inner\"><\/div>\n\t\t<\/div>\n\t\t\t\t\t\t<\/div>\n\t\t\t\t<\/div>\n\t\t\t\t\t<\/div>\n\t\t\t\t<\/div>\n\t\t<div class=\"elementor-element elementor-element-5edf295 e-flex e-con-boxed e-con e-parent\" data-id=\"5edf295\" data-element_type=\"container\" data-settings=\"{&quot;ekit_has_onepagescroll_dot&quot;:&quot;yes&quot;}\">\n\t\t\t\t\t<div class=\"e-con-inner\">\n\t\t\t\t\t<\/div>\n\t\t\t\t<\/div>\n\t\t<div class=\"elementor-element elementor-element-4f78ebf e-flex e-con-boxed e-con e-parent\" data-id=\"4f78ebf\" data-element_type=\"container\" data-settings=\"{&quot;ekit_has_onepagescroll_dot&quot;:&quot;yes&quot;}\">\n\t\t\t\t\t<div class=\"e-con-inner\">\n\t\t\t\t<div class=\"elementor-element elementor-element-bcfee83 elementor-widget elementor-widget-elementskit-image-hover-effect\" data-id=\"bcfee83\" data-element_type=\"widget\" data-settings=\"{&quot;ekit_we_effect_on&quot;:&quot;none&quot;}\" data-widget_type=\"elementskit-image-hover-effect.default\">\n\t\t\t\t<div class=\"elementor-widget-container\">\n\t\t\t\t\t<div class=\"ekit-wid-con\" >\t\t\t<div class=\"ekit_image_hover ekit_image_zoom_in\">\n\t\t\t\t<img fetchpriority=\"high\" decoding=\"async\" width=\"1772\" height=\"551\" src=\"https:\/\/iai.int\/wp-content\/uploads\/2026\/01\/BUSCADOR-SP-1.png\" class=\"attachment-full size-full wp-image-14003\" alt=\"\" srcset=\"https:\/\/iai.int\/wp-content\/uploads\/2026\/01\/BUSCADOR-SP-1.png 1772w, https:\/\/iai.int\/wp-content\/uploads\/2026\/01\/BUSCADOR-SP-1-300x93.png 300w, https:\/\/iai.int\/wp-content\/uploads\/2026\/01\/BUSCADOR-SP-1-1024x318.png 1024w, https:\/\/iai.int\/wp-content\/uploads\/2026\/01\/BUSCADOR-SP-1-768x239.png 768w, https:\/\/iai.int\/wp-content\/uploads\/2026\/01\/BUSCADOR-SP-1-1536x478.png 1536w\" sizes=\"(max-width: 1772px) 100vw, 1772px\" \/>\t\t\t\t<div class=\"ekit_image_caption ekit_text_none  elementor-animation-shrink\">\n\t\t\t\t\t<h2 class=\"ekit_image_caption_title ekit_hover_show  \" data-settings=\"{&quot;_animation&quot;:&quot;&quot;}\">\n\t\t\t\t\t\tBUSCADOR\t\t\t\t\t<\/h2>\n\t\t\t\t\t<p class=\"ekit_image_caption_description   \" data-settings=\"{&quot;_animation&quot;:&quot;&quot;}\">\n\t\t\t\t\t\t\t\t\t\t\t<\/p>\n\t\t\t\t\t\t\n\t\t\t\t\t\t<a class=\"elementskit-btn ekit_image_caption_button   \" data-settings=\"{&quot;_animation&quot;:&quot;&quot;}\" href=\"https:\/\/iai.int\/centro-de-diplomacia-cientifica\/nodo-de-conocimiento\/buscador\/\" target=\"_blank\" rel=\"nofollow\">\n\t\t\t\t\t\t\tVer m\u00e1s\t\t\t\t\t\t<\/a>\t\t\n\t\t\t\t\t\t\t\t\t<\/div>\n\t\t\t<\/div>\n\t\t<\/div>\t\t\t\t<\/div>\n\t\t\t\t<\/div>\n\t\t\t\t<div class=\"elementor-element elementor-element-fa1d990 elementor-widget elementor-widget-elementskit-image-hover-effect\" data-id=\"fa1d990\" data-element_type=\"widget\" data-settings=\"{&quot;ekit_we_effect_on&quot;:&quot;none&quot;}\" data-widget_type=\"elementskit-image-hover-effect.default\">\n\t\t\t\t<div class=\"elementor-widget-container\">\n\t\t\t\t\t<div class=\"ekit-wid-con\" >\t\t\t<div class=\"ekit_image_hover ekit_image_zoom_in\">\n\t\t\t\t<img decoding=\"async\" width=\"1772\" height=\"551\" src=\"https:\/\/iai.int\/wp-content\/uploads\/2026\/01\/PUBLI-SP-1.png\" class=\"attachment-full size-full wp-image-14004\" alt=\"\" srcset=\"https:\/\/iai.int\/wp-content\/uploads\/2026\/01\/PUBLI-SP-1.png 1772w, https:\/\/iai.int\/wp-content\/uploads\/2026\/01\/PUBLI-SP-1-300x93.png 300w, https:\/\/iai.int\/wp-content\/uploads\/2026\/01\/PUBLI-SP-1-1024x318.png 1024w, https:\/\/iai.int\/wp-content\/uploads\/2026\/01\/PUBLI-SP-1-768x239.png 768w, https:\/\/iai.int\/wp-content\/uploads\/2026\/01\/PUBLI-SP-1-1536x478.png 1536w\" sizes=\"(max-width: 1772px) 100vw, 1772px\" \/>\t\t\t\t<div class=\"ekit_image_caption ekit_text_none  elementor-animation-shrink\">\n\t\t\t\t\t<h2 class=\"ekit_image_caption_title ekit_hover_show  \" data-settings=\"{&quot;_animation&quot;:&quot;&quot;}\">\n\t\t\t\t\t\tPublicaciones\t\t\t\t\t<\/h2>\n\t\t\t\t\t<p class=\"ekit_image_caption_description   \" data-settings=\"{&quot;_animation&quot;:&quot;&quot;}\">\n\t\t\t\t\t\t\t\t\t\t\t<\/p>\n\t\t\t\t\t\t\n\t\t\t\t\t\t<a class=\"elementskit-btn ekit_image_caption_button   \" data-settings=\"{&quot;_animation&quot;:&quot;&quot;}\" href=\"https:\/\/iai.int\/es\/centro-de-diplomacia-cientifica\/nodo-de-conocimiento\/publicaciones\/\" target=\"_blank\" rel=\"nofollow\">\n\t\t\t\t\t\t\tVer m\u00e1s\t\t\t\t\t\t<\/a>\t\t\n\t\t\t\t\t\t\t\t\t<\/div>\n\t\t\t<\/div>\n\t\t<\/div>\t\t\t\t<\/div>\n\t\t\t\t<\/div>\n\t\t\t\t<div class=\"elementor-element elementor-element-f340e73 elementor-widget elementor-widget-elementskit-image-hover-effect\" data-id=\"f340e73\" data-element_type=\"widget\" data-settings=\"{&quot;ekit_we_effect_on&quot;:&quot;none&quot;}\" data-widget_type=\"elementskit-image-hover-effect.default\">\n\t\t\t\t<div class=\"elementor-widget-container\">\n\t\t\t\t\t<div class=\"ekit-wid-con\" >\t\t\t<div class=\"ekit_image_hover ekit_image_zoom_in\">\n\t\t\t\t<img decoding=\"async\" width=\"1772\" height=\"551\" src=\"https:\/\/iai.int\/wp-content\/uploads\/2026\/01\/VIDEOS-SP.png\" class=\"attachment-full size-full wp-image-14005\" alt=\"\" srcset=\"https:\/\/iai.int\/wp-content\/uploads\/2026\/01\/VIDEOS-SP.png 1772w, https:\/\/iai.int\/wp-content\/uploads\/2026\/01\/VIDEOS-SP-300x93.png 300w, https:\/\/iai.int\/wp-content\/uploads\/2026\/01\/VIDEOS-SP-1024x318.png 1024w, https:\/\/iai.int\/wp-content\/uploads\/2026\/01\/VIDEOS-SP-768x239.png 768w, https:\/\/iai.int\/wp-content\/uploads\/2026\/01\/VIDEOS-SP-1536x478.png 1536w\" sizes=\"(max-width: 1772px) 100vw, 1772px\" \/>\t\t\t\t<div class=\"ekit_image_caption ekit_text_none  elementor-animation-shrink\">\n\t\t\t\t\t<h2 class=\"ekit_image_caption_title ekit_hover_show  \" data-settings=\"{&quot;_animation&quot;:&quot;&quot;}\">\n\t\t\t\t\t\tVIDEOS\t\t\t\t\t<\/h2>\n\t\t\t\t\t<p class=\"ekit_image_caption_description   \" data-settings=\"{&quot;_animation&quot;:&quot;&quot;}\">\n\t\t\t\t\t\t\t\t\t\t\t<\/p>\n\t\t\t\t\t\t\n\t\t\t\t\t\t<a class=\"elementskit-btn ekit_image_caption_button   \" data-settings=\"{&quot;_animation&quot;:&quot;&quot;}\" href=\"https:\/\/iai.int\/es\/centro-de-diplomacia-cientifica\/nodo-de-conocimiento\/videos\/\" target=\"_blank\" rel=\"nofollow\">\n\t\t\t\t\t\t\tVer m\u00e1s\t\t\t\t\t\t<\/a>\t\t\n\t\t\t\t\t\t\t\t\t<\/div>\n\t\t\t<\/div>\n\t\t<\/div>\t\t\t\t<\/div>\n\t\t\t\t<\/div>\n\t\t\t\t<div class=\"elementor-element elementor-element-1eb4ca6 elementor-widget elementor-widget-spacer\" data-id=\"1eb4ca6\" data-element_type=\"widget\" data-settings=\"{&quot;ekit_we_effect_on&quot;:&quot;none&quot;}\" data-widget_type=\"spacer.default\">\n\t\t\t\t<div class=\"elementor-widget-container\">\n\t\t\t\t\t\t\t<div class=\"elementor-spacer\">\n\t\t\t<div class=\"elementor-spacer-inner\"><\/div>\n\t\t<\/div>\n\t\t\t\t\t\t<\/div>\n\t\t\t\t<\/div>\n\t\t\t\t<div class=\"elementor-element elementor-element-f694d2d elementor-widget elementor-widget-text-editor\" data-id=\"f694d2d\" data-element_type=\"widget\" data-settings=\"{&quot;ekit_we_effect_on&quot;:&quot;none&quot;}\" data-widget_type=\"text-editor.default\">\n\t\t\t\t<div class=\"elementor-widget-container\">\n\t\t\t\t\t\t\t\t\t<h5><strong><a href=\"https:\/\/iai.int\/es\/centro-de-diplomacia-cientifica\/\">Regresar al Centro de Diplomacia Cient\u00edfica<\/a><\/strong><\/h5>\t\t\t\t\t\t\t\t<\/div>\n\t\t\t\t<\/div>\n\t\t\t\t\t<\/div>\n\t\t\t\t<\/div>\n\t\t\t\t<\/div>\n\t\t","protected":false},"excerpt":{"rendered":"<p>Use el buscador o explore las publicaciones y videos: BUSCADOR Ver m\u00e1s Publicaciones Ver m\u00e1s VIDEOS Ver m\u00e1s Regresar al Centro de Diplomacia Cient\u00edfica<\/p>\n","protected":false},"author":9,"featured_media":13684,"parent":370,"menu_order":0,"comment_status":"closed","ping_status":"closed","template":"","meta":{"_acf_changed":false,"_uag_custom_page_level_css":"","footnotes":""},"class_list":["post-13654","page","type-page","status-publish","has-post-thumbnail","hentry"],"acf":[],"yoast_head":"<!-- This site is optimized with the Yoast SEO plugin v27.3 - https:\/\/yoast.com\/product\/yoast-seo-wordpress\/ -->\n<title>Nodo de conocimiento - IAI - Inter-American Institute for Global Change Research<\/title>\n<meta name=\"robots\" content=\"index, follow, max-snippet:-1, max-image-preview:large, max-video-preview:-1\" \/>\n<link rel=\"canonical\" href=\"https:\/\/iai.int\/es\/centro-de-diplomacia-cientifica\/nodo-de-conocimiento\/\" \/>\n<meta property=\"og:locale\" content=\"es_ES\" \/>\n<meta property=\"og:type\" content=\"article\" \/>\n<meta property=\"og:title\" content=\"Nodo de conocimiento - IAI - Inter-American Institute for Global Change Research\" \/>\n<meta property=\"og:description\" content=\"Use el buscador o explore las publicaciones y videos: BUSCADOR Ver m\u00e1s Publicaciones Ver m\u00e1s VIDEOS Ver m\u00e1s Regresar al Centro de Diplomacia Cient\u00edfica\" \/>\n<meta property=\"og:url\" content=\"https:\/\/iai.int\/es\/centro-de-diplomacia-cientifica\/nodo-de-conocimiento\/\" \/>\n<meta property=\"og:site_name\" content=\"IAI - Inter-American Institute for Global Change Research\" \/>\n<meta property=\"article:modified_time\" content=\"2026-01-19T20:51:39+00:00\" \/>\n<meta property=\"og:image\" content=\"https:\/\/iai.int\/wp-content\/uploads\/2026\/01\/banners-otros-3.png\" \/>\n\t<meta property=\"og:image:width\" content=\"1772\" \/>\n\t<meta property=\"og:image:height\" content=\"551\" \/>\n\t<meta property=\"og:image:type\" content=\"image\/png\" \/>\n<meta name=\"twitter:card\" content=\"summary_large_image\" \/>\n<script type=\"application\/ld+json\" class=\"yoast-schema-graph\">{\"@context\":\"https:\\\/\\\/schema.org\",\"@graph\":[{\"@type\":\"WebPage\",\"@id\":\"https:\\\/\\\/iai.int\\\/es\\\/centro-de-diplomacia-cientifica\\\/nodo-de-conocimiento\\\/\",\"url\":\"https:\\\/\\\/iai.int\\\/es\\\/centro-de-diplomacia-cientifica\\\/nodo-de-conocimiento\\\/\",\"name\":\"Nodo de conocimiento - IAI - Inter-American Institute for Global Change Research\",\"isPartOf\":{\"@id\":\"https:\\\/\\\/iai.int\\\/es\\\/#website\"},\"primaryImageOfPage\":{\"@id\":\"https:\\\/\\\/iai.int\\\/es\\\/centro-de-diplomacia-cientifica\\\/nodo-de-conocimiento\\\/#primaryimage\"},\"image\":{\"@id\":\"https:\\\/\\\/iai.int\\\/es\\\/centro-de-diplomacia-cientifica\\\/nodo-de-conocimiento\\\/#primaryimage\"},\"thumbnailUrl\":\"https:\\\/\\\/iai.int\\\/wp-content\\\/uploads\\\/2026\\\/01\\\/banners-otros-3.png\",\"datePublished\":\"2026-01-15T21:25:13+00:00\",\"dateModified\":\"2026-01-19T20:51:39+00:00\",\"breadcrumb\":{\"@id\":\"https:\\\/\\\/iai.int\\\/es\\\/centro-de-diplomacia-cientifica\\\/nodo-de-conocimiento\\\/#breadcrumb\"},\"inLanguage\":\"es\",\"potentialAction\":[{\"@type\":\"ReadAction\",\"target\":[\"https:\\\/\\\/iai.int\\\/es\\\/centro-de-diplomacia-cientifica\\\/nodo-de-conocimiento\\\/\"]}]},{\"@type\":\"ImageObject\",\"inLanguage\":\"es\",\"@id\":\"https:\\\/\\\/iai.int\\\/es\\\/centro-de-diplomacia-cientifica\\\/nodo-de-conocimiento\\\/#primaryimage\",\"url\":\"https:\\\/\\\/iai.int\\\/wp-content\\\/uploads\\\/2026\\\/01\\\/banners-otros-3.png\",\"contentUrl\":\"https:\\\/\\\/iai.int\\\/wp-content\\\/uploads\\\/2026\\\/01\\\/banners-otros-3.png\",\"width\":1772,\"height\":551},{\"@type\":\"BreadcrumbList\",\"@id\":\"https:\\\/\\\/iai.int\\\/es\\\/centro-de-diplomacia-cientifica\\\/nodo-de-conocimiento\\\/#breadcrumb\",\"itemListElement\":[{\"@type\":\"ListItem\",\"position\":1,\"name\":\"Portada\",\"item\":\"https:\\\/\\\/iai.int\\\/es\\\/\"},{\"@type\":\"ListItem\",\"position\":2,\"name\":\"Centro de Diplomacia Cient\u00edfica\",\"item\":\"https:\\\/\\\/iai.int\\\/es\\\/centro-de-diplomacia-cientifica\\\/\"},{\"@type\":\"ListItem\",\"position\":3,\"name\":\"Nodo de conocimiento\"}]},{\"@type\":\"WebSite\",\"@id\":\"https:\\\/\\\/iai.int\\\/es\\\/#website\",\"url\":\"https:\\\/\\\/iai.int\\\/es\\\/\",\"name\":\"IAI - Inter-American Institute for Global Change Research\",\"description\":\"\",\"publisher\":{\"@id\":\"https:\\\/\\\/iai.int\\\/es\\\/#organization\"},\"potentialAction\":[{\"@type\":\"SearchAction\",\"target\":{\"@type\":\"EntryPoint\",\"urlTemplate\":\"https:\\\/\\\/iai.int\\\/es\\\/?s={search_term_string}\"},\"query-input\":{\"@type\":\"PropertyValueSpecification\",\"valueRequired\":true,\"valueName\":\"search_term_string\"}}],\"inLanguage\":\"es\"},{\"@type\":\"Organization\",\"@id\":\"https:\\\/\\\/iai.int\\\/es\\\/#organization\",\"name\":\"IAI - Inter-American Institute for Global Change Research\",\"url\":\"https:\\\/\\\/iai.int\\\/es\\\/\",\"logo\":{\"@type\":\"ImageObject\",\"inLanguage\":\"es\",\"@id\":\"https:\\\/\\\/iai.int\\\/es\\\/#\\\/schema\\\/logo\\\/image\\\/\",\"url\":\"https:\\\/\\\/iai.int\\\/wp-content\\\/uploads\\\/2025\\\/11\\\/IAI-logo-English-scaled.png\",\"contentUrl\":\"https:\\\/\\\/iai.int\\\/wp-content\\\/uploads\\\/2025\\\/11\\\/IAI-logo-English-scaled.png\",\"width\":2560,\"height\":985,\"caption\":\"IAI - Inter-American Institute for Global Change Research\"},\"image\":{\"@id\":\"https:\\\/\\\/iai.int\\\/es\\\/#\\\/schema\\\/logo\\\/image\\\/\"}}]}<\/script>\n<!-- \/ Yoast SEO plugin. -->","yoast_head_json":{"title":"Nodo de conocimiento - IAI - Inter-American Institute for Global Change Research","robots":{"index":"index","follow":"follow","max-snippet":"max-snippet:-1","max-image-preview":"max-image-preview:large","max-video-preview":"max-video-preview:-1"},"canonical":"https:\/\/iai.int\/es\/centro-de-diplomacia-cientifica\/nodo-de-conocimiento\/","og_locale":"es_ES","og_type":"article","og_title":"Nodo de conocimiento - IAI - Inter-American Institute for Global Change Research","og_description":"Use el buscador o explore las publicaciones y videos: BUSCADOR Ver m\u00e1s Publicaciones Ver m\u00e1s VIDEOS Ver m\u00e1s Regresar al Centro de Diplomacia Cient\u00edfica","og_url":"https:\/\/iai.int\/es\/centro-de-diplomacia-cientifica\/nodo-de-conocimiento\/","og_site_name":"IAI - Inter-American Institute for Global Change Research","article_modified_time":"2026-01-19T20:51:39+00:00","og_image":[{"width":1772,"height":551,"url":"https:\/\/iai.int\/wp-content\/uploads\/2026\/01\/banners-otros-3.png","type":"image\/png"}],"twitter_card":"summary_large_image","schema":{"@context":"https:\/\/schema.org","@graph":[{"@type":"WebPage","@id":"https:\/\/iai.int\/es\/centro-de-diplomacia-cientifica\/nodo-de-conocimiento\/","url":"https:\/\/iai.int\/es\/centro-de-diplomacia-cientifica\/nodo-de-conocimiento\/","name":"Nodo de conocimiento - IAI - Inter-American Institute for Global Change Research","isPartOf":{"@id":"https:\/\/iai.int\/es\/#website"},"primaryImageOfPage":{"@id":"https:\/\/iai.int\/es\/centro-de-diplomacia-cientifica\/nodo-de-conocimiento\/#primaryimage"},"image":{"@id":"https:\/\/iai.int\/es\/centro-de-diplomacia-cientifica\/nodo-de-conocimiento\/#primaryimage"},"thumbnailUrl":"https:\/\/iai.int\/wp-content\/uploads\/2026\/01\/banners-otros-3.png","datePublished":"2026-01-15T21:25:13+00:00","dateModified":"2026-01-19T20:51:39+00:00","breadcrumb":{"@id":"https:\/\/iai.int\/es\/centro-de-diplomacia-cientifica\/nodo-de-conocimiento\/#breadcrumb"},"inLanguage":"es","potentialAction":[{"@type":"ReadAction","target":["https:\/\/iai.int\/es\/centro-de-diplomacia-cientifica\/nodo-de-conocimiento\/"]}]},{"@type":"ImageObject","inLanguage":"es","@id":"https:\/\/iai.int\/es\/centro-de-diplomacia-cientifica\/nodo-de-conocimiento\/#primaryimage","url":"https:\/\/iai.int\/wp-content\/uploads\/2026\/01\/banners-otros-3.png","contentUrl":"https:\/\/iai.int\/wp-content\/uploads\/2026\/01\/banners-otros-3.png","width":1772,"height":551},{"@type":"BreadcrumbList","@id":"https:\/\/iai.int\/es\/centro-de-diplomacia-cientifica\/nodo-de-conocimiento\/#breadcrumb","itemListElement":[{"@type":"ListItem","position":1,"name":"Portada","item":"https:\/\/iai.int\/es\/"},{"@type":"ListItem","position":2,"name":"Centro de Diplomacia Cient\u00edfica","item":"https:\/\/iai.int\/es\/centro-de-diplomacia-cientifica\/"},{"@type":"ListItem","position":3,"name":"Nodo de conocimiento"}]},{"@type":"WebSite","@id":"https:\/\/iai.int\/es\/#website","url":"https:\/\/iai.int\/es\/","name":"IAI - Inter-American Institute for Global Change Research","description":"","publisher":{"@id":"https:\/\/iai.int\/es\/#organization"},"potentialAction":[{"@type":"SearchAction","target":{"@type":"EntryPoint","urlTemplate":"https:\/\/iai.int\/es\/?s={search_term_string}"},"query-input":{"@type":"PropertyValueSpecification","valueRequired":true,"valueName":"search_term_string"}}],"inLanguage":"es"},{"@type":"Organization","@id":"https:\/\/iai.int\/es\/#organization","name":"IAI - Inter-American Institute for Global Change Research","url":"https:\/\/iai.int\/es\/","logo":{"@type":"ImageObject","inLanguage":"es","@id":"https:\/\/iai.int\/es\/#\/schema\/logo\/image\/","url":"https:\/\/iai.int\/wp-content\/uploads\/2025\/11\/IAI-logo-English-scaled.png","contentUrl":"https:\/\/iai.int\/wp-content\/uploads\/2025\/11\/IAI-logo-English-scaled.png","width":2560,"height":985,"caption":"IAI - Inter-American Institute for Global Change Research"},"image":{"@id":"https:\/\/iai.int\/es\/#\/schema\/logo\/image\/"}}]}},"uagb_featured_image_src":{"full":["https:\/\/iai.int\/wp-content\/uploads\/2026\/01\/banners-otros-3.png",1772,551,false],"thumbnail":["https:\/\/iai.int\/wp-content\/uploads\/2026\/01\/banners-otros-3-150x150.png",150,150,true],"medium":["https:\/\/iai.int\/wp-content\/uploads\/2026\/01\/banners-otros-3-300x93.png",300,93,true],"medium_large":["https:\/\/iai.int\/wp-content\/uploads\/2026\/01\/banners-otros-3-768x239.png",768,239,true],"large":["https:\/\/iai.int\/wp-content\/uploads\/2026\/01\/banners-otros-3-1024x318.png",800,248,true],"1536x1536":["https:\/\/iai.int\/wp-content\/uploads\/2026\/01\/banners-otros-3-1536x478.png",1536,478,true],"2048x2048":["https:\/\/iai.int\/wp-content\/uploads\/2026\/01\/banners-otros-3.png",1772,551,false]},"uagb_author_info":{"display_name":"IAI Communication","author_link":"https:\/\/iai.int\/es\/author\/iai-communication\/"},"uagb_comment_info":0,"uagb_excerpt":"Use el buscador o explore las publicaciones y videos: BUSCADOR Ver m\u00e1s Publicaciones Ver m\u00e1s VIDEOS Ver m\u00e1s Regresar al Centro de Diplomacia Cient\u00edfica","_links":{"self":[{"href":"https:\/\/iai.int\/es\/wp-json\/wp\/v2\/pages\/13654","targetHints":{"allow":["GET"]}}],"collection":[{"href":"https:\/\/iai.int\/es\/wp-json\/wp\/v2\/pages"}],"about":[{"href":"https:\/\/iai.int\/es\/wp-json\/wp\/v2\/types\/page"}],"author":[{"embeddable":true,"href":"https:\/\/iai.int\/es\/wp-json\/wp\/v2\/users\/9"}],"replies":[{"embeddable":true,"href":"https:\/\/iai.int\/es\/wp-json\/wp\/v2\/comments?post=13654"}],"version-history":[{"count":33,"href":"https:\/\/iai.int\/es\/wp-json\/wp\/v2\/pages\/13654\/revisions"}],"predecessor-version":[{"id":14008,"href":"https:\/\/iai.int\/es\/wp-json\/wp\/v2\/pages\/13654\/revisions\/14008"}],"up":[{"embeddable":true,"href":"https:\/\/iai.int\/es\/wp-json\/wp\/v2\/pages\/370"}],"wp:featuredmedia":[{"embeddable":true,"href":"https:\/\/iai.int\/es\/wp-json\/wp\/v2\/media\/13684"}],"wp:attachment":[{"href":"https:\/\/iai.int\/es\/wp-json\/wp\/v2\/media?parent=13654"}],"curies":[{"name":"wp","href":"https:\/\/api.w.org\/{rel}","templated":true}]}}