{"id":1346,"date":"2024-10-17T12:18:38","date_gmt":"2024-10-17T15:18:38","guid":{"rendered":"https:\/\/iai.int\/?page_id=1346"},"modified":"2024-10-17T12:18:38","modified_gmt":"2024-10-17T15:18:38","slug":"documentacion-comprension-y-proyeccion-de-los-cambios-en-el-ciclo-hidrologico-de-la-cordillera-americana-sgp-cra-2047","status":"publish","type":"page","link":"https:\/\/iai.int\/es\/documentacion-comprension-y-proyeccion-de-los-cambios-en-el-ciclo-hidrologico-de-la-cordillera-americana-sgp-cra-2047\/","title":{"rendered":"Documentaci\u00f3n, comprensi\u00f3n y proyecci\u00f3n de los cambios en el ciclo hidrol\u00f3gico de la cordillera americana (SGP-CRA 2047)"},"content":{"rendered":"\n<figure class=\"wp-block-image\"><img decoding=\"async\" src=\"https:\/\/iai.int\/admin\/site\/sites\/default\/files\/uploads\/2014\/03\/spg_cra2047.jpg\" alt=\"spg_cra2047\" class=\"wp-image-4474\"\/><\/figure>\n\n\n\n<p><em><strong>Imagen 1:<\/strong>&nbsp;Bosque de Nothofagus pumilio devastado por el fuego en la Estancia Canig\u00f3, Patagonia.<br><strong>Imagen 2:<\/strong>&nbsp;Un ejemplar milenario de Austrocedrus chilensis estresado por la sequ\u00eda en los Andes del norte de la Patagonia,<br>Villalba et al., Nat Geosci., 5, (11), 793-798<br><strong>Imagen 3:<\/strong>&nbsp;Participantes de la primera reuni\u00f3n cient\u00edfica del SGP-CRA, Uspallata Argentina, 21-25 de abril de 2013.<\/em><\/p>\n\n\n\n<h3 class=\"wp-block-heading\">Informacion de Proyecto<\/h3>\n\n\n\n<p><strong>Investigador principal:<\/strong><br><em>Brian H. Luckman&nbsp;<\/em>(<a href=\"mailto:luckman@uwo.ca\">luckman@uwo.ca<\/a>)<br>Department of Geography, University of Western Ontario, Canad\u00e1.<\/p>\n\n\n\n<p><strong>Papers publicados:<\/strong><\/p>\n\n\n\n<p><a href=\"http:\/\/www.citeulike.org\/user\/IAI\/tag\/cra2047\" target=\"_blank\" rel=\"noreferrer noopener\">http:\/\/www.citeulike.org\/user\/IAI\/tag\/cra2047<\/a><\/p>\n\n\n\n<p>Este proyecto es continuaci\u00f3n del&nbsp;<a href=\"http:\/\/iai.int\/es\/meetings\/detail\/crn2047\" target=\"_blank\" rel=\"noreferrer noopener\">CRN 2047, que lleva el mismo t\u00edtulo.<\/a><\/p>\n\n\n\n<p><a href=\"https:\/\/iai.int\/es\/meetings\/detail\/documenting-understanding-and-projecting-changes-in-the-hydrological-cycle-in-the-american-cordillera-sgp-cra-2047#summary\">Resumen ejecutivo<\/a>&nbsp;<a href=\"https:\/\/iai.int\/es\/meetings\/detail\/documenting-understanding-and-projecting-changes-in-the-hydrological-cycle-in-the-american-cordillera-sgp-cra-2047#investigadores\">Investigadores<\/a>&nbsp;<a href=\"https:\/\/iai.int\/es\/meetings\/detail\/documenting-understanding-and-projecting-changes-in-the-hydrological-cycle-in-the-american-cordillera-sgp-cra-2047#students\">Estudiantes<\/a><\/p>\n\n\n\n<h3 class=\"wp-block-heading\" id=\"summary\">Resumen ejecutivo<\/h3>\n\n\n\n<p>El agua dulce es un recurso cada vez m\u00e1s escaso en el mundo m\u00e1s c\u00e1lido y poblado que resulta de los cambios globales. Las regiones monta\u00f1osas son fuente de gran parte del agua que sostiene a las comunidades de las regiones bajas y \u00e1ridas de las Am\u00e9ricas. Tambi\u00e9n proporcionan buenos archivos proxy de alta resoluci\u00f3n que documentan extensos registros de la variabilidad hidroclim\u00e1tica y las importantes interrelaciones entre la precipitaci\u00f3n, la escorrent\u00eda y las variables clim\u00e1ticas que controlan estos patrones en el tiempo. El proyecto estudia los cambios pasados y actuales en el hidroclima, la capa de nieve y los glaciares sobre la base de estudios de caso seleccionados en la cordillera americana en el oeste de Canad\u00e1, M\u00e9xico, el Altiplano y el sur de Am\u00e9rica del Su, utilizando datos de anillos de \u00e1rboles, precipitaci\u00f3n y caudales, estudios de glaciares y balances hidrol\u00f3gicos en escala de cuenca. Se estudian las causas, naturaleza y rango de la variabilidad hidroclim\u00e1tica en escalas de centurias a anuales, se ilustran los impactos de dichos cambios en la sociedad y se exploran las implicancias de los cambios para la gesti\u00f3n del agua en tierras bajas adyacentes en el futuro.<\/p>\n\n\n\n<p><strong>Objetivos<\/strong><br>Examinar y desarrollar datos contempor\u00e1neos y proxy del clima y la escorrent\u00eda y sus v\u00ednculos con las causas dominantes de la variabilidad del clima y los caudales (ENOS, ODP, OAA, etc.) en los \u00faltimos 300 a\u00f1os y evaluar si las series instrumentales son representativas de esa variabilidad en per\u00edodos m\u00e1s prolongados<\/p>\n\n\n\n<p>Documentar y modelar la p\u00e9rdida de masa de los glaciares y su aporte a los caudales en \u00e1reas seleccionadas<\/p>\n\n\n\n<p>Evaluar cambios futuros, modelados y proyectados, en la precipitaci\u00f3n y caudales para evaluar metodolog\u00edas para la evaluaci\u00f3n cuantitativa de los impactos ambientales regidos por el clima en los \u00faltimos 50-100 a\u00f1os<br>Evaluar, en conjunto con cient\u00edficos sociales y gerentes de recursos h\u00eddricos, el impacto de estos cambios en las actividades econ\u00f3micas y sociales y sus implicancias en los escenarios, pol\u00edticas y marcos institucionales futuros de la gesti\u00f3n del agua.<\/p>\n\n\n\n<p><strong>Actividades y resultados<\/strong><br>Las actividades cient\u00edficas incluyen el ensamble de bases de datos de caudales, registros clim\u00e1ticos fluctuaciones y balances de masa de glaciares en regiones seleccionadas; proyectos de monitoreo; desarrollo de cronolog\u00edas de anillos de \u00e1rboles y reconstrucciones de variables hidroclim\u00e1ticas (precipitaci\u00f3n, PDSI, caudal, etc); cursos de capacitaci\u00f3n; publicaciones y actividades de divulgaci\u00f3n.<\/p>\n\n\n\n<p>Entre los resultados se cuenta una reconstrucci\u00f3n de las sequ\u00edas (\u00cdndice de Severidad de Sequ\u00edas de Palmer, PDSI) para el centro de M\u00e9xico (771-2008), una reconstrucci\u00f3n de la precipitaci\u00f3n en el Altiplano boliviano (1226-2009), una reconstrucci\u00f3n anual regional de la capa de nieve en los Andes entre 30-37\u00b0S (1150-2010), y reconstrucciones de 300 a\u00f1os de 4 importantes r\u00edos que fluyen desde los Andes australes. Hemos reconstruido tambi\u00e9n la Oscilaci\u00f3n Ant\u00e1rtica (AAO o Modo Anular del Sur) entre 1409 y 2006.<\/p>\n\n\n\n<h3 class=\"wp-block-heading\" id=\"investigadores\">Investigador y agencia principales<\/h3>\n\n\n\n<p>Brian H. Luckman (<a href=\"mailto:luckman@uwo.ca\">luckman@uwo.ca<\/a>)<br>Department of Geography, University of Western Ontario, Canad\u00e1<\/p>\n\n\n\n<p><strong>Co-investigadores<\/strong><br>Jose Villanueva-Diaz (INIFAP, M\u00e9xico)<br>Ricardo Villalba (IANIGLA, Argentina)<br>Antonio Lara (Instituto de Silvicultura, Universidad Austral de Chile)<br>Juan Carlos Aravena (CEQUA, Chile)<br>James McPhee (Universidad de Chile)<br>y 14 Co-PIs<\/p>\n\n\n\n<h3 class=\"wp-block-heading\" id=\"students\">Estudiantes<\/h3>\n\n\n\n<p><em>Angela Bustos<\/em>, doctorado, Universidad Austral de Chile, Chile.<br><em>Claudia Guerrido<\/em>, doctorado, Universidad Austral de Chile, Chile.<br><em>Constanza Becerra<\/em>, maestr\u00eda, Universidad Austral de Chile, Chile.<br><em>Daniela Rodriguez<\/em>, grado, Universidad Austral de Chile, Chile.<br><em>Diego Aliste<\/em>, grado, Universidad Austral de Chile, Chile.<br><em>Gabriel Cardoza<\/em>, maestr\u00eda, Universidad Aut\u00f3noma de Nuevo Le\u00f3n, M\u00e9xico.<br><em>Karla Leal<\/em>, grado, Universidad Austral de Chile, Chile.<br><em>Lorenzo Palma<\/em>, maestr\u00eda, Universidad Nacional Aut\u00f3noma de M\u00e9xico,<br><em>Marcos Cortes<\/em>, doctorado, Universidad Austral de Chile, Chile.<br><em>Marcos Raul Radins<\/em>, maestr\u00eda, IANIGLA-CONICET, Argentina.<br><em>Mario Romero<\/em>, doctorado, Universidad Austral de Chile, Chile.<br><em>Mauricio Montriel<\/em>, maestr\u00eda, Universidad Austral de Chile, Chile.<br><em>Mauro Britos<\/em>, maestr\u00eda, IANIGLA-CONICET, Argentina.<br><em>Nayeli Cortes-barrera<\/em>, maestr\u00eda, Universidad Aut\u00f3noma de Tlaxcala, M\u00e9xico.<br><em>Omar Palacios<\/em>, maestr\u00eda, Universidad Aut\u00f3noma de Nuevo Le\u00f3n, M\u00e9xico.<br><em>Oscar Concha<\/em>, grado, Universidad Austral de Chile, Chile.<br><em>Pia Cardenas<\/em>, grado, Universidad Austral de Chile, Chile.<br><em>Prisma Ruiz<\/em>, grado, Universidad Aut\u00f3noma Metropolitana, M\u00e9xico.<br><em>Ren\u00e9 Reyes<\/em>, doctorado, Agrupaci\u00f3n de Ingenieros Forestales por el Bosque Nativo, Chile.<br><em>Teodoro<\/em>, doctorado, Universidad Nacional Aut\u00f3noma de M\u00e9xico, M\u00e9xico.<br><em>Yasna Salazar<\/em>, grado, Universidad Austral de Chile, Chile.<\/p>\n","protected":false},"excerpt":{"rendered":"<p>Imagen 1:&nbsp;Bosque de Nothofagus pumilio devastado por el fuego en la Estancia Canig\u00f3, Patagonia.Imagen 2:&nbsp;Un ejemplar milenario de Austrocedrus chilensis estresado por la sequ\u00eda en los Andes del norte de la Patagonia,Villalba et al., Nat Geosci., 5, (11), 793-798Imagen 3:&nbsp;Participantes de la primera reuni\u00f3n cient\u00edfica del SGP-CRA, Uspallata Argentina, 21-25 de abril de 2013. Informacion [&hellip;]<\/p>\n","protected":false},"author":1,"featured_media":0,"parent":0,"menu_order":0,"comment_status":"closed","ping_status":"closed","template":"","meta":{"_acf_changed":false,"_uag_custom_page_level_css":"","footnotes":""},"class_list":["post-1346","page","type-page","status-publish","hentry"],"acf":[],"yoast_head":"<!-- This site is optimized with the Yoast SEO plugin v27.3 - https:\/\/yoast.com\/product\/yoast-seo-wordpress\/ -->\n<title>Documentaci\u00f3n, comprensi\u00f3n y proyecci\u00f3n de los cambios en el ciclo hidrol\u00f3gico de la cordillera americana (SGP-CRA 2047) - IAI - Inter-American Institute for Global Change Research<\/title>\n<meta name=\"robots\" content=\"index, follow, max-snippet:-1, max-image-preview:large, max-video-preview:-1\" \/>\n<link rel=\"canonical\" href=\"https:\/\/iai.int\/es\/documentacion-comprension-y-proyeccion-de-los-cambios-en-el-ciclo-hidrologico-de-la-cordillera-americana-sgp-cra-2047\/\" \/>\n<meta property=\"og:locale\" content=\"es_ES\" \/>\n<meta property=\"og:type\" content=\"article\" \/>\n<meta property=\"og:title\" content=\"Documentaci\u00f3n, comprensi\u00f3n y proyecci\u00f3n de los cambios en el ciclo hidrol\u00f3gico de la cordillera americana (SGP-CRA 2047) - IAI - Inter-American Institute for Global Change Research\" \/>\n<meta property=\"og:description\" content=\"Imagen 1:&nbsp;Bosque de Nothofagus pumilio devastado por el fuego en la Estancia Canig\u00f3, Patagonia.Imagen 2:&nbsp;Un ejemplar milenario de Austrocedrus chilensis estresado por la sequ\u00eda en los Andes del norte de la Patagonia,Villalba et al., Nat Geosci., 5, (11), 793-798Imagen 3:&nbsp;Participantes de la primera reuni\u00f3n cient\u00edfica del SGP-CRA, Uspallata Argentina, 21-25 de abril de 2013. Informacion [&hellip;]\" \/>\n<meta property=\"og:url\" content=\"https:\/\/iai.int\/es\/documentacion-comprension-y-proyeccion-de-los-cambios-en-el-ciclo-hidrologico-de-la-cordillera-americana-sgp-cra-2047\/\" \/>\n<meta property=\"og:site_name\" content=\"IAI - Inter-American Institute for Global Change Research\" \/>\n<meta name=\"twitter:card\" content=\"summary_large_image\" \/>\n<meta name=\"twitter:label1\" content=\"Tiempo de lectura\" \/>\n\t<meta name=\"twitter:data1\" content=\"4 minutos\" \/>\n<script type=\"application\/ld+json\" class=\"yoast-schema-graph\">{\"@context\":\"https:\\\/\\\/schema.org\",\"@graph\":[{\"@type\":\"WebPage\",\"@id\":\"https:\\\/\\\/iai.int\\\/es\\\/documentacion-comprension-y-proyeccion-de-los-cambios-en-el-ciclo-hidrologico-de-la-cordillera-americana-sgp-cra-2047\\\/\",\"url\":\"https:\\\/\\\/iai.int\\\/es\\\/documentacion-comprension-y-proyeccion-de-los-cambios-en-el-ciclo-hidrologico-de-la-cordillera-americana-sgp-cra-2047\\\/\",\"name\":\"Documentaci\u00f3n, comprensi\u00f3n y proyecci\u00f3n de los cambios en el ciclo hidrol\u00f3gico de la cordillera americana (SGP-CRA 2047) - IAI - Inter-American Institute for Global Change Research\",\"isPartOf\":{\"@id\":\"https:\\\/\\\/iai.int\\\/es\\\/#website\"},\"primaryImageOfPage\":{\"@id\":\"https:\\\/\\\/iai.int\\\/es\\\/documentacion-comprension-y-proyeccion-de-los-cambios-en-el-ciclo-hidrologico-de-la-cordillera-americana-sgp-cra-2047\\\/#primaryimage\"},\"image\":{\"@id\":\"https:\\\/\\\/iai.int\\\/es\\\/documentacion-comprension-y-proyeccion-de-los-cambios-en-el-ciclo-hidrologico-de-la-cordillera-americana-sgp-cra-2047\\\/#primaryimage\"},\"thumbnailUrl\":\"https:\\\/\\\/iai.int\\\/admin\\\/site\\\/sites\\\/default\\\/files\\\/uploads\\\/2014\\\/03\\\/spg_cra2047.jpg\",\"datePublished\":\"2024-10-17T15:18:38+00:00\",\"breadcrumb\":{\"@id\":\"https:\\\/\\\/iai.int\\\/es\\\/documentacion-comprension-y-proyeccion-de-los-cambios-en-el-ciclo-hidrologico-de-la-cordillera-americana-sgp-cra-2047\\\/#breadcrumb\"},\"inLanguage\":\"es\",\"potentialAction\":[{\"@type\":\"ReadAction\",\"target\":[\"https:\\\/\\\/iai.int\\\/es\\\/documentacion-comprension-y-proyeccion-de-los-cambios-en-el-ciclo-hidrologico-de-la-cordillera-americana-sgp-cra-2047\\\/\"]}]},{\"@type\":\"ImageObject\",\"inLanguage\":\"es\",\"@id\":\"https:\\\/\\\/iai.int\\\/es\\\/documentacion-comprension-y-proyeccion-de-los-cambios-en-el-ciclo-hidrologico-de-la-cordillera-americana-sgp-cra-2047\\\/#primaryimage\",\"url\":\"https:\\\/\\\/iai.int\\\/admin\\\/site\\\/sites\\\/default\\\/files\\\/uploads\\\/2014\\\/03\\\/spg_cra2047.jpg\",\"contentUrl\":\"https:\\\/\\\/iai.int\\\/admin\\\/site\\\/sites\\\/default\\\/files\\\/uploads\\\/2014\\\/03\\\/spg_cra2047.jpg\"},{\"@type\":\"BreadcrumbList\",\"@id\":\"https:\\\/\\\/iai.int\\\/es\\\/documentacion-comprension-y-proyeccion-de-los-cambios-en-el-ciclo-hidrologico-de-la-cordillera-americana-sgp-cra-2047\\\/#breadcrumb\",\"itemListElement\":[{\"@type\":\"ListItem\",\"position\":1,\"name\":\"Portada\",\"item\":\"https:\\\/\\\/iai.int\\\/es\\\/\"},{\"@type\":\"ListItem\",\"position\":2,\"name\":\"Documentaci\u00f3n, comprensi\u00f3n y proyecci\u00f3n de los cambios en el ciclo hidrol\u00f3gico de la cordillera americana (SGP-CRA 2047)\"}]},{\"@type\":\"WebSite\",\"@id\":\"https:\\\/\\\/iai.int\\\/es\\\/#website\",\"url\":\"https:\\\/\\\/iai.int\\\/es\\\/\",\"name\":\"IAI - Inter-American Institute for Global Change Research\",\"description\":\"\",\"publisher\":{\"@id\":\"https:\\\/\\\/iai.int\\\/es\\\/#organization\"},\"potentialAction\":[{\"@type\":\"SearchAction\",\"target\":{\"@type\":\"EntryPoint\",\"urlTemplate\":\"https:\\\/\\\/iai.int\\\/es\\\/?s={search_term_string}\"},\"query-input\":{\"@type\":\"PropertyValueSpecification\",\"valueRequired\":true,\"valueName\":\"search_term_string\"}}],\"inLanguage\":\"es\"},{\"@type\":\"Organization\",\"@id\":\"https:\\\/\\\/iai.int\\\/es\\\/#organization\",\"name\":\"IAI - Inter-American Institute for Global Change Research\",\"url\":\"https:\\\/\\\/iai.int\\\/es\\\/\",\"logo\":{\"@type\":\"ImageObject\",\"inLanguage\":\"es\",\"@id\":\"https:\\\/\\\/iai.int\\\/es\\\/#\\\/schema\\\/logo\\\/image\\\/\",\"url\":\"https:\\\/\\\/iai.int\\\/wp-content\\\/uploads\\\/2025\\\/11\\\/IAI-logo-English-scaled.png\",\"contentUrl\":\"https:\\\/\\\/iai.int\\\/wp-content\\\/uploads\\\/2025\\\/11\\\/IAI-logo-English-scaled.png\",\"width\":2560,\"height\":985,\"caption\":\"IAI - Inter-American Institute for Global Change Research\"},\"image\":{\"@id\":\"https:\\\/\\\/iai.int\\\/es\\\/#\\\/schema\\\/logo\\\/image\\\/\"}}]}<\/script>\n<!-- \/ Yoast SEO plugin. -->","yoast_head_json":{"title":"Documentaci\u00f3n, comprensi\u00f3n y proyecci\u00f3n de los cambios en el ciclo hidrol\u00f3gico de la cordillera americana (SGP-CRA 2047) - IAI - Inter-American Institute for Global Change Research","robots":{"index":"index","follow":"follow","max-snippet":"max-snippet:-1","max-image-preview":"max-image-preview:large","max-video-preview":"max-video-preview:-1"},"canonical":"https:\/\/iai.int\/es\/documentacion-comprension-y-proyeccion-de-los-cambios-en-el-ciclo-hidrologico-de-la-cordillera-americana-sgp-cra-2047\/","og_locale":"es_ES","og_type":"article","og_title":"Documentaci\u00f3n, comprensi\u00f3n y proyecci\u00f3n de los cambios en el ciclo hidrol\u00f3gico de la cordillera americana (SGP-CRA 2047) - IAI - Inter-American Institute for Global Change Research","og_description":"Imagen 1:&nbsp;Bosque de Nothofagus pumilio devastado por el fuego en la Estancia Canig\u00f3, Patagonia.Imagen 2:&nbsp;Un ejemplar milenario de Austrocedrus chilensis estresado por la sequ\u00eda en los Andes del norte de la Patagonia,Villalba et al., Nat Geosci., 5, (11), 793-798Imagen 3:&nbsp;Participantes de la primera reuni\u00f3n cient\u00edfica del SGP-CRA, Uspallata Argentina, 21-25 de abril de 2013. Informacion [&hellip;]","og_url":"https:\/\/iai.int\/es\/documentacion-comprension-y-proyeccion-de-los-cambios-en-el-ciclo-hidrologico-de-la-cordillera-americana-sgp-cra-2047\/","og_site_name":"IAI - Inter-American Institute for Global Change Research","twitter_card":"summary_large_image","twitter_misc":{"Tiempo de lectura":"4 minutos"},"schema":{"@context":"https:\/\/schema.org","@graph":[{"@type":"WebPage","@id":"https:\/\/iai.int\/es\/documentacion-comprension-y-proyeccion-de-los-cambios-en-el-ciclo-hidrologico-de-la-cordillera-americana-sgp-cra-2047\/","url":"https:\/\/iai.int\/es\/documentacion-comprension-y-proyeccion-de-los-cambios-en-el-ciclo-hidrologico-de-la-cordillera-americana-sgp-cra-2047\/","name":"Documentaci\u00f3n, comprensi\u00f3n y proyecci\u00f3n de los cambios en el ciclo hidrol\u00f3gico de la cordillera americana (SGP-CRA 2047) - IAI - Inter-American Institute for Global Change Research","isPartOf":{"@id":"https:\/\/iai.int\/es\/#website"},"primaryImageOfPage":{"@id":"https:\/\/iai.int\/es\/documentacion-comprension-y-proyeccion-de-los-cambios-en-el-ciclo-hidrologico-de-la-cordillera-americana-sgp-cra-2047\/#primaryimage"},"image":{"@id":"https:\/\/iai.int\/es\/documentacion-comprension-y-proyeccion-de-los-cambios-en-el-ciclo-hidrologico-de-la-cordillera-americana-sgp-cra-2047\/#primaryimage"},"thumbnailUrl":"https:\/\/iai.int\/admin\/site\/sites\/default\/files\/uploads\/2014\/03\/spg_cra2047.jpg","datePublished":"2024-10-17T15:18:38+00:00","breadcrumb":{"@id":"https:\/\/iai.int\/es\/documentacion-comprension-y-proyeccion-de-los-cambios-en-el-ciclo-hidrologico-de-la-cordillera-americana-sgp-cra-2047\/#breadcrumb"},"inLanguage":"es","potentialAction":[{"@type":"ReadAction","target":["https:\/\/iai.int\/es\/documentacion-comprension-y-proyeccion-de-los-cambios-en-el-ciclo-hidrologico-de-la-cordillera-americana-sgp-cra-2047\/"]}]},{"@type":"ImageObject","inLanguage":"es","@id":"https:\/\/iai.int\/es\/documentacion-comprension-y-proyeccion-de-los-cambios-en-el-ciclo-hidrologico-de-la-cordillera-americana-sgp-cra-2047\/#primaryimage","url":"https:\/\/iai.int\/admin\/site\/sites\/default\/files\/uploads\/2014\/03\/spg_cra2047.jpg","contentUrl":"https:\/\/iai.int\/admin\/site\/sites\/default\/files\/uploads\/2014\/03\/spg_cra2047.jpg"},{"@type":"BreadcrumbList","@id":"https:\/\/iai.int\/es\/documentacion-comprension-y-proyeccion-de-los-cambios-en-el-ciclo-hidrologico-de-la-cordillera-americana-sgp-cra-2047\/#breadcrumb","itemListElement":[{"@type":"ListItem","position":1,"name":"Portada","item":"https:\/\/iai.int\/es\/"},{"@type":"ListItem","position":2,"name":"Documentaci\u00f3n, comprensi\u00f3n y proyecci\u00f3n de los cambios en el ciclo hidrol\u00f3gico de la cordillera americana (SGP-CRA 2047)"}]},{"@type":"WebSite","@id":"https:\/\/iai.int\/es\/#website","url":"https:\/\/iai.int\/es\/","name":"IAI - Inter-American Institute for Global Change Research","description":"","publisher":{"@id":"https:\/\/iai.int\/es\/#organization"},"potentialAction":[{"@type":"SearchAction","target":{"@type":"EntryPoint","urlTemplate":"https:\/\/iai.int\/es\/?s={search_term_string}"},"query-input":{"@type":"PropertyValueSpecification","valueRequired":true,"valueName":"search_term_string"}}],"inLanguage":"es"},{"@type":"Organization","@id":"https:\/\/iai.int\/es\/#organization","name":"IAI - Inter-American Institute for Global Change Research","url":"https:\/\/iai.int\/es\/","logo":{"@type":"ImageObject","inLanguage":"es","@id":"https:\/\/iai.int\/es\/#\/schema\/logo\/image\/","url":"https:\/\/iai.int\/wp-content\/uploads\/2025\/11\/IAI-logo-English-scaled.png","contentUrl":"https:\/\/iai.int\/wp-content\/uploads\/2025\/11\/IAI-logo-English-scaled.png","width":2560,"height":985,"caption":"IAI - Inter-American Institute for Global Change Research"},"image":{"@id":"https:\/\/iai.int\/es\/#\/schema\/logo\/image\/"}}]}},"uagb_featured_image_src":{"full":false,"thumbnail":false,"medium":false,"medium_large":false,"large":false,"1536x1536":false,"2048x2048":false},"uagb_author_info":{"display_name":"admin","author_link":"https:\/\/iai.int\/es\/author\/admin\/"},"uagb_comment_info":0,"uagb_excerpt":"Imagen 1:&nbsp;Bosque de Nothofagus pumilio devastado por el fuego en la Estancia Canig\u00f3, Patagonia.Imagen 2:&nbsp;Un ejemplar milenario de Austrocedrus chilensis estresado por la sequ\u00eda en los Andes del norte de la Patagonia,Villalba et al., Nat Geosci., 5, (11), 793-798Imagen 3:&nbsp;Participantes de la primera reuni\u00f3n cient\u00edfica del SGP-CRA, Uspallata Argentina, 21-25 de abril de 2013. Informacion&hellip;","_links":{"self":[{"href":"https:\/\/iai.int\/es\/wp-json\/wp\/v2\/pages\/1346","targetHints":{"allow":["GET"]}}],"collection":[{"href":"https:\/\/iai.int\/es\/wp-json\/wp\/v2\/pages"}],"about":[{"href":"https:\/\/iai.int\/es\/wp-json\/wp\/v2\/types\/page"}],"author":[{"embeddable":true,"href":"https:\/\/iai.int\/es\/wp-json\/wp\/v2\/users\/1"}],"replies":[{"embeddable":true,"href":"https:\/\/iai.int\/es\/wp-json\/wp\/v2\/comments?post=1346"}],"version-history":[{"count":1,"href":"https:\/\/iai.int\/es\/wp-json\/wp\/v2\/pages\/1346\/revisions"}],"predecessor-version":[{"id":1347,"href":"https:\/\/iai.int\/es\/wp-json\/wp\/v2\/pages\/1346\/revisions\/1347"}],"wp:attachment":[{"href":"https:\/\/iai.int\/es\/wp-json\/wp\/v2\/media?parent=1346"}],"curies":[{"name":"wp","href":"https:\/\/api.w.org\/{rel}","templated":true}]}}