{"id":12907,"date":"2026-01-08T13:18:55","date_gmt":"2026-01-08T18:18:55","guid":{"rendered":"https:\/\/iai.int\/?page_id=12907"},"modified":"2026-01-14T10:48:13","modified_gmt":"2026-01-14T15:48:13","slug":"1a-reunion-de-la-conferencia-de-las-partes","status":"publish","type":"page","link":"https:\/\/iai.int\/es\/1a-reunion-de-la-conferencia-de-las-partes\/","title":{"rendered":"1a reuni\u00f3n de la Conferencia de las Partes"},"content":{"rendered":"\n<h2 class=\"wp-block-heading\">12 al 14 de septiembre de 1994, Ciudad de M\u00e9xico, M\u00e9xico<\/h2>\n\n\n\n<p>Agenda (<a href=\"https:\/\/archive.iai.int\/admin\/site\/sites\/default\/files\/CoP-I_2.DD-Final-Agenda.pdf\" target=\"_blank\" rel=\"noreferrer noopener\">ingl\u00e9s<\/a>)<br>Asuntos de transici\u00f3n (<a href=\"https:\/\/archive.iai.int\/admin\/site\/sites\/default\/files\/CoP-I_9.WD-Transition-Issues-EN-SP.pdf\" target=\"_blank\" rel=\"noreferrer noopener\">ingl\u00e9s y espa\u00f1ol<\/a>)<br>Informe del Comit\u00e9 de Implmentaci\u00f3n (IAI\/IC) (<a href=\"https:\/\/archive.iai.int\/admin\/site\/sites\/default\/files\/IAI_IC-REPORT-IC_1.WD_.pdf\" target=\"_blank\" rel=\"noreferrer noopener\">ingl\u00e9s<\/a>)<br>Membres\u00eda del Comit\u00e9 de Implementaci\u00f3n (<a href=\"https:\/\/archive.iai.int\/admin\/site\/sites\/default\/files\/IAI_IC-REPORT-Appendix-III-IAI-Membership.pdf\" target=\"_blank\" rel=\"noreferrer noopener\">ingl\u00e9s<\/a>)<br>Proceso de selecci\u00f3n del Director Ejecutivo del IAI (<a href=\"https:\/\/archive.iai.int\/admin\/site\/sites\/default\/files\/Selection-Process-for-IAI-Director-1994.pdf\" target=\"_blank\" rel=\"noreferrer noopener\">ingl\u00e9s<\/a>)<br>Informe oficial sobre asuntos financieros (<a href=\"https:\/\/archive.iai.int\/admin\/site\/sites\/default\/files\/Cop1-IC_2.WD-White-Paper-on-Financial-Issues-ENSP.pdf\" target=\"_blank\" rel=\"noreferrer noopener\">ingl\u00e9s y espa\u00f1ol<\/a>)<br>Acuerdo para albergar la sede del IAI (<a href=\"https:\/\/archive.iai.int\/admin\/site\/sites\/default\/files\/Cop1-The-Headquarters-of-the-IAI_ES.pdf\" target=\"_blank\" rel=\"noreferrer noopener\">espa\u00f1ol<\/a>&nbsp;\u2013&nbsp;<a href=\"https:\/\/archive.iai.int\/admin\/site\/sites\/default\/files\/Cop1-The-Headquarters-of-the-IAI.pdf\" target=\"_blank\" rel=\"noreferrer noopener\">ingl\u00e9s<\/a>)<br>Declaraci\u00f3n sobre la pol\u00edtica de datos (<a href=\"https:\/\/archive.iai.int\/admin\/site\/sites\/default\/files\/Cop1-DATA-POLICY-STATEMENTS.pdf\" target=\"_blank\" rel=\"noreferrer noopener\">ingl\u00e9s<\/a>)<br>Reglamento de la CoP (<a href=\"https:\/\/archive.iai.int\/admin\/site\/sites\/default\/files\/CoP1-Standing-Rules-of-the-CoP_SP.pdf\" target=\"_blank\" rel=\"noreferrer noopener\">espa\u00f1ol<\/a>&nbsp;\u2013&nbsp;<a href=\"https:\/\/archive.iai.int\/admin\/site\/sites\/default\/files\/CoP1-Standing-Rules-of-the-CoP_EN.pdf\" target=\"_blank\" rel=\"noreferrer noopener\">ingl\u00e9s<\/a>)<br>Reglamento del CE (<a href=\"https:\/\/archive.iai.int\/admin\/site\/sites\/default\/files\/CoP1-Standing-Rules-of-the-EC_SP.pdf\" target=\"_blank\" rel=\"noreferrer noopener\">espa\u00f1ol<\/a>&nbsp;\u2013&nbsp;<a href=\"https:\/\/archive.iai.int\/admin\/site\/sites\/default\/files\/CoP1-Standing-Rules-of-the-EC_EN.pdf\" target=\"_blank\" rel=\"noreferrer noopener\">ingl\u00e9s<\/a>)<br>Recomendaci\u00f3n para modificar el reglamento del CE (<a href=\"https:\/\/archive.iai.int\/admin\/site\/sites\/default\/files\/CoP1-Recommendations-to-the-CoP-for-Modifications-to-the-EC-Rules-of-Procedure_ENSP.pdf\" target=\"_blank\" rel=\"noreferrer noopener\">ingl\u00e9s y espa\u00f1ol<\/a>)<\/p>\n\n\n\n<p>Informe de la misi\u00f3n del proyecto PNUD\/FMAM\/OMM Actividades regionales de cooperaci\u00f3n en apoyo a la investigaci\u00f3n sobre el cambio global en los pa\u00edses del IAI (<a href=\"https:\/\/archive.iai.int\/admin\/site\/sites\/default\/files\/uploads\/Cop1-Mission-Report-WMO_ES.pdf\">espa\u00f1ol<\/a>&nbsp;\u2013&nbsp;<a href=\"https:\/\/archive.iai.int\/admin\/site\/sites\/default\/files\/uploads\/Cop1-Mission-Report-WMO.pdf\">ingl\u00e9s<\/a>&nbsp;\u2013&nbsp;<a href=\"https:\/\/archive.iai.int\/admin\/site\/sites\/default\/files\/uploads\/Cop1-Mission-Report-Anexo.pdf\">Anexo<\/a>)<\/p>\n\n\n\n<p>Acta (<a href=\"https:\/\/archive.iai.int\/admin\/site\/sites\/default\/files\/1%C2%AA-reunio%CC%81n-de-la-CoP-del-IAI-minuta.pdf\" target=\"_blank\" rel=\"noreferrer noopener\">espa\u00f1ol<\/a>&nbsp;\u2013&nbsp;<a href=\"https:\/\/archive.iai.int\/admin\/site\/sites\/default\/files\/1st-meeting-of-the-CoP-of-the-IAI-summary.pdf\" target=\"_blank\" rel=\"noreferrer noopener\">ingl\u00e9s<\/a>)<br><a href=\"https:\/\/archive.iai.int\/admin\/site\/sites\/default\/files\/CoP-I_3.WD-Participants-List.pdf\" target=\"_blank\" rel=\"noreferrer noopener\">Lista de participantes<\/a><\/p>\n\n\n\n<p><a href=\"https:\/\/iai.int\/es\/reuniones-ec-y-cop\/\"><strong>Regresar a Reuniones EC y COP<\/strong><\/a><\/p>\n","protected":false},"excerpt":{"rendered":"<p>12 al 14 de septiembre de 1994, Ciudad de M\u00e9xico, M\u00e9xico Agenda (ingl\u00e9s)Asuntos de transici\u00f3n (ingl\u00e9s y espa\u00f1ol)Informe del Comit\u00e9 de Implmentaci\u00f3n (IAI\/IC) (ingl\u00e9s)Membres\u00eda del Comit\u00e9 de Implementaci\u00f3n (ingl\u00e9s)Proceso de selecci\u00f3n del Director Ejecutivo del IAI (ingl\u00e9s)Informe oficial sobre asuntos financieros (ingl\u00e9s y espa\u00f1ol)Acuerdo para albergar la sede del IAI (espa\u00f1ol&nbsp;\u2013&nbsp;ingl\u00e9s)Declaraci\u00f3n sobre la pol\u00edtica de [&hellip;]<\/p>\n","protected":false},"author":9,"featured_media":12462,"parent":0,"menu_order":0,"comment_status":"closed","ping_status":"closed","template":"","meta":{"_acf_changed":false,"_uag_custom_page_level_css":"","footnotes":""},"class_list":["post-12907","page","type-page","status-publish","has-post-thumbnail","hentry"],"acf":[],"yoast_head":"<!-- This site is optimized with the Yoast SEO plugin v27.3 - https:\/\/yoast.com\/product\/yoast-seo-wordpress\/ -->\n<title>1a reuni\u00f3n de la Conferencia de las Partes - IAI - Inter-American Institute for Global Change Research<\/title>\n<meta name=\"robots\" content=\"index, follow, max-snippet:-1, max-image-preview:large, max-video-preview:-1\" \/>\n<link rel=\"canonical\" href=\"https:\/\/iai.int\/es\/1a-reunion-de-la-conferencia-de-las-partes\/\" \/>\n<meta property=\"og:locale\" content=\"es_ES\" \/>\n<meta property=\"og:type\" content=\"article\" \/>\n<meta property=\"og:title\" content=\"1a reuni\u00f3n de la Conferencia de las Partes - IAI - Inter-American Institute for Global Change Research\" \/>\n<meta property=\"og:description\" content=\"12 al 14 de septiembre de 1994, Ciudad de M\u00e9xico, M\u00e9xico Agenda (ingl\u00e9s)Asuntos de transici\u00f3n (ingl\u00e9s y espa\u00f1ol)Informe del Comit\u00e9 de Implmentaci\u00f3n (IAI\/IC) (ingl\u00e9s)Membres\u00eda del Comit\u00e9 de Implementaci\u00f3n (ingl\u00e9s)Proceso de selecci\u00f3n del Director Ejecutivo del IAI (ingl\u00e9s)Informe oficial sobre asuntos financieros (ingl\u00e9s y espa\u00f1ol)Acuerdo para albergar la sede del IAI (espa\u00f1ol&nbsp;\u2013&nbsp;ingl\u00e9s)Declaraci\u00f3n sobre la pol\u00edtica de [&hellip;]\" \/>\n<meta property=\"og:url\" content=\"https:\/\/iai.int\/es\/1a-reunion-de-la-conferencia-de-las-partes\/\" \/>\n<meta property=\"og:site_name\" content=\"IAI - Inter-American Institute for Global Change Research\" \/>\n<meta property=\"article:modified_time\" content=\"2026-01-14T15:48:13+00:00\" \/>\n<meta property=\"og:image\" content=\"https:\/\/iai.int\/wp-content\/uploads\/2026\/01\/14.png\" \/>\n\t<meta property=\"og:image:width\" content=\"1772\" \/>\n\t<meta property=\"og:image:height\" content=\"551\" \/>\n\t<meta property=\"og:image:type\" content=\"image\/png\" \/>\n<meta name=\"twitter:card\" content=\"summary_large_image\" \/>\n<meta name=\"twitter:label1\" content=\"Tiempo de lectura\" \/>\n\t<meta name=\"twitter:data1\" content=\"1 minuto\" \/>\n<script type=\"application\/ld+json\" class=\"yoast-schema-graph\">{\"@context\":\"https:\\\/\\\/schema.org\",\"@graph\":[{\"@type\":\"WebPage\",\"@id\":\"https:\\\/\\\/iai.int\\\/es\\\/1a-reunion-de-la-conferencia-de-las-partes\\\/\",\"url\":\"https:\\\/\\\/iai.int\\\/es\\\/1a-reunion-de-la-conferencia-de-las-partes\\\/\",\"name\":\"1a reuni\u00f3n de la Conferencia de las Partes - IAI - Inter-American Institute for Global Change Research\",\"isPartOf\":{\"@id\":\"https:\\\/\\\/iai.int\\\/es\\\/#website\"},\"primaryImageOfPage\":{\"@id\":\"https:\\\/\\\/iai.int\\\/es\\\/1a-reunion-de-la-conferencia-de-las-partes\\\/#primaryimage\"},\"image\":{\"@id\":\"https:\\\/\\\/iai.int\\\/es\\\/1a-reunion-de-la-conferencia-de-las-partes\\\/#primaryimage\"},\"thumbnailUrl\":\"https:\\\/\\\/iai.int\\\/wp-content\\\/uploads\\\/2026\\\/01\\\/14.png\",\"datePublished\":\"2026-01-08T18:18:55+00:00\",\"dateModified\":\"2026-01-14T15:48:13+00:00\",\"breadcrumb\":{\"@id\":\"https:\\\/\\\/iai.int\\\/es\\\/1a-reunion-de-la-conferencia-de-las-partes\\\/#breadcrumb\"},\"inLanguage\":\"es\",\"potentialAction\":[{\"@type\":\"ReadAction\",\"target\":[\"https:\\\/\\\/iai.int\\\/es\\\/1a-reunion-de-la-conferencia-de-las-partes\\\/\"]}]},{\"@type\":\"ImageObject\",\"inLanguage\":\"es\",\"@id\":\"https:\\\/\\\/iai.int\\\/es\\\/1a-reunion-de-la-conferencia-de-las-partes\\\/#primaryimage\",\"url\":\"https:\\\/\\\/iai.int\\\/wp-content\\\/uploads\\\/2026\\\/01\\\/14.png\",\"contentUrl\":\"https:\\\/\\\/iai.int\\\/wp-content\\\/uploads\\\/2026\\\/01\\\/14.png\",\"width\":1772,\"height\":551},{\"@type\":\"BreadcrumbList\",\"@id\":\"https:\\\/\\\/iai.int\\\/es\\\/1a-reunion-de-la-conferencia-de-las-partes\\\/#breadcrumb\",\"itemListElement\":[{\"@type\":\"ListItem\",\"position\":1,\"name\":\"Portada\",\"item\":\"https:\\\/\\\/iai.int\\\/es\\\/\"},{\"@type\":\"ListItem\",\"position\":2,\"name\":\"1a reuni\u00f3n de la Conferencia de las Partes\"}]},{\"@type\":\"WebSite\",\"@id\":\"https:\\\/\\\/iai.int\\\/es\\\/#website\",\"url\":\"https:\\\/\\\/iai.int\\\/es\\\/\",\"name\":\"IAI - Inter-American Institute for Global Change Research\",\"description\":\"\",\"publisher\":{\"@id\":\"https:\\\/\\\/iai.int\\\/es\\\/#organization\"},\"potentialAction\":[{\"@type\":\"SearchAction\",\"target\":{\"@type\":\"EntryPoint\",\"urlTemplate\":\"https:\\\/\\\/iai.int\\\/es\\\/?s={search_term_string}\"},\"query-input\":{\"@type\":\"PropertyValueSpecification\",\"valueRequired\":true,\"valueName\":\"search_term_string\"}}],\"inLanguage\":\"es\"},{\"@type\":\"Organization\",\"@id\":\"https:\\\/\\\/iai.int\\\/es\\\/#organization\",\"name\":\"IAI - Inter-American Institute for Global Change Research\",\"url\":\"https:\\\/\\\/iai.int\\\/es\\\/\",\"logo\":{\"@type\":\"ImageObject\",\"inLanguage\":\"es\",\"@id\":\"https:\\\/\\\/iai.int\\\/es\\\/#\\\/schema\\\/logo\\\/image\\\/\",\"url\":\"https:\\\/\\\/iai.int\\\/wp-content\\\/uploads\\\/2025\\\/11\\\/IAI-logo-English-scaled.png\",\"contentUrl\":\"https:\\\/\\\/iai.int\\\/wp-content\\\/uploads\\\/2025\\\/11\\\/IAI-logo-English-scaled.png\",\"width\":2560,\"height\":985,\"caption\":\"IAI - Inter-American Institute for Global Change Research\"},\"image\":{\"@id\":\"https:\\\/\\\/iai.int\\\/es\\\/#\\\/schema\\\/logo\\\/image\\\/\"}}]}<\/script>\n<!-- \/ Yoast SEO plugin. -->","yoast_head_json":{"title":"1a reuni\u00f3n de la Conferencia de las Partes - IAI - Inter-American Institute for Global Change Research","robots":{"index":"index","follow":"follow","max-snippet":"max-snippet:-1","max-image-preview":"max-image-preview:large","max-video-preview":"max-video-preview:-1"},"canonical":"https:\/\/iai.int\/es\/1a-reunion-de-la-conferencia-de-las-partes\/","og_locale":"es_ES","og_type":"article","og_title":"1a reuni\u00f3n de la Conferencia de las Partes - IAI - Inter-American Institute for Global Change Research","og_description":"12 al 14 de septiembre de 1994, Ciudad de M\u00e9xico, M\u00e9xico Agenda (ingl\u00e9s)Asuntos de transici\u00f3n (ingl\u00e9s y espa\u00f1ol)Informe del Comit\u00e9 de Implmentaci\u00f3n (IAI\/IC) (ingl\u00e9s)Membres\u00eda del Comit\u00e9 de Implementaci\u00f3n (ingl\u00e9s)Proceso de selecci\u00f3n del Director Ejecutivo del IAI (ingl\u00e9s)Informe oficial sobre asuntos financieros (ingl\u00e9s y espa\u00f1ol)Acuerdo para albergar la sede del IAI (espa\u00f1ol&nbsp;\u2013&nbsp;ingl\u00e9s)Declaraci\u00f3n sobre la pol\u00edtica de [&hellip;]","og_url":"https:\/\/iai.int\/es\/1a-reunion-de-la-conferencia-de-las-partes\/","og_site_name":"IAI - Inter-American Institute for Global Change Research","article_modified_time":"2026-01-14T15:48:13+00:00","og_image":[{"width":1772,"height":551,"url":"https:\/\/iai.int\/wp-content\/uploads\/2026\/01\/14.png","type":"image\/png"}],"twitter_card":"summary_large_image","twitter_misc":{"Tiempo de lectura":"1 minuto"},"schema":{"@context":"https:\/\/schema.org","@graph":[{"@type":"WebPage","@id":"https:\/\/iai.int\/es\/1a-reunion-de-la-conferencia-de-las-partes\/","url":"https:\/\/iai.int\/es\/1a-reunion-de-la-conferencia-de-las-partes\/","name":"1a reuni\u00f3n de la Conferencia de las Partes - IAI - Inter-American Institute for Global Change Research","isPartOf":{"@id":"https:\/\/iai.int\/es\/#website"},"primaryImageOfPage":{"@id":"https:\/\/iai.int\/es\/1a-reunion-de-la-conferencia-de-las-partes\/#primaryimage"},"image":{"@id":"https:\/\/iai.int\/es\/1a-reunion-de-la-conferencia-de-las-partes\/#primaryimage"},"thumbnailUrl":"https:\/\/iai.int\/wp-content\/uploads\/2026\/01\/14.png","datePublished":"2026-01-08T18:18:55+00:00","dateModified":"2026-01-14T15:48:13+00:00","breadcrumb":{"@id":"https:\/\/iai.int\/es\/1a-reunion-de-la-conferencia-de-las-partes\/#breadcrumb"},"inLanguage":"es","potentialAction":[{"@type":"ReadAction","target":["https:\/\/iai.int\/es\/1a-reunion-de-la-conferencia-de-las-partes\/"]}]},{"@type":"ImageObject","inLanguage":"es","@id":"https:\/\/iai.int\/es\/1a-reunion-de-la-conferencia-de-las-partes\/#primaryimage","url":"https:\/\/iai.int\/wp-content\/uploads\/2026\/01\/14.png","contentUrl":"https:\/\/iai.int\/wp-content\/uploads\/2026\/01\/14.png","width":1772,"height":551},{"@type":"BreadcrumbList","@id":"https:\/\/iai.int\/es\/1a-reunion-de-la-conferencia-de-las-partes\/#breadcrumb","itemListElement":[{"@type":"ListItem","position":1,"name":"Portada","item":"https:\/\/iai.int\/es\/"},{"@type":"ListItem","position":2,"name":"1a reuni\u00f3n de la Conferencia de las Partes"}]},{"@type":"WebSite","@id":"https:\/\/iai.int\/es\/#website","url":"https:\/\/iai.int\/es\/","name":"IAI - Inter-American Institute for Global Change Research","description":"","publisher":{"@id":"https:\/\/iai.int\/es\/#organization"},"potentialAction":[{"@type":"SearchAction","target":{"@type":"EntryPoint","urlTemplate":"https:\/\/iai.int\/es\/?s={search_term_string}"},"query-input":{"@type":"PropertyValueSpecification","valueRequired":true,"valueName":"search_term_string"}}],"inLanguage":"es"},{"@type":"Organization","@id":"https:\/\/iai.int\/es\/#organization","name":"IAI - Inter-American Institute for Global Change Research","url":"https:\/\/iai.int\/es\/","logo":{"@type":"ImageObject","inLanguage":"es","@id":"https:\/\/iai.int\/es\/#\/schema\/logo\/image\/","url":"https:\/\/iai.int\/wp-content\/uploads\/2025\/11\/IAI-logo-English-scaled.png","contentUrl":"https:\/\/iai.int\/wp-content\/uploads\/2025\/11\/IAI-logo-English-scaled.png","width":2560,"height":985,"caption":"IAI - Inter-American Institute for Global Change Research"},"image":{"@id":"https:\/\/iai.int\/es\/#\/schema\/logo\/image\/"}}]}},"uagb_featured_image_src":{"full":["https:\/\/iai.int\/wp-content\/uploads\/2026\/01\/14.png",1772,551,false],"thumbnail":["https:\/\/iai.int\/wp-content\/uploads\/2026\/01\/14-150x150.png",150,150,true],"medium":["https:\/\/iai.int\/wp-content\/uploads\/2026\/01\/14-300x93.png",300,93,true],"medium_large":["https:\/\/iai.int\/wp-content\/uploads\/2026\/01\/14-768x239.png",768,239,true],"large":["https:\/\/iai.int\/wp-content\/uploads\/2026\/01\/14-1024x318.png",800,248,true],"1536x1536":["https:\/\/iai.int\/wp-content\/uploads\/2026\/01\/14-1536x478.png",1536,478,true],"2048x2048":["https:\/\/iai.int\/wp-content\/uploads\/2026\/01\/14.png",1772,551,false]},"uagb_author_info":{"display_name":"IAI Communication","author_link":"https:\/\/iai.int\/es\/author\/iai-communication\/"},"uagb_comment_info":0,"uagb_excerpt":"12 al 14 de septiembre de 1994, Ciudad de M\u00e9xico, M\u00e9xico Agenda (ingl\u00e9s)Asuntos de transici\u00f3n (ingl\u00e9s y espa\u00f1ol)Informe del Comit\u00e9 de Implmentaci\u00f3n (IAI\/IC) (ingl\u00e9s)Membres\u00eda del Comit\u00e9 de Implementaci\u00f3n (ingl\u00e9s)Proceso de selecci\u00f3n del Director Ejecutivo del IAI (ingl\u00e9s)Informe oficial sobre asuntos financieros (ingl\u00e9s y espa\u00f1ol)Acuerdo para albergar la sede del IAI (espa\u00f1ol&nbsp;\u2013&nbsp;ingl\u00e9s)Declaraci\u00f3n sobre la pol\u00edtica de&hellip;","_links":{"self":[{"href":"https:\/\/iai.int\/es\/wp-json\/wp\/v2\/pages\/12907","targetHints":{"allow":["GET"]}}],"collection":[{"href":"https:\/\/iai.int\/es\/wp-json\/wp\/v2\/pages"}],"about":[{"href":"https:\/\/iai.int\/es\/wp-json\/wp\/v2\/types\/page"}],"author":[{"embeddable":true,"href":"https:\/\/iai.int\/es\/wp-json\/wp\/v2\/users\/9"}],"replies":[{"embeddable":true,"href":"https:\/\/iai.int\/es\/wp-json\/wp\/v2\/comments?post=12907"}],"version-history":[{"count":2,"href":"https:\/\/iai.int\/es\/wp-json\/wp\/v2\/pages\/12907\/revisions"}],"predecessor-version":[{"id":13418,"href":"https:\/\/iai.int\/es\/wp-json\/wp\/v2\/pages\/12907\/revisions\/13418"}],"wp:featuredmedia":[{"embeddable":true,"href":"https:\/\/iai.int\/es\/wp-json\/wp\/v2\/media\/12462"}],"wp:attachment":[{"href":"https:\/\/iai.int\/es\/wp-json\/wp\/v2\/media?parent=12907"}],"curies":[{"name":"wp","href":"https:\/\/api.w.org\/{rel}","templated":true}]}}