{"id":12888,"date":"2026-01-08T13:02:11","date_gmt":"2026-01-08T18:02:11","guid":{"rendered":"https:\/\/iai.int\/?page_id=12888"},"modified":"2026-01-14T11:04:50","modified_gmt":"2026-01-14T16:04:50","slug":"4a-reunion-de-la-conferencia-de-las-partes","status":"publish","type":"page","link":"https:\/\/iai.int\/es\/4a-reunion-de-la-conferencia-de-las-partes\/","title":{"rendered":"4a reuni\u00f3n de la Conferencia de las Partes"},"content":{"rendered":"\n<h3 class=\"wp-block-heading\">11-12 de junio de 1997, Buenos Aires, Argentina<\/h3>\n\n\n\n<ul class=\"wp-block-list\">\n<li>Agenda y documentos de trabajo<\/li>\n\n\n\n<li>Material complementario<\/li>\n\n\n\n<li>Decisiones<\/li>\n\n\n\n<li>Participantes<\/li>\n\n\n\n<li>Informe final<\/li>\n<\/ul>\n\n\n\n<h2 class=\"wp-block-heading\">Agenda y documentos de trabajo<\/h2>\n\n\n\n<h4 class=\"wp-block-heading\">Agenda provisional<\/h4>\n\n\n\n<p><strong>4a reuni\u00f3n de la Conferencia de las Partes (CoP-4) del IAI<\/strong><br>11-12 de junio de 1997, Buenos Aires, Argentina<\/p>\n\n\n\n<p><\/p>\n\n\n\n<figure class=\"wp-block-table\"><table><tbody><tr><td>#<\/td><td><strong>Tema de agenda<\/strong><\/td><td><strong>Documento<\/strong><\/td><\/tr><tr><td>1.<\/td><td>Elecci\u00f3n de la Mesa Directiva de la CoP<\/td><td>Sin documento<\/td><\/tr><tr><td>2.<\/td><td>Elecci\u00f3n de la Comisi\u00f3n de Acreditaciones<\/td><td>Sin documento<\/td><\/tr><tr><td>3.<\/td><td>Aprobaci\u00f3n de la agenda<\/td><td><a href=\"http:\/\/old.iai.int\/wp-content\/uploads\/iai-cop-4-agenda-items-s.pdf\">espa\u00f1ol<\/a> &amp;ndash <a href=\"http:\/\/old.iai.int\/wp-content\/uploads\/iai-cop-4-agenda-items-e.pdf\">ingl\u00e9s<\/a><\/td><\/tr><tr><td>4.<\/td><td>Aprobaci\u00f3n del informe de la 3a reuni\u00f3n de la Conferencia de las Partes<\/td><td><a href=\"http:\/\/old.iai.int\/wp-content\/uploads\/iai-cop-3-report-s.pdf\">espa\u00f1ol<\/a> &amp;ndash <a href=\"http:\/\/old.iai.int\/wp-content\/uploads\/iai-cop-3-report-e.pdf\">ingl\u00e9s<\/a><\/td><\/tr><tr><td>5.<\/td><td>Presentaciones:&amp;ndash Partes del Acuerdo&amp;ndash Naciones signatarias&amp;ndash Observadores<\/td><td>Sin documento<\/td><\/tr><tr><td>6.<\/td><td>Informe del Presidente del Consejo Ejecutivo<\/td><td><a href=\"http:\/\/old.iai.int\/wp-content\/uploads\/iai-cop-4-ec-report.pdf\">ingl\u00e9s<\/a><\/td><\/tr><tr><td>&nbsp;<\/td><td>Acuerdos de financiamiento y recursos conjuntos<\/td><td><a href=\"http:\/\/old.iai.int\/wp-content\/uploads\/iai-cop-4-joint-funding-and-resources-agreements.pdf\">ingl\u00e9s<\/a><\/td><\/tr><tr><td>&nbsp;<\/td><td>Declaraci\u00f3n de la misi\u00f3n del IAI<\/td><td><a href=\"http:\/\/old.iai.int\/wp-content\/uploads\/iai-cop-4-revised-science-agenda-mission.pdf\">ingl\u00e9s<\/a><\/td><\/tr><tr><td>&nbsp;<\/td><td>Anuncio de la Etapa II<\/td><td><a href=\"http:\/\/old.iai.int\/wp-content\/uploads\/iai-cop-4-proposal-phaseII-program.pdf\">ingl\u00e9s<\/a><\/td><\/tr><tr><td>&nbsp;<\/td><td>Pol\u00edtica del IAI sobre comisiones (overhead)<\/td><td><a href=\"http:\/\/old.iai.int\/wp-content\/uploads\/iai-cop-4-proposal-overhead-policy.pdf\">ingl\u00e9s<\/a><\/td><\/tr><tr><td>7.<\/td><td>Reglamentos<\/td><td><a href=\"http:\/\/old.iai.int\/wp-content\/uploads\/iai-cop-4-ammendments-CoP-and-EC-rules.pdf\">ingl\u00e9s<\/a><\/td><\/tr><tr><td>8.<\/td><td>Presupuesto operativo<\/td><td><a href=\"http:\/\/old.iai.int\/wp-content\/uploads\/iai-cop-4-budget-request.pdf\">ingl\u00e9s<\/a><\/td><\/tr><tr><td>&nbsp;<\/td><td>Manual del empleado del IAI<\/td><td><a href=\"http:\/\/old.iai.int\/wp-content\/uploads\/iai-cop-4-proposed-changes-employee-handbook.pdf\">ingl\u00e9s<\/a><\/td><\/tr><tr><td>9.<\/td><td>Informe del Director Ejecutivo<\/td><td>Sin documento<\/td><\/tr><tr><td>10.<\/td><td>Informe del Oficial Cient\u00edfico Principal<\/td><td>Sin documento<\/td><\/tr><tr><td>&nbsp;<\/td><td>Programa Cient\u00edfico Inicial III<\/td><td><a href=\"http:\/\/old.iai.int\/wp-content\/uploads\/iai-cop-4-approval-mechanism-for-ISP-III.pdf\">ingl\u00e9s<\/a><\/td><\/tr><tr><td>11.<\/td><td>Informe del Comit\u00e9 Asesor Cient\u00edfico<\/td><td><a href=\"http:\/\/old.iai.int\/wp-content\/uploads\/iai-cop-4-sac-report.pdf\">ingl\u00e9s<\/a><\/td><\/tr><tr><td>12.<\/td><td>Novedades sobre el proyecto IAI\/FMAM\/OMM en curso<\/td><td>Sin documento<\/td><\/tr><tr><td>13.<\/td><td>Pol\u00edtica de datos y Sistema de Datos e Informaci\u00f3n del IAI<\/td><td>Sin documento<\/td><\/tr><tr><td>14.<\/td><td>Informe del Editor de IAI Newsletter<\/td><td>Sin documento<\/td><\/tr><tr><td>15.<\/td><td>Comisi\u00f3n de nominaciones para el SAC y elecci\u00f3n de nuevos miembros<\/td><td><a href=\"http:\/\/old.iai.int\/wp-content\/uploads\/iai-cop-4-process-for-selecting-SAC-members.pdf\">ingl\u00e9s<\/a><\/td><\/tr><tr><td>16.<\/td><td>Futuras reuniones y sitios<\/td><td><a href=\"http:\/\/old.iai.int\/wp-content\/uploads\/iai-cop-4-offer-to-host-meetings-USA.pdf\">ingl\u00e9s<\/a><\/td><\/tr><tr><td>17.<\/td><td>Modificaciones sugeridas a las futuras agendas de la CoP<\/td><td>Sin documento<\/td><\/tr><tr><td>18.<\/td><td>Listas de acciones<\/td><td><a href=\"http:\/\/old.iai.int\/wp-content\/uploads\/decisions-CoP04_SP.pdf\">espa\u00f1ol<\/a> &amp;ndash <a href=\"http:\/\/old.iai.int\/wp-content\/uploads\/decisions-CoP04_EN.pdf\">ingl\u00e9s<\/a><\/td><\/tr><tr><td>19.<\/td><td>Clausura<\/td><td>Sin documento<\/td><\/tr><\/tbody><\/table><\/figure>\n\n\n\n<h2 class=\"wp-block-heading\">Material complementario<\/h2>\n\n\n\n<h2 class=\"wp-block-heading\">Decisiones<\/h2>\n\n\n\n<p><strong>Decisiones adoptadas en la 4a reuni\u00f3n de la Conferencia de las Partes del Instituto Interamericano para la Investigaci\u00f3n del Cambio Global<\/strong><br><a href=\"http:\/\/old.iai.int\/wp-content\/uploads\/decisions-CoP04_SP.pdf\">espa\u00f1ol<\/a>\u00a0&amp;ndash\u00a0<a href=\"http:\/\/old.iai.int\/wp-content\/uploads\/decisions-CoP04_EN.pdf\">ingl\u00e9s<\/a><\/p>\n\n\n\n<p><\/p>\n\n\n\n<h2 class=\"wp-block-heading\">Participantes<\/h2>\n\n\n\n<p><strong>Lista de participantes de la 4a reuni\u00f3n de la Conferencia de las Partes del Instituto Interamericano para la Investigaci\u00f3n del Cambio Global<\/strong><br><a href=\"http:\/\/old.iai.int\/wp-content\/uploads\/iai-cop-4-list-participants.pdf\">clic aqu\u00ed<\/a><\/p>\n\n\n\n<h2 class=\"wp-block-heading\">Informe final<\/h2>\n\n\n\n<p><strong>Informe de la 4a reuni\u00f3n de la Conferencia de las Partes del Instituto Interamericano para la Investigaci\u00f3n del Cambio Global<\/strong><br><a href=\"http:\/\/old.iai.int\/wp-content\/uploads\/iai-cop-4-report-s.pdf\">espa\u00f1ol<\/a>\u00a0&amp;ndash\u00a0<a href=\"http:\/\/old.iai.int\/wp-content\/uploads\/iai-cop-4-report-e.pdf\">ingl\u00e9s<\/a><\/p>\n\n\n\n<p><a href=\"https:\/\/iai.int\/es\/reuniones-ec-y-cop\/\"><strong>Regresar a Reuniones EC y COP<\/strong><\/a><\/p>\n","protected":false},"excerpt":{"rendered":"<p>11-12 de junio de 1997, Buenos Aires, Argentina Agenda y documentos de trabajo Agenda provisional 4a reuni\u00f3n de la Conferencia de las Partes (CoP-4) del IAI11-12 de junio de 1997, Buenos Aires, Argentina # Tema de agenda Documento 1. Elecci\u00f3n de la Mesa Directiva de la CoP Sin documento 2. Elecci\u00f3n de la Comisi\u00f3n de [&hellip;]<\/p>\n","protected":false},"author":9,"featured_media":12462,"parent":0,"menu_order":0,"comment_status":"closed","ping_status":"closed","template":"","meta":{"_acf_changed":false,"_uag_custom_page_level_css":"","footnotes":""},"class_list":["post-12888","page","type-page","status-publish","has-post-thumbnail","hentry"],"acf":[],"yoast_head":"<!-- This site is optimized with the Yoast SEO plugin v27.3 - https:\/\/yoast.com\/product\/yoast-seo-wordpress\/ -->\n<title>4a reuni\u00f3n de la Conferencia de las Partes - IAI - Inter-American Institute for Global Change Research<\/title>\n<meta name=\"robots\" content=\"index, follow, max-snippet:-1, max-image-preview:large, max-video-preview:-1\" \/>\n<link rel=\"canonical\" href=\"https:\/\/iai.int\/es\/4a-reunion-de-la-conferencia-de-las-partes\/\" \/>\n<meta property=\"og:locale\" content=\"es_ES\" \/>\n<meta property=\"og:type\" content=\"article\" \/>\n<meta property=\"og:title\" content=\"4a reuni\u00f3n de la Conferencia de las Partes - IAI - Inter-American Institute for Global Change Research\" \/>\n<meta property=\"og:description\" content=\"11-12 de junio de 1997, Buenos Aires, Argentina Agenda y documentos de trabajo Agenda provisional 4a reuni\u00f3n de la Conferencia de las Partes (CoP-4) del IAI11-12 de junio de 1997, Buenos Aires, Argentina # Tema de agenda Documento 1. Elecci\u00f3n de la Mesa Directiva de la CoP Sin documento 2. Elecci\u00f3n de la Comisi\u00f3n de [&hellip;]\" \/>\n<meta property=\"og:url\" content=\"https:\/\/iai.int\/es\/4a-reunion-de-la-conferencia-de-las-partes\/\" \/>\n<meta property=\"og:site_name\" content=\"IAI - Inter-American Institute for Global Change Research\" \/>\n<meta property=\"article:modified_time\" content=\"2026-01-14T16:04:50+00:00\" \/>\n<meta property=\"og:image\" content=\"https:\/\/iai.int\/wp-content\/uploads\/2026\/01\/14.png\" \/>\n\t<meta property=\"og:image:width\" content=\"1772\" \/>\n\t<meta property=\"og:image:height\" content=\"551\" \/>\n\t<meta property=\"og:image:type\" content=\"image\/png\" \/>\n<meta name=\"twitter:card\" content=\"summary_large_image\" \/>\n<meta name=\"twitter:label1\" content=\"Tiempo de lectura\" \/>\n\t<meta name=\"twitter:data1\" content=\"2 minutos\" \/>\n<script type=\"application\/ld+json\" class=\"yoast-schema-graph\">{\"@context\":\"https:\\\/\\\/schema.org\",\"@graph\":[{\"@type\":\"WebPage\",\"@id\":\"https:\\\/\\\/iai.int\\\/es\\\/4a-reunion-de-la-conferencia-de-las-partes\\\/\",\"url\":\"https:\\\/\\\/iai.int\\\/es\\\/4a-reunion-de-la-conferencia-de-las-partes\\\/\",\"name\":\"4a reuni\u00f3n de la Conferencia de las Partes - IAI - Inter-American Institute for Global Change Research\",\"isPartOf\":{\"@id\":\"https:\\\/\\\/iai.int\\\/es\\\/#website\"},\"primaryImageOfPage\":{\"@id\":\"https:\\\/\\\/iai.int\\\/es\\\/4a-reunion-de-la-conferencia-de-las-partes\\\/#primaryimage\"},\"image\":{\"@id\":\"https:\\\/\\\/iai.int\\\/es\\\/4a-reunion-de-la-conferencia-de-las-partes\\\/#primaryimage\"},\"thumbnailUrl\":\"https:\\\/\\\/iai.int\\\/wp-content\\\/uploads\\\/2026\\\/01\\\/14.png\",\"datePublished\":\"2026-01-08T18:02:11+00:00\",\"dateModified\":\"2026-01-14T16:04:50+00:00\",\"breadcrumb\":{\"@id\":\"https:\\\/\\\/iai.int\\\/es\\\/4a-reunion-de-la-conferencia-de-las-partes\\\/#breadcrumb\"},\"inLanguage\":\"es\",\"potentialAction\":[{\"@type\":\"ReadAction\",\"target\":[\"https:\\\/\\\/iai.int\\\/es\\\/4a-reunion-de-la-conferencia-de-las-partes\\\/\"]}]},{\"@type\":\"ImageObject\",\"inLanguage\":\"es\",\"@id\":\"https:\\\/\\\/iai.int\\\/es\\\/4a-reunion-de-la-conferencia-de-las-partes\\\/#primaryimage\",\"url\":\"https:\\\/\\\/iai.int\\\/wp-content\\\/uploads\\\/2026\\\/01\\\/14.png\",\"contentUrl\":\"https:\\\/\\\/iai.int\\\/wp-content\\\/uploads\\\/2026\\\/01\\\/14.png\",\"width\":1772,\"height\":551},{\"@type\":\"BreadcrumbList\",\"@id\":\"https:\\\/\\\/iai.int\\\/es\\\/4a-reunion-de-la-conferencia-de-las-partes\\\/#breadcrumb\",\"itemListElement\":[{\"@type\":\"ListItem\",\"position\":1,\"name\":\"Portada\",\"item\":\"https:\\\/\\\/iai.int\\\/es\\\/\"},{\"@type\":\"ListItem\",\"position\":2,\"name\":\"4a reuni\u00f3n de la Conferencia de las Partes\"}]},{\"@type\":\"WebSite\",\"@id\":\"https:\\\/\\\/iai.int\\\/es\\\/#website\",\"url\":\"https:\\\/\\\/iai.int\\\/es\\\/\",\"name\":\"IAI - Inter-American Institute for Global Change Research\",\"description\":\"\",\"publisher\":{\"@id\":\"https:\\\/\\\/iai.int\\\/es\\\/#organization\"},\"potentialAction\":[{\"@type\":\"SearchAction\",\"target\":{\"@type\":\"EntryPoint\",\"urlTemplate\":\"https:\\\/\\\/iai.int\\\/es\\\/?s={search_term_string}\"},\"query-input\":{\"@type\":\"PropertyValueSpecification\",\"valueRequired\":true,\"valueName\":\"search_term_string\"}}],\"inLanguage\":\"es\"},{\"@type\":\"Organization\",\"@id\":\"https:\\\/\\\/iai.int\\\/es\\\/#organization\",\"name\":\"IAI - Inter-American Institute for Global Change Research\",\"url\":\"https:\\\/\\\/iai.int\\\/es\\\/\",\"logo\":{\"@type\":\"ImageObject\",\"inLanguage\":\"es\",\"@id\":\"https:\\\/\\\/iai.int\\\/es\\\/#\\\/schema\\\/logo\\\/image\\\/\",\"url\":\"https:\\\/\\\/iai.int\\\/wp-content\\\/uploads\\\/2025\\\/11\\\/IAI-logo-English-scaled.png\",\"contentUrl\":\"https:\\\/\\\/iai.int\\\/wp-content\\\/uploads\\\/2025\\\/11\\\/IAI-logo-English-scaled.png\",\"width\":2560,\"height\":985,\"caption\":\"IAI - Inter-American Institute for Global Change Research\"},\"image\":{\"@id\":\"https:\\\/\\\/iai.int\\\/es\\\/#\\\/schema\\\/logo\\\/image\\\/\"}}]}<\/script>\n<!-- \/ Yoast SEO plugin. -->","yoast_head_json":{"title":"4a reuni\u00f3n de la Conferencia de las Partes - IAI - Inter-American Institute for Global Change Research","robots":{"index":"index","follow":"follow","max-snippet":"max-snippet:-1","max-image-preview":"max-image-preview:large","max-video-preview":"max-video-preview:-1"},"canonical":"https:\/\/iai.int\/es\/4a-reunion-de-la-conferencia-de-las-partes\/","og_locale":"es_ES","og_type":"article","og_title":"4a reuni\u00f3n de la Conferencia de las Partes - IAI - Inter-American Institute for Global Change Research","og_description":"11-12 de junio de 1997, Buenos Aires, Argentina Agenda y documentos de trabajo Agenda provisional 4a reuni\u00f3n de la Conferencia de las Partes (CoP-4) del IAI11-12 de junio de 1997, Buenos Aires, Argentina # Tema de agenda Documento 1. Elecci\u00f3n de la Mesa Directiva de la CoP Sin documento 2. Elecci\u00f3n de la Comisi\u00f3n de [&hellip;]","og_url":"https:\/\/iai.int\/es\/4a-reunion-de-la-conferencia-de-las-partes\/","og_site_name":"IAI - Inter-American Institute for Global Change Research","article_modified_time":"2026-01-14T16:04:50+00:00","og_image":[{"width":1772,"height":551,"url":"https:\/\/iai.int\/wp-content\/uploads\/2026\/01\/14.png","type":"image\/png"}],"twitter_card":"summary_large_image","twitter_misc":{"Tiempo de lectura":"2 minutos"},"schema":{"@context":"https:\/\/schema.org","@graph":[{"@type":"WebPage","@id":"https:\/\/iai.int\/es\/4a-reunion-de-la-conferencia-de-las-partes\/","url":"https:\/\/iai.int\/es\/4a-reunion-de-la-conferencia-de-las-partes\/","name":"4a reuni\u00f3n de la Conferencia de las Partes - IAI - Inter-American Institute for Global Change Research","isPartOf":{"@id":"https:\/\/iai.int\/es\/#website"},"primaryImageOfPage":{"@id":"https:\/\/iai.int\/es\/4a-reunion-de-la-conferencia-de-las-partes\/#primaryimage"},"image":{"@id":"https:\/\/iai.int\/es\/4a-reunion-de-la-conferencia-de-las-partes\/#primaryimage"},"thumbnailUrl":"https:\/\/iai.int\/wp-content\/uploads\/2026\/01\/14.png","datePublished":"2026-01-08T18:02:11+00:00","dateModified":"2026-01-14T16:04:50+00:00","breadcrumb":{"@id":"https:\/\/iai.int\/es\/4a-reunion-de-la-conferencia-de-las-partes\/#breadcrumb"},"inLanguage":"es","potentialAction":[{"@type":"ReadAction","target":["https:\/\/iai.int\/es\/4a-reunion-de-la-conferencia-de-las-partes\/"]}]},{"@type":"ImageObject","inLanguage":"es","@id":"https:\/\/iai.int\/es\/4a-reunion-de-la-conferencia-de-las-partes\/#primaryimage","url":"https:\/\/iai.int\/wp-content\/uploads\/2026\/01\/14.png","contentUrl":"https:\/\/iai.int\/wp-content\/uploads\/2026\/01\/14.png","width":1772,"height":551},{"@type":"BreadcrumbList","@id":"https:\/\/iai.int\/es\/4a-reunion-de-la-conferencia-de-las-partes\/#breadcrumb","itemListElement":[{"@type":"ListItem","position":1,"name":"Portada","item":"https:\/\/iai.int\/es\/"},{"@type":"ListItem","position":2,"name":"4a reuni\u00f3n de la Conferencia de las Partes"}]},{"@type":"WebSite","@id":"https:\/\/iai.int\/es\/#website","url":"https:\/\/iai.int\/es\/","name":"IAI - Inter-American Institute for Global Change Research","description":"","publisher":{"@id":"https:\/\/iai.int\/es\/#organization"},"potentialAction":[{"@type":"SearchAction","target":{"@type":"EntryPoint","urlTemplate":"https:\/\/iai.int\/es\/?s={search_term_string}"},"query-input":{"@type":"PropertyValueSpecification","valueRequired":true,"valueName":"search_term_string"}}],"inLanguage":"es"},{"@type":"Organization","@id":"https:\/\/iai.int\/es\/#organization","name":"IAI - Inter-American Institute for Global Change Research","url":"https:\/\/iai.int\/es\/","logo":{"@type":"ImageObject","inLanguage":"es","@id":"https:\/\/iai.int\/es\/#\/schema\/logo\/image\/","url":"https:\/\/iai.int\/wp-content\/uploads\/2025\/11\/IAI-logo-English-scaled.png","contentUrl":"https:\/\/iai.int\/wp-content\/uploads\/2025\/11\/IAI-logo-English-scaled.png","width":2560,"height":985,"caption":"IAI - Inter-American Institute for Global Change Research"},"image":{"@id":"https:\/\/iai.int\/es\/#\/schema\/logo\/image\/"}}]}},"uagb_featured_image_src":{"full":["https:\/\/iai.int\/wp-content\/uploads\/2026\/01\/14.png",1772,551,false],"thumbnail":["https:\/\/iai.int\/wp-content\/uploads\/2026\/01\/14-150x150.png",150,150,true],"medium":["https:\/\/iai.int\/wp-content\/uploads\/2026\/01\/14-300x93.png",300,93,true],"medium_large":["https:\/\/iai.int\/wp-content\/uploads\/2026\/01\/14-768x239.png",768,239,true],"large":["https:\/\/iai.int\/wp-content\/uploads\/2026\/01\/14-1024x318.png",800,248,true],"1536x1536":["https:\/\/iai.int\/wp-content\/uploads\/2026\/01\/14-1536x478.png",1536,478,true],"2048x2048":["https:\/\/iai.int\/wp-content\/uploads\/2026\/01\/14.png",1772,551,false]},"uagb_author_info":{"display_name":"IAI Communication","author_link":"https:\/\/iai.int\/es\/author\/iai-communication\/"},"uagb_comment_info":0,"uagb_excerpt":"11-12 de junio de 1997, Buenos Aires, Argentina Agenda y documentos de trabajo Agenda provisional 4a reuni\u00f3n de la Conferencia de las Partes (CoP-4) del IAI11-12 de junio de 1997, Buenos Aires, Argentina # Tema de agenda Documento 1. Elecci\u00f3n de la Mesa Directiva de la CoP Sin documento 2. Elecci\u00f3n de la Comisi\u00f3n de&hellip;","_links":{"self":[{"href":"https:\/\/iai.int\/es\/wp-json\/wp\/v2\/pages\/12888","targetHints":{"allow":["GET"]}}],"collection":[{"href":"https:\/\/iai.int\/es\/wp-json\/wp\/v2\/pages"}],"about":[{"href":"https:\/\/iai.int\/es\/wp-json\/wp\/v2\/types\/page"}],"author":[{"embeddable":true,"href":"https:\/\/iai.int\/es\/wp-json\/wp\/v2\/users\/9"}],"replies":[{"embeddable":true,"href":"https:\/\/iai.int\/es\/wp-json\/wp\/v2\/comments?post=12888"}],"version-history":[{"count":3,"href":"https:\/\/iai.int\/es\/wp-json\/wp\/v2\/pages\/12888\/revisions"}],"predecessor-version":[{"id":13426,"href":"https:\/\/iai.int\/es\/wp-json\/wp\/v2\/pages\/12888\/revisions\/13426"}],"wp:featuredmedia":[{"embeddable":true,"href":"https:\/\/iai.int\/es\/wp-json\/wp\/v2\/media\/12462"}],"wp:attachment":[{"href":"https:\/\/iai.int\/es\/wp-json\/wp\/v2\/media?parent=12888"}],"curies":[{"name":"wp","href":"https:\/\/api.w.org\/{rel}","templated":true}]}}