{"id":12880,"date":"2026-01-08T12:55:12","date_gmt":"2026-01-08T17:55:12","guid":{"rendered":"https:\/\/iai.int\/?page_id=12880"},"modified":"2026-01-14T11:06:39","modified_gmt":"2026-01-14T16:06:39","slug":"7a-reunion-del-consejo-ejecutivo","status":"publish","type":"page","link":"https:\/\/iai.int\/es\/7a-reunion-del-consejo-ejecutivo\/","title":{"rendered":"7a reuni\u00f3n del Consejo Ejecutivo"},"content":{"rendered":"\n<h2 class=\"wp-block-heading\">1-2 de junio de 1998, Arlington, VA, Estados Unidos de Am\u00e9rica<\/h2>\n\n\n\n<figure class=\"wp-block-table\"><table><tbody><tr><td colspan=\"2\">TEMA DE AGENDA<\/td><td>DOCUMENTO (PDF)<\/td><\/tr><tr><td colspan=\"3\">Lunes 1 de junio, sesi\u00f3n matutina (9:00-12:00)<\/td><\/tr><tr><td>&nbsp;<\/td><td>Ceremonia inaugural&nbsp;<\/td><td>Sin documento<\/td><\/tr><tr><td>1.\u2002<\/td><td>Aprobaci\u00f3n de la agenda<\/td><td><a href=\"https:\/\/archive.iai.int\/admin\/site\/sites\/default\/files\/iai-ec-7-agenda-s.pdf\">espa\u00f1ol<\/a><\/td><\/tr><tr><td>2.\u2002<\/td><td>Aprobaci\u00f3n del informe de la 6a reuni\u00f3n del CE<\/td><td><a href=\"https:\/\/archive.iai.int\/admin\/site\/sites\/default\/files\/iai-ec-6-report-e.pdf\">ingl\u00e9s<\/a><\/td><\/tr><tr><td>3.\u2002<\/td><td>Informe del Presidente del Consejo Ejecutivo\u2003a. Actividades encargadas al CE en la \u00faltima reuni\u00f3n de la CoP\u2003b. Actividades, acciones y decisiones del CE\u2003c. Temas a ser elevados a la CoP<\/td><td>Sin documento<\/td><\/tr><tr><td>4.\u2002<\/td><td>Informe de la Direcci\u00f3n Ejecutiva\u2013 Actualizaci\u00f3n de las actividades institucionales, program\u00e1ticas y cient\u00edficas\u2013 An\u00e1lisis de la base financiera para sostener el desarrollo del IAI\u2013 Relaciones y actividades con otras organizaciones y programas<\/td><td><a href=\"https:\/\/archive.iai.int\/admin\/site\/sites\/default\/files\/iai-cop-5-directorate-report-s.pdf\">espa\u00f1ol<\/a> \u2013 <a href=\"https:\/\/archive.iai.int\/admin\/site\/sites\/default\/files\/iai-cop-5-directorate-report-e_0.pdf\">ingl\u00e9s<\/a><\/td><\/tr><tr><td>5.\u2002<\/td><td>Informe del Oficial Cient\u00edfico principal\u2013 An\u00e1lisis del progreso cient\u00edfico logrado a trav\u00e9s de las actividades financiadas por el IAI\u2013 Perspectivas y necesidades actuales y futuras<\/td><td><a href=\"https:\/\/archive.iai.int\/admin\/site\/sites\/default\/files\/iai-cop-5-science-report-s.pdf\">espa\u00f1ol<\/a>&nbsp;<\/td><\/tr><tr><td colspan=\"3\">Lunes 1 de junio, sesi\u00f3n vespertina (2:00pm-6:00pm)<\/td><\/tr><tr><td>6.<\/td><td>Informe del Presidente del SAC<\/td><td><a href=\"https:\/\/archive.iai.int\/admin\/site\/sites\/default\/files\/iai-cop-5-sac-report-s.pdf\">espa\u00f1ol<\/a> \u2013 <a href=\"https:\/\/archive.iai.int\/admin\/site\/sites\/default\/files\/iai-cop-5-sac-report-e.pdf\">ingl\u00e9s<\/a><\/td><\/tr><tr><td>7.<\/td><td colspan=\"2\">Grupos de trabajo\/Task forces\/Comit\u00e9s<\/td><\/tr><tr><td>&nbsp;<\/td><td>Comit\u00e9 Permanente de Reglas y ProcedimientosModificaci\u00f3n al Acuerdo del IAI<\/td><td><a href=\"https:\/\/archive.iai.int\/admin\/site\/sites\/default\/files\/iai-ec-7-modification-to-IAI-agreement-e.pdf\">ingl\u00e9s<\/a><\/td><\/tr><tr><td>&nbsp;<\/td><td>Grupo de Trabajo Financiero y Administrativo<\/td><td><a href=\"https:\/\/archive.iai.int\/admin\/site\/sites\/default\/files\/iai-ec-7-financial-statements-96-97-e.pdf\">ingl\u00e9s<\/a><\/td><\/tr><tr><td>&nbsp;<\/td><td>Aprobaci\u00f3n del Presupuesto b\u00e1sico para el AF 1998-1999<\/td><td><a href=\"https:\/\/archive.iai.int\/admin\/site\/sites\/default\/files\/iai-cop-5-budget-request-s.pdf\">espa\u00f1ol<\/a><\/td><\/tr><tr><td>&nbsp;<\/td><td>Task Force de comunicaciones<\/td><td><a href=\"https:\/\/archive.iai.int\/admin\/site\/sites\/default\/files\/iai-cop-5-communications-task-force-report-e.pdf\">ingl\u00e9s<\/a> \u2013 <a href=\"https:\/\/archive.iai.int\/admin\/site\/sites\/default\/files\/iai-cop-5-communications-task-force-report-s.pdf\">espa\u00f1ol<\/a><\/td><\/tr><tr><td>&nbsp;<\/td><td>Pol\u00edtica de datos del IAI y DIS<\/td><td>Sin documento<\/td><\/tr><tr><td>8.<\/td><td>Actividades IAI\/GEF\u2013 Informe sobre el proyecto IAI\/GEF\/OMM\u2013 Otros potenciales programas con el GEF<\/td><td><a href=\"https:\/\/archive.iai.int\/admin\/site\/sites\/default\/files\/iai-cop-5-report-GEF-Project-RLA92-G34-s.pdf\">espa\u00f1ol<\/a> \u2013 <a href=\"https:\/\/archive.iai.int\/admin\/site\/sites\/default\/files\/iai-cop-5-report-GEF-Project-RLA92-G34-e.pdf\">ingl\u00e9s<\/a><\/td><\/tr><tr><td>9.<\/td><td>Estrategias para el desarrollo del IAI en los pr\u00f3ximos 5 a\u00f1os<\/td><td><a href=\"https:\/\/archive.iai.int\/admin\/site\/sites\/default\/files\/iai-ec-7-goals-strategies-for-IAI-dev-e.pdf\">ingl\u00e9s<\/a><\/td><\/tr><tr><td colspan=\"3\">Martes 2 de junio, sesi\u00f3n matutina (09:00 \u2013 12:00)<\/td><\/tr><tr><td>10.<\/td><td colspan=\"2\">Sesi\u00f3n ejecutiva<\/td><\/tr><tr><td>11.\u2002<\/td><td>Aprobaci\u00f3n de la Lista de acciones y de los temas a ser elevados a la CoP<\/td><td>Sin documento<\/td><\/tr><tr><td>12.\u2002<\/td><td>Futuras reuniones<\/td><td>Sin documento<\/td><\/tr><tr><td>13.<\/td><td>Cierre<\/td><td>Sin documento<\/td><\/tr><\/tbody><\/table><\/figure>\n\n\n\n<p><strong>Decisiones adoptadas en la 7.\u00aa reuni\u00f3n del Consejo Ejecutivo<\/strong> <strong>del Instituto Interamericano para la Investigaci\u00f3n del Cambio Global<\/strong><\/p>\n\n\n\n<p><a href=\"https:\/\/archive.iai.int\/admin\/site\/sites\/default\/files\/Decisions-ec-7-sp.pdf\"><strong>espa\u00f1ol<\/strong><\/a><strong> \u2013 <\/strong><a href=\"https:\/\/archive.iai.int\/admin\/site\/sites\/default\/files\/Decisions-ec-7.pdf\"><strong>ingl\u00e9s<\/strong><\/a><\/p>\n\n\n\n<p><strong>Lista de participantes de la 7.\u00aa reuni\u00f3n del Consejo Ejecutivo<\/strong> <strong>del Instituto Interamericano para la Investigaci\u00f3n del Cambio Global<\/strong><\/p>\n\n\n\n<p><strong>Informe de la 7.\u00aa reuni\u00f3n del Consejo Ejecutivo<\/strong> <strong>el Instituto Interamericano para la Investigaci\u00f3n del Cambio Global<\/strong><\/p>\n\n\n\n<p><a href=\"https:\/\/iai.int\/es\/reuniones-ec-y-cop\/\"><strong>Regresar a Reuniones EC y COP<\/strong><\/a><\/p>\n\n\n\n<p><\/p>\n","protected":false},"excerpt":{"rendered":"<p>1-2 de junio de 1998, Arlington, VA, Estados Unidos de Am\u00e9rica TEMA DE AGENDA DOCUMENTO (PDF) Lunes 1 de junio, sesi\u00f3n matutina (9:00-12:00) &nbsp; Ceremonia inaugural&nbsp; Sin documento 1.\u2002 Aprobaci\u00f3n de la agenda espa\u00f1ol 2.\u2002 Aprobaci\u00f3n del informe de la 6a reuni\u00f3n del CE ingl\u00e9s 3.\u2002 Informe del Presidente del Consejo Ejecutivo\u2003a. Actividades encargadas al [&hellip;]<\/p>\n","protected":false},"author":9,"featured_media":12462,"parent":0,"menu_order":0,"comment_status":"closed","ping_status":"closed","template":"","meta":{"_acf_changed":false,"_uag_custom_page_level_css":"","footnotes":""},"class_list":["post-12880","page","type-page","status-publish","has-post-thumbnail","hentry"],"acf":[],"yoast_head":"<!-- This site is optimized with the Yoast SEO plugin v27.3 - https:\/\/yoast.com\/product\/yoast-seo-wordpress\/ -->\n<title>7a reuni\u00f3n del Consejo Ejecutivo - IAI - Inter-American Institute for Global Change Research<\/title>\n<meta name=\"robots\" content=\"index, follow, max-snippet:-1, max-image-preview:large, max-video-preview:-1\" \/>\n<link rel=\"canonical\" href=\"https:\/\/iai.int\/es\/7a-reunion-del-consejo-ejecutivo\/\" \/>\n<meta property=\"og:locale\" content=\"es_ES\" \/>\n<meta property=\"og:type\" content=\"article\" \/>\n<meta property=\"og:title\" content=\"7a reuni\u00f3n del Consejo Ejecutivo - IAI - Inter-American Institute for Global Change Research\" \/>\n<meta property=\"og:description\" content=\"1-2 de junio de 1998, Arlington, VA, Estados Unidos de Am\u00e9rica TEMA DE AGENDA DOCUMENTO (PDF) Lunes 1 de junio, sesi\u00f3n matutina (9:00-12:00) &nbsp; Ceremonia inaugural&nbsp; Sin documento 1.\u2002 Aprobaci\u00f3n de la agenda espa\u00f1ol 2.\u2002 Aprobaci\u00f3n del informe de la 6a reuni\u00f3n del CE ingl\u00e9s 3.\u2002 Informe del Presidente del Consejo Ejecutivo\u2003a. Actividades encargadas al [&hellip;]\" \/>\n<meta property=\"og:url\" content=\"https:\/\/iai.int\/es\/7a-reunion-del-consejo-ejecutivo\/\" \/>\n<meta property=\"og:site_name\" content=\"IAI - Inter-American Institute for Global Change Research\" \/>\n<meta property=\"article:modified_time\" content=\"2026-01-14T16:06:39+00:00\" \/>\n<meta property=\"og:image\" content=\"https:\/\/iai.int\/wp-content\/uploads\/2026\/01\/14.png\" \/>\n\t<meta property=\"og:image:width\" content=\"1772\" \/>\n\t<meta property=\"og:image:height\" content=\"551\" \/>\n\t<meta property=\"og:image:type\" content=\"image\/png\" \/>\n<meta name=\"twitter:card\" content=\"summary_large_image\" \/>\n<meta name=\"twitter:label1\" content=\"Tiempo de lectura\" \/>\n\t<meta name=\"twitter:data1\" content=\"2 minutos\" \/>\n<script type=\"application\/ld+json\" class=\"yoast-schema-graph\">{\"@context\":\"https:\\\/\\\/schema.org\",\"@graph\":[{\"@type\":\"WebPage\",\"@id\":\"https:\\\/\\\/iai.int\\\/es\\\/7a-reunion-del-consejo-ejecutivo\\\/\",\"url\":\"https:\\\/\\\/iai.int\\\/es\\\/7a-reunion-del-consejo-ejecutivo\\\/\",\"name\":\"7a reuni\u00f3n del Consejo Ejecutivo - IAI - Inter-American Institute for Global Change Research\",\"isPartOf\":{\"@id\":\"https:\\\/\\\/iai.int\\\/es\\\/#website\"},\"primaryImageOfPage\":{\"@id\":\"https:\\\/\\\/iai.int\\\/es\\\/7a-reunion-del-consejo-ejecutivo\\\/#primaryimage\"},\"image\":{\"@id\":\"https:\\\/\\\/iai.int\\\/es\\\/7a-reunion-del-consejo-ejecutivo\\\/#primaryimage\"},\"thumbnailUrl\":\"https:\\\/\\\/iai.int\\\/wp-content\\\/uploads\\\/2026\\\/01\\\/14.png\",\"datePublished\":\"2026-01-08T17:55:12+00:00\",\"dateModified\":\"2026-01-14T16:06:39+00:00\",\"breadcrumb\":{\"@id\":\"https:\\\/\\\/iai.int\\\/es\\\/7a-reunion-del-consejo-ejecutivo\\\/#breadcrumb\"},\"inLanguage\":\"es\",\"potentialAction\":[{\"@type\":\"ReadAction\",\"target\":[\"https:\\\/\\\/iai.int\\\/es\\\/7a-reunion-del-consejo-ejecutivo\\\/\"]}]},{\"@type\":\"ImageObject\",\"inLanguage\":\"es\",\"@id\":\"https:\\\/\\\/iai.int\\\/es\\\/7a-reunion-del-consejo-ejecutivo\\\/#primaryimage\",\"url\":\"https:\\\/\\\/iai.int\\\/wp-content\\\/uploads\\\/2026\\\/01\\\/14.png\",\"contentUrl\":\"https:\\\/\\\/iai.int\\\/wp-content\\\/uploads\\\/2026\\\/01\\\/14.png\",\"width\":1772,\"height\":551},{\"@type\":\"BreadcrumbList\",\"@id\":\"https:\\\/\\\/iai.int\\\/es\\\/7a-reunion-del-consejo-ejecutivo\\\/#breadcrumb\",\"itemListElement\":[{\"@type\":\"ListItem\",\"position\":1,\"name\":\"Portada\",\"item\":\"https:\\\/\\\/iai.int\\\/es\\\/\"},{\"@type\":\"ListItem\",\"position\":2,\"name\":\"7a reuni\u00f3n del Consejo Ejecutivo\"}]},{\"@type\":\"WebSite\",\"@id\":\"https:\\\/\\\/iai.int\\\/es\\\/#website\",\"url\":\"https:\\\/\\\/iai.int\\\/es\\\/\",\"name\":\"IAI - Inter-American Institute for Global Change Research\",\"description\":\"\",\"publisher\":{\"@id\":\"https:\\\/\\\/iai.int\\\/es\\\/#organization\"},\"potentialAction\":[{\"@type\":\"SearchAction\",\"target\":{\"@type\":\"EntryPoint\",\"urlTemplate\":\"https:\\\/\\\/iai.int\\\/es\\\/?s={search_term_string}\"},\"query-input\":{\"@type\":\"PropertyValueSpecification\",\"valueRequired\":true,\"valueName\":\"search_term_string\"}}],\"inLanguage\":\"es\"},{\"@type\":\"Organization\",\"@id\":\"https:\\\/\\\/iai.int\\\/es\\\/#organization\",\"name\":\"IAI - Inter-American Institute for Global Change Research\",\"url\":\"https:\\\/\\\/iai.int\\\/es\\\/\",\"logo\":{\"@type\":\"ImageObject\",\"inLanguage\":\"es\",\"@id\":\"https:\\\/\\\/iai.int\\\/es\\\/#\\\/schema\\\/logo\\\/image\\\/\",\"url\":\"https:\\\/\\\/iai.int\\\/wp-content\\\/uploads\\\/2025\\\/11\\\/IAI-logo-English-scaled.png\",\"contentUrl\":\"https:\\\/\\\/iai.int\\\/wp-content\\\/uploads\\\/2025\\\/11\\\/IAI-logo-English-scaled.png\",\"width\":2560,\"height\":985,\"caption\":\"IAI - Inter-American Institute for Global Change Research\"},\"image\":{\"@id\":\"https:\\\/\\\/iai.int\\\/es\\\/#\\\/schema\\\/logo\\\/image\\\/\"}}]}<\/script>\n<!-- \/ Yoast SEO plugin. -->","yoast_head_json":{"title":"7a reuni\u00f3n del Consejo Ejecutivo - IAI - Inter-American Institute for Global Change Research","robots":{"index":"index","follow":"follow","max-snippet":"max-snippet:-1","max-image-preview":"max-image-preview:large","max-video-preview":"max-video-preview:-1"},"canonical":"https:\/\/iai.int\/es\/7a-reunion-del-consejo-ejecutivo\/","og_locale":"es_ES","og_type":"article","og_title":"7a reuni\u00f3n del Consejo Ejecutivo - IAI - Inter-American Institute for Global Change Research","og_description":"1-2 de junio de 1998, Arlington, VA, Estados Unidos de Am\u00e9rica TEMA DE AGENDA DOCUMENTO (PDF) Lunes 1 de junio, sesi\u00f3n matutina (9:00-12:00) &nbsp; Ceremonia inaugural&nbsp; Sin documento 1.\u2002 Aprobaci\u00f3n de la agenda espa\u00f1ol 2.\u2002 Aprobaci\u00f3n del informe de la 6a reuni\u00f3n del CE ingl\u00e9s 3.\u2002 Informe del Presidente del Consejo Ejecutivo\u2003a. Actividades encargadas al [&hellip;]","og_url":"https:\/\/iai.int\/es\/7a-reunion-del-consejo-ejecutivo\/","og_site_name":"IAI - Inter-American Institute for Global Change Research","article_modified_time":"2026-01-14T16:06:39+00:00","og_image":[{"width":1772,"height":551,"url":"https:\/\/iai.int\/wp-content\/uploads\/2026\/01\/14.png","type":"image\/png"}],"twitter_card":"summary_large_image","twitter_misc":{"Tiempo de lectura":"2 minutos"},"schema":{"@context":"https:\/\/schema.org","@graph":[{"@type":"WebPage","@id":"https:\/\/iai.int\/es\/7a-reunion-del-consejo-ejecutivo\/","url":"https:\/\/iai.int\/es\/7a-reunion-del-consejo-ejecutivo\/","name":"7a reuni\u00f3n del Consejo Ejecutivo - IAI - Inter-American Institute for Global Change Research","isPartOf":{"@id":"https:\/\/iai.int\/es\/#website"},"primaryImageOfPage":{"@id":"https:\/\/iai.int\/es\/7a-reunion-del-consejo-ejecutivo\/#primaryimage"},"image":{"@id":"https:\/\/iai.int\/es\/7a-reunion-del-consejo-ejecutivo\/#primaryimage"},"thumbnailUrl":"https:\/\/iai.int\/wp-content\/uploads\/2026\/01\/14.png","datePublished":"2026-01-08T17:55:12+00:00","dateModified":"2026-01-14T16:06:39+00:00","breadcrumb":{"@id":"https:\/\/iai.int\/es\/7a-reunion-del-consejo-ejecutivo\/#breadcrumb"},"inLanguage":"es","potentialAction":[{"@type":"ReadAction","target":["https:\/\/iai.int\/es\/7a-reunion-del-consejo-ejecutivo\/"]}]},{"@type":"ImageObject","inLanguage":"es","@id":"https:\/\/iai.int\/es\/7a-reunion-del-consejo-ejecutivo\/#primaryimage","url":"https:\/\/iai.int\/wp-content\/uploads\/2026\/01\/14.png","contentUrl":"https:\/\/iai.int\/wp-content\/uploads\/2026\/01\/14.png","width":1772,"height":551},{"@type":"BreadcrumbList","@id":"https:\/\/iai.int\/es\/7a-reunion-del-consejo-ejecutivo\/#breadcrumb","itemListElement":[{"@type":"ListItem","position":1,"name":"Portada","item":"https:\/\/iai.int\/es\/"},{"@type":"ListItem","position":2,"name":"7a reuni\u00f3n del Consejo Ejecutivo"}]},{"@type":"WebSite","@id":"https:\/\/iai.int\/es\/#website","url":"https:\/\/iai.int\/es\/","name":"IAI - Inter-American Institute for Global Change Research","description":"","publisher":{"@id":"https:\/\/iai.int\/es\/#organization"},"potentialAction":[{"@type":"SearchAction","target":{"@type":"EntryPoint","urlTemplate":"https:\/\/iai.int\/es\/?s={search_term_string}"},"query-input":{"@type":"PropertyValueSpecification","valueRequired":true,"valueName":"search_term_string"}}],"inLanguage":"es"},{"@type":"Organization","@id":"https:\/\/iai.int\/es\/#organization","name":"IAI - Inter-American Institute for Global Change Research","url":"https:\/\/iai.int\/es\/","logo":{"@type":"ImageObject","inLanguage":"es","@id":"https:\/\/iai.int\/es\/#\/schema\/logo\/image\/","url":"https:\/\/iai.int\/wp-content\/uploads\/2025\/11\/IAI-logo-English-scaled.png","contentUrl":"https:\/\/iai.int\/wp-content\/uploads\/2025\/11\/IAI-logo-English-scaled.png","width":2560,"height":985,"caption":"IAI - Inter-American Institute for Global Change Research"},"image":{"@id":"https:\/\/iai.int\/es\/#\/schema\/logo\/image\/"}}]}},"uagb_featured_image_src":{"full":["https:\/\/iai.int\/wp-content\/uploads\/2026\/01\/14.png",1772,551,false],"thumbnail":["https:\/\/iai.int\/wp-content\/uploads\/2026\/01\/14-150x150.png",150,150,true],"medium":["https:\/\/iai.int\/wp-content\/uploads\/2026\/01\/14-300x93.png",300,93,true],"medium_large":["https:\/\/iai.int\/wp-content\/uploads\/2026\/01\/14-768x239.png",768,239,true],"large":["https:\/\/iai.int\/wp-content\/uploads\/2026\/01\/14-1024x318.png",800,248,true],"1536x1536":["https:\/\/iai.int\/wp-content\/uploads\/2026\/01\/14-1536x478.png",1536,478,true],"2048x2048":["https:\/\/iai.int\/wp-content\/uploads\/2026\/01\/14.png",1772,551,false]},"uagb_author_info":{"display_name":"IAI Communication","author_link":"https:\/\/iai.int\/es\/author\/iai-communication\/"},"uagb_comment_info":0,"uagb_excerpt":"1-2 de junio de 1998, Arlington, VA, Estados Unidos de Am\u00e9rica TEMA DE AGENDA DOCUMENTO (PDF) Lunes 1 de junio, sesi\u00f3n matutina (9:00-12:00) &nbsp; Ceremonia inaugural&nbsp; Sin documento 1.\u2002 Aprobaci\u00f3n de la agenda espa\u00f1ol 2.\u2002 Aprobaci\u00f3n del informe de la 6a reuni\u00f3n del CE ingl\u00e9s 3.\u2002 Informe del Presidente del Consejo Ejecutivo\u2003a. Actividades encargadas al&hellip;","_links":{"self":[{"href":"https:\/\/iai.int\/es\/wp-json\/wp\/v2\/pages\/12880","targetHints":{"allow":["GET"]}}],"collection":[{"href":"https:\/\/iai.int\/es\/wp-json\/wp\/v2\/pages"}],"about":[{"href":"https:\/\/iai.int\/es\/wp-json\/wp\/v2\/types\/page"}],"author":[{"embeddable":true,"href":"https:\/\/iai.int\/es\/wp-json\/wp\/v2\/users\/9"}],"replies":[{"embeddable":true,"href":"https:\/\/iai.int\/es\/wp-json\/wp\/v2\/comments?post=12880"}],"version-history":[{"count":3,"href":"https:\/\/iai.int\/es\/wp-json\/wp\/v2\/pages\/12880\/revisions"}],"predecessor-version":[{"id":13428,"href":"https:\/\/iai.int\/es\/wp-json\/wp\/v2\/pages\/12880\/revisions\/13428"}],"wp:featuredmedia":[{"embeddable":true,"href":"https:\/\/iai.int\/es\/wp-json\/wp\/v2\/media\/12462"}],"wp:attachment":[{"href":"https:\/\/iai.int\/es\/wp-json\/wp\/v2\/media?parent=12880"}],"curies":[{"name":"wp","href":"https:\/\/api.w.org\/{rel}","templated":true}]}}