{"id":12874,"date":"2026-01-08T12:24:11","date_gmt":"2026-01-08T17:24:11","guid":{"rendered":"https:\/\/iai.int\/?page_id=12874"},"modified":"2026-01-14T11:20:40","modified_gmt":"2026-01-14T16:20:40","slug":"5a-reunion-de-la-conferencia-de-las-partes","status":"publish","type":"page","link":"https:\/\/iai.int\/es\/5a-reunion-de-la-conferencia-de-las-partes\/","title":{"rendered":"5a reuni\u00f3n de la Conferencia de las Partes"},"content":{"rendered":"\n<h4 class=\"wp-block-heading\">Agenda&nbsp;<\/h4>\n\n\n\n<p><strong>5a reuni\u00f3n de la Conferencia de las Partes (CoP-5) del IAI<\/strong><strong><br><\/strong>4-5 de junio de 1998, Arlington, VA, Estados Unidos de Am\u00e9rica<\/p>\n\n\n\n<figure class=\"wp-block-table\"><table><tbody><tr><td colspan=\"3\"><strong>Jueves 4 de junio, sesi\u00f3n matutina (9:00am-12:00am)<\/strong><\/td><\/tr><tr><td>&nbsp;<\/td><td>Ceremonia inaugural Representante de Estados Unidos<\/td><td>Sin documento<\/td><\/tr><tr><td>1.<\/td><td>Elecci\u00f3n del Comit\u00e9 de Acreditaci\u00f3n<\/td><td>Sin documento<\/td><\/tr><tr><td>2.<\/td><td>Elecci\u00f3n de la Mesa Directiva de la CoP<\/td><td>Sin documento<\/td><\/tr><tr><td>3.<\/td><td>Acreditaci\u00f3n de las Delegaciones<\/td><td>Sin documento<\/td><\/tr><tr><td>4.<\/td><td>Aprobaci\u00f3n de la agenda<\/td><td><a href=\"https:\/\/archive.iai.int\/admin\/site\/sites\/default\/files\/iai-cop-5-agenda-s.pdf\">espa\u00f1ol<\/a> \u2013 <a href=\"https:\/\/archive.iai.int\/admin\/site\/sites\/default\/files\/iai-cop-5-agenda-e.pdf\">ingl\u00e9s<\/a><\/td><\/tr><tr><td>5.<\/td><td>Aprobaci\u00f3n del informe de la 4a reuni\u00f3n de la Conferencia de las Partes<\/td><td><a href=\"https:\/\/archive.iai.int\/admin\/site\/sites\/default\/files\/iai-cop-4-report-s.pdf\">espa\u00f1ol<\/a> \u2013 <a href=\"https:\/\/archive.iai.int\/admin\/site\/sites\/default\/files\/iai-cop-4-report-e.pdf\">ingl\u00e9s<\/a><\/td><\/tr><tr><td>6.<\/td><td>Presentaciones:\u2013 Partes del Acuerdo\u2013 Naciones signatarias\u2013 Observadores<\/td><td>Sin documento<\/td><\/tr><tr><td>7.<\/td><td>Informe del Consejo Ejecutivo\u2013 Activiades encomendadas al CE por la CoP en su \u00faltima reuni\u00f3n\u2013 Actividades, acciones y decisiones del CE\u2013 Temas surgidos en la 7a reuni\u00f3n del CE<\/td><td>No document<\/td><\/tr><tr><td colspan=\"3\"><strong>Jueves 4 de junio, sesi\u00f3n vespertina (2:00pm-5:00pm)<\/strong><\/td><\/tr><tr><td>8.<\/td><td>Informe del Director Ejecutivo<\/td><td>&nbsp;<\/td><\/tr><tr><td>&nbsp;<\/td><td>El IAI despu\u00e9s de 3 a\u00f1os de actividades, logros y necesiddes futuras<\/td><td><a href=\"https:\/\/archive.iai.int\/admin\/site\/sites\/default\/files\/iai-cop-5-directorate-report-s.pdf\">espa\u00f1ol<\/a> \u2013 <a href=\"https:\/\/archive.iai.int\/admin\/site\/sites\/default\/files\/iai-cop-5-directorate-report-e.pdf\">ingl\u00e9s<\/a><\/td><\/tr><tr><td>&nbsp;<\/td><td>Planes para el desarrollo del IAI en los pr\u00f3ximos 5 a\u00f1os<\/td><td><a href=\"https:\/\/archive.iai.int\/admin\/site\/sites\/default\/files\/iai-cop-5-directorate-goals-e.pdf\">ingl\u00e9s<\/a><\/td><\/tr><tr><td>&nbsp;<\/td><td>Anexo 1: Carta de la OMM concerniente al apoyo econ\u00f3mico para la Conferencia ENSO<\/td><td><a href=\"https:\/\/archive.iai.int\/admin\/site\/sites\/default\/files\/iai-cop-5-directorate-report-annex1.pdf\">ingl\u00e9s<\/a><\/td><\/tr><tr><td>&nbsp;<\/td><td>Anexo 2: Programa Cient\u00edfico Inicial III \u2013 Lineamientos de las pol\u00edticas de los subsidios<\/td><td><a href=\"https:\/\/archive.iai.int\/admin\/site\/sites\/default\/files\/iai-cop-5-directorate-report-annex2.pdf\">ingl\u00e9s<\/a><\/td><\/tr><tr><td>&nbsp;<\/td><td>Anexo 3: Estado de la Escuela de capacitaci\u00f3n de verano del IAI en la Universidad de Miami<\/td><td><a href=\"https:\/\/archive.iai.int\/admin\/site\/sites\/default\/files\/iai-cop-5-directorate-report-annex3.pdf\">ingl\u00e9s<\/a><\/td><\/tr><tr><td>&nbsp;<\/td><td>Anexo 4: Ficha informativa: Talleres regionales sobre El Ni\u00f1o<\/td><td><a href=\"https:\/\/archive.iai.int\/admin\/site\/sites\/default\/files\/iai-cop-5-directorate-report-annex4.pdf\">ingl\u00e9s<\/a><\/td><\/tr><tr><td>&nbsp;<\/td><td>Anexo 5: Ficha informativa: Taller sobre ozono y radiaci\u00f3n UV-B<\/td><td><a href=\"https:\/\/archive.iai.int\/admin\/site\/sites\/default\/files\/iai-cop-5-directorate-report-annex5.pdf\">ingl\u00e9s<\/a><\/td><\/tr><tr><td>&nbsp;<\/td><td>Anexo 6: Declaraci\u00f3n de intenci\u00f3n para el lanzamiento de un sistema panamericano de informaci\u00f3n clim\u00e1tica para la preparaci\u00f3n para desastres (gobiernos de Estados Unidos y Chile)<\/td><td><a href=\"https:\/\/archive.iai.int\/admin\/site\/sites\/default\/files\/iai-cop-5-directorate-report-annex6.pdf\">ingl\u00e9s<\/a><\/td><\/tr><tr><td>9.<\/td><td>Informe del Presidente del SAC<\/td><td><a href=\"https:\/\/archive.iai.int\/admin\/site\/sites\/default\/files\/iai-cop-5-sac-report-s.pdf\">espa\u00f1ol<\/a> \u2013 <a href=\"https:\/\/archive.iai.int\/admin\/site\/sites\/default\/files\/iai-cop-5-sac-report-e.pdf\">ingl\u00e9s<\/a><\/td><\/tr><tr><td>10.<\/td><td>Temas surgidos de los informes presentados en el CE VII<\/td><td>&nbsp;<\/td><\/tr><tr><td>&nbsp;<\/td><td>Oficial Cient\u00edfico Principal\u2013 Anexo<\/td><td><a href=\"https:\/\/archive.iai.int\/admin\/site\/sites\/default\/files\/iai-cop-5-science-report-s.pdf\">espa\u00f1ol<\/a> \u2013<a href=\"https:\/\/archive.iai.int\/admin\/site\/sites\/default\/files\/iai-cop-5-science-report-annex-e.pdf\">ingl\u00e9s<\/a><\/td><\/tr><tr><td>&nbsp;<\/td><td>Grupos de trabajo\/Task forces\/Comit\u00e9s: Informe de la Task force de comunicaciones<\/td><td><a href=\"https:\/\/archive.iai.int\/admin\/site\/sites\/default\/files\/iai-cop-5-communications-task-force-report-s.pdf\">espa\u00f1ol<\/a> \u2013 <a href=\"https:\/\/archive.iai.int\/admin\/site\/sites\/default\/files\/iai-cop-5-communications-task-force-report-e.pdf\">ingl\u00e9s<\/a><\/td><\/tr><tr><td>&nbsp;<\/td><td>Actividades IAI\/GEF<\/td><td><a href=\"https:\/\/archive.iai.int\/admin\/site\/sites\/default\/files\/iai-cop-5-report-GEF-Project-RLA92-G34-s.pdf\">espa\u00f1ol<\/a> \u2013 <a href=\"https:\/\/archive.iai.int\/admin\/site\/sites\/default\/files\/iai-cop-5-report-GEF-Project-RLA92-G34-e.pdf\">ingl\u00e9s<\/a><\/td><\/tr><tr><td>11.<\/td><td>Programa anual para el AF 1998-1999<\/td><td><a href=\"https:\/\/archive.iai.int\/admin\/site\/sites\/default\/files\/iai-cop-5-annual-plan-e.pdf\">ingl\u00e9s<\/a><\/td><\/tr><tr><td>12.<\/td><td>Aprobaci\u00f3n del Presupuesto operativo para el AF 1998-1999<\/td><td><a href=\"https:\/\/archive.iai.int\/admin\/site\/sites\/default\/files\/iai-cop-5-budget-request-s.pdf\">espa\u00f1ol<\/a><\/td><\/tr><tr><td>13.<\/td><td>Sesi\u00f3n de donantes<\/td><td>Sin documento<\/td><\/tr><tr><td colspan=\"3\"><strong>Viernes 5 de junio, sesi\u00f3n matutina (9:00am-12:30pm)<\/strong><\/td><\/tr><tr><td>14.<\/td><td>Sesi\u00f3n ejecutiva<\/td><td>Sin documento<\/td><\/tr><tr><td>15.<\/td><td>Elecci\u00f3n de miembros del SAC<\/td><td><a href=\"https:\/\/archive.iai.int\/admin\/site\/sites\/default\/files\/iai-cop-5-election-sac-e.pdf\">ingl\u00e9s<\/a><\/td><\/tr><tr><td>16.<\/td><td>Elecci\u00f3n del Consejo Ejecutivo<\/td><td>Sin documento<\/td><\/tr><tr><td>17.<\/td><td>Firma de acuerdos<\/td><td>Sin documento<\/td><\/tr><tr><td>18.<\/td><td>Futuras reuniones<\/td><td>Sin documento<\/td><\/tr><tr><td>19.<\/td><td>Aprobaci\u00f3n de las Listas de acciones<\/td><td>Sin documento<\/td><\/tr><tr><td>20.<\/td><td>Clausura<\/td><td>Sin documento<\/td><\/tr><\/tbody><\/table><\/figure>\n\n\n\n<p><strong>Decisiones adoptadas en la 5a reuni\u00f3n de la Conferencia de las Partes del<\/strong> <strong>Instituto Interamericano para la Investigaci\u00f3n del Cambio Global<\/strong><\/p>\n\n\n\n<p><a href=\"https:\/\/archive.iai.int\/admin\/site\/sites\/default\/files\/decisions-CoP05_EN.pdf\">ingl\u00e9s<\/a><\/p>\n\n\n\n<p><strong>Lista de participantes de la 5a reuni\u00f3n de la Conferencia de las Partes del<\/strong> <strong>Instituto Interamericano para la Investigaci\u00f3n del Cambio Global<\/strong><\/p>\n\n\n\n<p><a href=\"https:\/\/archive.iai.int\/admin\/site\/sites\/default\/files\/iai-cop-5-list-participants.pdf\">clic aqu\u00ed<\/a><\/p>\n\n\n\n<p><strong>Informe de la 5a reuni\u00f3n de la Conferencia de las Partes del<\/strong> <strong>Instituto Interamericano para la Investigaci\u00f3n del Cambio Global<\/strong><\/p>\n\n\n\n<p><a href=\"https:\/\/archive.iai.int\/admin\/site\/sites\/default\/files\/iai-cop-5-report-s.pdf\">espa\u00f1ol<\/a> \u2013 <a href=\"https:\/\/archive.iai.int\/admin\/site\/sites\/default\/files\/iai-cop-5-report-e.pdf\">ingl\u00e9s<\/a><\/p>\n\n\n\n<p><\/p>\n\n\n\n<p><a href=\"https:\/\/iai.int\/es\/reuniones-ec-y-cop\/\"><strong>Regresar a Reuniones EC y COP<\/strong><\/a><\/p>\n","protected":false},"excerpt":{"rendered":"<p>Agenda&nbsp; 5a reuni\u00f3n de la Conferencia de las Partes (CoP-5) del IAI4-5 de junio de 1998, Arlington, VA, Estados Unidos de Am\u00e9rica Jueves 4 de junio, sesi\u00f3n matutina (9:00am-12:00am) &nbsp; Ceremonia inaugural Representante de Estados Unidos Sin documento 1. Elecci\u00f3n del Comit\u00e9 de Acreditaci\u00f3n Sin documento 2. Elecci\u00f3n de la Mesa Directiva de la CoP [&hellip;]<\/p>\n","protected":false},"author":9,"featured_media":12462,"parent":0,"menu_order":0,"comment_status":"closed","ping_status":"closed","template":"","meta":{"_acf_changed":false,"_uag_custom_page_level_css":"","footnotes":""},"class_list":["post-12874","page","type-page","status-publish","has-post-thumbnail","hentry"],"acf":[],"yoast_head":"<!-- This site is optimized with the Yoast SEO plugin v27.3 - https:\/\/yoast.com\/product\/yoast-seo-wordpress\/ -->\n<title>5a reuni\u00f3n de la Conferencia de las Partes - IAI - Inter-American Institute for Global Change Research<\/title>\n<meta name=\"robots\" content=\"index, follow, max-snippet:-1, max-image-preview:large, max-video-preview:-1\" \/>\n<link rel=\"canonical\" href=\"https:\/\/iai.int\/es\/5a-reunion-de-la-conferencia-de-las-partes\/\" \/>\n<meta property=\"og:locale\" content=\"es_ES\" \/>\n<meta property=\"og:type\" content=\"article\" \/>\n<meta property=\"og:title\" content=\"5a reuni\u00f3n de la Conferencia de las Partes - IAI - Inter-American Institute for Global Change Research\" \/>\n<meta property=\"og:description\" content=\"Agenda&nbsp; 5a reuni\u00f3n de la Conferencia de las Partes (CoP-5) del IAI4-5 de junio de 1998, Arlington, VA, Estados Unidos de Am\u00e9rica Jueves 4 de junio, sesi\u00f3n matutina (9:00am-12:00am) &nbsp; Ceremonia inaugural Representante de Estados Unidos Sin documento 1. Elecci\u00f3n del Comit\u00e9 de Acreditaci\u00f3n Sin documento 2. Elecci\u00f3n de la Mesa Directiva de la CoP [&hellip;]\" \/>\n<meta property=\"og:url\" content=\"https:\/\/iai.int\/es\/5a-reunion-de-la-conferencia-de-las-partes\/\" \/>\n<meta property=\"og:site_name\" content=\"IAI - Inter-American Institute for Global Change Research\" \/>\n<meta property=\"article:modified_time\" content=\"2026-01-14T16:20:40+00:00\" \/>\n<meta property=\"og:image\" content=\"https:\/\/iai.int\/wp-content\/uploads\/2026\/01\/14.png\" \/>\n\t<meta property=\"og:image:width\" content=\"1772\" \/>\n\t<meta property=\"og:image:height\" content=\"551\" \/>\n\t<meta property=\"og:image:type\" content=\"image\/png\" \/>\n<meta name=\"twitter:card\" content=\"summary_large_image\" \/>\n<meta name=\"twitter:label1\" content=\"Tiempo de lectura\" \/>\n\t<meta name=\"twitter:data1\" content=\"2 minutos\" \/>\n<script type=\"application\/ld+json\" class=\"yoast-schema-graph\">{\"@context\":\"https:\\\/\\\/schema.org\",\"@graph\":[{\"@type\":\"WebPage\",\"@id\":\"https:\\\/\\\/iai.int\\\/es\\\/5a-reunion-de-la-conferencia-de-las-partes\\\/\",\"url\":\"https:\\\/\\\/iai.int\\\/es\\\/5a-reunion-de-la-conferencia-de-las-partes\\\/\",\"name\":\"5a reuni\u00f3n de la Conferencia de las Partes - IAI - Inter-American Institute for Global Change Research\",\"isPartOf\":{\"@id\":\"https:\\\/\\\/iai.int\\\/es\\\/#website\"},\"primaryImageOfPage\":{\"@id\":\"https:\\\/\\\/iai.int\\\/es\\\/5a-reunion-de-la-conferencia-de-las-partes\\\/#primaryimage\"},\"image\":{\"@id\":\"https:\\\/\\\/iai.int\\\/es\\\/5a-reunion-de-la-conferencia-de-las-partes\\\/#primaryimage\"},\"thumbnailUrl\":\"https:\\\/\\\/iai.int\\\/wp-content\\\/uploads\\\/2026\\\/01\\\/14.png\",\"datePublished\":\"2026-01-08T17:24:11+00:00\",\"dateModified\":\"2026-01-14T16:20:40+00:00\",\"breadcrumb\":{\"@id\":\"https:\\\/\\\/iai.int\\\/es\\\/5a-reunion-de-la-conferencia-de-las-partes\\\/#breadcrumb\"},\"inLanguage\":\"es\",\"potentialAction\":[{\"@type\":\"ReadAction\",\"target\":[\"https:\\\/\\\/iai.int\\\/es\\\/5a-reunion-de-la-conferencia-de-las-partes\\\/\"]}]},{\"@type\":\"ImageObject\",\"inLanguage\":\"es\",\"@id\":\"https:\\\/\\\/iai.int\\\/es\\\/5a-reunion-de-la-conferencia-de-las-partes\\\/#primaryimage\",\"url\":\"https:\\\/\\\/iai.int\\\/wp-content\\\/uploads\\\/2026\\\/01\\\/14.png\",\"contentUrl\":\"https:\\\/\\\/iai.int\\\/wp-content\\\/uploads\\\/2026\\\/01\\\/14.png\",\"width\":1772,\"height\":551},{\"@type\":\"BreadcrumbList\",\"@id\":\"https:\\\/\\\/iai.int\\\/es\\\/5a-reunion-de-la-conferencia-de-las-partes\\\/#breadcrumb\",\"itemListElement\":[{\"@type\":\"ListItem\",\"position\":1,\"name\":\"Portada\",\"item\":\"https:\\\/\\\/iai.int\\\/es\\\/\"},{\"@type\":\"ListItem\",\"position\":2,\"name\":\"5a reuni\u00f3n de la Conferencia de las Partes\"}]},{\"@type\":\"WebSite\",\"@id\":\"https:\\\/\\\/iai.int\\\/es\\\/#website\",\"url\":\"https:\\\/\\\/iai.int\\\/es\\\/\",\"name\":\"IAI - Inter-American Institute for Global Change Research\",\"description\":\"\",\"publisher\":{\"@id\":\"https:\\\/\\\/iai.int\\\/es\\\/#organization\"},\"potentialAction\":[{\"@type\":\"SearchAction\",\"target\":{\"@type\":\"EntryPoint\",\"urlTemplate\":\"https:\\\/\\\/iai.int\\\/es\\\/?s={search_term_string}\"},\"query-input\":{\"@type\":\"PropertyValueSpecification\",\"valueRequired\":true,\"valueName\":\"search_term_string\"}}],\"inLanguage\":\"es\"},{\"@type\":\"Organization\",\"@id\":\"https:\\\/\\\/iai.int\\\/es\\\/#organization\",\"name\":\"IAI - Inter-American Institute for Global Change Research\",\"url\":\"https:\\\/\\\/iai.int\\\/es\\\/\",\"logo\":{\"@type\":\"ImageObject\",\"inLanguage\":\"es\",\"@id\":\"https:\\\/\\\/iai.int\\\/es\\\/#\\\/schema\\\/logo\\\/image\\\/\",\"url\":\"https:\\\/\\\/iai.int\\\/wp-content\\\/uploads\\\/2025\\\/11\\\/IAI-logo-English-scaled.png\",\"contentUrl\":\"https:\\\/\\\/iai.int\\\/wp-content\\\/uploads\\\/2025\\\/11\\\/IAI-logo-English-scaled.png\",\"width\":2560,\"height\":985,\"caption\":\"IAI - Inter-American Institute for Global Change Research\"},\"image\":{\"@id\":\"https:\\\/\\\/iai.int\\\/es\\\/#\\\/schema\\\/logo\\\/image\\\/\"}}]}<\/script>\n<!-- \/ Yoast SEO plugin. -->","yoast_head_json":{"title":"5a reuni\u00f3n de la Conferencia de las Partes - IAI - Inter-American Institute for Global Change Research","robots":{"index":"index","follow":"follow","max-snippet":"max-snippet:-1","max-image-preview":"max-image-preview:large","max-video-preview":"max-video-preview:-1"},"canonical":"https:\/\/iai.int\/es\/5a-reunion-de-la-conferencia-de-las-partes\/","og_locale":"es_ES","og_type":"article","og_title":"5a reuni\u00f3n de la Conferencia de las Partes - IAI - Inter-American Institute for Global Change Research","og_description":"Agenda&nbsp; 5a reuni\u00f3n de la Conferencia de las Partes (CoP-5) del IAI4-5 de junio de 1998, Arlington, VA, Estados Unidos de Am\u00e9rica Jueves 4 de junio, sesi\u00f3n matutina (9:00am-12:00am) &nbsp; Ceremonia inaugural Representante de Estados Unidos Sin documento 1. Elecci\u00f3n del Comit\u00e9 de Acreditaci\u00f3n Sin documento 2. Elecci\u00f3n de la Mesa Directiva de la CoP [&hellip;]","og_url":"https:\/\/iai.int\/es\/5a-reunion-de-la-conferencia-de-las-partes\/","og_site_name":"IAI - Inter-American Institute for Global Change Research","article_modified_time":"2026-01-14T16:20:40+00:00","og_image":[{"width":1772,"height":551,"url":"https:\/\/iai.int\/wp-content\/uploads\/2026\/01\/14.png","type":"image\/png"}],"twitter_card":"summary_large_image","twitter_misc":{"Tiempo de lectura":"2 minutos"},"schema":{"@context":"https:\/\/schema.org","@graph":[{"@type":"WebPage","@id":"https:\/\/iai.int\/es\/5a-reunion-de-la-conferencia-de-las-partes\/","url":"https:\/\/iai.int\/es\/5a-reunion-de-la-conferencia-de-las-partes\/","name":"5a reuni\u00f3n de la Conferencia de las Partes - IAI - Inter-American Institute for Global Change Research","isPartOf":{"@id":"https:\/\/iai.int\/es\/#website"},"primaryImageOfPage":{"@id":"https:\/\/iai.int\/es\/5a-reunion-de-la-conferencia-de-las-partes\/#primaryimage"},"image":{"@id":"https:\/\/iai.int\/es\/5a-reunion-de-la-conferencia-de-las-partes\/#primaryimage"},"thumbnailUrl":"https:\/\/iai.int\/wp-content\/uploads\/2026\/01\/14.png","datePublished":"2026-01-08T17:24:11+00:00","dateModified":"2026-01-14T16:20:40+00:00","breadcrumb":{"@id":"https:\/\/iai.int\/es\/5a-reunion-de-la-conferencia-de-las-partes\/#breadcrumb"},"inLanguage":"es","potentialAction":[{"@type":"ReadAction","target":["https:\/\/iai.int\/es\/5a-reunion-de-la-conferencia-de-las-partes\/"]}]},{"@type":"ImageObject","inLanguage":"es","@id":"https:\/\/iai.int\/es\/5a-reunion-de-la-conferencia-de-las-partes\/#primaryimage","url":"https:\/\/iai.int\/wp-content\/uploads\/2026\/01\/14.png","contentUrl":"https:\/\/iai.int\/wp-content\/uploads\/2026\/01\/14.png","width":1772,"height":551},{"@type":"BreadcrumbList","@id":"https:\/\/iai.int\/es\/5a-reunion-de-la-conferencia-de-las-partes\/#breadcrumb","itemListElement":[{"@type":"ListItem","position":1,"name":"Portada","item":"https:\/\/iai.int\/es\/"},{"@type":"ListItem","position":2,"name":"5a reuni\u00f3n de la Conferencia de las Partes"}]},{"@type":"WebSite","@id":"https:\/\/iai.int\/es\/#website","url":"https:\/\/iai.int\/es\/","name":"IAI - Inter-American Institute for Global Change Research","description":"","publisher":{"@id":"https:\/\/iai.int\/es\/#organization"},"potentialAction":[{"@type":"SearchAction","target":{"@type":"EntryPoint","urlTemplate":"https:\/\/iai.int\/es\/?s={search_term_string}"},"query-input":{"@type":"PropertyValueSpecification","valueRequired":true,"valueName":"search_term_string"}}],"inLanguage":"es"},{"@type":"Organization","@id":"https:\/\/iai.int\/es\/#organization","name":"IAI - Inter-American Institute for Global Change Research","url":"https:\/\/iai.int\/es\/","logo":{"@type":"ImageObject","inLanguage":"es","@id":"https:\/\/iai.int\/es\/#\/schema\/logo\/image\/","url":"https:\/\/iai.int\/wp-content\/uploads\/2025\/11\/IAI-logo-English-scaled.png","contentUrl":"https:\/\/iai.int\/wp-content\/uploads\/2025\/11\/IAI-logo-English-scaled.png","width":2560,"height":985,"caption":"IAI - Inter-American Institute for Global Change Research"},"image":{"@id":"https:\/\/iai.int\/es\/#\/schema\/logo\/image\/"}}]}},"uagb_featured_image_src":{"full":["https:\/\/iai.int\/wp-content\/uploads\/2026\/01\/14.png",1772,551,false],"thumbnail":["https:\/\/iai.int\/wp-content\/uploads\/2026\/01\/14-150x150.png",150,150,true],"medium":["https:\/\/iai.int\/wp-content\/uploads\/2026\/01\/14-300x93.png",300,93,true],"medium_large":["https:\/\/iai.int\/wp-content\/uploads\/2026\/01\/14-768x239.png",768,239,true],"large":["https:\/\/iai.int\/wp-content\/uploads\/2026\/01\/14-1024x318.png",800,248,true],"1536x1536":["https:\/\/iai.int\/wp-content\/uploads\/2026\/01\/14-1536x478.png",1536,478,true],"2048x2048":["https:\/\/iai.int\/wp-content\/uploads\/2026\/01\/14.png",1772,551,false]},"uagb_author_info":{"display_name":"IAI Communication","author_link":"https:\/\/iai.int\/es\/author\/iai-communication\/"},"uagb_comment_info":0,"uagb_excerpt":"Agenda&nbsp; 5a reuni\u00f3n de la Conferencia de las Partes (CoP-5) del IAI4-5 de junio de 1998, Arlington, VA, Estados Unidos de Am\u00e9rica Jueves 4 de junio, sesi\u00f3n matutina (9:00am-12:00am) &nbsp; Ceremonia inaugural Representante de Estados Unidos Sin documento 1. Elecci\u00f3n del Comit\u00e9 de Acreditaci\u00f3n Sin documento 2. Elecci\u00f3n de la Mesa Directiva de la CoP&hellip;","_links":{"self":[{"href":"https:\/\/iai.int\/es\/wp-json\/wp\/v2\/pages\/12874","targetHints":{"allow":["GET"]}}],"collection":[{"href":"https:\/\/iai.int\/es\/wp-json\/wp\/v2\/pages"}],"about":[{"href":"https:\/\/iai.int\/es\/wp-json\/wp\/v2\/types\/page"}],"author":[{"embeddable":true,"href":"https:\/\/iai.int\/es\/wp-json\/wp\/v2\/users\/9"}],"replies":[{"embeddable":true,"href":"https:\/\/iai.int\/es\/wp-json\/wp\/v2\/comments?post=12874"}],"version-history":[{"count":4,"href":"https:\/\/iai.int\/es\/wp-json\/wp\/v2\/pages\/12874\/revisions"}],"predecessor-version":[{"id":13438,"href":"https:\/\/iai.int\/es\/wp-json\/wp\/v2\/pages\/12874\/revisions\/13438"}],"wp:featuredmedia":[{"embeddable":true,"href":"https:\/\/iai.int\/es\/wp-json\/wp\/v2\/media\/12462"}],"wp:attachment":[{"href":"https:\/\/iai.int\/es\/wp-json\/wp\/v2\/media?parent=12874"}],"curies":[{"name":"wp","href":"https:\/\/api.w.org\/{rel}","templated":true}]}}