{"id":12872,"date":"2026-01-08T12:21:13","date_gmt":"2026-01-08T17:21:13","guid":{"rendered":"https:\/\/iai.int\/?page_id=12872"},"modified":"2026-01-14T10:44:18","modified_gmt":"2026-01-14T15:44:18","slug":"8a-reunion-del-consejo-ejecutivo","status":"publish","type":"page","link":"https:\/\/iai.int\/es\/8a-reunion-del-consejo-ejecutivo\/","title":{"rendered":"8a reuni\u00f3n del Consejo Ejecutivo"},"content":{"rendered":"\n<p>Agenda&nbsp;<a href=\"http:\/\/www.iai.int\/admin\/site\/sites\/default\/files\/EC-9-minutes-SP-1.pdf\" target=\"_blank\" rel=\"noreferrer noopener\">espa\u00f1ol<\/a>&nbsp;\u2013&nbsp;<a href=\"http:\/\/www.iai.int\/admin\/site\/sites\/default\/files\/EC-9-minutes-SP.pdf\" target=\"_blank\" rel=\"noreferrer noopener\">ingl\u00e9s<\/a><\/p>\n\n\n\n<p>Minutas de la septima reuni\u00f3n del comit\u00e9 ejecutivo del IAI&nbsp;<a href=\"http:\/\/www.iai.int\/admin\/site\/sites\/default\/files\/EC-9-minutes-SP-1.pdf\" target=\"_blank\" rel=\"noreferrer noopener\">espa\u00f1ol<\/a>&nbsp;\u2013&nbsp;<a href=\"http:\/\/www.iai.int\/admin\/site\/sites\/default\/files\/EC-9-minutes-SP.pdf\" target=\"_blank\" rel=\"noreferrer noopener\">ingl\u00e9s<\/a><\/p>\n\n\n\n<p>Informe de la Direccion Ejecutiva del IAI&nbsp;<a href=\"http:\/\/www.iai.int\/admin\/site\/sites\/default\/files\/EC-9-minutes-SP.pdf\" target=\"_blank\" rel=\"noreferrer noopener\">ingl\u00e9s<\/a><\/p>\n\n\n\n<p>Recomendaciones de la Direccion Ejecutiva del IAI y SAC sobre el programa CRN&nbsp;<a href=\"http:\/\/www.iai.int\/admin\/site\/sites\/default\/files\/EC-9-minutes-SP.pdf\" target=\"_blank\" rel=\"noreferrer noopener\">ingl\u00e9s<\/a><\/p>\n\n\n\n<p>Informe del Presidente del Consejo Asesor Cientifico&nbsp;<a href=\"http:\/\/www.iai.int\/admin\/site\/sites\/default\/files\/EC-9-minutes-SP.pdf\" target=\"_blank\" rel=\"noreferrer noopener\">ingl\u00e9s<\/a><\/p>\n\n\n\n<p>Politica Financiera y Administrativa&nbsp;<a href=\"http:\/\/www.iai.int\/admin\/site\/sites\/default\/files\/EC-9-minutes-SP.pdf\" target=\"_blank\" rel=\"noreferrer noopener\">ingl\u00e9s<\/a><\/p>\n\n\n\n<p>Comunicaci\u00f3n&nbsp;<a href=\"http:\/\/www.iai.int\/admin\/site\/sites\/default\/files\/EC-9-minutes-SP.pdf\" target=\"_blank\" rel=\"noreferrer noopener\">ingl\u00e9s<\/a><\/p>\n\n\n\n<p>Actualizacion del Proyecto IAI\/GEF\/WMO&nbsp;<a href=\"http:\/\/www.iai.int\/admin\/site\/sites\/default\/files\/EC-9-minutes-SP-1.pdf\" target=\"_blank\" rel=\"noreferrer noopener\">espa\u00f1ol<\/a>&nbsp;\u2013&nbsp;<a href=\"http:\/\/www.iai.int\/admin\/site\/sites\/default\/files\/EC-9-minutes-SP.pdf\" target=\"_blank\" rel=\"noreferrer noopener\">ingl\u00e9s<\/a><\/p>\n\n\n\n<p>Fund-Raising Working Group &#8211; TOR and future actions&nbsp;<a href=\"http:\/\/www.iai.int\/admin\/site\/sites\/default\/files\/EC-9-minutes-SP.pdf\" target=\"_blank\" rel=\"noreferrer noopener\">ingl\u00e9s<\/a><\/p>\n\n\n\n<p>GEF Working Group &#8211; TOR and future actions&nbsp;<a href=\"http:\/\/www.iai.int\/admin\/site\/sites\/default\/files\/EC-9-minutes-SP.pdf\" target=\"_blank\" rel=\"noreferrer noopener\">ingl\u00e9s<\/a><\/p>\n\n\n\n<p>Pan American Climate Information System Initiative&nbsp;<a href=\"http:\/\/www.iai.int\/admin\/site\/sites\/default\/files\/EC-9-minutes-SP.pdf\" target=\"_blank\" rel=\"noreferrer noopener\">ingl\u00e9s<\/a><\/p>\n\n\n\n<p>Programa para Expandir las Capacidades Cientificas en las Americas (PESCA)&nbsp;<a href=\"http:\/\/www.iai.int\/admin\/site\/sites\/default\/files\/EC-9-minutes-SP.pdf\" target=\"_blank\" rel=\"noreferrer noopener\">ingl\u00e9s<\/a><\/p>\n\n\n\n<p><a href=\"https:\/\/iai.int\/es\/reuniones-ec-y-cop\/\"><strong>Regresar a Reuniones EC y COP<\/strong><\/a><\/p>\n\n\n\n<p><\/p>\n","protected":false},"excerpt":{"rendered":"<p>Agenda&nbsp;espa\u00f1ol&nbsp;\u2013&nbsp;ingl\u00e9s Minutas de la septima reuni\u00f3n del comit\u00e9 ejecutivo del IAI&nbsp;espa\u00f1ol&nbsp;\u2013&nbsp;ingl\u00e9s Informe de la Direccion Ejecutiva del IAI&nbsp;ingl\u00e9s Recomendaciones de la Direccion Ejecutiva del IAI y SAC sobre el programa CRN&nbsp;ingl\u00e9s Informe del Presidente del Consejo Asesor Cientifico&nbsp;ingl\u00e9s Politica Financiera y Administrativa&nbsp;ingl\u00e9s Comunicaci\u00f3n&nbsp;ingl\u00e9s Actualizacion del Proyecto IAI\/GEF\/WMO&nbsp;espa\u00f1ol&nbsp;\u2013&nbsp;ingl\u00e9s Fund-Raising Working Group &#8211; TOR and future actions&nbsp;ingl\u00e9s [&hellip;]<\/p>\n","protected":false},"author":9,"featured_media":12462,"parent":0,"menu_order":0,"comment_status":"closed","ping_status":"closed","template":"","meta":{"_acf_changed":false,"_uag_custom_page_level_css":"","footnotes":""},"class_list":["post-12872","page","type-page","status-publish","has-post-thumbnail","hentry"],"acf":[],"yoast_head":"<!-- This site is optimized with the Yoast SEO plugin v27.3 - https:\/\/yoast.com\/product\/yoast-seo-wordpress\/ -->\n<title>8a reuni\u00f3n del Consejo Ejecutivo - IAI - Inter-American Institute for Global Change Research<\/title>\n<meta name=\"robots\" content=\"index, follow, max-snippet:-1, max-image-preview:large, max-video-preview:-1\" \/>\n<link rel=\"canonical\" href=\"https:\/\/iai.int\/es\/8a-reunion-del-consejo-ejecutivo\/\" \/>\n<meta property=\"og:locale\" content=\"es_ES\" \/>\n<meta property=\"og:type\" content=\"article\" \/>\n<meta property=\"og:title\" content=\"8a reuni\u00f3n del Consejo Ejecutivo - IAI - Inter-American Institute for Global Change Research\" \/>\n<meta property=\"og:description\" content=\"Agenda&nbsp;espa\u00f1ol&nbsp;\u2013&nbsp;ingl\u00e9s Minutas de la septima reuni\u00f3n del comit\u00e9 ejecutivo del IAI&nbsp;espa\u00f1ol&nbsp;\u2013&nbsp;ingl\u00e9s Informe de la Direccion Ejecutiva del IAI&nbsp;ingl\u00e9s Recomendaciones de la Direccion Ejecutiva del IAI y SAC sobre el programa CRN&nbsp;ingl\u00e9s Informe del Presidente del Consejo Asesor Cientifico&nbsp;ingl\u00e9s Politica Financiera y Administrativa&nbsp;ingl\u00e9s Comunicaci\u00f3n&nbsp;ingl\u00e9s Actualizacion del Proyecto IAI\/GEF\/WMO&nbsp;espa\u00f1ol&nbsp;\u2013&nbsp;ingl\u00e9s Fund-Raising Working Group &#8211; TOR and future actions&nbsp;ingl\u00e9s [&hellip;]\" \/>\n<meta property=\"og:url\" content=\"https:\/\/iai.int\/es\/8a-reunion-del-consejo-ejecutivo\/\" \/>\n<meta property=\"og:site_name\" content=\"IAI - Inter-American Institute for Global Change Research\" \/>\n<meta property=\"article:modified_time\" content=\"2026-01-14T15:44:18+00:00\" \/>\n<meta property=\"og:image\" content=\"https:\/\/iai.int\/wp-content\/uploads\/2026\/01\/14.png\" \/>\n\t<meta property=\"og:image:width\" content=\"1772\" \/>\n\t<meta property=\"og:image:height\" content=\"551\" \/>\n\t<meta property=\"og:image:type\" content=\"image\/png\" \/>\n<meta name=\"twitter:card\" content=\"summary_large_image\" \/>\n<meta name=\"twitter:label1\" content=\"Tiempo de lectura\" \/>\n\t<meta name=\"twitter:data1\" content=\"1 minuto\" \/>\n<script type=\"application\/ld+json\" class=\"yoast-schema-graph\">{\"@context\":\"https:\\\/\\\/schema.org\",\"@graph\":[{\"@type\":\"WebPage\",\"@id\":\"https:\\\/\\\/iai.int\\\/es\\\/8a-reunion-del-consejo-ejecutivo\\\/\",\"url\":\"https:\\\/\\\/iai.int\\\/es\\\/8a-reunion-del-consejo-ejecutivo\\\/\",\"name\":\"8a reuni\u00f3n del Consejo Ejecutivo - IAI - Inter-American Institute for Global Change Research\",\"isPartOf\":{\"@id\":\"https:\\\/\\\/iai.int\\\/es\\\/#website\"},\"primaryImageOfPage\":{\"@id\":\"https:\\\/\\\/iai.int\\\/es\\\/8a-reunion-del-consejo-ejecutivo\\\/#primaryimage\"},\"image\":{\"@id\":\"https:\\\/\\\/iai.int\\\/es\\\/8a-reunion-del-consejo-ejecutivo\\\/#primaryimage\"},\"thumbnailUrl\":\"https:\\\/\\\/iai.int\\\/wp-content\\\/uploads\\\/2026\\\/01\\\/14.png\",\"datePublished\":\"2026-01-08T17:21:13+00:00\",\"dateModified\":\"2026-01-14T15:44:18+00:00\",\"breadcrumb\":{\"@id\":\"https:\\\/\\\/iai.int\\\/es\\\/8a-reunion-del-consejo-ejecutivo\\\/#breadcrumb\"},\"inLanguage\":\"es\",\"potentialAction\":[{\"@type\":\"ReadAction\",\"target\":[\"https:\\\/\\\/iai.int\\\/es\\\/8a-reunion-del-consejo-ejecutivo\\\/\"]}]},{\"@type\":\"ImageObject\",\"inLanguage\":\"es\",\"@id\":\"https:\\\/\\\/iai.int\\\/es\\\/8a-reunion-del-consejo-ejecutivo\\\/#primaryimage\",\"url\":\"https:\\\/\\\/iai.int\\\/wp-content\\\/uploads\\\/2026\\\/01\\\/14.png\",\"contentUrl\":\"https:\\\/\\\/iai.int\\\/wp-content\\\/uploads\\\/2026\\\/01\\\/14.png\",\"width\":1772,\"height\":551},{\"@type\":\"BreadcrumbList\",\"@id\":\"https:\\\/\\\/iai.int\\\/es\\\/8a-reunion-del-consejo-ejecutivo\\\/#breadcrumb\",\"itemListElement\":[{\"@type\":\"ListItem\",\"position\":1,\"name\":\"Portada\",\"item\":\"https:\\\/\\\/iai.int\\\/es\\\/\"},{\"@type\":\"ListItem\",\"position\":2,\"name\":\"8a reuni\u00f3n del Consejo Ejecutivo\"}]},{\"@type\":\"WebSite\",\"@id\":\"https:\\\/\\\/iai.int\\\/es\\\/#website\",\"url\":\"https:\\\/\\\/iai.int\\\/es\\\/\",\"name\":\"IAI - Inter-American Institute for Global Change Research\",\"description\":\"\",\"publisher\":{\"@id\":\"https:\\\/\\\/iai.int\\\/es\\\/#organization\"},\"potentialAction\":[{\"@type\":\"SearchAction\",\"target\":{\"@type\":\"EntryPoint\",\"urlTemplate\":\"https:\\\/\\\/iai.int\\\/es\\\/?s={search_term_string}\"},\"query-input\":{\"@type\":\"PropertyValueSpecification\",\"valueRequired\":true,\"valueName\":\"search_term_string\"}}],\"inLanguage\":\"es\"},{\"@type\":\"Organization\",\"@id\":\"https:\\\/\\\/iai.int\\\/es\\\/#organization\",\"name\":\"IAI - Inter-American Institute for Global Change Research\",\"url\":\"https:\\\/\\\/iai.int\\\/es\\\/\",\"logo\":{\"@type\":\"ImageObject\",\"inLanguage\":\"es\",\"@id\":\"https:\\\/\\\/iai.int\\\/es\\\/#\\\/schema\\\/logo\\\/image\\\/\",\"url\":\"https:\\\/\\\/iai.int\\\/wp-content\\\/uploads\\\/2025\\\/11\\\/IAI-logo-English-scaled.png\",\"contentUrl\":\"https:\\\/\\\/iai.int\\\/wp-content\\\/uploads\\\/2025\\\/11\\\/IAI-logo-English-scaled.png\",\"width\":2560,\"height\":985,\"caption\":\"IAI - Inter-American Institute for Global Change Research\"},\"image\":{\"@id\":\"https:\\\/\\\/iai.int\\\/es\\\/#\\\/schema\\\/logo\\\/image\\\/\"}}]}<\/script>\n<!-- \/ Yoast SEO plugin. -->","yoast_head_json":{"title":"8a reuni\u00f3n del Consejo Ejecutivo - IAI - Inter-American Institute for Global Change Research","robots":{"index":"index","follow":"follow","max-snippet":"max-snippet:-1","max-image-preview":"max-image-preview:large","max-video-preview":"max-video-preview:-1"},"canonical":"https:\/\/iai.int\/es\/8a-reunion-del-consejo-ejecutivo\/","og_locale":"es_ES","og_type":"article","og_title":"8a reuni\u00f3n del Consejo Ejecutivo - IAI - Inter-American Institute for Global Change Research","og_description":"Agenda&nbsp;espa\u00f1ol&nbsp;\u2013&nbsp;ingl\u00e9s Minutas de la septima reuni\u00f3n del comit\u00e9 ejecutivo del IAI&nbsp;espa\u00f1ol&nbsp;\u2013&nbsp;ingl\u00e9s Informe de la Direccion Ejecutiva del IAI&nbsp;ingl\u00e9s Recomendaciones de la Direccion Ejecutiva del IAI y SAC sobre el programa CRN&nbsp;ingl\u00e9s Informe del Presidente del Consejo Asesor Cientifico&nbsp;ingl\u00e9s Politica Financiera y Administrativa&nbsp;ingl\u00e9s Comunicaci\u00f3n&nbsp;ingl\u00e9s Actualizacion del Proyecto IAI\/GEF\/WMO&nbsp;espa\u00f1ol&nbsp;\u2013&nbsp;ingl\u00e9s Fund-Raising Working Group &#8211; TOR and future actions&nbsp;ingl\u00e9s [&hellip;]","og_url":"https:\/\/iai.int\/es\/8a-reunion-del-consejo-ejecutivo\/","og_site_name":"IAI - Inter-American Institute for Global Change Research","article_modified_time":"2026-01-14T15:44:18+00:00","og_image":[{"width":1772,"height":551,"url":"https:\/\/iai.int\/wp-content\/uploads\/2026\/01\/14.png","type":"image\/png"}],"twitter_card":"summary_large_image","twitter_misc":{"Tiempo de lectura":"1 minuto"},"schema":{"@context":"https:\/\/schema.org","@graph":[{"@type":"WebPage","@id":"https:\/\/iai.int\/es\/8a-reunion-del-consejo-ejecutivo\/","url":"https:\/\/iai.int\/es\/8a-reunion-del-consejo-ejecutivo\/","name":"8a reuni\u00f3n del Consejo Ejecutivo - IAI - Inter-American Institute for Global Change Research","isPartOf":{"@id":"https:\/\/iai.int\/es\/#website"},"primaryImageOfPage":{"@id":"https:\/\/iai.int\/es\/8a-reunion-del-consejo-ejecutivo\/#primaryimage"},"image":{"@id":"https:\/\/iai.int\/es\/8a-reunion-del-consejo-ejecutivo\/#primaryimage"},"thumbnailUrl":"https:\/\/iai.int\/wp-content\/uploads\/2026\/01\/14.png","datePublished":"2026-01-08T17:21:13+00:00","dateModified":"2026-01-14T15:44:18+00:00","breadcrumb":{"@id":"https:\/\/iai.int\/es\/8a-reunion-del-consejo-ejecutivo\/#breadcrumb"},"inLanguage":"es","potentialAction":[{"@type":"ReadAction","target":["https:\/\/iai.int\/es\/8a-reunion-del-consejo-ejecutivo\/"]}]},{"@type":"ImageObject","inLanguage":"es","@id":"https:\/\/iai.int\/es\/8a-reunion-del-consejo-ejecutivo\/#primaryimage","url":"https:\/\/iai.int\/wp-content\/uploads\/2026\/01\/14.png","contentUrl":"https:\/\/iai.int\/wp-content\/uploads\/2026\/01\/14.png","width":1772,"height":551},{"@type":"BreadcrumbList","@id":"https:\/\/iai.int\/es\/8a-reunion-del-consejo-ejecutivo\/#breadcrumb","itemListElement":[{"@type":"ListItem","position":1,"name":"Portada","item":"https:\/\/iai.int\/es\/"},{"@type":"ListItem","position":2,"name":"8a reuni\u00f3n del Consejo Ejecutivo"}]},{"@type":"WebSite","@id":"https:\/\/iai.int\/es\/#website","url":"https:\/\/iai.int\/es\/","name":"IAI - Inter-American Institute for Global Change Research","description":"","publisher":{"@id":"https:\/\/iai.int\/es\/#organization"},"potentialAction":[{"@type":"SearchAction","target":{"@type":"EntryPoint","urlTemplate":"https:\/\/iai.int\/es\/?s={search_term_string}"},"query-input":{"@type":"PropertyValueSpecification","valueRequired":true,"valueName":"search_term_string"}}],"inLanguage":"es"},{"@type":"Organization","@id":"https:\/\/iai.int\/es\/#organization","name":"IAI - Inter-American Institute for Global Change Research","url":"https:\/\/iai.int\/es\/","logo":{"@type":"ImageObject","inLanguage":"es","@id":"https:\/\/iai.int\/es\/#\/schema\/logo\/image\/","url":"https:\/\/iai.int\/wp-content\/uploads\/2025\/11\/IAI-logo-English-scaled.png","contentUrl":"https:\/\/iai.int\/wp-content\/uploads\/2025\/11\/IAI-logo-English-scaled.png","width":2560,"height":985,"caption":"IAI - Inter-American Institute for Global Change Research"},"image":{"@id":"https:\/\/iai.int\/es\/#\/schema\/logo\/image\/"}}]}},"uagb_featured_image_src":{"full":["https:\/\/iai.int\/wp-content\/uploads\/2026\/01\/14.png",1772,551,false],"thumbnail":["https:\/\/iai.int\/wp-content\/uploads\/2026\/01\/14-150x150.png",150,150,true],"medium":["https:\/\/iai.int\/wp-content\/uploads\/2026\/01\/14-300x93.png",300,93,true],"medium_large":["https:\/\/iai.int\/wp-content\/uploads\/2026\/01\/14-768x239.png",768,239,true],"large":["https:\/\/iai.int\/wp-content\/uploads\/2026\/01\/14-1024x318.png",800,248,true],"1536x1536":["https:\/\/iai.int\/wp-content\/uploads\/2026\/01\/14-1536x478.png",1536,478,true],"2048x2048":["https:\/\/iai.int\/wp-content\/uploads\/2026\/01\/14.png",1772,551,false]},"uagb_author_info":{"display_name":"IAI Communication","author_link":"https:\/\/iai.int\/es\/author\/iai-communication\/"},"uagb_comment_info":0,"uagb_excerpt":"Agenda&nbsp;espa\u00f1ol&nbsp;\u2013&nbsp;ingl\u00e9s Minutas de la septima reuni\u00f3n del comit\u00e9 ejecutivo del IAI&nbsp;espa\u00f1ol&nbsp;\u2013&nbsp;ingl\u00e9s Informe de la Direccion Ejecutiva del IAI&nbsp;ingl\u00e9s Recomendaciones de la Direccion Ejecutiva del IAI y SAC sobre el programa CRN&nbsp;ingl\u00e9s Informe del Presidente del Consejo Asesor Cientifico&nbsp;ingl\u00e9s Politica Financiera y Administrativa&nbsp;ingl\u00e9s Comunicaci\u00f3n&nbsp;ingl\u00e9s Actualizacion del Proyecto IAI\/GEF\/WMO&nbsp;espa\u00f1ol&nbsp;\u2013&nbsp;ingl\u00e9s Fund-Raising Working Group &#8211; TOR and future actions&nbsp;ingl\u00e9s&hellip;","_links":{"self":[{"href":"https:\/\/iai.int\/es\/wp-json\/wp\/v2\/pages\/12872","targetHints":{"allow":["GET"]}}],"collection":[{"href":"https:\/\/iai.int\/es\/wp-json\/wp\/v2\/pages"}],"about":[{"href":"https:\/\/iai.int\/es\/wp-json\/wp\/v2\/types\/page"}],"author":[{"embeddable":true,"href":"https:\/\/iai.int\/es\/wp-json\/wp\/v2\/users\/9"}],"replies":[{"embeddable":true,"href":"https:\/\/iai.int\/es\/wp-json\/wp\/v2\/comments?post=12872"}],"version-history":[{"count":2,"href":"https:\/\/iai.int\/es\/wp-json\/wp\/v2\/pages\/12872\/revisions"}],"predecessor-version":[{"id":13412,"href":"https:\/\/iai.int\/es\/wp-json\/wp\/v2\/pages\/12872\/revisions\/13412"}],"wp:featuredmedia":[{"embeddable":true,"href":"https:\/\/iai.int\/es\/wp-json\/wp\/v2\/media\/12462"}],"wp:attachment":[{"href":"https:\/\/iai.int\/es\/wp-json\/wp\/v2\/media?parent=12872"}],"curies":[{"name":"wp","href":"https:\/\/api.w.org\/{rel}","templated":true}]}}