{"id":1286,"date":"2024-10-07T22:16:03","date_gmt":"2024-10-08T01:16:03","guid":{"rendered":"https:\/\/iai.int\/?page_id=1286"},"modified":"2025-02-12T20:44:04","modified_gmt":"2025-02-13T01:44:04","slug":"a-la-caza-de-los-vientos","status":"publish","type":"page","link":"https:\/\/iai.int\/es\/a-la-caza-de-los-vientos\/","title":{"rendered":"A la caza de los vientos"},"content":{"rendered":"\n<h5 class=\"wp-block-heading\">Errores potencialmente mortales en la predicci\u00f3n de las trayectorias de los huracanes.<\/h5>\n\n\n\n<figure class=\"wp-block-image\"><a href=\"https:\/\/iai.int\/admin\/site\/sites\/default\/files\/John_track_2006.jpg\" target=\"_blank\" rel=\"noreferrer noopener\"><img decoding=\"async\" src=\"https:\/\/iai.int\/admin\/site\/sites\/default\/files\/uploads\/2014\/06\/John_track_2006.jpg\" alt=\"John_track_2006\"\/><\/a><\/figure>\n\n\n\n<p>En este mapa se muestra el Pac\u00edfico Oriental y M\u00e9xico, con la pen\u00ednsula de Baja California. Las l\u00edneas de color corresponden a los diferentes pron\u00f3sticos oficiales de la trayectoria del Hurac\u00e1n John, que cruz\u00f3 la regi\u00f3n entre el 30 de agosto y el 4 de septiembre de 2006. Los pron\u00f3sticos fueron emitidos por el Centro Nacional de Hu-racanes (NHC) 72 horas (l\u00ednea amarilla), 48 horas (roja), y 24 horas (verde) antes de que este tocara tierra. \u2028Todos estos pron\u00f3sticos indicaban que John pasar\u00eda por el Pac\u00edfico. Sin embargo, como lo muestra la l\u00ednea azul \u2028de su trayectoria real, recal\u00f3 en el extremo sur de Baja California, y luego se desplaz\u00f3 a lo largo de la pen\u00ednsula, donde provoc\u00f3 intensas lluvias que ocasionaron inundaciones repentinas y cinco muertes en varios poblados de las monta\u00f1as, y afectaron la capital del estado, La Paz.<\/p>\n\n\n\n<p>Los puntos verdes del gr\u00e1fico representan las estaciones de monitoreo clim\u00e1tico de la atm\u00f3sfera superior y las cifras corresponden a los sondeos de la atm\u00f3sfera superior realizados con globos piloto en un per\u00edodo de tres \u2028d\u00edas a las 00 (primer d\u00edgito) y 12 UTC (segundo d\u00edgito). Los sondeos de la atm\u00f3sfera superior brindan datos fundamentales para los modelos num\u00e9ricos que se usan para predecir la trayectoria de los huracanes. N\u00f3tese que la mayor\u00eda de las estaciones indican que no se hab\u00edan lanzado globos piloto cuando John se aproximaba.<\/p>\n\n\n\n<p><em><strong>El Servicio Meteorol\u00f3gico mexicano y el Centro Nacional de Huracanes (NHC) de EE.UU. trabajan juntos para pronosticar la trayectoria e intensidad de los ciclones tropicales de forma m\u00e1s confiable. Una alerta temprana precisa de la trayectoria contribuir\u00e1 a salvar vidas y propiedades, probablemente reduciendo al mismo tiempo las evacuaciones innecesarias. El an\u00e1lisis realizado por este proyecto del IAI sugiere que la exactitud de los pron\u00f3sticos de los huracanes se ve reducida en gran medida por la falta cr\u00edtica de datos de sondeos de la atm\u00f3sfera superior que alimenten los modelos de pron\u00f3stico. Para remediar esta situaci\u00f3n, debe fortalecerse la cooperaci\u00f3n transnacional entre los servicios meteorol\u00f3gicos. Es necesario recolectar datos con globos piloto a intervalos regulares con el fin de brindar el m\u00ednimo de cuatro sondeos diarios del aire, que requiere la Organizaci\u00f3n Meteorol\u00f3gica Mundial (OMM), y mejorar las salidas de los modelos de tormentas, que deben tener amplia difusi\u00f3n.<\/strong><\/em><\/p>\n\n\n\n<h4 class=\"wp-block-heading\">Instant\u00e1neas de la Ciencia 1 \u2013 La Historia<\/h4>\n\n\n\n<p>La cuenca del Pac\u00edfico Oriental tiene la mayor densidad de ciclones tropicales del mundo, y sin embargo contin\u00faa siendo una de las regiones menos estudiadas. Luego de tocar tierra, los ciclones tropicales pueden producir fuertes aguaceros, que a su vez generan deslizamientos de tierra e inundaciones. Tanto en el continente como en la pen\u00ednsula de Baja California hay cordones monta\u00f1osos paralelos a la costa, que aumentan la intensidad de las lluvias y la incidencia de inundaciones y deslizamientos de tierra. El Servicio Meteorol\u00f3gico mexicano y el Centro Nacional de Huracanes de EE.UU. (NHC) emiten pron\u00f3sticos de la trayectoria e intensidad de los ciclones tropicales que son importantes para que los gerentes de emergencias preparen las defensas y alerten al p\u00fablico. Sin embargo, como muestra el ejemplo, estos pron\u00f3sticos no siempre son lo suficientemente confiables.<\/p>\n\n\n\n<p>Para mejorarlos, la Dra. Graciela Binimelis de Raga y su equipo del Centro de Ciencias de la Atm\u00f3sfera, Universidad Nacional Aut\u00f3noma de M\u00e9xico (UNAM), estudiaron el hurac\u00e1n John con detalle. La trayectoria de John fue bastante t\u00edpica para los ciclones de mediados de verano, con origen en el golfo de Tehuantepec. Las condiciones atmosf\u00e9ricas intensificaron la tormenta, y su pasaje sobre un \u00e1rea oce\u00e1nica con gran contenido de calor fortaleci\u00f3 a John hasta su m\u00e1xima intensidad.<\/p>\n\n\n\n<p>El pron\u00f3stico emitido a las 9am del 30 de agosto (l\u00ednea amarilla en la figura) indicaba que el cicl\u00f3n no tocar\u00eda tierra en absoluto. Los pron\u00f3sticos posteriores predec\u00edan la recalada, pero en un breve contacto a unos 50 km al oeste del sitio donde lo hizo realmente. Apenas 47 horas antes de que tocara tierra, el modelo predijo una incursi\u00f3n en el continente, pero su trayectoria estaba equivocada, y anunciaba que la tormenta s\u00f3lo tendr\u00eda un impacto limitado. Ninguna de las predicciones mostr\u00f3 la trayectoria real a lo largo de la pen\u00ednsula, que es lo que trajo muerte y destrucci\u00f3n en grandes \u00e1reas de Baja California. Adem\u00e1s, aunque las im\u00e1genes satelitales predec\u00edan lluvias moderadas (50-150 mm), algunas estaciones meteorol\u00f3gicas registraron m\u00e1s de 440 mm, que ocasionaron importantes inundaciones y deslizamientos de tierra. El equipo cient\u00edfico identific\u00f3 que la falla en las predicciones se debi\u00f3 a la falta de mediciones atmosf\u00e9ricas a\u00e9reas y a la divergencia entre los resultados de los modelos.<\/p>\n\n\n\n<h4 class=\"wp-block-heading\">M\u00e1s sobre el tema en<\/h4>\n\n\n\n<p>Farf\u00e1n, L.M., R. Romero-Centeno and G.B. Raga: On the landfall of northeastern pacific tropical cyclones John, Lane and Paul (2006) over northwestern Mexico. Monthly Weather Review. http:\/\/cabernet.atmosfcu.unam.mx\/IAI\/files\/FarfanEtAl_MWR.pdf (under review)<\/p>\n\n\n\n<p>Las Instant\u00e1neas de la ciencia del Cambio Global tienen por objeto informar a las personas relacionadas con el IAI y al p\u00fablico acerca de resultados importantes de investigaciones internacionales realizadas con el auspicio del Instituto.<br>Panel editorial: Christopher Martius, Ione Anderson, Paula Richter, Holm Tiessen<br>Dise\u00f1o: Shadi Ardalan Citar como: IAI (2010): A la caza de los vientos. Errores potencialmente mortales en la predicci\u00f3n de trayectorias de huracanes. Instant\u00e1neas de la ciencia, 1<br>Financiado por IAI, NSF bajo el&nbsp;<strong><a href=\"https:\/\/iai.int\/es\/ciclones-tropicales-caracteristicas-actuales-y-cambios-potenciales-bajo-un-clima-mas-calido-crn-2048\/\" data-type=\"page\" data-id=\"821\">CRN 2048<\/a><\/strong>.<br>Sitio web del proyecto:&nbsp;<a href=\"http:\/\/cabernet.atmosfcu.unam.mx\/IAI\" target=\"_blank\" rel=\"noreferrer noopener\"><strong>http:\/\/cabernet.atmosfcu.unam.mx\/IAI<\/strong><\/a><br><a href=\"https:\/\/iai.int\/admin\/site\/sites\/default\/files\/Snapshot1_Chasing_the_winds_sp.pdf\" target=\"_blank\" rel=\"noreferrer noopener\"><strong>Bajar PDF<\/strong><\/a><br><a href=\"https:\/\/iai.int\/admin\/site\/sites\/default\/files\/Snapshot1_Chasing_the_winds.pdf\" target=\"_blank\" rel=\"noreferrer noopener\"><strong>Bajar PDF en ingl\u00e9s<\/strong><\/a><\/p>\n","protected":false},"excerpt":{"rendered":"<p>Errores potencialmente mortales en la predicci\u00f3n de las trayectorias de los huracanes. En este mapa se muestra el Pac\u00edfico Oriental y M\u00e9xico, con la pen\u00ednsula de Baja California. Las l\u00edneas de color corresponden a los diferentes pron\u00f3sticos oficiales de la trayectoria del Hurac\u00e1n John, que cruz\u00f3 la regi\u00f3n entre el 30 de agosto y el [&hellip;]<\/p>\n","protected":false},"author":1,"featured_media":0,"parent":0,"menu_order":0,"comment_status":"closed","ping_status":"closed","template":"elementor_theme","meta":{"_acf_changed":false,"_uag_custom_page_level_css":"","footnotes":""},"class_list":["post-1286","page","type-page","status-publish","hentry"],"acf":[],"yoast_head":"<!-- This site is optimized with the Yoast SEO plugin v27.3 - https:\/\/yoast.com\/product\/yoast-seo-wordpress\/ -->\n<title>A la caza de los vientos - IAI - Inter-American Institute for Global Change Research<\/title>\n<meta name=\"robots\" content=\"index, follow, max-snippet:-1, max-image-preview:large, max-video-preview:-1\" \/>\n<link rel=\"canonical\" href=\"https:\/\/iai.int\/es\/a-la-caza-de-los-vientos\/\" \/>\n<meta property=\"og:locale\" content=\"es_ES\" \/>\n<meta property=\"og:type\" content=\"article\" \/>\n<meta property=\"og:title\" content=\"A la caza de los vientos - IAI - Inter-American Institute for Global Change Research\" \/>\n<meta property=\"og:description\" content=\"Errores potencialmente mortales en la predicci\u00f3n de las trayectorias de los huracanes. En este mapa se muestra el Pac\u00edfico Oriental y M\u00e9xico, con la pen\u00ednsula de Baja California. Las l\u00edneas de color corresponden a los diferentes pron\u00f3sticos oficiales de la trayectoria del Hurac\u00e1n John, que cruz\u00f3 la regi\u00f3n entre el 30 de agosto y el [&hellip;]\" \/>\n<meta property=\"og:url\" content=\"https:\/\/iai.int\/es\/a-la-caza-de-los-vientos\/\" \/>\n<meta property=\"og:site_name\" content=\"IAI - Inter-American Institute for Global Change Research\" \/>\n<meta property=\"article:modified_time\" content=\"2025-02-13T01:44:04+00:00\" \/>\n<meta property=\"og:image\" content=\"https:\/\/iai.int\/admin\/site\/sites\/default\/files\/uploads\/2014\/06\/John_track_2006.jpg\" \/>\n<meta name=\"twitter:card\" content=\"summary_large_image\" \/>\n<meta name=\"twitter:label1\" content=\"Tiempo de lectura\" \/>\n\t<meta name=\"twitter:data1\" content=\"5 minutos\" \/>\n<script type=\"application\/ld+json\" class=\"yoast-schema-graph\">{\"@context\":\"https:\\\/\\\/schema.org\",\"@graph\":[{\"@type\":\"WebPage\",\"@id\":\"https:\\\/\\\/iai.int\\\/es\\\/a-la-caza-de-los-vientos\\\/\",\"url\":\"https:\\\/\\\/iai.int\\\/es\\\/a-la-caza-de-los-vientos\\\/\",\"name\":\"A la caza de los vientos - IAI - Inter-American Institute for Global Change Research\",\"isPartOf\":{\"@id\":\"https:\\\/\\\/iai.int\\\/es\\\/#website\"},\"primaryImageOfPage\":{\"@id\":\"https:\\\/\\\/iai.int\\\/es\\\/a-la-caza-de-los-vientos\\\/#primaryimage\"},\"image\":{\"@id\":\"https:\\\/\\\/iai.int\\\/es\\\/a-la-caza-de-los-vientos\\\/#primaryimage\"},\"thumbnailUrl\":\"https:\\\/\\\/iai.int\\\/admin\\\/site\\\/sites\\\/default\\\/files\\\/uploads\\\/2014\\\/06\\\/John_track_2006.jpg\",\"datePublished\":\"2024-10-08T01:16:03+00:00\",\"dateModified\":\"2025-02-13T01:44:04+00:00\",\"breadcrumb\":{\"@id\":\"https:\\\/\\\/iai.int\\\/es\\\/a-la-caza-de-los-vientos\\\/#breadcrumb\"},\"inLanguage\":\"es\",\"potentialAction\":[{\"@type\":\"ReadAction\",\"target\":[\"https:\\\/\\\/iai.int\\\/es\\\/a-la-caza-de-los-vientos\\\/\"]}]},{\"@type\":\"ImageObject\",\"inLanguage\":\"es\",\"@id\":\"https:\\\/\\\/iai.int\\\/es\\\/a-la-caza-de-los-vientos\\\/#primaryimage\",\"url\":\"https:\\\/\\\/iai.int\\\/admin\\\/site\\\/sites\\\/default\\\/files\\\/uploads\\\/2014\\\/06\\\/John_track_2006.jpg\",\"contentUrl\":\"https:\\\/\\\/iai.int\\\/admin\\\/site\\\/sites\\\/default\\\/files\\\/uploads\\\/2014\\\/06\\\/John_track_2006.jpg\"},{\"@type\":\"BreadcrumbList\",\"@id\":\"https:\\\/\\\/iai.int\\\/es\\\/a-la-caza-de-los-vientos\\\/#breadcrumb\",\"itemListElement\":[{\"@type\":\"ListItem\",\"position\":1,\"name\":\"Portada\",\"item\":\"https:\\\/\\\/iai.int\\\/es\\\/\"},{\"@type\":\"ListItem\",\"position\":2,\"name\":\"A la caza de los vientos\"}]},{\"@type\":\"WebSite\",\"@id\":\"https:\\\/\\\/iai.int\\\/es\\\/#website\",\"url\":\"https:\\\/\\\/iai.int\\\/es\\\/\",\"name\":\"IAI - Inter-American Institute for Global Change Research\",\"description\":\"\",\"publisher\":{\"@id\":\"https:\\\/\\\/iai.int\\\/es\\\/#organization\"},\"potentialAction\":[{\"@type\":\"SearchAction\",\"target\":{\"@type\":\"EntryPoint\",\"urlTemplate\":\"https:\\\/\\\/iai.int\\\/es\\\/?s={search_term_string}\"},\"query-input\":{\"@type\":\"PropertyValueSpecification\",\"valueRequired\":true,\"valueName\":\"search_term_string\"}}],\"inLanguage\":\"es\"},{\"@type\":\"Organization\",\"@id\":\"https:\\\/\\\/iai.int\\\/es\\\/#organization\",\"name\":\"IAI - Inter-American Institute for Global Change Research\",\"url\":\"https:\\\/\\\/iai.int\\\/es\\\/\",\"logo\":{\"@type\":\"ImageObject\",\"inLanguage\":\"es\",\"@id\":\"https:\\\/\\\/iai.int\\\/es\\\/#\\\/schema\\\/logo\\\/image\\\/\",\"url\":\"https:\\\/\\\/iai.int\\\/wp-content\\\/uploads\\\/2025\\\/11\\\/IAI-logo-English-scaled.png\",\"contentUrl\":\"https:\\\/\\\/iai.int\\\/wp-content\\\/uploads\\\/2025\\\/11\\\/IAI-logo-English-scaled.png\",\"width\":2560,\"height\":985,\"caption\":\"IAI - Inter-American Institute for Global Change Research\"},\"image\":{\"@id\":\"https:\\\/\\\/iai.int\\\/es\\\/#\\\/schema\\\/logo\\\/image\\\/\"}}]}<\/script>\n<!-- \/ Yoast SEO plugin. -->","yoast_head_json":{"title":"A la caza de los vientos - IAI - Inter-American Institute for Global Change Research","robots":{"index":"index","follow":"follow","max-snippet":"max-snippet:-1","max-image-preview":"max-image-preview:large","max-video-preview":"max-video-preview:-1"},"canonical":"https:\/\/iai.int\/es\/a-la-caza-de-los-vientos\/","og_locale":"es_ES","og_type":"article","og_title":"A la caza de los vientos - IAI - Inter-American Institute for Global Change Research","og_description":"Errores potencialmente mortales en la predicci\u00f3n de las trayectorias de los huracanes. En este mapa se muestra el Pac\u00edfico Oriental y M\u00e9xico, con la pen\u00ednsula de Baja California. Las l\u00edneas de color corresponden a los diferentes pron\u00f3sticos oficiales de la trayectoria del Hurac\u00e1n John, que cruz\u00f3 la regi\u00f3n entre el 30 de agosto y el [&hellip;]","og_url":"https:\/\/iai.int\/es\/a-la-caza-de-los-vientos\/","og_site_name":"IAI - Inter-American Institute for Global Change Research","article_modified_time":"2025-02-13T01:44:04+00:00","og_image":[{"url":"https:\/\/iai.int\/admin\/site\/sites\/default\/files\/uploads\/2014\/06\/John_track_2006.jpg","type":"","width":"","height":""}],"twitter_card":"summary_large_image","twitter_misc":{"Tiempo de lectura":"5 minutos"},"schema":{"@context":"https:\/\/schema.org","@graph":[{"@type":"WebPage","@id":"https:\/\/iai.int\/es\/a-la-caza-de-los-vientos\/","url":"https:\/\/iai.int\/es\/a-la-caza-de-los-vientos\/","name":"A la caza de los vientos - IAI - Inter-American Institute for Global Change Research","isPartOf":{"@id":"https:\/\/iai.int\/es\/#website"},"primaryImageOfPage":{"@id":"https:\/\/iai.int\/es\/a-la-caza-de-los-vientos\/#primaryimage"},"image":{"@id":"https:\/\/iai.int\/es\/a-la-caza-de-los-vientos\/#primaryimage"},"thumbnailUrl":"https:\/\/iai.int\/admin\/site\/sites\/default\/files\/uploads\/2014\/06\/John_track_2006.jpg","datePublished":"2024-10-08T01:16:03+00:00","dateModified":"2025-02-13T01:44:04+00:00","breadcrumb":{"@id":"https:\/\/iai.int\/es\/a-la-caza-de-los-vientos\/#breadcrumb"},"inLanguage":"es","potentialAction":[{"@type":"ReadAction","target":["https:\/\/iai.int\/es\/a-la-caza-de-los-vientos\/"]}]},{"@type":"ImageObject","inLanguage":"es","@id":"https:\/\/iai.int\/es\/a-la-caza-de-los-vientos\/#primaryimage","url":"https:\/\/iai.int\/admin\/site\/sites\/default\/files\/uploads\/2014\/06\/John_track_2006.jpg","contentUrl":"https:\/\/iai.int\/admin\/site\/sites\/default\/files\/uploads\/2014\/06\/John_track_2006.jpg"},{"@type":"BreadcrumbList","@id":"https:\/\/iai.int\/es\/a-la-caza-de-los-vientos\/#breadcrumb","itemListElement":[{"@type":"ListItem","position":1,"name":"Portada","item":"https:\/\/iai.int\/es\/"},{"@type":"ListItem","position":2,"name":"A la caza de los vientos"}]},{"@type":"WebSite","@id":"https:\/\/iai.int\/es\/#website","url":"https:\/\/iai.int\/es\/","name":"IAI - Inter-American Institute for Global Change Research","description":"","publisher":{"@id":"https:\/\/iai.int\/es\/#organization"},"potentialAction":[{"@type":"SearchAction","target":{"@type":"EntryPoint","urlTemplate":"https:\/\/iai.int\/es\/?s={search_term_string}"},"query-input":{"@type":"PropertyValueSpecification","valueRequired":true,"valueName":"search_term_string"}}],"inLanguage":"es"},{"@type":"Organization","@id":"https:\/\/iai.int\/es\/#organization","name":"IAI - Inter-American Institute for Global Change Research","url":"https:\/\/iai.int\/es\/","logo":{"@type":"ImageObject","inLanguage":"es","@id":"https:\/\/iai.int\/es\/#\/schema\/logo\/image\/","url":"https:\/\/iai.int\/wp-content\/uploads\/2025\/11\/IAI-logo-English-scaled.png","contentUrl":"https:\/\/iai.int\/wp-content\/uploads\/2025\/11\/IAI-logo-English-scaled.png","width":2560,"height":985,"caption":"IAI - Inter-American Institute for Global Change Research"},"image":{"@id":"https:\/\/iai.int\/es\/#\/schema\/logo\/image\/"}}]}},"uagb_featured_image_src":{"full":false,"thumbnail":false,"medium":false,"medium_large":false,"large":false,"1536x1536":false,"2048x2048":false},"uagb_author_info":{"display_name":"admin","author_link":"https:\/\/iai.int\/es\/author\/admin\/"},"uagb_comment_info":0,"uagb_excerpt":"Errores potencialmente mortales en la predicci\u00f3n de las trayectorias de los huracanes. En este mapa se muestra el Pac\u00edfico Oriental y M\u00e9xico, con la pen\u00ednsula de Baja California. Las l\u00edneas de color corresponden a los diferentes pron\u00f3sticos oficiales de la trayectoria del Hurac\u00e1n John, que cruz\u00f3 la regi\u00f3n entre el 30 de agosto y el&hellip;","_links":{"self":[{"href":"https:\/\/iai.int\/es\/wp-json\/wp\/v2\/pages\/1286","targetHints":{"allow":["GET"]}}],"collection":[{"href":"https:\/\/iai.int\/es\/wp-json\/wp\/v2\/pages"}],"about":[{"href":"https:\/\/iai.int\/es\/wp-json\/wp\/v2\/types\/page"}],"author":[{"embeddable":true,"href":"https:\/\/iai.int\/es\/wp-json\/wp\/v2\/users\/1"}],"replies":[{"embeddable":true,"href":"https:\/\/iai.int\/es\/wp-json\/wp\/v2\/comments?post=1286"}],"version-history":[{"count":2,"href":"https:\/\/iai.int\/es\/wp-json\/wp\/v2\/pages\/1286\/revisions"}],"predecessor-version":[{"id":1289,"href":"https:\/\/iai.int\/es\/wp-json\/wp\/v2\/pages\/1286\/revisions\/1289"}],"wp:attachment":[{"href":"https:\/\/iai.int\/es\/wp-json\/wp\/v2\/media?parent=1286"}],"curies":[{"name":"wp","href":"https:\/\/api.w.org\/{rel}","templated":true}]}}