{"id":12854,"date":"2026-01-08T12:08:10","date_gmt":"2026-01-08T17:08:10","guid":{"rendered":"https:\/\/iai.int\/?page_id=12854"},"modified":"2026-01-14T10:41:47","modified_gmt":"2026-01-14T15:41:47","slug":"7a-reunion-de-la-conferencia-de-las-partes","status":"publish","type":"page","link":"https:\/\/iai.int\/es\/7a-reunion-de-la-conferencia-de-las-partes\/","title":{"rendered":"7a reuni\u00f3n de la Conferencia de las Partes"},"content":{"rendered":"\n<p>SAC-13 (<a href=\"https:\/\/archive.iai.int\/admin\/site\/sites\/default\/files\/10_SACXIII.rtf\" target=\"_blank\" rel=\"noreferrer noopener\">ingl\u00e9s<\/a>)<br>FAWG (<a href=\"https:\/\/archive.iai.int\/admin\/site\/sites\/default\/files\/11_FAWG.rtf\" target=\"_blank\" rel=\"noreferrer noopener\">ingl\u00e9s<\/a>)<br>T&amp;E (<a href=\"https:\/\/archive.iai.int\/admin\/site\/sites\/default\/files\/12_TE.rtf\" target=\"_blank\" rel=\"noreferrer noopener\">ingl\u00e9s<\/a>)<br>DIS (<a href=\"https:\/\/archive.iai.int\/admin\/site\/sites\/default\/files\/13_DIS.rtf\" target=\"_blank\" rel=\"noreferrer noopener\">ingl\u00e9s<\/a>)<br>Report of the Communications Task Force&nbsp;<a href=\"https:\/\/archive.iai.int\/admin\/site\/sites\/default\/files\/14_Commun.rtf\" target=\"_blank\" rel=\"noreferrer noopener\">ingl\u00e9s<\/a>)<br>C. Budget (<a href=\"https:\/\/archive.iai.int\/admin\/site\/sites\/default\/files\/15_CBudget_Sp-1.rtf\" target=\"_blank\" rel=\"noreferrer noopener\">espa\u00f1ol<\/a>&nbsp;\u2013&nbsp;<a href=\"https:\/\/archive.iai.int\/admin\/site\/sites\/default\/files\/15_CBudget.rtf\" target=\"_blank\" rel=\"noreferrer noopener\">ingl\u00e9s<\/a>)<br>ANNUAL PROGRAM (<a href=\"https:\/\/archive.iai.int\/admin\/site\/sites\/default\/files\/16_AnnProg.rtf\" target=\"_blank\" rel=\"noreferrer noopener\">ingl\u00e9s<\/a>)<br>Vision and Strategy of IAI for the years ahead (<a href=\"https:\/\/archive.iai.int\/admin\/site\/sites\/default\/files\/18_Vision.rtf\" target=\"_blank\" rel=\"noreferrer noopener\">ingl\u00e9s<\/a>)<br>IAI Conflicts of Interest and Standards of Ethical Conduct (<a href=\"https:\/\/archive.iai.int\/admin\/site\/sites\/default\/files\/19_Conflict_SP.rtf\" target=\"_blank\" rel=\"noreferrer noopener\">espa\u00f1ol<\/a>&nbsp;\u2013&nbsp;<a href=\"https:\/\/archive.iai.int\/admin\/site\/sites\/default\/files\/19_Conflict.rtf\" target=\"_blank\" rel=\"noreferrer noopener\">ingl\u00e9s<\/a>)<br>Agenda del CE (<a href=\"https:\/\/archive.iai.int\/admin\/site\/sites\/default\/files\/1_ECAgenda_Sp.pdf\" target=\"_blank\" rel=\"noreferrer noopener\">espa\u00f1ol<\/a>&nbsp;\u2013&nbsp;<a href=\"https:\/\/archive.iai.int\/admin\/site\/sites\/default\/files\/1_ECAgenda.rtf\" target=\"_blank\" rel=\"noreferrer noopener\">ingl\u00e9s<\/a>)<br>CE-11 \u2013 CoP-12 (<a href=\"https:\/\/archive.iai.int\/admin\/site\/sites\/default\/files\/20_Distrib._Sp.rtf\" target=\"_blank\" rel=\"noreferrer noopener\">espa\u00f1ol<\/a>&nbsp;\u2013&nbsp;<a href=\"https:\/\/archive.iai.int\/admin\/site\/sites\/default\/files\/20_Distrib.rtf\" target=\"_blank\" rel=\"noreferrer noopener\">ingl\u00e9s<\/a>)<br>CRN (<a href=\"https:\/\/archive.iai.int\/admin\/site\/sites\/default\/files\/21_CRN_Sp.rtf\" target=\"_blank\" rel=\"noreferrer noopener\">espa\u00f1ol<\/a>&nbsp;\u2013&nbsp;<a href=\"https:\/\/archive.iai.int\/admin\/site\/sites\/default\/files\/21_CRN.rtf\" target=\"_blank\" rel=\"noreferrer noopener\">ingl\u00e9s<\/a>)<br>Agenda de la CoP (<a href=\"https:\/\/archive.iai.int\/admin\/site\/sites\/default\/files\/2_CoPAgenda_Sp.rtf\" target=\"_blank\" rel=\"noreferrer noopener\">espa\u00f1ol<\/a>&nbsp;\u2013&nbsp;<a href=\"https:\/\/archive.iai.int\/admin\/site\/sites\/default\/files\/2_CoPAgenda.rtf\" target=\"_blank\" rel=\"noreferrer noopener\">ingl\u00e9s<\/a>)<br>CE-10 (<a href=\"https:\/\/archive.iai.int\/admin\/site\/sites\/default\/files\/3_ECX_Sp.rtf\" target=\"_blank\" rel=\"noreferrer noopener\">espa\u00f1ol<\/a>&nbsp;\u2013&nbsp;<a href=\"https:\/\/archive.iai.int\/admin\/site\/sites\/default\/files\/3_ECX.rtf\" target=\"_blank\" rel=\"noreferrer noopener\">ingl\u00e9s<\/a>)<br>CoP-6 (<a href=\"https:\/\/archive.iai.int\/admin\/site\/sites\/default\/files\/4_CoPVI_Sp.rtf\" target=\"_blank\" rel=\"noreferrer noopener\">espa\u00f1ol<\/a>&nbsp;\u2013&nbsp;<a href=\"https:\/\/archive.iai.int\/admin\/site\/sites\/default\/files\/4_CoPVI.rtf\" target=\"_blank\" rel=\"noreferrer noopener\">ingl\u00e9s<\/a>)<br>Report of the Executive Council Chair (<a href=\"https:\/\/archive.iai.int\/admin\/site\/sites\/default\/files\/5_RepEC-ree.pdf\" target=\"_blank\" rel=\"noreferrer noopener\">ingl\u00e9s<\/a>)<br>Report of the Director to the CE and the CoP (<a href=\"https:\/\/archive.iai.int\/admin\/site\/sites\/default\/files\/6_DirRep-1.rtf\" target=\"_blank\" rel=\"noreferrer noopener\">ingl\u00e9s<\/a>)<br>Scientific Progress of the Initial Science Program (<a href=\"https:\/\/archive.iai.int\/admin\/site\/sites\/default\/files\/7_ISPProgRep.rtf\" target=\"_blank\" rel=\"noreferrer noopener\">ingl\u00e9s<\/a>)<br>SAC-12 (<a href=\"https:\/\/archive.iai.int\/admin\/site\/sites\/default\/files\/9_SACXII.rtf\" target=\"_blank\" rel=\"noreferrer noopener\">ingl\u00e9s<\/a>)<\/p>\n\n\n\n<p><a href=\"https:\/\/iai.int\/es\/reuniones-ec-y-cop\/\"><strong>Regresar a Reuniones EC y COP<\/strong><\/a><\/p>\n\n\n\n<p><\/p>\n","protected":false},"excerpt":{"rendered":"<p>SAC-13 (ingl\u00e9s)FAWG (ingl\u00e9s)T&amp;E (ingl\u00e9s)DIS (ingl\u00e9s)Report of the Communications Task Force&nbsp;ingl\u00e9s)C. Budget (espa\u00f1ol&nbsp;\u2013&nbsp;ingl\u00e9s)ANNUAL PROGRAM (ingl\u00e9s)Vision and Strategy of IAI for the years ahead (ingl\u00e9s)IAI Conflicts of Interest and Standards of Ethical Conduct (espa\u00f1ol&nbsp;\u2013&nbsp;ingl\u00e9s)Agenda del CE (espa\u00f1ol&nbsp;\u2013&nbsp;ingl\u00e9s)CE-11 \u2013 CoP-12 (espa\u00f1ol&nbsp;\u2013&nbsp;ingl\u00e9s)CRN (espa\u00f1ol&nbsp;\u2013&nbsp;ingl\u00e9s)Agenda de la CoP (espa\u00f1ol&nbsp;\u2013&nbsp;ingl\u00e9s)CE-10 (espa\u00f1ol&nbsp;\u2013&nbsp;ingl\u00e9s)CoP-6 (espa\u00f1ol&nbsp;\u2013&nbsp;ingl\u00e9s)Report of the Executive Council Chair (ingl\u00e9s)Report of the Director to [&hellip;]<\/p>\n","protected":false},"author":9,"featured_media":12462,"parent":0,"menu_order":0,"comment_status":"closed","ping_status":"closed","template":"","meta":{"_acf_changed":false,"_uag_custom_page_level_css":"","footnotes":""},"class_list":["post-12854","page","type-page","status-publish","has-post-thumbnail","hentry"],"acf":[],"yoast_head":"<!-- This site is optimized with the Yoast SEO plugin v27.3 - https:\/\/yoast.com\/product\/yoast-seo-wordpress\/ -->\n<title>7a reuni\u00f3n de la Conferencia de las Partes - IAI - Inter-American Institute for Global Change Research<\/title>\n<meta name=\"robots\" content=\"index, follow, max-snippet:-1, max-image-preview:large, max-video-preview:-1\" \/>\n<link rel=\"canonical\" href=\"https:\/\/iai.int\/es\/7a-reunion-de-la-conferencia-de-las-partes\/\" \/>\n<meta property=\"og:locale\" content=\"es_ES\" \/>\n<meta property=\"og:type\" content=\"article\" \/>\n<meta property=\"og:title\" content=\"7a reuni\u00f3n de la Conferencia de las Partes - IAI - Inter-American Institute for Global Change Research\" \/>\n<meta property=\"og:description\" content=\"SAC-13 (ingl\u00e9s)FAWG (ingl\u00e9s)T&amp;E (ingl\u00e9s)DIS (ingl\u00e9s)Report of the Communications Task Force&nbsp;ingl\u00e9s)C. Budget (espa\u00f1ol&nbsp;\u2013&nbsp;ingl\u00e9s)ANNUAL PROGRAM (ingl\u00e9s)Vision and Strategy of IAI for the years ahead (ingl\u00e9s)IAI Conflicts of Interest and Standards of Ethical Conduct (espa\u00f1ol&nbsp;\u2013&nbsp;ingl\u00e9s)Agenda del CE (espa\u00f1ol&nbsp;\u2013&nbsp;ingl\u00e9s)CE-11 \u2013 CoP-12 (espa\u00f1ol&nbsp;\u2013&nbsp;ingl\u00e9s)CRN (espa\u00f1ol&nbsp;\u2013&nbsp;ingl\u00e9s)Agenda de la CoP (espa\u00f1ol&nbsp;\u2013&nbsp;ingl\u00e9s)CE-10 (espa\u00f1ol&nbsp;\u2013&nbsp;ingl\u00e9s)CoP-6 (espa\u00f1ol&nbsp;\u2013&nbsp;ingl\u00e9s)Report of the Executive Council Chair (ingl\u00e9s)Report of the Director to [&hellip;]\" \/>\n<meta property=\"og:url\" content=\"https:\/\/iai.int\/es\/7a-reunion-de-la-conferencia-de-las-partes\/\" \/>\n<meta property=\"og:site_name\" content=\"IAI - Inter-American Institute for Global Change Research\" \/>\n<meta property=\"article:modified_time\" content=\"2026-01-14T15:41:47+00:00\" \/>\n<meta property=\"og:image\" content=\"https:\/\/iai.int\/wp-content\/uploads\/2026\/01\/14.png\" \/>\n\t<meta property=\"og:image:width\" content=\"1772\" \/>\n\t<meta property=\"og:image:height\" content=\"551\" \/>\n\t<meta property=\"og:image:type\" content=\"image\/png\" \/>\n<meta name=\"twitter:card\" content=\"summary_large_image\" \/>\n<meta name=\"twitter:label1\" content=\"Tiempo de lectura\" \/>\n\t<meta name=\"twitter:data1\" content=\"1 minuto\" \/>\n<script type=\"application\/ld+json\" class=\"yoast-schema-graph\">{\"@context\":\"https:\\\/\\\/schema.org\",\"@graph\":[{\"@type\":\"WebPage\",\"@id\":\"https:\\\/\\\/iai.int\\\/es\\\/7a-reunion-de-la-conferencia-de-las-partes\\\/\",\"url\":\"https:\\\/\\\/iai.int\\\/es\\\/7a-reunion-de-la-conferencia-de-las-partes\\\/\",\"name\":\"7a reuni\u00f3n de la Conferencia de las Partes - IAI - Inter-American Institute for Global Change Research\",\"isPartOf\":{\"@id\":\"https:\\\/\\\/iai.int\\\/es\\\/#website\"},\"primaryImageOfPage\":{\"@id\":\"https:\\\/\\\/iai.int\\\/es\\\/7a-reunion-de-la-conferencia-de-las-partes\\\/#primaryimage\"},\"image\":{\"@id\":\"https:\\\/\\\/iai.int\\\/es\\\/7a-reunion-de-la-conferencia-de-las-partes\\\/#primaryimage\"},\"thumbnailUrl\":\"https:\\\/\\\/iai.int\\\/wp-content\\\/uploads\\\/2026\\\/01\\\/14.png\",\"datePublished\":\"2026-01-08T17:08:10+00:00\",\"dateModified\":\"2026-01-14T15:41:47+00:00\",\"breadcrumb\":{\"@id\":\"https:\\\/\\\/iai.int\\\/es\\\/7a-reunion-de-la-conferencia-de-las-partes\\\/#breadcrumb\"},\"inLanguage\":\"es\",\"potentialAction\":[{\"@type\":\"ReadAction\",\"target\":[\"https:\\\/\\\/iai.int\\\/es\\\/7a-reunion-de-la-conferencia-de-las-partes\\\/\"]}]},{\"@type\":\"ImageObject\",\"inLanguage\":\"es\",\"@id\":\"https:\\\/\\\/iai.int\\\/es\\\/7a-reunion-de-la-conferencia-de-las-partes\\\/#primaryimage\",\"url\":\"https:\\\/\\\/iai.int\\\/wp-content\\\/uploads\\\/2026\\\/01\\\/14.png\",\"contentUrl\":\"https:\\\/\\\/iai.int\\\/wp-content\\\/uploads\\\/2026\\\/01\\\/14.png\",\"width\":1772,\"height\":551},{\"@type\":\"BreadcrumbList\",\"@id\":\"https:\\\/\\\/iai.int\\\/es\\\/7a-reunion-de-la-conferencia-de-las-partes\\\/#breadcrumb\",\"itemListElement\":[{\"@type\":\"ListItem\",\"position\":1,\"name\":\"Portada\",\"item\":\"https:\\\/\\\/iai.int\\\/es\\\/\"},{\"@type\":\"ListItem\",\"position\":2,\"name\":\"7a reuni\u00f3n de la Conferencia de las Partes\"}]},{\"@type\":\"WebSite\",\"@id\":\"https:\\\/\\\/iai.int\\\/es\\\/#website\",\"url\":\"https:\\\/\\\/iai.int\\\/es\\\/\",\"name\":\"IAI - Inter-American Institute for Global Change Research\",\"description\":\"\",\"publisher\":{\"@id\":\"https:\\\/\\\/iai.int\\\/es\\\/#organization\"},\"potentialAction\":[{\"@type\":\"SearchAction\",\"target\":{\"@type\":\"EntryPoint\",\"urlTemplate\":\"https:\\\/\\\/iai.int\\\/es\\\/?s={search_term_string}\"},\"query-input\":{\"@type\":\"PropertyValueSpecification\",\"valueRequired\":true,\"valueName\":\"search_term_string\"}}],\"inLanguage\":\"es\"},{\"@type\":\"Organization\",\"@id\":\"https:\\\/\\\/iai.int\\\/es\\\/#organization\",\"name\":\"IAI - Inter-American Institute for Global Change Research\",\"url\":\"https:\\\/\\\/iai.int\\\/es\\\/\",\"logo\":{\"@type\":\"ImageObject\",\"inLanguage\":\"es\",\"@id\":\"https:\\\/\\\/iai.int\\\/es\\\/#\\\/schema\\\/logo\\\/image\\\/\",\"url\":\"https:\\\/\\\/iai.int\\\/wp-content\\\/uploads\\\/2025\\\/11\\\/IAI-logo-English-scaled.png\",\"contentUrl\":\"https:\\\/\\\/iai.int\\\/wp-content\\\/uploads\\\/2025\\\/11\\\/IAI-logo-English-scaled.png\",\"width\":2560,\"height\":985,\"caption\":\"IAI - Inter-American Institute for Global Change Research\"},\"image\":{\"@id\":\"https:\\\/\\\/iai.int\\\/es\\\/#\\\/schema\\\/logo\\\/image\\\/\"}}]}<\/script>\n<!-- \/ Yoast SEO plugin. -->","yoast_head_json":{"title":"7a reuni\u00f3n de la Conferencia de las Partes - IAI - Inter-American Institute for Global Change Research","robots":{"index":"index","follow":"follow","max-snippet":"max-snippet:-1","max-image-preview":"max-image-preview:large","max-video-preview":"max-video-preview:-1"},"canonical":"https:\/\/iai.int\/es\/7a-reunion-de-la-conferencia-de-las-partes\/","og_locale":"es_ES","og_type":"article","og_title":"7a reuni\u00f3n de la Conferencia de las Partes - IAI - Inter-American Institute for Global Change Research","og_description":"SAC-13 (ingl\u00e9s)FAWG (ingl\u00e9s)T&amp;E (ingl\u00e9s)DIS (ingl\u00e9s)Report of the Communications Task Force&nbsp;ingl\u00e9s)C. Budget (espa\u00f1ol&nbsp;\u2013&nbsp;ingl\u00e9s)ANNUAL PROGRAM (ingl\u00e9s)Vision and Strategy of IAI for the years ahead (ingl\u00e9s)IAI Conflicts of Interest and Standards of Ethical Conduct (espa\u00f1ol&nbsp;\u2013&nbsp;ingl\u00e9s)Agenda del CE (espa\u00f1ol&nbsp;\u2013&nbsp;ingl\u00e9s)CE-11 \u2013 CoP-12 (espa\u00f1ol&nbsp;\u2013&nbsp;ingl\u00e9s)CRN (espa\u00f1ol&nbsp;\u2013&nbsp;ingl\u00e9s)Agenda de la CoP (espa\u00f1ol&nbsp;\u2013&nbsp;ingl\u00e9s)CE-10 (espa\u00f1ol&nbsp;\u2013&nbsp;ingl\u00e9s)CoP-6 (espa\u00f1ol&nbsp;\u2013&nbsp;ingl\u00e9s)Report of the Executive Council Chair (ingl\u00e9s)Report of the Director to [&hellip;]","og_url":"https:\/\/iai.int\/es\/7a-reunion-de-la-conferencia-de-las-partes\/","og_site_name":"IAI - Inter-American Institute for Global Change Research","article_modified_time":"2026-01-14T15:41:47+00:00","og_image":[{"width":1772,"height":551,"url":"https:\/\/iai.int\/wp-content\/uploads\/2026\/01\/14.png","type":"image\/png"}],"twitter_card":"summary_large_image","twitter_misc":{"Tiempo de lectura":"1 minuto"},"schema":{"@context":"https:\/\/schema.org","@graph":[{"@type":"WebPage","@id":"https:\/\/iai.int\/es\/7a-reunion-de-la-conferencia-de-las-partes\/","url":"https:\/\/iai.int\/es\/7a-reunion-de-la-conferencia-de-las-partes\/","name":"7a reuni\u00f3n de la Conferencia de las Partes - IAI - Inter-American Institute for Global Change Research","isPartOf":{"@id":"https:\/\/iai.int\/es\/#website"},"primaryImageOfPage":{"@id":"https:\/\/iai.int\/es\/7a-reunion-de-la-conferencia-de-las-partes\/#primaryimage"},"image":{"@id":"https:\/\/iai.int\/es\/7a-reunion-de-la-conferencia-de-las-partes\/#primaryimage"},"thumbnailUrl":"https:\/\/iai.int\/wp-content\/uploads\/2026\/01\/14.png","datePublished":"2026-01-08T17:08:10+00:00","dateModified":"2026-01-14T15:41:47+00:00","breadcrumb":{"@id":"https:\/\/iai.int\/es\/7a-reunion-de-la-conferencia-de-las-partes\/#breadcrumb"},"inLanguage":"es","potentialAction":[{"@type":"ReadAction","target":["https:\/\/iai.int\/es\/7a-reunion-de-la-conferencia-de-las-partes\/"]}]},{"@type":"ImageObject","inLanguage":"es","@id":"https:\/\/iai.int\/es\/7a-reunion-de-la-conferencia-de-las-partes\/#primaryimage","url":"https:\/\/iai.int\/wp-content\/uploads\/2026\/01\/14.png","contentUrl":"https:\/\/iai.int\/wp-content\/uploads\/2026\/01\/14.png","width":1772,"height":551},{"@type":"BreadcrumbList","@id":"https:\/\/iai.int\/es\/7a-reunion-de-la-conferencia-de-las-partes\/#breadcrumb","itemListElement":[{"@type":"ListItem","position":1,"name":"Portada","item":"https:\/\/iai.int\/es\/"},{"@type":"ListItem","position":2,"name":"7a reuni\u00f3n de la Conferencia de las Partes"}]},{"@type":"WebSite","@id":"https:\/\/iai.int\/es\/#website","url":"https:\/\/iai.int\/es\/","name":"IAI - Inter-American Institute for Global Change Research","description":"","publisher":{"@id":"https:\/\/iai.int\/es\/#organization"},"potentialAction":[{"@type":"SearchAction","target":{"@type":"EntryPoint","urlTemplate":"https:\/\/iai.int\/es\/?s={search_term_string}"},"query-input":{"@type":"PropertyValueSpecification","valueRequired":true,"valueName":"search_term_string"}}],"inLanguage":"es"},{"@type":"Organization","@id":"https:\/\/iai.int\/es\/#organization","name":"IAI - Inter-American Institute for Global Change Research","url":"https:\/\/iai.int\/es\/","logo":{"@type":"ImageObject","inLanguage":"es","@id":"https:\/\/iai.int\/es\/#\/schema\/logo\/image\/","url":"https:\/\/iai.int\/wp-content\/uploads\/2025\/11\/IAI-logo-English-scaled.png","contentUrl":"https:\/\/iai.int\/wp-content\/uploads\/2025\/11\/IAI-logo-English-scaled.png","width":2560,"height":985,"caption":"IAI - Inter-American Institute for Global Change Research"},"image":{"@id":"https:\/\/iai.int\/es\/#\/schema\/logo\/image\/"}}]}},"uagb_featured_image_src":{"full":["https:\/\/iai.int\/wp-content\/uploads\/2026\/01\/14.png",1772,551,false],"thumbnail":["https:\/\/iai.int\/wp-content\/uploads\/2026\/01\/14-150x150.png",150,150,true],"medium":["https:\/\/iai.int\/wp-content\/uploads\/2026\/01\/14-300x93.png",300,93,true],"medium_large":["https:\/\/iai.int\/wp-content\/uploads\/2026\/01\/14-768x239.png",768,239,true],"large":["https:\/\/iai.int\/wp-content\/uploads\/2026\/01\/14-1024x318.png",800,248,true],"1536x1536":["https:\/\/iai.int\/wp-content\/uploads\/2026\/01\/14-1536x478.png",1536,478,true],"2048x2048":["https:\/\/iai.int\/wp-content\/uploads\/2026\/01\/14.png",1772,551,false]},"uagb_author_info":{"display_name":"IAI Communication","author_link":"https:\/\/iai.int\/es\/author\/iai-communication\/"},"uagb_comment_info":0,"uagb_excerpt":"SAC-13 (ingl\u00e9s)FAWG (ingl\u00e9s)T&amp;E (ingl\u00e9s)DIS (ingl\u00e9s)Report of the Communications Task Force&nbsp;ingl\u00e9s)C. Budget (espa\u00f1ol&nbsp;\u2013&nbsp;ingl\u00e9s)ANNUAL PROGRAM (ingl\u00e9s)Vision and Strategy of IAI for the years ahead (ingl\u00e9s)IAI Conflicts of Interest and Standards of Ethical Conduct (espa\u00f1ol&nbsp;\u2013&nbsp;ingl\u00e9s)Agenda del CE (espa\u00f1ol&nbsp;\u2013&nbsp;ingl\u00e9s)CE-11 \u2013 CoP-12 (espa\u00f1ol&nbsp;\u2013&nbsp;ingl\u00e9s)CRN (espa\u00f1ol&nbsp;\u2013&nbsp;ingl\u00e9s)Agenda de la CoP (espa\u00f1ol&nbsp;\u2013&nbsp;ingl\u00e9s)CE-10 (espa\u00f1ol&nbsp;\u2013&nbsp;ingl\u00e9s)CoP-6 (espa\u00f1ol&nbsp;\u2013&nbsp;ingl\u00e9s)Report of the Executive Council Chair (ingl\u00e9s)Report of the Director to&hellip;","_links":{"self":[{"href":"https:\/\/iai.int\/es\/wp-json\/wp\/v2\/pages\/12854","targetHints":{"allow":["GET"]}}],"collection":[{"href":"https:\/\/iai.int\/es\/wp-json\/wp\/v2\/pages"}],"about":[{"href":"https:\/\/iai.int\/es\/wp-json\/wp\/v2\/types\/page"}],"author":[{"embeddable":true,"href":"https:\/\/iai.int\/es\/wp-json\/wp\/v2\/users\/9"}],"replies":[{"embeddable":true,"href":"https:\/\/iai.int\/es\/wp-json\/wp\/v2\/comments?post=12854"}],"version-history":[{"count":3,"href":"https:\/\/iai.int\/es\/wp-json\/wp\/v2\/pages\/12854\/revisions"}],"predecessor-version":[{"id":13408,"href":"https:\/\/iai.int\/es\/wp-json\/wp\/v2\/pages\/12854\/revisions\/13408"}],"wp:featuredmedia":[{"embeddable":true,"href":"https:\/\/iai.int\/es\/wp-json\/wp\/v2\/media\/12462"}],"wp:attachment":[{"href":"https:\/\/iai.int\/es\/wp-json\/wp\/v2\/media?parent=12854"}],"curies":[{"name":"wp","href":"https:\/\/api.w.org\/{rel}","templated":true}]}}