{"id":12838,"date":"2026-01-08T11:40:30","date_gmt":"2026-01-08T16:40:30","guid":{"rendered":"https:\/\/iai.int\/?page_id=12838"},"modified":"2026-01-14T10:40:06","modified_gmt":"2026-01-14T15:40:06","slug":"8a-reunion-de-la-conferencia-de-las-partes","status":"publish","type":"page","link":"https:\/\/iai.int\/es\/8a-reunion-de-la-conferencia-de-las-partes\/","title":{"rendered":"8a reuni\u00f3n de la Conferencia de las Partes"},"content":{"rendered":"\n<p>CE-13 \u2013 CoP-8 July 17-20, 2001 Panama City, Panama FAWG (<a href=\"https:\/\/archive.iai.int\/admin\/site\/sites\/default\/files\/10_FAWG.pdf\" target=\"_blank\" rel=\"noreferrer noopener\">ingl\u00e9s<\/a>)<br>Report of the Fund Raising Working Group (<a href=\"https:\/\/archive.iai.int\/admin\/site\/sites\/default\/files\/10_FAWG-1.pdf\" target=\"_blank\" rel=\"noreferrer noopener\">ingl\u00e9s<\/a>)<br>Report of the Data Policy Working Group (<a href=\"https:\/\/archive.iai.int\/admin\/site\/sites\/default\/files\/12_DIS.pdf\" target=\"_blank\" rel=\"noreferrer noopener\">ingl\u00e9s<\/a>)<br>Training and Education Activities (<a href=\"https:\/\/archive.iai.int\/admin\/site\/sites\/default\/files\/13_TEReport.pdf\" target=\"_blank\" rel=\"noreferrer noopener\">ingl\u00e9s<\/a>)<br>Report of the Communications Task Force (<a href=\"https:\/\/archive.iai.int\/admin\/site\/sites\/default\/files\/14_CTFReport.pdf\" target=\"_blank\" rel=\"noreferrer noopener\">ingl\u00e9s<\/a>)<br>CE-13 \u2013 CoP-8 July 17-20, 2001 Panama City, Panama (<a href=\"https:\/\/archive.iai.int\/admin\/site\/sites\/default\/files\/15_TORExtEv.pdf\" target=\"_blank\" rel=\"noreferrer noopener\">ingl\u00e9s<\/a>)<br>IAI CORE BUDGET REQUEST FOR FISCAL YEAR 2001\/2002 (<a href=\"https:\/\/archive.iai.int\/admin\/site\/sites\/default\/files\/16_CoreBud_SP.pdf\" target=\"_blank\" rel=\"noreferrer noopener\">espa\u00f1ol<\/a>&nbsp;\u2013&nbsp;<a href=\"https:\/\/archive.iai.int\/admin\/site\/sites\/default\/files\/16_CoreBud.pdf\" target=\"_blank\" rel=\"noreferrer noopener\">ingl\u00e9s<\/a>)<br>IAI Annual Program 2001\/2002 (<a href=\"https:\/\/archive.iai.int\/admin\/site\/sites\/default\/files\/18_AnProg.pdf\" target=\"_blank\" rel=\"noreferrer noopener\">ingl\u00e9s<\/a>)<br>SUSPENSION AND TERMINATION PROCEDURES FOR IAI PROJECTS (<a href=\"https:\/\/archive.iai.int\/admin\/site\/sites\/default\/files\/19_Termination_SP-1.pdf\" target=\"_blank\" rel=\"noreferrer noopener\">espa\u00f1ol<\/a>&nbsp;\u2013&nbsp;<a href=\"https:\/\/archive.iai.int\/admin\/site\/sites\/default\/files\/19_Termination-1.pdf\" target=\"_blank\" rel=\"noreferrer noopener\">ingl\u00e9s<\/a>)<br>Agenda del CE (<a href=\"https:\/\/archive.iai.int\/admin\/site\/sites\/default\/files\/1_ECAgenda_Sp-1.pdf\" target=\"_blank\" rel=\"noreferrer noopener\">espa\u00f1ol<\/a>&nbsp;\u2013&nbsp;<a href=\"https:\/\/archive.iai.int\/admin\/site\/sites\/default\/files\/1_ECAgenda-1.pdf\" target=\"_blank\" rel=\"noreferrer noopener\">ingl\u00e9s<\/a>)<br>SGII (<a href=\"https:\/\/archive.iai.int\/admin\/site\/sites\/default\/files\/20_SGII4.pdf\" target=\"_blank\" rel=\"noreferrer noopener\">ingl\u00e9s<\/a>)<br>CE-13 CoP-8 (<a href=\"https:\/\/archive.iai.int\/admin\/site\/sites\/default\/files\/21_Overview.pdf\" target=\"_blank\" rel=\"noreferrer noopener\">espa\u00f1ol \u2013 ingl\u00e9s<\/a>)<br>WESTERN HEMISPHERE KNOWLEDGE PARTNERSHIPS (<a href=\"https:\/\/archive.iai.int\/admin\/site\/sites\/default\/files\/23_WHKP.pdf\" target=\"_blank\" rel=\"noreferrer noopener\">ingl\u00e9s<\/a>)<br>Regional Workshop on Sustainability Science: Science and Technology for Sustainable Development (<a href=\"https:\/\/archive.iai.int\/admin\/site\/sites\/default\/files\/24_RWSS.pdf\" target=\"_blank\" rel=\"noreferrer noopener\">ingl\u00e9s<\/a>)<br>Proposed Selection Process for the IAI Director (<a href=\"https:\/\/archive.iai.int\/admin\/site\/sites\/default\/files\/25_SelProcDir1.pdf\" target=\"_blank\" rel=\"noreferrer noopener\">ingl\u00e9s<\/a>)<br>Selection Process for IAI Director in 1995 (<a href=\"https:\/\/archive.iai.int\/admin\/site\/sites\/default\/files\/26_SelProc19951.pdf\" target=\"_blank\" rel=\"noreferrer noopener\">ingl\u00e9s<\/a>)<br>Agenda de la CoP (<a href=\"https:\/\/archive.iai.int\/admin\/site\/sites\/default\/files\/2_CoPAgenda.pdf\" target=\"_blank\" rel=\"noreferrer noopener\">ingl\u00e9s&nbsp;<\/a>\u2013&nbsp;<a href=\"https:\/\/archive.iai.int\/admin\/site\/sites\/default\/files\/2_CoPAgenda_Sp.pdf\" target=\"_blank\" rel=\"noreferrer noopener\">espa\u00f1ol<\/a>)<br>CE-12 (<a href=\"https:\/\/archive.iai.int\/admin\/site\/sites\/default\/files\/3_ECXII_SP1.pdf\" target=\"_blank\" rel=\"noreferrer noopener\">espa\u00f1ol<\/a>&nbsp;\u2013&nbsp;<a href=\"https:\/\/archive.iai.int\/admin\/site\/sites\/default\/files\/3_ECXII1.pdf\" target=\"_blank\" rel=\"noreferrer noopener\">ingl\u00e9s<\/a>)<br>CoP-7 (<a href=\"https:\/\/archive.iai.int\/admin\/site\/sites\/default\/files\/4_CoPVII1_SP.pdf\" target=\"_blank\" rel=\"noreferrer noopener\">espa\u00f1ol<\/a>&nbsp;\u2013&nbsp;<a href=\"https:\/\/archive.iai.int\/admin\/site\/sites\/default\/files\/4_CoPVII1.pdf\" target=\"_blank\" rel=\"noreferrer noopener\">ingl\u00e9s<\/a>)<br>Annex (<a href=\"https:\/\/archive.iai.int\/admin\/site\/sites\/default\/files\/6_Annex.pdf\" target=\"_blank\" rel=\"noreferrer noopener\">ingl\u00e9s<\/a>)<br>DIRECTORATE (<a href=\"https:\/\/archive.iai.int\/admin\/site\/sites\/default\/files\/6_DirRep-3.pdf\" target=\"_blank\" rel=\"noreferrer noopener\">ingl\u00e9s<\/a>)<br>SAC (<a href=\"https:\/\/archive.iai.int\/admin\/site\/sites\/default\/files\/7_SACWash.pdf\" target=\"_blank\" rel=\"noreferrer noopener\">ingl\u00e9s<\/a>)<br>Termination (<a href=\"https:\/\/archive.iai.int\/admin\/site\/sites\/default\/files\/7_Termination.rtf\" target=\"_blank\" rel=\"noreferrer noopener\">ingl\u00e9s<\/a>)<br>Report of the Fifteenth Meeting of the IAI Scientific Advisory Committee (SAC) (<a href=\"https:\/\/archive.iai.int\/admin\/site\/sites\/default\/files\/8_SACSJC.pdf\" target=\"_blank\" rel=\"noreferrer noopener\">ingl\u00e9s<\/a>)<br>Terms of Reference (<a href=\"https:\/\/archive.iai.int\/admin\/site\/sites\/default\/files\/8_TOR.rtf\" target=\"_blank\" rel=\"noreferrer noopener\">ingl\u00e9s<\/a>)<br>CRN ANALYSIS (<a href=\"https:\/\/archive.iai.int\/admin\/site\/sites\/default\/files\/9_CRNstatus.pdf\" target=\"_blank\" rel=\"noreferrer noopener\">ingl\u00e9s<\/a>)<br>CoP-8 Participants List (<a href=\"https:\/\/archive.iai.int\/admin\/site\/sites\/default\/files\/CoP8_ParticipantsList.pdf\" target=\"_blank\" rel=\"noreferrer noopener\">ingl\u00e9s<\/a>)<br>CoP d\u00eda 1 (<a href=\"https:\/\/archive.iai.int\/admin\/site\/sites\/default\/files\/CoP_ALday1_ES.pdf\" target=\"_blank\" rel=\"noreferrer noopener\">espa\u00f1ol<\/a>&nbsp;\u2013&nbsp;<a href=\"https:\/\/archive.iai.int\/admin\/site\/sites\/default\/files\/CoP_ALday1.pdf\" target=\"_blank\" rel=\"noreferrer noopener\">ingl\u00e9s<\/a>)<br>CoP d\u00eda 2 (<a href=\"https:\/\/archive.iai.int\/admin\/site\/sites\/default\/files\/CoP_ALday2_ES.pdf\" target=\"_blank\" rel=\"noreferrer noopener\">espa\u00f1ol<\/a>&nbsp;\u2013&nbsp;<a href=\"https:\/\/archive.iai.int\/admin\/site\/sites\/default\/files\/CoP_ALday2.pdf\" target=\"_blank\" rel=\"noreferrer noopener\">ingl\u00e9s<\/a>)<br>CoP Resolutions (<a href=\"https:\/\/archive.iai.int\/admin\/site\/sites\/default\/files\/CoP_Resolutions_ES.pdf\" target=\"_blank\" rel=\"noreferrer noopener\">espa\u00f1ol<\/a>&nbsp;\u2013&nbsp;<a href=\"https:\/\/archive.iai.int\/admin\/site\/sites\/default\/files\/CoP_Resolutions.pdf\" target=\"_blank\" rel=\"noreferrer noopener\">ingl\u00e9s<\/a>)<br>CE-13 Participants List (<a href=\"https:\/\/archive.iai.int\/admin\/site\/sites\/default\/files\/EC13_ParticipantsList.pdf\" target=\"_blank\" rel=\"noreferrer noopener\">ingl\u00e9s<\/a>)<br>CE d\u00eda 1 (<a href=\"https:\/\/archive.iai.int\/admin\/site\/sites\/default\/files\/EC_ALday1_ES.pdf\" target=\"_blank\" rel=\"noreferrer noopener\">espa\u00f1ol<\/a>&nbsp;\u2013&nbsp;<a href=\"https:\/\/archive.iai.int\/admin\/site\/sites\/default\/files\/EC_ALday1.pdf\" target=\"_blank\" rel=\"noreferrer noopener\">ingl\u00e9s<\/a>)<br>CE d\u00eda 2 (<a href=\"https:\/\/archive.iai.int\/admin\/site\/sites\/default\/files\/EC_ALday2_ES.pdf\" target=\"_blank\" rel=\"noreferrer noopener\">espa\u00f1ol<\/a>&nbsp;\u2013&nbsp;<a href=\"https:\/\/archive.iai.int\/admin\/site\/sites\/default\/files\/EC_ALday2.pdf\" target=\"_blank\" rel=\"noreferrer noopener\">ingl\u00e9s<\/a>)<\/p>\n\n\n\n<p><a href=\"https:\/\/iai.int\/es\/reuniones-ec-y-cop\/\"><strong>Regresar a Reuniones EC y COP<\/strong><\/a><\/p>\n","protected":false},"excerpt":{"rendered":"<p>CE-13 \u2013 CoP-8 July 17-20, 2001 Panama City, Panama FAWG (ingl\u00e9s)Report of the Fund Raising Working Group (ingl\u00e9s)Report of the Data Policy Working Group (ingl\u00e9s)Training and Education Activities (ingl\u00e9s)Report of the Communications Task Force (ingl\u00e9s)CE-13 \u2013 CoP-8 July 17-20, 2001 Panama City, Panama (ingl\u00e9s)IAI CORE BUDGET REQUEST FOR FISCAL YEAR 2001\/2002 (espa\u00f1ol&nbsp;\u2013&nbsp;ingl\u00e9s)IAI Annual Program 2001\/2002 [&hellip;]<\/p>\n","protected":false},"author":9,"featured_media":12462,"parent":0,"menu_order":0,"comment_status":"closed","ping_status":"closed","template":"","meta":{"_acf_changed":false,"_uag_custom_page_level_css":"","footnotes":""},"class_list":["post-12838","page","type-page","status-publish","has-post-thumbnail","hentry"],"acf":[],"yoast_head":"<!-- This site is optimized with the Yoast SEO plugin v27.3 - https:\/\/yoast.com\/product\/yoast-seo-wordpress\/ -->\n<title>8a reuni\u00f3n de la Conferencia de las Partes - IAI - Inter-American Institute for Global Change Research<\/title>\n<meta name=\"robots\" content=\"index, follow, max-snippet:-1, max-image-preview:large, max-video-preview:-1\" \/>\n<link rel=\"canonical\" href=\"https:\/\/iai.int\/es\/8a-reunion-de-la-conferencia-de-las-partes\/\" \/>\n<meta property=\"og:locale\" content=\"es_ES\" \/>\n<meta property=\"og:type\" content=\"article\" \/>\n<meta property=\"og:title\" content=\"8a reuni\u00f3n de la Conferencia de las Partes - IAI - Inter-American Institute for Global Change Research\" \/>\n<meta property=\"og:description\" content=\"CE-13 \u2013 CoP-8 July 17-20, 2001 Panama City, Panama FAWG (ingl\u00e9s)Report of the Fund Raising Working Group (ingl\u00e9s)Report of the Data Policy Working Group (ingl\u00e9s)Training and Education Activities (ingl\u00e9s)Report of the Communications Task Force (ingl\u00e9s)CE-13 \u2013 CoP-8 July 17-20, 2001 Panama City, Panama (ingl\u00e9s)IAI CORE BUDGET REQUEST FOR FISCAL YEAR 2001\/2002 (espa\u00f1ol&nbsp;\u2013&nbsp;ingl\u00e9s)IAI Annual Program 2001\/2002 [&hellip;]\" \/>\n<meta property=\"og:url\" content=\"https:\/\/iai.int\/es\/8a-reunion-de-la-conferencia-de-las-partes\/\" \/>\n<meta property=\"og:site_name\" content=\"IAI - Inter-American Institute for Global Change Research\" \/>\n<meta property=\"article:modified_time\" content=\"2026-01-14T15:40:06+00:00\" \/>\n<meta property=\"og:image\" content=\"https:\/\/iai.int\/wp-content\/uploads\/2026\/01\/14.png\" \/>\n\t<meta property=\"og:image:width\" content=\"1772\" \/>\n\t<meta property=\"og:image:height\" content=\"551\" \/>\n\t<meta property=\"og:image:type\" content=\"image\/png\" \/>\n<meta name=\"twitter:card\" content=\"summary_large_image\" \/>\n<meta name=\"twitter:label1\" content=\"Tiempo de lectura\" \/>\n\t<meta name=\"twitter:data1\" content=\"1 minuto\" \/>\n<script type=\"application\/ld+json\" class=\"yoast-schema-graph\">{\"@context\":\"https:\\\/\\\/schema.org\",\"@graph\":[{\"@type\":\"WebPage\",\"@id\":\"https:\\\/\\\/iai.int\\\/es\\\/8a-reunion-de-la-conferencia-de-las-partes\\\/\",\"url\":\"https:\\\/\\\/iai.int\\\/es\\\/8a-reunion-de-la-conferencia-de-las-partes\\\/\",\"name\":\"8a reuni\u00f3n de la Conferencia de las Partes - IAI - Inter-American Institute for Global Change Research\",\"isPartOf\":{\"@id\":\"https:\\\/\\\/iai.int\\\/es\\\/#website\"},\"primaryImageOfPage\":{\"@id\":\"https:\\\/\\\/iai.int\\\/es\\\/8a-reunion-de-la-conferencia-de-las-partes\\\/#primaryimage\"},\"image\":{\"@id\":\"https:\\\/\\\/iai.int\\\/es\\\/8a-reunion-de-la-conferencia-de-las-partes\\\/#primaryimage\"},\"thumbnailUrl\":\"https:\\\/\\\/iai.int\\\/wp-content\\\/uploads\\\/2026\\\/01\\\/14.png\",\"datePublished\":\"2026-01-08T16:40:30+00:00\",\"dateModified\":\"2026-01-14T15:40:06+00:00\",\"breadcrumb\":{\"@id\":\"https:\\\/\\\/iai.int\\\/es\\\/8a-reunion-de-la-conferencia-de-las-partes\\\/#breadcrumb\"},\"inLanguage\":\"es\",\"potentialAction\":[{\"@type\":\"ReadAction\",\"target\":[\"https:\\\/\\\/iai.int\\\/es\\\/8a-reunion-de-la-conferencia-de-las-partes\\\/\"]}]},{\"@type\":\"ImageObject\",\"inLanguage\":\"es\",\"@id\":\"https:\\\/\\\/iai.int\\\/es\\\/8a-reunion-de-la-conferencia-de-las-partes\\\/#primaryimage\",\"url\":\"https:\\\/\\\/iai.int\\\/wp-content\\\/uploads\\\/2026\\\/01\\\/14.png\",\"contentUrl\":\"https:\\\/\\\/iai.int\\\/wp-content\\\/uploads\\\/2026\\\/01\\\/14.png\",\"width\":1772,\"height\":551},{\"@type\":\"BreadcrumbList\",\"@id\":\"https:\\\/\\\/iai.int\\\/es\\\/8a-reunion-de-la-conferencia-de-las-partes\\\/#breadcrumb\",\"itemListElement\":[{\"@type\":\"ListItem\",\"position\":1,\"name\":\"Portada\",\"item\":\"https:\\\/\\\/iai.int\\\/es\\\/\"},{\"@type\":\"ListItem\",\"position\":2,\"name\":\"8a reuni\u00f3n de la Conferencia de las Partes\"}]},{\"@type\":\"WebSite\",\"@id\":\"https:\\\/\\\/iai.int\\\/es\\\/#website\",\"url\":\"https:\\\/\\\/iai.int\\\/es\\\/\",\"name\":\"IAI - Inter-American Institute for Global Change Research\",\"description\":\"\",\"publisher\":{\"@id\":\"https:\\\/\\\/iai.int\\\/es\\\/#organization\"},\"potentialAction\":[{\"@type\":\"SearchAction\",\"target\":{\"@type\":\"EntryPoint\",\"urlTemplate\":\"https:\\\/\\\/iai.int\\\/es\\\/?s={search_term_string}\"},\"query-input\":{\"@type\":\"PropertyValueSpecification\",\"valueRequired\":true,\"valueName\":\"search_term_string\"}}],\"inLanguage\":\"es\"},{\"@type\":\"Organization\",\"@id\":\"https:\\\/\\\/iai.int\\\/es\\\/#organization\",\"name\":\"IAI - Inter-American Institute for Global Change Research\",\"url\":\"https:\\\/\\\/iai.int\\\/es\\\/\",\"logo\":{\"@type\":\"ImageObject\",\"inLanguage\":\"es\",\"@id\":\"https:\\\/\\\/iai.int\\\/es\\\/#\\\/schema\\\/logo\\\/image\\\/\",\"url\":\"https:\\\/\\\/iai.int\\\/wp-content\\\/uploads\\\/2025\\\/11\\\/IAI-logo-English-scaled.png\",\"contentUrl\":\"https:\\\/\\\/iai.int\\\/wp-content\\\/uploads\\\/2025\\\/11\\\/IAI-logo-English-scaled.png\",\"width\":2560,\"height\":985,\"caption\":\"IAI - Inter-American Institute for Global Change Research\"},\"image\":{\"@id\":\"https:\\\/\\\/iai.int\\\/es\\\/#\\\/schema\\\/logo\\\/image\\\/\"}}]}<\/script>\n<!-- \/ Yoast SEO plugin. -->","yoast_head_json":{"title":"8a reuni\u00f3n de la Conferencia de las Partes - IAI - Inter-American Institute for Global Change Research","robots":{"index":"index","follow":"follow","max-snippet":"max-snippet:-1","max-image-preview":"max-image-preview:large","max-video-preview":"max-video-preview:-1"},"canonical":"https:\/\/iai.int\/es\/8a-reunion-de-la-conferencia-de-las-partes\/","og_locale":"es_ES","og_type":"article","og_title":"8a reuni\u00f3n de la Conferencia de las Partes - IAI - Inter-American Institute for Global Change Research","og_description":"CE-13 \u2013 CoP-8 July 17-20, 2001 Panama City, Panama FAWG (ingl\u00e9s)Report of the Fund Raising Working Group (ingl\u00e9s)Report of the Data Policy Working Group (ingl\u00e9s)Training and Education Activities (ingl\u00e9s)Report of the Communications Task Force (ingl\u00e9s)CE-13 \u2013 CoP-8 July 17-20, 2001 Panama City, Panama (ingl\u00e9s)IAI CORE BUDGET REQUEST FOR FISCAL YEAR 2001\/2002 (espa\u00f1ol&nbsp;\u2013&nbsp;ingl\u00e9s)IAI Annual Program 2001\/2002 [&hellip;]","og_url":"https:\/\/iai.int\/es\/8a-reunion-de-la-conferencia-de-las-partes\/","og_site_name":"IAI - Inter-American Institute for Global Change Research","article_modified_time":"2026-01-14T15:40:06+00:00","og_image":[{"width":1772,"height":551,"url":"https:\/\/iai.int\/wp-content\/uploads\/2026\/01\/14.png","type":"image\/png"}],"twitter_card":"summary_large_image","twitter_misc":{"Tiempo de lectura":"1 minuto"},"schema":{"@context":"https:\/\/schema.org","@graph":[{"@type":"WebPage","@id":"https:\/\/iai.int\/es\/8a-reunion-de-la-conferencia-de-las-partes\/","url":"https:\/\/iai.int\/es\/8a-reunion-de-la-conferencia-de-las-partes\/","name":"8a reuni\u00f3n de la Conferencia de las Partes - IAI - Inter-American Institute for Global Change Research","isPartOf":{"@id":"https:\/\/iai.int\/es\/#website"},"primaryImageOfPage":{"@id":"https:\/\/iai.int\/es\/8a-reunion-de-la-conferencia-de-las-partes\/#primaryimage"},"image":{"@id":"https:\/\/iai.int\/es\/8a-reunion-de-la-conferencia-de-las-partes\/#primaryimage"},"thumbnailUrl":"https:\/\/iai.int\/wp-content\/uploads\/2026\/01\/14.png","datePublished":"2026-01-08T16:40:30+00:00","dateModified":"2026-01-14T15:40:06+00:00","breadcrumb":{"@id":"https:\/\/iai.int\/es\/8a-reunion-de-la-conferencia-de-las-partes\/#breadcrumb"},"inLanguage":"es","potentialAction":[{"@type":"ReadAction","target":["https:\/\/iai.int\/es\/8a-reunion-de-la-conferencia-de-las-partes\/"]}]},{"@type":"ImageObject","inLanguage":"es","@id":"https:\/\/iai.int\/es\/8a-reunion-de-la-conferencia-de-las-partes\/#primaryimage","url":"https:\/\/iai.int\/wp-content\/uploads\/2026\/01\/14.png","contentUrl":"https:\/\/iai.int\/wp-content\/uploads\/2026\/01\/14.png","width":1772,"height":551},{"@type":"BreadcrumbList","@id":"https:\/\/iai.int\/es\/8a-reunion-de-la-conferencia-de-las-partes\/#breadcrumb","itemListElement":[{"@type":"ListItem","position":1,"name":"Portada","item":"https:\/\/iai.int\/es\/"},{"@type":"ListItem","position":2,"name":"8a reuni\u00f3n de la Conferencia de las Partes"}]},{"@type":"WebSite","@id":"https:\/\/iai.int\/es\/#website","url":"https:\/\/iai.int\/es\/","name":"IAI - Inter-American Institute for Global Change Research","description":"","publisher":{"@id":"https:\/\/iai.int\/es\/#organization"},"potentialAction":[{"@type":"SearchAction","target":{"@type":"EntryPoint","urlTemplate":"https:\/\/iai.int\/es\/?s={search_term_string}"},"query-input":{"@type":"PropertyValueSpecification","valueRequired":true,"valueName":"search_term_string"}}],"inLanguage":"es"},{"@type":"Organization","@id":"https:\/\/iai.int\/es\/#organization","name":"IAI - Inter-American Institute for Global Change Research","url":"https:\/\/iai.int\/es\/","logo":{"@type":"ImageObject","inLanguage":"es","@id":"https:\/\/iai.int\/es\/#\/schema\/logo\/image\/","url":"https:\/\/iai.int\/wp-content\/uploads\/2025\/11\/IAI-logo-English-scaled.png","contentUrl":"https:\/\/iai.int\/wp-content\/uploads\/2025\/11\/IAI-logo-English-scaled.png","width":2560,"height":985,"caption":"IAI - Inter-American Institute for Global Change Research"},"image":{"@id":"https:\/\/iai.int\/es\/#\/schema\/logo\/image\/"}}]}},"uagb_featured_image_src":{"full":["https:\/\/iai.int\/wp-content\/uploads\/2026\/01\/14.png",1772,551,false],"thumbnail":["https:\/\/iai.int\/wp-content\/uploads\/2026\/01\/14-150x150.png",150,150,true],"medium":["https:\/\/iai.int\/wp-content\/uploads\/2026\/01\/14-300x93.png",300,93,true],"medium_large":["https:\/\/iai.int\/wp-content\/uploads\/2026\/01\/14-768x239.png",768,239,true],"large":["https:\/\/iai.int\/wp-content\/uploads\/2026\/01\/14-1024x318.png",800,248,true],"1536x1536":["https:\/\/iai.int\/wp-content\/uploads\/2026\/01\/14-1536x478.png",1536,478,true],"2048x2048":["https:\/\/iai.int\/wp-content\/uploads\/2026\/01\/14.png",1772,551,false]},"uagb_author_info":{"display_name":"IAI Communication","author_link":"https:\/\/iai.int\/es\/author\/iai-communication\/"},"uagb_comment_info":0,"uagb_excerpt":"CE-13 \u2013 CoP-8 July 17-20, 2001 Panama City, Panama FAWG (ingl\u00e9s)Report of the Fund Raising Working Group (ingl\u00e9s)Report of the Data Policy Working Group (ingl\u00e9s)Training and Education Activities (ingl\u00e9s)Report of the Communications Task Force (ingl\u00e9s)CE-13 \u2013 CoP-8 July 17-20, 2001 Panama City, Panama (ingl\u00e9s)IAI CORE BUDGET REQUEST FOR FISCAL YEAR 2001\/2002 (espa\u00f1ol&nbsp;\u2013&nbsp;ingl\u00e9s)IAI Annual Program 2001\/2002&hellip;","_links":{"self":[{"href":"https:\/\/iai.int\/es\/wp-json\/wp\/v2\/pages\/12838","targetHints":{"allow":["GET"]}}],"collection":[{"href":"https:\/\/iai.int\/es\/wp-json\/wp\/v2\/pages"}],"about":[{"href":"https:\/\/iai.int\/es\/wp-json\/wp\/v2\/types\/page"}],"author":[{"embeddable":true,"href":"https:\/\/iai.int\/es\/wp-json\/wp\/v2\/users\/9"}],"replies":[{"embeddable":true,"href":"https:\/\/iai.int\/es\/wp-json\/wp\/v2\/comments?post=12838"}],"version-history":[{"count":2,"href":"https:\/\/iai.int\/es\/wp-json\/wp\/v2\/pages\/12838\/revisions"}],"predecessor-version":[{"id":13405,"href":"https:\/\/iai.int\/es\/wp-json\/wp\/v2\/pages\/12838\/revisions\/13405"}],"wp:featuredmedia":[{"embeddable":true,"href":"https:\/\/iai.int\/es\/wp-json\/wp\/v2\/media\/12462"}],"wp:attachment":[{"href":"https:\/\/iai.int\/es\/wp-json\/wp\/v2\/media?parent=12838"}],"curies":[{"name":"wp","href":"https:\/\/api.w.org\/{rel}","templated":true}]}}