{"id":12832,"date":"2026-01-08T11:33:42","date_gmt":"2026-01-08T16:33:42","guid":{"rendered":"https:\/\/iai.int\/?page_id=12832"},"modified":"2026-01-14T10:39:34","modified_gmt":"2026-01-14T15:39:34","slug":"13a-reunion-del-consejo-ejecutivo","status":"publish","type":"page","link":"https:\/\/iai.int\/es\/13a-reunion-del-consejo-ejecutivo\/","title":{"rendered":"13a reuni\u00f3n del Consejo Ejecutivo"},"content":{"rendered":"\n<p>Agenda&nbsp;<a href=\"http:\/\/www.iai.int\/admin\/site\/sites\/default\/files\/EC-9-minutes-SP-1.pdf\" target=\"_blank\" rel=\"noreferrer noopener\">espa\u00f1ol<\/a>&nbsp;\u2013&nbsp;<a href=\"https:\/\/archive.iai.int\/administrador\/assets\/images\/ckfinder\/files\/6%C2%BA%2013th%20EC_1_Approval%20of%20the%20Agenda.pdf\" target=\"_blank\" rel=\"noreferrer noopener\">ingl\u00e9s<\/a><\/p>\n\n\n\n<p>Acta de la decimotercera reuni\u00f3n del Consejo Ejecutivo&nbsp;<a href=\"https:\/\/archive.iai.int\/administrador\/assets\/images\/ckfinder\/files\/6%C2%BA%2013th%20EC_3_Aprobacion%20del%20Informe%20de%20la%2012nd%20Reunion%20del%20EC.pdf\" target=\"_blank\" rel=\"noreferrer noopener\">espa\u00f1ol<\/a>&nbsp;\u2013&nbsp;<a href=\"https:\/\/archive.iai.int\/administrador\/assets\/images\/ckfinder\/files\/6%C2%BA%2013th%20EC_3_Aproval%20of%20the%20Report%20of%20the%2012nd%20EC%20Meeting.pdf\" target=\"_blank\" rel=\"noreferrer noopener\">ingl\u00e9s<\/a><\/p>\n\n\n\n<p>Report of the IAI Directorate&nbsp;<a href=\"https:\/\/archive.iai.int\/administrador\/assets\/images\/ckfinder\/files\/6%C2%BA%2013th%20EC_6_Report%20of%20the%20IAI%20Directorate.pdf\">ingl\u00e8s<\/a><\/p>\n\n\n\n<p>Report of the Scientific Advisory Committee (SAC) Chair&nbsp;<a href=\"https:\/\/archive.iai.int\/administrador\/assets\/images\/ckfinder\/files\/6%C2%BA%2013th%20EC_7_8_Report%20of%20the%20Scientific%20Advisory%20Committee%20(SAC)%20Chair.pdf\">ingl\u00e9s<\/a><\/p>\n\n\n\n<p>Financial and Administration Policy&nbsp;<a href=\"https:\/\/archive.iai.int\/administrador\/assets\/images\/ckfinder\/files\/6%C2%BA%2013th%20EC_10_Financial%20and%20Administration%20Policy.pdf\">ingl\u00e9s<\/a><\/p>\n\n\n\n<p>Fund Raising&nbsp;<a href=\"https:\/\/archive.iai.int\/administrador\/assets\/images\/ckfinder\/files\/6%C2%BA%2013th%20EC_11_Fund%20Raising.pdf\">ingl\u00e9s<\/a><\/p>\n\n\n\n<p>Data Policy and Information System (DIS)&nbsp;<a href=\"https:\/\/archive.iai.int\/administrador\/assets\/images\/ckfinder\/files\/6%C2%BA%2013th%20EC_12_Data%20Policy%20and%20Information%20System%20(DIS).pdf\">ingl\u00e9s<\/a><\/p>\n\n\n\n<p>Communications&nbsp;<a href=\"https:\/\/archive.iai.int\/administrador\/assets\/images\/ckfinder\/files\/6%C2%BA%2013th%20EC_14_Communications.pdf\">ingl\u00e9s<\/a><\/p>\n\n\n\n<p>Terms of Reference (TOR) for the External Evaluation of IA&nbsp;<a href=\"https:\/\/archive.iai.int\/administrador\/assets\/images\/ckfinder\/files\/6%C2%BA%2013th%20EC_15_SubCommittee%20on%20the%20Terms%20of%20Reference%20(TOR)%20for%20the%20External%20Evaluation%20of%20IAI.pdf\">ingl\u00e9s<\/a><\/p>\n\n\n\n<p>Core Budget for FY 2001_2002&nbsp;<a href=\"https:\/\/archive.iai.int\/administrador\/assets\/images\/ckfinder\/files\/6%C2%BA%2013th%20EC_16_Core%20Budget%20for%20FY%202001_2002.pdf\">ingl\u00e9s<\/a><\/p>\n\n\n\n<p>Suspension and Termination Procedure for IAI Projects&nbsp;<a href=\"https:\/\/archive.iai.int\/administrador\/assets\/images\/ckfinder\/files\/6%C2%BA%2013th%20EC_19_Procedimientos%20de%20Suspension%20y%20Finalizacion%20para%20los%20Proyectos%20del%20IAI.pdf\" target=\"_blank\" rel=\"noreferrer noopener\">espa\u00f1ol&nbsp;<\/a>\u2013&nbsp;<a href=\"https:\/\/archive.iai.int\/administrador\/assets\/images\/ckfinder\/files\/6%C2%BA%2013th%20EC_19_Suspension%20and%20Termination%20Procedure%20for%20IAI%20Projects.pdf\">ingl\u00e9s&nbsp;<\/a><\/p>\n\n\n\n<p>Nominating Committee for the election of SAC members&nbsp;<a href=\"https:\/\/archive.iai.int\/administrador\/assets\/images\/ckfinder\/files\/6%C2%BA%2013th%20EC_27_Nominating%20Committee%20for%20the%20election%20of%20SAC%20members.pdf\">ingl\u00e9s<\/a><\/p>\n\n\n\n<p><\/p>\n\n\n\n<p><a href=\"https:\/\/iai.int\/es\/reuniones-ec-y-cop\/\"><strong>Regresar a Reuniones EC y COP<\/strong><\/a><\/p>\n","protected":false},"excerpt":{"rendered":"<p>Agenda&nbsp;espa\u00f1ol&nbsp;\u2013&nbsp;ingl\u00e9s Acta de la decimotercera reuni\u00f3n del Consejo Ejecutivo&nbsp;espa\u00f1ol&nbsp;\u2013&nbsp;ingl\u00e9s Report of the IAI Directorate&nbsp;ingl\u00e8s Report of the Scientific Advisory Committee (SAC) Chair&nbsp;ingl\u00e9s Financial and Administration Policy&nbsp;ingl\u00e9s Fund Raising&nbsp;ingl\u00e9s Data Policy and Information System (DIS)&nbsp;ingl\u00e9s Communications&nbsp;ingl\u00e9s Terms of Reference (TOR) for the External Evaluation of IA&nbsp;ingl\u00e9s Core Budget for FY 2001_2002&nbsp;ingl\u00e9s Suspension and Termination Procedure for [&hellip;]<\/p>\n","protected":false},"author":9,"featured_media":0,"parent":0,"menu_order":0,"comment_status":"closed","ping_status":"closed","template":"","meta":{"_acf_changed":false,"_uag_custom_page_level_css":"","footnotes":""},"class_list":["post-12832","page","type-page","status-publish","hentry"],"acf":[],"yoast_head":"<!-- This site is optimized with the Yoast SEO plugin v27.3 - https:\/\/yoast.com\/product\/yoast-seo-wordpress\/ -->\n<title>13a reuni\u00f3n del Consejo Ejecutivo - IAI - Inter-American Institute for Global Change Research<\/title>\n<meta name=\"robots\" content=\"index, follow, max-snippet:-1, max-image-preview:large, max-video-preview:-1\" \/>\n<link rel=\"canonical\" href=\"https:\/\/iai.int\/es\/13a-reunion-del-consejo-ejecutivo\/\" \/>\n<meta property=\"og:locale\" content=\"es_ES\" \/>\n<meta property=\"og:type\" content=\"article\" \/>\n<meta property=\"og:title\" content=\"13a reuni\u00f3n del Consejo Ejecutivo - IAI - Inter-American Institute for Global Change Research\" \/>\n<meta property=\"og:description\" content=\"Agenda&nbsp;espa\u00f1ol&nbsp;\u2013&nbsp;ingl\u00e9s Acta de la decimotercera reuni\u00f3n del Consejo Ejecutivo&nbsp;espa\u00f1ol&nbsp;\u2013&nbsp;ingl\u00e9s Report of the IAI Directorate&nbsp;ingl\u00e8s Report of the Scientific Advisory Committee (SAC) Chair&nbsp;ingl\u00e9s Financial and Administration Policy&nbsp;ingl\u00e9s Fund Raising&nbsp;ingl\u00e9s Data Policy and Information System (DIS)&nbsp;ingl\u00e9s Communications&nbsp;ingl\u00e9s Terms of Reference (TOR) for the External Evaluation of IA&nbsp;ingl\u00e9s Core Budget for FY 2001_2002&nbsp;ingl\u00e9s Suspension and Termination Procedure for [&hellip;]\" \/>\n<meta property=\"og:url\" content=\"https:\/\/iai.int\/es\/13a-reunion-del-consejo-ejecutivo\/\" \/>\n<meta property=\"og:site_name\" content=\"IAI - Inter-American Institute for Global Change Research\" \/>\n<meta property=\"article:modified_time\" content=\"2026-01-14T15:39:34+00:00\" \/>\n<meta name=\"twitter:card\" content=\"summary_large_image\" \/>\n<meta name=\"twitter:label1\" content=\"Tiempo de lectura\" \/>\n\t<meta name=\"twitter:data1\" content=\"1 minuto\" \/>\n<script type=\"application\/ld+json\" class=\"yoast-schema-graph\">{\"@context\":\"https:\\\/\\\/schema.org\",\"@graph\":[{\"@type\":\"WebPage\",\"@id\":\"https:\\\/\\\/iai.int\\\/es\\\/13a-reunion-del-consejo-ejecutivo\\\/\",\"url\":\"https:\\\/\\\/iai.int\\\/es\\\/13a-reunion-del-consejo-ejecutivo\\\/\",\"name\":\"13a reuni\u00f3n del Consejo Ejecutivo - IAI - Inter-American Institute for Global Change Research\",\"isPartOf\":{\"@id\":\"https:\\\/\\\/iai.int\\\/es\\\/#website\"},\"datePublished\":\"2026-01-08T16:33:42+00:00\",\"dateModified\":\"2026-01-14T15:39:34+00:00\",\"breadcrumb\":{\"@id\":\"https:\\\/\\\/iai.int\\\/es\\\/13a-reunion-del-consejo-ejecutivo\\\/#breadcrumb\"},\"inLanguage\":\"es\",\"potentialAction\":[{\"@type\":\"ReadAction\",\"target\":[\"https:\\\/\\\/iai.int\\\/es\\\/13a-reunion-del-consejo-ejecutivo\\\/\"]}]},{\"@type\":\"BreadcrumbList\",\"@id\":\"https:\\\/\\\/iai.int\\\/es\\\/13a-reunion-del-consejo-ejecutivo\\\/#breadcrumb\",\"itemListElement\":[{\"@type\":\"ListItem\",\"position\":1,\"name\":\"Portada\",\"item\":\"https:\\\/\\\/iai.int\\\/es\\\/\"},{\"@type\":\"ListItem\",\"position\":2,\"name\":\"13a reuni\u00f3n del Consejo Ejecutivo\"}]},{\"@type\":\"WebSite\",\"@id\":\"https:\\\/\\\/iai.int\\\/es\\\/#website\",\"url\":\"https:\\\/\\\/iai.int\\\/es\\\/\",\"name\":\"IAI - Inter-American Institute for Global Change Research\",\"description\":\"\",\"publisher\":{\"@id\":\"https:\\\/\\\/iai.int\\\/es\\\/#organization\"},\"potentialAction\":[{\"@type\":\"SearchAction\",\"target\":{\"@type\":\"EntryPoint\",\"urlTemplate\":\"https:\\\/\\\/iai.int\\\/es\\\/?s={search_term_string}\"},\"query-input\":{\"@type\":\"PropertyValueSpecification\",\"valueRequired\":true,\"valueName\":\"search_term_string\"}}],\"inLanguage\":\"es\"},{\"@type\":\"Organization\",\"@id\":\"https:\\\/\\\/iai.int\\\/es\\\/#organization\",\"name\":\"IAI - Inter-American Institute for Global Change Research\",\"url\":\"https:\\\/\\\/iai.int\\\/es\\\/\",\"logo\":{\"@type\":\"ImageObject\",\"inLanguage\":\"es\",\"@id\":\"https:\\\/\\\/iai.int\\\/es\\\/#\\\/schema\\\/logo\\\/image\\\/\",\"url\":\"https:\\\/\\\/iai.int\\\/wp-content\\\/uploads\\\/2025\\\/11\\\/IAI-logo-English-scaled.png\",\"contentUrl\":\"https:\\\/\\\/iai.int\\\/wp-content\\\/uploads\\\/2025\\\/11\\\/IAI-logo-English-scaled.png\",\"width\":2560,\"height\":985,\"caption\":\"IAI - Inter-American Institute for Global Change Research\"},\"image\":{\"@id\":\"https:\\\/\\\/iai.int\\\/es\\\/#\\\/schema\\\/logo\\\/image\\\/\"}}]}<\/script>\n<!-- \/ Yoast SEO plugin. -->","yoast_head_json":{"title":"13a reuni\u00f3n del Consejo Ejecutivo - IAI - Inter-American Institute for Global Change Research","robots":{"index":"index","follow":"follow","max-snippet":"max-snippet:-1","max-image-preview":"max-image-preview:large","max-video-preview":"max-video-preview:-1"},"canonical":"https:\/\/iai.int\/es\/13a-reunion-del-consejo-ejecutivo\/","og_locale":"es_ES","og_type":"article","og_title":"13a reuni\u00f3n del Consejo Ejecutivo - IAI - Inter-American Institute for Global Change Research","og_description":"Agenda&nbsp;espa\u00f1ol&nbsp;\u2013&nbsp;ingl\u00e9s Acta de la decimotercera reuni\u00f3n del Consejo Ejecutivo&nbsp;espa\u00f1ol&nbsp;\u2013&nbsp;ingl\u00e9s Report of the IAI Directorate&nbsp;ingl\u00e8s Report of the Scientific Advisory Committee (SAC) Chair&nbsp;ingl\u00e9s Financial and Administration Policy&nbsp;ingl\u00e9s Fund Raising&nbsp;ingl\u00e9s Data Policy and Information System (DIS)&nbsp;ingl\u00e9s Communications&nbsp;ingl\u00e9s Terms of Reference (TOR) for the External Evaluation of IA&nbsp;ingl\u00e9s Core Budget for FY 2001_2002&nbsp;ingl\u00e9s Suspension and Termination Procedure for [&hellip;]","og_url":"https:\/\/iai.int\/es\/13a-reunion-del-consejo-ejecutivo\/","og_site_name":"IAI - Inter-American Institute for Global Change Research","article_modified_time":"2026-01-14T15:39:34+00:00","twitter_card":"summary_large_image","twitter_misc":{"Tiempo de lectura":"1 minuto"},"schema":{"@context":"https:\/\/schema.org","@graph":[{"@type":"WebPage","@id":"https:\/\/iai.int\/es\/13a-reunion-del-consejo-ejecutivo\/","url":"https:\/\/iai.int\/es\/13a-reunion-del-consejo-ejecutivo\/","name":"13a reuni\u00f3n del Consejo Ejecutivo - IAI - Inter-American Institute for Global Change Research","isPartOf":{"@id":"https:\/\/iai.int\/es\/#website"},"datePublished":"2026-01-08T16:33:42+00:00","dateModified":"2026-01-14T15:39:34+00:00","breadcrumb":{"@id":"https:\/\/iai.int\/es\/13a-reunion-del-consejo-ejecutivo\/#breadcrumb"},"inLanguage":"es","potentialAction":[{"@type":"ReadAction","target":["https:\/\/iai.int\/es\/13a-reunion-del-consejo-ejecutivo\/"]}]},{"@type":"BreadcrumbList","@id":"https:\/\/iai.int\/es\/13a-reunion-del-consejo-ejecutivo\/#breadcrumb","itemListElement":[{"@type":"ListItem","position":1,"name":"Portada","item":"https:\/\/iai.int\/es\/"},{"@type":"ListItem","position":2,"name":"13a reuni\u00f3n del Consejo Ejecutivo"}]},{"@type":"WebSite","@id":"https:\/\/iai.int\/es\/#website","url":"https:\/\/iai.int\/es\/","name":"IAI - Inter-American Institute for Global Change Research","description":"","publisher":{"@id":"https:\/\/iai.int\/es\/#organization"},"potentialAction":[{"@type":"SearchAction","target":{"@type":"EntryPoint","urlTemplate":"https:\/\/iai.int\/es\/?s={search_term_string}"},"query-input":{"@type":"PropertyValueSpecification","valueRequired":true,"valueName":"search_term_string"}}],"inLanguage":"es"},{"@type":"Organization","@id":"https:\/\/iai.int\/es\/#organization","name":"IAI - Inter-American Institute for Global Change Research","url":"https:\/\/iai.int\/es\/","logo":{"@type":"ImageObject","inLanguage":"es","@id":"https:\/\/iai.int\/es\/#\/schema\/logo\/image\/","url":"https:\/\/iai.int\/wp-content\/uploads\/2025\/11\/IAI-logo-English-scaled.png","contentUrl":"https:\/\/iai.int\/wp-content\/uploads\/2025\/11\/IAI-logo-English-scaled.png","width":2560,"height":985,"caption":"IAI - Inter-American Institute for Global Change Research"},"image":{"@id":"https:\/\/iai.int\/es\/#\/schema\/logo\/image\/"}}]}},"uagb_featured_image_src":{"full":false,"thumbnail":false,"medium":false,"medium_large":false,"large":false,"1536x1536":false,"2048x2048":false},"uagb_author_info":{"display_name":"IAI Communication","author_link":"https:\/\/iai.int\/es\/author\/iai-communication\/"},"uagb_comment_info":0,"uagb_excerpt":"Agenda&nbsp;espa\u00f1ol&nbsp;\u2013&nbsp;ingl\u00e9s Acta de la decimotercera reuni\u00f3n del Consejo Ejecutivo&nbsp;espa\u00f1ol&nbsp;\u2013&nbsp;ingl\u00e9s Report of the IAI Directorate&nbsp;ingl\u00e8s Report of the Scientific Advisory Committee (SAC) Chair&nbsp;ingl\u00e9s Financial and Administration Policy&nbsp;ingl\u00e9s Fund Raising&nbsp;ingl\u00e9s Data Policy and Information System (DIS)&nbsp;ingl\u00e9s Communications&nbsp;ingl\u00e9s Terms of Reference (TOR) for the External Evaluation of IA&nbsp;ingl\u00e9s Core Budget for FY 2001_2002&nbsp;ingl\u00e9s Suspension and Termination Procedure for&hellip;","_links":{"self":[{"href":"https:\/\/iai.int\/es\/wp-json\/wp\/v2\/pages\/12832","targetHints":{"allow":["GET"]}}],"collection":[{"href":"https:\/\/iai.int\/es\/wp-json\/wp\/v2\/pages"}],"about":[{"href":"https:\/\/iai.int\/es\/wp-json\/wp\/v2\/types\/page"}],"author":[{"embeddable":true,"href":"https:\/\/iai.int\/es\/wp-json\/wp\/v2\/users\/9"}],"replies":[{"embeddable":true,"href":"https:\/\/iai.int\/es\/wp-json\/wp\/v2\/comments?post=12832"}],"version-history":[{"count":2,"href":"https:\/\/iai.int\/es\/wp-json\/wp\/v2\/pages\/12832\/revisions"}],"predecessor-version":[{"id":13404,"href":"https:\/\/iai.int\/es\/wp-json\/wp\/v2\/pages\/12832\/revisions\/13404"}],"wp:attachment":[{"href":"https:\/\/iai.int\/es\/wp-json\/wp\/v2\/media?parent=12832"}],"curies":[{"name":"wp","href":"https:\/\/api.w.org\/{rel}","templated":true}]}}